{"id":5368,"date":"2024-04-18T19:26:29","date_gmt":"2024-04-18T19:26:29","guid":{"rendered":"http:\/\/glareone.eu\/produkt\/glareone-white-flag-75x90-cm-bialy-dyfuzor-na-ramie-zestaw\/"},"modified":"2024-05-06T11:07:44","modified_gmt":"2024-05-06T11:07:44","slug":"glareone-white-flag-75x90-cm","status":"publish","type":"product","link":"https:\/\/glareone.eu\/de\/product\/glareone-white-flag-75x90-cm\/","title":{"rendered":"GlareOne White Flag 75&#215;90 cm"},"content":{"rendered":"<p>GlareOne White Flag 75&#215;90 ist eine wei\u00dfe Diffusionsfahne auf einem starren Rahmen. Es ist ein unverzichtbares Werkzeug f\u00fcr Fotografen und Filmemacher. Mit GlareOne Flag k\u00f6nnen Sie Sonnenlicht oder Studiolichter abmildern.<\/p>\n<h3>Kontrolliere dein Licht<\/h3>\n<p>Im Gegensatz zu einem Standard-Faltreflektor erm\u00f6glicht es die Fahne, das direkte Licht zu diffundieren oder es dorthin zu reflektieren, wo Sie m\u00f6chten. Der Rahmen besteht aus Aluminium und verf\u00fcgt \u00fcber einen 10 mm Durchmesser-Spigot zur einfachen Montage auf einem Lichtstativ.<\/p>\n<h3>Produktmerkmale:<\/h3>\n<ul>\n<li>Hochwertiger Diffusionsschirm zum Reflektieren und Abmildern des Lichts<\/li>\n<li>Kann im Studio und vor Ort verwendet werden<\/li>\n<li>Der starre Aluminiumrahmen gew\u00e4hrleistet pr\u00e4zise Lichtsteuerung<\/li>\n<li>Klettverschlussmontierter Bildschirm<\/li>\n<li>Best\u00e4ndig gegen starken Wind<\/li>\n<li>Superleichte Vollmetallkonstruktion<\/li>\n<li>Ausgestattet mit einem 10 mm Durchmesser-Spigot<\/li>\n<li>Passt perfekt zum GlareOne Grip Head<\/li>\n<\/ul>\n","protected":false},"excerpt":{"rendered":"<p>GlareOne White Flag 75&#215;90 ist eine wei\u00dfe Diffusionsfahne auf einem starren Rahmen. Es ist ein unverzichtbares Werkzeug f\u00fcr Fotografen und Filmemacher. Mit GlareOne Flag k\u00f6nnen Sie Sonnenlicht oder Studiolichter abmildern. Kontrolliere dein Licht Im Gegensatz zu einem Standard-Faltreflektor erm\u00f6glicht es die Fahne, das direkte Licht zu diffundieren oder es dorthin zu reflektieren, wo Sie m\u00f6chten. [&hellip;]<\/p>\n","protected":false},"featured_media":5357,"template":"","meta":[],"product_brand":[],"product_cat":[429],"product_tag":[],"class_list":{"0":"post-5368","1":"product","2":"type-product","3":"status-publish","4":"has-post-thumbnail","6":"product_cat-reflectoren-und-flaggen","8":"first","9":"instock","10":"product-type-simple"},"yoast_head":"<!-- This site is optimized with the Yoast SEO plugin v27.2 - https:\/\/yoast.com\/product\/yoast-seo-wordpress\/ -->\n<title>GlareOne White Flag 75x90 cm - bia\u0142y dyfuzor na ramie (zestaw)<\/title>\n<meta name=\"description\" content=\"GlareOne White Flag 75x90 cm - bia\u0142y dyfuzor na ramie (zestaw)\" \/>\n<meta name=\"robots\" content=\"index, follow, max-snippet:-1, max-image-preview:large, max-video-preview:-1\" \/>\n<link rel=\"canonical\" href=\"https:\/\/glareone.eu\/de\/product\/glareone-white-flag-75x90-cm\/\" \/>\n<meta property=\"og:locale\" content=\"de_DE\" \/>\n<meta property=\"og:type\" content=\"article\" \/>\n<meta property=\"og:title\" content=\"GlareOne White Flag 75x90 cm - bia\u0142y dyfuzor na ramie (zestaw)\" \/>\n<meta property=\"og:description\" content=\"GlareOne White Flag 75x90 cm - bia\u0142y dyfuzor na ramie (zestaw)\" \/>\n<meta property=\"og:url\" content=\"https:\/\/glareone.eu\/de\/product\/glareone-white-flag-75x90-cm\/\" \/>\n<meta property=\"og:site_name\" content=\"GlareOne\" \/>\n<meta property=\"article:publisher\" content=\"https:\/\/www.facebook.com\/GlareOneLighting\" \/>\n<meta property=\"article:modified_time\" content=\"2024-05-06T11:07:44+00:00\" \/>\n<meta property=\"og:image\" content=\"https:\/\/glareone.eu\/wp-content\/uploads\/2024\/04\/GlareOne-White-Flag-75x90-01.jpg\" \/>\n\t<meta property=\"og:image:width\" content=\"1200\" \/>\n\t<meta property=\"og:image:height\" content=\"1200\" \/>\n\t<meta property=\"og:image:type\" content=\"image\/jpeg\" \/>\n<meta name=\"twitter:card\" content=\"summary_large_image\" \/>\n<meta name=\"twitter:title\" content=\"GlareOne White Flag 75x90 cm - bia\u0142y dyfuzor na ramie (zestaw)\" \/>\n<meta name=\"twitter:label1\" content=\"Gesch\u00e4tzte Lesezeit\" \/>\n\t<meta name=\"twitter:data1\" content=\"1\u00a0Minute\" \/>\n<script type=\"application\/ld+json\" class=\"yoast-schema-graph\">{\"@context\":\"https:\/\/schema.org\",\"@graph\":[{\"@type\":\"WebPage\",\"@id\":\"https:\/\/glareone.eu\/de\/product\/glareone-white-flag-75x90-cm\/\",\"url\":\"https:\/\/glareone.eu\/de\/product\/glareone-white-flag-75x90-cm\/\",\"name\":\"GlareOne White Flag 75x90 cm - bia\u0142y dyfuzor na ramie (zestaw)\",\"isPartOf\":{\"@id\":\"https:\/\/glareone.eu\/de\/en\/#website\"},\"primaryImageOfPage\":{\"@id\":\"https:\/\/glareone.eu\/de\/product\/glareone-white-flag-75x90-cm\/#primaryimage\"},\"image\":{\"@id\":\"https:\/\/glareone.eu\/de\/product\/glareone-white-flag-75x90-cm\/#primaryimage\"},\"thumbnailUrl\":\"https:\/\/glareone.eu\/wp-content\/uploads\/2024\/04\/GlareOne-White-Flag-75x90-01.jpg\",\"datePublished\":\"2024-04-18T19:26:29+00:00\",\"dateModified\":\"2024-05-06T11:07:44+00:00\",\"description\":\"GlareOne White Flag 75x90 cm - bia\u0142y dyfuzor na ramie (zestaw)\",\"breadcrumb\":{\"@id\":\"https:\/\/glareone.eu\/de\/product\/glareone-white-flag-75x90-cm\/#breadcrumb\"},\"inLanguage\":\"de\",\"potentialAction\":[{\"@type\":\"ReadAction\",\"target\":[\"https:\/\/glareone.eu\/de\/product\/glareone-white-flag-75x90-cm\/\"]}]},{\"@type\":\"ImageObject\",\"inLanguage\":\"de\",\"@id\":\"https:\/\/glareone.eu\/de\/product\/glareone-white-flag-75x90-cm\/#primaryimage\",\"url\":\"https:\/\/glareone.eu\/wp-content\/uploads\/2024\/04\/GlareOne-White-Flag-75x90-01.jpg\",\"contentUrl\":\"https:\/\/glareone.eu\/wp-content\/uploads\/2024\/04\/GlareOne-White-Flag-75x90-01.jpg\",\"width\":1200,\"height\":1200},{\"@type\":\"BreadcrumbList\",\"@id\":\"https:\/\/glareone.eu\/de\/product\/glareone-white-flag-75x90-cm\/#breadcrumb\",\"itemListElement\":[{\"@type\":\"ListItem\",\"position\":1,\"name\":\"Strona g\u0142\u00f3wna\",\"item\":\"https:\/\/glareone.eu\/de\/\"},{\"@type\":\"ListItem\",\"position\":2,\"name\":\"Alle Produkte\",\"item\":\"https:\/\/glareone.eu\/de\/produkte\/alle-produkte\/\"},{\"@type\":\"ListItem\",\"position\":3,\"name\":\"GlareOne White Flag 75&#215;90 cm\"}]},{\"@type\":\"WebSite\",\"@id\":\"https:\/\/glareone.eu\/de\/en\/#website\",\"url\":\"https:\/\/glareone.eu\/de\/en\/\",\"name\":\"GlareOne\",\"description\":\"Wyposa\u017cenie Studia\",\"publisher\":{\"@id\":\"https:\/\/glareone.eu\/de\/en\/#organization\"},\"potentialAction\":[{\"@type\":\"SearchAction\",\"target\":{\"@type\":\"EntryPoint\",\"urlTemplate\":\"https:\/\/glareone.eu\/de\/en\/?s={search_term_string}\"},\"query-input\":{\"@type\":\"PropertyValueSpecification\",\"valueRequired\":true,\"valueName\":\"search_term_string\"}}],\"inLanguage\":\"de\"},{\"@type\":\"Organization\",\"@id\":\"https:\/\/glareone.eu\/de\/en\/#organization\",\"name\":\"GlareOne\",\"url\":\"https:\/\/glareone.eu\/de\/en\/\",\"logo\":{\"@type\":\"ImageObject\",\"inLanguage\":\"de\",\"@id\":\"https:\/\/glareone.eu\/de\/en\/#\/schema\/logo\/image\/\",\"url\":\"http:\/\/glareone.eu\/wp-content\/uploads\/2024\/05\/glareone_logo2020_RGB-01-e1715773127189.png\",\"contentUrl\":\"http:\/\/glareone.eu\/wp-content\/uploads\/2024\/05\/glareone_logo2020_RGB-01-e1715773127189.png\",\"width\":1270,\"height\":321,\"caption\":\"GlareOne\"},\"image\":{\"@id\":\"https:\/\/glareone.eu\/de\/en\/#\/schema\/logo\/image\/\"},\"sameAs\":[\"https:\/\/www.facebook.com\/GlareOneLighting\",\"https:\/\/www.instagram.com\/glareonelighting\/\",\"https:\/\/www.youtube.com\/@GlareOneTV\"]}]}<\/script>\n<!-- \/ Yoast SEO plugin. -->","yoast_head_json":{"title":"GlareOne White Flag 75x90 cm - bia\u0142y dyfuzor na ramie (zestaw)","description":"GlareOne White Flag 75x90 cm - bia\u0142y dyfuzor na ramie (zestaw)","robots":{"index":"index","follow":"follow","max-snippet":"max-snippet:-1","max-image-preview":"max-image-preview:large","max-video-preview":"max-video-preview:-1"},"canonical":"https:\/\/glareone.eu\/de\/product\/glareone-white-flag-75x90-cm\/","og_locale":"de_DE","og_type":"article","og_title":"GlareOne White Flag 75x90 cm - bia\u0142y dyfuzor na ramie (zestaw)","og_description":"GlareOne White Flag 75x90 cm - bia\u0142y dyfuzor na ramie (zestaw)","og_url":"https:\/\/glareone.eu\/de\/product\/glareone-white-flag-75x90-cm\/","og_site_name":"GlareOne","article_publisher":"https:\/\/www.facebook.com\/GlareOneLighting","article_modified_time":"2024-05-06T11:07:44+00:00","og_image":[{"width":1200,"height":1200,"url":"https:\/\/glareone.eu\/wp-content\/uploads\/2024\/04\/GlareOne-White-Flag-75x90-01.jpg","type":"image\/jpeg"}],"twitter_card":"summary_large_image","twitter_title":"GlareOne White Flag 75x90 cm - bia\u0142y dyfuzor na ramie (zestaw)","twitter_misc":{"Gesch\u00e4tzte Lesezeit":"1\u00a0Minute"},"schema":{"@context":"https:\/\/schema.org","@graph":[{"@type":"WebPage","@id":"https:\/\/glareone.eu\/de\/product\/glareone-white-flag-75x90-cm\/","url":"https:\/\/glareone.eu\/de\/product\/glareone-white-flag-75x90-cm\/","name":"GlareOne White Flag 75x90 cm - bia\u0142y dyfuzor na ramie (zestaw)","isPartOf":{"@id":"https:\/\/glareone.eu\/de\/en\/#website"},"primaryImageOfPage":{"@id":"https:\/\/glareone.eu\/de\/product\/glareone-white-flag-75x90-cm\/#primaryimage"},"image":{"@id":"https:\/\/glareone.eu\/de\/product\/glareone-white-flag-75x90-cm\/#primaryimage"},"thumbnailUrl":"https:\/\/glareone.eu\/wp-content\/uploads\/2024\/04\/GlareOne-White-Flag-75x90-01.jpg","datePublished":"2024-04-18T19:26:29+00:00","dateModified":"2024-05-06T11:07:44+00:00","description":"GlareOne White Flag 75x90 cm - bia\u0142y dyfuzor na ramie (zestaw)","breadcrumb":{"@id":"https:\/\/glareone.eu\/de\/product\/glareone-white-flag-75x90-cm\/#breadcrumb"},"inLanguage":"de","potentialAction":[{"@type":"ReadAction","target":["https:\/\/glareone.eu\/de\/product\/glareone-white-flag-75x90-cm\/"]}]},{"@type":"ImageObject","inLanguage":"de","@id":"https:\/\/glareone.eu\/de\/product\/glareone-white-flag-75x90-cm\/#primaryimage","url":"https:\/\/glareone.eu\/wp-content\/uploads\/2024\/04\/GlareOne-White-Flag-75x90-01.jpg","contentUrl":"https:\/\/glareone.eu\/wp-content\/uploads\/2024\/04\/GlareOne-White-Flag-75x90-01.jpg","width":1200,"height":1200},{"@type":"BreadcrumbList","@id":"https:\/\/glareone.eu\/de\/product\/glareone-white-flag-75x90-cm\/#breadcrumb","itemListElement":[{"@type":"ListItem","position":1,"name":"Strona g\u0142\u00f3wna","item":"https:\/\/glareone.eu\/de\/"},{"@type":"ListItem","position":2,"name":"Alle Produkte","item":"https:\/\/glareone.eu\/de\/produkte\/alle-produkte\/"},{"@type":"ListItem","position":3,"name":"GlareOne White Flag 75&#215;90 cm"}]},{"@type":"WebSite","@id":"https:\/\/glareone.eu\/de\/en\/#website","url":"https:\/\/glareone.eu\/de\/en\/","name":"GlareOne","description":"Wyposa\u017cenie Studia","publisher":{"@id":"https:\/\/glareone.eu\/de\/en\/#organization"},"potentialAction":[{"@type":"SearchAction","target":{"@type":"EntryPoint","urlTemplate":"https:\/\/glareone.eu\/de\/en\/?s={search_term_string}"},"query-input":{"@type":"PropertyValueSpecification","valueRequired":true,"valueName":"search_term_string"}}],"inLanguage":"de"},{"@type":"Organization","@id":"https:\/\/glareone.eu\/de\/en\/#organization","name":"GlareOne","url":"https:\/\/glareone.eu\/de\/en\/","logo":{"@type":"ImageObject","inLanguage":"de","@id":"https:\/\/glareone.eu\/de\/en\/#\/schema\/logo\/image\/","url":"http:\/\/glareone.eu\/wp-content\/uploads\/2024\/05\/glareone_logo2020_RGB-01-e1715773127189.png","contentUrl":"http:\/\/glareone.eu\/wp-content\/uploads\/2024\/05\/glareone_logo2020_RGB-01-e1715773127189.png","width":1270,"height":321,"caption":"GlareOne"},"image":{"@id":"https:\/\/glareone.eu\/de\/en\/#\/schema\/logo\/image\/"},"sameAs":["https:\/\/www.facebook.com\/GlareOneLighting","https:\/\/www.instagram.com\/glareonelighting\/","https:\/\/www.youtube.com\/@GlareOneTV"]}]}},"_links":{"self":[{"href":"https:\/\/glareone.eu\/de\/wp-json\/wp\/v2\/product\/5368","targetHints":{"allow":["GET"]}}],"collection":[{"href":"https:\/\/glareone.eu\/de\/wp-json\/wp\/v2\/product"}],"about":[{"href":"https:\/\/glareone.eu\/de\/wp-json\/wp\/v2\/types\/product"}],"wp:featuredmedia":[{"embeddable":true,"href":"https:\/\/glareone.eu\/de\/wp-json\/wp\/v2\/media\/5357"}],"wp:attachment":[{"href":"https:\/\/glareone.eu\/de\/wp-json\/wp\/v2\/media?parent=5368"}],"wp:term":[{"taxonomy":"product_brand","embeddable":true,"href":"https:\/\/glareone.eu\/de\/wp-json\/wp\/v2\/product_brand?post=5368"},{"taxonomy":"product_cat","embeddable":true,"href":"https:\/\/glareone.eu\/de\/wp-json\/wp\/v2\/product_cat?post=5368"},{"taxonomy":"product_tag","embeddable":true,"href":"https:\/\/glareone.eu\/de\/wp-json\/wp\/v2\/product_tag?post=5368"}],"curies":[{"name":"wp","href":"https:\/\/api.w.org\/{rel}","templated":true}]}}