{"id":5125,"date":"2024-04-18T19:26:29","date_gmt":"2024-04-18T19:26:29","guid":{"rendered":"http:\/\/glareone.eu\/produkt\/glareone-bounce-board-5-in-1-62x92-cm\/"},"modified":"2024-09-02T13:59:28","modified_gmt":"2024-09-02T13:59:28","slug":"glareone-bounce-board-5-in-1-62x92-cm","status":"publish","type":"product","link":"https:\/\/glareone.eu\/de\/product\/glareone-bounce-board-5-in-1-62x92-cm\/","title":{"rendered":"GlareOne Bounce Board 5-in-1 62&#215;92 cm"},"content":{"rendered":"<p>GlareOne Bounce Board ist ein klassischer Reflektor, ein unverzichtbares Werkzeug f\u00fcr Fotografen und Filmemacher. Mit ihm k\u00f6nnen Sie Licht reflektieren oder reduzieren.<\/p>\n<h3>Zus\u00e4tzliche Lichtquelle<\/h3>\n<p>Wenn Sie mehr Licht ben\u00f6tigen, k\u00f6nnen Sie einen Reflektor verwenden, und das ist sehr einfach. Sie setzen den Reflektor in einem Winkel zwischen der Hauptlichtquelle und dem Objekt, das Sie fotografieren. Sie k\u00f6nnen den Reflektor auch auf einem Stativ im GlareOne Kenku-Montagehalter platzieren.<\/p>\n<h3>Viele M\u00f6glichkeiten<\/h3>\n<p>Der GlareOne Bounce Board 5-in-1 ist mit f\u00fcnf Bildschirmen ausgestattet:<\/p>\n<ol>\n<li>Wei\u00dfer Bildschirm: F\u00fcllt Schatten mit weichem und diffus reflektiertem Licht. Er ist farbneutral.<\/li>\n<li>Silberner Bildschirm: Bietet starke Lichtreflexion und mehr Kontrast als der wei\u00dfe Bildschirm. Er ist farbneutral.<\/li>\n<li>Goldener Bildschirm: Gibt viel Licht ab und erh\u00f6ht den Kontrast \u00e4hnlich wie der silberne Bildschirm, erw\u00e4rmt das reflektierte Licht jedoch deutlich st\u00e4rker.<\/li>\n<li>Schwarzer Bildschirm: Anders als die anderen Bildschirme dient er nicht dazu, Licht zu reflektieren, sondern es zu d\u00e4mpfen, was die Schatten vertieft. Er ist farbneutral.<\/li>\n<li>Diffusionsbildschirm: Dies ist ein wei\u00dfes Material, das Licht durchl\u00e4sst und es sehr stark diffundiert. Es erm\u00f6glicht es, hartes Licht in weiches Licht zu verwandeln. Er ist farbneutral.<\/li>\n<\/ol>\n<h3>Konstruktion<\/h3>\n<p>Der GlareOne Bounce Board besteht aus einem flexiblen Rahmen, der leicht zu entfalten ist. Die Bildschirme werden am Mischpult montiert und dann mit einem Rei\u00dfverschluss befestigt.<\/p>\n<h3>Produktmerkmale:<\/h3>\n<ul>\n<li>Erm\u00f6glicht es Ihnen, starke Lichtquellen in weiche und diffus reflektierte Lichtquellen zu verwandeln.<\/li>\n<li>Gibt Ihnen die M\u00f6glichkeit, Licht zu reflektieren und es dorthin zu lenken, wo Sie es brauchen.<\/li>\n<li>Kann als Lichtblockierungsventil verwendet werden.<\/li>\n<li>Wird mit einem Satz von 5 Bildschirmen geliefert (silber, gold, wei\u00df, schwarz, Diffusion).<\/li>\n<li>Geeignet f\u00fcr Fotostudio, Filmstudio und Au\u00dfenarbeiten.<\/li>\n<li>F\u00fcllt Schatten gut aus.<\/li>\n<li>Flexible Konstruktion ist einfach zu falten.<\/li>\n<li>Leicht und klein im gefalteten Zustand.<\/li>\n<li>Kann auf einem GlareOne Kenku-Montagehalter montiert werden.<\/li>\n<li>Wird mit einer praktischen Tragetasche geliefert.<\/li>\n<\/ul>\n","protected":false},"excerpt":{"rendered":"<p>GlareOne Bounce Board ist ein klassischer Reflektor, ein unverzichtbares Werkzeug f\u00fcr Fotografen und Filmemacher. Mit ihm k\u00f6nnen Sie Licht reflektieren oder reduzieren. Zus\u00e4tzliche Lichtquelle Wenn Sie mehr Licht ben\u00f6tigen, k\u00f6nnen Sie einen Reflektor verwenden, und das ist sehr einfach. Sie setzen den Reflektor in einem Winkel zwischen der Hauptlichtquelle und dem Objekt, das Sie fotografieren. [&hellip;]<\/p>\n","protected":false},"featured_media":5098,"template":"","meta":[],"product_brand":[],"product_cat":[429],"product_tag":[],"class_list":{"0":"post-5125","1":"product","2":"type-product","3":"status-publish","4":"has-post-thumbnail","6":"product_cat-reflectoren-und-flaggen","8":"first","9":"instock","10":"product-type-simple"},"yoast_head":"<!-- This site is optimized with the Yoast SEO plugin v27.2 - https:\/\/yoast.com\/product\/yoast-seo-wordpress\/ -->\n<title>GlareOne Bounce Board 5-in-1 62x92 cm - blenda 5 w 1<\/title>\n<meta name=\"description\" content=\"GlareOne Bounce Board 5-in-1 62x92 cm - blenda 5 w 1\" \/>\n<meta name=\"robots\" content=\"index, follow, max-snippet:-1, max-image-preview:large, max-video-preview:-1\" \/>\n<link rel=\"canonical\" href=\"https:\/\/glareone.eu\/de\/product\/glareone-bounce-board-5-in-1-62x92-cm\/\" \/>\n<meta property=\"og:locale\" content=\"de_DE\" \/>\n<meta property=\"og:type\" content=\"article\" \/>\n<meta property=\"og:title\" content=\"GlareOne Bounce Board 5-in-1 62x92 cm - blenda 5 w 1\" \/>\n<meta property=\"og:description\" content=\"GlareOne Bounce Board 5-in-1 62x92 cm - blenda 5 w 1\" \/>\n<meta property=\"og:url\" content=\"https:\/\/glareone.eu\/de\/product\/glareone-bounce-board-5-in-1-62x92-cm\/\" \/>\n<meta property=\"og:site_name\" content=\"GlareOne\" \/>\n<meta property=\"article:publisher\" content=\"https:\/\/www.facebook.com\/GlareOneLighting\" \/>\n<meta property=\"article:modified_time\" content=\"2024-09-02T13:59:28+00:00\" \/>\n<meta property=\"og:image\" content=\"https:\/\/glareone.eu\/wp-content\/uploads\/2024\/04\/GlareOne-Bounce-Board-5-in-1-62x92-cm-blenda-5-w-1-01.jpg\" \/>\n\t<meta property=\"og:image:width\" content=\"1200\" \/>\n\t<meta property=\"og:image:height\" content=\"1200\" \/>\n\t<meta property=\"og:image:type\" content=\"image\/jpeg\" \/>\n<meta name=\"twitter:card\" content=\"summary_large_image\" \/>\n<meta name=\"twitter:title\" content=\"GlareOne Bounce Board 5-in-1 62x92 cm - blenda 5 w 1\" \/>\n<meta name=\"twitter:label1\" content=\"Gesch\u00e4tzte Lesezeit\" \/>\n\t<meta name=\"twitter:data1\" content=\"2\u00a0Minuten\" \/>\n<script type=\"application\/ld+json\" class=\"yoast-schema-graph\">{\"@context\":\"https:\/\/schema.org\",\"@graph\":[{\"@type\":\"WebPage\",\"@id\":\"https:\/\/glareone.eu\/de\/product\/glareone-bounce-board-5-in-1-62x92-cm\/\",\"url\":\"https:\/\/glareone.eu\/de\/product\/glareone-bounce-board-5-in-1-62x92-cm\/\",\"name\":\"GlareOne Bounce Board 5-in-1 62x92 cm - blenda 5 w 1\",\"isPartOf\":{\"@id\":\"https:\/\/glareone.eu\/de\/en\/#website\"},\"primaryImageOfPage\":{\"@id\":\"https:\/\/glareone.eu\/de\/product\/glareone-bounce-board-5-in-1-62x92-cm\/#primaryimage\"},\"image\":{\"@id\":\"https:\/\/glareone.eu\/de\/product\/glareone-bounce-board-5-in-1-62x92-cm\/#primaryimage\"},\"thumbnailUrl\":\"https:\/\/glareone.eu\/wp-content\/uploads\/2024\/04\/GlareOne-Bounce-Board-5-in-1-62x92-cm-blenda-5-w-1-01.jpg\",\"datePublished\":\"2024-04-18T19:26:29+00:00\",\"dateModified\":\"2024-09-02T13:59:28+00:00\",\"description\":\"GlareOne Bounce Board 5-in-1 62x92 cm - blenda 5 w 1\",\"breadcrumb\":{\"@id\":\"https:\/\/glareone.eu\/de\/product\/glareone-bounce-board-5-in-1-62x92-cm\/#breadcrumb\"},\"inLanguage\":\"de\",\"potentialAction\":[{\"@type\":\"ReadAction\",\"target\":[\"https:\/\/glareone.eu\/de\/product\/glareone-bounce-board-5-in-1-62x92-cm\/\"]}]},{\"@type\":\"ImageObject\",\"inLanguage\":\"de\",\"@id\":\"https:\/\/glareone.eu\/de\/product\/glareone-bounce-board-5-in-1-62x92-cm\/#primaryimage\",\"url\":\"https:\/\/glareone.eu\/wp-content\/uploads\/2024\/04\/GlareOne-Bounce-Board-5-in-1-62x92-cm-blenda-5-w-1-01.jpg\",\"contentUrl\":\"https:\/\/glareone.eu\/wp-content\/uploads\/2024\/04\/GlareOne-Bounce-Board-5-in-1-62x92-cm-blenda-5-w-1-01.jpg\",\"width\":1200,\"height\":1200},{\"@type\":\"BreadcrumbList\",\"@id\":\"https:\/\/glareone.eu\/de\/product\/glareone-bounce-board-5-in-1-62x92-cm\/#breadcrumb\",\"itemListElement\":[{\"@type\":\"ListItem\",\"position\":1,\"name\":\"Strona g\u0142\u00f3wna\",\"item\":\"https:\/\/glareone.eu\/de\/\"},{\"@type\":\"ListItem\",\"position\":2,\"name\":\"Alle Produkte\",\"item\":\"https:\/\/glareone.eu\/de\/produkte\/alle-produkte\/\"},{\"@type\":\"ListItem\",\"position\":3,\"name\":\"GlareOne Bounce Board 5-in-1 62&#215;92 cm\"}]},{\"@type\":\"WebSite\",\"@id\":\"https:\/\/glareone.eu\/de\/en\/#website\",\"url\":\"https:\/\/glareone.eu\/de\/en\/\",\"name\":\"GlareOne\",\"description\":\"Wyposa\u017cenie Studia\",\"publisher\":{\"@id\":\"https:\/\/glareone.eu\/de\/en\/#organization\"},\"potentialAction\":[{\"@type\":\"SearchAction\",\"target\":{\"@type\":\"EntryPoint\",\"urlTemplate\":\"https:\/\/glareone.eu\/de\/en\/?s={search_term_string}\"},\"query-input\":{\"@type\":\"PropertyValueSpecification\",\"valueRequired\":true,\"valueName\":\"search_term_string\"}}],\"inLanguage\":\"de\"},{\"@type\":\"Organization\",\"@id\":\"https:\/\/glareone.eu\/de\/en\/#organization\",\"name\":\"GlareOne\",\"url\":\"https:\/\/glareone.eu\/de\/en\/\",\"logo\":{\"@type\":\"ImageObject\",\"inLanguage\":\"de\",\"@id\":\"https:\/\/glareone.eu\/de\/en\/#\/schema\/logo\/image\/\",\"url\":\"http:\/\/glareone.eu\/wp-content\/uploads\/2024\/05\/glareone_logo2020_RGB-01-e1715773127189.png\",\"contentUrl\":\"http:\/\/glareone.eu\/wp-content\/uploads\/2024\/05\/glareone_logo2020_RGB-01-e1715773127189.png\",\"width\":1270,\"height\":321,\"caption\":\"GlareOne\"},\"image\":{\"@id\":\"https:\/\/glareone.eu\/de\/en\/#\/schema\/logo\/image\/\"},\"sameAs\":[\"https:\/\/www.facebook.com\/GlareOneLighting\",\"https:\/\/www.instagram.com\/glareonelighting\/\",\"https:\/\/www.youtube.com\/@GlareOneTV\"]}]}<\/script>\n<!-- \/ Yoast SEO plugin. -->","yoast_head_json":{"title":"GlareOne Bounce Board 5-in-1 62x92 cm - blenda 5 w 1","description":"GlareOne Bounce Board 5-in-1 62x92 cm - blenda 5 w 1","robots":{"index":"index","follow":"follow","max-snippet":"max-snippet:-1","max-image-preview":"max-image-preview:large","max-video-preview":"max-video-preview:-1"},"canonical":"https:\/\/glareone.eu\/de\/product\/glareone-bounce-board-5-in-1-62x92-cm\/","og_locale":"de_DE","og_type":"article","og_title":"GlareOne Bounce Board 5-in-1 62x92 cm - blenda 5 w 1","og_description":"GlareOne Bounce Board 5-in-1 62x92 cm - blenda 5 w 1","og_url":"https:\/\/glareone.eu\/de\/product\/glareone-bounce-board-5-in-1-62x92-cm\/","og_site_name":"GlareOne","article_publisher":"https:\/\/www.facebook.com\/GlareOneLighting","article_modified_time":"2024-09-02T13:59:28+00:00","og_image":[{"width":1200,"height":1200,"url":"https:\/\/glareone.eu\/wp-content\/uploads\/2024\/04\/GlareOne-Bounce-Board-5-in-1-62x92-cm-blenda-5-w-1-01.jpg","type":"image\/jpeg"}],"twitter_card":"summary_large_image","twitter_title":"GlareOne Bounce Board 5-in-1 62x92 cm - blenda 5 w 1","twitter_misc":{"Gesch\u00e4tzte Lesezeit":"2\u00a0Minuten"},"schema":{"@context":"https:\/\/schema.org","@graph":[{"@type":"WebPage","@id":"https:\/\/glareone.eu\/de\/product\/glareone-bounce-board-5-in-1-62x92-cm\/","url":"https:\/\/glareone.eu\/de\/product\/glareone-bounce-board-5-in-1-62x92-cm\/","name":"GlareOne Bounce Board 5-in-1 62x92 cm - blenda 5 w 1","isPartOf":{"@id":"https:\/\/glareone.eu\/de\/en\/#website"},"primaryImageOfPage":{"@id":"https:\/\/glareone.eu\/de\/product\/glareone-bounce-board-5-in-1-62x92-cm\/#primaryimage"},"image":{"@id":"https:\/\/glareone.eu\/de\/product\/glareone-bounce-board-5-in-1-62x92-cm\/#primaryimage"},"thumbnailUrl":"https:\/\/glareone.eu\/wp-content\/uploads\/2024\/04\/GlareOne-Bounce-Board-5-in-1-62x92-cm-blenda-5-w-1-01.jpg","datePublished":"2024-04-18T19:26:29+00:00","dateModified":"2024-09-02T13:59:28+00:00","description":"GlareOne Bounce Board 5-in-1 62x92 cm - blenda 5 w 1","breadcrumb":{"@id":"https:\/\/glareone.eu\/de\/product\/glareone-bounce-board-5-in-1-62x92-cm\/#breadcrumb"},"inLanguage":"de","potentialAction":[{"@type":"ReadAction","target":["https:\/\/glareone.eu\/de\/product\/glareone-bounce-board-5-in-1-62x92-cm\/"]}]},{"@type":"ImageObject","inLanguage":"de","@id":"https:\/\/glareone.eu\/de\/product\/glareone-bounce-board-5-in-1-62x92-cm\/#primaryimage","url":"https:\/\/glareone.eu\/wp-content\/uploads\/2024\/04\/GlareOne-Bounce-Board-5-in-1-62x92-cm-blenda-5-w-1-01.jpg","contentUrl":"https:\/\/glareone.eu\/wp-content\/uploads\/2024\/04\/GlareOne-Bounce-Board-5-in-1-62x92-cm-blenda-5-w-1-01.jpg","width":1200,"height":1200},{"@type":"BreadcrumbList","@id":"https:\/\/glareone.eu\/de\/product\/glareone-bounce-board-5-in-1-62x92-cm\/#breadcrumb","itemListElement":[{"@type":"ListItem","position":1,"name":"Strona g\u0142\u00f3wna","item":"https:\/\/glareone.eu\/de\/"},{"@type":"ListItem","position":2,"name":"Alle Produkte","item":"https:\/\/glareone.eu\/de\/produkte\/alle-produkte\/"},{"@type":"ListItem","position":3,"name":"GlareOne Bounce Board 5-in-1 62&#215;92 cm"}]},{"@type":"WebSite","@id":"https:\/\/glareone.eu\/de\/en\/#website","url":"https:\/\/glareone.eu\/de\/en\/","name":"GlareOne","description":"Wyposa\u017cenie Studia","publisher":{"@id":"https:\/\/glareone.eu\/de\/en\/#organization"},"potentialAction":[{"@type":"SearchAction","target":{"@type":"EntryPoint","urlTemplate":"https:\/\/glareone.eu\/de\/en\/?s={search_term_string}"},"query-input":{"@type":"PropertyValueSpecification","valueRequired":true,"valueName":"search_term_string"}}],"inLanguage":"de"},{"@type":"Organization","@id":"https:\/\/glareone.eu\/de\/en\/#organization","name":"GlareOne","url":"https:\/\/glareone.eu\/de\/en\/","logo":{"@type":"ImageObject","inLanguage":"de","@id":"https:\/\/glareone.eu\/de\/en\/#\/schema\/logo\/image\/","url":"http:\/\/glareone.eu\/wp-content\/uploads\/2024\/05\/glareone_logo2020_RGB-01-e1715773127189.png","contentUrl":"http:\/\/glareone.eu\/wp-content\/uploads\/2024\/05\/glareone_logo2020_RGB-01-e1715773127189.png","width":1270,"height":321,"caption":"GlareOne"},"image":{"@id":"https:\/\/glareone.eu\/de\/en\/#\/schema\/logo\/image\/"},"sameAs":["https:\/\/www.facebook.com\/GlareOneLighting","https:\/\/www.instagram.com\/glareonelighting\/","https:\/\/www.youtube.com\/@GlareOneTV"]}]}},"_links":{"self":[{"href":"https:\/\/glareone.eu\/de\/wp-json\/wp\/v2\/product\/5125","targetHints":{"allow":["GET"]}}],"collection":[{"href":"https:\/\/glareone.eu\/de\/wp-json\/wp\/v2\/product"}],"about":[{"href":"https:\/\/glareone.eu\/de\/wp-json\/wp\/v2\/types\/product"}],"wp:featuredmedia":[{"embeddable":true,"href":"https:\/\/glareone.eu\/de\/wp-json\/wp\/v2\/media\/5098"}],"wp:attachment":[{"href":"https:\/\/glareone.eu\/de\/wp-json\/wp\/v2\/media?parent=5125"}],"wp:term":[{"taxonomy":"product_brand","embeddable":true,"href":"https:\/\/glareone.eu\/de\/wp-json\/wp\/v2\/product_brand?post=5125"},{"taxonomy":"product_cat","embeddable":true,"href":"https:\/\/glareone.eu\/de\/wp-json\/wp\/v2\/product_cat?post=5125"},{"taxonomy":"product_tag","embeddable":true,"href":"https:\/\/glareone.eu\/de\/wp-json\/wp\/v2\/product_tag?post=5125"}],"curies":[{"name":"wp","href":"https:\/\/api.w.org\/{rel}","templated":true}]}}