{"id":4918,"date":"2024-04-18T19:26:35","date_gmt":"2024-04-18T19:26:35","guid":{"rendered":"http:\/\/glareone.eu\/produkt\/glareone-arc-60x120-cm-blenda-zakrzywiona-4w1\/"},"modified":"2024-05-06T09:51:03","modified_gmt":"2024-05-06T09:51:03","slug":"glareone-arc-60x120-cm-gebogener-reflektor-4in1","status":"publish","type":"product","link":"https:\/\/glareone.eu\/de\/product\/glareone-arc-60x120-cm-gebogener-reflektor-4in1\/","title":{"rendered":"GlareOne Arc 60&#215;120 cm &#8211; Gebogener Reflektor 4in1"},"content":{"rendered":"<p>GlareOne Arc ist ein gebogener Reflektor, der w\u00e4hrend Portr\u00e4tsitzungen perfekt als Schattenf\u00fcller und zur Betonung der Augen des portr\u00e4tierten Personen verwendet wird. Er eignet sich hervorragend f\u00fcr Portr\u00e4tsitzungen &#8211; insbesondere im Beauty-Bereich.<\/p>\n<h3>Gebogene Oberfl\u00e4che<\/h3>\n<p>Die charakteristische gebogene Form des Reflektors bewirkt, dass das auf der Oberfl\u00e4che des Reflektors reflektierte Licht gleichm\u00e4\u00dfig auf das Gesicht des portr\u00e4tierten Motivs gerichtet wird, nicht nur von unten, sondern auch von der Seite. Dies gew\u00e4hrleistet eine gleichm\u00e4\u00dfige Auff\u00fcllung der Schatten.<\/p>\n<h3>Betonung der Augen<\/h3>\n<p>Der gr\u00f6\u00dfte Vorteil eines gebogenen Blendlichts besteht darin, dass es aufgrund seiner einzigartigen Form perfekt in die runde Pupille des Auges passt. Dadurch wird es gleichm\u00e4\u00dfig beleuchtet und erh\u00e4lt nicht nur einen besseren Kontrast, sondern auch eine bessere Farbwiedergabe.<\/p>\n<h3>F\u00fcnf Bildschirme<\/h3>\n<p>Der GlareOne Arc verf\u00fcgt \u00fcber ganze f\u00fcnf Bildschirme, die Sie w\u00e4hrend des Shootings verwenden k\u00f6nnen:<\/p>\n<ol>\n<li>Wei\u00dfer Bildschirm &#8211; diffundiert Schatten sanft und beleuchtet das Auge. Er ist farbneutral.<\/li>\n<li>Silber-wei\u00dfer Bildschirm &#8211; ist eine Option zwischen wei\u00dfem und silbernem Bildschirm. Er diffundiert Schatten moderat und beleuchtet das Auge.<\/li>\n<li>Silberner Bildschirm &#8211; gibt starke Lichtreflexion und mehr Kontrast als der wei\u00dfe Bildschirm, wodurch das Auge st\u00e4rker zum Leuchten gebracht wird. Er ist farbneutral.<\/li>\n<li>Silber-goldener Bildschirm &#8211; gibt viel Licht und verst\u00e4rkt den Kontrast \u00e4hnlich wie der silberne Bildschirm, erw\u00e4rmt jedoch im Vergleich das reflektierte Licht, was sich f\u00fcr Portr\u00e4ts sehr vorteilhaft auf die Hautt\u00f6ne auswirken kann.<\/li>\n<li>Schwarzer Bildschirm &#8211; im Gegensatz zu den anderen Bildschirmen dient er nicht dazu, Licht zu reflektieren, sondern um es zu d\u00e4mpfen, wodurch Schatten vertieft werden. Er ist farbneutral.<\/li>\n<\/ol>\n<h3>Produktmerkmale:<\/h3>\n<ul>\n<li>Ideal als Blende f\u00fcr Portr\u00e4tsitzungen<\/li>\n<li>Betont die Augen brillant<\/li>\n<li>Ausgestattet mit f\u00fcnf reflektierenden Bildschirmen<\/li>\n<li>Erm\u00f6glicht die Einstellung des Neigungswinkels<\/li>\n<li>Hat einen Rahmen aus Metall<\/li>\n<li>Passt auf jedes Beleuchtungsstativ (Montage 5\/8&#8243;)<\/li>\n<li>Wird in einer praktischen Tragetasche geliefert<\/li>\n<\/ul>\n","protected":false},"excerpt":{"rendered":"<p>GlareOne Arc ist ein gebogener Reflektor, der w\u00e4hrend Portr\u00e4tsitzungen perfekt als Schattenf\u00fcller und zur Betonung der Augen des portr\u00e4tierten Personen verwendet wird. Er eignet sich hervorragend f\u00fcr Portr\u00e4tsitzungen &#8211; insbesondere im Beauty-Bereich. Gebogene Oberfl\u00e4che Die charakteristische gebogene Form des Reflektors bewirkt, dass das auf der Oberfl\u00e4che des Reflektors reflektierte Licht gleichm\u00e4\u00dfig auf das Gesicht des [&hellip;]<\/p>\n","protected":false},"featured_media":4887,"template":"","meta":[],"product_brand":[],"product_cat":[429],"product_tag":[],"class_list":{"0":"post-4918","1":"product","2":"type-product","3":"status-publish","4":"has-post-thumbnail","6":"product_cat-reflectoren-und-flaggen","8":"first","9":"instock","10":"product-type-simple"},"yoast_head":"<!-- This site is optimized with the Yoast SEO plugin v27.2 - https:\/\/yoast.com\/product\/yoast-seo-wordpress\/ -->\n<title>GlareOne Arc 60x120 cm - blenda zakrzywiona 4w1<\/title>\n<meta name=\"description\" content=\"GlareOne Arc 60x120 cm - blenda zakrzywiona 4w1\" \/>\n<meta name=\"robots\" content=\"index, follow, max-snippet:-1, max-image-preview:large, max-video-preview:-1\" \/>\n<link rel=\"canonical\" href=\"https:\/\/glareone.eu\/de\/product\/glareone-arc-60x120-cm-gebogener-reflektor-4in1\/\" \/>\n<meta property=\"og:locale\" content=\"de_DE\" \/>\n<meta property=\"og:type\" content=\"article\" \/>\n<meta property=\"og:title\" content=\"GlareOne Arc 60x120 cm - blenda zakrzywiona 4w1\" \/>\n<meta property=\"og:description\" content=\"GlareOne Arc 60x120 cm - blenda zakrzywiona 4w1\" \/>\n<meta property=\"og:url\" content=\"https:\/\/glareone.eu\/de\/product\/glareone-arc-60x120-cm-gebogener-reflektor-4in1\/\" \/>\n<meta property=\"og:site_name\" content=\"GlareOne\" \/>\n<meta property=\"article:publisher\" content=\"https:\/\/www.facebook.com\/GlareOneLighting\" \/>\n<meta property=\"article:modified_time\" content=\"2024-05-06T09:51:03+00:00\" \/>\n<meta property=\"og:image\" content=\"https:\/\/glareone.eu\/wp-content\/uploads\/2024\/04\/SBARC60X120_01.jpg\" \/>\n\t<meta property=\"og:image:width\" content=\"1200\" \/>\n\t<meta property=\"og:image:height\" content=\"1200\" \/>\n\t<meta property=\"og:image:type\" content=\"image\/jpeg\" \/>\n<meta name=\"twitter:card\" content=\"summary_large_image\" \/>\n<meta name=\"twitter:title\" content=\"GlareOne Arc 60x120 cm - blenda zakrzywiona 4w1\" \/>\n<meta name=\"twitter:label1\" content=\"Gesch\u00e4tzte Lesezeit\" \/>\n\t<meta name=\"twitter:data1\" content=\"2\u00a0Minuten\" \/>\n<script type=\"application\/ld+json\" class=\"yoast-schema-graph\">{\"@context\":\"https:\/\/schema.org\",\"@graph\":[{\"@type\":\"WebPage\",\"@id\":\"https:\/\/glareone.eu\/de\/product\/glareone-arc-60x120-cm-gebogener-reflektor-4in1\/\",\"url\":\"https:\/\/glareone.eu\/de\/product\/glareone-arc-60x120-cm-gebogener-reflektor-4in1\/\",\"name\":\"GlareOne Arc 60x120 cm - blenda zakrzywiona 4w1\",\"isPartOf\":{\"@id\":\"https:\/\/glareone.eu\/de\/en\/#website\"},\"primaryImageOfPage\":{\"@id\":\"https:\/\/glareone.eu\/de\/product\/glareone-arc-60x120-cm-gebogener-reflektor-4in1\/#primaryimage\"},\"image\":{\"@id\":\"https:\/\/glareone.eu\/de\/product\/glareone-arc-60x120-cm-gebogener-reflektor-4in1\/#primaryimage\"},\"thumbnailUrl\":\"https:\/\/glareone.eu\/wp-content\/uploads\/2024\/04\/SBARC60X120_01.jpg\",\"datePublished\":\"2024-04-18T19:26:35+00:00\",\"dateModified\":\"2024-05-06T09:51:03+00:00\",\"description\":\"GlareOne Arc 60x120 cm - blenda zakrzywiona 4w1\",\"breadcrumb\":{\"@id\":\"https:\/\/glareone.eu\/de\/product\/glareone-arc-60x120-cm-gebogener-reflektor-4in1\/#breadcrumb\"},\"inLanguage\":\"de\",\"potentialAction\":[{\"@type\":\"ReadAction\",\"target\":[\"https:\/\/glareone.eu\/de\/product\/glareone-arc-60x120-cm-gebogener-reflektor-4in1\/\"]}]},{\"@type\":\"ImageObject\",\"inLanguage\":\"de\",\"@id\":\"https:\/\/glareone.eu\/de\/product\/glareone-arc-60x120-cm-gebogener-reflektor-4in1\/#primaryimage\",\"url\":\"https:\/\/glareone.eu\/wp-content\/uploads\/2024\/04\/SBARC60X120_01.jpg\",\"contentUrl\":\"https:\/\/glareone.eu\/wp-content\/uploads\/2024\/04\/SBARC60X120_01.jpg\",\"width\":1200,\"height\":1200},{\"@type\":\"BreadcrumbList\",\"@id\":\"https:\/\/glareone.eu\/de\/product\/glareone-arc-60x120-cm-gebogener-reflektor-4in1\/#breadcrumb\",\"itemListElement\":[{\"@type\":\"ListItem\",\"position\":1,\"name\":\"Strona g\u0142\u00f3wna\",\"item\":\"https:\/\/glareone.eu\/de\/\"},{\"@type\":\"ListItem\",\"position\":2,\"name\":\"Alle Produkte\",\"item\":\"https:\/\/glareone.eu\/de\/produkte\/alle-produkte\/\"},{\"@type\":\"ListItem\",\"position\":3,\"name\":\"GlareOne Arc 60&#215;120 cm &#8211; Gebogener Reflektor 4in1\"}]},{\"@type\":\"WebSite\",\"@id\":\"https:\/\/glareone.eu\/de\/en\/#website\",\"url\":\"https:\/\/glareone.eu\/de\/en\/\",\"name\":\"GlareOne\",\"description\":\"Wyposa\u017cenie Studia\",\"publisher\":{\"@id\":\"https:\/\/glareone.eu\/de\/en\/#organization\"},\"potentialAction\":[{\"@type\":\"SearchAction\",\"target\":{\"@type\":\"EntryPoint\",\"urlTemplate\":\"https:\/\/glareone.eu\/de\/en\/?s={search_term_string}\"},\"query-input\":{\"@type\":\"PropertyValueSpecification\",\"valueRequired\":true,\"valueName\":\"search_term_string\"}}],\"inLanguage\":\"de\"},{\"@type\":\"Organization\",\"@id\":\"https:\/\/glareone.eu\/de\/en\/#organization\",\"name\":\"GlareOne\",\"url\":\"https:\/\/glareone.eu\/de\/en\/\",\"logo\":{\"@type\":\"ImageObject\",\"inLanguage\":\"de\",\"@id\":\"https:\/\/glareone.eu\/de\/en\/#\/schema\/logo\/image\/\",\"url\":\"http:\/\/glareone.eu\/wp-content\/uploads\/2024\/05\/glareone_logo2020_RGB-01-e1715773127189.png\",\"contentUrl\":\"http:\/\/glareone.eu\/wp-content\/uploads\/2024\/05\/glareone_logo2020_RGB-01-e1715773127189.png\",\"width\":1270,\"height\":321,\"caption\":\"GlareOne\"},\"image\":{\"@id\":\"https:\/\/glareone.eu\/de\/en\/#\/schema\/logo\/image\/\"},\"sameAs\":[\"https:\/\/www.facebook.com\/GlareOneLighting\",\"https:\/\/www.instagram.com\/glareonelighting\/\",\"https:\/\/www.youtube.com\/@GlareOneTV\"]}]}<\/script>\n<!-- \/ Yoast SEO plugin. -->","yoast_head_json":{"title":"GlareOne Arc 60x120 cm - blenda zakrzywiona 4w1","description":"GlareOne Arc 60x120 cm - blenda zakrzywiona 4w1","robots":{"index":"index","follow":"follow","max-snippet":"max-snippet:-1","max-image-preview":"max-image-preview:large","max-video-preview":"max-video-preview:-1"},"canonical":"https:\/\/glareone.eu\/de\/product\/glareone-arc-60x120-cm-gebogener-reflektor-4in1\/","og_locale":"de_DE","og_type":"article","og_title":"GlareOne Arc 60x120 cm - blenda zakrzywiona 4w1","og_description":"GlareOne Arc 60x120 cm - blenda zakrzywiona 4w1","og_url":"https:\/\/glareone.eu\/de\/product\/glareone-arc-60x120-cm-gebogener-reflektor-4in1\/","og_site_name":"GlareOne","article_publisher":"https:\/\/www.facebook.com\/GlareOneLighting","article_modified_time":"2024-05-06T09:51:03+00:00","og_image":[{"width":1200,"height":1200,"url":"https:\/\/glareone.eu\/wp-content\/uploads\/2024\/04\/SBARC60X120_01.jpg","type":"image\/jpeg"}],"twitter_card":"summary_large_image","twitter_title":"GlareOne Arc 60x120 cm - blenda zakrzywiona 4w1","twitter_misc":{"Gesch\u00e4tzte Lesezeit":"2\u00a0Minuten"},"schema":{"@context":"https:\/\/schema.org","@graph":[{"@type":"WebPage","@id":"https:\/\/glareone.eu\/de\/product\/glareone-arc-60x120-cm-gebogener-reflektor-4in1\/","url":"https:\/\/glareone.eu\/de\/product\/glareone-arc-60x120-cm-gebogener-reflektor-4in1\/","name":"GlareOne Arc 60x120 cm - blenda zakrzywiona 4w1","isPartOf":{"@id":"https:\/\/glareone.eu\/de\/en\/#website"},"primaryImageOfPage":{"@id":"https:\/\/glareone.eu\/de\/product\/glareone-arc-60x120-cm-gebogener-reflektor-4in1\/#primaryimage"},"image":{"@id":"https:\/\/glareone.eu\/de\/product\/glareone-arc-60x120-cm-gebogener-reflektor-4in1\/#primaryimage"},"thumbnailUrl":"https:\/\/glareone.eu\/wp-content\/uploads\/2024\/04\/SBARC60X120_01.jpg","datePublished":"2024-04-18T19:26:35+00:00","dateModified":"2024-05-06T09:51:03+00:00","description":"GlareOne Arc 60x120 cm - blenda zakrzywiona 4w1","breadcrumb":{"@id":"https:\/\/glareone.eu\/de\/product\/glareone-arc-60x120-cm-gebogener-reflektor-4in1\/#breadcrumb"},"inLanguage":"de","potentialAction":[{"@type":"ReadAction","target":["https:\/\/glareone.eu\/de\/product\/glareone-arc-60x120-cm-gebogener-reflektor-4in1\/"]}]},{"@type":"ImageObject","inLanguage":"de","@id":"https:\/\/glareone.eu\/de\/product\/glareone-arc-60x120-cm-gebogener-reflektor-4in1\/#primaryimage","url":"https:\/\/glareone.eu\/wp-content\/uploads\/2024\/04\/SBARC60X120_01.jpg","contentUrl":"https:\/\/glareone.eu\/wp-content\/uploads\/2024\/04\/SBARC60X120_01.jpg","width":1200,"height":1200},{"@type":"BreadcrumbList","@id":"https:\/\/glareone.eu\/de\/product\/glareone-arc-60x120-cm-gebogener-reflektor-4in1\/#breadcrumb","itemListElement":[{"@type":"ListItem","position":1,"name":"Strona g\u0142\u00f3wna","item":"https:\/\/glareone.eu\/de\/"},{"@type":"ListItem","position":2,"name":"Alle Produkte","item":"https:\/\/glareone.eu\/de\/produkte\/alle-produkte\/"},{"@type":"ListItem","position":3,"name":"GlareOne Arc 60&#215;120 cm &#8211; Gebogener Reflektor 4in1"}]},{"@type":"WebSite","@id":"https:\/\/glareone.eu\/de\/en\/#website","url":"https:\/\/glareone.eu\/de\/en\/","name":"GlareOne","description":"Wyposa\u017cenie Studia","publisher":{"@id":"https:\/\/glareone.eu\/de\/en\/#organization"},"potentialAction":[{"@type":"SearchAction","target":{"@type":"EntryPoint","urlTemplate":"https:\/\/glareone.eu\/de\/en\/?s={search_term_string}"},"query-input":{"@type":"PropertyValueSpecification","valueRequired":true,"valueName":"search_term_string"}}],"inLanguage":"de"},{"@type":"Organization","@id":"https:\/\/glareone.eu\/de\/en\/#organization","name":"GlareOne","url":"https:\/\/glareone.eu\/de\/en\/","logo":{"@type":"ImageObject","inLanguage":"de","@id":"https:\/\/glareone.eu\/de\/en\/#\/schema\/logo\/image\/","url":"http:\/\/glareone.eu\/wp-content\/uploads\/2024\/05\/glareone_logo2020_RGB-01-e1715773127189.png","contentUrl":"http:\/\/glareone.eu\/wp-content\/uploads\/2024\/05\/glareone_logo2020_RGB-01-e1715773127189.png","width":1270,"height":321,"caption":"GlareOne"},"image":{"@id":"https:\/\/glareone.eu\/de\/en\/#\/schema\/logo\/image\/"},"sameAs":["https:\/\/www.facebook.com\/GlareOneLighting","https:\/\/www.instagram.com\/glareonelighting\/","https:\/\/www.youtube.com\/@GlareOneTV"]}]}},"_links":{"self":[{"href":"https:\/\/glareone.eu\/de\/wp-json\/wp\/v2\/product\/4918","targetHints":{"allow":["GET"]}}],"collection":[{"href":"https:\/\/glareone.eu\/de\/wp-json\/wp\/v2\/product"}],"about":[{"href":"https:\/\/glareone.eu\/de\/wp-json\/wp\/v2\/types\/product"}],"wp:featuredmedia":[{"embeddable":true,"href":"https:\/\/glareone.eu\/de\/wp-json\/wp\/v2\/media\/4887"}],"wp:attachment":[{"href":"https:\/\/glareone.eu\/de\/wp-json\/wp\/v2\/media?parent=4918"}],"wp:term":[{"taxonomy":"product_brand","embeddable":true,"href":"https:\/\/glareone.eu\/de\/wp-json\/wp\/v2\/product_brand?post=4918"},{"taxonomy":"product_cat","embeddable":true,"href":"https:\/\/glareone.eu\/de\/wp-json\/wp\/v2\/product_cat?post=4918"},{"taxonomy":"product_tag","embeddable":true,"href":"https:\/\/glareone.eu\/de\/wp-json\/wp\/v2\/product_tag?post=4918"}],"curies":[{"name":"wp","href":"https:\/\/api.w.org\/{rel}","templated":true}]}}