{"id":4879,"date":"2024-04-18T19:26:33","date_gmt":"2024-04-18T19:26:33","guid":{"rendered":"http:\/\/glareone.eu\/produkt\/glareone-fatboy-t-statyw-typu-c-stand-z-odpinana-podstawa\/"},"modified":"2024-09-03T06:46:39","modified_gmt":"2024-09-03T06:46:39","slug":"glareone-fatboy-c-stand-stativ","status":"publish","type":"product","link":"https:\/\/glareone.eu\/de\/product\/glareone-fatboy-c-stand-stativ\/","title":{"rendered":"GlareOne Fatboy T &#8211; C-Stand-Stativ"},"content":{"rendered":"<p>Ein robustes Stahlstativ ausgestattet mit zwei Kopfst\u00fccken, einem Rohr und abnehmbarem Standfu\u00df (Beinen).<\/p>\n<h3>Haltbarkeit<\/h3>\n<p>Der Fatboy ist ein komplett verchromtes Edelstahlstativ, das f\u00fcr Langlebigkeit und St\u00e4rke f\u00fcr die kommenden Jahre ausgelegt ist. Es geh\u00f6rt zu einer Gruppe von C-Stand-Stativen, die seit Jahrzehnten Standardausr\u00fcstung auf Film-, Fernseh- und Fotografie-Sets sind.<\/p>\n<h3>Stabilit\u00e4t<\/h3>\n<p>Das Design des Fatboy zeichnet sich durch einen niedrigen Schwerpunkt aus, was ihn auch bei Montage einer Lampe mit einem tiefen hexagonalen Softbox sehr stabil macht. Die Form der Beine ist so gestaltet, dass zus\u00e4tzliches Gegengewicht an ihnen angebracht werden kann, was die Stabilit\u00e4t der gesamten Konstruktion erh\u00f6ht. Die Beine sind mit F\u00fc\u00dfen versehen, um das Abrutschen auf glatten Oberfl\u00e4chen zu reduzieren.<\/p>\n<h3>Tragf\u00e4higkeit<\/h3>\n<p>Die maximale Tragf\u00e4higkeit der ausgeklappten zentralen S\u00e4ule des Fatboy betr\u00e4gt bis zu 20 kg. Eine so gro\u00dfe Tragf\u00e4higkeit erm\u00f6glicht ein komfortables Arbeiten selbst mit sehr gro\u00dfen Softboxen mit einem Durchmesser von 150 cm oder gro\u00dfen Schirmen.<\/p>\n<h3>Abnehmbarer Standfu\u00df<\/h3>\n<p>Die Standbeine k\u00f6nnen abgenommen werden, was den Fatboy T einfach zu lagern im Studio oder zum Transport zum Aufnahmeort macht.<\/p>\n<h3>Rohr<\/h3>\n<p>Der Fatboy T wird serienm\u00e4\u00dfig mit einem Arm geliefert, der es Ihnen erm\u00f6glicht, kreativ mit Ihrem Licht umzugehen, da er das Platzieren au\u00dferhalb der Achse des Stativs erleichtert, z. B. \u00fcber Ihrer Kamera oder dem Set. Die Enden des Rohrs &#8211; wie der Arm dieses Stativs im Fachjargon genannt wird &#8211; sind gerillt und unterbrochen, um die M\u00f6glichkeit des Drehens und Herunterfallens der Lampe zu verringern. Der Arm kann auch als kleiner Schwenkarm verwendet werden.<\/p>\n<h3>Kopf<\/h3>\n<p>Der Fatboy ist mit einem Satz von zwei hochwertigen K\u00f6pfen ausgestattet, die dazu dienen, das Rohr an der zentralen S\u00e4ule und verschiedene Zubeh\u00f6rteile wie Blenden, Flaggen, Ventile usw. anzubringen. Die Fatboy-K\u00f6pfe zeichnen sich durch hochwertige Verarbeitung und ergonomisch geformte Klemmkn\u00f6pfe aus.<\/p>\n<h3>Produktmerkmale:<\/h3>\n<ul>\n<li>Stativ aus verchromtem Edelstahl<\/li>\n<li>Mit Arm und zwei K\u00f6pfen geliefert<\/li>\n<li>Abnehmbarer Standfu\u00df<\/li>\n<li>Ergonomisch geformte Klemmkn\u00f6pfe<\/li>\n<li>Gummierte Beinenden f\u00fcr besseren Halt auf glatten Oberfl\u00e4chen<\/li>\n<li>Erreicht eine maximale H\u00f6he von 320 cm<\/li>\n<li>Kann mit Rollen nachger\u00fcstet werden<\/li>\n<li>Kann flach zusammengelegt werden<\/li>\n<li>Tragf\u00e4higkeit von bis zu 20 kg<\/li>\n<\/ul>\n","protected":false},"excerpt":{"rendered":"<p>Ein robustes Stahlstativ ausgestattet mit zwei Kopfst\u00fccken, einem Rohr und abnehmbarem Standfu\u00df (Beinen). Haltbarkeit Der Fatboy ist ein komplett verchromtes Edelstahlstativ, das f\u00fcr Langlebigkeit und St\u00e4rke f\u00fcr die kommenden Jahre ausgelegt ist. Es geh\u00f6rt zu einer Gruppe von C-Stand-Stativen, die seit Jahrzehnten Standardausr\u00fcstung auf Film-, Fernseh- und Fotografie-Sets sind. Stabilit\u00e4t Das Design des Fatboy zeichnet [&hellip;]<\/p>\n","protected":false},"featured_media":20016,"template":"","meta":[],"product_brand":[],"product_cat":[478],"product_tag":[],"class_list":{"0":"post-4879","1":"product","2":"type-product","3":"status-publish","4":"has-post-thumbnail","6":"product_cat-c-stand-de","8":"first","9":"instock","10":"product-type-simple"},"yoast_head":"<!-- This site is optimized with the Yoast SEO plugin v27.2 - https:\/\/yoast.com\/product\/yoast-seo-wordpress\/ -->\n<title>GlareOne Fatboy T - C-Stand-Stativ<\/title>\n<meta name=\"description\" content=\"GlareOne Fatboy T ist ein C-St\u00e4nder aus Stahl mit hoher Tragf\u00e4higkeit. Ausgestattet mit zwei K\u00f6pfen, einem Arm und einer abnehmbaren Basis.\" \/>\n<meta name=\"robots\" content=\"index, follow, max-snippet:-1, max-image-preview:large, max-video-preview:-1\" \/>\n<link rel=\"canonical\" href=\"https:\/\/glareone.eu\/de\/product\/glareone-fatboy-c-stand-stativ\/\" \/>\n<meta property=\"og:locale\" content=\"de_DE\" \/>\n<meta property=\"og:type\" content=\"article\" \/>\n<meta property=\"og:title\" content=\"GlareOne Fatboy T - statyw typu c-stand z odpinan\u0105 podstaw\u0105\" \/>\n<meta property=\"og:description\" content=\"GlareOne Fatboy T ist ein C-St\u00e4nder aus Stahl mit hoher Tragf\u00e4higkeit. Ausgestattet mit zwei K\u00f6pfen, einem Arm und einer abnehmbaren Basis.\" \/>\n<meta property=\"og:url\" content=\"https:\/\/glareone.eu\/de\/product\/glareone-fatboy-c-stand-stativ\/\" \/>\n<meta property=\"og:site_name\" content=\"GlareOne\" \/>\n<meta property=\"article:publisher\" content=\"https:\/\/www.facebook.com\/GlareOneLighting\" \/>\n<meta property=\"article:modified_time\" content=\"2024-09-03T06:46:39+00:00\" \/>\n<meta property=\"og:image\" content=\"https:\/\/glareone.eu\/wp-content\/uploads\/2024\/04\/SLSFATBOYSTB_01-2.jpg\" \/>\n\t<meta property=\"og:image:width\" content=\"1200\" \/>\n\t<meta property=\"og:image:height\" content=\"1200\" \/>\n\t<meta property=\"og:image:type\" content=\"image\/jpeg\" \/>\n<meta name=\"twitter:card\" content=\"summary_large_image\" \/>\n<meta name=\"twitter:title\" content=\"GlareOne Fatboy T - statyw typu c-stand z odpinan\u0105 podstaw\u0105\" \/>\n<meta name=\"twitter:label1\" content=\"Gesch\u00e4tzte Lesezeit\" \/>\n\t<meta name=\"twitter:data1\" content=\"2\u00a0Minuten\" \/>\n<script type=\"application\/ld+json\" class=\"yoast-schema-graph\">{\"@context\":\"https:\/\/schema.org\",\"@graph\":[{\"@type\":\"WebPage\",\"@id\":\"https:\/\/glareone.eu\/de\/product\/glareone-fatboy-c-stand-stativ\/\",\"url\":\"https:\/\/glareone.eu\/de\/product\/glareone-fatboy-c-stand-stativ\/\",\"name\":\"GlareOne Fatboy T - C-Stand-Stativ\",\"isPartOf\":{\"@id\":\"https:\/\/glareone.eu\/de\/en\/#website\"},\"primaryImageOfPage\":{\"@id\":\"https:\/\/glareone.eu\/de\/product\/glareone-fatboy-c-stand-stativ\/#primaryimage\"},\"image\":{\"@id\":\"https:\/\/glareone.eu\/de\/product\/glareone-fatboy-c-stand-stativ\/#primaryimage\"},\"thumbnailUrl\":\"https:\/\/glareone.eu\/wp-content\/uploads\/2024\/04\/SLSFATBOYSTB_01-2.jpg\",\"datePublished\":\"2024-04-18T19:26:33+00:00\",\"dateModified\":\"2024-09-03T06:46:39+00:00\",\"description\":\"GlareOne Fatboy T ist ein C-St\u00e4nder aus Stahl mit hoher Tragf\u00e4higkeit. Ausgestattet mit zwei K\u00f6pfen, einem Arm und einer abnehmbaren Basis.\",\"breadcrumb\":{\"@id\":\"https:\/\/glareone.eu\/de\/product\/glareone-fatboy-c-stand-stativ\/#breadcrumb\"},\"inLanguage\":\"de\",\"potentialAction\":[{\"@type\":\"ReadAction\",\"target\":[\"https:\/\/glareone.eu\/de\/product\/glareone-fatboy-c-stand-stativ\/\"]}]},{\"@type\":\"ImageObject\",\"inLanguage\":\"de\",\"@id\":\"https:\/\/glareone.eu\/de\/product\/glareone-fatboy-c-stand-stativ\/#primaryimage\",\"url\":\"https:\/\/glareone.eu\/wp-content\/uploads\/2024\/04\/SLSFATBOYSTB_01-2.jpg\",\"contentUrl\":\"https:\/\/glareone.eu\/wp-content\/uploads\/2024\/04\/SLSFATBOYSTB_01-2.jpg\",\"width\":1200,\"height\":1200},{\"@type\":\"BreadcrumbList\",\"@id\":\"https:\/\/glareone.eu\/de\/product\/glareone-fatboy-c-stand-stativ\/#breadcrumb\",\"itemListElement\":[{\"@type\":\"ListItem\",\"position\":1,\"name\":\"Strona g\u0142\u00f3wna\",\"item\":\"https:\/\/glareone.eu\/de\/\"},{\"@type\":\"ListItem\",\"position\":2,\"name\":\"Alle Produkte\",\"item\":\"https:\/\/glareone.eu\/de\/produkte\/alle-produkte\/\"},{\"@type\":\"ListItem\",\"position\":3,\"name\":\"GlareOne Fatboy T &#8211; C-Stand-Stativ\"}]},{\"@type\":\"WebSite\",\"@id\":\"https:\/\/glareone.eu\/de\/en\/#website\",\"url\":\"https:\/\/glareone.eu\/de\/en\/\",\"name\":\"GlareOne\",\"description\":\"Wyposa\u017cenie Studia\",\"publisher\":{\"@id\":\"https:\/\/glareone.eu\/de\/en\/#organization\"},\"potentialAction\":[{\"@type\":\"SearchAction\",\"target\":{\"@type\":\"EntryPoint\",\"urlTemplate\":\"https:\/\/glareone.eu\/de\/en\/?s={search_term_string}\"},\"query-input\":{\"@type\":\"PropertyValueSpecification\",\"valueRequired\":true,\"valueName\":\"search_term_string\"}}],\"inLanguage\":\"de\"},{\"@type\":\"Organization\",\"@id\":\"https:\/\/glareone.eu\/de\/en\/#organization\",\"name\":\"GlareOne\",\"url\":\"https:\/\/glareone.eu\/de\/en\/\",\"logo\":{\"@type\":\"ImageObject\",\"inLanguage\":\"de\",\"@id\":\"https:\/\/glareone.eu\/de\/en\/#\/schema\/logo\/image\/\",\"url\":\"http:\/\/glareone.eu\/wp-content\/uploads\/2024\/05\/glareone_logo2020_RGB-01-e1715773127189.png\",\"contentUrl\":\"http:\/\/glareone.eu\/wp-content\/uploads\/2024\/05\/glareone_logo2020_RGB-01-e1715773127189.png\",\"width\":1270,\"height\":321,\"caption\":\"GlareOne\"},\"image\":{\"@id\":\"https:\/\/glareone.eu\/de\/en\/#\/schema\/logo\/image\/\"},\"sameAs\":[\"https:\/\/www.facebook.com\/GlareOneLighting\",\"https:\/\/www.instagram.com\/glareonelighting\/\",\"https:\/\/www.youtube.com\/@GlareOneTV\"]}]}<\/script>\n<!-- \/ Yoast SEO plugin. -->","yoast_head_json":{"title":"GlareOne Fatboy T - C-Stand-Stativ","description":"GlareOne Fatboy T ist ein C-St\u00e4nder aus Stahl mit hoher Tragf\u00e4higkeit. Ausgestattet mit zwei K\u00f6pfen, einem Arm und einer abnehmbaren Basis.","robots":{"index":"index","follow":"follow","max-snippet":"max-snippet:-1","max-image-preview":"max-image-preview:large","max-video-preview":"max-video-preview:-1"},"canonical":"https:\/\/glareone.eu\/de\/product\/glareone-fatboy-c-stand-stativ\/","og_locale":"de_DE","og_type":"article","og_title":"GlareOne Fatboy T - statyw typu c-stand z odpinan\u0105 podstaw\u0105","og_description":"GlareOne Fatboy T ist ein C-St\u00e4nder aus Stahl mit hoher Tragf\u00e4higkeit. Ausgestattet mit zwei K\u00f6pfen, einem Arm und einer abnehmbaren Basis.","og_url":"https:\/\/glareone.eu\/de\/product\/glareone-fatboy-c-stand-stativ\/","og_site_name":"GlareOne","article_publisher":"https:\/\/www.facebook.com\/GlareOneLighting","article_modified_time":"2024-09-03T06:46:39+00:00","og_image":[{"width":1200,"height":1200,"url":"https:\/\/glareone.eu\/wp-content\/uploads\/2024\/04\/SLSFATBOYSTB_01-2.jpg","type":"image\/jpeg"}],"twitter_card":"summary_large_image","twitter_title":"GlareOne Fatboy T - statyw typu c-stand z odpinan\u0105 podstaw\u0105","twitter_misc":{"Gesch\u00e4tzte Lesezeit":"2\u00a0Minuten"},"schema":{"@context":"https:\/\/schema.org","@graph":[{"@type":"WebPage","@id":"https:\/\/glareone.eu\/de\/product\/glareone-fatboy-c-stand-stativ\/","url":"https:\/\/glareone.eu\/de\/product\/glareone-fatboy-c-stand-stativ\/","name":"GlareOne Fatboy T - C-Stand-Stativ","isPartOf":{"@id":"https:\/\/glareone.eu\/de\/en\/#website"},"primaryImageOfPage":{"@id":"https:\/\/glareone.eu\/de\/product\/glareone-fatboy-c-stand-stativ\/#primaryimage"},"image":{"@id":"https:\/\/glareone.eu\/de\/product\/glareone-fatboy-c-stand-stativ\/#primaryimage"},"thumbnailUrl":"https:\/\/glareone.eu\/wp-content\/uploads\/2024\/04\/SLSFATBOYSTB_01-2.jpg","datePublished":"2024-04-18T19:26:33+00:00","dateModified":"2024-09-03T06:46:39+00:00","description":"GlareOne Fatboy T ist ein C-St\u00e4nder aus Stahl mit hoher Tragf\u00e4higkeit. Ausgestattet mit zwei K\u00f6pfen, einem Arm und einer abnehmbaren Basis.","breadcrumb":{"@id":"https:\/\/glareone.eu\/de\/product\/glareone-fatboy-c-stand-stativ\/#breadcrumb"},"inLanguage":"de","potentialAction":[{"@type":"ReadAction","target":["https:\/\/glareone.eu\/de\/product\/glareone-fatboy-c-stand-stativ\/"]}]},{"@type":"ImageObject","inLanguage":"de","@id":"https:\/\/glareone.eu\/de\/product\/glareone-fatboy-c-stand-stativ\/#primaryimage","url":"https:\/\/glareone.eu\/wp-content\/uploads\/2024\/04\/SLSFATBOYSTB_01-2.jpg","contentUrl":"https:\/\/glareone.eu\/wp-content\/uploads\/2024\/04\/SLSFATBOYSTB_01-2.jpg","width":1200,"height":1200},{"@type":"BreadcrumbList","@id":"https:\/\/glareone.eu\/de\/product\/glareone-fatboy-c-stand-stativ\/#breadcrumb","itemListElement":[{"@type":"ListItem","position":1,"name":"Strona g\u0142\u00f3wna","item":"https:\/\/glareone.eu\/de\/"},{"@type":"ListItem","position":2,"name":"Alle Produkte","item":"https:\/\/glareone.eu\/de\/produkte\/alle-produkte\/"},{"@type":"ListItem","position":3,"name":"GlareOne Fatboy T &#8211; C-Stand-Stativ"}]},{"@type":"WebSite","@id":"https:\/\/glareone.eu\/de\/en\/#website","url":"https:\/\/glareone.eu\/de\/en\/","name":"GlareOne","description":"Wyposa\u017cenie Studia","publisher":{"@id":"https:\/\/glareone.eu\/de\/en\/#organization"},"potentialAction":[{"@type":"SearchAction","target":{"@type":"EntryPoint","urlTemplate":"https:\/\/glareone.eu\/de\/en\/?s={search_term_string}"},"query-input":{"@type":"PropertyValueSpecification","valueRequired":true,"valueName":"search_term_string"}}],"inLanguage":"de"},{"@type":"Organization","@id":"https:\/\/glareone.eu\/de\/en\/#organization","name":"GlareOne","url":"https:\/\/glareone.eu\/de\/en\/","logo":{"@type":"ImageObject","inLanguage":"de","@id":"https:\/\/glareone.eu\/de\/en\/#\/schema\/logo\/image\/","url":"http:\/\/glareone.eu\/wp-content\/uploads\/2024\/05\/glareone_logo2020_RGB-01-e1715773127189.png","contentUrl":"http:\/\/glareone.eu\/wp-content\/uploads\/2024\/05\/glareone_logo2020_RGB-01-e1715773127189.png","width":1270,"height":321,"caption":"GlareOne"},"image":{"@id":"https:\/\/glareone.eu\/de\/en\/#\/schema\/logo\/image\/"},"sameAs":["https:\/\/www.facebook.com\/GlareOneLighting","https:\/\/www.instagram.com\/glareonelighting\/","https:\/\/www.youtube.com\/@GlareOneTV"]}]}},"_links":{"self":[{"href":"https:\/\/glareone.eu\/de\/wp-json\/wp\/v2\/product\/4879","targetHints":{"allow":["GET"]}}],"collection":[{"href":"https:\/\/glareone.eu\/de\/wp-json\/wp\/v2\/product"}],"about":[{"href":"https:\/\/glareone.eu\/de\/wp-json\/wp\/v2\/types\/product"}],"wp:featuredmedia":[{"embeddable":true,"href":"https:\/\/glareone.eu\/de\/wp-json\/wp\/v2\/media\/20016"}],"wp:attachment":[{"href":"https:\/\/glareone.eu\/de\/wp-json\/wp\/v2\/media?parent=4879"}],"wp:term":[{"taxonomy":"product_brand","embeddable":true,"href":"https:\/\/glareone.eu\/de\/wp-json\/wp\/v2\/product_brand?post=4879"},{"taxonomy":"product_cat","embeddable":true,"href":"https:\/\/glareone.eu\/de\/wp-json\/wp\/v2\/product_cat?post=4879"},{"taxonomy":"product_tag","embeddable":true,"href":"https:\/\/glareone.eu\/de\/wp-json\/wp\/v2\/product_tag?post=4879"}],"curies":[{"name":"wp","href":"https:\/\/api.w.org\/{rel}","templated":true}]}}