{"id":4840,"date":"2024-04-18T19:26:33","date_gmt":"2024-04-18T19:26:33","guid":{"rendered":"http:\/\/glareone.eu\/produkt\/glareone-led-300-bicolor-d\/"},"modified":"2024-05-06T09:36:44","modified_gmt":"2024-05-06T09:36:44","slug":"glareone-led-300-bicolor-d","status":"publish","type":"product","link":"https:\/\/glareone.eu\/de\/product\/glareone-led-300-bicolor-d\/","title":{"rendered":"GlareOne LED 300 BiColor D"},"content":{"rendered":"<p>Die 300 Watt LED-Studiokontinuierliche Lichtlampe von GlareOne zeichnet sich durch ihre variable Farbtemperatur im Bereich von 2700 bis 6500K und ihre F\u00e4higkeit aus, sowohl von Netzteilen als auch von V-Mount-Batterien \u00fcber einen zus\u00e4tzlichen GlareOne LEDAV-Adapter mit Strom versorgt zu werden. Die LED 300 BiColor D zeichnet sich durch eine sehr gute Farbwiedergabe (TLCI &gt;98), hohe Effizienz und Helligkeit sowie einen eingebauten Bowens-Typ-Lichtmodifikator aus.<\/p>\n<h3>Farbe im Vordergrund<\/h3>\n<p>Die TLCI (Television Lighting Consistency Index) f\u00fcr dieses Modell betr\u00e4gt &gt;98, und der CRI betr\u00e4gt &gt;97, unabh\u00e4ngig von der aktuellen Farbtemperatur-Einstellung. Dies macht die Lampe ideal zur Beleuchtung eines Sets w\u00e4hrend des Filmens und der Fotografie und erm\u00f6glicht eine korrekte Farbwiedergabe.<\/p>\n<h3>Flexibilit\u00e4t<\/h3>\n<p>Die GlareOne LED 300 BiColor D ist mit einem COB-LED-Chip ausgestattet, der in der Lage ist, Licht mit einer Farbtemperatur von 2700 K bis 6500 K zu erzeugen. Dies bietet eine gro\u00dfe Flexibilit\u00e4t bei der Arbeit mit Grundlicht verschiedener Herkunft &#8211; nat\u00fcrlich oder k\u00fcnstlich.<\/p>\n<h3>Stabilit\u00e4t<\/h3>\n<p>Die LED 300 BiColor D kann erfolgreich verwendet werden, um ein Aufnahmeset mit einer maximalen Bildrate von bis zu 1000 Bildern pro Sekunde ohne Flimmern zu beleuchten.<\/p>\n<h3>Leistung<\/h3>\n<p>Die GlareOne LED 300 BiColor D zeichnet sich durch hohe Effizienz und hohe Lichtleistung aus. Die Lampe ist in der Lage, eine Lichtausbeute von bis zu &gt;170000 Lux zu liefern, was die M\u00f6glichkeit bietet, das Licht flexibel zu modifizieren und zu reflektieren, um die gew\u00fcnschten Effekte am Set zu erzielen.<\/p>\n<h3>Leiser Betrieb<\/h3>\n<p>Die Lampe ist mit einem K\u00fchlsystem ausgestattet, bestehend aus einem K\u00fchlk\u00f6rper und einem \u00e4u\u00dferst leisen L\u00fcfter, der nicht mehr als 30 dB erreicht. Dieses niedrige Ger\u00e4uschniveau erleichtert die Tonaufnahme am Set erheblich.<\/p>\n<p>In Situationen, in denen absolute Stille erforderlich ist, kann der L\u00fcfter mit einem Schl\u00fcssel am Bedienfeld der Lampe ausgeschaltet werden, um ihn nur im passiven K\u00fchlmodus (bei reduzierter maximaler Leistung) zu verwenden.<\/p>\n<h3>Beleuchtungseffekte<\/h3>\n<p>Die Lampe ist mit 9 Beleuchtungseffekten ausgestattet, mit denen Sie das Licht einer defekten Leuchtstofflampe, Feuerwerk, Blitze (in drei Varianten), Blitzlichter (ebenfalls in drei Varianten) und einen Fernseher simulieren k\u00f6nnen.<\/p>\n<h3>Fernbedienung<\/h3>\n<p>Es ist ein eingebauter Funkempf\u00e4nger vorhanden, der mit der Fernbedienung GlareOne LED RC oder GlareOne LED RC II kompatibel ist. Dar\u00fcber hinaus kann die Lampe drahtlos mit der GlareOne Studio-App gesteuert werden.<\/p>\n<h3>Batterie-Stromversorgung<\/h3>\n<p>Die GlareOne LED 300 BiColor D kann aus zwei Quellen mit Strom versorgt werden &#8211; \u00fcber eine Netzsteckdose mit einem Netzkabel (im Lieferumfang enthalten) oder \u00fcber V-Mount-Batterien mit dem GlareOne LEDAV-Adapter (separat erh\u00e4ltlich). Eine V-Mount (14,8 V) Batterie mit einer Kapazit\u00e4t von 190 Wh versorgt die Lampe bei voller Leistung bis zu 30 Minuten lang mit Licht (die Zeit h\u00e4ngt weitgehend von der Qualit\u00e4t der verwendeten Batterie ab).<\/p>\n<p><strong>HINWEIS:<\/strong> Um die volle Leistung der Lampe zu erreichen, verwenden Sie Batterien mit einer Gesamtleistung von 360 Watt. Batterien mit weniger Leistung, wie z. B. 2&#215;99 Watt, funktionieren, erreichen jedoch maximal 198 Watt ~ 70% der Lampenleistung. Wir empfehlen nicht, wiederaufladbare Batterien ohne Hochstromsperre zu verwenden, da dies zu Besch\u00e4digungen der Batterie f\u00fchren kann.<\/p>\n<h3>Vielseitigkeit<\/h3>\n<p>Dank ihres Bowens-typischen Zubeh\u00f6rmontage kann die LED 300 BiColor D Lampe mit fast jedem auf dem Markt erh\u00e4ltlichen Lichtmodifikator verwendet werden, der von GlareOne oder einem der vielen anderen Marken hergestellt wurde. Die Lampe kann mit einer Vielzahl von Softboxen, Fl\u00fcssen, Toren oder Reflektoren verwendet werden.<\/p>\n<h3>Haltbarkeit<\/h3>\n<p>Die entscheidenden Komponenten f\u00fcr eine lange Lebensdauer und hohen Komfort, n\u00e4mlich das Stativgewinde, der Rahmen und das Geh\u00e4use, bestehen entweder aus Aluminium oder Stahl. Andere Teile, wie der Griff und die Bedienkn\u00f6pfe, bestehen aus hochwertigem Kunststoff, was eine gute Ergonomie und komfortable Bedienung gew\u00e4hrleistet.<\/p>\n<h3>DMX-Steuerung<\/h3>\n<p>Die Lampe ist mit dem DMX-Protokoll (Digital MultipleX) kompatibel, mit dem Sie ihr Licht frei steuern und entsprechend programmieren k\u00f6nnen, indem Sie einen Computer oder geeignete Controller verwenden. Dank dessen kann sie auch erfolgreich als B\u00fchnenbeleuchtung dienen.<\/p>\n<h3>Eigenschaften GlareOne LED 300 BiColor D:<\/h3>\n<ul>\n<li>Kompaktes und robustes Geh\u00e4use.<\/li>\n<li>Variable Farbtemperatur im Bereich von 2700~6500 K.<\/li>\n<li>Ein 300-Watt kreisf\u00f6rmiger COB-LED-Typ.<\/li>\n<li>Hohe Leistung und Helligkeit (&gt;170000 Lux).<\/li>\n<li>Sehr gute Farbwiedergabe (CRI &gt;97, TLCI &gt;98).<\/li>\n<li>Kann mit V-Mount-Batterien mit dem GlareOne LEDAV-Adapter (separat erh\u00e4ltlich) betrieben werden.<\/li>\n<li>Gleiche Leistung auch bei Verwendung einer V-Mount-Batterie<\/li>\n<li>Einstellbare Helligkeit von 0 bis 100% Leistung.<\/li>\n<li>Kein Flimmern, selbst bis zu 1000 fps.<\/li>\n<li>Bowens-typische Lichtmodifikatorhalterung.<\/li>\n<li>Fernbedienung mit GlareOne LED RC, RC II-Fernbedienung (separat erh\u00e4ltlich) oder DMX-System.<\/li>\n<li>Funktioniert mit der GlareOne Studio-App, die eine Steuerung von Telefon oder Tablet aus erm\u00f6glicht.<\/li>\n<li>9 Beleuchtungsmodi, die Blitze, einen Fernsehbildschirm oder eine defekte Leuchtstofflampe simulieren, unter anderem.<\/li>\n<li>Leises und effizientes aktives K\u00fchlsystem (&lt;30 dB), mit der M\u00f6glichkeit, den L\u00fcfter auszuschalten.<\/li>\n<li>Integrierter Schirmhalter.<\/li>\n<li>Ergonomisch gestalteter Griff f\u00fcr einfache Winkelverstellung.<\/li>\n<\/ul>\n<h3>Im Lieferumfang enthalten:<\/h3>\n<ul>\n<li>1x Lampe,<\/li>\n<li>1x Netzteil,<\/li>\n<li>1x Transportabdeckung,<\/li>\n<li>1x LED-Reflektor,<\/li>\n<li>1x Stativmontage f\u00fcr Netzteil,<\/li>\n<li>1x Bedienungsanleitung.<\/li>\n<\/ul>\n","protected":false},"excerpt":{"rendered":"<p>Die 300 Watt LED-Studiokontinuierliche Lichtlampe von GlareOne zeichnet sich durch ihre variable Farbtemperatur im Bereich von 2700 bis 6500K und ihre F\u00e4higkeit aus, sowohl von Netzteilen als auch von V-Mount-Batterien \u00fcber einen zus\u00e4tzlichen GlareOne LEDAV-Adapter mit Strom versorgt zu werden. Die LED 300 BiColor D zeichnet sich durch eine sehr gute Farbwiedergabe (TLCI &gt;98), hohe [&hellip;]<\/p>\n","protected":false},"featured_media":4833,"template":"","meta":[],"product_brand":[],"product_cat":[374],"product_tag":[],"class_list":{"0":"post-4840","1":"product","2":"type-product","3":"status-publish","4":"has-post-thumbnail","6":"product_cat-led-lampen-mit-bowens-montage","8":"first","9":"instock","10":"product-type-simple"},"yoast_head":"<!-- This site is optimized with the Yoast SEO plugin v27.2 - https:\/\/yoast.com\/product\/yoast-seo-wordpress\/ -->\n<title>GlareOne LED 300 BiColor D<\/title>\n<meta name=\"description\" content=\"GlareOne LED 300 BiColor D\" \/>\n<meta name=\"robots\" content=\"index, follow, max-snippet:-1, max-image-preview:large, max-video-preview:-1\" \/>\n<link rel=\"canonical\" href=\"https:\/\/glareone.eu\/de\/product\/glareone-led-300-bicolor-d\/\" \/>\n<meta property=\"og:locale\" content=\"de_DE\" \/>\n<meta property=\"og:type\" content=\"article\" \/>\n<meta property=\"og:title\" content=\"GlareOne LED 300 BiColor D\" \/>\n<meta property=\"og:description\" content=\"GlareOne LED 300 BiColor D\" \/>\n<meta property=\"og:url\" content=\"https:\/\/glareone.eu\/de\/product\/glareone-led-300-bicolor-d\/\" \/>\n<meta property=\"og:site_name\" content=\"GlareOne\" \/>\n<meta property=\"article:publisher\" content=\"https:\/\/www.facebook.com\/GlareOneLighting\" \/>\n<meta property=\"article:modified_time\" content=\"2024-05-06T09:36:44+00:00\" \/>\n<meta property=\"og:image\" content=\"https:\/\/glareone.eu\/wp-content\/uploads\/2024\/04\/SLED300BCD_01.jpg\" \/>\n\t<meta property=\"og:image:width\" content=\"1200\" \/>\n\t<meta property=\"og:image:height\" content=\"1200\" \/>\n\t<meta property=\"og:image:type\" content=\"image\/jpeg\" \/>\n<meta name=\"twitter:card\" content=\"summary_large_image\" \/>\n<meta name=\"twitter:title\" content=\"GlareOne LED 300 BiColor D\" \/>\n<meta name=\"twitter:label1\" content=\"Gesch\u00e4tzte Lesezeit\" \/>\n\t<meta name=\"twitter:data1\" content=\"5\u00a0Minuten\" \/>\n<script type=\"application\/ld+json\" class=\"yoast-schema-graph\">{\"@context\":\"https:\/\/schema.org\",\"@graph\":[{\"@type\":\"WebPage\",\"@id\":\"https:\/\/glareone.eu\/de\/product\/glareone-led-300-bicolor-d\/\",\"url\":\"https:\/\/glareone.eu\/de\/product\/glareone-led-300-bicolor-d\/\",\"name\":\"GlareOne LED 300 BiColor D\",\"isPartOf\":{\"@id\":\"https:\/\/glareone.eu\/de\/en\/#website\"},\"primaryImageOfPage\":{\"@id\":\"https:\/\/glareone.eu\/de\/product\/glareone-led-300-bicolor-d\/#primaryimage\"},\"image\":{\"@id\":\"https:\/\/glareone.eu\/de\/product\/glareone-led-300-bicolor-d\/#primaryimage\"},\"thumbnailUrl\":\"https:\/\/glareone.eu\/wp-content\/uploads\/2024\/04\/SLED300BCD_01.jpg\",\"datePublished\":\"2024-04-18T19:26:33+00:00\",\"dateModified\":\"2024-05-06T09:36:44+00:00\",\"description\":\"GlareOne LED 300 BiColor D\",\"breadcrumb\":{\"@id\":\"https:\/\/glareone.eu\/de\/product\/glareone-led-300-bicolor-d\/#breadcrumb\"},\"inLanguage\":\"de\",\"potentialAction\":[{\"@type\":\"ReadAction\",\"target\":[\"https:\/\/glareone.eu\/de\/product\/glareone-led-300-bicolor-d\/\"]}]},{\"@type\":\"ImageObject\",\"inLanguage\":\"de\",\"@id\":\"https:\/\/glareone.eu\/de\/product\/glareone-led-300-bicolor-d\/#primaryimage\",\"url\":\"https:\/\/glareone.eu\/wp-content\/uploads\/2024\/04\/SLED300BCD_01.jpg\",\"contentUrl\":\"https:\/\/glareone.eu\/wp-content\/uploads\/2024\/04\/SLED300BCD_01.jpg\",\"width\":1200,\"height\":1200},{\"@type\":\"BreadcrumbList\",\"@id\":\"https:\/\/glareone.eu\/de\/product\/glareone-led-300-bicolor-d\/#breadcrumb\",\"itemListElement\":[{\"@type\":\"ListItem\",\"position\":1,\"name\":\"Strona g\u0142\u00f3wna\",\"item\":\"https:\/\/glareone.eu\/de\/\"},{\"@type\":\"ListItem\",\"position\":2,\"name\":\"Alle Produkte\",\"item\":\"https:\/\/glareone.eu\/de\/produkte\/alle-produkte\/\"},{\"@type\":\"ListItem\",\"position\":3,\"name\":\"GlareOne LED 300 BiColor D\"}]},{\"@type\":\"WebSite\",\"@id\":\"https:\/\/glareone.eu\/de\/en\/#website\",\"url\":\"https:\/\/glareone.eu\/de\/en\/\",\"name\":\"GlareOne\",\"description\":\"Wyposa\u017cenie Studia\",\"publisher\":{\"@id\":\"https:\/\/glareone.eu\/de\/en\/#organization\"},\"potentialAction\":[{\"@type\":\"SearchAction\",\"target\":{\"@type\":\"EntryPoint\",\"urlTemplate\":\"https:\/\/glareone.eu\/de\/en\/?s={search_term_string}\"},\"query-input\":{\"@type\":\"PropertyValueSpecification\",\"valueRequired\":true,\"valueName\":\"search_term_string\"}}],\"inLanguage\":\"de\"},{\"@type\":\"Organization\",\"@id\":\"https:\/\/glareone.eu\/de\/en\/#organization\",\"name\":\"GlareOne\",\"url\":\"https:\/\/glareone.eu\/de\/en\/\",\"logo\":{\"@type\":\"ImageObject\",\"inLanguage\":\"de\",\"@id\":\"https:\/\/glareone.eu\/de\/en\/#\/schema\/logo\/image\/\",\"url\":\"http:\/\/glareone.eu\/wp-content\/uploads\/2024\/05\/glareone_logo2020_RGB-01-e1715773127189.png\",\"contentUrl\":\"http:\/\/glareone.eu\/wp-content\/uploads\/2024\/05\/glareone_logo2020_RGB-01-e1715773127189.png\",\"width\":1270,\"height\":321,\"caption\":\"GlareOne\"},\"image\":{\"@id\":\"https:\/\/glareone.eu\/de\/en\/#\/schema\/logo\/image\/\"},\"sameAs\":[\"https:\/\/www.facebook.com\/GlareOneLighting\",\"https:\/\/www.instagram.com\/glareonelighting\/\",\"https:\/\/www.youtube.com\/@GlareOneTV\"]}]}<\/script>\n<!-- \/ Yoast SEO plugin. -->","yoast_head_json":{"title":"GlareOne LED 300 BiColor D","description":"GlareOne LED 300 BiColor D","robots":{"index":"index","follow":"follow","max-snippet":"max-snippet:-1","max-image-preview":"max-image-preview:large","max-video-preview":"max-video-preview:-1"},"canonical":"https:\/\/glareone.eu\/de\/product\/glareone-led-300-bicolor-d\/","og_locale":"de_DE","og_type":"article","og_title":"GlareOne LED 300 BiColor D","og_description":"GlareOne LED 300 BiColor D","og_url":"https:\/\/glareone.eu\/de\/product\/glareone-led-300-bicolor-d\/","og_site_name":"GlareOne","article_publisher":"https:\/\/www.facebook.com\/GlareOneLighting","article_modified_time":"2024-05-06T09:36:44+00:00","og_image":[{"width":1200,"height":1200,"url":"https:\/\/glareone.eu\/wp-content\/uploads\/2024\/04\/SLED300BCD_01.jpg","type":"image\/jpeg"}],"twitter_card":"summary_large_image","twitter_title":"GlareOne LED 300 BiColor D","twitter_misc":{"Gesch\u00e4tzte Lesezeit":"5\u00a0Minuten"},"schema":{"@context":"https:\/\/schema.org","@graph":[{"@type":"WebPage","@id":"https:\/\/glareone.eu\/de\/product\/glareone-led-300-bicolor-d\/","url":"https:\/\/glareone.eu\/de\/product\/glareone-led-300-bicolor-d\/","name":"GlareOne LED 300 BiColor D","isPartOf":{"@id":"https:\/\/glareone.eu\/de\/en\/#website"},"primaryImageOfPage":{"@id":"https:\/\/glareone.eu\/de\/product\/glareone-led-300-bicolor-d\/#primaryimage"},"image":{"@id":"https:\/\/glareone.eu\/de\/product\/glareone-led-300-bicolor-d\/#primaryimage"},"thumbnailUrl":"https:\/\/glareone.eu\/wp-content\/uploads\/2024\/04\/SLED300BCD_01.jpg","datePublished":"2024-04-18T19:26:33+00:00","dateModified":"2024-05-06T09:36:44+00:00","description":"GlareOne LED 300 BiColor D","breadcrumb":{"@id":"https:\/\/glareone.eu\/de\/product\/glareone-led-300-bicolor-d\/#breadcrumb"},"inLanguage":"de","potentialAction":[{"@type":"ReadAction","target":["https:\/\/glareone.eu\/de\/product\/glareone-led-300-bicolor-d\/"]}]},{"@type":"ImageObject","inLanguage":"de","@id":"https:\/\/glareone.eu\/de\/product\/glareone-led-300-bicolor-d\/#primaryimage","url":"https:\/\/glareone.eu\/wp-content\/uploads\/2024\/04\/SLED300BCD_01.jpg","contentUrl":"https:\/\/glareone.eu\/wp-content\/uploads\/2024\/04\/SLED300BCD_01.jpg","width":1200,"height":1200},{"@type":"BreadcrumbList","@id":"https:\/\/glareone.eu\/de\/product\/glareone-led-300-bicolor-d\/#breadcrumb","itemListElement":[{"@type":"ListItem","position":1,"name":"Strona g\u0142\u00f3wna","item":"https:\/\/glareone.eu\/de\/"},{"@type":"ListItem","position":2,"name":"Alle Produkte","item":"https:\/\/glareone.eu\/de\/produkte\/alle-produkte\/"},{"@type":"ListItem","position":3,"name":"GlareOne LED 300 BiColor D"}]},{"@type":"WebSite","@id":"https:\/\/glareone.eu\/de\/en\/#website","url":"https:\/\/glareone.eu\/de\/en\/","name":"GlareOne","description":"Wyposa\u017cenie Studia","publisher":{"@id":"https:\/\/glareone.eu\/de\/en\/#organization"},"potentialAction":[{"@type":"SearchAction","target":{"@type":"EntryPoint","urlTemplate":"https:\/\/glareone.eu\/de\/en\/?s={search_term_string}"},"query-input":{"@type":"PropertyValueSpecification","valueRequired":true,"valueName":"search_term_string"}}],"inLanguage":"de"},{"@type":"Organization","@id":"https:\/\/glareone.eu\/de\/en\/#organization","name":"GlareOne","url":"https:\/\/glareone.eu\/de\/en\/","logo":{"@type":"ImageObject","inLanguage":"de","@id":"https:\/\/glareone.eu\/de\/en\/#\/schema\/logo\/image\/","url":"http:\/\/glareone.eu\/wp-content\/uploads\/2024\/05\/glareone_logo2020_RGB-01-e1715773127189.png","contentUrl":"http:\/\/glareone.eu\/wp-content\/uploads\/2024\/05\/glareone_logo2020_RGB-01-e1715773127189.png","width":1270,"height":321,"caption":"GlareOne"},"image":{"@id":"https:\/\/glareone.eu\/de\/en\/#\/schema\/logo\/image\/"},"sameAs":["https:\/\/www.facebook.com\/GlareOneLighting","https:\/\/www.instagram.com\/glareonelighting\/","https:\/\/www.youtube.com\/@GlareOneTV"]}]}},"_links":{"self":[{"href":"https:\/\/glareone.eu\/de\/wp-json\/wp\/v2\/product\/4840","targetHints":{"allow":["GET"]}}],"collection":[{"href":"https:\/\/glareone.eu\/de\/wp-json\/wp\/v2\/product"}],"about":[{"href":"https:\/\/glareone.eu\/de\/wp-json\/wp\/v2\/types\/product"}],"wp:featuredmedia":[{"embeddable":true,"href":"https:\/\/glareone.eu\/de\/wp-json\/wp\/v2\/media\/4833"}],"wp:attachment":[{"href":"https:\/\/glareone.eu\/de\/wp-json\/wp\/v2\/media?parent=4840"}],"wp:term":[{"taxonomy":"product_brand","embeddable":true,"href":"https:\/\/glareone.eu\/de\/wp-json\/wp\/v2\/product_brand?post=4840"},{"taxonomy":"product_cat","embeddable":true,"href":"https:\/\/glareone.eu\/de\/wp-json\/wp\/v2\/product_cat?post=4840"},{"taxonomy":"product_tag","embeddable":true,"href":"https:\/\/glareone.eu\/de\/wp-json\/wp\/v2\/product_tag?post=4840"}],"curies":[{"name":"wp","href":"https:\/\/api.w.org\/{rel}","templated":true}]}}