{"id":4622,"date":"2024-04-18T19:26:27","date_gmt":"2024-04-18T19:26:27","guid":{"rendered":"http:\/\/glareone.eu\/produkt\/glareone-tlo-pvc-60x130cm-szare\/"},"modified":"2024-05-06T08:32:38","modified_gmt":"2024-05-06T08:32:38","slug":"glareone-pvc-hintergrund-60x130-cm-grau","status":"publish","type":"product","link":"https:\/\/glareone.eu\/de\/product\/glareone-pvc-hintergrund-60x130-cm-grau\/","title":{"rendered":"GlareOne PVC-Hintergrund 60&#215;130 cm &#8211; Grau"},"content":{"rendered":"<p>Grauer Hintergrund aus PVC mit einer Dicke von 0.4 ~ 0.5 mm, speziell f\u00fcr den 60&#215;130-Aufnahmetisch, der ein perfektes Set f\u00fcr Produktfotografie schafft. Das Material macht den Hintergrund strapazierf\u00e4hig und knitterfrei. Die Oberfl\u00e4che l\u00e4sst sich leicht reinigen, sodass der Hintergrund lange h\u00e4lt. Die Textur ist vollst\u00e4ndig matt und verursacht keine Reflexionen. Erh\u00e4ltlich in 11 Farbvarianten.<\/p>\n<h3>Produktmerkmale:<\/h3>\n<ul>\n<li>Langlebig<\/li>\n<li>Leicht zu reinigen<\/li>\n<li>Flexibel und leicht anzupassen<\/li>\n<li>Gespiegelte Oberfl\u00e4che<\/li>\n<li>Perfekt f\u00fcr Produktfotografie<\/li>\n<\/ul>\n<h3>Verf\u00fcgbare Farben:<\/h3>\n<ul>\n<li>Schwarz<\/li>\n<li>Gespiegelt Schwarz<\/li>\n<li>Wei\u00df<\/li>\n<li>Gespiegelt Wei\u00df<\/li>\n<li>Grau<\/li>\n<li>Blau<\/li>\n<li>Kaffee<\/li>\n<li>Gr\u00fcn<\/li>\n<li>Orange<\/li>\n<li>Rosa<\/li>\n<li>Rot<\/li>\n<\/ul>\n","protected":false},"excerpt":{"rendered":"<p>Grauer Hintergrund aus PVC mit einer Dicke von 0.4 ~ 0.5 mm, speziell f\u00fcr den 60&#215;130-Aufnahmetisch, der ein perfektes Set f\u00fcr Produktfotografie schafft. Das Material macht den Hintergrund strapazierf\u00e4hig und knitterfrei. Die Oberfl\u00e4che l\u00e4sst sich leicht reinigen, sodass der Hintergrund lange h\u00e4lt. Die Textur ist vollst\u00e4ndig matt und verursacht keine Reflexionen. Erh\u00e4ltlich in 11 Farbvarianten. [&hellip;]<\/p>\n","protected":false},"featured_media":4615,"template":"","meta":[],"product_brand":[],"product_cat":[436],"product_tag":[],"class_list":{"0":"post-4622","1":"product","2":"type-product","3":"status-publish","4":"has-post-thumbnail","6":"product_cat-backdrops-und-hintergrundstutzsysteme","8":"first","9":"instock","10":"product-type-simple"},"yoast_head":"<!-- This site is optimized with the Yoast SEO plugin v27.2 - https:\/\/yoast.com\/product\/yoast-seo-wordpress\/ -->\n<title>GlareOne t\u0142o PVC 60x130cm - szare<\/title>\n<meta name=\"description\" content=\"GlareOne t\u0142o PVC 60x130cm - szare\" \/>\n<meta name=\"robots\" content=\"index, follow, max-snippet:-1, max-image-preview:large, max-video-preview:-1\" \/>\n<link rel=\"canonical\" href=\"https:\/\/glareone.eu\/de\/product\/glareone-pvc-hintergrund-60x130-cm-grau\/\" \/>\n<meta property=\"og:locale\" content=\"de_DE\" \/>\n<meta property=\"og:type\" content=\"article\" \/>\n<meta property=\"og:title\" content=\"GlareOne t\u0142o PVC 60x130cm - szare\" \/>\n<meta property=\"og:description\" content=\"GlareOne t\u0142o PVC 60x130cm - szare\" \/>\n<meta property=\"og:url\" content=\"https:\/\/glareone.eu\/de\/product\/glareone-pvc-hintergrund-60x130-cm-grau\/\" \/>\n<meta property=\"og:site_name\" content=\"GlareOne\" \/>\n<meta property=\"article:publisher\" content=\"https:\/\/www.facebook.com\/GlareOneLighting\" \/>\n<meta property=\"article:modified_time\" content=\"2024-05-06T08:32:38+00:00\" \/>\n<meta property=\"og:image\" content=\"https:\/\/glareone.eu\/wp-content\/uploads\/2024\/04\/SBAPVC60X130G_01.jpg\" \/>\n\t<meta property=\"og:image:width\" content=\"1200\" \/>\n\t<meta property=\"og:image:height\" content=\"1200\" \/>\n\t<meta property=\"og:image:type\" content=\"image\/jpeg\" \/>\n<meta name=\"twitter:card\" content=\"summary_large_image\" \/>\n<meta name=\"twitter:title\" content=\"GlareOne t\u0142o PVC 60x130cm - szare\" \/>\n<meta name=\"twitter:label1\" content=\"Gesch\u00e4tzte Lesezeit\" \/>\n\t<meta name=\"twitter:data1\" content=\"1\u00a0Minute\" \/>\n<script type=\"application\/ld+json\" class=\"yoast-schema-graph\">{\"@context\":\"https:\/\/schema.org\",\"@graph\":[{\"@type\":\"WebPage\",\"@id\":\"https:\/\/glareone.eu\/de\/product\/glareone-pvc-hintergrund-60x130-cm-grau\/\",\"url\":\"https:\/\/glareone.eu\/de\/product\/glareone-pvc-hintergrund-60x130-cm-grau\/\",\"name\":\"GlareOne t\u0142o PVC 60x130cm - szare\",\"isPartOf\":{\"@id\":\"https:\/\/glareone.eu\/de\/en\/#website\"},\"primaryImageOfPage\":{\"@id\":\"https:\/\/glareone.eu\/de\/product\/glareone-pvc-hintergrund-60x130-cm-grau\/#primaryimage\"},\"image\":{\"@id\":\"https:\/\/glareone.eu\/de\/product\/glareone-pvc-hintergrund-60x130-cm-grau\/#primaryimage\"},\"thumbnailUrl\":\"https:\/\/glareone.eu\/wp-content\/uploads\/2024\/04\/SBAPVC60X130G_01.jpg\",\"datePublished\":\"2024-04-18T19:26:27+00:00\",\"dateModified\":\"2024-05-06T08:32:38+00:00\",\"description\":\"GlareOne t\u0142o PVC 60x130cm - szare\",\"breadcrumb\":{\"@id\":\"https:\/\/glareone.eu\/de\/product\/glareone-pvc-hintergrund-60x130-cm-grau\/#breadcrumb\"},\"inLanguage\":\"de\",\"potentialAction\":[{\"@type\":\"ReadAction\",\"target\":[\"https:\/\/glareone.eu\/de\/product\/glareone-pvc-hintergrund-60x130-cm-grau\/\"]}]},{\"@type\":\"ImageObject\",\"inLanguage\":\"de\",\"@id\":\"https:\/\/glareone.eu\/de\/product\/glareone-pvc-hintergrund-60x130-cm-grau\/#primaryimage\",\"url\":\"https:\/\/glareone.eu\/wp-content\/uploads\/2024\/04\/SBAPVC60X130G_01.jpg\",\"contentUrl\":\"https:\/\/glareone.eu\/wp-content\/uploads\/2024\/04\/SBAPVC60X130G_01.jpg\",\"width\":1200,\"height\":1200},{\"@type\":\"BreadcrumbList\",\"@id\":\"https:\/\/glareone.eu\/de\/product\/glareone-pvc-hintergrund-60x130-cm-grau\/#breadcrumb\",\"itemListElement\":[{\"@type\":\"ListItem\",\"position\":1,\"name\":\"Strona g\u0142\u00f3wna\",\"item\":\"https:\/\/glareone.eu\/de\/\"},{\"@type\":\"ListItem\",\"position\":2,\"name\":\"Alle Produkte\",\"item\":\"https:\/\/glareone.eu\/de\/produkte\/alle-produkte\/\"},{\"@type\":\"ListItem\",\"position\":3,\"name\":\"GlareOne PVC-Hintergrund 60&#215;130 cm &#8211; Grau\"}]},{\"@type\":\"WebSite\",\"@id\":\"https:\/\/glareone.eu\/de\/en\/#website\",\"url\":\"https:\/\/glareone.eu\/de\/en\/\",\"name\":\"GlareOne\",\"description\":\"Wyposa\u017cenie Studia\",\"publisher\":{\"@id\":\"https:\/\/glareone.eu\/de\/en\/#organization\"},\"potentialAction\":[{\"@type\":\"SearchAction\",\"target\":{\"@type\":\"EntryPoint\",\"urlTemplate\":\"https:\/\/glareone.eu\/de\/en\/?s={search_term_string}\"},\"query-input\":{\"@type\":\"PropertyValueSpecification\",\"valueRequired\":true,\"valueName\":\"search_term_string\"}}],\"inLanguage\":\"de\"},{\"@type\":\"Organization\",\"@id\":\"https:\/\/glareone.eu\/de\/en\/#organization\",\"name\":\"GlareOne\",\"url\":\"https:\/\/glareone.eu\/de\/en\/\",\"logo\":{\"@type\":\"ImageObject\",\"inLanguage\":\"de\",\"@id\":\"https:\/\/glareone.eu\/de\/en\/#\/schema\/logo\/image\/\",\"url\":\"http:\/\/glareone.eu\/wp-content\/uploads\/2024\/05\/glareone_logo2020_RGB-01-e1715773127189.png\",\"contentUrl\":\"http:\/\/glareone.eu\/wp-content\/uploads\/2024\/05\/glareone_logo2020_RGB-01-e1715773127189.png\",\"width\":1270,\"height\":321,\"caption\":\"GlareOne\"},\"image\":{\"@id\":\"https:\/\/glareone.eu\/de\/en\/#\/schema\/logo\/image\/\"},\"sameAs\":[\"https:\/\/www.facebook.com\/GlareOneLighting\",\"https:\/\/www.instagram.com\/glareonelighting\/\",\"https:\/\/www.youtube.com\/@GlareOneTV\"]}]}<\/script>\n<!-- \/ Yoast SEO plugin. -->","yoast_head_json":{"title":"GlareOne t\u0142o PVC 60x130cm - szare","description":"GlareOne t\u0142o PVC 60x130cm - szare","robots":{"index":"index","follow":"follow","max-snippet":"max-snippet:-1","max-image-preview":"max-image-preview:large","max-video-preview":"max-video-preview:-1"},"canonical":"https:\/\/glareone.eu\/de\/product\/glareone-pvc-hintergrund-60x130-cm-grau\/","og_locale":"de_DE","og_type":"article","og_title":"GlareOne t\u0142o PVC 60x130cm - szare","og_description":"GlareOne t\u0142o PVC 60x130cm - szare","og_url":"https:\/\/glareone.eu\/de\/product\/glareone-pvc-hintergrund-60x130-cm-grau\/","og_site_name":"GlareOne","article_publisher":"https:\/\/www.facebook.com\/GlareOneLighting","article_modified_time":"2024-05-06T08:32:38+00:00","og_image":[{"width":1200,"height":1200,"url":"https:\/\/glareone.eu\/wp-content\/uploads\/2024\/04\/SBAPVC60X130G_01.jpg","type":"image\/jpeg"}],"twitter_card":"summary_large_image","twitter_title":"GlareOne t\u0142o PVC 60x130cm - szare","twitter_misc":{"Gesch\u00e4tzte Lesezeit":"1\u00a0Minute"},"schema":{"@context":"https:\/\/schema.org","@graph":[{"@type":"WebPage","@id":"https:\/\/glareone.eu\/de\/product\/glareone-pvc-hintergrund-60x130-cm-grau\/","url":"https:\/\/glareone.eu\/de\/product\/glareone-pvc-hintergrund-60x130-cm-grau\/","name":"GlareOne t\u0142o PVC 60x130cm - szare","isPartOf":{"@id":"https:\/\/glareone.eu\/de\/en\/#website"},"primaryImageOfPage":{"@id":"https:\/\/glareone.eu\/de\/product\/glareone-pvc-hintergrund-60x130-cm-grau\/#primaryimage"},"image":{"@id":"https:\/\/glareone.eu\/de\/product\/glareone-pvc-hintergrund-60x130-cm-grau\/#primaryimage"},"thumbnailUrl":"https:\/\/glareone.eu\/wp-content\/uploads\/2024\/04\/SBAPVC60X130G_01.jpg","datePublished":"2024-04-18T19:26:27+00:00","dateModified":"2024-05-06T08:32:38+00:00","description":"GlareOne t\u0142o PVC 60x130cm - szare","breadcrumb":{"@id":"https:\/\/glareone.eu\/de\/product\/glareone-pvc-hintergrund-60x130-cm-grau\/#breadcrumb"},"inLanguage":"de","potentialAction":[{"@type":"ReadAction","target":["https:\/\/glareone.eu\/de\/product\/glareone-pvc-hintergrund-60x130-cm-grau\/"]}]},{"@type":"ImageObject","inLanguage":"de","@id":"https:\/\/glareone.eu\/de\/product\/glareone-pvc-hintergrund-60x130-cm-grau\/#primaryimage","url":"https:\/\/glareone.eu\/wp-content\/uploads\/2024\/04\/SBAPVC60X130G_01.jpg","contentUrl":"https:\/\/glareone.eu\/wp-content\/uploads\/2024\/04\/SBAPVC60X130G_01.jpg","width":1200,"height":1200},{"@type":"BreadcrumbList","@id":"https:\/\/glareone.eu\/de\/product\/glareone-pvc-hintergrund-60x130-cm-grau\/#breadcrumb","itemListElement":[{"@type":"ListItem","position":1,"name":"Strona g\u0142\u00f3wna","item":"https:\/\/glareone.eu\/de\/"},{"@type":"ListItem","position":2,"name":"Alle Produkte","item":"https:\/\/glareone.eu\/de\/produkte\/alle-produkte\/"},{"@type":"ListItem","position":3,"name":"GlareOne PVC-Hintergrund 60&#215;130 cm &#8211; Grau"}]},{"@type":"WebSite","@id":"https:\/\/glareone.eu\/de\/en\/#website","url":"https:\/\/glareone.eu\/de\/en\/","name":"GlareOne","description":"Wyposa\u017cenie Studia","publisher":{"@id":"https:\/\/glareone.eu\/de\/en\/#organization"},"potentialAction":[{"@type":"SearchAction","target":{"@type":"EntryPoint","urlTemplate":"https:\/\/glareone.eu\/de\/en\/?s={search_term_string}"},"query-input":{"@type":"PropertyValueSpecification","valueRequired":true,"valueName":"search_term_string"}}],"inLanguage":"de"},{"@type":"Organization","@id":"https:\/\/glareone.eu\/de\/en\/#organization","name":"GlareOne","url":"https:\/\/glareone.eu\/de\/en\/","logo":{"@type":"ImageObject","inLanguage":"de","@id":"https:\/\/glareone.eu\/de\/en\/#\/schema\/logo\/image\/","url":"http:\/\/glareone.eu\/wp-content\/uploads\/2024\/05\/glareone_logo2020_RGB-01-e1715773127189.png","contentUrl":"http:\/\/glareone.eu\/wp-content\/uploads\/2024\/05\/glareone_logo2020_RGB-01-e1715773127189.png","width":1270,"height":321,"caption":"GlareOne"},"image":{"@id":"https:\/\/glareone.eu\/de\/en\/#\/schema\/logo\/image\/"},"sameAs":["https:\/\/www.facebook.com\/GlareOneLighting","https:\/\/www.instagram.com\/glareonelighting\/","https:\/\/www.youtube.com\/@GlareOneTV"]}]}},"_links":{"self":[{"href":"https:\/\/glareone.eu\/de\/wp-json\/wp\/v2\/product\/4622","targetHints":{"allow":["GET"]}}],"collection":[{"href":"https:\/\/glareone.eu\/de\/wp-json\/wp\/v2\/product"}],"about":[{"href":"https:\/\/glareone.eu\/de\/wp-json\/wp\/v2\/types\/product"}],"wp:featuredmedia":[{"embeddable":true,"href":"https:\/\/glareone.eu\/de\/wp-json\/wp\/v2\/media\/4615"}],"wp:attachment":[{"href":"https:\/\/glareone.eu\/de\/wp-json\/wp\/v2\/media?parent=4622"}],"wp:term":[{"taxonomy":"product_brand","embeddable":true,"href":"https:\/\/glareone.eu\/de\/wp-json\/wp\/v2\/product_brand?post=4622"},{"taxonomy":"product_cat","embeddable":true,"href":"https:\/\/glareone.eu\/de\/wp-json\/wp\/v2\/product_cat?post=4622"},{"taxonomy":"product_tag","embeddable":true,"href":"https:\/\/glareone.eu\/de\/wp-json\/wp\/v2\/product_tag?post=4622"}],"curies":[{"name":"wp","href":"https:\/\/api.w.org\/{rel}","templated":true}]}}