{"id":4477,"date":"2024-04-18T19:26:27","date_gmt":"2024-04-18T19:26:27","guid":{"rendered":"http:\/\/glareone.eu\/produkt\/glareone-tlo-pvc-50x50cm-czarne-lustrzane\/"},"modified":"2024-05-06T08:19:21","modified_gmt":"2024-05-06T08:19:21","slug":"glareone-pvc-hintergrund-50x50cm-schwarz-gespiegelt","status":"publish","type":"product","link":"https:\/\/glareone.eu\/de\/product\/glareone-pvc-hintergrund-50x50cm-schwarz-gespiegelt\/","title":{"rendered":"GlareOne PVC-Hintergrund 50x50cm &#8211; Schwarz, gespiegelt"},"content":{"rendered":"<p>Schwarzer Spiegelhintergrund aus PVC mit einer Dicke von 0.4 ~ 0.5 mm. Das Material macht den Hintergrund strapazierf\u00e4hig und knitterfrei. Die Oberfl\u00e4che l\u00e4sst sich leicht reinigen, sodass der Hintergrund lange halten wird. Die Textur ist gespiegelt und erzeugt ein Spiegelbild des fotografierten Objekts.<\/p>\n<h3>Produktmerkmale:<\/h3>\n<ul>\n<li>Strapazierf\u00e4hig<\/li>\n<li>Leicht zu reinigen<\/li>\n<li>Flexibel und einfach anzupassen<\/li>\n<li>Gespiegelte Oberfl\u00e4che<\/li>\n<li>Perfekt f\u00fcr Produktfotografie<\/li>\n<\/ul>\n","protected":false},"excerpt":{"rendered":"<p>Schwarzer Spiegelhintergrund aus PVC mit einer Dicke von 0.4 ~ 0.5 mm. Das Material macht den Hintergrund strapazierf\u00e4hig und knitterfrei. Die Oberfl\u00e4che l\u00e4sst sich leicht reinigen, sodass der Hintergrund lange halten wird. Die Textur ist gespiegelt und erzeugt ein Spiegelbild des fotografierten Objekts. Produktmerkmale: Strapazierf\u00e4hig Leicht zu reinigen Flexibel und einfach anzupassen Gespiegelte Oberfl\u00e4che Perfekt [&hellip;]<\/p>\n","protected":false},"featured_media":4466,"template":"","meta":[],"product_brand":[],"product_cat":[436],"product_tag":[],"class_list":{"0":"post-4477","1":"product","2":"type-product","3":"status-publish","4":"has-post-thumbnail","6":"product_cat-backdrops-und-hintergrundstutzsysteme","8":"first","9":"instock","10":"product-type-simple"},"yoast_head":"<!-- This site is optimized with the Yoast SEO plugin v27.2 - https:\/\/yoast.com\/product\/yoast-seo-wordpress\/ -->\n<title>GlareOne t\u0142o PVC 50x50cm - czarne, lustrzane<\/title>\n<meta name=\"description\" content=\"GlareOne t\u0142o PVC 50x50cm - czarne, lustrzane\" \/>\n<meta name=\"robots\" content=\"index, follow, max-snippet:-1, max-image-preview:large, max-video-preview:-1\" \/>\n<link rel=\"canonical\" href=\"https:\/\/glareone.eu\/de\/product\/glareone-pvc-hintergrund-50x50cm-schwarz-gespiegelt\/\" \/>\n<meta property=\"og:locale\" content=\"de_DE\" \/>\n<meta property=\"og:type\" content=\"article\" \/>\n<meta property=\"og:title\" content=\"GlareOne t\u0142o PVC 50x50cm - czarne, lustrzane\" \/>\n<meta property=\"og:description\" content=\"GlareOne t\u0142o PVC 50x50cm - czarne, lustrzane\" \/>\n<meta property=\"og:url\" content=\"https:\/\/glareone.eu\/de\/product\/glareone-pvc-hintergrund-50x50cm-schwarz-gespiegelt\/\" \/>\n<meta property=\"og:site_name\" content=\"GlareOne\" \/>\n<meta property=\"article:publisher\" content=\"https:\/\/www.facebook.com\/GlareOneLighting\" \/>\n<meta property=\"article:modified_time\" content=\"2024-05-06T08:19:21+00:00\" \/>\n<meta property=\"og:image\" content=\"https:\/\/glareone.eu\/wp-content\/uploads\/2024\/04\/SBAPVC50X50MB_01.jpg\" \/>\n\t<meta property=\"og:image:width\" content=\"1200\" \/>\n\t<meta property=\"og:image:height\" content=\"1200\" \/>\n\t<meta property=\"og:image:type\" content=\"image\/jpeg\" \/>\n<meta name=\"twitter:card\" content=\"summary_large_image\" \/>\n<meta name=\"twitter:title\" content=\"GlareOne t\u0142o PVC 50x50cm - czarne, lustrzane\" \/>\n<meta name=\"twitter:label1\" content=\"Gesch\u00e4tzte Lesezeit\" \/>\n\t<meta name=\"twitter:data1\" content=\"1\u00a0Minute\" \/>\n<script type=\"application\/ld+json\" class=\"yoast-schema-graph\">{\"@context\":\"https:\/\/schema.org\",\"@graph\":[{\"@type\":\"WebPage\",\"@id\":\"https:\/\/glareone.eu\/de\/product\/glareone-pvc-hintergrund-50x50cm-schwarz-gespiegelt\/\",\"url\":\"https:\/\/glareone.eu\/de\/product\/glareone-pvc-hintergrund-50x50cm-schwarz-gespiegelt\/\",\"name\":\"GlareOne t\u0142o PVC 50x50cm - czarne, lustrzane\",\"isPartOf\":{\"@id\":\"https:\/\/glareone.eu\/de\/en\/#website\"},\"primaryImageOfPage\":{\"@id\":\"https:\/\/glareone.eu\/de\/product\/glareone-pvc-hintergrund-50x50cm-schwarz-gespiegelt\/#primaryimage\"},\"image\":{\"@id\":\"https:\/\/glareone.eu\/de\/product\/glareone-pvc-hintergrund-50x50cm-schwarz-gespiegelt\/#primaryimage\"},\"thumbnailUrl\":\"https:\/\/glareone.eu\/wp-content\/uploads\/2024\/04\/SBAPVC50X50MB_01.jpg\",\"datePublished\":\"2024-04-18T19:26:27+00:00\",\"dateModified\":\"2024-05-06T08:19:21+00:00\",\"description\":\"GlareOne t\u0142o PVC 50x50cm - czarne, lustrzane\",\"breadcrumb\":{\"@id\":\"https:\/\/glareone.eu\/de\/product\/glareone-pvc-hintergrund-50x50cm-schwarz-gespiegelt\/#breadcrumb\"},\"inLanguage\":\"de\",\"potentialAction\":[{\"@type\":\"ReadAction\",\"target\":[\"https:\/\/glareone.eu\/de\/product\/glareone-pvc-hintergrund-50x50cm-schwarz-gespiegelt\/\"]}]},{\"@type\":\"ImageObject\",\"inLanguage\":\"de\",\"@id\":\"https:\/\/glareone.eu\/de\/product\/glareone-pvc-hintergrund-50x50cm-schwarz-gespiegelt\/#primaryimage\",\"url\":\"https:\/\/glareone.eu\/wp-content\/uploads\/2024\/04\/SBAPVC50X50MB_01.jpg\",\"contentUrl\":\"https:\/\/glareone.eu\/wp-content\/uploads\/2024\/04\/SBAPVC50X50MB_01.jpg\",\"width\":1200,\"height\":1200},{\"@type\":\"BreadcrumbList\",\"@id\":\"https:\/\/glareone.eu\/de\/product\/glareone-pvc-hintergrund-50x50cm-schwarz-gespiegelt\/#breadcrumb\",\"itemListElement\":[{\"@type\":\"ListItem\",\"position\":1,\"name\":\"Strona g\u0142\u00f3wna\",\"item\":\"https:\/\/glareone.eu\/de\/\"},{\"@type\":\"ListItem\",\"position\":2,\"name\":\"Alle Produkte\",\"item\":\"https:\/\/glareone.eu\/de\/produkte\/alle-produkte\/\"},{\"@type\":\"ListItem\",\"position\":3,\"name\":\"GlareOne PVC-Hintergrund 50x50cm &#8211; Schwarz, gespiegelt\"}]},{\"@type\":\"WebSite\",\"@id\":\"https:\/\/glareone.eu\/de\/en\/#website\",\"url\":\"https:\/\/glareone.eu\/de\/en\/\",\"name\":\"GlareOne\",\"description\":\"Wyposa\u017cenie Studia\",\"publisher\":{\"@id\":\"https:\/\/glareone.eu\/de\/en\/#organization\"},\"potentialAction\":[{\"@type\":\"SearchAction\",\"target\":{\"@type\":\"EntryPoint\",\"urlTemplate\":\"https:\/\/glareone.eu\/de\/en\/?s={search_term_string}\"},\"query-input\":{\"@type\":\"PropertyValueSpecification\",\"valueRequired\":true,\"valueName\":\"search_term_string\"}}],\"inLanguage\":\"de\"},{\"@type\":\"Organization\",\"@id\":\"https:\/\/glareone.eu\/de\/en\/#organization\",\"name\":\"GlareOne\",\"url\":\"https:\/\/glareone.eu\/de\/en\/\",\"logo\":{\"@type\":\"ImageObject\",\"inLanguage\":\"de\",\"@id\":\"https:\/\/glareone.eu\/de\/en\/#\/schema\/logo\/image\/\",\"url\":\"http:\/\/glareone.eu\/wp-content\/uploads\/2024\/05\/glareone_logo2020_RGB-01-e1715773127189.png\",\"contentUrl\":\"http:\/\/glareone.eu\/wp-content\/uploads\/2024\/05\/glareone_logo2020_RGB-01-e1715773127189.png\",\"width\":1270,\"height\":321,\"caption\":\"GlareOne\"},\"image\":{\"@id\":\"https:\/\/glareone.eu\/de\/en\/#\/schema\/logo\/image\/\"},\"sameAs\":[\"https:\/\/www.facebook.com\/GlareOneLighting\",\"https:\/\/www.instagram.com\/glareonelighting\/\",\"https:\/\/www.youtube.com\/@GlareOneTV\"]}]}<\/script>\n<!-- \/ Yoast SEO plugin. -->","yoast_head_json":{"title":"GlareOne t\u0142o PVC 50x50cm - czarne, lustrzane","description":"GlareOne t\u0142o PVC 50x50cm - czarne, lustrzane","robots":{"index":"index","follow":"follow","max-snippet":"max-snippet:-1","max-image-preview":"max-image-preview:large","max-video-preview":"max-video-preview:-1"},"canonical":"https:\/\/glareone.eu\/de\/product\/glareone-pvc-hintergrund-50x50cm-schwarz-gespiegelt\/","og_locale":"de_DE","og_type":"article","og_title":"GlareOne t\u0142o PVC 50x50cm - czarne, lustrzane","og_description":"GlareOne t\u0142o PVC 50x50cm - czarne, lustrzane","og_url":"https:\/\/glareone.eu\/de\/product\/glareone-pvc-hintergrund-50x50cm-schwarz-gespiegelt\/","og_site_name":"GlareOne","article_publisher":"https:\/\/www.facebook.com\/GlareOneLighting","article_modified_time":"2024-05-06T08:19:21+00:00","og_image":[{"width":1200,"height":1200,"url":"https:\/\/glareone.eu\/wp-content\/uploads\/2024\/04\/SBAPVC50X50MB_01.jpg","type":"image\/jpeg"}],"twitter_card":"summary_large_image","twitter_title":"GlareOne t\u0142o PVC 50x50cm - czarne, lustrzane","twitter_misc":{"Gesch\u00e4tzte Lesezeit":"1\u00a0Minute"},"schema":{"@context":"https:\/\/schema.org","@graph":[{"@type":"WebPage","@id":"https:\/\/glareone.eu\/de\/product\/glareone-pvc-hintergrund-50x50cm-schwarz-gespiegelt\/","url":"https:\/\/glareone.eu\/de\/product\/glareone-pvc-hintergrund-50x50cm-schwarz-gespiegelt\/","name":"GlareOne t\u0142o PVC 50x50cm - czarne, lustrzane","isPartOf":{"@id":"https:\/\/glareone.eu\/de\/en\/#website"},"primaryImageOfPage":{"@id":"https:\/\/glareone.eu\/de\/product\/glareone-pvc-hintergrund-50x50cm-schwarz-gespiegelt\/#primaryimage"},"image":{"@id":"https:\/\/glareone.eu\/de\/product\/glareone-pvc-hintergrund-50x50cm-schwarz-gespiegelt\/#primaryimage"},"thumbnailUrl":"https:\/\/glareone.eu\/wp-content\/uploads\/2024\/04\/SBAPVC50X50MB_01.jpg","datePublished":"2024-04-18T19:26:27+00:00","dateModified":"2024-05-06T08:19:21+00:00","description":"GlareOne t\u0142o PVC 50x50cm - czarne, lustrzane","breadcrumb":{"@id":"https:\/\/glareone.eu\/de\/product\/glareone-pvc-hintergrund-50x50cm-schwarz-gespiegelt\/#breadcrumb"},"inLanguage":"de","potentialAction":[{"@type":"ReadAction","target":["https:\/\/glareone.eu\/de\/product\/glareone-pvc-hintergrund-50x50cm-schwarz-gespiegelt\/"]}]},{"@type":"ImageObject","inLanguage":"de","@id":"https:\/\/glareone.eu\/de\/product\/glareone-pvc-hintergrund-50x50cm-schwarz-gespiegelt\/#primaryimage","url":"https:\/\/glareone.eu\/wp-content\/uploads\/2024\/04\/SBAPVC50X50MB_01.jpg","contentUrl":"https:\/\/glareone.eu\/wp-content\/uploads\/2024\/04\/SBAPVC50X50MB_01.jpg","width":1200,"height":1200},{"@type":"BreadcrumbList","@id":"https:\/\/glareone.eu\/de\/product\/glareone-pvc-hintergrund-50x50cm-schwarz-gespiegelt\/#breadcrumb","itemListElement":[{"@type":"ListItem","position":1,"name":"Strona g\u0142\u00f3wna","item":"https:\/\/glareone.eu\/de\/"},{"@type":"ListItem","position":2,"name":"Alle Produkte","item":"https:\/\/glareone.eu\/de\/produkte\/alle-produkte\/"},{"@type":"ListItem","position":3,"name":"GlareOne PVC-Hintergrund 50x50cm &#8211; Schwarz, gespiegelt"}]},{"@type":"WebSite","@id":"https:\/\/glareone.eu\/de\/en\/#website","url":"https:\/\/glareone.eu\/de\/en\/","name":"GlareOne","description":"Wyposa\u017cenie Studia","publisher":{"@id":"https:\/\/glareone.eu\/de\/en\/#organization"},"potentialAction":[{"@type":"SearchAction","target":{"@type":"EntryPoint","urlTemplate":"https:\/\/glareone.eu\/de\/en\/?s={search_term_string}"},"query-input":{"@type":"PropertyValueSpecification","valueRequired":true,"valueName":"search_term_string"}}],"inLanguage":"de"},{"@type":"Organization","@id":"https:\/\/glareone.eu\/de\/en\/#organization","name":"GlareOne","url":"https:\/\/glareone.eu\/de\/en\/","logo":{"@type":"ImageObject","inLanguage":"de","@id":"https:\/\/glareone.eu\/de\/en\/#\/schema\/logo\/image\/","url":"http:\/\/glareone.eu\/wp-content\/uploads\/2024\/05\/glareone_logo2020_RGB-01-e1715773127189.png","contentUrl":"http:\/\/glareone.eu\/wp-content\/uploads\/2024\/05\/glareone_logo2020_RGB-01-e1715773127189.png","width":1270,"height":321,"caption":"GlareOne"},"image":{"@id":"https:\/\/glareone.eu\/de\/en\/#\/schema\/logo\/image\/"},"sameAs":["https:\/\/www.facebook.com\/GlareOneLighting","https:\/\/www.instagram.com\/glareonelighting\/","https:\/\/www.youtube.com\/@GlareOneTV"]}]}},"_links":{"self":[{"href":"https:\/\/glareone.eu\/de\/wp-json\/wp\/v2\/product\/4477","targetHints":{"allow":["GET"]}}],"collection":[{"href":"https:\/\/glareone.eu\/de\/wp-json\/wp\/v2\/product"}],"about":[{"href":"https:\/\/glareone.eu\/de\/wp-json\/wp\/v2\/types\/product"}],"wp:featuredmedia":[{"embeddable":true,"href":"https:\/\/glareone.eu\/de\/wp-json\/wp\/v2\/media\/4466"}],"wp:attachment":[{"href":"https:\/\/glareone.eu\/de\/wp-json\/wp\/v2\/media?parent=4477"}],"wp:term":[{"taxonomy":"product_brand","embeddable":true,"href":"https:\/\/glareone.eu\/de\/wp-json\/wp\/v2\/product_brand?post=4477"},{"taxonomy":"product_cat","embeddable":true,"href":"https:\/\/glareone.eu\/de\/wp-json\/wp\/v2\/product_cat?post=4477"},{"taxonomy":"product_tag","embeddable":true,"href":"https:\/\/glareone.eu\/de\/wp-json\/wp\/v2\/product_tag?post=4477"}],"curies":[{"name":"wp","href":"https:\/\/api.w.org\/{rel}","templated":true}]}}