{"id":4430,"date":"2024-04-18T19:26:24","date_gmt":"2024-04-18T19:26:24","guid":{"rendered":"http:\/\/glareone.eu\/produkt\/glareone-fatboy-c-stand\/"},"modified":"2024-05-06T07:45:05","modified_gmt":"2024-05-06T07:45:05","slug":"glareone-fatboy-c-stand","status":"publish","type":"product","link":"https:\/\/glareone.eu\/de\/product\/glareone-fatboy-c-stand\/","title":{"rendered":"GlareOne Fatboy &#8211; C-Stand-Stativ"},"content":{"rendered":"<h3>Haltbarkeit<\/h3>\n<p>Der Fatboy ist ein komplett verchromtes Edelstahlstativ, das f\u00fcr Langlebigkeit und St\u00e4rke f\u00fcr die kommenden Jahre ausgelegt ist. Er geh\u00f6rt zu einer Gruppe von C-Stand-Stativen, die seit Jahrzehnten zur Standardausr\u00fcstung auf Film-, Fernseh- und Fotografie-Sets geh\u00f6ren.<\/p>\n<h3>Stabilit\u00e4t<\/h3>\n<p>Das Design des Fatboys zeichnet sich durch einen niedrigen Schwerpunkt aus, was ihn auch dann sehr stabil macht, wenn er mit einer Lampe mit einem tiefen sechseckigen Softbox montiert ist. Die Form der Beine ist an das Aufh\u00e4ngen zus\u00e4tzlicher Ballastgewichte angepasst, was die Stabilit\u00e4t der gesamten Konstruktion erh\u00f6ht. Die Beine sind mit F\u00fc\u00dfen versehen, um ein Verrutschen auf glatten Oberfl\u00e4chen zu reduzieren.<\/p>\n<h3>Tragf\u00e4higkeit<\/h3>\n<p>Die maximale ausgefahrene Mittels\u00e4ule des Fatboys kann Lasten von bis zu 20 kg tragen. Eine solch hohe Tragf\u00e4higkeit erm\u00f6glicht es Ihnen, auch mit sehr gro\u00dfen Softboxen mit einem Durchmesser von 150 cm oder gro\u00dfen Schirmen bequem zu arbeiten.<\/p>\n<h3>Bergbein<\/h3>\n<p>Die Position eines der Beine des Stativs ist verstellbar, was es erm\u00f6glicht, es an Stellen aufzustellen, an denen gew\u00f6hnliche Stative nicht sicher stehen k\u00f6nnten. Der Mechanismus des &#8222;Bergbeins&#8220; macht den Fatboy einfach auf Treppen oder absch\u00fcssigem Gel\u00e4nde aufzustellen.<\/p>\n<h3>Rohrarm<\/h3>\n<p>Der Fatboy wird serienm\u00e4\u00dfig mit einem Arm geliefert, der es Ihnen erm\u00f6glicht, mit Ihrem Licht kreativ zu sein, da er es einfach macht, sie abseits der Achse des Stativs zu platzieren, z. B. \u00fcber Ihrer Kamera oder Ihrem Set. Die Enden des Rohrs &#8211; wie der Arm dieses Stativs umgangssprachlich genannt wird &#8211; sind gerillt und abgesenkt, um die M\u00f6glichkeit des Verdrehens und Herunterfallens der Lampe zu verringern. Der Arm kann auch als kleiner Schwenkarm verwendet werden.<\/p>\n<h3>Kopf<\/h3>\n<p>Der Fatboy ist mit einem Satz von zwei hochwertigen K\u00f6pfen ausgestattet, die verwendet werden, um den Arm an der Mittels\u00e4ule und verschiedene Zubeh\u00f6rteile wie Blender, Flaggen, Ventile usw. zu befestigen. Die K\u00f6pfe des Fatboys zeichnen sich durch hochwertige Verarbeitung und ergonomisch geformte Feststellschrauben aus.<\/p>\n<h3>Produktmerkmale:<\/h3>\n<ul>\n<li>Stativ aus verchromtem Edelstahl<\/li>\n<li>Mit Arm und zwei K\u00f6pfen geliefert<\/li>\n<li>H\u00f6henverstellung eines der Beine<\/li>\n<li>Ergonomisch geformte Feststellschrauben<\/li>\n<li>Gummierte Beinenden f\u00fcr besseren Halt auf glatten Oberfl\u00e4chen<\/li>\n<li>Erreicht eine maximale H\u00f6he von 320 cm<\/li>\n<li>Kann nachger\u00fcstet werden mit Rollen<\/li>\n<li>Kann flach zusammengeklappt werden<\/li>\n<li>Tragf\u00e4higkeit bis zu 20 kg<\/li>\n<\/ul>\n","protected":false},"excerpt":{"rendered":"<p>Haltbarkeit Der Fatboy ist ein komplett verchromtes Edelstahlstativ, das f\u00fcr Langlebigkeit und St\u00e4rke f\u00fcr die kommenden Jahre ausgelegt ist. Er geh\u00f6rt zu einer Gruppe von C-Stand-Stativen, die seit Jahrzehnten zur Standardausr\u00fcstung auf Film-, Fernseh- und Fotografie-Sets geh\u00f6ren. Stabilit\u00e4t Das Design des Fatboys zeichnet sich durch einen niedrigen Schwerpunkt aus, was ihn auch dann sehr stabil [&hellip;]<\/p>\n","protected":false},"featured_media":4398,"template":"","meta":[],"product_brand":[],"product_cat":[478],"product_tag":[],"class_list":{"0":"post-4430","1":"product","2":"type-product","3":"status-publish","4":"has-post-thumbnail","6":"product_cat-c-stand-de","8":"first","9":"instock","10":"product-type-simple"},"yoast_head":"<!-- This site is optimized with the Yoast SEO plugin v27.2 - https:\/\/yoast.com\/product\/yoast-seo-wordpress\/ -->\n<title>GlareOne Fatboy - statyw typu c-stand<\/title>\n<meta name=\"description\" content=\"GlareOne Fatboy - statyw typu c-stand\" \/>\n<meta name=\"robots\" content=\"index, follow, max-snippet:-1, max-image-preview:large, max-video-preview:-1\" \/>\n<link rel=\"canonical\" href=\"https:\/\/glareone.eu\/de\/product\/glareone-fatboy-c-stand\/\" \/>\n<meta property=\"og:locale\" content=\"de_DE\" \/>\n<meta property=\"og:type\" content=\"article\" \/>\n<meta property=\"og:title\" content=\"GlareOne Fatboy - statyw typu c-stand\" \/>\n<meta property=\"og:description\" content=\"GlareOne Fatboy - statyw typu c-stand\" \/>\n<meta property=\"og:url\" content=\"https:\/\/glareone.eu\/de\/product\/glareone-fatboy-c-stand\/\" \/>\n<meta property=\"og:site_name\" content=\"GlareOne\" \/>\n<meta property=\"article:publisher\" content=\"https:\/\/www.facebook.com\/GlareOneLighting\" \/>\n<meta property=\"article:modified_time\" content=\"2024-05-06T07:45:05+00:00\" \/>\n<meta property=\"og:image\" content=\"https:\/\/glareone.eu\/wp-content\/uploads\/2024\/04\/GlareOne-Fatboy-17-1.jpg\" \/>\n\t<meta property=\"og:image:width\" content=\"1200\" \/>\n\t<meta property=\"og:image:height\" content=\"1200\" \/>\n\t<meta property=\"og:image:type\" content=\"image\/jpeg\" \/>\n<meta name=\"twitter:card\" content=\"summary_large_image\" \/>\n<meta name=\"twitter:title\" content=\"GlareOne Fatboy - statyw typu c-stand\" \/>\n<meta name=\"twitter:label1\" content=\"Gesch\u00e4tzte Lesezeit\" \/>\n\t<meta name=\"twitter:data1\" content=\"3\u00a0Minuten\" \/>\n<script type=\"application\/ld+json\" class=\"yoast-schema-graph\">{\"@context\":\"https:\/\/schema.org\",\"@graph\":[{\"@type\":\"WebPage\",\"@id\":\"https:\/\/glareone.eu\/de\/product\/glareone-fatboy-c-stand\/\",\"url\":\"https:\/\/glareone.eu\/de\/product\/glareone-fatboy-c-stand\/\",\"name\":\"GlareOne Fatboy - statyw typu c-stand\",\"isPartOf\":{\"@id\":\"https:\/\/glareone.eu\/de\/en\/#website\"},\"primaryImageOfPage\":{\"@id\":\"https:\/\/glareone.eu\/de\/product\/glareone-fatboy-c-stand\/#primaryimage\"},\"image\":{\"@id\":\"https:\/\/glareone.eu\/de\/product\/glareone-fatboy-c-stand\/#primaryimage\"},\"thumbnailUrl\":\"https:\/\/glareone.eu\/wp-content\/uploads\/2024\/04\/GlareOne-Fatboy-17-1.jpg\",\"datePublished\":\"2024-04-18T19:26:24+00:00\",\"dateModified\":\"2024-05-06T07:45:05+00:00\",\"description\":\"GlareOne Fatboy - statyw typu c-stand\",\"breadcrumb\":{\"@id\":\"https:\/\/glareone.eu\/de\/product\/glareone-fatboy-c-stand\/#breadcrumb\"},\"inLanguage\":\"de\",\"potentialAction\":[{\"@type\":\"ReadAction\",\"target\":[\"https:\/\/glareone.eu\/de\/product\/glareone-fatboy-c-stand\/\"]}]},{\"@type\":\"ImageObject\",\"inLanguage\":\"de\",\"@id\":\"https:\/\/glareone.eu\/de\/product\/glareone-fatboy-c-stand\/#primaryimage\",\"url\":\"https:\/\/glareone.eu\/wp-content\/uploads\/2024\/04\/GlareOne-Fatboy-17-1.jpg\",\"contentUrl\":\"https:\/\/glareone.eu\/wp-content\/uploads\/2024\/04\/GlareOne-Fatboy-17-1.jpg\",\"width\":1200,\"height\":1200},{\"@type\":\"BreadcrumbList\",\"@id\":\"https:\/\/glareone.eu\/de\/product\/glareone-fatboy-c-stand\/#breadcrumb\",\"itemListElement\":[{\"@type\":\"ListItem\",\"position\":1,\"name\":\"Strona g\u0142\u00f3wna\",\"item\":\"https:\/\/glareone.eu\/de\/\"},{\"@type\":\"ListItem\",\"position\":2,\"name\":\"Alle Produkte\",\"item\":\"https:\/\/glareone.eu\/de\/produkte\/alle-produkte\/\"},{\"@type\":\"ListItem\",\"position\":3,\"name\":\"GlareOne Fatboy &#8211; C-Stand-Stativ\"}]},{\"@type\":\"WebSite\",\"@id\":\"https:\/\/glareone.eu\/de\/en\/#website\",\"url\":\"https:\/\/glareone.eu\/de\/en\/\",\"name\":\"GlareOne\",\"description\":\"Wyposa\u017cenie Studia\",\"publisher\":{\"@id\":\"https:\/\/glareone.eu\/de\/en\/#organization\"},\"potentialAction\":[{\"@type\":\"SearchAction\",\"target\":{\"@type\":\"EntryPoint\",\"urlTemplate\":\"https:\/\/glareone.eu\/de\/en\/?s={search_term_string}\"},\"query-input\":{\"@type\":\"PropertyValueSpecification\",\"valueRequired\":true,\"valueName\":\"search_term_string\"}}],\"inLanguage\":\"de\"},{\"@type\":\"Organization\",\"@id\":\"https:\/\/glareone.eu\/de\/en\/#organization\",\"name\":\"GlareOne\",\"url\":\"https:\/\/glareone.eu\/de\/en\/\",\"logo\":{\"@type\":\"ImageObject\",\"inLanguage\":\"de\",\"@id\":\"https:\/\/glareone.eu\/de\/en\/#\/schema\/logo\/image\/\",\"url\":\"http:\/\/glareone.eu\/wp-content\/uploads\/2024\/05\/glareone_logo2020_RGB-01-e1715773127189.png\",\"contentUrl\":\"http:\/\/glareone.eu\/wp-content\/uploads\/2024\/05\/glareone_logo2020_RGB-01-e1715773127189.png\",\"width\":1270,\"height\":321,\"caption\":\"GlareOne\"},\"image\":{\"@id\":\"https:\/\/glareone.eu\/de\/en\/#\/schema\/logo\/image\/\"},\"sameAs\":[\"https:\/\/www.facebook.com\/GlareOneLighting\",\"https:\/\/www.instagram.com\/glareonelighting\/\",\"https:\/\/www.youtube.com\/@GlareOneTV\"]}]}<\/script>\n<!-- \/ Yoast SEO plugin. -->","yoast_head_json":{"title":"GlareOne Fatboy - statyw typu c-stand","description":"GlareOne Fatboy - statyw typu c-stand","robots":{"index":"index","follow":"follow","max-snippet":"max-snippet:-1","max-image-preview":"max-image-preview:large","max-video-preview":"max-video-preview:-1"},"canonical":"https:\/\/glareone.eu\/de\/product\/glareone-fatboy-c-stand\/","og_locale":"de_DE","og_type":"article","og_title":"GlareOne Fatboy - statyw typu c-stand","og_description":"GlareOne Fatboy - statyw typu c-stand","og_url":"https:\/\/glareone.eu\/de\/product\/glareone-fatboy-c-stand\/","og_site_name":"GlareOne","article_publisher":"https:\/\/www.facebook.com\/GlareOneLighting","article_modified_time":"2024-05-06T07:45:05+00:00","og_image":[{"width":1200,"height":1200,"url":"https:\/\/glareone.eu\/wp-content\/uploads\/2024\/04\/GlareOne-Fatboy-17-1.jpg","type":"image\/jpeg"}],"twitter_card":"summary_large_image","twitter_title":"GlareOne Fatboy - statyw typu c-stand","twitter_misc":{"Gesch\u00e4tzte Lesezeit":"3\u00a0Minuten"},"schema":{"@context":"https:\/\/schema.org","@graph":[{"@type":"WebPage","@id":"https:\/\/glareone.eu\/de\/product\/glareone-fatboy-c-stand\/","url":"https:\/\/glareone.eu\/de\/product\/glareone-fatboy-c-stand\/","name":"GlareOne Fatboy - statyw typu c-stand","isPartOf":{"@id":"https:\/\/glareone.eu\/de\/en\/#website"},"primaryImageOfPage":{"@id":"https:\/\/glareone.eu\/de\/product\/glareone-fatboy-c-stand\/#primaryimage"},"image":{"@id":"https:\/\/glareone.eu\/de\/product\/glareone-fatboy-c-stand\/#primaryimage"},"thumbnailUrl":"https:\/\/glareone.eu\/wp-content\/uploads\/2024\/04\/GlareOne-Fatboy-17-1.jpg","datePublished":"2024-04-18T19:26:24+00:00","dateModified":"2024-05-06T07:45:05+00:00","description":"GlareOne Fatboy - statyw typu c-stand","breadcrumb":{"@id":"https:\/\/glareone.eu\/de\/product\/glareone-fatboy-c-stand\/#breadcrumb"},"inLanguage":"de","potentialAction":[{"@type":"ReadAction","target":["https:\/\/glareone.eu\/de\/product\/glareone-fatboy-c-stand\/"]}]},{"@type":"ImageObject","inLanguage":"de","@id":"https:\/\/glareone.eu\/de\/product\/glareone-fatboy-c-stand\/#primaryimage","url":"https:\/\/glareone.eu\/wp-content\/uploads\/2024\/04\/GlareOne-Fatboy-17-1.jpg","contentUrl":"https:\/\/glareone.eu\/wp-content\/uploads\/2024\/04\/GlareOne-Fatboy-17-1.jpg","width":1200,"height":1200},{"@type":"BreadcrumbList","@id":"https:\/\/glareone.eu\/de\/product\/glareone-fatboy-c-stand\/#breadcrumb","itemListElement":[{"@type":"ListItem","position":1,"name":"Strona g\u0142\u00f3wna","item":"https:\/\/glareone.eu\/de\/"},{"@type":"ListItem","position":2,"name":"Alle Produkte","item":"https:\/\/glareone.eu\/de\/produkte\/alle-produkte\/"},{"@type":"ListItem","position":3,"name":"GlareOne Fatboy &#8211; C-Stand-Stativ"}]},{"@type":"WebSite","@id":"https:\/\/glareone.eu\/de\/en\/#website","url":"https:\/\/glareone.eu\/de\/en\/","name":"GlareOne","description":"Wyposa\u017cenie Studia","publisher":{"@id":"https:\/\/glareone.eu\/de\/en\/#organization"},"potentialAction":[{"@type":"SearchAction","target":{"@type":"EntryPoint","urlTemplate":"https:\/\/glareone.eu\/de\/en\/?s={search_term_string}"},"query-input":{"@type":"PropertyValueSpecification","valueRequired":true,"valueName":"search_term_string"}}],"inLanguage":"de"},{"@type":"Organization","@id":"https:\/\/glareone.eu\/de\/en\/#organization","name":"GlareOne","url":"https:\/\/glareone.eu\/de\/en\/","logo":{"@type":"ImageObject","inLanguage":"de","@id":"https:\/\/glareone.eu\/de\/en\/#\/schema\/logo\/image\/","url":"http:\/\/glareone.eu\/wp-content\/uploads\/2024\/05\/glareone_logo2020_RGB-01-e1715773127189.png","contentUrl":"http:\/\/glareone.eu\/wp-content\/uploads\/2024\/05\/glareone_logo2020_RGB-01-e1715773127189.png","width":1270,"height":321,"caption":"GlareOne"},"image":{"@id":"https:\/\/glareone.eu\/de\/en\/#\/schema\/logo\/image\/"},"sameAs":["https:\/\/www.facebook.com\/GlareOneLighting","https:\/\/www.instagram.com\/glareonelighting\/","https:\/\/www.youtube.com\/@GlareOneTV"]}]}},"_links":{"self":[{"href":"https:\/\/glareone.eu\/de\/wp-json\/wp\/v2\/product\/4430","targetHints":{"allow":["GET"]}}],"collection":[{"href":"https:\/\/glareone.eu\/de\/wp-json\/wp\/v2\/product"}],"about":[{"href":"https:\/\/glareone.eu\/de\/wp-json\/wp\/v2\/types\/product"}],"wp:featuredmedia":[{"embeddable":true,"href":"https:\/\/glareone.eu\/de\/wp-json\/wp\/v2\/media\/4398"}],"wp:attachment":[{"href":"https:\/\/glareone.eu\/de\/wp-json\/wp\/v2\/media?parent=4430"}],"wp:term":[{"taxonomy":"product_brand","embeddable":true,"href":"https:\/\/glareone.eu\/de\/wp-json\/wp\/v2\/product_brand?post=4430"},{"taxonomy":"product_cat","embeddable":true,"href":"https:\/\/glareone.eu\/de\/wp-json\/wp\/v2\/product_cat?post=4430"},{"taxonomy":"product_tag","embeddable":true,"href":"https:\/\/glareone.eu\/de\/wp-json\/wp\/v2\/product_tag?post=4430"}],"curies":[{"name":"wp","href":"https:\/\/api.w.org\/{rel}","templated":true}]}}