{"id":4097,"date":"2024-04-18T19:26:22","date_gmt":"2024-04-18T19:26:22","guid":{"rendered":"http:\/\/glareone.eu\/produkt\/glareone-reflector-100x150-5w1\/"},"modified":"2024-05-06T07:18:43","modified_gmt":"2024-05-06T07:18:43","slug":"glareone-reflector-100x150-5in1","status":"publish","type":"product","link":"https:\/\/glareone.eu\/de\/product\/glareone-reflector-100x150-5in1\/","title":{"rendered":"GlareOne Reflector 100&#215;150 5in1"},"content":{"rendered":"<p>GlareOne Rahmenreflektor 100&#215;150 ist ein unverzichtbares Werkzeug f\u00fcr Fotografen und Filmemacher.<\/p>\n<h3>Kontrollieren Sie Ihr Licht<\/h3>\n<p>Reflektoren auf starren Rahmen erm\u00f6glichen im Gegensatz zu ihren faltbaren Gegenst\u00fccken nicht nur komfortables Arbeiten mit Licht im Studio, sondern auch im Freien. Der Rahmen besteht aus Aluminiumrohren und ist mit Stahlelementen verbunden, was verhindert, dass der Reflektor von Windb\u00f6en verformt wird. Dies erleichtert das Lenken des reflektierten Lichts auf einen bestimmten Punkt erheblich. Es ist auch einfacher, den Reflektor auf dem Stativ zu platzieren und ihn hoch \u00fcber dem Kopf zu heben.<\/p>\n<h3><strong>Viele M\u00f6glichkeiten<\/strong><\/h3>\n<p>Der GlareOne-Reflektor ist mit f\u00fcnf Bildschirmen ausgestattet:<\/p>\n<ol>\n<li><strong>Wei\u00dfer Bildschirm<\/strong> &#8211; f\u00fcllt Schatten aus und erzeugt weiches und diffuses reflektiertes Licht. Er ist farbneutral.<\/li>\n<li><strong>Silberner Bildschirm<\/strong> &#8211; liefert starke Lichtreflexionen und mehr Kontrast als der wei\u00dfe Bildschirm. Er ist farbneutral.<\/li>\n<li><strong>Goldener Bildschirm<\/strong> &#8211; liefert viel Licht und erh\u00f6ht den Kontrast \u00e4hnlich wie der silberne Bildschirm, aber im Vergleich erw\u00e4rmt er das reflektierte Licht stark.<\/li>\n<li><strong>Schwarzer Bildschirm<\/strong> &#8211; im Gegensatz zu den anderen Bildschirmen dient er nicht dazu, Licht zu reflektieren, sondern es zu d\u00e4mpfen, was die Schatten vertieft. Er ist farbneutral.<\/li>\n<li><strong>Diffusionsbildschirm<\/strong> &#8211; Dies ist ein wei\u00dfes Material, das Licht durchl\u00e4sst und es sehr stark streut. Es erm\u00f6glicht es, hartes Licht in weiches Licht zu verwandeln. Es ist farbneutral.<\/li>\n<\/ol>\n<h3><strong>Construction<\/strong><\/h3>\n<p>Der GlareOne Reflektor basiert auf einem Rahmen, der nicht nur Steifigkeit verleiht, sondern auch so konstruiert ist, dass er sich schnell und einfach entfalten und falten l\u00e4sst. Seine Elemente sind dauerhaft miteinander durch Scharniere und Verriegelungen verbunden, wodurch der Rahmen im Handumdrehen entfaltet werden kann. Sie m\u00fcssen keine zus\u00e4tzlichen Werkzeuge verwenden oder einzelne Elemente zusammenbauen, was viel Zeit spart. Die Bildschirme sind mit Klettverschluss oder Gummib\u00e4ndern an der Rahmenstruktur befestigt. Das gesamte Set wird in einer Tragetasche verstaut, die den Transport und die Lagerung erleichtert. Erh\u00e4ltlich in zwei Gr\u00f6\u00dfen (ein Vergleich in den letzten drei Fotos).<\/p>\n<h3><strong>Produktmerkmale:<\/strong><\/h3>\n<ul>\n<li>Erm\u00f6glicht es, starke Lichtquellen in weiche und diffuse Lichtquellen umzuwandeln.<\/li>\n<li>Gibt Ihnen die M\u00f6glichkeit, Licht zu reflektieren und es dorthin zu lenken, wo Sie es ben\u00f6tigen.<\/li>\n<li>Kann als Lichtblockierungsventil verwendet werden.<\/li>\n<li>Wird mit einem Satz von 5 Bildschirmen geliefert (silber, gold, wei\u00df, schwarz, Diffusion).<\/li>\n<li>Geeignet f\u00fcr Fotostudio, Filmstudio und Au\u00dfenarbeiten.<\/li>\n<li>Mit seinem starren Rahmen bietet es pr\u00e4zise Lichtkontrolle.<\/li>\n<li>Der Rahmen l\u00e4sst sich leicht zusammenbauen, ist leicht und klein, wenn er gefaltet ist.<\/li>\n<li>Faltet sich nicht bei Windb\u00f6en zusammen.<\/li>\n<li>Die Rahmenkonstruktion besteht aus Aluminium und Stahl.<\/li>\n<li>Wird mit einer praktischen Tragetasche geliefert.<\/li>\n<\/ul>\n<h3><strong>Im Lieferumfang enthalten:<\/strong><\/h3>\n<ul>\n<li>Rahmen 100&#215;150<\/li>\n<li>5 Bildschirme<\/li>\n<li>Tragetasche<\/li>\n<\/ul>\n","protected":false},"excerpt":{"rendered":"<p>GlareOne Rahmenreflektor 100&#215;150 ist ein unverzichtbares Werkzeug f\u00fcr Fotografen und Filmemacher. Kontrollieren Sie Ihr Licht Reflektoren auf starren Rahmen erm\u00f6glichen im Gegensatz zu ihren faltbaren Gegenst\u00fccken nicht nur komfortables Arbeiten mit Licht im Studio, sondern auch im Freien. Der Rahmen besteht aus Aluminiumrohren und ist mit Stahlelementen verbunden, was verhindert, dass der Reflektor von Windb\u00f6en [&hellip;]<\/p>\n","protected":false},"featured_media":4070,"template":"","meta":[],"product_brand":[],"product_cat":[429],"product_tag":[],"class_list":{"0":"post-4097","1":"product","2":"type-product","3":"status-publish","4":"has-post-thumbnail","6":"product_cat-reflectoren-und-flaggen","8":"first","9":"instock","10":"product-type-simple"},"yoast_head":"<!-- This site is optimized with the Yoast SEO plugin v27.2 - https:\/\/yoast.com\/product\/yoast-seo-wordpress\/ -->\n<title>GlareOne Reflector 100x150 - blenda na ramie 5w1<\/title>\n<meta name=\"description\" content=\"GlareOne Reflector 100x150 - blenda na ramie 5w1\" \/>\n<meta name=\"robots\" content=\"index, follow, max-snippet:-1, max-image-preview:large, max-video-preview:-1\" \/>\n<link rel=\"canonical\" href=\"https:\/\/glareone.eu\/de\/product\/glareone-reflector-100x150-5in1\/\" \/>\n<meta property=\"og:locale\" content=\"de_DE\" \/>\n<meta property=\"og:type\" content=\"article\" \/>\n<meta property=\"og:title\" content=\"GlareOne Reflector 100x150 - blenda na ramie 5w1\" \/>\n<meta property=\"og:description\" content=\"GlareOne Reflector 100x150 - blenda na ramie 5w1\" \/>\n<meta property=\"og:url\" content=\"https:\/\/glareone.eu\/de\/product\/glareone-reflector-100x150-5in1\/\" \/>\n<meta property=\"og:site_name\" content=\"GlareOne\" \/>\n<meta property=\"article:publisher\" content=\"https:\/\/www.facebook.com\/GlareOneLighting\" \/>\n<meta property=\"article:modified_time\" content=\"2024-05-06T07:18:43+00:00\" \/>\n<meta property=\"og:image\" content=\"https:\/\/glareone.eu\/wp-content\/uploads\/2024\/04\/SBSPAN100X150_05.jpg\" \/>\n\t<meta property=\"og:image:width\" content=\"1200\" \/>\n\t<meta property=\"og:image:height\" content=\"1200\" \/>\n\t<meta property=\"og:image:type\" content=\"image\/jpeg\" \/>\n<meta name=\"twitter:card\" content=\"summary_large_image\" \/>\n<meta name=\"twitter:title\" content=\"GlareOne Reflector 100x150 - blenda na ramie 5w1\" \/>\n<script type=\"application\/ld+json\" class=\"yoast-schema-graph\">{\"@context\":\"https:\/\/schema.org\",\"@graph\":[{\"@type\":\"WebPage\",\"@id\":\"https:\/\/glareone.eu\/de\/product\/glareone-reflector-100x150-5in1\/\",\"url\":\"https:\/\/glareone.eu\/de\/product\/glareone-reflector-100x150-5in1\/\",\"name\":\"GlareOne Reflector 100x150 - blenda na ramie 5w1\",\"isPartOf\":{\"@id\":\"https:\/\/glareone.eu\/de\/en\/#website\"},\"primaryImageOfPage\":{\"@id\":\"https:\/\/glareone.eu\/de\/product\/glareone-reflector-100x150-5in1\/#primaryimage\"},\"image\":{\"@id\":\"https:\/\/glareone.eu\/de\/product\/glareone-reflector-100x150-5in1\/#primaryimage\"},\"thumbnailUrl\":\"https:\/\/glareone.eu\/wp-content\/uploads\/2024\/04\/SBSPAN100X150_05.jpg\",\"datePublished\":\"2024-04-18T19:26:22+00:00\",\"dateModified\":\"2024-05-06T07:18:43+00:00\",\"description\":\"GlareOne Reflector 100x150 - blenda na ramie 5w1\",\"breadcrumb\":{\"@id\":\"https:\/\/glareone.eu\/de\/product\/glareone-reflector-100x150-5in1\/#breadcrumb\"},\"inLanguage\":\"de\",\"potentialAction\":[{\"@type\":\"ReadAction\",\"target\":[\"https:\/\/glareone.eu\/de\/product\/glareone-reflector-100x150-5in1\/\"]}]},{\"@type\":\"ImageObject\",\"inLanguage\":\"de\",\"@id\":\"https:\/\/glareone.eu\/de\/product\/glareone-reflector-100x150-5in1\/#primaryimage\",\"url\":\"https:\/\/glareone.eu\/wp-content\/uploads\/2024\/04\/SBSPAN100X150_05.jpg\",\"contentUrl\":\"https:\/\/glareone.eu\/wp-content\/uploads\/2024\/04\/SBSPAN100X150_05.jpg\",\"width\":1200,\"height\":1200},{\"@type\":\"BreadcrumbList\",\"@id\":\"https:\/\/glareone.eu\/de\/product\/glareone-reflector-100x150-5in1\/#breadcrumb\",\"itemListElement\":[{\"@type\":\"ListItem\",\"position\":1,\"name\":\"Strona g\u0142\u00f3wna\",\"item\":\"https:\/\/glareone.eu\/de\/\"},{\"@type\":\"ListItem\",\"position\":2,\"name\":\"Alle Produkte\",\"item\":\"https:\/\/glareone.eu\/de\/produkte\/alle-produkte\/\"},{\"@type\":\"ListItem\",\"position\":3,\"name\":\"GlareOne Reflector 100&#215;150 5in1\"}]},{\"@type\":\"WebSite\",\"@id\":\"https:\/\/glareone.eu\/de\/en\/#website\",\"url\":\"https:\/\/glareone.eu\/de\/en\/\",\"name\":\"GlareOne\",\"description\":\"Wyposa\u017cenie Studia\",\"publisher\":{\"@id\":\"https:\/\/glareone.eu\/de\/en\/#organization\"},\"potentialAction\":[{\"@type\":\"SearchAction\",\"target\":{\"@type\":\"EntryPoint\",\"urlTemplate\":\"https:\/\/glareone.eu\/de\/en\/?s={search_term_string}\"},\"query-input\":{\"@type\":\"PropertyValueSpecification\",\"valueRequired\":true,\"valueName\":\"search_term_string\"}}],\"inLanguage\":\"de\"},{\"@type\":\"Organization\",\"@id\":\"https:\/\/glareone.eu\/de\/en\/#organization\",\"name\":\"GlareOne\",\"url\":\"https:\/\/glareone.eu\/de\/en\/\",\"logo\":{\"@type\":\"ImageObject\",\"inLanguage\":\"de\",\"@id\":\"https:\/\/glareone.eu\/de\/en\/#\/schema\/logo\/image\/\",\"url\":\"http:\/\/glareone.eu\/wp-content\/uploads\/2024\/05\/glareone_logo2020_RGB-01-e1715773127189.png\",\"contentUrl\":\"http:\/\/glareone.eu\/wp-content\/uploads\/2024\/05\/glareone_logo2020_RGB-01-e1715773127189.png\",\"width\":1270,\"height\":321,\"caption\":\"GlareOne\"},\"image\":{\"@id\":\"https:\/\/glareone.eu\/de\/en\/#\/schema\/logo\/image\/\"},\"sameAs\":[\"https:\/\/www.facebook.com\/GlareOneLighting\",\"https:\/\/www.instagram.com\/glareonelighting\/\",\"https:\/\/www.youtube.com\/@GlareOneTV\"]}]}<\/script>\n<!-- \/ Yoast SEO plugin. -->","yoast_head_json":{"title":"GlareOne Reflector 100x150 - blenda na ramie 5w1","description":"GlareOne Reflector 100x150 - blenda na ramie 5w1","robots":{"index":"index","follow":"follow","max-snippet":"max-snippet:-1","max-image-preview":"max-image-preview:large","max-video-preview":"max-video-preview:-1"},"canonical":"https:\/\/glareone.eu\/de\/product\/glareone-reflector-100x150-5in1\/","og_locale":"de_DE","og_type":"article","og_title":"GlareOne Reflector 100x150 - blenda na ramie 5w1","og_description":"GlareOne Reflector 100x150 - blenda na ramie 5w1","og_url":"https:\/\/glareone.eu\/de\/product\/glareone-reflector-100x150-5in1\/","og_site_name":"GlareOne","article_publisher":"https:\/\/www.facebook.com\/GlareOneLighting","article_modified_time":"2024-05-06T07:18:43+00:00","og_image":[{"width":1200,"height":1200,"url":"https:\/\/glareone.eu\/wp-content\/uploads\/2024\/04\/SBSPAN100X150_05.jpg","type":"image\/jpeg"}],"twitter_card":"summary_large_image","twitter_title":"GlareOne Reflector 100x150 - blenda na ramie 5w1","schema":{"@context":"https:\/\/schema.org","@graph":[{"@type":"WebPage","@id":"https:\/\/glareone.eu\/de\/product\/glareone-reflector-100x150-5in1\/","url":"https:\/\/glareone.eu\/de\/product\/glareone-reflector-100x150-5in1\/","name":"GlareOne Reflector 100x150 - blenda na ramie 5w1","isPartOf":{"@id":"https:\/\/glareone.eu\/de\/en\/#website"},"primaryImageOfPage":{"@id":"https:\/\/glareone.eu\/de\/product\/glareone-reflector-100x150-5in1\/#primaryimage"},"image":{"@id":"https:\/\/glareone.eu\/de\/product\/glareone-reflector-100x150-5in1\/#primaryimage"},"thumbnailUrl":"https:\/\/glareone.eu\/wp-content\/uploads\/2024\/04\/SBSPAN100X150_05.jpg","datePublished":"2024-04-18T19:26:22+00:00","dateModified":"2024-05-06T07:18:43+00:00","description":"GlareOne Reflector 100x150 - blenda na ramie 5w1","breadcrumb":{"@id":"https:\/\/glareone.eu\/de\/product\/glareone-reflector-100x150-5in1\/#breadcrumb"},"inLanguage":"de","potentialAction":[{"@type":"ReadAction","target":["https:\/\/glareone.eu\/de\/product\/glareone-reflector-100x150-5in1\/"]}]},{"@type":"ImageObject","inLanguage":"de","@id":"https:\/\/glareone.eu\/de\/product\/glareone-reflector-100x150-5in1\/#primaryimage","url":"https:\/\/glareone.eu\/wp-content\/uploads\/2024\/04\/SBSPAN100X150_05.jpg","contentUrl":"https:\/\/glareone.eu\/wp-content\/uploads\/2024\/04\/SBSPAN100X150_05.jpg","width":1200,"height":1200},{"@type":"BreadcrumbList","@id":"https:\/\/glareone.eu\/de\/product\/glareone-reflector-100x150-5in1\/#breadcrumb","itemListElement":[{"@type":"ListItem","position":1,"name":"Strona g\u0142\u00f3wna","item":"https:\/\/glareone.eu\/de\/"},{"@type":"ListItem","position":2,"name":"Alle Produkte","item":"https:\/\/glareone.eu\/de\/produkte\/alle-produkte\/"},{"@type":"ListItem","position":3,"name":"GlareOne Reflector 100&#215;150 5in1"}]},{"@type":"WebSite","@id":"https:\/\/glareone.eu\/de\/en\/#website","url":"https:\/\/glareone.eu\/de\/en\/","name":"GlareOne","description":"Wyposa\u017cenie Studia","publisher":{"@id":"https:\/\/glareone.eu\/de\/en\/#organization"},"potentialAction":[{"@type":"SearchAction","target":{"@type":"EntryPoint","urlTemplate":"https:\/\/glareone.eu\/de\/en\/?s={search_term_string}"},"query-input":{"@type":"PropertyValueSpecification","valueRequired":true,"valueName":"search_term_string"}}],"inLanguage":"de"},{"@type":"Organization","@id":"https:\/\/glareone.eu\/de\/en\/#organization","name":"GlareOne","url":"https:\/\/glareone.eu\/de\/en\/","logo":{"@type":"ImageObject","inLanguage":"de","@id":"https:\/\/glareone.eu\/de\/en\/#\/schema\/logo\/image\/","url":"http:\/\/glareone.eu\/wp-content\/uploads\/2024\/05\/glareone_logo2020_RGB-01-e1715773127189.png","contentUrl":"http:\/\/glareone.eu\/wp-content\/uploads\/2024\/05\/glareone_logo2020_RGB-01-e1715773127189.png","width":1270,"height":321,"caption":"GlareOne"},"image":{"@id":"https:\/\/glareone.eu\/de\/en\/#\/schema\/logo\/image\/"},"sameAs":["https:\/\/www.facebook.com\/GlareOneLighting","https:\/\/www.instagram.com\/glareonelighting\/","https:\/\/www.youtube.com\/@GlareOneTV"]}]}},"_links":{"self":[{"href":"https:\/\/glareone.eu\/de\/wp-json\/wp\/v2\/product\/4097","targetHints":{"allow":["GET"]}}],"collection":[{"href":"https:\/\/glareone.eu\/de\/wp-json\/wp\/v2\/product"}],"about":[{"href":"https:\/\/glareone.eu\/de\/wp-json\/wp\/v2\/types\/product"}],"wp:featuredmedia":[{"embeddable":true,"href":"https:\/\/glareone.eu\/de\/wp-json\/wp\/v2\/media\/4070"}],"wp:attachment":[{"href":"https:\/\/glareone.eu\/de\/wp-json\/wp\/v2\/media?parent=4097"}],"wp:term":[{"taxonomy":"product_brand","embeddable":true,"href":"https:\/\/glareone.eu\/de\/wp-json\/wp\/v2\/product_brand?post=4097"},{"taxonomy":"product_cat","embeddable":true,"href":"https:\/\/glareone.eu\/de\/wp-json\/wp\/v2\/product_cat?post=4097"},{"taxonomy":"product_tag","embeddable":true,"href":"https:\/\/glareone.eu\/de\/wp-json\/wp\/v2\/product_tag?post=4097"}],"curies":[{"name":"wp","href":"https:\/\/api.w.org\/{rel}","templated":true}]}}