{"id":3990,"date":"2024-04-18T19:26:18","date_gmt":"2024-04-18T19:26:18","guid":{"rendered":"http:\/\/glareone.eu\/produkt\/glareone-air-a-275\/"},"modified":"2024-04-26T13:27:42","modified_gmt":"2024-04-26T13:27:42","slug":"glareone-air-a-275","status":"publish","type":"product","link":"https:\/\/glareone.eu\/de\/product\/glareone-air-a-275\/","title":{"rendered":"GlareOne Air A-275"},"content":{"rendered":"<p>Das GlareOne Air A-275 ist ein stabiles, sto\u00dfd\u00e4mpfendes, vielseitiges Studio-Stativ mit einem beidseitigen Mandrel, das eine hohe Vielseitigkeit und Qualit\u00e4t bietet.<\/p>\n<h3>Produktmerkmale:<\/h3>\n<ul>\n<li>3-Segment-Mittels\u00e4ule, erh\u00f6ht die Stabilit\u00e4t des Stativs &#8211; je weniger Segmente, desto gr\u00f6\u00dfer die Stabilit\u00e4t. Dank der dreisegmentigen Mittels\u00e4ule und des verbesserten Segmentverriegelungssystems war es m\u00f6glich, kleinere Durchmesser der einzelnen Sektionen am Stativ zu verwenden. Dies reduzierte das Gewicht des Stativs, ohne seine Stabilit\u00e4t und Tragf\u00e4higkeit zu beeintr\u00e4chtigen.<\/li>\n<li>Eine Tasche ist im Set enthalten.<\/li>\n<li>Alle Stativteile sind aus Aluminium\/Stahl gefertigt.<\/li>\n<li>Verbessertes System zur Blockierung von Segmenten\/Stativen, Mittels\u00e4ule &#8211; mit einer Druckplatte &#8211; verhindert eine Verformung der Elemente der Mittels\u00e4ule, z. B. wenn sie zu fest geschraubt wird, hat nicht den Mangel des L\u00f6sen des S\u00e4ulenblockierens wie andere Stative dieser Art &#8211; bei denen die Blockierung nach dem Klemmen\/Dr\u00fccken-Prinzip funktioniert.<\/li>\n<li>Segmentdurchmesser 30, 25, 20 mm, Beindurchmesser 22 mm.<\/li>\n<li>Luftbremse zum Schutz Ihrer Studioausr\u00fcstung vor mechanischen Besch\u00e4digungen, z. B. w\u00e4hrend der H\u00f6hen\u00e4nderungen.<\/li>\n<li>Unverzichtbar bei Studioarbeit und Outdoor-Sessions.<\/li>\n<li>Hergestellt aus hochwertigen Materialien, die mechanische Sch\u00e4den widerstehen.<\/li>\n<li>Funktioniert fantastisch in Zusammenarbeit mit schattenlosen Tischen, Beleuchtungsk\u00f6rpern und Blitzen.<\/li>\n<li>Die reibungslose H\u00f6henverstellung erm\u00f6glicht es, die H\u00f6he des Stativs an die individuellen Bed\u00fcrfnisse des Fotografen anzupassen.<\/li>\n<li>Das geringe Gewicht und die kompakte Gr\u00f6\u00dfe nach dem Zusammenklappen machen GlareOne-Stative zu einem problemlosen Begleiter auch auf langen Reisen.<\/li>\n<li>Ausgestattet mit einem Stab mit zwei Enden 1\/4 &#8211; 3\/8 Zoll.<\/li>\n<\/ul>\n<h3>Verf\u00fcgbare Versionen von GlareOne Air:<\/h3>\n<ul>\n<li>Lichtstativ A-275 &#8211; 260 cm mit abnehmbarem Mandrell.<\/li>\n<li>Lichtstativ A-360 &#8211; 360 cm mit abnehmbarem Mandrell.<\/li>\n<\/ul>\n","protected":false},"excerpt":{"rendered":"<p>Das GlareOne Air A-275 ist ein stabiles, sto\u00dfd\u00e4mpfendes, vielseitiges Studio-Stativ mit einem beidseitigen Mandrel, das eine hohe Vielseitigkeit und Qualit\u00e4t bietet. Produktmerkmale: 3-Segment-Mittels\u00e4ule, erh\u00f6ht die Stabilit\u00e4t des Stativs &#8211; je weniger Segmente, desto gr\u00f6\u00dfer die Stabilit\u00e4t. Dank der dreisegmentigen Mittels\u00e4ule und des verbesserten Segmentverriegelungssystems war es m\u00f6glich, kleinere Durchmesser der einzelnen Sektionen am Stativ zu [&hellip;]<\/p>\n","protected":false},"featured_media":3963,"template":"","meta":[],"product_brand":[],"product_cat":[474],"product_tag":[],"class_list":{"0":"post-3990","1":"product","2":"type-product","3":"status-publish","4":"has-post-thumbnail","6":"product_cat-klassische-stative","8":"first","9":"instock","10":"product-type-simple"},"yoast_head":"<!-- This site is optimized with the Yoast SEO plugin v27.2 - https:\/\/yoast.com\/product\/yoast-seo-wordpress\/ -->\n<title>GlareOne Statyw o\u015bwietleniowy Air A-275 z hamulcem powietrznym<\/title>\n<meta name=\"description\" content=\"GlareOne Statyw o\u015bwietleniowy Air A-275 z hamulcem powietrznym\" \/>\n<meta name=\"robots\" content=\"index, follow, max-snippet:-1, max-image-preview:large, max-video-preview:-1\" \/>\n<link rel=\"canonical\" href=\"https:\/\/glareone.eu\/de\/product\/glareone-air-a-275\/\" \/>\n<meta property=\"og:locale\" content=\"de_DE\" \/>\n<meta property=\"og:type\" content=\"article\" \/>\n<meta property=\"og:title\" content=\"GlareOne Statyw o\u015bwietleniowy Air A-275 z hamulcem powietrznym\" \/>\n<meta property=\"og:description\" content=\"GlareOne Statyw o\u015bwietleniowy Air A-275 z hamulcem powietrznym\" \/>\n<meta property=\"og:url\" content=\"https:\/\/glareone.eu\/de\/product\/glareone-air-a-275\/\" \/>\n<meta property=\"og:site_name\" content=\"GlareOne\" \/>\n<meta property=\"article:publisher\" content=\"https:\/\/www.facebook.com\/GlareOneLighting\" \/>\n<meta property=\"article:modified_time\" content=\"2024-04-26T13:27:42+00:00\" \/>\n<meta property=\"og:image\" content=\"https:\/\/glareone.eu\/wp-content\/uploads\/2024\/04\/SLSA275_001.jpg\" \/>\n\t<meta property=\"og:image:width\" content=\"1000\" \/>\n\t<meta property=\"og:image:height\" content=\"1000\" \/>\n\t<meta property=\"og:image:type\" content=\"image\/jpeg\" \/>\n<meta name=\"twitter:card\" content=\"summary_large_image\" \/>\n<meta name=\"twitter:title\" content=\"GlareOne Statyw o\u015bwietleniowy Air A-275 z hamulcem powietrznym\" \/>\n<meta name=\"twitter:label1\" content=\"Gesch\u00e4tzte Lesezeit\" \/>\n\t<meta name=\"twitter:data1\" content=\"2\u00a0Minuten\" \/>\n<script type=\"application\/ld+json\" class=\"yoast-schema-graph\">{\"@context\":\"https:\/\/schema.org\",\"@graph\":[{\"@type\":\"WebPage\",\"@id\":\"https:\/\/glareone.eu\/de\/product\/glareone-air-a-275\/\",\"url\":\"https:\/\/glareone.eu\/de\/product\/glareone-air-a-275\/\",\"name\":\"GlareOne Statyw o\u015bwietleniowy Air A-275 z hamulcem powietrznym\",\"isPartOf\":{\"@id\":\"https:\/\/glareone.eu\/de\/en\/#website\"},\"primaryImageOfPage\":{\"@id\":\"https:\/\/glareone.eu\/de\/product\/glareone-air-a-275\/#primaryimage\"},\"image\":{\"@id\":\"https:\/\/glareone.eu\/de\/product\/glareone-air-a-275\/#primaryimage\"},\"thumbnailUrl\":\"https:\/\/glareone.eu\/wp-content\/uploads\/2024\/04\/SLSA275_001.jpg\",\"datePublished\":\"2024-04-18T19:26:18+00:00\",\"dateModified\":\"2024-04-26T13:27:42+00:00\",\"description\":\"GlareOne Statyw o\u015bwietleniowy Air A-275 z hamulcem powietrznym\",\"breadcrumb\":{\"@id\":\"https:\/\/glareone.eu\/de\/product\/glareone-air-a-275\/#breadcrumb\"},\"inLanguage\":\"de\",\"potentialAction\":[{\"@type\":\"ReadAction\",\"target\":[\"https:\/\/glareone.eu\/de\/product\/glareone-air-a-275\/\"]}]},{\"@type\":\"ImageObject\",\"inLanguage\":\"de\",\"@id\":\"https:\/\/glareone.eu\/de\/product\/glareone-air-a-275\/#primaryimage\",\"url\":\"https:\/\/glareone.eu\/wp-content\/uploads\/2024\/04\/SLSA275_001.jpg\",\"contentUrl\":\"https:\/\/glareone.eu\/wp-content\/uploads\/2024\/04\/SLSA275_001.jpg\",\"width\":1000,\"height\":1000},{\"@type\":\"BreadcrumbList\",\"@id\":\"https:\/\/glareone.eu\/de\/product\/glareone-air-a-275\/#breadcrumb\",\"itemListElement\":[{\"@type\":\"ListItem\",\"position\":1,\"name\":\"Strona g\u0142\u00f3wna\",\"item\":\"https:\/\/glareone.eu\/de\/\"},{\"@type\":\"ListItem\",\"position\":2,\"name\":\"Alle Produkte\",\"item\":\"https:\/\/glareone.eu\/de\/produkte\/alle-produkte\/\"},{\"@type\":\"ListItem\",\"position\":3,\"name\":\"GlareOne Air A-275\"}]},{\"@type\":\"WebSite\",\"@id\":\"https:\/\/glareone.eu\/de\/en\/#website\",\"url\":\"https:\/\/glareone.eu\/de\/en\/\",\"name\":\"GlareOne\",\"description\":\"Wyposa\u017cenie Studia\",\"publisher\":{\"@id\":\"https:\/\/glareone.eu\/de\/en\/#organization\"},\"potentialAction\":[{\"@type\":\"SearchAction\",\"target\":{\"@type\":\"EntryPoint\",\"urlTemplate\":\"https:\/\/glareone.eu\/de\/en\/?s={search_term_string}\"},\"query-input\":{\"@type\":\"PropertyValueSpecification\",\"valueRequired\":true,\"valueName\":\"search_term_string\"}}],\"inLanguage\":\"de\"},{\"@type\":\"Organization\",\"@id\":\"https:\/\/glareone.eu\/de\/en\/#organization\",\"name\":\"GlareOne\",\"url\":\"https:\/\/glareone.eu\/de\/en\/\",\"logo\":{\"@type\":\"ImageObject\",\"inLanguage\":\"de\",\"@id\":\"https:\/\/glareone.eu\/de\/en\/#\/schema\/logo\/image\/\",\"url\":\"http:\/\/glareone.eu\/wp-content\/uploads\/2024\/05\/glareone_logo2020_RGB-01-e1715773127189.png\",\"contentUrl\":\"http:\/\/glareone.eu\/wp-content\/uploads\/2024\/05\/glareone_logo2020_RGB-01-e1715773127189.png\",\"width\":1270,\"height\":321,\"caption\":\"GlareOne\"},\"image\":{\"@id\":\"https:\/\/glareone.eu\/de\/en\/#\/schema\/logo\/image\/\"},\"sameAs\":[\"https:\/\/www.facebook.com\/GlareOneLighting\",\"https:\/\/www.instagram.com\/glareonelighting\/\",\"https:\/\/www.youtube.com\/@GlareOneTV\"]}]}<\/script>\n<!-- \/ Yoast SEO plugin. -->","yoast_head_json":{"title":"GlareOne Statyw o\u015bwietleniowy Air A-275 z hamulcem powietrznym","description":"GlareOne Statyw o\u015bwietleniowy Air A-275 z hamulcem powietrznym","robots":{"index":"index","follow":"follow","max-snippet":"max-snippet:-1","max-image-preview":"max-image-preview:large","max-video-preview":"max-video-preview:-1"},"canonical":"https:\/\/glareone.eu\/de\/product\/glareone-air-a-275\/","og_locale":"de_DE","og_type":"article","og_title":"GlareOne Statyw o\u015bwietleniowy Air A-275 z hamulcem powietrznym","og_description":"GlareOne Statyw o\u015bwietleniowy Air A-275 z hamulcem powietrznym","og_url":"https:\/\/glareone.eu\/de\/product\/glareone-air-a-275\/","og_site_name":"GlareOne","article_publisher":"https:\/\/www.facebook.com\/GlareOneLighting","article_modified_time":"2024-04-26T13:27:42+00:00","og_image":[{"width":1000,"height":1000,"url":"https:\/\/glareone.eu\/wp-content\/uploads\/2024\/04\/SLSA275_001.jpg","type":"image\/jpeg"}],"twitter_card":"summary_large_image","twitter_title":"GlareOne Statyw o\u015bwietleniowy Air A-275 z hamulcem powietrznym","twitter_misc":{"Gesch\u00e4tzte Lesezeit":"2\u00a0Minuten"},"schema":{"@context":"https:\/\/schema.org","@graph":[{"@type":"WebPage","@id":"https:\/\/glareone.eu\/de\/product\/glareone-air-a-275\/","url":"https:\/\/glareone.eu\/de\/product\/glareone-air-a-275\/","name":"GlareOne Statyw o\u015bwietleniowy Air A-275 z hamulcem powietrznym","isPartOf":{"@id":"https:\/\/glareone.eu\/de\/en\/#website"},"primaryImageOfPage":{"@id":"https:\/\/glareone.eu\/de\/product\/glareone-air-a-275\/#primaryimage"},"image":{"@id":"https:\/\/glareone.eu\/de\/product\/glareone-air-a-275\/#primaryimage"},"thumbnailUrl":"https:\/\/glareone.eu\/wp-content\/uploads\/2024\/04\/SLSA275_001.jpg","datePublished":"2024-04-18T19:26:18+00:00","dateModified":"2024-04-26T13:27:42+00:00","description":"GlareOne Statyw o\u015bwietleniowy Air A-275 z hamulcem powietrznym","breadcrumb":{"@id":"https:\/\/glareone.eu\/de\/product\/glareone-air-a-275\/#breadcrumb"},"inLanguage":"de","potentialAction":[{"@type":"ReadAction","target":["https:\/\/glareone.eu\/de\/product\/glareone-air-a-275\/"]}]},{"@type":"ImageObject","inLanguage":"de","@id":"https:\/\/glareone.eu\/de\/product\/glareone-air-a-275\/#primaryimage","url":"https:\/\/glareone.eu\/wp-content\/uploads\/2024\/04\/SLSA275_001.jpg","contentUrl":"https:\/\/glareone.eu\/wp-content\/uploads\/2024\/04\/SLSA275_001.jpg","width":1000,"height":1000},{"@type":"BreadcrumbList","@id":"https:\/\/glareone.eu\/de\/product\/glareone-air-a-275\/#breadcrumb","itemListElement":[{"@type":"ListItem","position":1,"name":"Strona g\u0142\u00f3wna","item":"https:\/\/glareone.eu\/de\/"},{"@type":"ListItem","position":2,"name":"Alle Produkte","item":"https:\/\/glareone.eu\/de\/produkte\/alle-produkte\/"},{"@type":"ListItem","position":3,"name":"GlareOne Air A-275"}]},{"@type":"WebSite","@id":"https:\/\/glareone.eu\/de\/en\/#website","url":"https:\/\/glareone.eu\/de\/en\/","name":"GlareOne","description":"Wyposa\u017cenie Studia","publisher":{"@id":"https:\/\/glareone.eu\/de\/en\/#organization"},"potentialAction":[{"@type":"SearchAction","target":{"@type":"EntryPoint","urlTemplate":"https:\/\/glareone.eu\/de\/en\/?s={search_term_string}"},"query-input":{"@type":"PropertyValueSpecification","valueRequired":true,"valueName":"search_term_string"}}],"inLanguage":"de"},{"@type":"Organization","@id":"https:\/\/glareone.eu\/de\/en\/#organization","name":"GlareOne","url":"https:\/\/glareone.eu\/de\/en\/","logo":{"@type":"ImageObject","inLanguage":"de","@id":"https:\/\/glareone.eu\/de\/en\/#\/schema\/logo\/image\/","url":"http:\/\/glareone.eu\/wp-content\/uploads\/2024\/05\/glareone_logo2020_RGB-01-e1715773127189.png","contentUrl":"http:\/\/glareone.eu\/wp-content\/uploads\/2024\/05\/glareone_logo2020_RGB-01-e1715773127189.png","width":1270,"height":321,"caption":"GlareOne"},"image":{"@id":"https:\/\/glareone.eu\/de\/en\/#\/schema\/logo\/image\/"},"sameAs":["https:\/\/www.facebook.com\/GlareOneLighting","https:\/\/www.instagram.com\/glareonelighting\/","https:\/\/www.youtube.com\/@GlareOneTV"]}]}},"_links":{"self":[{"href":"https:\/\/glareone.eu\/de\/wp-json\/wp\/v2\/product\/3990","targetHints":{"allow":["GET"]}}],"collection":[{"href":"https:\/\/glareone.eu\/de\/wp-json\/wp\/v2\/product"}],"about":[{"href":"https:\/\/glareone.eu\/de\/wp-json\/wp\/v2\/types\/product"}],"wp:featuredmedia":[{"embeddable":true,"href":"https:\/\/glareone.eu\/de\/wp-json\/wp\/v2\/media\/3963"}],"wp:attachment":[{"href":"https:\/\/glareone.eu\/de\/wp-json\/wp\/v2\/media?parent=3990"}],"wp:term":[{"taxonomy":"product_brand","embeddable":true,"href":"https:\/\/glareone.eu\/de\/wp-json\/wp\/v2\/product_brand?post=3990"},{"taxonomy":"product_cat","embeddable":true,"href":"https:\/\/glareone.eu\/de\/wp-json\/wp\/v2\/product_cat?post=3990"},{"taxonomy":"product_tag","embeddable":true,"href":"https:\/\/glareone.eu\/de\/wp-json\/wp\/v2\/product_tag?post=3990"}],"curies":[{"name":"wp","href":"https:\/\/api.w.org\/{rel}","templated":true}]}}