{"id":3788,"date":"2024-04-18T19:26:24","date_gmt":"2024-04-18T19:26:24","guid":{"rendered":"http:\/\/glareone.eu\/produkt\/glareone-heavy-glide-statyw-typu-boom\/"},"modified":"2024-04-26T12:49:24","modified_gmt":"2024-04-26T12:49:24","slug":"glareone-heavy-glide","status":"publish","type":"product","link":"https:\/\/glareone.eu\/de\/product\/glareone-heavy-glide\/","title":{"rendered":"GlareOne Heavy Glide"},"content":{"rendered":"<h3>Haltbarkeit<\/h3>\n<p>Der Heavy Glide ist ein Stativ, das vollst\u00e4ndig aus verchromtem Edelstahl gefertigt ist und f\u00fcr eine langj\u00e4hrige Haltbarkeit und St\u00e4rke ausgelegt ist. Alle Klemmen und ihre Kn\u00f6pfe, das Verbindungselement der Beine, der Mechanismus zum Brechen der Mittels\u00e4ule und die Aufh\u00e4ngung der Rollen sind aus Metall gefertigt.<\/p>\n<h3>Stabilit\u00e4t<\/h3>\n<p>Der Heavy Glide ist ein schweres Stativ mit einem Gewicht von fast 20 kg und schweren Stahlrohren. Seine Beine bestehen aus geschlossenen Abschnitten von 25 x 25 mm, die in Kombination mit den Rollen eine Basisbreite von 144 cm ergeben. Dies in Verbindung mit den Stahlverbindern und Klemmen macht den Heavy Glide zu einem sehr stabilen Stativ.<\/p>\n<h3>Tragf\u00e4higkeit<\/h3>\n<p>Die Mittels\u00e4ule kann bis zu 30 kg tragen, was es auch mit den gr\u00f6\u00dften Softboxen und Regenschirmen einfach zu verwenden macht. Wenn Sie ein Fotoset von oben beleuchten m\u00fcssen, indem Sie eine Lampe mit einer Softbox von 120 cm Durchmesser (oder gr\u00f6\u00dfer) verwenden, ist der GlareOne Heavy Glide die beste Wahl.<\/p>\n<h3>Ausleger<\/h3>\n<p>Der Heavy Glide ist mit einem Mechanismus zum Brechen der Mittels\u00e4ule ausgestattet, der ihn zu einem 2-in-1-Stativ macht. Wenn die Mittels\u00e4ule vertikal arbeitet, erreicht sie eine maximale H\u00f6he von 530 cm. Dieses Stativ sollte in jedem Foto- und Filmstudio vorhanden sein, da es Ihnen erm\u00f6glicht, die Lampe sicher \u00fcber das Set f\u00fcr die Overhead-Beleuchtung zu platzieren. Ein Kran ist auch n\u00fctzlich, wenn die Lampe \u00fcber der Kamera oder dem Camcorder aufgeh\u00e4ngt werden muss, was mit einem normalen Stativ umst\u00e4ndlich oder sogar unm\u00f6glich sein kann.<\/p>\n<h3>Bergbein<\/h3>\n<p>Die L\u00e4nge eines der Beine kann eingestellt werden, was es m\u00f6glich macht, es an Orten aufzustellen, an denen normale Stative nicht sicher stehen k\u00f6nnten. Der Mechanismus des &#8222;Bergbeins&#8220; erleichtert es, den Heavy Glide auf unebenem Gel\u00e4nde zu platzieren und richtig auszurichten, was f\u00fcr die Sicherheit am Set sehr gut ist.<\/p>\n<h3>Kopf<\/h3>\n<p>Der Heavy Glide ist mit einem robusten Kopf ausgestattet, der \u00fcber eine 29 mm Juniorbuchse und einen 16 mm Stift f\u00fcr die direkte Lampenmontage verf\u00fcgt. Der Stift kann im Inneren des Kopfes versteckt oder senkrecht und parallel zu seiner Achse montiert werden. Um zu verhindern, dass sich die Lampe w\u00e4hrend des Betriebs auf dem Kran dreht, ist der Stiel gerillt. Der Kopf ist mit einer Befestigungsm\u00f6glichkeit f\u00fcr Zurrgurte ausgestattet, die zur Stabilisierung bei Arbeiten in gro\u00dfer H\u00f6he, beim Aufstellen auf unebenem Gel\u00e4nde oder zur Stabilisierung bei Windb\u00f6en im Freien verwendet werden.<\/p>\n<h3>Details<\/h3>\n<p>Fast alle Verbindungen an diesem Stativ werden mit Schrauben und nicht mit den \u00fcblicherweise bei billigeren Stativen verwendeten Nieten hergestellt. Der Heavy Glide wird mit einem Satz Schraubenschl\u00fcssel geliefert, die ben\u00f6tigt werden, um die Rollen anzubringen und die Schrauben bei Bedarf festzuziehen. Der Neigemechanismus des Arms ist mit einem gro\u00dfen Griff ausgestattet, der einen festen Griff garantiert, der f\u00fcr sicheres Arbeiten so wichtig ist. Das andere Ende des Arms ist mit einer Schlaufe zum Aufh\u00e4ngen des Gegengewichts versehen. Die Rollen haben einen gro\u00dfen Durchmesser (10 mm) und sind mit Bremsen ausgestattet. Alle Abschnitte des Stativs sind durch Federn ged\u00e4mpft.<\/p>\n<h3>Produktmerkmale:<\/h3>\n<ul>\n<li>Schwerlast-Stahlstativ f\u00fcr spezielle Aufgaben<\/li>\n<li>Kann dank der klappbaren Mittels\u00e4ule als Ausleger verwendet werden<\/li>\n<li>Ideal f\u00fcr den Einsatz mit einem Studio-Licht und gro\u00dfen Softboxen<\/li>\n<li>Erreicht \u00fcber 5 Meter maximale H\u00f6he<\/li>\n<li>Es hat eine sehr breite Beinbasis, die eine gro\u00dfe Stabilit\u00e4t bietet<\/li>\n<li>Abschnittsklemmen und Armmechanismus sind aus Metall<\/li>\n<li>Es hat einen Kopf mit einem einziehbaren Stift von 3\/8&#8243; (16 mm) und einer Juniorbuchse von 29,5 mm<\/li>\n<li>Die Klemmkn\u00f6pfe sind gro\u00df und ergonomisch geformt<\/li>\n<li>Die maximale Arml\u00e4nge betr\u00e4gt 240 cm<\/li>\n<li>Ist mit R\u00e4dern ausgestattet<\/li>\n<li>Kann bis zu 30 kg heben<\/li>\n<li>Ist mit Federd\u00e4mpfung der Abschnitte ausgestattet<\/li>\n<li>Wird komplett mit den f\u00fcr die Montage erforderlichen Schl\u00fcsseln, Rollen und einer Gegengewichtstasche geliefert<\/li>\n<\/ul>\n","protected":false},"excerpt":{"rendered":"<p>Haltbarkeit Der Heavy Glide ist ein Stativ, das vollst\u00e4ndig aus verchromtem Edelstahl gefertigt ist und f\u00fcr eine langj\u00e4hrige Haltbarkeit und St\u00e4rke ausgelegt ist. Alle Klemmen und ihre Kn\u00f6pfe, das Verbindungselement der Beine, der Mechanismus zum Brechen der Mittels\u00e4ule und die Aufh\u00e4ngung der Rollen sind aus Metall gefertigt. Stabilit\u00e4t Der Heavy Glide ist ein schweres Stativ [&hellip;]<\/p>\n","protected":false},"featured_media":19939,"template":"","meta":[],"product_brand":[],"product_cat":[413],"product_tag":[],"class_list":{"0":"post-3788","1":"product","2":"type-product","3":"status-publish","4":"has-post-thumbnail","6":"product_cat-glide-de","8":"first","9":"instock","10":"product-type-simple"},"yoast_head":"<!-- This site is optimized with the Yoast SEO plugin v27.2 - https:\/\/yoast.com\/product\/yoast-seo-wordpress\/ -->\n<title>GlareOne Heavy Glide - statyw typu boom<\/title>\n<meta name=\"description\" content=\"GlareOne Heavy Glide - statyw typu boom\" \/>\n<meta name=\"robots\" content=\"index, follow, max-snippet:-1, max-image-preview:large, max-video-preview:-1\" \/>\n<link rel=\"canonical\" href=\"https:\/\/glareone.eu\/de\/product\/glareone-heavy-glide\/\" \/>\n<meta property=\"og:locale\" content=\"de_DE\" \/>\n<meta property=\"og:type\" content=\"article\" \/>\n<meta property=\"og:title\" content=\"GlareOne Heavy Glide - statyw typu boom\" \/>\n<meta property=\"og:description\" content=\"GlareOne Heavy Glide - statyw typu boom\" \/>\n<meta property=\"og:url\" content=\"https:\/\/glareone.eu\/de\/product\/glareone-heavy-glide\/\" \/>\n<meta property=\"og:site_name\" content=\"GlareOne\" \/>\n<meta property=\"article:publisher\" content=\"https:\/\/www.facebook.com\/GlareOneLighting\" \/>\n<meta property=\"article:modified_time\" content=\"2024-04-26T12:49:24+00:00\" \/>\n<meta property=\"og:image\" content=\"https:\/\/glareone.eu\/wp-content\/uploads\/2024\/04\/GlareOne-Heavy-Glide-10-6.jpg\" \/>\n\t<meta property=\"og:image:width\" content=\"1200\" \/>\n\t<meta property=\"og:image:height\" content=\"1200\" \/>\n\t<meta property=\"og:image:type\" content=\"image\/jpeg\" \/>\n<meta name=\"twitter:card\" content=\"summary_large_image\" \/>\n<meta name=\"twitter:title\" content=\"GlareOne Heavy Glide - statyw typu boom\" \/>\n<meta name=\"twitter:label1\" content=\"Gesch\u00e4tzte Lesezeit\" \/>\n\t<meta name=\"twitter:data1\" content=\"4\u00a0Minuten\" \/>\n<script type=\"application\/ld+json\" class=\"yoast-schema-graph\">{\"@context\":\"https:\/\/schema.org\",\"@graph\":[{\"@type\":\"WebPage\",\"@id\":\"https:\/\/glareone.eu\/de\/product\/glareone-heavy-glide\/\",\"url\":\"https:\/\/glareone.eu\/de\/product\/glareone-heavy-glide\/\",\"name\":\"GlareOne Heavy Glide - statyw typu boom\",\"isPartOf\":{\"@id\":\"https:\/\/glareone.eu\/de\/en\/#website\"},\"primaryImageOfPage\":{\"@id\":\"https:\/\/glareone.eu\/de\/product\/glareone-heavy-glide\/#primaryimage\"},\"image\":{\"@id\":\"https:\/\/glareone.eu\/de\/product\/glareone-heavy-glide\/#primaryimage\"},\"thumbnailUrl\":\"https:\/\/glareone.eu\/wp-content\/uploads\/2024\/04\/GlareOne-Heavy-Glide-10-6.jpg\",\"datePublished\":\"2024-04-18T19:26:24+00:00\",\"dateModified\":\"2024-04-26T12:49:24+00:00\",\"description\":\"GlareOne Heavy Glide - statyw typu boom\",\"breadcrumb\":{\"@id\":\"https:\/\/glareone.eu\/de\/product\/glareone-heavy-glide\/#breadcrumb\"},\"inLanguage\":\"de\",\"potentialAction\":[{\"@type\":\"ReadAction\",\"target\":[\"https:\/\/glareone.eu\/de\/product\/glareone-heavy-glide\/\"]}]},{\"@type\":\"ImageObject\",\"inLanguage\":\"de\",\"@id\":\"https:\/\/glareone.eu\/de\/product\/glareone-heavy-glide\/#primaryimage\",\"url\":\"https:\/\/glareone.eu\/wp-content\/uploads\/2024\/04\/GlareOne-Heavy-Glide-10-6.jpg\",\"contentUrl\":\"https:\/\/glareone.eu\/wp-content\/uploads\/2024\/04\/GlareOne-Heavy-Glide-10-6.jpg\",\"width\":1200,\"height\":1200},{\"@type\":\"BreadcrumbList\",\"@id\":\"https:\/\/glareone.eu\/de\/product\/glareone-heavy-glide\/#breadcrumb\",\"itemListElement\":[{\"@type\":\"ListItem\",\"position\":1,\"name\":\"Strona g\u0142\u00f3wna\",\"item\":\"https:\/\/glareone.eu\/de\/\"},{\"@type\":\"ListItem\",\"position\":2,\"name\":\"Alle Produkte\",\"item\":\"https:\/\/glareone.eu\/de\/produkte\/alle-produkte\/\"},{\"@type\":\"ListItem\",\"position\":3,\"name\":\"GlareOne Heavy Glide\"}]},{\"@type\":\"WebSite\",\"@id\":\"https:\/\/glareone.eu\/de\/en\/#website\",\"url\":\"https:\/\/glareone.eu\/de\/en\/\",\"name\":\"GlareOne\",\"description\":\"Wyposa\u017cenie Studia\",\"publisher\":{\"@id\":\"https:\/\/glareone.eu\/de\/en\/#organization\"},\"potentialAction\":[{\"@type\":\"SearchAction\",\"target\":{\"@type\":\"EntryPoint\",\"urlTemplate\":\"https:\/\/glareone.eu\/de\/en\/?s={search_term_string}\"},\"query-input\":{\"@type\":\"PropertyValueSpecification\",\"valueRequired\":true,\"valueName\":\"search_term_string\"}}],\"inLanguage\":\"de\"},{\"@type\":\"Organization\",\"@id\":\"https:\/\/glareone.eu\/de\/en\/#organization\",\"name\":\"GlareOne\",\"url\":\"https:\/\/glareone.eu\/de\/en\/\",\"logo\":{\"@type\":\"ImageObject\",\"inLanguage\":\"de\",\"@id\":\"https:\/\/glareone.eu\/de\/en\/#\/schema\/logo\/image\/\",\"url\":\"http:\/\/glareone.eu\/wp-content\/uploads\/2024\/05\/glareone_logo2020_RGB-01-e1715773127189.png\",\"contentUrl\":\"http:\/\/glareone.eu\/wp-content\/uploads\/2024\/05\/glareone_logo2020_RGB-01-e1715773127189.png\",\"width\":1270,\"height\":321,\"caption\":\"GlareOne\"},\"image\":{\"@id\":\"https:\/\/glareone.eu\/de\/en\/#\/schema\/logo\/image\/\"},\"sameAs\":[\"https:\/\/www.facebook.com\/GlareOneLighting\",\"https:\/\/www.instagram.com\/glareonelighting\/\",\"https:\/\/www.youtube.com\/@GlareOneTV\"]}]}<\/script>\n<!-- \/ Yoast SEO plugin. -->","yoast_head_json":{"title":"GlareOne Heavy Glide - statyw typu boom","description":"GlareOne Heavy Glide - statyw typu boom","robots":{"index":"index","follow":"follow","max-snippet":"max-snippet:-1","max-image-preview":"max-image-preview:large","max-video-preview":"max-video-preview:-1"},"canonical":"https:\/\/glareone.eu\/de\/product\/glareone-heavy-glide\/","og_locale":"de_DE","og_type":"article","og_title":"GlareOne Heavy Glide - statyw typu boom","og_description":"GlareOne Heavy Glide - statyw typu boom","og_url":"https:\/\/glareone.eu\/de\/product\/glareone-heavy-glide\/","og_site_name":"GlareOne","article_publisher":"https:\/\/www.facebook.com\/GlareOneLighting","article_modified_time":"2024-04-26T12:49:24+00:00","og_image":[{"width":1200,"height":1200,"url":"https:\/\/glareone.eu\/wp-content\/uploads\/2024\/04\/GlareOne-Heavy-Glide-10-6.jpg","type":"image\/jpeg"}],"twitter_card":"summary_large_image","twitter_title":"GlareOne Heavy Glide - statyw typu boom","twitter_misc":{"Gesch\u00e4tzte Lesezeit":"4\u00a0Minuten"},"schema":{"@context":"https:\/\/schema.org","@graph":[{"@type":"WebPage","@id":"https:\/\/glareone.eu\/de\/product\/glareone-heavy-glide\/","url":"https:\/\/glareone.eu\/de\/product\/glareone-heavy-glide\/","name":"GlareOne Heavy Glide - statyw typu boom","isPartOf":{"@id":"https:\/\/glareone.eu\/de\/en\/#website"},"primaryImageOfPage":{"@id":"https:\/\/glareone.eu\/de\/product\/glareone-heavy-glide\/#primaryimage"},"image":{"@id":"https:\/\/glareone.eu\/de\/product\/glareone-heavy-glide\/#primaryimage"},"thumbnailUrl":"https:\/\/glareone.eu\/wp-content\/uploads\/2024\/04\/GlareOne-Heavy-Glide-10-6.jpg","datePublished":"2024-04-18T19:26:24+00:00","dateModified":"2024-04-26T12:49:24+00:00","description":"GlareOne Heavy Glide - statyw typu boom","breadcrumb":{"@id":"https:\/\/glareone.eu\/de\/product\/glareone-heavy-glide\/#breadcrumb"},"inLanguage":"de","potentialAction":[{"@type":"ReadAction","target":["https:\/\/glareone.eu\/de\/product\/glareone-heavy-glide\/"]}]},{"@type":"ImageObject","inLanguage":"de","@id":"https:\/\/glareone.eu\/de\/product\/glareone-heavy-glide\/#primaryimage","url":"https:\/\/glareone.eu\/wp-content\/uploads\/2024\/04\/GlareOne-Heavy-Glide-10-6.jpg","contentUrl":"https:\/\/glareone.eu\/wp-content\/uploads\/2024\/04\/GlareOne-Heavy-Glide-10-6.jpg","width":1200,"height":1200},{"@type":"BreadcrumbList","@id":"https:\/\/glareone.eu\/de\/product\/glareone-heavy-glide\/#breadcrumb","itemListElement":[{"@type":"ListItem","position":1,"name":"Strona g\u0142\u00f3wna","item":"https:\/\/glareone.eu\/de\/"},{"@type":"ListItem","position":2,"name":"Alle Produkte","item":"https:\/\/glareone.eu\/de\/produkte\/alle-produkte\/"},{"@type":"ListItem","position":3,"name":"GlareOne Heavy Glide"}]},{"@type":"WebSite","@id":"https:\/\/glareone.eu\/de\/en\/#website","url":"https:\/\/glareone.eu\/de\/en\/","name":"GlareOne","description":"Wyposa\u017cenie Studia","publisher":{"@id":"https:\/\/glareone.eu\/de\/en\/#organization"},"potentialAction":[{"@type":"SearchAction","target":{"@type":"EntryPoint","urlTemplate":"https:\/\/glareone.eu\/de\/en\/?s={search_term_string}"},"query-input":{"@type":"PropertyValueSpecification","valueRequired":true,"valueName":"search_term_string"}}],"inLanguage":"de"},{"@type":"Organization","@id":"https:\/\/glareone.eu\/de\/en\/#organization","name":"GlareOne","url":"https:\/\/glareone.eu\/de\/en\/","logo":{"@type":"ImageObject","inLanguage":"de","@id":"https:\/\/glareone.eu\/de\/en\/#\/schema\/logo\/image\/","url":"http:\/\/glareone.eu\/wp-content\/uploads\/2024\/05\/glareone_logo2020_RGB-01-e1715773127189.png","contentUrl":"http:\/\/glareone.eu\/wp-content\/uploads\/2024\/05\/glareone_logo2020_RGB-01-e1715773127189.png","width":1270,"height":321,"caption":"GlareOne"},"image":{"@id":"https:\/\/glareone.eu\/de\/en\/#\/schema\/logo\/image\/"},"sameAs":["https:\/\/www.facebook.com\/GlareOneLighting","https:\/\/www.instagram.com\/glareonelighting\/","https:\/\/www.youtube.com\/@GlareOneTV"]}]}},"_links":{"self":[{"href":"https:\/\/glareone.eu\/de\/wp-json\/wp\/v2\/product\/3788","targetHints":{"allow":["GET"]}}],"collection":[{"href":"https:\/\/glareone.eu\/de\/wp-json\/wp\/v2\/product"}],"about":[{"href":"https:\/\/glareone.eu\/de\/wp-json\/wp\/v2\/types\/product"}],"wp:featuredmedia":[{"embeddable":true,"href":"https:\/\/glareone.eu\/de\/wp-json\/wp\/v2\/media\/19939"}],"wp:attachment":[{"href":"https:\/\/glareone.eu\/de\/wp-json\/wp\/v2\/media?parent=3788"}],"wp:term":[{"taxonomy":"product_brand","embeddable":true,"href":"https:\/\/glareone.eu\/de\/wp-json\/wp\/v2\/product_brand?post=3788"},{"taxonomy":"product_cat","embeddable":true,"href":"https:\/\/glareone.eu\/de\/wp-json\/wp\/v2\/product_cat?post=3788"},{"taxonomy":"product_tag","embeddable":true,"href":"https:\/\/glareone.eu\/de\/wp-json\/wp\/v2\/product_tag?post=3788"}],"curies":[{"name":"wp","href":"https:\/\/api.w.org\/{rel}","templated":true}]}}