{"id":3753,"date":"2024-04-18T19:26:20","date_gmt":"2024-04-18T19:26:20","guid":{"rendered":"http:\/\/glareone.eu\/produkt\/glareone-stork-395-statyw-studyjny\/"},"modified":"2024-05-23T10:12:40","modified_gmt":"2024-05-23T10:12:40","slug":"glareone-stork-395","status":"publish","type":"product","link":"https:\/\/glareone.eu\/de\/product\/glareone-stork-395\/","title":{"rendered":"GlareOne Stork 395"},"content":{"rendered":"<p>GlareOne Stork 395 ist ein robustes, luftgefedertes, vielseitiges Studiolichtstativ mit einem umkehrbaren Stift von 5\/8&#8243;, das sich durch seine hohe Vielseitigkeit und Qualit\u00e4t auszeichnet. Dies ist ein ultimatives kompaktes Lichtstativ f\u00fcr jedes Zuhause und jedes professionelle Studio.<\/p>\n<h3>Multifunktional<\/h3>\n<p>Das GlareOne Stork kann als Unterst\u00fctzung f\u00fcr jede Art von Licht verwendet werden, einschlie\u00dflich kompakter Studioblitzger\u00e4te, Blitzk\u00f6pfe, gro\u00dfe LED-Lichter und -Panels, Speedlites und mehr. Dank des umkehrbaren Stifts mit 1\/4&#8243;-20- und 3\/8&#8243;-Schrauben k\u00f6nnen Sie mehrere Zubeh\u00f6rteile wie Halterungen, Klemmen und mehr montieren. Wenn es mit dem GlareOne Kenku 130-Arm verwendet wird, kann es als Reflektorhalter oder sogar als Auslegerst\u00e4nder f\u00fcr kleine Lichter verwendet werden. Wenn zwei St\u00e4nder verf\u00fcgbar sind, k\u00f6nnen Sie die Querstange (separat erh\u00e4ltlich) montieren und sie als mobilen Hintergrundhalter f\u00fcr jede Art von Papier- oder Musselin-Hintergrund verwenden.<\/p>\n<h3>Luftfederung<\/h3>\n<p>Die Verwendung von Luftfedern macht das Stativ benutzerfreundlicher, aber auch f\u00fcr die Lampen selbst, insbesondere in Situationen, in denen gro\u00dfe Lichtmodifikatoren an ihnen befestigt sind. Die Luftfederung verhindert ein pl\u00f6tzliches und unkontrolliertes Absenken der Lampe nach dem Entriegeln des Knopfes des Mittels\u00e4ulenanschlusses.<\/p>\n<h3>Materialien von hoher Qualit\u00e4t<\/h3>\n<p>Die Mittels\u00e4ule und die Beine bestehen aus eloxierten Aluminiumrohren, die ein geringes Gewicht gew\u00e4hrleisten, aber gleichzeitig eine hohe Steifigkeit und Stabilit\u00e4t garantieren. Die Verriegelungskragen sind ebenfalls aus Metall gefertigt, um einen guten Griff und Sicherheit auch nach langem Gebrauch zu gew\u00e4hrleisten. Die einzigen nichtmetallischen Teile sind die Verriegelungskn\u00f6pfe, die aus hochwertigen Kunststoffen hergestellt sind.<\/p>\n<h3>Durchdachtes Design<\/h3>\n<p>Die Kn\u00f6pfe sind ergonomisch geformt und gro\u00df genug, um einen guten Griff zu gew\u00e4hrleisten und ein Einklemmen der Finger beim Einstellen der H\u00f6he zu verhindern. Die Spitzen der Beine sind mit Gummispitzen ausgestattet, um ein Abrutschen auf glatten Oberfl\u00e4chen zu minimieren. Die Oberseite des St\u00e4nders ist mit einem Kopf ausgestattet, der die senkrechte Montage des Stifts erm\u00f6glicht. Die Beine sind bereit f\u00fcr den Einsatz mit separat erh\u00e4ltlichen R\u00e4dern f\u00fcr einen gr\u00f6\u00dferen Komfort bei der Arbeit mit gro\u00dfen Lichtmodifikatoren.<\/p>\n<h3>Eigenschaften:<\/h3>\n<ul>\n<li>Leichtes und robustes Studiolichtstativ f\u00fcr den allgemeinen Gebrauch<\/li>\n<li>Aus Aluminium f\u00fcr geringes Gewicht und lange Lebensdauer<\/li>\n<li>Luftgefedert f\u00fcr zus\u00e4tzliche Sicherheit beim Absenken<\/li>\n<li>Gro\u00dfe Beinbasis f\u00fcr hohe Stabilit\u00e4t<\/li>\n<li>Solide, gegossene Aluminium-Verriegelungskragen f\u00fcr sicheren Griff<\/li>\n<li>Umkehrbare 1\/4&#8243;-20- und 3\/8&#8243;-Schraube auf Standard-5\/8&#8243;-Stift<\/li>\n<li>Mit Knopf bediente Verriegelungskragen f\u00fcr einfache H\u00f6hensteuerung<\/li>\n<li>Gummigepolsterte Beine f\u00fcr besseren Halt auf glatten Oberfl\u00e4chen<\/li>\n<li>Maximale H\u00f6he von 395 cm und 123 cm in der niedrigsten Einstellung<\/li>\n<li>L\u00e4nge von 110 cm im gefalteten Zustand<\/li>\n<li>Tr\u00e4gt bis zu 7 kg<\/li>\n<\/ul>\n","protected":false},"excerpt":{"rendered":"<p>GlareOne Stork 395 ist ein robustes, luftgefedertes, vielseitiges Studiolichtstativ mit einem umkehrbaren Stift von 5\/8&#8243;, das sich durch seine hohe Vielseitigkeit und Qualit\u00e4t auszeichnet. Dies ist ein ultimatives kompaktes Lichtstativ f\u00fcr jedes Zuhause und jedes professionelle Studio. Multifunktional Das GlareOne Stork kann als Unterst\u00fctzung f\u00fcr jede Art von Licht verwendet werden, einschlie\u00dflich kompakter Studioblitzger\u00e4te, Blitzk\u00f6pfe, [&hellip;]<\/p>\n","protected":false},"featured_media":3730,"template":"","meta":[],"product_brand":[],"product_cat":[474],"product_tag":[],"class_list":{"0":"post-3753","1":"product","2":"type-product","3":"status-publish","4":"has-post-thumbnail","6":"product_cat-klassische-stative","8":"first","9":"instock","10":"product-type-simple"},"yoast_head":"<!-- This site is optimized with the Yoast SEO plugin v27.2 - https:\/\/yoast.com\/product\/yoast-seo-wordpress\/ -->\n<title>GlareOne Stork 395 - Studiolichtstativ<\/title>\n<meta name=\"description\" content=\"GlareOne Stork 395 ist ein langlebiges, gepolstertes Universal-Studiostativ. Hochwertig, multifunktional. Ein leichtes Stativ f\u00fcr jedes Studio.\" \/>\n<meta name=\"robots\" content=\"index, follow, max-snippet:-1, max-image-preview:large, max-video-preview:-1\" \/>\n<link rel=\"canonical\" href=\"https:\/\/glareone.eu\/de\/product\/glareone-stork-395\/\" \/>\n<meta property=\"og:locale\" content=\"de_DE\" \/>\n<meta property=\"og:type\" content=\"article\" \/>\n<meta property=\"og:title\" content=\"GlareOne Stork 395 - statyw studyjny\" \/>\n<meta property=\"og:description\" content=\"GlareOne Stork 395 ist ein langlebiges, gepolstertes Universal-Studiostativ. Hochwertig, multifunktional. Ein leichtes Stativ f\u00fcr jedes Studio.\" \/>\n<meta property=\"og:url\" content=\"https:\/\/glareone.eu\/de\/product\/glareone-stork-395\/\" \/>\n<meta property=\"og:site_name\" content=\"GlareOne\" \/>\n<meta property=\"article:publisher\" content=\"https:\/\/www.facebook.com\/GlareOneLighting\" \/>\n<meta property=\"article:modified_time\" content=\"2024-05-23T10:12:40+00:00\" \/>\n<meta property=\"og:image\" content=\"https:\/\/glareone.eu\/wp-content\/uploads\/2024\/04\/SLSA395-GlareOne-Stork-395-002-scaled.jpg\" \/>\n\t<meta property=\"og:image:width\" content=\"2560\" \/>\n\t<meta property=\"og:image:height\" content=\"2560\" \/>\n\t<meta property=\"og:image:type\" content=\"image\/jpeg\" \/>\n<meta name=\"twitter:card\" content=\"summary_large_image\" \/>\n<meta name=\"twitter:title\" content=\"GlareOne Stork 395 - statyw studyjny\" \/>\n<meta name=\"twitter:label1\" content=\"Gesch\u00e4tzte Lesezeit\" \/>\n\t<meta name=\"twitter:data1\" content=\"2\u00a0Minuten\" \/>\n<script type=\"application\/ld+json\" class=\"yoast-schema-graph\">{\"@context\":\"https:\/\/schema.org\",\"@graph\":[{\"@type\":\"WebPage\",\"@id\":\"https:\/\/glareone.eu\/de\/product\/glareone-stork-395\/\",\"url\":\"https:\/\/glareone.eu\/de\/product\/glareone-stork-395\/\",\"name\":\"GlareOne Stork 395 - Studiolichtstativ\",\"isPartOf\":{\"@id\":\"https:\/\/glareone.eu\/de\/en\/#website\"},\"primaryImageOfPage\":{\"@id\":\"https:\/\/glareone.eu\/de\/product\/glareone-stork-395\/#primaryimage\"},\"image\":{\"@id\":\"https:\/\/glareone.eu\/de\/product\/glareone-stork-395\/#primaryimage\"},\"thumbnailUrl\":\"https:\/\/glareone.eu\/wp-content\/uploads\/2024\/04\/SLSA395-GlareOne-Stork-395-002-scaled.jpg\",\"datePublished\":\"2024-04-18T19:26:20+00:00\",\"dateModified\":\"2024-05-23T10:12:40+00:00\",\"description\":\"GlareOne Stork 395 ist ein langlebiges, gepolstertes Universal-Studiostativ. Hochwertig, multifunktional. Ein leichtes Stativ f\u00fcr jedes Studio.\",\"breadcrumb\":{\"@id\":\"https:\/\/glareone.eu\/de\/product\/glareone-stork-395\/#breadcrumb\"},\"inLanguage\":\"de\",\"potentialAction\":[{\"@type\":\"ReadAction\",\"target\":[\"https:\/\/glareone.eu\/de\/product\/glareone-stork-395\/\"]}]},{\"@type\":\"ImageObject\",\"inLanguage\":\"de\",\"@id\":\"https:\/\/glareone.eu\/de\/product\/glareone-stork-395\/#primaryimage\",\"url\":\"https:\/\/glareone.eu\/wp-content\/uploads\/2024\/04\/SLSA395-GlareOne-Stork-395-002-scaled.jpg\",\"contentUrl\":\"https:\/\/glareone.eu\/wp-content\/uploads\/2024\/04\/SLSA395-GlareOne-Stork-395-002-scaled.jpg\",\"width\":2560,\"height\":2560},{\"@type\":\"BreadcrumbList\",\"@id\":\"https:\/\/glareone.eu\/de\/product\/glareone-stork-395\/#breadcrumb\",\"itemListElement\":[{\"@type\":\"ListItem\",\"position\":1,\"name\":\"Strona g\u0142\u00f3wna\",\"item\":\"https:\/\/glareone.eu\/de\/\"},{\"@type\":\"ListItem\",\"position\":2,\"name\":\"Alle Produkte\",\"item\":\"https:\/\/glareone.eu\/de\/produkte\/alle-produkte\/\"},{\"@type\":\"ListItem\",\"position\":3,\"name\":\"GlareOne Stork 395\"}]},{\"@type\":\"WebSite\",\"@id\":\"https:\/\/glareone.eu\/de\/en\/#website\",\"url\":\"https:\/\/glareone.eu\/de\/en\/\",\"name\":\"GlareOne\",\"description\":\"Wyposa\u017cenie Studia\",\"publisher\":{\"@id\":\"https:\/\/glareone.eu\/de\/en\/#organization\"},\"potentialAction\":[{\"@type\":\"SearchAction\",\"target\":{\"@type\":\"EntryPoint\",\"urlTemplate\":\"https:\/\/glareone.eu\/de\/en\/?s={search_term_string}\"},\"query-input\":{\"@type\":\"PropertyValueSpecification\",\"valueRequired\":true,\"valueName\":\"search_term_string\"}}],\"inLanguage\":\"de\"},{\"@type\":\"Organization\",\"@id\":\"https:\/\/glareone.eu\/de\/en\/#organization\",\"name\":\"GlareOne\",\"url\":\"https:\/\/glareone.eu\/de\/en\/\",\"logo\":{\"@type\":\"ImageObject\",\"inLanguage\":\"de\",\"@id\":\"https:\/\/glareone.eu\/de\/en\/#\/schema\/logo\/image\/\",\"url\":\"http:\/\/glareone.eu\/wp-content\/uploads\/2024\/05\/glareone_logo2020_RGB-01-e1715773127189.png\",\"contentUrl\":\"http:\/\/glareone.eu\/wp-content\/uploads\/2024\/05\/glareone_logo2020_RGB-01-e1715773127189.png\",\"width\":1270,\"height\":321,\"caption\":\"GlareOne\"},\"image\":{\"@id\":\"https:\/\/glareone.eu\/de\/en\/#\/schema\/logo\/image\/\"},\"sameAs\":[\"https:\/\/www.facebook.com\/GlareOneLighting\",\"https:\/\/www.instagram.com\/glareonelighting\/\",\"https:\/\/www.youtube.com\/@GlareOneTV\"]}]}<\/script>\n<!-- \/ Yoast SEO plugin. -->","yoast_head_json":{"title":"GlareOne Stork 395 - Studiolichtstativ","description":"GlareOne Stork 395 ist ein langlebiges, gepolstertes Universal-Studiostativ. Hochwertig, multifunktional. Ein leichtes Stativ f\u00fcr jedes Studio.","robots":{"index":"index","follow":"follow","max-snippet":"max-snippet:-1","max-image-preview":"max-image-preview:large","max-video-preview":"max-video-preview:-1"},"canonical":"https:\/\/glareone.eu\/de\/product\/glareone-stork-395\/","og_locale":"de_DE","og_type":"article","og_title":"GlareOne Stork 395 - statyw studyjny","og_description":"GlareOne Stork 395 ist ein langlebiges, gepolstertes Universal-Studiostativ. Hochwertig, multifunktional. Ein leichtes Stativ f\u00fcr jedes Studio.","og_url":"https:\/\/glareone.eu\/de\/product\/glareone-stork-395\/","og_site_name":"GlareOne","article_publisher":"https:\/\/www.facebook.com\/GlareOneLighting","article_modified_time":"2024-05-23T10:12:40+00:00","og_image":[{"width":2560,"height":2560,"url":"https:\/\/glareone.eu\/wp-content\/uploads\/2024\/04\/SLSA395-GlareOne-Stork-395-002-scaled.jpg","type":"image\/jpeg"}],"twitter_card":"summary_large_image","twitter_title":"GlareOne Stork 395 - statyw studyjny","twitter_misc":{"Gesch\u00e4tzte Lesezeit":"2\u00a0Minuten"},"schema":{"@context":"https:\/\/schema.org","@graph":[{"@type":"WebPage","@id":"https:\/\/glareone.eu\/de\/product\/glareone-stork-395\/","url":"https:\/\/glareone.eu\/de\/product\/glareone-stork-395\/","name":"GlareOne Stork 395 - Studiolichtstativ","isPartOf":{"@id":"https:\/\/glareone.eu\/de\/en\/#website"},"primaryImageOfPage":{"@id":"https:\/\/glareone.eu\/de\/product\/glareone-stork-395\/#primaryimage"},"image":{"@id":"https:\/\/glareone.eu\/de\/product\/glareone-stork-395\/#primaryimage"},"thumbnailUrl":"https:\/\/glareone.eu\/wp-content\/uploads\/2024\/04\/SLSA395-GlareOne-Stork-395-002-scaled.jpg","datePublished":"2024-04-18T19:26:20+00:00","dateModified":"2024-05-23T10:12:40+00:00","description":"GlareOne Stork 395 ist ein langlebiges, gepolstertes Universal-Studiostativ. Hochwertig, multifunktional. Ein leichtes Stativ f\u00fcr jedes Studio.","breadcrumb":{"@id":"https:\/\/glareone.eu\/de\/product\/glareone-stork-395\/#breadcrumb"},"inLanguage":"de","potentialAction":[{"@type":"ReadAction","target":["https:\/\/glareone.eu\/de\/product\/glareone-stork-395\/"]}]},{"@type":"ImageObject","inLanguage":"de","@id":"https:\/\/glareone.eu\/de\/product\/glareone-stork-395\/#primaryimage","url":"https:\/\/glareone.eu\/wp-content\/uploads\/2024\/04\/SLSA395-GlareOne-Stork-395-002-scaled.jpg","contentUrl":"https:\/\/glareone.eu\/wp-content\/uploads\/2024\/04\/SLSA395-GlareOne-Stork-395-002-scaled.jpg","width":2560,"height":2560},{"@type":"BreadcrumbList","@id":"https:\/\/glareone.eu\/de\/product\/glareone-stork-395\/#breadcrumb","itemListElement":[{"@type":"ListItem","position":1,"name":"Strona g\u0142\u00f3wna","item":"https:\/\/glareone.eu\/de\/"},{"@type":"ListItem","position":2,"name":"Alle Produkte","item":"https:\/\/glareone.eu\/de\/produkte\/alle-produkte\/"},{"@type":"ListItem","position":3,"name":"GlareOne Stork 395"}]},{"@type":"WebSite","@id":"https:\/\/glareone.eu\/de\/en\/#website","url":"https:\/\/glareone.eu\/de\/en\/","name":"GlareOne","description":"Wyposa\u017cenie Studia","publisher":{"@id":"https:\/\/glareone.eu\/de\/en\/#organization"},"potentialAction":[{"@type":"SearchAction","target":{"@type":"EntryPoint","urlTemplate":"https:\/\/glareone.eu\/de\/en\/?s={search_term_string}"},"query-input":{"@type":"PropertyValueSpecification","valueRequired":true,"valueName":"search_term_string"}}],"inLanguage":"de"},{"@type":"Organization","@id":"https:\/\/glareone.eu\/de\/en\/#organization","name":"GlareOne","url":"https:\/\/glareone.eu\/de\/en\/","logo":{"@type":"ImageObject","inLanguage":"de","@id":"https:\/\/glareone.eu\/de\/en\/#\/schema\/logo\/image\/","url":"http:\/\/glareone.eu\/wp-content\/uploads\/2024\/05\/glareone_logo2020_RGB-01-e1715773127189.png","contentUrl":"http:\/\/glareone.eu\/wp-content\/uploads\/2024\/05\/glareone_logo2020_RGB-01-e1715773127189.png","width":1270,"height":321,"caption":"GlareOne"},"image":{"@id":"https:\/\/glareone.eu\/de\/en\/#\/schema\/logo\/image\/"},"sameAs":["https:\/\/www.facebook.com\/GlareOneLighting","https:\/\/www.instagram.com\/glareonelighting\/","https:\/\/www.youtube.com\/@GlareOneTV"]}]}},"_links":{"self":[{"href":"https:\/\/glareone.eu\/de\/wp-json\/wp\/v2\/product\/3753","targetHints":{"allow":["GET"]}}],"collection":[{"href":"https:\/\/glareone.eu\/de\/wp-json\/wp\/v2\/product"}],"about":[{"href":"https:\/\/glareone.eu\/de\/wp-json\/wp\/v2\/types\/product"}],"wp:featuredmedia":[{"embeddable":true,"href":"https:\/\/glareone.eu\/de\/wp-json\/wp\/v2\/media\/3730"}],"wp:attachment":[{"href":"https:\/\/glareone.eu\/de\/wp-json\/wp\/v2\/media?parent=3753"}],"wp:term":[{"taxonomy":"product_brand","embeddable":true,"href":"https:\/\/glareone.eu\/de\/wp-json\/wp\/v2\/product_brand?post=3753"},{"taxonomy":"product_cat","embeddable":true,"href":"https:\/\/glareone.eu\/de\/wp-json\/wp\/v2\/product_cat?post=3753"},{"taxonomy":"product_tag","embeddable":true,"href":"https:\/\/glareone.eu\/de\/wp-json\/wp\/v2\/product_tag?post=3753"}],"curies":[{"name":"wp","href":"https:\/\/api.w.org\/{rel}","templated":true}]}}