{"id":3660,"date":"2024-04-18T19:26:20","date_gmt":"2024-04-18T19:26:20","guid":{"rendered":"http:\/\/glareone.eu\/produkt\/glareone-stork-225-statyw-studyjny\/"},"modified":"2024-04-26T12:09:30","modified_gmt":"2024-04-26T12:09:30","slug":"glareone-stork-225","status":"publish","type":"product","link":"https:\/\/glareone.eu\/de\/product\/glareone-stork-225\/","title":{"rendered":"GlareOne Stork 225"},"content":{"rendered":"<p>GlareOne Stork 225 ist ein robustes, luftgefedertes, vielseitiges Studiostativ mit 5\/8&#8243;-Umkehrbolzen, das sich durch seine hohe Vielseitigkeit und Qualit\u00e4t auszeichnet. Dies ist das ultimative kompakte Lichtstativ f\u00fcr jedes Heim- und Profistudio.<\/p>\n<h3><strong>Multifunktional<\/strong><\/h3>\n<p>GlareOne Stork kann als St\u00fctze f\u00fcr jede Art von Lichtern verwendet werden, einschlie\u00dflich kompakter Studioblitzger\u00e4te, Blitzk\u00f6pfen, gro\u00dfen LED-Lichtern und -Panelen, Speedlites und mehr. Dank des umkehrbaren Bolzens mit 1\/4&#8243;-20 und 3\/8&#8243;-Schrauben k\u00f6nnen Sie mehrere Zubeh\u00f6rteile wie Halterungen, Klemmen und mehr montieren. Wenn es mit dem GlareOne Kenku 130 Arm verwendet wird, kann es als Reflektorhalter oder sogar als Auslegerstativ f\u00fcr kleine Lichter verwendet werden. Wenn zwei Stative verf\u00fcgbar sind, k\u00f6nnen Sie den Querbalken (separat erh\u00e4ltlich) montieren und sie als mobile Hintergrundst\u00fctze f\u00fcr jede Art von Papier- oder Musselinhintergrund verwenden.<\/p>\n<h3><strong>Luftgefedert<\/strong><\/h3>\n<p>Die Verwendung von Luftfedern macht das Stativ benutzerfreundlicher, aber auch f\u00fcr die Lampen selbst, insbesondere in Situationen, in denen gro\u00dfe Lichtmodifikatoren an ihnen befestigt sind. Die Luftfederung verhindert ein pl\u00f6tzliches und unkontrolliertes Absenken der Lampe nach dem Entriegeln des Knopfes des Mittels\u00e4ulenanschlusses.<\/p>\n<h3><strong>Hochwertige Materialien<\/strong><\/h3>\n<p>Die Mittels\u00e4ule und die Beine bestehen aus eloxierten Aluminiumrohren, was ein geringes Gewicht garantiert, aber gleichzeitig eine hohe Steifigkeit und Stabilit\u00e4t gew\u00e4hrleistet. Die Verriegelungskragen bestehen ebenfalls aus Metall, um einen guten Halt und Sicherheit auch nach langem Gebrauch zu gew\u00e4hrleisten. Die einzigen nichtmetallischen Teile sind die Verriegelungskn\u00f6pfe, die aus hochwertigem Kunststoff gefertigt sind.<\/p>\n<h3><strong>Intelligentes Design<\/strong><\/h3>\n<p>Die Kn\u00f6pfe sind ergonomisch geformt und gro\u00df genug, um einen guten Griff zu gew\u00e4hrleisten und ein Einklemmen der Finger beim Einstellen der H\u00f6he zu verhindern. Die Spitzen der Beine sind mit Gummikappen ausgestattet, um ein Abrutschen auf glatten Oberfl\u00e4chen zu minimieren. Die Oberseite des Stativs ist mit einem Kopf ausgestattet, der die senkrechte Montage des Bolzens erm\u00f6glicht. Die Beine sind bereit, mit separat erh\u00e4ltlichen R\u00e4dern verwendet zu werden, um den Komfort bei der Arbeit mit gro\u00dfen Lichtmodifikatoren zu erh\u00f6hen.<\/p>\n<h3><strong>Eigenschaften:<\/strong><\/h3>\n<ul>\n<li>Leichtes und robustes Allzweck-Studio-Lichtstativ<\/li>\n<li>Aluminiumkonstruktion f\u00fcr geringes Gewicht und lange Lebensdauer<\/li>\n<li>Luftgefedert f\u00fcr zus\u00e4tzliche Sicherheit beim Absenken<\/li>\n<li>Gro\u00dfe Beinfu\u00dfbasis f\u00fcr hohe Stabilit\u00e4t<\/li>\n<li>Solide, gegossene Aluminium-Spannringe f\u00fcr sicheren Halt<\/li>\n<li>Umkehrbarer 1\/4&#8243;-20 und 3\/8&#8243;-Schrauben auf Standard-5\/8&#8243;-Stift<\/li>\n<li>Knopfbediente Spannringe f\u00fcr einfache H\u00f6henverstellung<\/li>\n<li>Gummigepolsterte Beine f\u00fcr besseren Halt auf glatten Oberfl\u00e4chen<\/li>\n<li>Maximale H\u00f6he von 225 cm und 96 cm bei niedrigster Einstellung<\/li>\n<li>L\u00e4nge von 81 cm im gefalteten Zustand<\/li>\n<li>Unterst\u00fctzt bis zu 7 kg<\/li>\n<\/ul>\n","protected":false},"excerpt":{"rendered":"<p>GlareOne Stork 225 ist ein robustes, luftgefedertes, vielseitiges Studiostativ mit 5\/8&#8243;-Umkehrbolzen, das sich durch seine hohe Vielseitigkeit und Qualit\u00e4t auszeichnet. Dies ist das ultimative kompakte Lichtstativ f\u00fcr jedes Heim- und Profistudio. Multifunktional GlareOne Stork kann als St\u00fctze f\u00fcr jede Art von Lichtern verwendet werden, einschlie\u00dflich kompakter Studioblitzger\u00e4te, Blitzk\u00f6pfen, gro\u00dfen LED-Lichtern und -Panelen, Speedlites und mehr. [&hellip;]<\/p>\n","protected":false},"featured_media":3680,"template":"","meta":[],"product_brand":[],"product_cat":[474],"product_tag":[],"class_list":{"0":"post-3660","1":"product","2":"type-product","3":"status-publish","4":"has-post-thumbnail","6":"product_cat-klassische-stative","8":"first","9":"instock","10":"product-type-simple"},"yoast_head":"<!-- This site is optimized with the Yoast SEO plugin v27.2 - https:\/\/yoast.com\/product\/yoast-seo-wordpress\/ -->\n<title>GlareOne Stork 225 - statyw studyjny<\/title>\n<meta name=\"description\" content=\"GlareOne Stork 225 - statyw studyjny\" \/>\n<meta name=\"robots\" content=\"index, follow, max-snippet:-1, max-image-preview:large, max-video-preview:-1\" \/>\n<link rel=\"canonical\" href=\"https:\/\/glareone.eu\/de\/product\/glareone-stork-225\/\" \/>\n<meta property=\"og:locale\" content=\"de_DE\" \/>\n<meta property=\"og:type\" content=\"article\" \/>\n<meta property=\"og:title\" content=\"GlareOne Stork 225 - statyw studyjny\" \/>\n<meta property=\"og:description\" content=\"GlareOne Stork 225 - statyw studyjny\" \/>\n<meta property=\"og:url\" content=\"https:\/\/glareone.eu\/de\/product\/glareone-stork-225\/\" \/>\n<meta property=\"og:site_name\" content=\"GlareOne\" \/>\n<meta property=\"article:publisher\" content=\"https:\/\/www.facebook.com\/GlareOneLighting\" \/>\n<meta property=\"article:modified_time\" content=\"2024-04-26T12:09:30+00:00\" \/>\n<meta property=\"og:image\" content=\"https:\/\/glareone.eu\/wp-content\/uploads\/2024\/04\/SLSAI225-GlareOne-Stork-225-002-scaled.jpg\" \/>\n\t<meta property=\"og:image:width\" content=\"2560\" \/>\n\t<meta property=\"og:image:height\" content=\"2560\" \/>\n\t<meta property=\"og:image:type\" content=\"image\/jpeg\" \/>\n<meta name=\"twitter:card\" content=\"summary_large_image\" \/>\n<meta name=\"twitter:title\" content=\"GlareOne Stork 225 - statyw studyjny\" \/>\n<meta name=\"twitter:label1\" content=\"Gesch\u00e4tzte Lesezeit\" \/>\n\t<meta name=\"twitter:data1\" content=\"3\u00a0Minuten\" \/>\n<script type=\"application\/ld+json\" class=\"yoast-schema-graph\">{\"@context\":\"https:\/\/schema.org\",\"@graph\":[{\"@type\":\"WebPage\",\"@id\":\"https:\/\/glareone.eu\/de\/product\/glareone-stork-225\/\",\"url\":\"https:\/\/glareone.eu\/de\/product\/glareone-stork-225\/\",\"name\":\"GlareOne Stork 225 - statyw studyjny\",\"isPartOf\":{\"@id\":\"https:\/\/glareone.eu\/de\/en\/#website\"},\"primaryImageOfPage\":{\"@id\":\"https:\/\/glareone.eu\/de\/product\/glareone-stork-225\/#primaryimage\"},\"image\":{\"@id\":\"https:\/\/glareone.eu\/de\/product\/glareone-stork-225\/#primaryimage\"},\"thumbnailUrl\":\"https:\/\/glareone.eu\/wp-content\/uploads\/2024\/04\/SLSAI225-GlareOne-Stork-225-002-scaled.jpg\",\"datePublished\":\"2024-04-18T19:26:20+00:00\",\"dateModified\":\"2024-04-26T12:09:30+00:00\",\"description\":\"GlareOne Stork 225 - statyw studyjny\",\"breadcrumb\":{\"@id\":\"https:\/\/glareone.eu\/de\/product\/glareone-stork-225\/#breadcrumb\"},\"inLanguage\":\"de\",\"potentialAction\":[{\"@type\":\"ReadAction\",\"target\":[\"https:\/\/glareone.eu\/de\/product\/glareone-stork-225\/\"]}]},{\"@type\":\"ImageObject\",\"inLanguage\":\"de\",\"@id\":\"https:\/\/glareone.eu\/de\/product\/glareone-stork-225\/#primaryimage\",\"url\":\"https:\/\/glareone.eu\/wp-content\/uploads\/2024\/04\/SLSAI225-GlareOne-Stork-225-002-scaled.jpg\",\"contentUrl\":\"https:\/\/glareone.eu\/wp-content\/uploads\/2024\/04\/SLSAI225-GlareOne-Stork-225-002-scaled.jpg\",\"width\":2560,\"height\":2560},{\"@type\":\"BreadcrumbList\",\"@id\":\"https:\/\/glareone.eu\/de\/product\/glareone-stork-225\/#breadcrumb\",\"itemListElement\":[{\"@type\":\"ListItem\",\"position\":1,\"name\":\"Strona g\u0142\u00f3wna\",\"item\":\"https:\/\/glareone.eu\/de\/\"},{\"@type\":\"ListItem\",\"position\":2,\"name\":\"Alle Produkte\",\"item\":\"https:\/\/glareone.eu\/de\/produkte\/alle-produkte\/\"},{\"@type\":\"ListItem\",\"position\":3,\"name\":\"GlareOne Stork 225\"}]},{\"@type\":\"WebSite\",\"@id\":\"https:\/\/glareone.eu\/de\/en\/#website\",\"url\":\"https:\/\/glareone.eu\/de\/en\/\",\"name\":\"GlareOne\",\"description\":\"Wyposa\u017cenie Studia\",\"publisher\":{\"@id\":\"https:\/\/glareone.eu\/de\/en\/#organization\"},\"potentialAction\":[{\"@type\":\"SearchAction\",\"target\":{\"@type\":\"EntryPoint\",\"urlTemplate\":\"https:\/\/glareone.eu\/de\/en\/?s={search_term_string}\"},\"query-input\":{\"@type\":\"PropertyValueSpecification\",\"valueRequired\":true,\"valueName\":\"search_term_string\"}}],\"inLanguage\":\"de\"},{\"@type\":\"Organization\",\"@id\":\"https:\/\/glareone.eu\/de\/en\/#organization\",\"name\":\"GlareOne\",\"url\":\"https:\/\/glareone.eu\/de\/en\/\",\"logo\":{\"@type\":\"ImageObject\",\"inLanguage\":\"de\",\"@id\":\"https:\/\/glareone.eu\/de\/en\/#\/schema\/logo\/image\/\",\"url\":\"http:\/\/glareone.eu\/wp-content\/uploads\/2024\/05\/glareone_logo2020_RGB-01-e1715773127189.png\",\"contentUrl\":\"http:\/\/glareone.eu\/wp-content\/uploads\/2024\/05\/glareone_logo2020_RGB-01-e1715773127189.png\",\"width\":1270,\"height\":321,\"caption\":\"GlareOne\"},\"image\":{\"@id\":\"https:\/\/glareone.eu\/de\/en\/#\/schema\/logo\/image\/\"},\"sameAs\":[\"https:\/\/www.facebook.com\/GlareOneLighting\",\"https:\/\/www.instagram.com\/glareonelighting\/\",\"https:\/\/www.youtube.com\/@GlareOneTV\"]}]}<\/script>\n<!-- \/ Yoast SEO plugin. -->","yoast_head_json":{"title":"GlareOne Stork 225 - statyw studyjny","description":"GlareOne Stork 225 - statyw studyjny","robots":{"index":"index","follow":"follow","max-snippet":"max-snippet:-1","max-image-preview":"max-image-preview:large","max-video-preview":"max-video-preview:-1"},"canonical":"https:\/\/glareone.eu\/de\/product\/glareone-stork-225\/","og_locale":"de_DE","og_type":"article","og_title":"GlareOne Stork 225 - statyw studyjny","og_description":"GlareOne Stork 225 - statyw studyjny","og_url":"https:\/\/glareone.eu\/de\/product\/glareone-stork-225\/","og_site_name":"GlareOne","article_publisher":"https:\/\/www.facebook.com\/GlareOneLighting","article_modified_time":"2024-04-26T12:09:30+00:00","og_image":[{"width":2560,"height":2560,"url":"https:\/\/glareone.eu\/wp-content\/uploads\/2024\/04\/SLSAI225-GlareOne-Stork-225-002-scaled.jpg","type":"image\/jpeg"}],"twitter_card":"summary_large_image","twitter_title":"GlareOne Stork 225 - statyw studyjny","twitter_misc":{"Gesch\u00e4tzte Lesezeit":"3\u00a0Minuten"},"schema":{"@context":"https:\/\/schema.org","@graph":[{"@type":"WebPage","@id":"https:\/\/glareone.eu\/de\/product\/glareone-stork-225\/","url":"https:\/\/glareone.eu\/de\/product\/glareone-stork-225\/","name":"GlareOne Stork 225 - statyw studyjny","isPartOf":{"@id":"https:\/\/glareone.eu\/de\/en\/#website"},"primaryImageOfPage":{"@id":"https:\/\/glareone.eu\/de\/product\/glareone-stork-225\/#primaryimage"},"image":{"@id":"https:\/\/glareone.eu\/de\/product\/glareone-stork-225\/#primaryimage"},"thumbnailUrl":"https:\/\/glareone.eu\/wp-content\/uploads\/2024\/04\/SLSAI225-GlareOne-Stork-225-002-scaled.jpg","datePublished":"2024-04-18T19:26:20+00:00","dateModified":"2024-04-26T12:09:30+00:00","description":"GlareOne Stork 225 - statyw studyjny","breadcrumb":{"@id":"https:\/\/glareone.eu\/de\/product\/glareone-stork-225\/#breadcrumb"},"inLanguage":"de","potentialAction":[{"@type":"ReadAction","target":["https:\/\/glareone.eu\/de\/product\/glareone-stork-225\/"]}]},{"@type":"ImageObject","inLanguage":"de","@id":"https:\/\/glareone.eu\/de\/product\/glareone-stork-225\/#primaryimage","url":"https:\/\/glareone.eu\/wp-content\/uploads\/2024\/04\/SLSAI225-GlareOne-Stork-225-002-scaled.jpg","contentUrl":"https:\/\/glareone.eu\/wp-content\/uploads\/2024\/04\/SLSAI225-GlareOne-Stork-225-002-scaled.jpg","width":2560,"height":2560},{"@type":"BreadcrumbList","@id":"https:\/\/glareone.eu\/de\/product\/glareone-stork-225\/#breadcrumb","itemListElement":[{"@type":"ListItem","position":1,"name":"Strona g\u0142\u00f3wna","item":"https:\/\/glareone.eu\/de\/"},{"@type":"ListItem","position":2,"name":"Alle Produkte","item":"https:\/\/glareone.eu\/de\/produkte\/alle-produkte\/"},{"@type":"ListItem","position":3,"name":"GlareOne Stork 225"}]},{"@type":"WebSite","@id":"https:\/\/glareone.eu\/de\/en\/#website","url":"https:\/\/glareone.eu\/de\/en\/","name":"GlareOne","description":"Wyposa\u017cenie Studia","publisher":{"@id":"https:\/\/glareone.eu\/de\/en\/#organization"},"potentialAction":[{"@type":"SearchAction","target":{"@type":"EntryPoint","urlTemplate":"https:\/\/glareone.eu\/de\/en\/?s={search_term_string}"},"query-input":{"@type":"PropertyValueSpecification","valueRequired":true,"valueName":"search_term_string"}}],"inLanguage":"de"},{"@type":"Organization","@id":"https:\/\/glareone.eu\/de\/en\/#organization","name":"GlareOne","url":"https:\/\/glareone.eu\/de\/en\/","logo":{"@type":"ImageObject","inLanguage":"de","@id":"https:\/\/glareone.eu\/de\/en\/#\/schema\/logo\/image\/","url":"http:\/\/glareone.eu\/wp-content\/uploads\/2024\/05\/glareone_logo2020_RGB-01-e1715773127189.png","contentUrl":"http:\/\/glareone.eu\/wp-content\/uploads\/2024\/05\/glareone_logo2020_RGB-01-e1715773127189.png","width":1270,"height":321,"caption":"GlareOne"},"image":{"@id":"https:\/\/glareone.eu\/de\/en\/#\/schema\/logo\/image\/"},"sameAs":["https:\/\/www.facebook.com\/GlareOneLighting","https:\/\/www.instagram.com\/glareonelighting\/","https:\/\/www.youtube.com\/@GlareOneTV"]}]}},"_links":{"self":[{"href":"https:\/\/glareone.eu\/de\/wp-json\/wp\/v2\/product\/3660","targetHints":{"allow":["GET"]}}],"collection":[{"href":"https:\/\/glareone.eu\/de\/wp-json\/wp\/v2\/product"}],"about":[{"href":"https:\/\/glareone.eu\/de\/wp-json\/wp\/v2\/types\/product"}],"wp:featuredmedia":[{"embeddable":true,"href":"https:\/\/glareone.eu\/de\/wp-json\/wp\/v2\/media\/3680"}],"wp:attachment":[{"href":"https:\/\/glareone.eu\/de\/wp-json\/wp\/v2\/media?parent=3660"}],"wp:term":[{"taxonomy":"product_brand","embeddable":true,"href":"https:\/\/glareone.eu\/de\/wp-json\/wp\/v2\/product_brand?post=3660"},{"taxonomy":"product_cat","embeddable":true,"href":"https:\/\/glareone.eu\/de\/wp-json\/wp\/v2\/product_cat?post=3660"},{"taxonomy":"product_tag","embeddable":true,"href":"https:\/\/glareone.eu\/de\/wp-json\/wp\/v2\/product_tag?post=3660"}],"curies":[{"name":"wp","href":"https:\/\/api.w.org\/{rel}","templated":true}]}}