{"id":3643,"date":"2024-04-18T19:26:24","date_gmt":"2024-04-18T19:26:24","guid":{"rendered":"http:\/\/glareone.eu\/produkt\/glareone-led-1000\/"},"modified":"2024-04-26T11:27:35","modified_gmt":"2024-04-26T11:27:35","slug":"glareone-led-1000","status":"publish","type":"product","link":"https:\/\/glareone.eu\/de\/product\/glareone-led-1000\/","title":{"rendered":"GlareOne LED 1000"},"content":{"rendered":"<p>Kontinuierliches Lichtstudio-Lampe mit 100W LED-Matrix, gekennzeichnet durch eine sehr gute Farbwiedergabe (CRI&gt;96), hohe Effizienz und Helligkeit, Bowens-typischen Lichtmodifikator-Montage, einem Satz von Beleuchtungseffekten und Bluetooth-Fernbedienung.<\/p>\n<h3>Tageslicht<\/h3>\n<p>Die GlareOne LED 1000 ist mit einem LED-Array aus 143 SMD-Modulen ausgestattet, die im Inneren der Bajonettfassung f\u00fcr Lichtmodifikatoren angeordnet sind. Dank ihnen ist die Lampe in der Lage, Licht zu erzeugen, das in Bezug auf die Farben der Tageslichtfarbtemperatur von 5500 Grad Kelvin entspricht. Die GlareOne LED 1000 kann problemlos zusammen mit Tageslicht verwendet werden, das aus Fenstern kommt, sowohl zu Hause als auch im Studio.<\/p>\n<h3>Hohe Leistung<\/h3>\n<p>Die maximale Leistung der Lampe betr\u00e4gt 100W, was Ihnen viel Freiheit bei der Auswahl von Lichtmodifikatoren gibt und w\u00e4hrend der Sitzung erheblichen Komfort bietet. Die Lampe f\u00fcllt problemlos einen achteckigen Softbox mit einem Durchmesser von 120 cm oder einen Regenschirm mit einem Durchmesser von 165 cm mit Licht. Mit dem angebrachten GlareOne LED 1000 Baldachin ist sie in der Lage, Licht mit einer Intensit\u00e4t von \u00fcber 12500 Lux (aus einer Entfernung von 1 Meter) zu erzeugen, was einer Blende von f\/13 (ISO 100, 1\/60s) entspricht. Die Montage einer Softbox 60&#215;90 gibt Ihnen eine Blende von f\/5.6, was wiederum einen guten Ausgangspunkt f\u00fcr Portr\u00e4ts, Neugeborenenfotografie oder sogar Beauty-Fotografie bietet.<\/p>\n<h3>Gute Farben<\/h3>\n<p>Das Licht der Lampe gew\u00e4hrleistet eine sehr gute Farbwiedergabe der Objekte, die auf Film oder Fotografie festgehalten werden. Mit einem TLCI (Television Lighting Consistency Index) Score von &gt;98 ist es eine hervorragende Wahl f\u00fcr die Set-Beleuchtung.<\/p>\n<h3>Beleuchtungseffekte<\/h3>\n<p>Die Lampe ist mit 9 Beleuchtungseffekten ausgestattet, die es Ihnen erm\u00f6glichen, das Licht eines defekten Leuchtstoffr\u00f6hren, Feuerwerks, Blitzes, Fernsehbildschirms und mehr zu simulieren. Diese Effekte k\u00f6nnen f\u00fcr diejenigen n\u00fctzlich sein, die die GlareOne LED 1000 f\u00fcr On-Set-Arbeiten verwenden m\u00f6chten.<\/p>\n<h3>Vielseitigkeit<\/h3>\n<p>Dank des Zubeh\u00f6ranschlusses vom Typ Bowens kann sie mit nahezu jedem auf dem Markt erh\u00e4ltlichen Lichtmodifikator arbeiten, sei es von GlareOne oder von einer der vielen anderen Marken. Der Blitz kann mit einer Vielzahl von Softboxen, Diffusoren, Gittern, Baldachinen, Fresnellinsen usw. verwendet werden.<\/p>\n<h3>Alles in einem<\/h3>\n<p>Die kompakte Konfiguration der Lampe zeichnet sich durch ein kompaktes, einteiliges Design aus, das es nicht nur einfach macht zu transportieren, sondern auch zu lagern.<\/p>\n<h3>Merkmale GlareOne LED 1000:<\/h3>\n<ul>\n<li>N\u00fctzlich sowohl f\u00fcr Fotografie als auch f\u00fcr Filmaufnahmen.<\/li>\n<li>Leicht, kompakt und einfach zu transportieren (wiegt nur 1,25 kg).<\/li>\n<li>Licht abgestimmt auf die Farbtemperatur des Tageslichts (5500\u00b1200K).<\/li>\n<li>Ausgestattet mit einer Matrix aus 143 COB-LEDs mit einer Gesamtleistung von 100 W.<\/li>\n<li>Hohe Farbreproduktionsparameter (CRI &gt;96, TLCI &gt;98).<\/li>\n<li>Stufenlose Helligkeitsregelung (0~100%).<\/li>\n<li>Bowens-typische Lichtmodifikatorhalterung.<\/li>\n<li>9 Lichteffekte simulieren Blitz, TV-Bildschirm, kaputte Leuchtstoffr\u00f6hre usw.<\/li>\n<li>Leises und effizientes aktives K\u00fchlsystem (&lt;35dB).<\/li>\n<li>Integrierter Schirmhalter.<\/li>\n<li>Ergonomisch gestalteter Griff, der die Neigung verstellen l\u00e4sst.<\/li>\n<li>Mit Stromkabel, Baldachin und Schutzabdeckung geliefert.<\/li>\n<\/ul>\n","protected":false},"excerpt":{"rendered":"<p>Kontinuierliches Lichtstudio-Lampe mit 100W LED-Matrix, gekennzeichnet durch eine sehr gute Farbwiedergabe (CRI&gt;96), hohe Effizienz und Helligkeit, Bowens-typischen Lichtmodifikator-Montage, einem Satz von Beleuchtungseffekten und Bluetooth-Fernbedienung. Tageslicht Die GlareOne LED 1000 ist mit einem LED-Array aus 143 SMD-Modulen ausgestattet, die im Inneren der Bajonettfassung f\u00fcr Lichtmodifikatoren angeordnet sind. Dank ihnen ist die Lampe in der Lage, Licht [&hellip;]<\/p>\n","protected":false},"featured_media":3624,"template":"","meta":[],"product_brand":[],"product_cat":[374],"product_tag":[],"class_list":{"0":"post-3643","1":"product","2":"type-product","3":"status-publish","4":"has-post-thumbnail","6":"product_cat-led-lampen-mit-bowens-montage","8":"first","9":"instock","10":"product-type-simple"},"yoast_head":"<!-- This site is optimized with the Yoast SEO plugin v27.2 - https:\/\/yoast.com\/product\/yoast-seo-wordpress\/ -->\n<title>GlareOne LED 1000<\/title>\n<meta name=\"description\" content=\"GlareOne LED 1000\" \/>\n<meta name=\"robots\" content=\"index, follow, max-snippet:-1, max-image-preview:large, max-video-preview:-1\" \/>\n<link rel=\"canonical\" href=\"https:\/\/glareone.eu\/de\/product\/glareone-led-1000\/\" \/>\n<meta property=\"og:locale\" content=\"de_DE\" \/>\n<meta property=\"og:type\" content=\"article\" \/>\n<meta property=\"og:title\" content=\"GlareOne LED 1000\" \/>\n<meta property=\"og:description\" content=\"GlareOne LED 1000\" \/>\n<meta property=\"og:url\" content=\"https:\/\/glareone.eu\/de\/product\/glareone-led-1000\/\" \/>\n<meta property=\"og:site_name\" content=\"GlareOne\" \/>\n<meta property=\"article:publisher\" content=\"https:\/\/www.facebook.com\/GlareOneLighting\" \/>\n<meta property=\"article:modified_time\" content=\"2024-04-26T11:27:35+00:00\" \/>\n<meta property=\"og:image\" content=\"https:\/\/glareone.eu\/wp-content\/uploads\/2024\/04\/GlareOne-LED1000-01.jpg\" \/>\n\t<meta property=\"og:image:width\" content=\"1200\" \/>\n\t<meta property=\"og:image:height\" content=\"1200\" \/>\n\t<meta property=\"og:image:type\" content=\"image\/jpeg\" \/>\n<meta name=\"twitter:card\" content=\"summary_large_image\" \/>\n<meta name=\"twitter:title\" content=\"GlareOne LED 1000\" \/>\n<meta name=\"twitter:label1\" content=\"Gesch\u00e4tzte Lesezeit\" \/>\n\t<meta name=\"twitter:data1\" content=\"3\u00a0Minuten\" \/>\n<script type=\"application\/ld+json\" class=\"yoast-schema-graph\">{\"@context\":\"https:\/\/schema.org\",\"@graph\":[{\"@type\":\"WebPage\",\"@id\":\"https:\/\/glareone.eu\/de\/product\/glareone-led-1000\/\",\"url\":\"https:\/\/glareone.eu\/de\/product\/glareone-led-1000\/\",\"name\":\"GlareOne LED 1000\",\"isPartOf\":{\"@id\":\"https:\/\/glareone.eu\/de\/en\/#website\"},\"primaryImageOfPage\":{\"@id\":\"https:\/\/glareone.eu\/de\/product\/glareone-led-1000\/#primaryimage\"},\"image\":{\"@id\":\"https:\/\/glareone.eu\/de\/product\/glareone-led-1000\/#primaryimage\"},\"thumbnailUrl\":\"https:\/\/glareone.eu\/wp-content\/uploads\/2024\/04\/GlareOne-LED1000-01.jpg\",\"datePublished\":\"2024-04-18T19:26:24+00:00\",\"dateModified\":\"2024-04-26T11:27:35+00:00\",\"description\":\"GlareOne LED 1000\",\"breadcrumb\":{\"@id\":\"https:\/\/glareone.eu\/de\/product\/glareone-led-1000\/#breadcrumb\"},\"inLanguage\":\"de\",\"potentialAction\":[{\"@type\":\"ReadAction\",\"target\":[\"https:\/\/glareone.eu\/de\/product\/glareone-led-1000\/\"]}]},{\"@type\":\"ImageObject\",\"inLanguage\":\"de\",\"@id\":\"https:\/\/glareone.eu\/de\/product\/glareone-led-1000\/#primaryimage\",\"url\":\"https:\/\/glareone.eu\/wp-content\/uploads\/2024\/04\/GlareOne-LED1000-01.jpg\",\"contentUrl\":\"https:\/\/glareone.eu\/wp-content\/uploads\/2024\/04\/GlareOne-LED1000-01.jpg\",\"width\":1200,\"height\":1200},{\"@type\":\"BreadcrumbList\",\"@id\":\"https:\/\/glareone.eu\/de\/product\/glareone-led-1000\/#breadcrumb\",\"itemListElement\":[{\"@type\":\"ListItem\",\"position\":1,\"name\":\"Strona g\u0142\u00f3wna\",\"item\":\"https:\/\/glareone.eu\/de\/\"},{\"@type\":\"ListItem\",\"position\":2,\"name\":\"Alle Produkte\",\"item\":\"https:\/\/glareone.eu\/de\/produkte\/alle-produkte\/\"},{\"@type\":\"ListItem\",\"position\":3,\"name\":\"GlareOne LED 1000\"}]},{\"@type\":\"WebSite\",\"@id\":\"https:\/\/glareone.eu\/de\/en\/#website\",\"url\":\"https:\/\/glareone.eu\/de\/en\/\",\"name\":\"GlareOne\",\"description\":\"Wyposa\u017cenie Studia\",\"publisher\":{\"@id\":\"https:\/\/glareone.eu\/de\/en\/#organization\"},\"potentialAction\":[{\"@type\":\"SearchAction\",\"target\":{\"@type\":\"EntryPoint\",\"urlTemplate\":\"https:\/\/glareone.eu\/de\/en\/?s={search_term_string}\"},\"query-input\":{\"@type\":\"PropertyValueSpecification\",\"valueRequired\":true,\"valueName\":\"search_term_string\"}}],\"inLanguage\":\"de\"},{\"@type\":\"Organization\",\"@id\":\"https:\/\/glareone.eu\/de\/en\/#organization\",\"name\":\"GlareOne\",\"url\":\"https:\/\/glareone.eu\/de\/en\/\",\"logo\":{\"@type\":\"ImageObject\",\"inLanguage\":\"de\",\"@id\":\"https:\/\/glareone.eu\/de\/en\/#\/schema\/logo\/image\/\",\"url\":\"http:\/\/glareone.eu\/wp-content\/uploads\/2024\/05\/glareone_logo2020_RGB-01-e1715773127189.png\",\"contentUrl\":\"http:\/\/glareone.eu\/wp-content\/uploads\/2024\/05\/glareone_logo2020_RGB-01-e1715773127189.png\",\"width\":1270,\"height\":321,\"caption\":\"GlareOne\"},\"image\":{\"@id\":\"https:\/\/glareone.eu\/de\/en\/#\/schema\/logo\/image\/\"},\"sameAs\":[\"https:\/\/www.facebook.com\/GlareOneLighting\",\"https:\/\/www.instagram.com\/glareonelighting\/\",\"https:\/\/www.youtube.com\/@GlareOneTV\"]}]}<\/script>\n<!-- \/ Yoast SEO plugin. -->","yoast_head_json":{"title":"GlareOne LED 1000","description":"GlareOne LED 1000","robots":{"index":"index","follow":"follow","max-snippet":"max-snippet:-1","max-image-preview":"max-image-preview:large","max-video-preview":"max-video-preview:-1"},"canonical":"https:\/\/glareone.eu\/de\/product\/glareone-led-1000\/","og_locale":"de_DE","og_type":"article","og_title":"GlareOne LED 1000","og_description":"GlareOne LED 1000","og_url":"https:\/\/glareone.eu\/de\/product\/glareone-led-1000\/","og_site_name":"GlareOne","article_publisher":"https:\/\/www.facebook.com\/GlareOneLighting","article_modified_time":"2024-04-26T11:27:35+00:00","og_image":[{"width":1200,"height":1200,"url":"https:\/\/glareone.eu\/wp-content\/uploads\/2024\/04\/GlareOne-LED1000-01.jpg","type":"image\/jpeg"}],"twitter_card":"summary_large_image","twitter_title":"GlareOne LED 1000","twitter_misc":{"Gesch\u00e4tzte Lesezeit":"3\u00a0Minuten"},"schema":{"@context":"https:\/\/schema.org","@graph":[{"@type":"WebPage","@id":"https:\/\/glareone.eu\/de\/product\/glareone-led-1000\/","url":"https:\/\/glareone.eu\/de\/product\/glareone-led-1000\/","name":"GlareOne LED 1000","isPartOf":{"@id":"https:\/\/glareone.eu\/de\/en\/#website"},"primaryImageOfPage":{"@id":"https:\/\/glareone.eu\/de\/product\/glareone-led-1000\/#primaryimage"},"image":{"@id":"https:\/\/glareone.eu\/de\/product\/glareone-led-1000\/#primaryimage"},"thumbnailUrl":"https:\/\/glareone.eu\/wp-content\/uploads\/2024\/04\/GlareOne-LED1000-01.jpg","datePublished":"2024-04-18T19:26:24+00:00","dateModified":"2024-04-26T11:27:35+00:00","description":"GlareOne LED 1000","breadcrumb":{"@id":"https:\/\/glareone.eu\/de\/product\/glareone-led-1000\/#breadcrumb"},"inLanguage":"de","potentialAction":[{"@type":"ReadAction","target":["https:\/\/glareone.eu\/de\/product\/glareone-led-1000\/"]}]},{"@type":"ImageObject","inLanguage":"de","@id":"https:\/\/glareone.eu\/de\/product\/glareone-led-1000\/#primaryimage","url":"https:\/\/glareone.eu\/wp-content\/uploads\/2024\/04\/GlareOne-LED1000-01.jpg","contentUrl":"https:\/\/glareone.eu\/wp-content\/uploads\/2024\/04\/GlareOne-LED1000-01.jpg","width":1200,"height":1200},{"@type":"BreadcrumbList","@id":"https:\/\/glareone.eu\/de\/product\/glareone-led-1000\/#breadcrumb","itemListElement":[{"@type":"ListItem","position":1,"name":"Strona g\u0142\u00f3wna","item":"https:\/\/glareone.eu\/de\/"},{"@type":"ListItem","position":2,"name":"Alle Produkte","item":"https:\/\/glareone.eu\/de\/produkte\/alle-produkte\/"},{"@type":"ListItem","position":3,"name":"GlareOne LED 1000"}]},{"@type":"WebSite","@id":"https:\/\/glareone.eu\/de\/en\/#website","url":"https:\/\/glareone.eu\/de\/en\/","name":"GlareOne","description":"Wyposa\u017cenie Studia","publisher":{"@id":"https:\/\/glareone.eu\/de\/en\/#organization"},"potentialAction":[{"@type":"SearchAction","target":{"@type":"EntryPoint","urlTemplate":"https:\/\/glareone.eu\/de\/en\/?s={search_term_string}"},"query-input":{"@type":"PropertyValueSpecification","valueRequired":true,"valueName":"search_term_string"}}],"inLanguage":"de"},{"@type":"Organization","@id":"https:\/\/glareone.eu\/de\/en\/#organization","name":"GlareOne","url":"https:\/\/glareone.eu\/de\/en\/","logo":{"@type":"ImageObject","inLanguage":"de","@id":"https:\/\/glareone.eu\/de\/en\/#\/schema\/logo\/image\/","url":"http:\/\/glareone.eu\/wp-content\/uploads\/2024\/05\/glareone_logo2020_RGB-01-e1715773127189.png","contentUrl":"http:\/\/glareone.eu\/wp-content\/uploads\/2024\/05\/glareone_logo2020_RGB-01-e1715773127189.png","width":1270,"height":321,"caption":"GlareOne"},"image":{"@id":"https:\/\/glareone.eu\/de\/en\/#\/schema\/logo\/image\/"},"sameAs":["https:\/\/www.facebook.com\/GlareOneLighting","https:\/\/www.instagram.com\/glareonelighting\/","https:\/\/www.youtube.com\/@GlareOneTV"]}]}},"_links":{"self":[{"href":"https:\/\/glareone.eu\/de\/wp-json\/wp\/v2\/product\/3643","targetHints":{"allow":["GET"]}}],"collection":[{"href":"https:\/\/glareone.eu\/de\/wp-json\/wp\/v2\/product"}],"about":[{"href":"https:\/\/glareone.eu\/de\/wp-json\/wp\/v2\/types\/product"}],"wp:featuredmedia":[{"embeddable":true,"href":"https:\/\/glareone.eu\/de\/wp-json\/wp\/v2\/media\/3624"}],"wp:attachment":[{"href":"https:\/\/glareone.eu\/de\/wp-json\/wp\/v2\/media?parent=3643"}],"wp:term":[{"taxonomy":"product_brand","embeddable":true,"href":"https:\/\/glareone.eu\/de\/wp-json\/wp\/v2\/product_brand?post=3643"},{"taxonomy":"product_cat","embeddable":true,"href":"https:\/\/glareone.eu\/de\/wp-json\/wp\/v2\/product_cat?post=3643"},{"taxonomy":"product_tag","embeddable":true,"href":"https:\/\/glareone.eu\/de\/wp-json\/wp\/v2\/product_tag?post=3643"}],"curies":[{"name":"wp","href":"https:\/\/api.w.org\/{rel}","templated":true}]}}