{"id":3131,"date":"2024-04-18T19:26:31","date_gmt":"2024-04-18T19:26:31","guid":{"rendered":"http:\/\/glareone.eu\/produkt\/glareone-spotlight-korpus-strumienicy\/"},"modified":"2024-06-17T07:46:43","modified_gmt":"2024-06-17T07:46:43","slug":"glareone-spotlight-snoot-base","status":"publish","type":"product","link":"https:\/\/glareone.eu\/de\/product\/glareone-spotlight-snoot-base\/","title":{"rendered":"GlareOne Spotlight &#8211; snoot base"},"content":{"rendered":"<p>Der GlareOne Spotlight ist ein optischer Snoot, der in Zusammenarbeit mit Piotr Werner entwickelt wurde &#8211; dem langj\u00e4hrigen Markenbotschafter von GlareOne. Piotr Werner kreiert Bilder, die viel Charakter haben und dabei mit Licht spielt. Der GlareOne Spotlight erm\u00f6glicht Experimente mit Licht und das Erzielen interessanter Effekte in Fotografien.<\/p>\n<p>Der GlareOne Spotlight ist kompatibel mit den GlareOne Objektiven mit 50, 85 und 150 mm Brennweite. Er verf\u00fcgt \u00fcber Klappen, mit denen Sie den Lichtstrahl formen k\u00f6nnen, und die M\u00f6glichkeit, Gobo-Filter zu montieren. Der K\u00f6rper des Scheinwerfers besteht aus Metall und erm\u00f6glicht die Verwendung von Blitzen bis zu 600 Ws oder LEDs bis zu 200 Watt.<\/p>\n<h3><strong>Objektive<\/strong><\/h3>\n<p>Bei einem optischen Injektor wie dem Spotlight ist das Objektiv am wichtigsten. Das hier verwendete Objektiv ist ein Apochromat-Objektiv mit sechs Linsen und einer Brennweite von 50, 85 und 150 mm, was sehr scharfe Kanten von Licht und Schatten erm\u00f6glicht. Dies ist \u00e4u\u00dferst wichtig, wenn Sie volle Kontrolle \u00fcber die Beleuchtung am Set haben m\u00f6chten. Dar\u00fcber hinaus ist das Objektiv so konzipiert, dass chromatische Aberrationen minimiert werden, die zu Farbstichen f\u00fchren k\u00f6nnen. Das Objektiv muss separat erworben werden, es ist nicht im Lieferumfang enthalten.<\/p>\n<h3>Kompatibilit\u00e4t<\/h3>\n<p>Optische Snoots werden f\u00fcr die Verwendung mit Dauerlichtlampen empfohlen. Mit LED-Lampen wird ein gleichm\u00e4\u00dfiges Lichtbild projiziert. Spotlight kann auch mit Blitzlampen verwendet werden. Es ist jedoch wichtig zu wissen, dass bei der Verwendung des Spotlights mit Blitzlampen wie Vega oder Antares aufgrund der physikalischen Struktur der Blitzr\u00f6hre der projizierte Lichtkreis im mittleren Teil etwas dunkler sein kann.<\/p>\n<h3><strong>Klappen<\/strong><\/h3>\n<p>Ein integraler Bestandteil des K\u00f6rpers des Spotlights ist ein Satz von vier Klappenventilen, die verwendet werden k\u00f6nnen, um die Lichtausgabe des Objektivs so anzupassen, dass nur bestimmte Teile Ihres Motivs pr\u00e4zise beleuchtet werden. Die Klappen k\u00f6nnen auch nach dem Austausch des Standardobjektivs durch ein anderes verwendet werden.<\/p>\n<h3><strong>Masken<\/strong><\/h3>\n<p>Der Spotlight ist mit einer Vorrichtung f\u00fcr Effektmasken (sogenannte Gobos) ausgestattet, die es erm\u00f6glichen, beispielsweise das Licht durch Jalousien nachzuahmen oder verschiedene Muster und Formen darzustellen. GlareOne bietet 3 verschiedene Sets von Gobo-Masken an.<\/p>\n<h3>Austauschbares Bajonett<\/h3>\n<p>Der Fokussierer ist werkseitig mit einem Bowens-Typ-Bajonett ausgestattet, aber es ist m\u00f6glich, es auszutauschen. GlareOne bietet passende Profoto-, Broncolor- und Elinchrom-152-Serien-Bajonette an.<\/p>\n<h3><strong>Produktmerkmale:<\/strong><\/h3>\n<ul>\n<li>Der Auswurfk\u00f6rper verf\u00fcgt \u00fcber eine Bajonettmontage f\u00fcr Canon EF-Objektive.<\/li>\n<li>Ausgestattet mit vier Klappenventilen, die es erm\u00f6glichen, den Lichtstrahl pr\u00e4zise zu formen.<\/li>\n<li>Werkseitig mit einer Bowens-Typ-Montage ausgestattet, die gegen Profoto-, Broncolor- oder Elinchrom-Blitzmontagen ausgetauscht werden kann (Bajonette separat erh\u00e4ltlich).<\/li>\n<li>Entwickelt f\u00fcr den Einsatz mit Blitzger\u00e4ten (bis zu 600 Ws) und LED-Dauerlichtger\u00e4ten (bis zu 200 W)*<\/li>\n<\/ul>\n","protected":false},"excerpt":{"rendered":"<p>Der GlareOne Spotlight ist ein optischer Snoot, der in Zusammenarbeit mit Piotr Werner entwickelt wurde &#8211; dem langj\u00e4hrigen Markenbotschafter von GlareOne. Piotr Werner kreiert Bilder, die viel Charakter haben und dabei mit Licht spielt. Der GlareOne Spotlight erm\u00f6glicht Experimente mit Licht und das Erzielen interessanter Effekte in Fotografien. Der GlareOne Spotlight ist kompatibel mit den [&hellip;]<\/p>\n","protected":false},"featured_media":3107,"template":"","meta":[],"product_brand":[],"product_cat":[395],"product_tag":[],"class_list":{"0":"post-3131","1":"product","2":"type-product","3":"status-publish","4":"has-post-thumbnail","6":"product_cat-snoot-base-und-projektionslinsen","8":"first","9":"instock","10":"product-type-simple"},"yoast_head":"<!-- This site is optimized with the Yoast SEO plugin v27.2 - https:\/\/yoast.com\/product\/yoast-seo-wordpress\/ -->\n<title>GlareOne Spotlight - korpus strumienicy<\/title>\n<meta name=\"description\" content=\"GlareOne Spotlight - korpus strumienicy\" \/>\n<meta name=\"robots\" content=\"index, follow, max-snippet:-1, max-image-preview:large, max-video-preview:-1\" \/>\n<link rel=\"canonical\" href=\"https:\/\/glareone.eu\/de\/product\/glareone-spotlight-snoot-base\/\" \/>\n<meta property=\"og:locale\" content=\"de_DE\" \/>\n<meta property=\"og:type\" content=\"article\" \/>\n<meta property=\"og:title\" content=\"GlareOne Spotlight - korpus strumienicy\" \/>\n<meta property=\"og:description\" content=\"GlareOne Spotlight - korpus strumienicy\" \/>\n<meta property=\"og:url\" content=\"https:\/\/glareone.eu\/de\/product\/glareone-spotlight-snoot-base\/\" \/>\n<meta property=\"og:site_name\" content=\"GlareOne\" \/>\n<meta property=\"article:publisher\" content=\"https:\/\/www.facebook.com\/GlareOneLighting\" \/>\n<meta property=\"article:modified_time\" content=\"2024-06-17T07:46:43+00:00\" \/>\n<meta property=\"og:image\" content=\"https:\/\/glareone.eu\/wp-content\/uploads\/2024\/04\/SSPOTLIGHTM_01.jpg\" \/>\n\t<meta property=\"og:image:width\" content=\"1200\" \/>\n\t<meta property=\"og:image:height\" content=\"1200\" \/>\n\t<meta property=\"og:image:type\" content=\"image\/jpeg\" \/>\n<meta name=\"twitter:card\" content=\"summary_large_image\" \/>\n<meta name=\"twitter:title\" content=\"GlareOne Spotlight - korpus strumienicy\" \/>\n<meta name=\"twitter:label1\" content=\"Gesch\u00e4tzte Lesezeit\" \/>\n\t<meta name=\"twitter:data1\" content=\"2\u00a0Minuten\" \/>\n<script type=\"application\/ld+json\" class=\"yoast-schema-graph\">{\"@context\":\"https:\/\/schema.org\",\"@graph\":[{\"@type\":\"WebPage\",\"@id\":\"https:\/\/glareone.eu\/de\/product\/glareone-spotlight-snoot-base\/\",\"url\":\"https:\/\/glareone.eu\/de\/product\/glareone-spotlight-snoot-base\/\",\"name\":\"GlareOne Spotlight - korpus strumienicy\",\"isPartOf\":{\"@id\":\"https:\/\/glareone.eu\/de\/en\/#website\"},\"primaryImageOfPage\":{\"@id\":\"https:\/\/glareone.eu\/de\/product\/glareone-spotlight-snoot-base\/#primaryimage\"},\"image\":{\"@id\":\"https:\/\/glareone.eu\/de\/product\/glareone-spotlight-snoot-base\/#primaryimage\"},\"thumbnailUrl\":\"https:\/\/glareone.eu\/wp-content\/uploads\/2024\/04\/SSPOTLIGHTM_01.jpg\",\"datePublished\":\"2024-04-18T19:26:31+00:00\",\"dateModified\":\"2024-06-17T07:46:43+00:00\",\"description\":\"GlareOne Spotlight - korpus strumienicy\",\"breadcrumb\":{\"@id\":\"https:\/\/glareone.eu\/de\/product\/glareone-spotlight-snoot-base\/#breadcrumb\"},\"inLanguage\":\"de\",\"potentialAction\":[{\"@type\":\"ReadAction\",\"target\":[\"https:\/\/glareone.eu\/de\/product\/glareone-spotlight-snoot-base\/\"]}]},{\"@type\":\"ImageObject\",\"inLanguage\":\"de\",\"@id\":\"https:\/\/glareone.eu\/de\/product\/glareone-spotlight-snoot-base\/#primaryimage\",\"url\":\"https:\/\/glareone.eu\/wp-content\/uploads\/2024\/04\/SSPOTLIGHTM_01.jpg\",\"contentUrl\":\"https:\/\/glareone.eu\/wp-content\/uploads\/2024\/04\/SSPOTLIGHTM_01.jpg\",\"width\":1200,\"height\":1200},{\"@type\":\"BreadcrumbList\",\"@id\":\"https:\/\/glareone.eu\/de\/product\/glareone-spotlight-snoot-base\/#breadcrumb\",\"itemListElement\":[{\"@type\":\"ListItem\",\"position\":1,\"name\":\"Strona g\u0142\u00f3wna\",\"item\":\"https:\/\/glareone.eu\/de\/\"},{\"@type\":\"ListItem\",\"position\":2,\"name\":\"Alle Produkte\",\"item\":\"https:\/\/glareone.eu\/de\/produkte\/alle-produkte\/\"},{\"@type\":\"ListItem\",\"position\":3,\"name\":\"GlareOne Spotlight &#8211; snoot base\"}]},{\"@type\":\"WebSite\",\"@id\":\"https:\/\/glareone.eu\/de\/en\/#website\",\"url\":\"https:\/\/glareone.eu\/de\/en\/\",\"name\":\"GlareOne\",\"description\":\"Wyposa\u017cenie Studia\",\"publisher\":{\"@id\":\"https:\/\/glareone.eu\/de\/en\/#organization\"},\"potentialAction\":[{\"@type\":\"SearchAction\",\"target\":{\"@type\":\"EntryPoint\",\"urlTemplate\":\"https:\/\/glareone.eu\/de\/en\/?s={search_term_string}\"},\"query-input\":{\"@type\":\"PropertyValueSpecification\",\"valueRequired\":true,\"valueName\":\"search_term_string\"}}],\"inLanguage\":\"de\"},{\"@type\":\"Organization\",\"@id\":\"https:\/\/glareone.eu\/de\/en\/#organization\",\"name\":\"GlareOne\",\"url\":\"https:\/\/glareone.eu\/de\/en\/\",\"logo\":{\"@type\":\"ImageObject\",\"inLanguage\":\"de\",\"@id\":\"https:\/\/glareone.eu\/de\/en\/#\/schema\/logo\/image\/\",\"url\":\"http:\/\/glareone.eu\/wp-content\/uploads\/2024\/05\/glareone_logo2020_RGB-01-e1715773127189.png\",\"contentUrl\":\"http:\/\/glareone.eu\/wp-content\/uploads\/2024\/05\/glareone_logo2020_RGB-01-e1715773127189.png\",\"width\":1270,\"height\":321,\"caption\":\"GlareOne\"},\"image\":{\"@id\":\"https:\/\/glareone.eu\/de\/en\/#\/schema\/logo\/image\/\"},\"sameAs\":[\"https:\/\/www.facebook.com\/GlareOneLighting\",\"https:\/\/www.instagram.com\/glareonelighting\/\",\"https:\/\/www.youtube.com\/@GlareOneTV\"]}]}<\/script>\n<!-- \/ Yoast SEO plugin. -->","yoast_head_json":{"title":"GlareOne Spotlight - korpus strumienicy","description":"GlareOne Spotlight - korpus strumienicy","robots":{"index":"index","follow":"follow","max-snippet":"max-snippet:-1","max-image-preview":"max-image-preview:large","max-video-preview":"max-video-preview:-1"},"canonical":"https:\/\/glareone.eu\/de\/product\/glareone-spotlight-snoot-base\/","og_locale":"de_DE","og_type":"article","og_title":"GlareOne Spotlight - korpus strumienicy","og_description":"GlareOne Spotlight - korpus strumienicy","og_url":"https:\/\/glareone.eu\/de\/product\/glareone-spotlight-snoot-base\/","og_site_name":"GlareOne","article_publisher":"https:\/\/www.facebook.com\/GlareOneLighting","article_modified_time":"2024-06-17T07:46:43+00:00","og_image":[{"width":1200,"height":1200,"url":"https:\/\/glareone.eu\/wp-content\/uploads\/2024\/04\/SSPOTLIGHTM_01.jpg","type":"image\/jpeg"}],"twitter_card":"summary_large_image","twitter_title":"GlareOne Spotlight - korpus strumienicy","twitter_misc":{"Gesch\u00e4tzte Lesezeit":"2\u00a0Minuten"},"schema":{"@context":"https:\/\/schema.org","@graph":[{"@type":"WebPage","@id":"https:\/\/glareone.eu\/de\/product\/glareone-spotlight-snoot-base\/","url":"https:\/\/glareone.eu\/de\/product\/glareone-spotlight-snoot-base\/","name":"GlareOne Spotlight - korpus strumienicy","isPartOf":{"@id":"https:\/\/glareone.eu\/de\/en\/#website"},"primaryImageOfPage":{"@id":"https:\/\/glareone.eu\/de\/product\/glareone-spotlight-snoot-base\/#primaryimage"},"image":{"@id":"https:\/\/glareone.eu\/de\/product\/glareone-spotlight-snoot-base\/#primaryimage"},"thumbnailUrl":"https:\/\/glareone.eu\/wp-content\/uploads\/2024\/04\/SSPOTLIGHTM_01.jpg","datePublished":"2024-04-18T19:26:31+00:00","dateModified":"2024-06-17T07:46:43+00:00","description":"GlareOne Spotlight - korpus strumienicy","breadcrumb":{"@id":"https:\/\/glareone.eu\/de\/product\/glareone-spotlight-snoot-base\/#breadcrumb"},"inLanguage":"de","potentialAction":[{"@type":"ReadAction","target":["https:\/\/glareone.eu\/de\/product\/glareone-spotlight-snoot-base\/"]}]},{"@type":"ImageObject","inLanguage":"de","@id":"https:\/\/glareone.eu\/de\/product\/glareone-spotlight-snoot-base\/#primaryimage","url":"https:\/\/glareone.eu\/wp-content\/uploads\/2024\/04\/SSPOTLIGHTM_01.jpg","contentUrl":"https:\/\/glareone.eu\/wp-content\/uploads\/2024\/04\/SSPOTLIGHTM_01.jpg","width":1200,"height":1200},{"@type":"BreadcrumbList","@id":"https:\/\/glareone.eu\/de\/product\/glareone-spotlight-snoot-base\/#breadcrumb","itemListElement":[{"@type":"ListItem","position":1,"name":"Strona g\u0142\u00f3wna","item":"https:\/\/glareone.eu\/de\/"},{"@type":"ListItem","position":2,"name":"Alle Produkte","item":"https:\/\/glareone.eu\/de\/produkte\/alle-produkte\/"},{"@type":"ListItem","position":3,"name":"GlareOne Spotlight &#8211; snoot base"}]},{"@type":"WebSite","@id":"https:\/\/glareone.eu\/de\/en\/#website","url":"https:\/\/glareone.eu\/de\/en\/","name":"GlareOne","description":"Wyposa\u017cenie Studia","publisher":{"@id":"https:\/\/glareone.eu\/de\/en\/#organization"},"potentialAction":[{"@type":"SearchAction","target":{"@type":"EntryPoint","urlTemplate":"https:\/\/glareone.eu\/de\/en\/?s={search_term_string}"},"query-input":{"@type":"PropertyValueSpecification","valueRequired":true,"valueName":"search_term_string"}}],"inLanguage":"de"},{"@type":"Organization","@id":"https:\/\/glareone.eu\/de\/en\/#organization","name":"GlareOne","url":"https:\/\/glareone.eu\/de\/en\/","logo":{"@type":"ImageObject","inLanguage":"de","@id":"https:\/\/glareone.eu\/de\/en\/#\/schema\/logo\/image\/","url":"http:\/\/glareone.eu\/wp-content\/uploads\/2024\/05\/glareone_logo2020_RGB-01-e1715773127189.png","contentUrl":"http:\/\/glareone.eu\/wp-content\/uploads\/2024\/05\/glareone_logo2020_RGB-01-e1715773127189.png","width":1270,"height":321,"caption":"GlareOne"},"image":{"@id":"https:\/\/glareone.eu\/de\/en\/#\/schema\/logo\/image\/"},"sameAs":["https:\/\/www.facebook.com\/GlareOneLighting","https:\/\/www.instagram.com\/glareonelighting\/","https:\/\/www.youtube.com\/@GlareOneTV"]}]}},"_links":{"self":[{"href":"https:\/\/glareone.eu\/de\/wp-json\/wp\/v2\/product\/3131","targetHints":{"allow":["GET"]}}],"collection":[{"href":"https:\/\/glareone.eu\/de\/wp-json\/wp\/v2\/product"}],"about":[{"href":"https:\/\/glareone.eu\/de\/wp-json\/wp\/v2\/types\/product"}],"wp:featuredmedia":[{"embeddable":true,"href":"https:\/\/glareone.eu\/de\/wp-json\/wp\/v2\/media\/3107"}],"wp:attachment":[{"href":"https:\/\/glareone.eu\/de\/wp-json\/wp\/v2\/media?parent=3131"}],"wp:term":[{"taxonomy":"product_brand","embeddable":true,"href":"https:\/\/glareone.eu\/de\/wp-json\/wp\/v2\/product_brand?post=3131"},{"taxonomy":"product_cat","embeddable":true,"href":"https:\/\/glareone.eu\/de\/wp-json\/wp\/v2\/product_cat?post=3131"},{"taxonomy":"product_tag","embeddable":true,"href":"https:\/\/glareone.eu\/de\/wp-json\/wp\/v2\/product_tag?post=3131"}],"curies":[{"name":"wp","href":"https:\/\/api.w.org\/{rel}","templated":true}]}}