{"id":2889,"date":"2024-04-18T19:26:33","date_gmt":"2024-04-18T19:26:33","guid":{"rendered":"http:\/\/glareone.eu\/produkt\/glareone-halo-led-panel-110-bicolor-d\/"},"modified":"2024-04-24T11:11:08","modified_gmt":"2024-04-24T11:11:08","slug":"glareone-halo-led-panel-110-bicolor-d","status":"publish","type":"product","link":"https:\/\/glareone.eu\/de\/product\/glareone-halo-led-panel-110-bicolor-d\/","title":{"rendered":"GlareOne Halo LED Panel 110 BiColor D"},"content":{"rendered":"<p>Ein runder LED-Panel, der eine konstante Lichtleistung von 110W abgibt. Er zeichnet sich durch die M\u00f6glichkeit aus, die Farbtemperatur von 2500 bis 8500K einzustellen, was ihm erm\u00f6glicht, kaltes und warmes Licht zu imitieren. Das Panel bietet eine hervorragende Farbwiedergabe (TLCI &gt;98), was es ideal f\u00fcr Foto- und Videoaufnahmen macht, bei denen eine treue Farbwiedergabe \u00e4u\u00dferst wichtig ist &#8211; zum Beispiel bei Portr\u00e4t- oder Produktfotos.<\/p>\n<p>Das Halo LED Panel 110 BiColor D wird Beleuchtung im Studio und im Freien bieten. Es kann sowohl \u00fcber das Stromnetz als auch \u00fcber V-Mount-Batterien betrieben werden, sodass es sich ideal f\u00fcr Orte eignet, an denen der Zugang zu Strom schwierig ist. Ein gro\u00dfer Vorteil des Panels ist das Fehlen von Flackern (Flimmern), wodurch das Licht f\u00fcr Studioaufnahmen, Vlogs oder Interviews geeignet ist. Das Panel erm\u00f6glicht Aufnahmen mit bis zu 400 Bildern pro Sekunde. Das Licht verf\u00fcgt \u00fcber eine integrierte Halterung f\u00fcr ein Studio-Stativ mit einem Durchmesser von 5\/8 Zoll. Eine Fernbedienung ist f\u00fcr eine bequeme Steuerung im Lieferumfang enthalten. Au\u00dferdem ist eine Steuerung \u00fcber das DMX-System m\u00f6glich. Das Halo LED Panel ist auch in Versionen mit 35 W und 70 W erh\u00e4ltlich.<\/p>\n<h3>Vor allem weiches Licht<\/h3>\n<p>Das Design des Halo LED-Panels erm\u00f6glicht eine weiche und angenehme Ausleuchtung. Der integrierte Diffusor verteilt das Licht effektiv, und seine gro\u00dfe Oberfl\u00e4che macht das Licht weicher als bei gew\u00f6hnlichen rechteckigen Panels. Dar\u00fcber hinaus sorgt die runde Form des Halo LED-Panels daf\u00fcr, dass das Licht im Auge der fotografierten oder gefilmten Person nat\u00fcrlich reflektiert wird.<\/p>\n<h3>Farbe an erster Stelle<\/h3>\n<p>Der TLCI (Television Lighting Consistency Index) f\u00fcr dieses Modell \u00fcbersteigt &gt;98, und der CRI (Color Rendering Index) liegt \u00fcber 95, unabh\u00e4ngig von der eingestellten Farbtemperatur. Dies macht das Licht ideal f\u00fcr die Beleuchtung von Sets w\u00e4hrend Filmaufnahmen und Fotografie und gew\u00e4hrleistet eine genaue Farbwiedergabe.<\/p>\n<h3>Flexibilit\u00e4t<\/h3>\n<p>Das GlareOne Halo LED Panel 110 BiColor D ist mit einem LED-Chip ausgestattet, der es erm\u00f6glicht, die Farbtemperatur von 2500 K bis 8500 K einzustellen. Dies bietet Flexibilit\u00e4t bei der Arbeit mit verschiedenen Lichtquellen, ob nat\u00fcrliches oder k\u00fcnstliches Licht.<\/p>\n<h3>Stabilit\u00e4t<\/h3>\n<p>Das Halo LED-Lichtpanel 110 BiColor D eignet sich ideal f\u00fcr die Beleuchtung von Drehsets, selbst bei Aufnahmen mit einer maximalen Geschwindigkeit von 400 Bildern pro Sekunde, ohne das Risiko von Flackern (Flimmern).<\/p>\n<h3>Leiser Betrieb<\/h3>\n<p>Das Licht verwendet ein ger\u00e4uschloses passives K\u00fchlsystem, was bedeutet, dass w\u00e4hrend der Tonaufzeichnung am Set vollkommene Stille herrscht.<\/p>\n<h3>Fernbedienung<\/h3>\n<p>Es gibt einen eingebauten Funkempf\u00e4nger, der mit der mitgelieferten Fernbedienung kompatibel ist. Sie k\u00f6nnen ihn verwenden, um die Farbtemperatur, Helligkeit und den Kanal und die Gruppe einzustellen.<\/p>\n<h3>Kabellose Stromversorgung<\/h3>\n<p>Das GlareOne Halo LED Panel 110 BiColor D Licht kann auf zwei Arten mit Strom versorgt werden &#8211; \u00fcber eine Steckdose mit dem mitgelieferten Netzadapter oder mit V-Mount-Batterien. Bei Verwendung eines 98,6-Wh-V-Mount-Akkus leuchtet das Licht mit 100% Leistung etwa 50 Minuten lang.<\/p>\n<h3>Haltbarkeit<\/h3>\n<p>Wichtige Teile wie die Stativhalterung, der Rahmen und das Geh\u00e4use bestehen aus Aluminium oder Stahl f\u00fcr Haltbarkeit und Komfort. Andere Teile wie das Bedienfeld und die Bedienkn\u00f6pfe bestehen aus robustem, hochwertigem Kunststoff.<\/p>\n<h3>Eigenschaften GlareOne Halo LED Panel 110 BiColor D:<\/h3>\n<ul>\n<li>Kompaktes und robustes Geh\u00e4use<\/li>\n<li>Variable Farbtemperatur im Bereich von 2500~8500K<\/li>\n<li>Leistung 110 Watt<\/li>\n<li>Helligkeit 2500 Lux<\/li>\n<li>Sehr gute Farbwiedergabe (CRI &gt;95, TLCI &gt;98)<\/li>\n<li>M\u00f6glichkeit der Stromversorgung \u00fcber V-Mount-Batterien<\/li>\n<li>Helligkeitsregelung von 1 bis 100% Leistung<\/li>\n<li>Kein Flackern bis zu 400 fps<\/li>\n<li>Fernbedienung mit im Lieferumfang enthaltener Fernbedienung<\/li>\n<li>Wird mit Netzadapter, Tragetasche und Fernbedienung geliefert<\/li>\n<li>DMX-Steuerung<\/li>\n<\/ul>\n","protected":false},"excerpt":{"rendered":"<p>Ein runder LED-Panel, der eine konstante Lichtleistung von 110W abgibt. Er zeichnet sich durch die M\u00f6glichkeit aus, die Farbtemperatur von 2500 bis 8500K einzustellen, was ihm erm\u00f6glicht, kaltes und warmes Licht zu imitieren. Das Panel bietet eine hervorragende Farbwiedergabe (TLCI &gt;98), was es ideal f\u00fcr Foto- und Videoaufnahmen macht, bei denen eine treue Farbwiedergabe \u00e4u\u00dferst [&hellip;]<\/p>\n","protected":false},"featured_media":1849,"template":"","meta":[],"product_brand":[],"product_cat":[384],"product_tag":[],"class_list":{"0":"post-2889","1":"product","2":"type-product","3":"status-publish","4":"has-post-thumbnail","6":"product_cat-halo-led-de","8":"first","9":"instock","10":"product-type-simple"},"yoast_head":"<!-- This site is optimized with the Yoast SEO plugin v27.2 - https:\/\/yoast.com\/product\/yoast-seo-wordpress\/ -->\n<title>GlareOne Halo LED Panel 110 BiColor D<\/title>\n<meta name=\"description\" content=\"GlareOne Halo LED Panel 110 BiColor D\" \/>\n<meta name=\"robots\" content=\"index, follow, max-snippet:-1, max-image-preview:large, max-video-preview:-1\" \/>\n<link rel=\"canonical\" href=\"https:\/\/glareone.eu\/de\/product\/glareone-halo-led-panel-110-bicolor-d\/\" \/>\n<meta property=\"og:locale\" content=\"de_DE\" \/>\n<meta property=\"og:type\" content=\"article\" \/>\n<meta property=\"og:title\" content=\"GlareOne Halo LED Panel 110 BiColor D\" \/>\n<meta property=\"og:description\" content=\"GlareOne Halo LED Panel 110 BiColor D\" \/>\n<meta property=\"og:url\" content=\"https:\/\/glareone.eu\/de\/product\/glareone-halo-led-panel-110-bicolor-d\/\" \/>\n<meta property=\"og:site_name\" content=\"GlareOne\" \/>\n<meta property=\"article:publisher\" content=\"https:\/\/www.facebook.com\/GlareOneLighting\" \/>\n<meta property=\"article:modified_time\" content=\"2024-04-24T11:11:08+00:00\" \/>\n<meta property=\"og:image\" content=\"https:\/\/glareone.eu\/wp-content\/uploads\/2024\/04\/SLEDPHALO110BCD_01.jpg\" \/>\n\t<meta property=\"og:image:width\" content=\"1200\" \/>\n\t<meta property=\"og:image:height\" content=\"1200\" \/>\n\t<meta property=\"og:image:type\" content=\"image\/jpeg\" \/>\n<meta name=\"twitter:card\" content=\"summary_large_image\" \/>\n<meta name=\"twitter:title\" content=\"GlareOne Halo LED Panel 110 BiColor D\" \/>\n<meta name=\"twitter:label1\" content=\"Gesch\u00e4tzte Lesezeit\" \/>\n\t<meta name=\"twitter:data1\" content=\"4\u00a0Minuten\" \/>\n<script type=\"application\/ld+json\" class=\"yoast-schema-graph\">{\"@context\":\"https:\/\/schema.org\",\"@graph\":[{\"@type\":\"WebPage\",\"@id\":\"https:\/\/glareone.eu\/de\/product\/glareone-halo-led-panel-110-bicolor-d\/\",\"url\":\"https:\/\/glareone.eu\/de\/product\/glareone-halo-led-panel-110-bicolor-d\/\",\"name\":\"GlareOne Halo LED Panel 110 BiColor D\",\"isPartOf\":{\"@id\":\"https:\/\/glareone.eu\/de\/en\/#website\"},\"primaryImageOfPage\":{\"@id\":\"https:\/\/glareone.eu\/de\/product\/glareone-halo-led-panel-110-bicolor-d\/#primaryimage\"},\"image\":{\"@id\":\"https:\/\/glareone.eu\/de\/product\/glareone-halo-led-panel-110-bicolor-d\/#primaryimage\"},\"thumbnailUrl\":\"https:\/\/glareone.eu\/wp-content\/uploads\/2024\/04\/SLEDPHALO110BCD_01.jpg\",\"datePublished\":\"2024-04-18T19:26:33+00:00\",\"dateModified\":\"2024-04-24T11:11:08+00:00\",\"description\":\"GlareOne Halo LED Panel 110 BiColor D\",\"breadcrumb\":{\"@id\":\"https:\/\/glareone.eu\/de\/product\/glareone-halo-led-panel-110-bicolor-d\/#breadcrumb\"},\"inLanguage\":\"de\",\"potentialAction\":[{\"@type\":\"ReadAction\",\"target\":[\"https:\/\/glareone.eu\/de\/product\/glareone-halo-led-panel-110-bicolor-d\/\"]}]},{\"@type\":\"ImageObject\",\"inLanguage\":\"de\",\"@id\":\"https:\/\/glareone.eu\/de\/product\/glareone-halo-led-panel-110-bicolor-d\/#primaryimage\",\"url\":\"https:\/\/glareone.eu\/wp-content\/uploads\/2024\/04\/SLEDPHALO110BCD_01.jpg\",\"contentUrl\":\"https:\/\/glareone.eu\/wp-content\/uploads\/2024\/04\/SLEDPHALO110BCD_01.jpg\",\"width\":1200,\"height\":1200},{\"@type\":\"BreadcrumbList\",\"@id\":\"https:\/\/glareone.eu\/de\/product\/glareone-halo-led-panel-110-bicolor-d\/#breadcrumb\",\"itemListElement\":[{\"@type\":\"ListItem\",\"position\":1,\"name\":\"Strona g\u0142\u00f3wna\",\"item\":\"https:\/\/glareone.eu\/de\/\"},{\"@type\":\"ListItem\",\"position\":2,\"name\":\"Alle Produkte\",\"item\":\"https:\/\/glareone.eu\/de\/produkte\/alle-produkte\/\"},{\"@type\":\"ListItem\",\"position\":3,\"name\":\"GlareOne Halo LED Panel 110 BiColor D\"}]},{\"@type\":\"WebSite\",\"@id\":\"https:\/\/glareone.eu\/de\/en\/#website\",\"url\":\"https:\/\/glareone.eu\/de\/en\/\",\"name\":\"GlareOne\",\"description\":\"Wyposa\u017cenie Studia\",\"publisher\":{\"@id\":\"https:\/\/glareone.eu\/de\/en\/#organization\"},\"potentialAction\":[{\"@type\":\"SearchAction\",\"target\":{\"@type\":\"EntryPoint\",\"urlTemplate\":\"https:\/\/glareone.eu\/de\/en\/?s={search_term_string}\"},\"query-input\":{\"@type\":\"PropertyValueSpecification\",\"valueRequired\":true,\"valueName\":\"search_term_string\"}}],\"inLanguage\":\"de\"},{\"@type\":\"Organization\",\"@id\":\"https:\/\/glareone.eu\/de\/en\/#organization\",\"name\":\"GlareOne\",\"url\":\"https:\/\/glareone.eu\/de\/en\/\",\"logo\":{\"@type\":\"ImageObject\",\"inLanguage\":\"de\",\"@id\":\"https:\/\/glareone.eu\/de\/en\/#\/schema\/logo\/image\/\",\"url\":\"http:\/\/glareone.eu\/wp-content\/uploads\/2024\/05\/glareone_logo2020_RGB-01-e1715773127189.png\",\"contentUrl\":\"http:\/\/glareone.eu\/wp-content\/uploads\/2024\/05\/glareone_logo2020_RGB-01-e1715773127189.png\",\"width\":1270,\"height\":321,\"caption\":\"GlareOne\"},\"image\":{\"@id\":\"https:\/\/glareone.eu\/de\/en\/#\/schema\/logo\/image\/\"},\"sameAs\":[\"https:\/\/www.facebook.com\/GlareOneLighting\",\"https:\/\/www.instagram.com\/glareonelighting\/\",\"https:\/\/www.youtube.com\/@GlareOneTV\"]}]}<\/script>\n<!-- \/ Yoast SEO plugin. -->","yoast_head_json":{"title":"GlareOne Halo LED Panel 110 BiColor D","description":"GlareOne Halo LED Panel 110 BiColor D","robots":{"index":"index","follow":"follow","max-snippet":"max-snippet:-1","max-image-preview":"max-image-preview:large","max-video-preview":"max-video-preview:-1"},"canonical":"https:\/\/glareone.eu\/de\/product\/glareone-halo-led-panel-110-bicolor-d\/","og_locale":"de_DE","og_type":"article","og_title":"GlareOne Halo LED Panel 110 BiColor D","og_description":"GlareOne Halo LED Panel 110 BiColor D","og_url":"https:\/\/glareone.eu\/de\/product\/glareone-halo-led-panel-110-bicolor-d\/","og_site_name":"GlareOne","article_publisher":"https:\/\/www.facebook.com\/GlareOneLighting","article_modified_time":"2024-04-24T11:11:08+00:00","og_image":[{"width":1200,"height":1200,"url":"https:\/\/glareone.eu\/wp-content\/uploads\/2024\/04\/SLEDPHALO110BCD_01.jpg","type":"image\/jpeg"}],"twitter_card":"summary_large_image","twitter_title":"GlareOne Halo LED Panel 110 BiColor D","twitter_misc":{"Gesch\u00e4tzte Lesezeit":"4\u00a0Minuten"},"schema":{"@context":"https:\/\/schema.org","@graph":[{"@type":"WebPage","@id":"https:\/\/glareone.eu\/de\/product\/glareone-halo-led-panel-110-bicolor-d\/","url":"https:\/\/glareone.eu\/de\/product\/glareone-halo-led-panel-110-bicolor-d\/","name":"GlareOne Halo LED Panel 110 BiColor D","isPartOf":{"@id":"https:\/\/glareone.eu\/de\/en\/#website"},"primaryImageOfPage":{"@id":"https:\/\/glareone.eu\/de\/product\/glareone-halo-led-panel-110-bicolor-d\/#primaryimage"},"image":{"@id":"https:\/\/glareone.eu\/de\/product\/glareone-halo-led-panel-110-bicolor-d\/#primaryimage"},"thumbnailUrl":"https:\/\/glareone.eu\/wp-content\/uploads\/2024\/04\/SLEDPHALO110BCD_01.jpg","datePublished":"2024-04-18T19:26:33+00:00","dateModified":"2024-04-24T11:11:08+00:00","description":"GlareOne Halo LED Panel 110 BiColor D","breadcrumb":{"@id":"https:\/\/glareone.eu\/de\/product\/glareone-halo-led-panel-110-bicolor-d\/#breadcrumb"},"inLanguage":"de","potentialAction":[{"@type":"ReadAction","target":["https:\/\/glareone.eu\/de\/product\/glareone-halo-led-panel-110-bicolor-d\/"]}]},{"@type":"ImageObject","inLanguage":"de","@id":"https:\/\/glareone.eu\/de\/product\/glareone-halo-led-panel-110-bicolor-d\/#primaryimage","url":"https:\/\/glareone.eu\/wp-content\/uploads\/2024\/04\/SLEDPHALO110BCD_01.jpg","contentUrl":"https:\/\/glareone.eu\/wp-content\/uploads\/2024\/04\/SLEDPHALO110BCD_01.jpg","width":1200,"height":1200},{"@type":"BreadcrumbList","@id":"https:\/\/glareone.eu\/de\/product\/glareone-halo-led-panel-110-bicolor-d\/#breadcrumb","itemListElement":[{"@type":"ListItem","position":1,"name":"Strona g\u0142\u00f3wna","item":"https:\/\/glareone.eu\/de\/"},{"@type":"ListItem","position":2,"name":"Alle Produkte","item":"https:\/\/glareone.eu\/de\/produkte\/alle-produkte\/"},{"@type":"ListItem","position":3,"name":"GlareOne Halo LED Panel 110 BiColor D"}]},{"@type":"WebSite","@id":"https:\/\/glareone.eu\/de\/en\/#website","url":"https:\/\/glareone.eu\/de\/en\/","name":"GlareOne","description":"Wyposa\u017cenie Studia","publisher":{"@id":"https:\/\/glareone.eu\/de\/en\/#organization"},"potentialAction":[{"@type":"SearchAction","target":{"@type":"EntryPoint","urlTemplate":"https:\/\/glareone.eu\/de\/en\/?s={search_term_string}"},"query-input":{"@type":"PropertyValueSpecification","valueRequired":true,"valueName":"search_term_string"}}],"inLanguage":"de"},{"@type":"Organization","@id":"https:\/\/glareone.eu\/de\/en\/#organization","name":"GlareOne","url":"https:\/\/glareone.eu\/de\/en\/","logo":{"@type":"ImageObject","inLanguage":"de","@id":"https:\/\/glareone.eu\/de\/en\/#\/schema\/logo\/image\/","url":"http:\/\/glareone.eu\/wp-content\/uploads\/2024\/05\/glareone_logo2020_RGB-01-e1715773127189.png","contentUrl":"http:\/\/glareone.eu\/wp-content\/uploads\/2024\/05\/glareone_logo2020_RGB-01-e1715773127189.png","width":1270,"height":321,"caption":"GlareOne"},"image":{"@id":"https:\/\/glareone.eu\/de\/en\/#\/schema\/logo\/image\/"},"sameAs":["https:\/\/www.facebook.com\/GlareOneLighting","https:\/\/www.instagram.com\/glareonelighting\/","https:\/\/www.youtube.com\/@GlareOneTV"]}]}},"_links":{"self":[{"href":"https:\/\/glareone.eu\/de\/wp-json\/wp\/v2\/product\/2889","targetHints":{"allow":["GET"]}}],"collection":[{"href":"https:\/\/glareone.eu\/de\/wp-json\/wp\/v2\/product"}],"about":[{"href":"https:\/\/glareone.eu\/de\/wp-json\/wp\/v2\/types\/product"}],"wp:featuredmedia":[{"embeddable":true,"href":"https:\/\/glareone.eu\/de\/wp-json\/wp\/v2\/media\/1849"}],"wp:attachment":[{"href":"https:\/\/glareone.eu\/de\/wp-json\/wp\/v2\/media?parent=2889"}],"wp:term":[{"taxonomy":"product_brand","embeddable":true,"href":"https:\/\/glareone.eu\/de\/wp-json\/wp\/v2\/product_brand?post=2889"},{"taxonomy":"product_cat","embeddable":true,"href":"https:\/\/glareone.eu\/de\/wp-json\/wp\/v2\/product_cat?post=2889"},{"taxonomy":"product_tag","embeddable":true,"href":"https:\/\/glareone.eu\/de\/wp-json\/wp\/v2\/product_tag?post=2889"}],"curies":[{"name":"wp","href":"https:\/\/api.w.org\/{rel}","templated":true}]}}