{"id":2882,"date":"2024-04-18T19:26:33","date_gmt":"2024-04-18T19:26:33","guid":{"rendered":"http:\/\/glareone.eu\/produkt\/glareone-halo-led-panel-70-bicolor-d\/"},"modified":"2024-09-02T12:38:13","modified_gmt":"2024-09-02T12:38:13","slug":"glareone-halo-led-panel-70-bicolor-d","status":"publish","type":"product","link":"https:\/\/glareone.eu\/de\/product\/glareone-halo-led-panel-70-bicolor-d\/","title":{"rendered":"GlareOne Halo LED Panel 70 BiColor D"},"content":{"rendered":"<p>Ein runder LED-Panel, das eine konstante Lichtleistung von 70 Watt abgibt. Es zeichnet sich durch die M\u00f6glichkeit aus, die Farbtemperatur von 3200 bis 5600 K anzupassen, was es erm\u00f6glicht, kaltes und warmes Licht zu imitieren. Das Panel bietet eine ausgezeichnete Farbwiedergabe (TLCI &gt;98), was es ideal f\u00fcr Foto- und Videoaufnahmen macht, wenn eine authentische Farbwiedergabe \u00e4u\u00dferst wichtig ist &#8211; zum Beispiel bei Portr\u00e4t- oder Produktaufnahmen.<\/p>\n<p>Das Halo LED Panel 70 BiColor D wird die Beleuchtung im Studio und im Freien bereitstellen. Es kann sowohl \u00fcber das Stromnetz als auch \u00fcber V-Mount-Batterien mit Strom versorgt werden, sodass es sich hervorragend f\u00fcr den Einsatz an Orten eignet, an denen der Zugang zu Strom schwierig ist. Ein gro\u00dfer Vorteil des Panels ist das Fehlen von Flimmern (Flickern), was das Licht f\u00fcr Studioaufnahmen, Vlogs oder Interviews geeignet macht. Das Panel erm\u00f6glicht Aufnahmen mit bis zu 400 Bildern pro Sekunde. Das Licht verf\u00fcgt \u00fcber eine eingebaute Halterung f\u00fcr ein Studio-Stativ mit einem Durchmesser von 5\/8 Zoll. Eine Fernbedienung ist f\u00fcr eine bequeme Steuerung im Lieferumfang enthalten. Das Halo LED Panel ist auch in den Versionen 35 W und 110 W erh\u00e4ltlich.<\/p>\n<h3>Vor allem weiches Licht<\/h3>\n<p>Das Design des Halo LED-Panels erm\u00f6glicht eine weiche und augenschonende Beleuchtung. Der eingebaute Diffusor verteilt das Licht effektiv, und seine gro\u00dfe Oberfl\u00e4che macht das Licht weicher als bei gew\u00f6hnlichen rechteckigen Panels. Dar\u00fcber hinaus macht die runde Form des Halo LED-Panels das Panel, das im Auge der fotografierten oder gefilmten Person reflektiert wird, nat\u00fcrlicher.<\/p>\n<h3>Farbe an erster Stelle<\/h3>\n<p>Der TLCI (Television Lighting Consistency Index) f\u00fcr dieses Modell \u00fcbersteigt &gt;98, und der CRI (Color Rendering Index) liegt unabh\u00e4ngig von der Farbtemperatur-Einstellung \u00fcber 95. Dies macht das Licht ideal f\u00fcr die Beleuchtung von Sets w\u00e4hrend der Filmaufnahmen und Fotografie, und gew\u00e4hrleistet eine genaue Farbwiedergabe.<\/p>\n<h3>Flexibilit\u00e4t<\/h3>\n<p>Das GlareOne Halo LED Panel 70 BiColor D-Licht ist mit einem LED-Chip ausgestattet, der es erm\u00f6glicht, die Farbtemperatur von 3200 K bis 5600 K anzupassen. Dies bietet Flexibilit\u00e4t beim Arbeiten mit verschiedenen Lichtquellen, sei es nat\u00fcrliches oder k\u00fcnstliches Licht.<\/p>\n<h3>Stabilit\u00e4t<\/h3>\n<p>Das Halo LED-Lichtpanel 70 BiColor D eignet sich ideal zur Beleuchtung von Aufnahmesets, auch wenn mit einer maximalen Geschwindigkeit von 400 Bildern pro Sekunde gefilmt wird, ohne das Risiko von Flimmern (Flickern).<\/p>\n<h3>Leiser Betrieb<\/h3>\n<p>Das Licht verwendet ein ger\u00e4uschloses passives K\u00fchlsystem, was bedeutet, dass w\u00e4hrend der Tonaufnahme am Set absolute Stille herrscht.<\/p>\n<h3>Fernbedienung<\/h3>\n<p>Es gibt einen eingebauten Funkempf\u00e4nger, der mit der mitgelieferten Fernbedienung kompatibel ist. Sie k\u00f6nnen ihn verwenden, um die Farbtemperatur, Helligkeit, Kanal und Gruppe einzustellen.<\/p>\n<h3>Kabellose Stromversorgung<\/h3>\n<p>Das GlareOne Halo LED Panel 70 BiColor D-Licht kann auf zwei Arten mit Strom versorgt werden &#8211; \u00fcber eine Steckdose mit dem mitgelieferten Netzadapter oder mit V-Mount-Batterien. Bei Verwendung einer 98,6-Wh-V-Mount-Batterie beleuchtet das Licht mit 100% Leistung etwa 80 Minuten lang.<\/p>\n<h3>Langlebigkeit<\/h3>\n<p>Wichtige Teile, wie die Stativhalterung, Rahmen und Geh\u00e4use, bestehen aus Aluminium oder Stahl f\u00fcr Langlebigkeit und Komfort. Andere Teile, wie das Bedienfeld und die Bedienkn\u00f6pfe, bestehen aus robustem, hochwertigem Kunststoff.<\/p>\n<h3>Merkmale GlareOne Halo LED Panel 70 BiColor D:<\/h3>\n<ul>\n<li>Kompaktes und robustes Geh\u00e4use.<\/li>\n<li>Variable Farbtemperatur im Bereich 3200~5600K.<\/li>\n<li>70 Watt Leistung.<\/li>\n<li>Helligkeitsregelung von 1 bis 100% Leistung.<\/li>\n<li>Kein Flimmern bis zu 400 fps.<\/li>\n<li>Fernbedienung mit im Lieferumfang enthaltener Fernbedienung.<\/li>\n<li>Wird mit Netzadapter, Tragetasche und Fernbedienung geliefert.<\/li>\n<\/ul>\n","protected":false},"excerpt":{"rendered":"<p>Ein runder LED-Panel, das eine konstante Lichtleistung von 70 Watt abgibt. Es zeichnet sich durch die M\u00f6glichkeit aus, die Farbtemperatur von 3200 bis 5600 K anzupassen, was es erm\u00f6glicht, kaltes und warmes Licht zu imitieren. Das Panel bietet eine ausgezeichnete Farbwiedergabe (TLCI &gt;98), was es ideal f\u00fcr Foto- und Videoaufnahmen macht, wenn eine authentische Farbwiedergabe [&hellip;]<\/p>\n","protected":false},"featured_media":1808,"template":"","meta":[],"product_brand":[],"product_cat":[384],"product_tag":[],"class_list":{"0":"post-2882","1":"product","2":"type-product","3":"status-publish","4":"has-post-thumbnail","6":"product_cat-halo-led-de","8":"first","9":"instock","10":"product-type-simple"},"yoast_head":"<!-- This site is optimized with the Yoast SEO plugin v27.2 - https:\/\/yoast.com\/product\/yoast-seo-wordpress\/ -->\n<title>GlareOne Halo LED Panel 70 BiColor D<\/title>\n<meta name=\"description\" content=\"GlareOne Halo LED Panel 70 BiColor D\" \/>\n<meta name=\"robots\" content=\"index, follow, max-snippet:-1, max-image-preview:large, max-video-preview:-1\" \/>\n<link rel=\"canonical\" href=\"https:\/\/glareone.eu\/de\/product\/glareone-halo-led-panel-70-bicolor-d\/\" \/>\n<meta property=\"og:locale\" content=\"de_DE\" \/>\n<meta property=\"og:type\" content=\"article\" \/>\n<meta property=\"og:title\" content=\"GlareOne Halo LED Panel 70 BiColor D\" \/>\n<meta property=\"og:description\" content=\"GlareOne Halo LED Panel 70 BiColor D\" \/>\n<meta property=\"og:url\" content=\"https:\/\/glareone.eu\/de\/product\/glareone-halo-led-panel-70-bicolor-d\/\" \/>\n<meta property=\"og:site_name\" content=\"GlareOne\" \/>\n<meta property=\"article:publisher\" content=\"https:\/\/www.facebook.com\/GlareOneLighting\" \/>\n<meta property=\"article:modified_time\" content=\"2024-09-02T12:38:13+00:00\" \/>\n<meta property=\"og:image\" content=\"https:\/\/glareone.eu\/wp-content\/uploads\/2024\/04\/SLEDPHALO70BCD_01.jpg\" \/>\n\t<meta property=\"og:image:width\" content=\"1200\" \/>\n\t<meta property=\"og:image:height\" content=\"1200\" \/>\n\t<meta property=\"og:image:type\" content=\"image\/jpeg\" \/>\n<meta name=\"twitter:card\" content=\"summary_large_image\" \/>\n<meta name=\"twitter:title\" content=\"GlareOne Halo LED Panel 70 BiColor D\" \/>\n<meta name=\"twitter:label1\" content=\"Gesch\u00e4tzte Lesezeit\" \/>\n\t<meta name=\"twitter:data1\" content=\"3\u00a0Minuten\" \/>\n<script type=\"application\/ld+json\" class=\"yoast-schema-graph\">{\"@context\":\"https:\/\/schema.org\",\"@graph\":[{\"@type\":\"WebPage\",\"@id\":\"https:\/\/glareone.eu\/de\/product\/glareone-halo-led-panel-70-bicolor-d\/\",\"url\":\"https:\/\/glareone.eu\/de\/product\/glareone-halo-led-panel-70-bicolor-d\/\",\"name\":\"GlareOne Halo LED Panel 70 BiColor D\",\"isPartOf\":{\"@id\":\"https:\/\/glareone.eu\/de\/en\/#website\"},\"primaryImageOfPage\":{\"@id\":\"https:\/\/glareone.eu\/de\/product\/glareone-halo-led-panel-70-bicolor-d\/#primaryimage\"},\"image\":{\"@id\":\"https:\/\/glareone.eu\/de\/product\/glareone-halo-led-panel-70-bicolor-d\/#primaryimage\"},\"thumbnailUrl\":\"https:\/\/glareone.eu\/wp-content\/uploads\/2024\/04\/SLEDPHALO70BCD_01.jpg\",\"datePublished\":\"2024-04-18T19:26:33+00:00\",\"dateModified\":\"2024-09-02T12:38:13+00:00\",\"description\":\"GlareOne Halo LED Panel 70 BiColor D\",\"breadcrumb\":{\"@id\":\"https:\/\/glareone.eu\/de\/product\/glareone-halo-led-panel-70-bicolor-d\/#breadcrumb\"},\"inLanguage\":\"de\",\"potentialAction\":[{\"@type\":\"ReadAction\",\"target\":[\"https:\/\/glareone.eu\/de\/product\/glareone-halo-led-panel-70-bicolor-d\/\"]}]},{\"@type\":\"ImageObject\",\"inLanguage\":\"de\",\"@id\":\"https:\/\/glareone.eu\/de\/product\/glareone-halo-led-panel-70-bicolor-d\/#primaryimage\",\"url\":\"https:\/\/glareone.eu\/wp-content\/uploads\/2024\/04\/SLEDPHALO70BCD_01.jpg\",\"contentUrl\":\"https:\/\/glareone.eu\/wp-content\/uploads\/2024\/04\/SLEDPHALO70BCD_01.jpg\",\"width\":1200,\"height\":1200},{\"@type\":\"BreadcrumbList\",\"@id\":\"https:\/\/glareone.eu\/de\/product\/glareone-halo-led-panel-70-bicolor-d\/#breadcrumb\",\"itemListElement\":[{\"@type\":\"ListItem\",\"position\":1,\"name\":\"Strona g\u0142\u00f3wna\",\"item\":\"https:\/\/glareone.eu\/de\/\"},{\"@type\":\"ListItem\",\"position\":2,\"name\":\"Alle Produkte\",\"item\":\"https:\/\/glareone.eu\/de\/produkte\/alle-produkte\/\"},{\"@type\":\"ListItem\",\"position\":3,\"name\":\"GlareOne Halo LED Panel 70 BiColor D\"}]},{\"@type\":\"WebSite\",\"@id\":\"https:\/\/glareone.eu\/de\/en\/#website\",\"url\":\"https:\/\/glareone.eu\/de\/en\/\",\"name\":\"GlareOne\",\"description\":\"Wyposa\u017cenie Studia\",\"publisher\":{\"@id\":\"https:\/\/glareone.eu\/de\/en\/#organization\"},\"potentialAction\":[{\"@type\":\"SearchAction\",\"target\":{\"@type\":\"EntryPoint\",\"urlTemplate\":\"https:\/\/glareone.eu\/de\/en\/?s={search_term_string}\"},\"query-input\":{\"@type\":\"PropertyValueSpecification\",\"valueRequired\":true,\"valueName\":\"search_term_string\"}}],\"inLanguage\":\"de\"},{\"@type\":\"Organization\",\"@id\":\"https:\/\/glareone.eu\/de\/en\/#organization\",\"name\":\"GlareOne\",\"url\":\"https:\/\/glareone.eu\/de\/en\/\",\"logo\":{\"@type\":\"ImageObject\",\"inLanguage\":\"de\",\"@id\":\"https:\/\/glareone.eu\/de\/en\/#\/schema\/logo\/image\/\",\"url\":\"http:\/\/glareone.eu\/wp-content\/uploads\/2024\/05\/glareone_logo2020_RGB-01-e1715773127189.png\",\"contentUrl\":\"http:\/\/glareone.eu\/wp-content\/uploads\/2024\/05\/glareone_logo2020_RGB-01-e1715773127189.png\",\"width\":1270,\"height\":321,\"caption\":\"GlareOne\"},\"image\":{\"@id\":\"https:\/\/glareone.eu\/de\/en\/#\/schema\/logo\/image\/\"},\"sameAs\":[\"https:\/\/www.facebook.com\/GlareOneLighting\",\"https:\/\/www.instagram.com\/glareonelighting\/\",\"https:\/\/www.youtube.com\/@GlareOneTV\"]}]}<\/script>\n<!-- \/ Yoast SEO plugin. -->","yoast_head_json":{"title":"GlareOne Halo LED Panel 70 BiColor D","description":"GlareOne Halo LED Panel 70 BiColor D","robots":{"index":"index","follow":"follow","max-snippet":"max-snippet:-1","max-image-preview":"max-image-preview:large","max-video-preview":"max-video-preview:-1"},"canonical":"https:\/\/glareone.eu\/de\/product\/glareone-halo-led-panel-70-bicolor-d\/","og_locale":"de_DE","og_type":"article","og_title":"GlareOne Halo LED Panel 70 BiColor D","og_description":"GlareOne Halo LED Panel 70 BiColor D","og_url":"https:\/\/glareone.eu\/de\/product\/glareone-halo-led-panel-70-bicolor-d\/","og_site_name":"GlareOne","article_publisher":"https:\/\/www.facebook.com\/GlareOneLighting","article_modified_time":"2024-09-02T12:38:13+00:00","og_image":[{"width":1200,"height":1200,"url":"https:\/\/glareone.eu\/wp-content\/uploads\/2024\/04\/SLEDPHALO70BCD_01.jpg","type":"image\/jpeg"}],"twitter_card":"summary_large_image","twitter_title":"GlareOne Halo LED Panel 70 BiColor D","twitter_misc":{"Gesch\u00e4tzte Lesezeit":"3\u00a0Minuten"},"schema":{"@context":"https:\/\/schema.org","@graph":[{"@type":"WebPage","@id":"https:\/\/glareone.eu\/de\/product\/glareone-halo-led-panel-70-bicolor-d\/","url":"https:\/\/glareone.eu\/de\/product\/glareone-halo-led-panel-70-bicolor-d\/","name":"GlareOne Halo LED Panel 70 BiColor D","isPartOf":{"@id":"https:\/\/glareone.eu\/de\/en\/#website"},"primaryImageOfPage":{"@id":"https:\/\/glareone.eu\/de\/product\/glareone-halo-led-panel-70-bicolor-d\/#primaryimage"},"image":{"@id":"https:\/\/glareone.eu\/de\/product\/glareone-halo-led-panel-70-bicolor-d\/#primaryimage"},"thumbnailUrl":"https:\/\/glareone.eu\/wp-content\/uploads\/2024\/04\/SLEDPHALO70BCD_01.jpg","datePublished":"2024-04-18T19:26:33+00:00","dateModified":"2024-09-02T12:38:13+00:00","description":"GlareOne Halo LED Panel 70 BiColor D","breadcrumb":{"@id":"https:\/\/glareone.eu\/de\/product\/glareone-halo-led-panel-70-bicolor-d\/#breadcrumb"},"inLanguage":"de","potentialAction":[{"@type":"ReadAction","target":["https:\/\/glareone.eu\/de\/product\/glareone-halo-led-panel-70-bicolor-d\/"]}]},{"@type":"ImageObject","inLanguage":"de","@id":"https:\/\/glareone.eu\/de\/product\/glareone-halo-led-panel-70-bicolor-d\/#primaryimage","url":"https:\/\/glareone.eu\/wp-content\/uploads\/2024\/04\/SLEDPHALO70BCD_01.jpg","contentUrl":"https:\/\/glareone.eu\/wp-content\/uploads\/2024\/04\/SLEDPHALO70BCD_01.jpg","width":1200,"height":1200},{"@type":"BreadcrumbList","@id":"https:\/\/glareone.eu\/de\/product\/glareone-halo-led-panel-70-bicolor-d\/#breadcrumb","itemListElement":[{"@type":"ListItem","position":1,"name":"Strona g\u0142\u00f3wna","item":"https:\/\/glareone.eu\/de\/"},{"@type":"ListItem","position":2,"name":"Alle Produkte","item":"https:\/\/glareone.eu\/de\/produkte\/alle-produkte\/"},{"@type":"ListItem","position":3,"name":"GlareOne Halo LED Panel 70 BiColor D"}]},{"@type":"WebSite","@id":"https:\/\/glareone.eu\/de\/en\/#website","url":"https:\/\/glareone.eu\/de\/en\/","name":"GlareOne","description":"Wyposa\u017cenie Studia","publisher":{"@id":"https:\/\/glareone.eu\/de\/en\/#organization"},"potentialAction":[{"@type":"SearchAction","target":{"@type":"EntryPoint","urlTemplate":"https:\/\/glareone.eu\/de\/en\/?s={search_term_string}"},"query-input":{"@type":"PropertyValueSpecification","valueRequired":true,"valueName":"search_term_string"}}],"inLanguage":"de"},{"@type":"Organization","@id":"https:\/\/glareone.eu\/de\/en\/#organization","name":"GlareOne","url":"https:\/\/glareone.eu\/de\/en\/","logo":{"@type":"ImageObject","inLanguage":"de","@id":"https:\/\/glareone.eu\/de\/en\/#\/schema\/logo\/image\/","url":"http:\/\/glareone.eu\/wp-content\/uploads\/2024\/05\/glareone_logo2020_RGB-01-e1715773127189.png","contentUrl":"http:\/\/glareone.eu\/wp-content\/uploads\/2024\/05\/glareone_logo2020_RGB-01-e1715773127189.png","width":1270,"height":321,"caption":"GlareOne"},"image":{"@id":"https:\/\/glareone.eu\/de\/en\/#\/schema\/logo\/image\/"},"sameAs":["https:\/\/www.facebook.com\/GlareOneLighting","https:\/\/www.instagram.com\/glareonelighting\/","https:\/\/www.youtube.com\/@GlareOneTV"]}]}},"_links":{"self":[{"href":"https:\/\/glareone.eu\/de\/wp-json\/wp\/v2\/product\/2882","targetHints":{"allow":["GET"]}}],"collection":[{"href":"https:\/\/glareone.eu\/de\/wp-json\/wp\/v2\/product"}],"about":[{"href":"https:\/\/glareone.eu\/de\/wp-json\/wp\/v2\/types\/product"}],"wp:featuredmedia":[{"embeddable":true,"href":"https:\/\/glareone.eu\/de\/wp-json\/wp\/v2\/media\/1808"}],"wp:attachment":[{"href":"https:\/\/glareone.eu\/de\/wp-json\/wp\/v2\/media?parent=2882"}],"wp:term":[{"taxonomy":"product_brand","embeddable":true,"href":"https:\/\/glareone.eu\/de\/wp-json\/wp\/v2\/product_brand?post=2882"},{"taxonomy":"product_cat","embeddable":true,"href":"https:\/\/glareone.eu\/de\/wp-json\/wp\/v2\/product_cat?post=2882"},{"taxonomy":"product_tag","embeddable":true,"href":"https:\/\/glareone.eu\/de\/wp-json\/wp\/v2\/product_tag?post=2882"}],"curies":[{"name":"wp","href":"https:\/\/api.w.org\/{rel}","templated":true}]}}