{"id":2860,"date":"2024-04-18T19:26:33","date_gmt":"2024-04-18T19:26:33","guid":{"rendered":"http:\/\/glareone.eu\/produkt\/glareone-spotlight-pro-40\/"},"modified":"2024-06-17T07:44:51","modified_gmt":"2024-06-17T07:44:51","slug":"glareone-spotlight-pro-40","status":"publish","type":"product","link":"https:\/\/glareone.eu\/de\/product\/glareone-spotlight-pro-40\/","title":{"rendered":"GlareOne Spotlight PRO 40\u00b0"},"content":{"rendered":"<p>Der GlareOne Spotlight PRO 40\u00b0 ist ein professioneller optischer Snoot, der f\u00fcr LED-Leuchten mit einer maximalen Leistung von 300W und Studioblitzger\u00e4te bis zu 1000Ws entwickelt wurde. Er verf\u00fcgt \u00fcber eine Linse mit einem 40-Grad-Winkel und vier internen Blenden, mit denen Sie den Lichtstrahl formen k\u00f6nnen. Er ist mit einem Satz von 5 Farbfiltern, 16 Gobos und einer Tragetasche ausgestattet.<\/p>\n<h3>Konstruktion<\/h3>\n<p>Der K\u00f6rper des Spotlight PRO besteht aus Aluminium und hitzebest\u00e4ndigem Kunststoff, wodurch er nicht nur langlebig, sondern auch sicher im Gebrauch ist. Ein integraler Bestandteil des Geh\u00e4uses ist der Aluminium-Hitzeschild, der auch als K\u00fchlk\u00f6rper fungiert. Das Linsenfass und der Rahmen der Blenden sind aus hitzebest\u00e4ndigem Polyamidkunststoff gefertigt, was ein komfortables Arbeiten erm\u00f6glicht. Sie k\u00f6nnen 300 W LED-Leuchten und 1000Ws Studioblitzger\u00e4te in Kombination mit dem Spotlight PRO verwenden.<\/p>\n<h3>Kompatibilit\u00e4t<\/h3>\n<div>Optische Snoots werden f\u00fcr die Verwendung mit Dauerlichtlampen empfohlen. Mit LED-Lampen wird ein gleichm\u00e4\u00dfiges Lichtbild projiziert. Spotlight kann auch mit Blitzlampen verwendet werden. Es ist jedoch wichtig zu wissen, dass bei der Verwendung des Spotlights mit Blitzlampen wie Vega oder Antares aufgrund der physikalischen Struktur der Blitzr\u00f6hre der projizierte Lichtkreis im mittleren Teil etwas dunkler sein kann.<\/div>\n<h3>Linse<\/h3>\n<p>Die Linse des Spotlight PRO hat eine hohe Lichtst\u00e4rke von f\/1,8, wodurch die Lichtdurchl\u00e4ssigkeit sehr hoch ist. Die Linse ist optimiert f\u00fcr eine geringe chromatische Aberration, so dass Sie sehr scharfe und definierte Kanten erzielen k\u00f6nnen. Dank der Blenden und Gobos k\u00f6nnen Sie Ihrem Bild eine einzigartige Atmosph\u00e4re verleihen und das Licht genau so formen, wie Sie es m\u00f6chten. Au\u00dferdem befindet sich in das Frontelement des Fassungsrohrs ein Farbfilterhalter (5 verschiedene Gele werden mitgeliefert).<\/p>\n<h3>Blenden<\/h3>\n<p>Ein integraler Bestandteil des Spotlight PRO ist ein Satz von vier Blenden. Sie sind f\u00fcr die pr\u00e4zise Einstellung der Lichtverteilung konzipiert und erm\u00f6glichen es Ihnen, ausgew\u00e4hlte Teile des Bildes pr\u00e4zise zu beleuchten. Die Blenden k\u00f6nnen auch zusammen mit Gobos und Farbfiltergelen verwendet werden.<\/p>\n<h3>Gobos<\/h3>\n<p>Spotlight PRO verwendet Standard-Gobos der Gr\u00f6\u00dfe M (Durchmesser 66 mm) und wird mit einem Satz von 16 Gobos und einem Rahmen geliefert, mit dem verschiedene Lichteffekte schnell und einfach angewendet werden k\u00f6nnen. Gobo kann gleichzeitig mit Blenden und einem Farbfiltergelhalter verwendet werden.<\/p>\n<h3>Farben<\/h3>\n<p>Der Spotlight PRO wird mit einem Satz von 5 grundlegenden Farbfiltern und einem speziell entwickelten Halter geliefert, mit dem Sie sie vorne an der Linse befestigen k\u00f6nnen.<\/p>\n<h3>Produktmerkmale:<\/h3>\n<ul>\n<li>Entwickelt f\u00fcr den Einsatz mit Blitzger\u00e4ten (bis zu 1000Ws) und LED-Dauerlichteinheiten (bis zu 300W)*.<\/li>\n<li>Ausgestattet mit einer hochwertigen Linse mit hoher Lichtst\u00e4rke f\/1,8 (T2).<\/li>\n<li>Mindestfokussierabstand von 120 cm.<\/li>\n<li>Ausgestattet mit 4 Blenden f\u00fcr pr\u00e4zise Lichtkontrolle.<\/li>\n<li>16 Gobos und Goborahmen im Lieferumfang enthalten.<\/li>\n<li>Mit 5 Farbfiltern und einem Halter geliefert.<\/li>\n<li>Kompatibel mit Bowens-Montage.<\/li>\n<li>Mit einer praktischen Tragetasche geliefert.<\/li>\n<\/ul>\n<h3>Set-Inhalt:<\/h3>\n<ul>\n<li>1x Spotlight PRO 40\u00b0.<\/li>\n<li>5x Farbfilter.<\/li>\n<li>1x Farbfilterhalter.<\/li>\n<li>16x Gobo-Maske.<\/li>\n<li>1x Koffer.<\/li>\n<\/ul>\n","protected":false},"excerpt":{"rendered":"<p>Der GlareOne Spotlight PRO 40\u00b0 ist ein professioneller optischer Snoot, der f\u00fcr LED-Leuchten mit einer maximalen Leistung von 300W und Studioblitzger\u00e4te bis zu 1000Ws entwickelt wurde. Er verf\u00fcgt \u00fcber eine Linse mit einem 40-Grad-Winkel und vier internen Blenden, mit denen Sie den Lichtstrahl formen k\u00f6nnen. Er ist mit einem Satz von 5 Farbfiltern, 16 Gobos [&hellip;]<\/p>\n","protected":false},"featured_media":2458,"template":"","meta":[],"product_brand":[],"product_cat":[394],"product_tag":[],"class_list":{"0":"post-2860","1":"product","2":"type-product","3":"status-publish","4":"has-post-thumbnail","6":"product_cat-spotlight-pro-de","8":"first","9":"instock","10":"product-type-simple"},"yoast_head":"<!-- This site is optimized with the Yoast SEO plugin v27.2 - https:\/\/yoast.com\/product\/yoast-seo-wordpress\/ -->\n<title>GlareOne Spotlight PRO 40\u00b0 - strumienica projekcyjna<\/title>\n<meta name=\"description\" content=\"GlareOne Spotlight PRO 40\u00b0 - strumienica projekcyjna\" \/>\n<meta name=\"robots\" content=\"index, follow, max-snippet:-1, max-image-preview:large, max-video-preview:-1\" \/>\n<link rel=\"canonical\" href=\"https:\/\/glareone.eu\/de\/product\/glareone-spotlight-pro-40\/\" \/>\n<meta property=\"og:locale\" content=\"de_DE\" \/>\n<meta property=\"og:type\" content=\"article\" \/>\n<meta property=\"og:title\" content=\"GlareOne Spotlight PRO 40\u00b0 - strumienica projekcyjna\" \/>\n<meta property=\"og:description\" content=\"GlareOne Spotlight PRO 40\u00b0 - strumienica projekcyjna\" \/>\n<meta property=\"og:url\" content=\"https:\/\/glareone.eu\/de\/product\/glareone-spotlight-pro-40\/\" \/>\n<meta property=\"og:site_name\" content=\"GlareOne\" \/>\n<meta property=\"article:publisher\" content=\"https:\/\/www.facebook.com\/GlareOneLighting\" \/>\n<meta property=\"article:modified_time\" content=\"2024-06-17T07:44:51+00:00\" \/>\n<meta property=\"og:image\" content=\"https:\/\/glareone.eu\/wp-content\/uploads\/2024\/04\/SSPOTLIGHTPRO40_01.jpg\" \/>\n\t<meta property=\"og:image:width\" content=\"1200\" \/>\n\t<meta property=\"og:image:height\" content=\"1200\" \/>\n\t<meta property=\"og:image:type\" content=\"image\/jpeg\" \/>\n<meta name=\"twitter:card\" content=\"summary_large_image\" \/>\n<meta name=\"twitter:title\" content=\"GlareOne Spotlight PRO 40\u00b0 - strumienica projekcyjna\" \/>\n<meta name=\"twitter:label1\" content=\"Gesch\u00e4tzte Lesezeit\" \/>\n\t<meta name=\"twitter:data1\" content=\"2\u00a0Minuten\" \/>\n<script type=\"application\/ld+json\" class=\"yoast-schema-graph\">{\"@context\":\"https:\/\/schema.org\",\"@graph\":[{\"@type\":\"WebPage\",\"@id\":\"https:\/\/glareone.eu\/de\/product\/glareone-spotlight-pro-40\/\",\"url\":\"https:\/\/glareone.eu\/de\/product\/glareone-spotlight-pro-40\/\",\"name\":\"GlareOne Spotlight PRO 40\u00b0 - strumienica projekcyjna\",\"isPartOf\":{\"@id\":\"https:\/\/glareone.eu\/de\/en\/#website\"},\"primaryImageOfPage\":{\"@id\":\"https:\/\/glareone.eu\/de\/product\/glareone-spotlight-pro-40\/#primaryimage\"},\"image\":{\"@id\":\"https:\/\/glareone.eu\/de\/product\/glareone-spotlight-pro-40\/#primaryimage\"},\"thumbnailUrl\":\"https:\/\/glareone.eu\/wp-content\/uploads\/2024\/04\/SSPOTLIGHTPRO40_01.jpg\",\"datePublished\":\"2024-04-18T19:26:33+00:00\",\"dateModified\":\"2024-06-17T07:44:51+00:00\",\"description\":\"GlareOne Spotlight PRO 40\u00b0 - strumienica projekcyjna\",\"breadcrumb\":{\"@id\":\"https:\/\/glareone.eu\/de\/product\/glareone-spotlight-pro-40\/#breadcrumb\"},\"inLanguage\":\"de\",\"potentialAction\":[{\"@type\":\"ReadAction\",\"target\":[\"https:\/\/glareone.eu\/de\/product\/glareone-spotlight-pro-40\/\"]}]},{\"@type\":\"ImageObject\",\"inLanguage\":\"de\",\"@id\":\"https:\/\/glareone.eu\/de\/product\/glareone-spotlight-pro-40\/#primaryimage\",\"url\":\"https:\/\/glareone.eu\/wp-content\/uploads\/2024\/04\/SSPOTLIGHTPRO40_01.jpg\",\"contentUrl\":\"https:\/\/glareone.eu\/wp-content\/uploads\/2024\/04\/SSPOTLIGHTPRO40_01.jpg\",\"width\":1200,\"height\":1200},{\"@type\":\"BreadcrumbList\",\"@id\":\"https:\/\/glareone.eu\/de\/product\/glareone-spotlight-pro-40\/#breadcrumb\",\"itemListElement\":[{\"@type\":\"ListItem\",\"position\":1,\"name\":\"Strona g\u0142\u00f3wna\",\"item\":\"https:\/\/glareone.eu\/de\/\"},{\"@type\":\"ListItem\",\"position\":2,\"name\":\"Alle Produkte\",\"item\":\"https:\/\/glareone.eu\/de\/produkte\/alle-produkte\/\"},{\"@type\":\"ListItem\",\"position\":3,\"name\":\"GlareOne Spotlight PRO 40\u00b0\"}]},{\"@type\":\"WebSite\",\"@id\":\"https:\/\/glareone.eu\/de\/en\/#website\",\"url\":\"https:\/\/glareone.eu\/de\/en\/\",\"name\":\"GlareOne\",\"description\":\"Wyposa\u017cenie Studia\",\"publisher\":{\"@id\":\"https:\/\/glareone.eu\/de\/en\/#organization\"},\"potentialAction\":[{\"@type\":\"SearchAction\",\"target\":{\"@type\":\"EntryPoint\",\"urlTemplate\":\"https:\/\/glareone.eu\/de\/en\/?s={search_term_string}\"},\"query-input\":{\"@type\":\"PropertyValueSpecification\",\"valueRequired\":true,\"valueName\":\"search_term_string\"}}],\"inLanguage\":\"de\"},{\"@type\":\"Organization\",\"@id\":\"https:\/\/glareone.eu\/de\/en\/#organization\",\"name\":\"GlareOne\",\"url\":\"https:\/\/glareone.eu\/de\/en\/\",\"logo\":{\"@type\":\"ImageObject\",\"inLanguage\":\"de\",\"@id\":\"https:\/\/glareone.eu\/de\/en\/#\/schema\/logo\/image\/\",\"url\":\"http:\/\/glareone.eu\/wp-content\/uploads\/2024\/05\/glareone_logo2020_RGB-01-e1715773127189.png\",\"contentUrl\":\"http:\/\/glareone.eu\/wp-content\/uploads\/2024\/05\/glareone_logo2020_RGB-01-e1715773127189.png\",\"width\":1270,\"height\":321,\"caption\":\"GlareOne\"},\"image\":{\"@id\":\"https:\/\/glareone.eu\/de\/en\/#\/schema\/logo\/image\/\"},\"sameAs\":[\"https:\/\/www.facebook.com\/GlareOneLighting\",\"https:\/\/www.instagram.com\/glareonelighting\/\",\"https:\/\/www.youtube.com\/@GlareOneTV\"]}]}<\/script>\n<!-- \/ Yoast SEO plugin. -->","yoast_head_json":{"title":"GlareOne Spotlight PRO 40\u00b0 - strumienica projekcyjna","description":"GlareOne Spotlight PRO 40\u00b0 - strumienica projekcyjna","robots":{"index":"index","follow":"follow","max-snippet":"max-snippet:-1","max-image-preview":"max-image-preview:large","max-video-preview":"max-video-preview:-1"},"canonical":"https:\/\/glareone.eu\/de\/product\/glareone-spotlight-pro-40\/","og_locale":"de_DE","og_type":"article","og_title":"GlareOne Spotlight PRO 40\u00b0 - strumienica projekcyjna","og_description":"GlareOne Spotlight PRO 40\u00b0 - strumienica projekcyjna","og_url":"https:\/\/glareone.eu\/de\/product\/glareone-spotlight-pro-40\/","og_site_name":"GlareOne","article_publisher":"https:\/\/www.facebook.com\/GlareOneLighting","article_modified_time":"2024-06-17T07:44:51+00:00","og_image":[{"width":1200,"height":1200,"url":"https:\/\/glareone.eu\/wp-content\/uploads\/2024\/04\/SSPOTLIGHTPRO40_01.jpg","type":"image\/jpeg"}],"twitter_card":"summary_large_image","twitter_title":"GlareOne Spotlight PRO 40\u00b0 - strumienica projekcyjna","twitter_misc":{"Gesch\u00e4tzte Lesezeit":"2\u00a0Minuten"},"schema":{"@context":"https:\/\/schema.org","@graph":[{"@type":"WebPage","@id":"https:\/\/glareone.eu\/de\/product\/glareone-spotlight-pro-40\/","url":"https:\/\/glareone.eu\/de\/product\/glareone-spotlight-pro-40\/","name":"GlareOne Spotlight PRO 40\u00b0 - strumienica projekcyjna","isPartOf":{"@id":"https:\/\/glareone.eu\/de\/en\/#website"},"primaryImageOfPage":{"@id":"https:\/\/glareone.eu\/de\/product\/glareone-spotlight-pro-40\/#primaryimage"},"image":{"@id":"https:\/\/glareone.eu\/de\/product\/glareone-spotlight-pro-40\/#primaryimage"},"thumbnailUrl":"https:\/\/glareone.eu\/wp-content\/uploads\/2024\/04\/SSPOTLIGHTPRO40_01.jpg","datePublished":"2024-04-18T19:26:33+00:00","dateModified":"2024-06-17T07:44:51+00:00","description":"GlareOne Spotlight PRO 40\u00b0 - strumienica projekcyjna","breadcrumb":{"@id":"https:\/\/glareone.eu\/de\/product\/glareone-spotlight-pro-40\/#breadcrumb"},"inLanguage":"de","potentialAction":[{"@type":"ReadAction","target":["https:\/\/glareone.eu\/de\/product\/glareone-spotlight-pro-40\/"]}]},{"@type":"ImageObject","inLanguage":"de","@id":"https:\/\/glareone.eu\/de\/product\/glareone-spotlight-pro-40\/#primaryimage","url":"https:\/\/glareone.eu\/wp-content\/uploads\/2024\/04\/SSPOTLIGHTPRO40_01.jpg","contentUrl":"https:\/\/glareone.eu\/wp-content\/uploads\/2024\/04\/SSPOTLIGHTPRO40_01.jpg","width":1200,"height":1200},{"@type":"BreadcrumbList","@id":"https:\/\/glareone.eu\/de\/product\/glareone-spotlight-pro-40\/#breadcrumb","itemListElement":[{"@type":"ListItem","position":1,"name":"Strona g\u0142\u00f3wna","item":"https:\/\/glareone.eu\/de\/"},{"@type":"ListItem","position":2,"name":"Alle Produkte","item":"https:\/\/glareone.eu\/de\/produkte\/alle-produkte\/"},{"@type":"ListItem","position":3,"name":"GlareOne Spotlight PRO 40\u00b0"}]},{"@type":"WebSite","@id":"https:\/\/glareone.eu\/de\/en\/#website","url":"https:\/\/glareone.eu\/de\/en\/","name":"GlareOne","description":"Wyposa\u017cenie Studia","publisher":{"@id":"https:\/\/glareone.eu\/de\/en\/#organization"},"potentialAction":[{"@type":"SearchAction","target":{"@type":"EntryPoint","urlTemplate":"https:\/\/glareone.eu\/de\/en\/?s={search_term_string}"},"query-input":{"@type":"PropertyValueSpecification","valueRequired":true,"valueName":"search_term_string"}}],"inLanguage":"de"},{"@type":"Organization","@id":"https:\/\/glareone.eu\/de\/en\/#organization","name":"GlareOne","url":"https:\/\/glareone.eu\/de\/en\/","logo":{"@type":"ImageObject","inLanguage":"de","@id":"https:\/\/glareone.eu\/de\/en\/#\/schema\/logo\/image\/","url":"http:\/\/glareone.eu\/wp-content\/uploads\/2024\/05\/glareone_logo2020_RGB-01-e1715773127189.png","contentUrl":"http:\/\/glareone.eu\/wp-content\/uploads\/2024\/05\/glareone_logo2020_RGB-01-e1715773127189.png","width":1270,"height":321,"caption":"GlareOne"},"image":{"@id":"https:\/\/glareone.eu\/de\/en\/#\/schema\/logo\/image\/"},"sameAs":["https:\/\/www.facebook.com\/GlareOneLighting","https:\/\/www.instagram.com\/glareonelighting\/","https:\/\/www.youtube.com\/@GlareOneTV"]}]}},"_links":{"self":[{"href":"https:\/\/glareone.eu\/de\/wp-json\/wp\/v2\/product\/2860","targetHints":{"allow":["GET"]}}],"collection":[{"href":"https:\/\/glareone.eu\/de\/wp-json\/wp\/v2\/product"}],"about":[{"href":"https:\/\/glareone.eu\/de\/wp-json\/wp\/v2\/types\/product"}],"wp:featuredmedia":[{"embeddable":true,"href":"https:\/\/glareone.eu\/de\/wp-json\/wp\/v2\/media\/2458"}],"wp:attachment":[{"href":"https:\/\/glareone.eu\/de\/wp-json\/wp\/v2\/media?parent=2860"}],"wp:term":[{"taxonomy":"product_brand","embeddable":true,"href":"https:\/\/glareone.eu\/de\/wp-json\/wp\/v2\/product_brand?post=2860"},{"taxonomy":"product_cat","embeddable":true,"href":"https:\/\/glareone.eu\/de\/wp-json\/wp\/v2\/product_cat?post=2860"},{"taxonomy":"product_tag","embeddable":true,"href":"https:\/\/glareone.eu\/de\/wp-json\/wp\/v2\/product_tag?post=2860"}],"curies":[{"name":"wp","href":"https:\/\/api.w.org\/{rel}","templated":true}]}}