{"id":2853,"date":"2024-04-18T19:26:33","date_gmt":"2024-04-18T19:26:33","guid":{"rendered":"http:\/\/glareone.eu\/produkt\/glareone-grid-beauty-dish-softbox-85-pro\/"},"modified":"2024-04-24T10:41:13","modified_gmt":"2024-04-24T10:41:13","slug":"glareone-grid-beauty-dish-softbox-85-pro","status":"publish","type":"product","link":"https:\/\/glareone.eu\/de\/product\/glareone-grid-beauty-dish-softbox-85-pro\/","title":{"rendered":"GlareOne Grid f\u00fcr Beauty Dish Softbox 85 PRO"},"content":{"rendered":"<p>Wabengitter f\u00fcr GlareOne Beauty Dish 85 PRO Softbox.<\/p>\n<h3>Kontrolle<\/h3>\n<p>Wenn es an eine Softbox angebracht ist, erm\u00f6glicht das Wabengitter eine bessere Kontrolle dar\u00fcber, wie das Licht \u00fcber Ihr Motiv und das gesamte Set verteilt wird. Das Wabengitter begrenzt die seitliche Ausbreitung des Lichts, was es einfacher macht, das Licht bewusst zu kontrollieren.<\/p>\n<h3>Dichte<\/h3>\n<p>Die Gitter f\u00fcr die PRO Softbox-Serie zeichnen sich durch ihre hohe Dichte aus. Ein einzelnes Gitter misst 4 x 4 cm und hat eine Tiefe von 4 cm.<\/p>\n<h3>Produktmerkmale:<\/h3>\n<ul>\n<li>Erm\u00f6glicht es Ihnen, den Winkel der Softboxen zu reduzieren.<\/li>\n<li>Bietet eine bessere Lichtkontrolle.<\/li>\n<li>Erh\u00f6ht leicht den Lichtkontrast.<\/li>\n<li>Mit Gittern k\u00f6nnen Sie Blendeffekte durch Gegenlicht reduzieren.<\/li>\n<li>Mit Klettverschluss f\u00fcr schnelle Montage und Demontage ausgestattet.<\/li>\n<li>Hergestellt aus leichtem Nylon, was es leicht und klein macht beim Verpacken.<\/li>\n<\/ul>\n","protected":false},"excerpt":{"rendered":"<p>Wabengitter f\u00fcr GlareOne Beauty Dish 85 PRO Softbox. Kontrolle Wenn es an eine Softbox angebracht ist, erm\u00f6glicht das Wabengitter eine bessere Kontrolle dar\u00fcber, wie das Licht \u00fcber Ihr Motiv und das gesamte Set verteilt wird. Das Wabengitter begrenzt die seitliche Ausbreitung des Lichts, was es einfacher macht, das Licht bewusst zu kontrollieren. Dichte Die Gitter [&hellip;]<\/p>\n","protected":false},"featured_media":2449,"template":"","meta":[],"product_brand":[],"product_cat":[470],"product_tag":[],"class_list":{"0":"post-2853","1":"product","2":"type-product","3":"status-publish","4":"has-post-thumbnail","6":"product_cat-grids-de","8":"first","9":"instock","10":"product-type-simple"},"yoast_head":"<!-- This site is optimized with the Yoast SEO plugin v27.2 - https:\/\/yoast.com\/product\/yoast-seo-wordpress\/ -->\n<title>GlareOne Grid do Beauty Dish Softbox 85 PRO<\/title>\n<meta name=\"description\" content=\"GlareOne Grid do Beauty Dish Softbox 85 PRO\" \/>\n<meta name=\"robots\" content=\"index, follow, max-snippet:-1, max-image-preview:large, max-video-preview:-1\" \/>\n<link rel=\"canonical\" href=\"https:\/\/glareone.eu\/de\/product\/glareone-grid-beauty-dish-softbox-85-pro\/\" \/>\n<meta property=\"og:locale\" content=\"de_DE\" \/>\n<meta property=\"og:type\" content=\"article\" \/>\n<meta property=\"og:title\" content=\"GlareOne Grid do Beauty Dish Softbox 85 PRO\" \/>\n<meta property=\"og:description\" content=\"GlareOne Grid do Beauty Dish Softbox 85 PRO\" \/>\n<meta property=\"og:url\" content=\"https:\/\/glareone.eu\/de\/product\/glareone-grid-beauty-dish-softbox-85-pro\/\" \/>\n<meta property=\"og:site_name\" content=\"GlareOne\" \/>\n<meta property=\"article:publisher\" content=\"https:\/\/www.facebook.com\/GlareOneLighting\" \/>\n<meta property=\"article:modified_time\" content=\"2024-04-24T10:41:13+00:00\" \/>\n<meta property=\"og:image\" content=\"https:\/\/glareone.eu\/wp-content\/uploads\/2024\/04\/SHGPRO85BD_01.jpg\" \/>\n\t<meta property=\"og:image:width\" content=\"1200\" \/>\n\t<meta property=\"og:image:height\" content=\"1200\" \/>\n\t<meta property=\"og:image:type\" content=\"image\/jpeg\" \/>\n<meta name=\"twitter:card\" content=\"summary_large_image\" \/>\n<meta name=\"twitter:title\" content=\"GlareOne Grid do Beauty Dish Softbox 85 PRO\" \/>\n<meta name=\"twitter:label1\" content=\"Gesch\u00e4tzte Lesezeit\" \/>\n\t<meta name=\"twitter:data1\" content=\"1\u00a0Minute\" \/>\n<script type=\"application\/ld+json\" class=\"yoast-schema-graph\">{\"@context\":\"https:\/\/schema.org\",\"@graph\":[{\"@type\":\"WebPage\",\"@id\":\"https:\/\/glareone.eu\/de\/product\/glareone-grid-beauty-dish-softbox-85-pro\/\",\"url\":\"https:\/\/glareone.eu\/de\/product\/glareone-grid-beauty-dish-softbox-85-pro\/\",\"name\":\"GlareOne Grid do Beauty Dish Softbox 85 PRO\",\"isPartOf\":{\"@id\":\"https:\/\/glareone.eu\/de\/en\/#website\"},\"primaryImageOfPage\":{\"@id\":\"https:\/\/glareone.eu\/de\/product\/glareone-grid-beauty-dish-softbox-85-pro\/#primaryimage\"},\"image\":{\"@id\":\"https:\/\/glareone.eu\/de\/product\/glareone-grid-beauty-dish-softbox-85-pro\/#primaryimage\"},\"thumbnailUrl\":\"https:\/\/glareone.eu\/wp-content\/uploads\/2024\/04\/SHGPRO85BD_01.jpg\",\"datePublished\":\"2024-04-18T19:26:33+00:00\",\"dateModified\":\"2024-04-24T10:41:13+00:00\",\"description\":\"GlareOne Grid do Beauty Dish Softbox 85 PRO\",\"breadcrumb\":{\"@id\":\"https:\/\/glareone.eu\/de\/product\/glareone-grid-beauty-dish-softbox-85-pro\/#breadcrumb\"},\"inLanguage\":\"de\",\"potentialAction\":[{\"@type\":\"ReadAction\",\"target\":[\"https:\/\/glareone.eu\/de\/product\/glareone-grid-beauty-dish-softbox-85-pro\/\"]}]},{\"@type\":\"ImageObject\",\"inLanguage\":\"de\",\"@id\":\"https:\/\/glareone.eu\/de\/product\/glareone-grid-beauty-dish-softbox-85-pro\/#primaryimage\",\"url\":\"https:\/\/glareone.eu\/wp-content\/uploads\/2024\/04\/SHGPRO85BD_01.jpg\",\"contentUrl\":\"https:\/\/glareone.eu\/wp-content\/uploads\/2024\/04\/SHGPRO85BD_01.jpg\",\"width\":1200,\"height\":1200},{\"@type\":\"BreadcrumbList\",\"@id\":\"https:\/\/glareone.eu\/de\/product\/glareone-grid-beauty-dish-softbox-85-pro\/#breadcrumb\",\"itemListElement\":[{\"@type\":\"ListItem\",\"position\":1,\"name\":\"Strona g\u0142\u00f3wna\",\"item\":\"https:\/\/glareone.eu\/de\/\"},{\"@type\":\"ListItem\",\"position\":2,\"name\":\"Alle Produkte\",\"item\":\"https:\/\/glareone.eu\/de\/produkte\/alle-produkte\/\"},{\"@type\":\"ListItem\",\"position\":3,\"name\":\"GlareOne Grid f\u00fcr Beauty Dish Softbox 85 PRO\"}]},{\"@type\":\"WebSite\",\"@id\":\"https:\/\/glareone.eu\/de\/en\/#website\",\"url\":\"https:\/\/glareone.eu\/de\/en\/\",\"name\":\"GlareOne\",\"description\":\"Wyposa\u017cenie Studia\",\"publisher\":{\"@id\":\"https:\/\/glareone.eu\/de\/en\/#organization\"},\"potentialAction\":[{\"@type\":\"SearchAction\",\"target\":{\"@type\":\"EntryPoint\",\"urlTemplate\":\"https:\/\/glareone.eu\/de\/en\/?s={search_term_string}\"},\"query-input\":{\"@type\":\"PropertyValueSpecification\",\"valueRequired\":true,\"valueName\":\"search_term_string\"}}],\"inLanguage\":\"de\"},{\"@type\":\"Organization\",\"@id\":\"https:\/\/glareone.eu\/de\/en\/#organization\",\"name\":\"GlareOne\",\"url\":\"https:\/\/glareone.eu\/de\/en\/\",\"logo\":{\"@type\":\"ImageObject\",\"inLanguage\":\"de\",\"@id\":\"https:\/\/glareone.eu\/de\/en\/#\/schema\/logo\/image\/\",\"url\":\"http:\/\/glareone.eu\/wp-content\/uploads\/2024\/05\/glareone_logo2020_RGB-01-e1715773127189.png\",\"contentUrl\":\"http:\/\/glareone.eu\/wp-content\/uploads\/2024\/05\/glareone_logo2020_RGB-01-e1715773127189.png\",\"width\":1270,\"height\":321,\"caption\":\"GlareOne\"},\"image\":{\"@id\":\"https:\/\/glareone.eu\/de\/en\/#\/schema\/logo\/image\/\"},\"sameAs\":[\"https:\/\/www.facebook.com\/GlareOneLighting\",\"https:\/\/www.instagram.com\/glareonelighting\/\",\"https:\/\/www.youtube.com\/@GlareOneTV\"]}]}<\/script>\n<!-- \/ Yoast SEO plugin. -->","yoast_head_json":{"title":"GlareOne Grid do Beauty Dish Softbox 85 PRO","description":"GlareOne Grid do Beauty Dish Softbox 85 PRO","robots":{"index":"index","follow":"follow","max-snippet":"max-snippet:-1","max-image-preview":"max-image-preview:large","max-video-preview":"max-video-preview:-1"},"canonical":"https:\/\/glareone.eu\/de\/product\/glareone-grid-beauty-dish-softbox-85-pro\/","og_locale":"de_DE","og_type":"article","og_title":"GlareOne Grid do Beauty Dish Softbox 85 PRO","og_description":"GlareOne Grid do Beauty Dish Softbox 85 PRO","og_url":"https:\/\/glareone.eu\/de\/product\/glareone-grid-beauty-dish-softbox-85-pro\/","og_site_name":"GlareOne","article_publisher":"https:\/\/www.facebook.com\/GlareOneLighting","article_modified_time":"2024-04-24T10:41:13+00:00","og_image":[{"width":1200,"height":1200,"url":"https:\/\/glareone.eu\/wp-content\/uploads\/2024\/04\/SHGPRO85BD_01.jpg","type":"image\/jpeg"}],"twitter_card":"summary_large_image","twitter_title":"GlareOne Grid do Beauty Dish Softbox 85 PRO","twitter_misc":{"Gesch\u00e4tzte Lesezeit":"1\u00a0Minute"},"schema":{"@context":"https:\/\/schema.org","@graph":[{"@type":"WebPage","@id":"https:\/\/glareone.eu\/de\/product\/glareone-grid-beauty-dish-softbox-85-pro\/","url":"https:\/\/glareone.eu\/de\/product\/glareone-grid-beauty-dish-softbox-85-pro\/","name":"GlareOne Grid do Beauty Dish Softbox 85 PRO","isPartOf":{"@id":"https:\/\/glareone.eu\/de\/en\/#website"},"primaryImageOfPage":{"@id":"https:\/\/glareone.eu\/de\/product\/glareone-grid-beauty-dish-softbox-85-pro\/#primaryimage"},"image":{"@id":"https:\/\/glareone.eu\/de\/product\/glareone-grid-beauty-dish-softbox-85-pro\/#primaryimage"},"thumbnailUrl":"https:\/\/glareone.eu\/wp-content\/uploads\/2024\/04\/SHGPRO85BD_01.jpg","datePublished":"2024-04-18T19:26:33+00:00","dateModified":"2024-04-24T10:41:13+00:00","description":"GlareOne Grid do Beauty Dish Softbox 85 PRO","breadcrumb":{"@id":"https:\/\/glareone.eu\/de\/product\/glareone-grid-beauty-dish-softbox-85-pro\/#breadcrumb"},"inLanguage":"de","potentialAction":[{"@type":"ReadAction","target":["https:\/\/glareone.eu\/de\/product\/glareone-grid-beauty-dish-softbox-85-pro\/"]}]},{"@type":"ImageObject","inLanguage":"de","@id":"https:\/\/glareone.eu\/de\/product\/glareone-grid-beauty-dish-softbox-85-pro\/#primaryimage","url":"https:\/\/glareone.eu\/wp-content\/uploads\/2024\/04\/SHGPRO85BD_01.jpg","contentUrl":"https:\/\/glareone.eu\/wp-content\/uploads\/2024\/04\/SHGPRO85BD_01.jpg","width":1200,"height":1200},{"@type":"BreadcrumbList","@id":"https:\/\/glareone.eu\/de\/product\/glareone-grid-beauty-dish-softbox-85-pro\/#breadcrumb","itemListElement":[{"@type":"ListItem","position":1,"name":"Strona g\u0142\u00f3wna","item":"https:\/\/glareone.eu\/de\/"},{"@type":"ListItem","position":2,"name":"Alle Produkte","item":"https:\/\/glareone.eu\/de\/produkte\/alle-produkte\/"},{"@type":"ListItem","position":3,"name":"GlareOne Grid f\u00fcr Beauty Dish Softbox 85 PRO"}]},{"@type":"WebSite","@id":"https:\/\/glareone.eu\/de\/en\/#website","url":"https:\/\/glareone.eu\/de\/en\/","name":"GlareOne","description":"Wyposa\u017cenie Studia","publisher":{"@id":"https:\/\/glareone.eu\/de\/en\/#organization"},"potentialAction":[{"@type":"SearchAction","target":{"@type":"EntryPoint","urlTemplate":"https:\/\/glareone.eu\/de\/en\/?s={search_term_string}"},"query-input":{"@type":"PropertyValueSpecification","valueRequired":true,"valueName":"search_term_string"}}],"inLanguage":"de"},{"@type":"Organization","@id":"https:\/\/glareone.eu\/de\/en\/#organization","name":"GlareOne","url":"https:\/\/glareone.eu\/de\/en\/","logo":{"@type":"ImageObject","inLanguage":"de","@id":"https:\/\/glareone.eu\/de\/en\/#\/schema\/logo\/image\/","url":"http:\/\/glareone.eu\/wp-content\/uploads\/2024\/05\/glareone_logo2020_RGB-01-e1715773127189.png","contentUrl":"http:\/\/glareone.eu\/wp-content\/uploads\/2024\/05\/glareone_logo2020_RGB-01-e1715773127189.png","width":1270,"height":321,"caption":"GlareOne"},"image":{"@id":"https:\/\/glareone.eu\/de\/en\/#\/schema\/logo\/image\/"},"sameAs":["https:\/\/www.facebook.com\/GlareOneLighting","https:\/\/www.instagram.com\/glareonelighting\/","https:\/\/www.youtube.com\/@GlareOneTV"]}]}},"_links":{"self":[{"href":"https:\/\/glareone.eu\/de\/wp-json\/wp\/v2\/product\/2853","targetHints":{"allow":["GET"]}}],"collection":[{"href":"https:\/\/glareone.eu\/de\/wp-json\/wp\/v2\/product"}],"about":[{"href":"https:\/\/glareone.eu\/de\/wp-json\/wp\/v2\/types\/product"}],"wp:featuredmedia":[{"embeddable":true,"href":"https:\/\/glareone.eu\/de\/wp-json\/wp\/v2\/media\/2449"}],"wp:attachment":[{"href":"https:\/\/glareone.eu\/de\/wp-json\/wp\/v2\/media?parent=2853"}],"wp:term":[{"taxonomy":"product_brand","embeddable":true,"href":"https:\/\/glareone.eu\/de\/wp-json\/wp\/v2\/product_brand?post=2853"},{"taxonomy":"product_cat","embeddable":true,"href":"https:\/\/glareone.eu\/de\/wp-json\/wp\/v2\/product_cat?post=2853"},{"taxonomy":"product_tag","embeddable":true,"href":"https:\/\/glareone.eu\/de\/wp-json\/wp\/v2\/product_tag?post=2853"}],"curies":[{"name":"wp","href":"https:\/\/api.w.org\/{rel}","templated":true}]}}