{"id":2837,"date":"2024-04-18T19:26:33","date_gmt":"2024-04-18T19:26:33","guid":{"rendered":"http:\/\/glareone.eu\/produkt\/glareone-lantern-softbox-65-pro\/"},"modified":"2024-04-24T10:25:43","modified_gmt":"2024-04-24T10:25:43","slug":"glareone-lantern-softbox-65-pro","status":"publish","type":"product","link":"https:\/\/glareone.eu\/de\/product\/glareone-lantern-softbox-65-pro\/","title":{"rendered":"GlareOne Lantern Softbox 65 PRO"},"content":{"rendered":"<p>Eine kugelf\u00f6rmige Softbox mit einem Schnellverschlussmechanismus und einem Rock zur besseren Lichtkontrolle.<\/p>\n<h3>Kugelf\u00f6rmig<\/h3>\n<p>Die Laterne zeichnet sich durch ihre einzigartige kugelf\u00f6rmige Konstruktion aus, die sich deutlich von anderen Softboxen unterscheidet. Diese Form sorgt f\u00fcr eine gleichm\u00e4\u00dfige Lichtverteilung \u00fcber eine gro\u00dfe Fl\u00e4che und macht die Laterne ideal als Quelle f\u00fcr F\u00fclllicht.<\/p>\n<h3>Lichtkontrolle<\/h3>\n<p>Die Hauptfunktion einer Softbox wie der Laterne besteht darin, omnidirektionales F\u00fclllicht bereitzustellen, das auf jedem Set ben\u00f6tigt wird. Gleichzeitig ist eine gute Kontrolle \u00fcber das Lichtstreuung erforderlich, weshalb die Laterne mit einem Rock ausgestattet ist. Diese Funktion erm\u00f6glicht es Ihnen, die Lichtverteilung zu kontrollieren und bestimmte Teile der Szene auszublenden. Der Rock besteht nicht aus einem einzigen Stoffst\u00fcck, sondern aus vier unabh\u00e4ngigen Paneelen, die je nach Situation geschlossen oder ge\u00f6ffnet werden k\u00f6nnen.<\/p>\n<h3>Einfach zu bedienen<\/h3>\n<p>Die Laterne basiert auf dem einfach einzurichtenden Schirmrahmen. Der Rock ist mit Klettverschluss befestigt, was Geschwindigkeit und Einfachheit der Verwendung garantiert. Die Softbox wird mit einer praktischen Tragetasche geliefert.<\/p>\n<h3>Verfeinert<\/h3>\n<p>Der Rock ist auf der Innenseite mit einem silbernen Reflektorscreen laminiert. Die \u00e4u\u00dfere Oberfl\u00e4che ist schwarz (matt). Der Diffusor, der f\u00fcr die Lichtstreuung verantwortlich ist, besteht aus leichtem und strapazierf\u00e4higem Ripstop-Nylon. Alle Materialien werden individuell ausgew\u00e4hlt. Ihre Farbneutralit\u00e4t bleibt erhalten, so dass die Softbox die Lichtqualit\u00e4t nicht negativ beeinflusst. Der Montagering besteht aus eloxiertem Aluminium und die Rahmenstangen sind aus Stahl.<\/p>\n<h3>Produktmerkmale:<\/h3>\n<ul>\n<li>Einfach und schnell einzurichten.<\/li>\n<li>Es liefert weiches und stark diffuses Licht.<\/li>\n<li>Durchmesser von 65 cm und kugelf\u00f6rmige Form.<\/li>\n<li>Ausgestattet mit einem Rock, der die Kontrolle \u00fcber die Lichtverteilung erm\u00f6glicht.<\/li>\n<li>Hergestellt aus hochwertigen Materialien.<\/li>\n<li>Der Rahmen ist komplett aus Metall.<\/li>\n<li>Es hat eine Bowens-Typ Halterung.<\/li>\n<li>Wird in einer praktischen Tragetasche geliefert.<\/li>\n<\/ul>\n","protected":false},"excerpt":{"rendered":"<p>Eine kugelf\u00f6rmige Softbox mit einem Schnellverschlussmechanismus und einem Rock zur besseren Lichtkontrolle. Kugelf\u00f6rmig Die Laterne zeichnet sich durch ihre einzigartige kugelf\u00f6rmige Konstruktion aus, die sich deutlich von anderen Softboxen unterscheidet. Diese Form sorgt f\u00fcr eine gleichm\u00e4\u00dfige Lichtverteilung \u00fcber eine gro\u00dfe Fl\u00e4che und macht die Laterne ideal als Quelle f\u00fcr F\u00fclllicht. Lichtkontrolle Die Hauptfunktion einer Softbox [&hellip;]<\/p>\n","protected":false},"featured_media":2399,"template":"","meta":[],"product_brand":[],"product_cat":[367],"product_tag":[],"class_list":{"0":"post-2837","1":"product","2":"type-product","3":"status-publish","4":"has-post-thumbnail","6":"product_cat-pro-de","8":"first","9":"instock","10":"product-type-simple"},"yoast_head":"<!-- This site is optimized with the Yoast SEO plugin v27.2 - https:\/\/yoast.com\/product\/yoast-seo-wordpress\/ -->\n<title>GlareOne Lantern Softbox 65 PRO - zestaw z fartuchem<\/title>\n<meta name=\"description\" content=\"GlareOne Lantern Softbox 65 PRO - zestaw z fartuchem\" \/>\n<meta name=\"robots\" content=\"index, follow, max-snippet:-1, max-image-preview:large, max-video-preview:-1\" \/>\n<link rel=\"canonical\" href=\"https:\/\/glareone.eu\/de\/product\/glareone-lantern-softbox-65-pro\/\" \/>\n<meta property=\"og:locale\" content=\"de_DE\" \/>\n<meta property=\"og:type\" content=\"article\" \/>\n<meta property=\"og:title\" content=\"GlareOne Lantern Softbox 65 PRO - zestaw z fartuchem\" \/>\n<meta property=\"og:description\" content=\"GlareOne Lantern Softbox 65 PRO - zestaw z fartuchem\" \/>\n<meta property=\"og:url\" content=\"https:\/\/glareone.eu\/de\/product\/glareone-lantern-softbox-65-pro\/\" \/>\n<meta property=\"og:site_name\" content=\"GlareOne\" \/>\n<meta property=\"article:publisher\" content=\"https:\/\/www.facebook.com\/GlareOneLighting\" \/>\n<meta property=\"article:modified_time\" content=\"2024-04-24T10:25:43+00:00\" \/>\n<meta property=\"og:image\" content=\"https:\/\/glareone.eu\/wp-content\/uploads\/2024\/04\/SOFTPROLAN65_01.jpg\" \/>\n\t<meta property=\"og:image:width\" content=\"1200\" \/>\n\t<meta property=\"og:image:height\" content=\"1200\" \/>\n\t<meta property=\"og:image:type\" content=\"image\/jpeg\" \/>\n<meta name=\"twitter:card\" content=\"summary_large_image\" \/>\n<meta name=\"twitter:title\" content=\"GlareOne Lantern Softbox 65 PRO - zestaw z fartuchem\" \/>\n<meta name=\"twitter:label1\" content=\"Gesch\u00e4tzte Lesezeit\" \/>\n\t<meta name=\"twitter:data1\" content=\"2\u00a0Minuten\" \/>\n<script type=\"application\/ld+json\" class=\"yoast-schema-graph\">{\"@context\":\"https:\/\/schema.org\",\"@graph\":[{\"@type\":\"WebPage\",\"@id\":\"https:\/\/glareone.eu\/de\/product\/glareone-lantern-softbox-65-pro\/\",\"url\":\"https:\/\/glareone.eu\/de\/product\/glareone-lantern-softbox-65-pro\/\",\"name\":\"GlareOne Lantern Softbox 65 PRO - zestaw z fartuchem\",\"isPartOf\":{\"@id\":\"https:\/\/glareone.eu\/de\/en\/#website\"},\"primaryImageOfPage\":{\"@id\":\"https:\/\/glareone.eu\/de\/product\/glareone-lantern-softbox-65-pro\/#primaryimage\"},\"image\":{\"@id\":\"https:\/\/glareone.eu\/de\/product\/glareone-lantern-softbox-65-pro\/#primaryimage\"},\"thumbnailUrl\":\"https:\/\/glareone.eu\/wp-content\/uploads\/2024\/04\/SOFTPROLAN65_01.jpg\",\"datePublished\":\"2024-04-18T19:26:33+00:00\",\"dateModified\":\"2024-04-24T10:25:43+00:00\",\"description\":\"GlareOne Lantern Softbox 65 PRO - zestaw z fartuchem\",\"breadcrumb\":{\"@id\":\"https:\/\/glareone.eu\/de\/product\/glareone-lantern-softbox-65-pro\/#breadcrumb\"},\"inLanguage\":\"de\",\"potentialAction\":[{\"@type\":\"ReadAction\",\"target\":[\"https:\/\/glareone.eu\/de\/product\/glareone-lantern-softbox-65-pro\/\"]}]},{\"@type\":\"ImageObject\",\"inLanguage\":\"de\",\"@id\":\"https:\/\/glareone.eu\/de\/product\/glareone-lantern-softbox-65-pro\/#primaryimage\",\"url\":\"https:\/\/glareone.eu\/wp-content\/uploads\/2024\/04\/SOFTPROLAN65_01.jpg\",\"contentUrl\":\"https:\/\/glareone.eu\/wp-content\/uploads\/2024\/04\/SOFTPROLAN65_01.jpg\",\"width\":1200,\"height\":1200},{\"@type\":\"BreadcrumbList\",\"@id\":\"https:\/\/glareone.eu\/de\/product\/glareone-lantern-softbox-65-pro\/#breadcrumb\",\"itemListElement\":[{\"@type\":\"ListItem\",\"position\":1,\"name\":\"Strona g\u0142\u00f3wna\",\"item\":\"https:\/\/glareone.eu\/de\/\"},{\"@type\":\"ListItem\",\"position\":2,\"name\":\"Alle Produkte\",\"item\":\"https:\/\/glareone.eu\/de\/produkte\/alle-produkte\/\"},{\"@type\":\"ListItem\",\"position\":3,\"name\":\"GlareOne Lantern Softbox 65 PRO\"}]},{\"@type\":\"WebSite\",\"@id\":\"https:\/\/glareone.eu\/de\/en\/#website\",\"url\":\"https:\/\/glareone.eu\/de\/en\/\",\"name\":\"GlareOne\",\"description\":\"Wyposa\u017cenie Studia\",\"publisher\":{\"@id\":\"https:\/\/glareone.eu\/de\/en\/#organization\"},\"potentialAction\":[{\"@type\":\"SearchAction\",\"target\":{\"@type\":\"EntryPoint\",\"urlTemplate\":\"https:\/\/glareone.eu\/de\/en\/?s={search_term_string}\"},\"query-input\":{\"@type\":\"PropertyValueSpecification\",\"valueRequired\":true,\"valueName\":\"search_term_string\"}}],\"inLanguage\":\"de\"},{\"@type\":\"Organization\",\"@id\":\"https:\/\/glareone.eu\/de\/en\/#organization\",\"name\":\"GlareOne\",\"url\":\"https:\/\/glareone.eu\/de\/en\/\",\"logo\":{\"@type\":\"ImageObject\",\"inLanguage\":\"de\",\"@id\":\"https:\/\/glareone.eu\/de\/en\/#\/schema\/logo\/image\/\",\"url\":\"http:\/\/glareone.eu\/wp-content\/uploads\/2024\/05\/glareone_logo2020_RGB-01-e1715773127189.png\",\"contentUrl\":\"http:\/\/glareone.eu\/wp-content\/uploads\/2024\/05\/glareone_logo2020_RGB-01-e1715773127189.png\",\"width\":1270,\"height\":321,\"caption\":\"GlareOne\"},\"image\":{\"@id\":\"https:\/\/glareone.eu\/de\/en\/#\/schema\/logo\/image\/\"},\"sameAs\":[\"https:\/\/www.facebook.com\/GlareOneLighting\",\"https:\/\/www.instagram.com\/glareonelighting\/\",\"https:\/\/www.youtube.com\/@GlareOneTV\"]}]}<\/script>\n<!-- \/ Yoast SEO plugin. -->","yoast_head_json":{"title":"GlareOne Lantern Softbox 65 PRO - zestaw z fartuchem","description":"GlareOne Lantern Softbox 65 PRO - zestaw z fartuchem","robots":{"index":"index","follow":"follow","max-snippet":"max-snippet:-1","max-image-preview":"max-image-preview:large","max-video-preview":"max-video-preview:-1"},"canonical":"https:\/\/glareone.eu\/de\/product\/glareone-lantern-softbox-65-pro\/","og_locale":"de_DE","og_type":"article","og_title":"GlareOne Lantern Softbox 65 PRO - zestaw z fartuchem","og_description":"GlareOne Lantern Softbox 65 PRO - zestaw z fartuchem","og_url":"https:\/\/glareone.eu\/de\/product\/glareone-lantern-softbox-65-pro\/","og_site_name":"GlareOne","article_publisher":"https:\/\/www.facebook.com\/GlareOneLighting","article_modified_time":"2024-04-24T10:25:43+00:00","og_image":[{"width":1200,"height":1200,"url":"https:\/\/glareone.eu\/wp-content\/uploads\/2024\/04\/SOFTPROLAN65_01.jpg","type":"image\/jpeg"}],"twitter_card":"summary_large_image","twitter_title":"GlareOne Lantern Softbox 65 PRO - zestaw z fartuchem","twitter_misc":{"Gesch\u00e4tzte Lesezeit":"2\u00a0Minuten"},"schema":{"@context":"https:\/\/schema.org","@graph":[{"@type":"WebPage","@id":"https:\/\/glareone.eu\/de\/product\/glareone-lantern-softbox-65-pro\/","url":"https:\/\/glareone.eu\/de\/product\/glareone-lantern-softbox-65-pro\/","name":"GlareOne Lantern Softbox 65 PRO - zestaw z fartuchem","isPartOf":{"@id":"https:\/\/glareone.eu\/de\/en\/#website"},"primaryImageOfPage":{"@id":"https:\/\/glareone.eu\/de\/product\/glareone-lantern-softbox-65-pro\/#primaryimage"},"image":{"@id":"https:\/\/glareone.eu\/de\/product\/glareone-lantern-softbox-65-pro\/#primaryimage"},"thumbnailUrl":"https:\/\/glareone.eu\/wp-content\/uploads\/2024\/04\/SOFTPROLAN65_01.jpg","datePublished":"2024-04-18T19:26:33+00:00","dateModified":"2024-04-24T10:25:43+00:00","description":"GlareOne Lantern Softbox 65 PRO - zestaw z fartuchem","breadcrumb":{"@id":"https:\/\/glareone.eu\/de\/product\/glareone-lantern-softbox-65-pro\/#breadcrumb"},"inLanguage":"de","potentialAction":[{"@type":"ReadAction","target":["https:\/\/glareone.eu\/de\/product\/glareone-lantern-softbox-65-pro\/"]}]},{"@type":"ImageObject","inLanguage":"de","@id":"https:\/\/glareone.eu\/de\/product\/glareone-lantern-softbox-65-pro\/#primaryimage","url":"https:\/\/glareone.eu\/wp-content\/uploads\/2024\/04\/SOFTPROLAN65_01.jpg","contentUrl":"https:\/\/glareone.eu\/wp-content\/uploads\/2024\/04\/SOFTPROLAN65_01.jpg","width":1200,"height":1200},{"@type":"BreadcrumbList","@id":"https:\/\/glareone.eu\/de\/product\/glareone-lantern-softbox-65-pro\/#breadcrumb","itemListElement":[{"@type":"ListItem","position":1,"name":"Strona g\u0142\u00f3wna","item":"https:\/\/glareone.eu\/de\/"},{"@type":"ListItem","position":2,"name":"Alle Produkte","item":"https:\/\/glareone.eu\/de\/produkte\/alle-produkte\/"},{"@type":"ListItem","position":3,"name":"GlareOne Lantern Softbox 65 PRO"}]},{"@type":"WebSite","@id":"https:\/\/glareone.eu\/de\/en\/#website","url":"https:\/\/glareone.eu\/de\/en\/","name":"GlareOne","description":"Wyposa\u017cenie Studia","publisher":{"@id":"https:\/\/glareone.eu\/de\/en\/#organization"},"potentialAction":[{"@type":"SearchAction","target":{"@type":"EntryPoint","urlTemplate":"https:\/\/glareone.eu\/de\/en\/?s={search_term_string}"},"query-input":{"@type":"PropertyValueSpecification","valueRequired":true,"valueName":"search_term_string"}}],"inLanguage":"de"},{"@type":"Organization","@id":"https:\/\/glareone.eu\/de\/en\/#organization","name":"GlareOne","url":"https:\/\/glareone.eu\/de\/en\/","logo":{"@type":"ImageObject","inLanguage":"de","@id":"https:\/\/glareone.eu\/de\/en\/#\/schema\/logo\/image\/","url":"http:\/\/glareone.eu\/wp-content\/uploads\/2024\/05\/glareone_logo2020_RGB-01-e1715773127189.png","contentUrl":"http:\/\/glareone.eu\/wp-content\/uploads\/2024\/05\/glareone_logo2020_RGB-01-e1715773127189.png","width":1270,"height":321,"caption":"GlareOne"},"image":{"@id":"https:\/\/glareone.eu\/de\/en\/#\/schema\/logo\/image\/"},"sameAs":["https:\/\/www.facebook.com\/GlareOneLighting","https:\/\/www.instagram.com\/glareonelighting\/","https:\/\/www.youtube.com\/@GlareOneTV"]}]}},"_links":{"self":[{"href":"https:\/\/glareone.eu\/de\/wp-json\/wp\/v2\/product\/2837","targetHints":{"allow":["GET"]}}],"collection":[{"href":"https:\/\/glareone.eu\/de\/wp-json\/wp\/v2\/product"}],"about":[{"href":"https:\/\/glareone.eu\/de\/wp-json\/wp\/v2\/types\/product"}],"wp:featuredmedia":[{"embeddable":true,"href":"https:\/\/glareone.eu\/de\/wp-json\/wp\/v2\/media\/2399"}],"wp:attachment":[{"href":"https:\/\/glareone.eu\/de\/wp-json\/wp\/v2\/media?parent=2837"}],"wp:term":[{"taxonomy":"product_brand","embeddable":true,"href":"https:\/\/glareone.eu\/de\/wp-json\/wp\/v2\/product_brand?post=2837"},{"taxonomy":"product_cat","embeddable":true,"href":"https:\/\/glareone.eu\/de\/wp-json\/wp\/v2\/product_cat?post=2837"},{"taxonomy":"product_tag","embeddable":true,"href":"https:\/\/glareone.eu\/de\/wp-json\/wp\/v2\/product_tag?post=2837"}],"curies":[{"name":"wp","href":"https:\/\/api.w.org\/{rel}","templated":true}]}}