{"id":2830,"date":"2024-04-18T19:26:33","date_gmt":"2024-04-18T19:26:33","guid":{"rendered":"http:\/\/glareone.eu\/produkt\/glareone-led-panel-10-rgb\/"},"modified":"2024-04-24T10:19:29","modified_gmt":"2024-04-24T10:19:29","slug":"glareone-led-panel-10-rgb","status":"publish","type":"product","link":"https:\/\/glareone.eu\/de\/product\/glareone-led-panel-10-rgb\/","title":{"rendered":"GlareOne LED Panel 10 RGB"},"content":{"rendered":"<p>Ein 10-Watt LED-Panel im Taschenformat, das es Ihnen erm\u00f6glicht, die Lichtfarbe im RGB-Bereich (mit 360 Schattierungen), die Farbtemperatur von 2.700 bis 10.000 K einzustellen und eine hochwertige Farbwiedergabe (CRI &gt;96, TLCI &gt;98) zu bieten. Es ist die perfekte Beleuchtung f\u00fcrs Vlogging, Video\u00fcbertragungen oder Fotografie.<\/p>\n<h3>Einfache Bedienung<\/h3>\n<p>Das GlareOne-Panel ist eine Festlichtlampe, daher bietet es viele praktische Einsatzm\u00f6glichkeiten. Es ist nicht erforderlich, zus\u00e4tzliche, oft teure Lichtmesser zu verwenden, um Belichtungsparameter fein einzustellen. Mit dem GlareOne LED Panel 10 RGB misst die Kamera das Licht automatisch und passt die Belichtung an, was den Prozess des Komponierens und Erstellens von Beleuchtung sehr einfach macht. Wir k\u00f6nnen sehen, wie das Foto aussehen wird, noch bevor wir den Ausl\u00f6ser dr\u00fccken.<\/p>\n<h3>Multifunktionalit\u00e4t<\/h3>\n<p>Die M\u00f6glichkeiten zur Verwendung dieses Panels sind praktisch endlos, und sein gro\u00dfer Vorteil besteht darin, dass es sich schnell an verschiedene Arten der Fotografie anpassen l\u00e4sst. Wir k\u00f6nnen das Panel f\u00fcr markante Portr\u00e4tbeleuchtung verwenden und es dann in wenigen Momenten f\u00fcr Produktfotografie oder Makrofotografie anpassen.<\/p>\n<p>Das Panel ist mit zwei Stativgewinden ausgestattet und enth\u00e4lt eine Kaltfu\u00dfhalterung, die es erm\u00f6glicht, es direkt an einer Videokamera oder einem Camcorder f\u00fcr die Aufnahme von bewegten Szenen zu befestigen. Das Panel kann auch auf einem Stativ montiert werden, um fortgeschrittener verwendet zu werden, wie z.B. bei der Aufnahme von Interviews.<\/p>\n<h3>Zuverl\u00e4ssig reproduzierte Farben<\/h3>\n<p>Das GlareOne-Panel erzeugt Licht, das Farben genau reproduziert. Es hat einen CRI (Farbwiedergabeindex) von bis zu 96, was die Lampe f\u00fcr eine Vielzahl von Anwendungen geeignet macht. Es funktioniert gro\u00dfartig in Situationen, in denen die Farbgenauigkeit f\u00fcr die Qualit\u00e4t des visuellen Materials entscheidend ist. Dies ist besonders wichtig beim Fotografieren und Filmen von Personen, wenn eine zuverl\u00e4ssige Wiedergabe von Hautt\u00f6nen unerl\u00e4sslich ist.<\/p>\n<h3>RGB-Farben<\/h3>\n<p>Die Lampe verwendet farbige LEDs, die bis zu 360 Schattierungen auf der RGB-Skala erm\u00f6glichen. Dies gibt uns enorme M\u00f6glichkeiten zur Farbauswahl und S\u00e4ttigungsanpassung. Die Farbauswahl erfolgt im HSI-Modell, mit dem Sie die ben\u00f6tigte Lichtfarbe genau ausw\u00e4hlen k\u00f6nnen, zusammen mit ihrer S\u00e4ttigung und Helligkeit.<\/p>\n<h3>Einstellbare Farbtemperatur<\/h3>\n<p>Die RGB-LEDs erm\u00f6glichen auch eine komfortable und sanfte Einstellung der Farbtemperatur von 2.700 bis 10.000 K. Dies erm\u00f6glicht es dem Panel, sowohl warmes Kerzenlicht zu imitieren als auch sich an das nat\u00fcrliche Sonnenlicht anzupassen, je nach Bedarf.<\/p>\n<h3>Stromversorgung<\/h3>\n<p>Das GlareOne LED Panel kann auf zwei verschiedene Arten mit Strom versorgt werden &#8211; \u00fcber eine Steckdose mit einem USB-Ladeger\u00e4t oder mit einem eingebauten wiederaufladbaren Akku. Diese Vielseitigkeit bei den Stromquellen macht das GlareOne LED Panel \u00e4u\u00dferst praktisch und flexibel. Es kann problemlos auf einem hohen Stativ montiert oder an einem Ort platziert werden, an dem der Zugang zur Netzstromversorgung begrenzt ist. Dies macht die Lampe f\u00fcr das Fotografieren und Filmen in verschiedenen Umgebungen geeignet.<\/p>\n<h3>Beleuchtungseffekte<\/h3>\n<p>Die Lampe ist mit 19 verschiedenen Beleuchtungseffekten ausgestattet, mit denen verschiedene Lichtquellen reproduziert werden k\u00f6nnen, wie z.B. defektes Leuchtstofflicht, Feuerwerk, Blitzlichter (in drei verschiedenen Stilen), Blitzlampen (auch in drei verschiedenen Stilen) und ein TV-Effekt.<\/p>\n<h3>Eigenschaften GlareOne LED Panel 10 RGB<\/h3>\n<ul>\n<li>Eine benutzerfreundliche und vielseitige Lampe f\u00fcr Fotografie und Filmaufnahmen.<\/li>\n<li>Kleine Gr\u00f6\u00dfe und Gewicht.<\/li>\n<li>360 Farbenlicht aus dem RGB-Bereich (HSI).<\/li>\n<li>Einstellbare Farbs\u00e4ttigung.<\/li>\n<li>Variable Farbtemperatur im Bereich von 2700~10000 K.<\/li>\n<li>Maximale Leistung betr\u00e4gt 10 Watt (entspricht etwa 100 Watt Halogenlampe).<\/li>\n<li>Hohe Farbwiedergabeindexparameter (CRI &gt;96).<\/li>\n<li>M\u00f6glichkeit der Stromversorgung aus dem Netz oder mit dem eingebauten Akku.<\/li>\n<li>Sanfte, stufenlose Helligkeitsregelung.<\/li>\n<li>Passive (ger\u00e4uschlose) K\u00fchlung.<\/li>\n<li>Ausgestattet mit zwei Stativhalterungen mit 1\/4&#8243;-20 Gewinde und Kaltfu\u00df.<\/li>\n<li>Hat einen integrierten Diffusor.<\/li>\n<li>Ausgestattet mit 19 Beleuchtungseffekten.<\/li>\n<li>Eingebaute zwei Magnete im Lampengeh\u00e4use.<\/li>\n<\/ul>\n<h3>Inhalt der Box<\/h3>\n<ul>\n<li>1x Lampe.<\/li>\n<li>1x Ladekabel.<\/li>\n<li>1x Tasche.<\/li>\n<li>1x Mini-Kopf.<\/li>\n<li>1x Bedienungsanleitung.<\/li>\n<\/ul>\n","protected":false},"excerpt":{"rendered":"<p>Ein 10-Watt LED-Panel im Taschenformat, das es Ihnen erm\u00f6glicht, die Lichtfarbe im RGB-Bereich (mit 360 Schattierungen), die Farbtemperatur von 2.700 bis 10.000 K einzustellen und eine hochwertige Farbwiedergabe (CRI &gt;96, TLCI &gt;98) zu bieten. Es ist die perfekte Beleuchtung f\u00fcrs Vlogging, Video\u00fcbertragungen oder Fotografie. Einfache Bedienung Das GlareOne-Panel ist eine Festlichtlampe, daher bietet es viele [&hellip;]<\/p>\n","protected":false},"featured_media":1762,"template":"","meta":[],"product_brand":[],"product_cat":[387],"product_tag":[],"class_list":{"0":"post-2830","1":"product","2":"type-product","3":"status-publish","4":"has-post-thumbnail","6":"product_cat-led-tube-panel-de","8":"first","9":"instock","10":"product-type-simple"},"yoast_head":"<!-- This site is optimized with the Yoast SEO plugin v27.2 - https:\/\/yoast.com\/product\/yoast-seo-wordpress\/ -->\n<title>GlareOne LED Panel 10 RGB<\/title>\n<meta name=\"description\" content=\"GlareOne LED Panel 10 RGB\" \/>\n<meta name=\"robots\" content=\"index, follow, max-snippet:-1, max-image-preview:large, max-video-preview:-1\" \/>\n<link rel=\"canonical\" href=\"https:\/\/glareone.eu\/de\/product\/glareone-led-panel-10-rgb\/\" \/>\n<meta property=\"og:locale\" content=\"de_DE\" \/>\n<meta property=\"og:type\" content=\"article\" \/>\n<meta property=\"og:title\" content=\"GlareOne LED Panel 10 RGB\" \/>\n<meta property=\"og:description\" content=\"GlareOne LED Panel 10 RGB\" \/>\n<meta property=\"og:url\" content=\"https:\/\/glareone.eu\/de\/product\/glareone-led-panel-10-rgb\/\" \/>\n<meta property=\"og:site_name\" content=\"GlareOne\" \/>\n<meta property=\"article:publisher\" content=\"https:\/\/www.facebook.com\/GlareOneLighting\" \/>\n<meta property=\"article:modified_time\" content=\"2024-04-24T10:19:29+00:00\" \/>\n<meta property=\"og:image\" content=\"https:\/\/glareone.eu\/wp-content\/uploads\/2024\/04\/SLEDP10RGB_01.jpg\" \/>\n\t<meta property=\"og:image:width\" content=\"1200\" \/>\n\t<meta property=\"og:image:height\" content=\"1200\" \/>\n\t<meta property=\"og:image:type\" content=\"image\/jpeg\" \/>\n<meta name=\"twitter:card\" content=\"summary_large_image\" \/>\n<meta name=\"twitter:title\" content=\"GlareOne LED Panel 10 RGB\" \/>\n<meta name=\"twitter:label1\" content=\"Gesch\u00e4tzte Lesezeit\" \/>\n\t<meta name=\"twitter:data1\" content=\"4\u00a0Minuten\" \/>\n<script type=\"application\/ld+json\" class=\"yoast-schema-graph\">{\"@context\":\"https:\/\/schema.org\",\"@graph\":[{\"@type\":\"WebPage\",\"@id\":\"https:\/\/glareone.eu\/de\/product\/glareone-led-panel-10-rgb\/\",\"url\":\"https:\/\/glareone.eu\/de\/product\/glareone-led-panel-10-rgb\/\",\"name\":\"GlareOne LED Panel 10 RGB\",\"isPartOf\":{\"@id\":\"https:\/\/glareone.eu\/de\/en\/#website\"},\"primaryImageOfPage\":{\"@id\":\"https:\/\/glareone.eu\/de\/product\/glareone-led-panel-10-rgb\/#primaryimage\"},\"image\":{\"@id\":\"https:\/\/glareone.eu\/de\/product\/glareone-led-panel-10-rgb\/#primaryimage\"},\"thumbnailUrl\":\"https:\/\/glareone.eu\/wp-content\/uploads\/2024\/04\/SLEDP10RGB_01.jpg\",\"datePublished\":\"2024-04-18T19:26:33+00:00\",\"dateModified\":\"2024-04-24T10:19:29+00:00\",\"description\":\"GlareOne LED Panel 10 RGB\",\"breadcrumb\":{\"@id\":\"https:\/\/glareone.eu\/de\/product\/glareone-led-panel-10-rgb\/#breadcrumb\"},\"inLanguage\":\"de\",\"potentialAction\":[{\"@type\":\"ReadAction\",\"target\":[\"https:\/\/glareone.eu\/de\/product\/glareone-led-panel-10-rgb\/\"]}]},{\"@type\":\"ImageObject\",\"inLanguage\":\"de\",\"@id\":\"https:\/\/glareone.eu\/de\/product\/glareone-led-panel-10-rgb\/#primaryimage\",\"url\":\"https:\/\/glareone.eu\/wp-content\/uploads\/2024\/04\/SLEDP10RGB_01.jpg\",\"contentUrl\":\"https:\/\/glareone.eu\/wp-content\/uploads\/2024\/04\/SLEDP10RGB_01.jpg\",\"width\":1200,\"height\":1200},{\"@type\":\"BreadcrumbList\",\"@id\":\"https:\/\/glareone.eu\/de\/product\/glareone-led-panel-10-rgb\/#breadcrumb\",\"itemListElement\":[{\"@type\":\"ListItem\",\"position\":1,\"name\":\"Strona g\u0142\u00f3wna\",\"item\":\"https:\/\/glareone.eu\/de\/\"},{\"@type\":\"ListItem\",\"position\":2,\"name\":\"Alle Produkte\",\"item\":\"https:\/\/glareone.eu\/de\/produkte\/alle-produkte\/\"},{\"@type\":\"ListItem\",\"position\":3,\"name\":\"GlareOne LED Panel 10 RGB\"}]},{\"@type\":\"WebSite\",\"@id\":\"https:\/\/glareone.eu\/de\/en\/#website\",\"url\":\"https:\/\/glareone.eu\/de\/en\/\",\"name\":\"GlareOne\",\"description\":\"Wyposa\u017cenie Studia\",\"publisher\":{\"@id\":\"https:\/\/glareone.eu\/de\/en\/#organization\"},\"potentialAction\":[{\"@type\":\"SearchAction\",\"target\":{\"@type\":\"EntryPoint\",\"urlTemplate\":\"https:\/\/glareone.eu\/de\/en\/?s={search_term_string}\"},\"query-input\":{\"@type\":\"PropertyValueSpecification\",\"valueRequired\":true,\"valueName\":\"search_term_string\"}}],\"inLanguage\":\"de\"},{\"@type\":\"Organization\",\"@id\":\"https:\/\/glareone.eu\/de\/en\/#organization\",\"name\":\"GlareOne\",\"url\":\"https:\/\/glareone.eu\/de\/en\/\",\"logo\":{\"@type\":\"ImageObject\",\"inLanguage\":\"de\",\"@id\":\"https:\/\/glareone.eu\/de\/en\/#\/schema\/logo\/image\/\",\"url\":\"http:\/\/glareone.eu\/wp-content\/uploads\/2024\/05\/glareone_logo2020_RGB-01-e1715773127189.png\",\"contentUrl\":\"http:\/\/glareone.eu\/wp-content\/uploads\/2024\/05\/glareone_logo2020_RGB-01-e1715773127189.png\",\"width\":1270,\"height\":321,\"caption\":\"GlareOne\"},\"image\":{\"@id\":\"https:\/\/glareone.eu\/de\/en\/#\/schema\/logo\/image\/\"},\"sameAs\":[\"https:\/\/www.facebook.com\/GlareOneLighting\",\"https:\/\/www.instagram.com\/glareonelighting\/\",\"https:\/\/www.youtube.com\/@GlareOneTV\"]}]}<\/script>\n<!-- \/ Yoast SEO plugin. -->","yoast_head_json":{"title":"GlareOne LED Panel 10 RGB","description":"GlareOne LED Panel 10 RGB","robots":{"index":"index","follow":"follow","max-snippet":"max-snippet:-1","max-image-preview":"max-image-preview:large","max-video-preview":"max-video-preview:-1"},"canonical":"https:\/\/glareone.eu\/de\/product\/glareone-led-panel-10-rgb\/","og_locale":"de_DE","og_type":"article","og_title":"GlareOne LED Panel 10 RGB","og_description":"GlareOne LED Panel 10 RGB","og_url":"https:\/\/glareone.eu\/de\/product\/glareone-led-panel-10-rgb\/","og_site_name":"GlareOne","article_publisher":"https:\/\/www.facebook.com\/GlareOneLighting","article_modified_time":"2024-04-24T10:19:29+00:00","og_image":[{"width":1200,"height":1200,"url":"https:\/\/glareone.eu\/wp-content\/uploads\/2024\/04\/SLEDP10RGB_01.jpg","type":"image\/jpeg"}],"twitter_card":"summary_large_image","twitter_title":"GlareOne LED Panel 10 RGB","twitter_misc":{"Gesch\u00e4tzte Lesezeit":"4\u00a0Minuten"},"schema":{"@context":"https:\/\/schema.org","@graph":[{"@type":"WebPage","@id":"https:\/\/glareone.eu\/de\/product\/glareone-led-panel-10-rgb\/","url":"https:\/\/glareone.eu\/de\/product\/glareone-led-panel-10-rgb\/","name":"GlareOne LED Panel 10 RGB","isPartOf":{"@id":"https:\/\/glareone.eu\/de\/en\/#website"},"primaryImageOfPage":{"@id":"https:\/\/glareone.eu\/de\/product\/glareone-led-panel-10-rgb\/#primaryimage"},"image":{"@id":"https:\/\/glareone.eu\/de\/product\/glareone-led-panel-10-rgb\/#primaryimage"},"thumbnailUrl":"https:\/\/glareone.eu\/wp-content\/uploads\/2024\/04\/SLEDP10RGB_01.jpg","datePublished":"2024-04-18T19:26:33+00:00","dateModified":"2024-04-24T10:19:29+00:00","description":"GlareOne LED Panel 10 RGB","breadcrumb":{"@id":"https:\/\/glareone.eu\/de\/product\/glareone-led-panel-10-rgb\/#breadcrumb"},"inLanguage":"de","potentialAction":[{"@type":"ReadAction","target":["https:\/\/glareone.eu\/de\/product\/glareone-led-panel-10-rgb\/"]}]},{"@type":"ImageObject","inLanguage":"de","@id":"https:\/\/glareone.eu\/de\/product\/glareone-led-panel-10-rgb\/#primaryimage","url":"https:\/\/glareone.eu\/wp-content\/uploads\/2024\/04\/SLEDP10RGB_01.jpg","contentUrl":"https:\/\/glareone.eu\/wp-content\/uploads\/2024\/04\/SLEDP10RGB_01.jpg","width":1200,"height":1200},{"@type":"BreadcrumbList","@id":"https:\/\/glareone.eu\/de\/product\/glareone-led-panel-10-rgb\/#breadcrumb","itemListElement":[{"@type":"ListItem","position":1,"name":"Strona g\u0142\u00f3wna","item":"https:\/\/glareone.eu\/de\/"},{"@type":"ListItem","position":2,"name":"Alle Produkte","item":"https:\/\/glareone.eu\/de\/produkte\/alle-produkte\/"},{"@type":"ListItem","position":3,"name":"GlareOne LED Panel 10 RGB"}]},{"@type":"WebSite","@id":"https:\/\/glareone.eu\/de\/en\/#website","url":"https:\/\/glareone.eu\/de\/en\/","name":"GlareOne","description":"Wyposa\u017cenie Studia","publisher":{"@id":"https:\/\/glareone.eu\/de\/en\/#organization"},"potentialAction":[{"@type":"SearchAction","target":{"@type":"EntryPoint","urlTemplate":"https:\/\/glareone.eu\/de\/en\/?s={search_term_string}"},"query-input":{"@type":"PropertyValueSpecification","valueRequired":true,"valueName":"search_term_string"}}],"inLanguage":"de"},{"@type":"Organization","@id":"https:\/\/glareone.eu\/de\/en\/#organization","name":"GlareOne","url":"https:\/\/glareone.eu\/de\/en\/","logo":{"@type":"ImageObject","inLanguage":"de","@id":"https:\/\/glareone.eu\/de\/en\/#\/schema\/logo\/image\/","url":"http:\/\/glareone.eu\/wp-content\/uploads\/2024\/05\/glareone_logo2020_RGB-01-e1715773127189.png","contentUrl":"http:\/\/glareone.eu\/wp-content\/uploads\/2024\/05\/glareone_logo2020_RGB-01-e1715773127189.png","width":1270,"height":321,"caption":"GlareOne"},"image":{"@id":"https:\/\/glareone.eu\/de\/en\/#\/schema\/logo\/image\/"},"sameAs":["https:\/\/www.facebook.com\/GlareOneLighting","https:\/\/www.instagram.com\/glareonelighting\/","https:\/\/www.youtube.com\/@GlareOneTV"]}]}},"_links":{"self":[{"href":"https:\/\/glareone.eu\/de\/wp-json\/wp\/v2\/product\/2830","targetHints":{"allow":["GET"]}}],"collection":[{"href":"https:\/\/glareone.eu\/de\/wp-json\/wp\/v2\/product"}],"about":[{"href":"https:\/\/glareone.eu\/de\/wp-json\/wp\/v2\/types\/product"}],"wp:featuredmedia":[{"embeddable":true,"href":"https:\/\/glareone.eu\/de\/wp-json\/wp\/v2\/media\/1762"}],"wp:attachment":[{"href":"https:\/\/glareone.eu\/de\/wp-json\/wp\/v2\/media?parent=2830"}],"wp:term":[{"taxonomy":"product_brand","embeddable":true,"href":"https:\/\/glareone.eu\/de\/wp-json\/wp\/v2\/product_brand?post=2830"},{"taxonomy":"product_cat","embeddable":true,"href":"https:\/\/glareone.eu\/de\/wp-json\/wp\/v2\/product_cat?post=2830"},{"taxonomy":"product_tag","embeddable":true,"href":"https:\/\/glareone.eu\/de\/wp-json\/wp\/v2\/product_tag?post=2830"}],"curies":[{"name":"wp","href":"https:\/\/api.w.org\/{rel}","templated":true}]}}