{"id":2823,"date":"2024-04-18T19:26:33","date_gmt":"2024-04-18T19:26:33","guid":{"rendered":"http:\/\/glareone.eu\/produkt\/glareone-led-tube-24-rgb\/"},"modified":"2024-04-24T10:10:26","modified_gmt":"2024-04-24T10:10:26","slug":"glareone-led-tube-24-rgb","status":"publish","type":"product","link":"https:\/\/glareone.eu\/de\/product\/glareone-led-tube-24-rgb\/","title":{"rendered":"GlareOne LED Tube 24 RGB"},"content":{"rendered":"<p>Die 24-Watt-LED-Lichtschwert verf\u00fcgt \u00fcber einen hohen Farbwiedergabeindex (CRI&gt;96, TLCI&gt;98) und die M\u00f6glichkeit, die Lichtfarbe im RGB-Bereich (mit 360 Schattierungen) und die Farbtemperatur von 2000 bis 7500 K anzupassen.<\/p>\n<h3>Einfache Bedienung<\/h3>\n<p>Das GlareOne-Lichtschwert ist eine konstante Lichtlampe, daher bietet es viele praktische Einsatzm\u00f6glichkeiten. Es ist nicht erforderlich, zus\u00e4tzliche, oft teure Lichtmesser f\u00fcr pr\u00e4zise Belichtungsparameter zu verwenden. Mit dem GlareOne LED Tube 24 RGB misst die Kamera das Licht automatisch und passt die Belichtung an. Der Prozess des Rahmens und des Aufbaus der Beleuchtung ist \u00e4u\u00dferst einfach, da wir bereits vor dem Dr\u00fccken des Ausl\u00f6sers sehen k\u00f6nnen, was auf dem Foto sein wird.<\/p>\n<h3>Multifunktionalit\u00e4t<\/h3>\n<p>Das Lichtschwert von GlareOne hat praktisch unbegrenzte Einsatzm\u00f6glichkeiten, und sein gro\u00dfer Vorteil besteht darin, dass es sich schnell an verschiedene Arten der Fotografie anpassen l\u00e4sst. Sie k\u00f6nnen es verwenden, um Portr\u00e4tobjekte markant zu beleuchten und es dann in wenigen Momenten f\u00fcr Produktfotografie oder Makrofotografie anzupassen. Es verf\u00fcgt \u00fcber zwei Gewinde zum Befestigen an Stativen, was es ideal f\u00fcr anspruchsvollere Aufgaben wie Interviews macht.<\/p>\n<h3>Zuverl\u00e4ssig reproduzierte Farben<\/h3>\n<p>Das GlareOne-Lichtschwert erzeugt Licht, das Farben genau reproduziert. Der CRI (Farbwiedergabeindex) f\u00fcr das Modell LED Tube 24 RGB betr\u00e4gt sogar 96, was die Lampe f\u00fcr eine Vielzahl von Anwendungen geeignet macht. Es funktioniert gro\u00dfartig in Situationen, in denen die Farbgenauigkeit f\u00fcr die Qualit\u00e4t des visuellen Materials entscheidend ist. Dies ist besonders wichtig beim Fotografieren und Filmen von Personen, wenn eine zuverl\u00e4ssige Wiedergabe von Hautt\u00f6nen entscheidend ist.<\/p>\n<h3>RGB-Farben<\/h3>\n<p>Die Lampe verwendet farbige LEDs, die bis zu 360 Schattierungen im RGB-Bereich erm\u00f6glichen. Dies gibt uns enorme M\u00f6glichkeiten zur Farbauswahl und S\u00e4ttigungsanpassung. Die Farbauswahl erfolgt im HSI-Modell, mit dem Sie die ben\u00f6tigte Lichtfarbe zusammen mit ihrer S\u00e4ttigung und Helligkeit genau ausw\u00e4hlen k\u00f6nnen.<\/p>\n<h3>Einstellbare Farbtemperatur<\/h3>\n<p>Die Verwendung von RGB-LEDs erm\u00f6glicht es Ihnen, die Farbtemperatur bequem von 2000 bis 7500 K einzustellen. Dies erm\u00f6glicht es Ihnen, den warmen Glanz einer Kerze zu simulieren oder die Beleuchtung an die Lichtverh\u00e4ltnisse anzupassen, die Sie vorfinden, wie z. B. Sonnenlicht.<\/p>\n<h3>Stromversorgung<\/h3>\n<p>Das GlareOne LED Tube hat die M\u00f6glichkeit, von zwei Quellen aus mit Strom versorgt zu werden &#8211; \u00fcber eine Steckdose mit dem mitgelieferten Netzadapter oder mit den mitgelieferten 26650 5000mAh Akkus. Diese Flexibilit\u00e4t bei der Wahl der Stromquelle macht das GlareOne LED Tube 24 \u00e4u\u00dferst n\u00fctzlich und vielseitig einsetzbar. Es kann problemlos auf einem hohen Stativ montiert oder in Bereichen eingesetzt werden, in denen der Zugang zur Netzstromversorgung begrenzt ist. Dies macht die Lampe f\u00fcr das Fotografieren und Filmen in verschiedenen Umgebungen geeignet.<\/p>\n<h3>Beleuchtungseffekte<\/h3>\n<p>Die Lampe umfasst 20 verschiedene Beleuchtungseffekte, mit denen beispielsweise das Licht einer defekten Leuchtstoffr\u00f6hre, Feuer, Blitz (in drei Varianten), Blitzeffekte (auch in drei Varianten) und ein Fernsehbildschirm imitiert werden k\u00f6nnen.<\/p>\n<h3>Eigenschaften GlareOne LED Tube 24 RGB<\/h3>\n<ul>\n<li>Eine benutzerfreundliche und vielseitige Lampe f\u00fcr Fotografie und Filmaufnahmen<\/li>\n<li>360 Farbenlicht aus dem RGB-Bereich (HSI)<\/li>\n<li>Einstellbare Farbs\u00e4ttigung<\/li>\n<li>Variable Farbtemperatur im Bereich von 2000~7500 K<\/li>\n<li>Maximale Leistung betr\u00e4gt 24 W<\/li>\n<li>Hohe Farbwiedergabeindexparameter (CRI&gt;96)<\/li>\n<li>M\u00f6glichkeit der Stromversorgung aus dem Netz oder mit dem mitgelieferten Akku<\/li>\n<li>Sanfte, stufenlose Helligkeitsregelung<\/li>\n<li>Passive (ger\u00e4uschlose) K\u00fchlung<\/li>\n<li>Ausgestattet mit Stativhalterung mit 1\/4&#8243;-20 Gewinde<\/li>\n<li>Hat einen integrierten Diffusor<\/li>\n<li>Ausgestattet mit 20 Beleuchtungseffekten<\/li>\n<\/ul>\n<h3>Inhalt der Box<\/h3>\n<ul>\n<li>1x Lampe<\/li>\n<li>1x Gitter<\/li>\n<li>1x Netzteil<\/li>\n<li>1x Tragetasche<\/li>\n<li>1x Bedienungsanleitung<\/li>\n<li>2x 26650 Akku 5000mAh<\/li>\n<\/ul>\n","protected":false},"excerpt":{"rendered":"<p>Die 24-Watt-LED-Lichtschwert verf\u00fcgt \u00fcber einen hohen Farbwiedergabeindex (CRI&gt;96, TLCI&gt;98) und die M\u00f6glichkeit, die Lichtfarbe im RGB-Bereich (mit 360 Schattierungen) und die Farbtemperatur von 2000 bis 7500 K anzupassen. Einfache Bedienung Das GlareOne-Lichtschwert ist eine konstante Lichtlampe, daher bietet es viele praktische Einsatzm\u00f6glichkeiten. Es ist nicht erforderlich, zus\u00e4tzliche, oft teure Lichtmesser f\u00fcr pr\u00e4zise Belichtungsparameter zu verwenden. [&hellip;]<\/p>\n","protected":false},"featured_media":1714,"template":"","meta":[],"product_brand":[],"product_cat":[387],"product_tag":[],"class_list":{"0":"post-2823","1":"product","2":"type-product","3":"status-publish","4":"has-post-thumbnail","6":"product_cat-led-tube-panel-de","8":"first","9":"instock","10":"product-type-simple"},"yoast_head":"<!-- This site is optimized with the Yoast SEO plugin v27.2 - https:\/\/yoast.com\/product\/yoast-seo-wordpress\/ -->\n<title>GlareOne LED Tube 24 RGB<\/title>\n<meta name=\"description\" content=\"GlareOne LED Tube 24 RGB\" \/>\n<meta name=\"robots\" content=\"index, follow, max-snippet:-1, max-image-preview:large, max-video-preview:-1\" \/>\n<link rel=\"canonical\" href=\"https:\/\/glareone.eu\/de\/product\/glareone-led-tube-24-rgb\/\" \/>\n<meta property=\"og:locale\" content=\"de_DE\" \/>\n<meta property=\"og:type\" content=\"article\" \/>\n<meta property=\"og:title\" content=\"GlareOne LED Tube 24 RGB\" \/>\n<meta property=\"og:description\" content=\"GlareOne LED Tube 24 RGB\" \/>\n<meta property=\"og:url\" content=\"https:\/\/glareone.eu\/de\/product\/glareone-led-tube-24-rgb\/\" \/>\n<meta property=\"og:site_name\" content=\"GlareOne\" \/>\n<meta property=\"article:publisher\" content=\"https:\/\/www.facebook.com\/GlareOneLighting\" \/>\n<meta property=\"article:modified_time\" content=\"2024-04-24T10:10:26+00:00\" \/>\n<meta property=\"og:image\" content=\"https:\/\/glareone.eu\/wp-content\/uploads\/2024\/04\/SLEDT24RGB_01.jpg\" \/>\n\t<meta property=\"og:image:width\" content=\"1200\" \/>\n\t<meta property=\"og:image:height\" content=\"1200\" \/>\n\t<meta property=\"og:image:type\" content=\"image\/jpeg\" \/>\n<meta name=\"twitter:card\" content=\"summary_large_image\" \/>\n<meta name=\"twitter:title\" content=\"GlareOne LED Tube 24 RGB\" \/>\n<meta name=\"twitter:label1\" content=\"Gesch\u00e4tzte Lesezeit\" \/>\n\t<meta name=\"twitter:data1\" content=\"4\u00a0Minuten\" \/>\n<script type=\"application\/ld+json\" class=\"yoast-schema-graph\">{\"@context\":\"https:\/\/schema.org\",\"@graph\":[{\"@type\":\"WebPage\",\"@id\":\"https:\/\/glareone.eu\/de\/product\/glareone-led-tube-24-rgb\/\",\"url\":\"https:\/\/glareone.eu\/de\/product\/glareone-led-tube-24-rgb\/\",\"name\":\"GlareOne LED Tube 24 RGB\",\"isPartOf\":{\"@id\":\"https:\/\/glareone.eu\/de\/en\/#website\"},\"primaryImageOfPage\":{\"@id\":\"https:\/\/glareone.eu\/de\/product\/glareone-led-tube-24-rgb\/#primaryimage\"},\"image\":{\"@id\":\"https:\/\/glareone.eu\/de\/product\/glareone-led-tube-24-rgb\/#primaryimage\"},\"thumbnailUrl\":\"https:\/\/glareone.eu\/wp-content\/uploads\/2024\/04\/SLEDT24RGB_01.jpg\",\"datePublished\":\"2024-04-18T19:26:33+00:00\",\"dateModified\":\"2024-04-24T10:10:26+00:00\",\"description\":\"GlareOne LED Tube 24 RGB\",\"breadcrumb\":{\"@id\":\"https:\/\/glareone.eu\/de\/product\/glareone-led-tube-24-rgb\/#breadcrumb\"},\"inLanguage\":\"de\",\"potentialAction\":[{\"@type\":\"ReadAction\",\"target\":[\"https:\/\/glareone.eu\/de\/product\/glareone-led-tube-24-rgb\/\"]}]},{\"@type\":\"ImageObject\",\"inLanguage\":\"de\",\"@id\":\"https:\/\/glareone.eu\/de\/product\/glareone-led-tube-24-rgb\/#primaryimage\",\"url\":\"https:\/\/glareone.eu\/wp-content\/uploads\/2024\/04\/SLEDT24RGB_01.jpg\",\"contentUrl\":\"https:\/\/glareone.eu\/wp-content\/uploads\/2024\/04\/SLEDT24RGB_01.jpg\",\"width\":1200,\"height\":1200},{\"@type\":\"BreadcrumbList\",\"@id\":\"https:\/\/glareone.eu\/de\/product\/glareone-led-tube-24-rgb\/#breadcrumb\",\"itemListElement\":[{\"@type\":\"ListItem\",\"position\":1,\"name\":\"Strona g\u0142\u00f3wna\",\"item\":\"https:\/\/glareone.eu\/de\/\"},{\"@type\":\"ListItem\",\"position\":2,\"name\":\"Alle Produkte\",\"item\":\"https:\/\/glareone.eu\/de\/produkte\/alle-produkte\/\"},{\"@type\":\"ListItem\",\"position\":3,\"name\":\"GlareOne LED Tube 24 RGB\"}]},{\"@type\":\"WebSite\",\"@id\":\"https:\/\/glareone.eu\/de\/en\/#website\",\"url\":\"https:\/\/glareone.eu\/de\/en\/\",\"name\":\"GlareOne\",\"description\":\"Wyposa\u017cenie Studia\",\"publisher\":{\"@id\":\"https:\/\/glareone.eu\/de\/en\/#organization\"},\"potentialAction\":[{\"@type\":\"SearchAction\",\"target\":{\"@type\":\"EntryPoint\",\"urlTemplate\":\"https:\/\/glareone.eu\/de\/en\/?s={search_term_string}\"},\"query-input\":{\"@type\":\"PropertyValueSpecification\",\"valueRequired\":true,\"valueName\":\"search_term_string\"}}],\"inLanguage\":\"de\"},{\"@type\":\"Organization\",\"@id\":\"https:\/\/glareone.eu\/de\/en\/#organization\",\"name\":\"GlareOne\",\"url\":\"https:\/\/glareone.eu\/de\/en\/\",\"logo\":{\"@type\":\"ImageObject\",\"inLanguage\":\"de\",\"@id\":\"https:\/\/glareone.eu\/de\/en\/#\/schema\/logo\/image\/\",\"url\":\"http:\/\/glareone.eu\/wp-content\/uploads\/2024\/05\/glareone_logo2020_RGB-01-e1715773127189.png\",\"contentUrl\":\"http:\/\/glareone.eu\/wp-content\/uploads\/2024\/05\/glareone_logo2020_RGB-01-e1715773127189.png\",\"width\":1270,\"height\":321,\"caption\":\"GlareOne\"},\"image\":{\"@id\":\"https:\/\/glareone.eu\/de\/en\/#\/schema\/logo\/image\/\"},\"sameAs\":[\"https:\/\/www.facebook.com\/GlareOneLighting\",\"https:\/\/www.instagram.com\/glareonelighting\/\",\"https:\/\/www.youtube.com\/@GlareOneTV\"]}]}<\/script>\n<!-- \/ Yoast SEO plugin. -->","yoast_head_json":{"title":"GlareOne LED Tube 24 RGB","description":"GlareOne LED Tube 24 RGB","robots":{"index":"index","follow":"follow","max-snippet":"max-snippet:-1","max-image-preview":"max-image-preview:large","max-video-preview":"max-video-preview:-1"},"canonical":"https:\/\/glareone.eu\/de\/product\/glareone-led-tube-24-rgb\/","og_locale":"de_DE","og_type":"article","og_title":"GlareOne LED Tube 24 RGB","og_description":"GlareOne LED Tube 24 RGB","og_url":"https:\/\/glareone.eu\/de\/product\/glareone-led-tube-24-rgb\/","og_site_name":"GlareOne","article_publisher":"https:\/\/www.facebook.com\/GlareOneLighting","article_modified_time":"2024-04-24T10:10:26+00:00","og_image":[{"width":1200,"height":1200,"url":"https:\/\/glareone.eu\/wp-content\/uploads\/2024\/04\/SLEDT24RGB_01.jpg","type":"image\/jpeg"}],"twitter_card":"summary_large_image","twitter_title":"GlareOne LED Tube 24 RGB","twitter_misc":{"Gesch\u00e4tzte Lesezeit":"4\u00a0Minuten"},"schema":{"@context":"https:\/\/schema.org","@graph":[{"@type":"WebPage","@id":"https:\/\/glareone.eu\/de\/product\/glareone-led-tube-24-rgb\/","url":"https:\/\/glareone.eu\/de\/product\/glareone-led-tube-24-rgb\/","name":"GlareOne LED Tube 24 RGB","isPartOf":{"@id":"https:\/\/glareone.eu\/de\/en\/#website"},"primaryImageOfPage":{"@id":"https:\/\/glareone.eu\/de\/product\/glareone-led-tube-24-rgb\/#primaryimage"},"image":{"@id":"https:\/\/glareone.eu\/de\/product\/glareone-led-tube-24-rgb\/#primaryimage"},"thumbnailUrl":"https:\/\/glareone.eu\/wp-content\/uploads\/2024\/04\/SLEDT24RGB_01.jpg","datePublished":"2024-04-18T19:26:33+00:00","dateModified":"2024-04-24T10:10:26+00:00","description":"GlareOne LED Tube 24 RGB","breadcrumb":{"@id":"https:\/\/glareone.eu\/de\/product\/glareone-led-tube-24-rgb\/#breadcrumb"},"inLanguage":"de","potentialAction":[{"@type":"ReadAction","target":["https:\/\/glareone.eu\/de\/product\/glareone-led-tube-24-rgb\/"]}]},{"@type":"ImageObject","inLanguage":"de","@id":"https:\/\/glareone.eu\/de\/product\/glareone-led-tube-24-rgb\/#primaryimage","url":"https:\/\/glareone.eu\/wp-content\/uploads\/2024\/04\/SLEDT24RGB_01.jpg","contentUrl":"https:\/\/glareone.eu\/wp-content\/uploads\/2024\/04\/SLEDT24RGB_01.jpg","width":1200,"height":1200},{"@type":"BreadcrumbList","@id":"https:\/\/glareone.eu\/de\/product\/glareone-led-tube-24-rgb\/#breadcrumb","itemListElement":[{"@type":"ListItem","position":1,"name":"Strona g\u0142\u00f3wna","item":"https:\/\/glareone.eu\/de\/"},{"@type":"ListItem","position":2,"name":"Alle Produkte","item":"https:\/\/glareone.eu\/de\/produkte\/alle-produkte\/"},{"@type":"ListItem","position":3,"name":"GlareOne LED Tube 24 RGB"}]},{"@type":"WebSite","@id":"https:\/\/glareone.eu\/de\/en\/#website","url":"https:\/\/glareone.eu\/de\/en\/","name":"GlareOne","description":"Wyposa\u017cenie Studia","publisher":{"@id":"https:\/\/glareone.eu\/de\/en\/#organization"},"potentialAction":[{"@type":"SearchAction","target":{"@type":"EntryPoint","urlTemplate":"https:\/\/glareone.eu\/de\/en\/?s={search_term_string}"},"query-input":{"@type":"PropertyValueSpecification","valueRequired":true,"valueName":"search_term_string"}}],"inLanguage":"de"},{"@type":"Organization","@id":"https:\/\/glareone.eu\/de\/en\/#organization","name":"GlareOne","url":"https:\/\/glareone.eu\/de\/en\/","logo":{"@type":"ImageObject","inLanguage":"de","@id":"https:\/\/glareone.eu\/de\/en\/#\/schema\/logo\/image\/","url":"http:\/\/glareone.eu\/wp-content\/uploads\/2024\/05\/glareone_logo2020_RGB-01-e1715773127189.png","contentUrl":"http:\/\/glareone.eu\/wp-content\/uploads\/2024\/05\/glareone_logo2020_RGB-01-e1715773127189.png","width":1270,"height":321,"caption":"GlareOne"},"image":{"@id":"https:\/\/glareone.eu\/de\/en\/#\/schema\/logo\/image\/"},"sameAs":["https:\/\/www.facebook.com\/GlareOneLighting","https:\/\/www.instagram.com\/glareonelighting\/","https:\/\/www.youtube.com\/@GlareOneTV"]}]}},"_links":{"self":[{"href":"https:\/\/glareone.eu\/de\/wp-json\/wp\/v2\/product\/2823","targetHints":{"allow":["GET"]}}],"collection":[{"href":"https:\/\/glareone.eu\/de\/wp-json\/wp\/v2\/product"}],"about":[{"href":"https:\/\/glareone.eu\/de\/wp-json\/wp\/v2\/types\/product"}],"wp:featuredmedia":[{"embeddable":true,"href":"https:\/\/glareone.eu\/de\/wp-json\/wp\/v2\/media\/1714"}],"wp:attachment":[{"href":"https:\/\/glareone.eu\/de\/wp-json\/wp\/v2\/media?parent=2823"}],"wp:term":[{"taxonomy":"product_brand","embeddable":true,"href":"https:\/\/glareone.eu\/de\/wp-json\/wp\/v2\/product_brand?post=2823"},{"taxonomy":"product_cat","embeddable":true,"href":"https:\/\/glareone.eu\/de\/wp-json\/wp\/v2\/product_cat?post=2823"},{"taxonomy":"product_tag","embeddable":true,"href":"https:\/\/glareone.eu\/de\/wp-json\/wp\/v2\/product_tag?post=2823"}],"curies":[{"name":"wp","href":"https:\/\/api.w.org\/{rel}","templated":true}]}}