{"id":2816,"date":"2024-04-18T19:26:33","date_gmt":"2024-04-18T19:26:33","guid":{"rendered":"http:\/\/glareone.eu\/produkt\/glareone-led-tube-8-rgb\/"},"modified":"2024-04-24T10:01:50","modified_gmt":"2024-04-24T10:01:50","slug":"glareone-led-tube-8-rgb","status":"publish","type":"product","link":"https:\/\/glareone.eu\/de\/product\/glareone-led-tube-8-rgb\/","title":{"rendered":"GlareOne LED Tube 8 RGB"},"content":{"rendered":"<p>GlareOne LED Tube 8 RGB ist eine 8-Watt-LED-R\u00f6hre, die die M\u00f6glichkeit bietet, Lichtfarben im RGB-Bereich (mit 360 Schattierungen) zu \u00e4ndern, die einstellbare Farbtemperatur von 2.000 bis 10.000 K und eine hohe Farbwiedergabequalit\u00e4t (CRI &gt;96, TLCI &gt;98).<\/p>\n<h3>Benutzerfreundlichkeit<\/h3>\n<p>Die GlareOne LED Tube ist eine konstante Lichtlampe, daher bietet sie viele M\u00f6glichkeiten f\u00fcr den praktischen Einsatz. Es ist nicht erforderlich, zus\u00e4tzliche, oft teure Belichtungsmesser f\u00fcr pr\u00e4zise Belichtungsparameter zu verwenden. Mit der GlareOne LED Tube 8 RGB misst die Kamera das Licht automatisch und passt die Belichtung an. Der Prozess des Einrahmens und des Aufbaus der Beleuchtung ist \u00e4u\u00dferst einfach, da wir bereits sehen k\u00f6nnen, was auf dem Foto sein wird, bevor wir den Ausl\u00f6ser bet\u00e4tigen.<\/p>\n<h3>Multifunktionalit\u00e4t<\/h3>\n<p>Die GlareOne LED Tube bietet praktisch unbegrenzte Anwendungsm\u00f6glichkeiten, und ihr gro\u00dfer Vorteil ist die M\u00f6glichkeit, sie schnell an verschiedene Arten von Fotografie anzupassen. Sie k\u00f6nnen die Lampe verwenden, um Portr\u00e4tobjekte eindrucksvoll zu beleuchten, und sie dann in wenigen Momenten f\u00fcr Produktfotografie oder Makrofotografie anpassen.<\/p>\n<h3>Zuverl\u00e4ssig reproduzierte Farben<\/h3>\n<p>Die Lampe erzeugt Licht, das Farben genau wiedergibt. Der CRI (Farbwiedergabeindex) f\u00fcr das Modell LED Tube 8 RGB betr\u00e4gt beeindruckende 96, was die Lampe f\u00fcr eine Vielzahl von Anwendungen geeignet macht. Sie wird in Situationen gro\u00dfartig funktionieren, in denen Farbgenauigkeit f\u00fcr die Qualit\u00e4t des visuellen Materials entscheidend ist. Dies ist besonders wichtig beim Fotografieren und Filmen von Personen, wenn eine zuverl\u00e4ssige Wiedergabe von Hautt\u00f6nen entscheidend ist.<\/p>\n<h3>RGB-Farben<\/h3>\n<p>Die Lampe verwendet farbige LEDs, die bis zu 360 Schattierungen im RGB-Bereich erm\u00f6glichen. Dies gibt uns enorme M\u00f6glichkeiten zur Farbauswahl und S\u00e4ttigungsanpassung. Die Farbauswahl erfolgt im HSI-Modell, was es erm\u00f6glicht, die ben\u00f6tigte Lichtfarbe zusammen mit ihrer S\u00e4ttigung und Helligkeit pr\u00e4zise auszuw\u00e4hlen.<\/p>\n<h3>Einstellbare Farbtemperatur<\/h3>\n<p>Die LED Tube erm\u00f6glicht es Ihnen, die Farbtemperatur von 2.000 bis 10.000 K einzustellen. Dies erm\u00f6glicht es Ihnen, den warmen Schein einer Kerze zu simulieren oder die Beleuchtung an das Umgebungslicht anzupassen.<\/p>\n<h3>Stromversorgung<\/h3>\n<p>Die GlareOne LED Tube hat die M\u00f6glichkeit, aus zwei Quellen mit Strom versorgt zu werden &#8211; \u00fcber eine Steckdose, \u00fcber ein USB-Ladeger\u00e4t oder mit einem wiederaufladbaren 18650-Akku (im Lieferumfang enthalten). Diese Flexibilit\u00e4t bei der Wahl der Stromquelle macht die GlareOne LED Tube 8 zu einem \u00e4u\u00dferst n\u00fctzlichen und vielseitigen Werkzeug. Sie kann problemlos auf einem hohen Stativ montiert oder an Orten verwendet werden, an denen der Zugang zur Netzstromversorgung begrenzt ist. Dies macht die Lampe sowohl f\u00fcr Foto- als auch Filmaufnahmen in verschiedenen Umgebungen geeignet.<\/p>\n<h3>Beleuchtungseffekte<\/h3>\n<p>Die Lampe enth\u00e4lt 20 verschiedene Beleuchtungseffekte, mit denen beispielsweise das Licht einer defekten Leuchtstofflampe, Feuer, Blitz (in drei Varianten), Blitzeffekte (ebenfalls in drei Varianten) und ein Fernsehbild imitiert werden k\u00f6nnen.<\/p>\n<h3>Eigenschaften GlareOne LED Tube 8 RGB<\/h3>\n<ul>\n<li>Eine benutzerfreundliche und vielseitige Lampe f\u00fcr Fotografie und Filmaufnahmen,<\/li>\n<li>Kompakte Gr\u00f6\u00dfe und Gewicht,<\/li>\n<li>360 Farben Licht aus dem RGB-Bereich (HSI),<\/li>\n<li>Einstellbare Farbs\u00e4ttigung,<\/li>\n<li>Variable Farbtemperatur im Bereich von 2000~10000 K (mit Gr\u00fcn\/Magenta-Korrektur),<\/li>\n<li>Maximale Leistung betr\u00e4gt 8 W,<\/li>\n<li>Hohe Farbwiedergabe-Parameter (CRI &gt;96),<\/li>\n<li>M\u00f6glichkeit der Stromversorgung \u00fcber das Netz \u00fcber USB-C-Anschluss,<\/li>\n<li>Stufenlose Helligkeitsregelung,<\/li>\n<li>Passive (ger\u00e4uschlose) K\u00fchlung,<\/li>\n<li>Ausgestattet mit zwei Stativhalterungen mit 1\/4&#8243;-20-Gewinde,<\/li>\n<li>Mit integriertem Diffusor,<\/li>\n<li>Ausgestattet mit 20 Beleuchtungseffekten.<\/li>\n<\/ul>\n<h3>Inhalt der box<\/h3>\n<ul>\n<li>1x Lampe,<\/li>\n<li>1x H\u00fclle,<\/li>\n<li>1x Ladekabel,<\/li>\n<li>1x Bedienungsanleitung,<\/li>\n<li>1x 18650-Akku,<\/li>\n<li>2x Metallplatte.<\/li>\n<\/ul>\n","protected":false},"excerpt":{"rendered":"<p>GlareOne LED Tube 8 RGB ist eine 8-Watt-LED-R\u00f6hre, die die M\u00f6glichkeit bietet, Lichtfarben im RGB-Bereich (mit 360 Schattierungen) zu \u00e4ndern, die einstellbare Farbtemperatur von 2.000 bis 10.000 K und eine hohe Farbwiedergabequalit\u00e4t (CRI &gt;96, TLCI &gt;98). Benutzerfreundlichkeit Die GlareOne LED Tube ist eine konstante Lichtlampe, daher bietet sie viele M\u00f6glichkeiten f\u00fcr den praktischen Einsatz. Es [&hellip;]<\/p>\n","protected":false},"featured_media":1692,"template":"","meta":[],"product_brand":[],"product_cat":[387],"product_tag":[],"class_list":{"0":"post-2816","1":"product","2":"type-product","3":"status-publish","4":"has-post-thumbnail","6":"product_cat-led-tube-panel-de","8":"first","9":"instock","10":"product-type-simple"},"yoast_head":"<!-- This site is optimized with the Yoast SEO plugin v27.2 - https:\/\/yoast.com\/product\/yoast-seo-wordpress\/ -->\n<title>GlareOne LED Tube 8 RGB<\/title>\n<meta name=\"description\" content=\"GlareOne LED Tube 8 RGB\" \/>\n<meta name=\"robots\" content=\"index, follow, max-snippet:-1, max-image-preview:large, max-video-preview:-1\" \/>\n<link rel=\"canonical\" href=\"https:\/\/glareone.eu\/de\/product\/glareone-led-tube-8-rgb\/\" \/>\n<meta property=\"og:locale\" content=\"de_DE\" \/>\n<meta property=\"og:type\" content=\"article\" \/>\n<meta property=\"og:title\" content=\"GlareOne LED Tube 8 RGB\" \/>\n<meta property=\"og:description\" content=\"GlareOne LED Tube 8 RGB\" \/>\n<meta property=\"og:url\" content=\"https:\/\/glareone.eu\/de\/product\/glareone-led-tube-8-rgb\/\" \/>\n<meta property=\"og:site_name\" content=\"GlareOne\" \/>\n<meta property=\"article:publisher\" content=\"https:\/\/www.facebook.com\/GlareOneLighting\" \/>\n<meta property=\"article:modified_time\" content=\"2024-04-24T10:01:50+00:00\" \/>\n<meta property=\"og:image\" content=\"https:\/\/glareone.eu\/wp-content\/uploads\/2024\/04\/SLEDT8RGB_02.jpg\" \/>\n\t<meta property=\"og:image:width\" content=\"1200\" \/>\n\t<meta property=\"og:image:height\" content=\"1200\" \/>\n\t<meta property=\"og:image:type\" content=\"image\/jpeg\" \/>\n<meta name=\"twitter:card\" content=\"summary_large_image\" \/>\n<meta name=\"twitter:title\" content=\"GlareOne LED Tube 8 RGB\" \/>\n<meta name=\"twitter:label1\" content=\"Gesch\u00e4tzte Lesezeit\" \/>\n\t<meta name=\"twitter:data1\" content=\"4\u00a0Minuten\" \/>\n<script type=\"application\/ld+json\" class=\"yoast-schema-graph\">{\"@context\":\"https:\/\/schema.org\",\"@graph\":[{\"@type\":\"WebPage\",\"@id\":\"https:\/\/glareone.eu\/de\/product\/glareone-led-tube-8-rgb\/\",\"url\":\"https:\/\/glareone.eu\/de\/product\/glareone-led-tube-8-rgb\/\",\"name\":\"GlareOne LED Tube 8 RGB\",\"isPartOf\":{\"@id\":\"https:\/\/glareone.eu\/de\/en\/#website\"},\"primaryImageOfPage\":{\"@id\":\"https:\/\/glareone.eu\/de\/product\/glareone-led-tube-8-rgb\/#primaryimage\"},\"image\":{\"@id\":\"https:\/\/glareone.eu\/de\/product\/glareone-led-tube-8-rgb\/#primaryimage\"},\"thumbnailUrl\":\"https:\/\/glareone.eu\/wp-content\/uploads\/2024\/04\/SLEDT8RGB_02.jpg\",\"datePublished\":\"2024-04-18T19:26:33+00:00\",\"dateModified\":\"2024-04-24T10:01:50+00:00\",\"description\":\"GlareOne LED Tube 8 RGB\",\"breadcrumb\":{\"@id\":\"https:\/\/glareone.eu\/de\/product\/glareone-led-tube-8-rgb\/#breadcrumb\"},\"inLanguage\":\"de\",\"potentialAction\":[{\"@type\":\"ReadAction\",\"target\":[\"https:\/\/glareone.eu\/de\/product\/glareone-led-tube-8-rgb\/\"]}]},{\"@type\":\"ImageObject\",\"inLanguage\":\"de\",\"@id\":\"https:\/\/glareone.eu\/de\/product\/glareone-led-tube-8-rgb\/#primaryimage\",\"url\":\"https:\/\/glareone.eu\/wp-content\/uploads\/2024\/04\/SLEDT8RGB_02.jpg\",\"contentUrl\":\"https:\/\/glareone.eu\/wp-content\/uploads\/2024\/04\/SLEDT8RGB_02.jpg\",\"width\":1200,\"height\":1200},{\"@type\":\"BreadcrumbList\",\"@id\":\"https:\/\/glareone.eu\/de\/product\/glareone-led-tube-8-rgb\/#breadcrumb\",\"itemListElement\":[{\"@type\":\"ListItem\",\"position\":1,\"name\":\"Strona g\u0142\u00f3wna\",\"item\":\"https:\/\/glareone.eu\/de\/\"},{\"@type\":\"ListItem\",\"position\":2,\"name\":\"Alle Produkte\",\"item\":\"https:\/\/glareone.eu\/de\/produkte\/alle-produkte\/\"},{\"@type\":\"ListItem\",\"position\":3,\"name\":\"GlareOne LED Tube 8 RGB\"}]},{\"@type\":\"WebSite\",\"@id\":\"https:\/\/glareone.eu\/de\/en\/#website\",\"url\":\"https:\/\/glareone.eu\/de\/en\/\",\"name\":\"GlareOne\",\"description\":\"Wyposa\u017cenie Studia\",\"publisher\":{\"@id\":\"https:\/\/glareone.eu\/de\/en\/#organization\"},\"potentialAction\":[{\"@type\":\"SearchAction\",\"target\":{\"@type\":\"EntryPoint\",\"urlTemplate\":\"https:\/\/glareone.eu\/de\/en\/?s={search_term_string}\"},\"query-input\":{\"@type\":\"PropertyValueSpecification\",\"valueRequired\":true,\"valueName\":\"search_term_string\"}}],\"inLanguage\":\"de\"},{\"@type\":\"Organization\",\"@id\":\"https:\/\/glareone.eu\/de\/en\/#organization\",\"name\":\"GlareOne\",\"url\":\"https:\/\/glareone.eu\/de\/en\/\",\"logo\":{\"@type\":\"ImageObject\",\"inLanguage\":\"de\",\"@id\":\"https:\/\/glareone.eu\/de\/en\/#\/schema\/logo\/image\/\",\"url\":\"http:\/\/glareone.eu\/wp-content\/uploads\/2024\/05\/glareone_logo2020_RGB-01-e1715773127189.png\",\"contentUrl\":\"http:\/\/glareone.eu\/wp-content\/uploads\/2024\/05\/glareone_logo2020_RGB-01-e1715773127189.png\",\"width\":1270,\"height\":321,\"caption\":\"GlareOne\"},\"image\":{\"@id\":\"https:\/\/glareone.eu\/de\/en\/#\/schema\/logo\/image\/\"},\"sameAs\":[\"https:\/\/www.facebook.com\/GlareOneLighting\",\"https:\/\/www.instagram.com\/glareonelighting\/\",\"https:\/\/www.youtube.com\/@GlareOneTV\"]}]}<\/script>\n<!-- \/ Yoast SEO plugin. -->","yoast_head_json":{"title":"GlareOne LED Tube 8 RGB","description":"GlareOne LED Tube 8 RGB","robots":{"index":"index","follow":"follow","max-snippet":"max-snippet:-1","max-image-preview":"max-image-preview:large","max-video-preview":"max-video-preview:-1"},"canonical":"https:\/\/glareone.eu\/de\/product\/glareone-led-tube-8-rgb\/","og_locale":"de_DE","og_type":"article","og_title":"GlareOne LED Tube 8 RGB","og_description":"GlareOne LED Tube 8 RGB","og_url":"https:\/\/glareone.eu\/de\/product\/glareone-led-tube-8-rgb\/","og_site_name":"GlareOne","article_publisher":"https:\/\/www.facebook.com\/GlareOneLighting","article_modified_time":"2024-04-24T10:01:50+00:00","og_image":[{"width":1200,"height":1200,"url":"https:\/\/glareone.eu\/wp-content\/uploads\/2024\/04\/SLEDT8RGB_02.jpg","type":"image\/jpeg"}],"twitter_card":"summary_large_image","twitter_title":"GlareOne LED Tube 8 RGB","twitter_misc":{"Gesch\u00e4tzte Lesezeit":"4\u00a0Minuten"},"schema":{"@context":"https:\/\/schema.org","@graph":[{"@type":"WebPage","@id":"https:\/\/glareone.eu\/de\/product\/glareone-led-tube-8-rgb\/","url":"https:\/\/glareone.eu\/de\/product\/glareone-led-tube-8-rgb\/","name":"GlareOne LED Tube 8 RGB","isPartOf":{"@id":"https:\/\/glareone.eu\/de\/en\/#website"},"primaryImageOfPage":{"@id":"https:\/\/glareone.eu\/de\/product\/glareone-led-tube-8-rgb\/#primaryimage"},"image":{"@id":"https:\/\/glareone.eu\/de\/product\/glareone-led-tube-8-rgb\/#primaryimage"},"thumbnailUrl":"https:\/\/glareone.eu\/wp-content\/uploads\/2024\/04\/SLEDT8RGB_02.jpg","datePublished":"2024-04-18T19:26:33+00:00","dateModified":"2024-04-24T10:01:50+00:00","description":"GlareOne LED Tube 8 RGB","breadcrumb":{"@id":"https:\/\/glareone.eu\/de\/product\/glareone-led-tube-8-rgb\/#breadcrumb"},"inLanguage":"de","potentialAction":[{"@type":"ReadAction","target":["https:\/\/glareone.eu\/de\/product\/glareone-led-tube-8-rgb\/"]}]},{"@type":"ImageObject","inLanguage":"de","@id":"https:\/\/glareone.eu\/de\/product\/glareone-led-tube-8-rgb\/#primaryimage","url":"https:\/\/glareone.eu\/wp-content\/uploads\/2024\/04\/SLEDT8RGB_02.jpg","contentUrl":"https:\/\/glareone.eu\/wp-content\/uploads\/2024\/04\/SLEDT8RGB_02.jpg","width":1200,"height":1200},{"@type":"BreadcrumbList","@id":"https:\/\/glareone.eu\/de\/product\/glareone-led-tube-8-rgb\/#breadcrumb","itemListElement":[{"@type":"ListItem","position":1,"name":"Strona g\u0142\u00f3wna","item":"https:\/\/glareone.eu\/de\/"},{"@type":"ListItem","position":2,"name":"Alle Produkte","item":"https:\/\/glareone.eu\/de\/produkte\/alle-produkte\/"},{"@type":"ListItem","position":3,"name":"GlareOne LED Tube 8 RGB"}]},{"@type":"WebSite","@id":"https:\/\/glareone.eu\/de\/en\/#website","url":"https:\/\/glareone.eu\/de\/en\/","name":"GlareOne","description":"Wyposa\u017cenie Studia","publisher":{"@id":"https:\/\/glareone.eu\/de\/en\/#organization"},"potentialAction":[{"@type":"SearchAction","target":{"@type":"EntryPoint","urlTemplate":"https:\/\/glareone.eu\/de\/en\/?s={search_term_string}"},"query-input":{"@type":"PropertyValueSpecification","valueRequired":true,"valueName":"search_term_string"}}],"inLanguage":"de"},{"@type":"Organization","@id":"https:\/\/glareone.eu\/de\/en\/#organization","name":"GlareOne","url":"https:\/\/glareone.eu\/de\/en\/","logo":{"@type":"ImageObject","inLanguage":"de","@id":"https:\/\/glareone.eu\/de\/en\/#\/schema\/logo\/image\/","url":"http:\/\/glareone.eu\/wp-content\/uploads\/2024\/05\/glareone_logo2020_RGB-01-e1715773127189.png","contentUrl":"http:\/\/glareone.eu\/wp-content\/uploads\/2024\/05\/glareone_logo2020_RGB-01-e1715773127189.png","width":1270,"height":321,"caption":"GlareOne"},"image":{"@id":"https:\/\/glareone.eu\/de\/en\/#\/schema\/logo\/image\/"},"sameAs":["https:\/\/www.facebook.com\/GlareOneLighting","https:\/\/www.instagram.com\/glareonelighting\/","https:\/\/www.youtube.com\/@GlareOneTV"]}]}},"_links":{"self":[{"href":"https:\/\/glareone.eu\/de\/wp-json\/wp\/v2\/product\/2816","targetHints":{"allow":["GET"]}}],"collection":[{"href":"https:\/\/glareone.eu\/de\/wp-json\/wp\/v2\/product"}],"about":[{"href":"https:\/\/glareone.eu\/de\/wp-json\/wp\/v2\/types\/product"}],"wp:featuredmedia":[{"embeddable":true,"href":"https:\/\/glareone.eu\/de\/wp-json\/wp\/v2\/media\/1692"}],"wp:attachment":[{"href":"https:\/\/glareone.eu\/de\/wp-json\/wp\/v2\/media?parent=2816"}],"wp:term":[{"taxonomy":"product_brand","embeddable":true,"href":"https:\/\/glareone.eu\/de\/wp-json\/wp\/v2\/product_brand?post=2816"},{"taxonomy":"product_cat","embeddable":true,"href":"https:\/\/glareone.eu\/de\/wp-json\/wp\/v2\/product_cat?post=2816"},{"taxonomy":"product_tag","embeddable":true,"href":"https:\/\/glareone.eu\/de\/wp-json\/wp\/v2\/product_tag?post=2816"}],"curies":[{"name":"wp","href":"https:\/\/api.w.org\/{rel}","templated":true}]}}