{"id":2802,"date":"2024-04-18T19:26:33","date_gmt":"2024-04-18T19:26:33","guid":{"rendered":"http:\/\/glareone.eu\/produkt\/glareone-led-120-bicolor-d\/"},"modified":"2024-04-24T09:53:20","modified_gmt":"2024-04-24T09:53:20","slug":"glareone-led-120-bicolor-d","status":"publish","type":"product","link":"https:\/\/glareone.eu\/de\/product\/glareone-led-120-bicolor-d\/","title":{"rendered":"GlareOne LED 120 BiColor D"},"content":{"rendered":"<p>Die 120-Watt-LED-Studioleuchte verf\u00fcgt \u00fcber eine einstellbare Farbtemperatur von 2700 bis 6500 K und die M\u00f6glichkeit, sowohl \u00fcber das Stromnetz als auch \u00fcber V-Mount-Batterien mit Hilfe des GlareOne LEDAHV-Adapters betrieben zu werden.<\/p>\n<h3>Kabellose Stromversorgung<\/h3>\n<p>Die GlareOne LED 120 BiColor D Lampe bietet zwei Stromversorgungsoptionen. Sie k\u00f6nnen sie mit dem mitgelieferten Netzkabel an eine Steckdose anschlie\u00dfen oder V-Mount-Batterien mit einem separaten GlareOne LEDAHV-Adapter verwenden. Bei voller Leistung liefert eine aufgeladene V-Mount-Zelle mit einer Spannung von 14,8 V und einer Kapazit\u00e4t von 95 Wh 60 Minuten Betriebsdauer f\u00fcr die LED-120-Lampe.<\/p>\n<h3>Vielseitigkeit<\/h3>\n<p>Dank ihres Bowens-Montagefu\u00dfes ist die LED 120 BiColor D Lampe f\u00fcr die Arbeit mit einer Vielzahl von Lichtmodifikatoren auf dem Markt bereit, unabh\u00e4ngig davon, ob sie von GlareOne oder verschiedenen anderen renommierten Marken hergestellt wurden. Sie k\u00f6nnen diese Lampe mit verschiedenen Arten von Softboxen, Gittern, Toren, Fresnelmodifikatoren, Linsen und vielen anderen Zubeh\u00f6rteilen verwenden.<\/p>\n<h3>LICHTFARBE<\/h3>\n<p>Der TLCI (Television Lighting Consistency Index) f\u00fcr dieses Modell liegt \u00fcber 98, und der CRI (Color Rendering Index) liegt \u00fcber 97, unabh\u00e4ngig von der aktuellen Farbtemperatur. Dies stellt sicher, dass die Lampe perfekt f\u00fcr die Beleuchtung von Filmsets und Fotoshootings geeignet ist und eine genaue Farbwiedergabe bietet.<\/p>\n<h3>Flexibilit\u00e4t<\/h3>\n<p>Die GlareOne LED 120 BiColor D Lampe ist mit einem COB-LED-Chip ausgestattet, der es erm\u00f6glicht, die Farbtemperatur von 2700 K bis 6500 K anzupassen. Dies bietet erhebliche Flexibilit\u00e4t bei der Arbeit mit verschiedenen Lichtquellen, sei es nat\u00fcrliches oder k\u00fcnstliches Licht.<\/p>\n<h3>Stabilit\u00e4t<\/h3>\n<p>Die BiColor D LED 120 Lampe eignet sich hervorragend zur Beleuchtung eines Aufnahmesets bei Aufzeichnungsgeschwindigkeiten von bis zu 400 Bildern pro Sekunde, ohne Flackereffekt.<\/p>\n<h3>Leistung<\/h3>\n<p>Die GlareOne LED 120 BiColor D Lampe zeichnet sich durch ihre betr\u00e4chtliche Leistung und die hohe Helligkeit des von ihr erzeugten Lichts aus. Sie ist in der Lage, eine intensive Lichtleistung von mehr als 77.800 Lux zu liefern, was eine flexible Anpassung und Manipulation des Lichts erm\u00f6glicht, um die gew\u00fcnschten Effekte am Set zu erzielen.<\/p>\n<h3>Leiser Betrieb<\/h3>\n<p>Die Lampe ist mit einem K\u00fchlsystem ausgestattet, das aus einem K\u00fchlk\u00f6rper und einem leisen L\u00fcfter besteht, der einen Ger\u00e4uschpegel von weniger als 30 dB erzeugt. Dieses geringe Ger\u00e4uschniveau erleichtert die Tonaufzeichnung am Set.<\/p>\n<h3>Beleuchtungseffekte<\/h3>\n<p>Die Lampe verf\u00fcgt \u00fcber 9 verschiedene Beleuchtungseffekte, um verschiedene Lichtquellen zu simulieren, wie z. B. eine defekte Leuchtstofflampe, Feuerwerk, Blitz (in drei Varianten), Blitze (in drei Varianten) und einen TV-Effekt.<\/p>\n<h3>Merkmale GlareOne LED 120 BiColor D:<\/h3>\n<ul>\n<li>Kompaktes und robustes Geh\u00e4use.<\/li>\n<li>Variable Farbtemperatur im Bereich von 2700~6500 K.<\/li>\n<li>Ein kreisf\u00f6rmiger COB-Dioden mit einer Leistung von 120 W.<\/li>\n<li>Hohe Leistung und Helligkeit (&gt;77800 Lux).<\/li>\n<li>Sehr gute Farbwiedergabe (CRI &gt;97, TLCI &gt;98).<\/li>\n<li>Kann mit V-Mount-Batterien mit dem GlareOne LEDAHV-Adapter betrieben werden (im Lieferumfang des Location-Kits enthalten).<\/li>\n<li>Einstellbare Helligkeit von 0 bis 100% Leistung.<\/li>\n<li>Kein Flackern, selbst bei bis zu 400 fps.<\/li>\n<li>Bowens-Typ-Lichtmodifikatorhalterung.<\/li>\n<li>Funktioniert mit der GlareOne Studio App, zur Steuerung \u00fcber Telefon oder Tablet.<\/li>\n<li>9 Beleuchtungsmodi, die Blitze, einen Fernsehbildschirm oder eine defekte Leuchtstofflampe simulieren, unter anderem.<\/li>\n<li>Leises und effizientes aktives K\u00fchlsystem (&lt;30 dB).<\/li>\n<li>Integrierter Schirmhalter.<\/li>\n<li>Ergonomisch gestalteter Griff f\u00fcr einfache Winkelverstellung.<\/li>\n<\/ul>\n<h3>Im Lieferumfang enthalten:<\/h3>\n<ul>\n<li>1x Lampe,<\/li>\n<li>1x Netzkabel,<\/li>\n<li>1x Transportschutz,<\/li>\n<li>1x Bedienungsanleitung,<\/li>\n<li>1x LEDAHV-Adapter,<\/li>\n<li>1x Baldachin,<\/li>\n<li>1x Tasche.<\/li>\n<\/ul>\n","protected":false},"excerpt":{"rendered":"<p>Die 120-Watt-LED-Studioleuchte verf\u00fcgt \u00fcber eine einstellbare Farbtemperatur von 2700 bis 6500 K und die M\u00f6glichkeit, sowohl \u00fcber das Stromnetz als auch \u00fcber V-Mount-Batterien mit Hilfe des GlareOne LEDAHV-Adapters betrieben zu werden. Kabellose Stromversorgung Die GlareOne LED 120 BiColor D Lampe bietet zwei Stromversorgungsoptionen. Sie k\u00f6nnen sie mit dem mitgelieferten Netzkabel an eine Steckdose anschlie\u00dfen oder [&hellip;]<\/p>\n","protected":false},"featured_media":1614,"template":"","meta":[],"product_brand":[],"product_cat":[374],"product_tag":[],"class_list":{"0":"post-2802","1":"product","2":"type-product","3":"status-publish","4":"has-post-thumbnail","6":"product_cat-led-lampen-mit-bowens-montage","8":"first","9":"instock","10":"product-type-simple"},"yoast_head":"<!-- This site is optimized with the Yoast SEO plugin v27.2 - https:\/\/yoast.com\/product\/yoast-seo-wordpress\/ -->\n<title>GlareOne LED 120 BiColor D<\/title>\n<meta name=\"description\" content=\"GlareOne LED 120 BiColor D\" \/>\n<meta name=\"robots\" content=\"index, follow, max-snippet:-1, max-image-preview:large, max-video-preview:-1\" \/>\n<link rel=\"canonical\" href=\"https:\/\/glareone.eu\/de\/product\/glareone-led-120-bicolor-d\/\" \/>\n<meta property=\"og:locale\" content=\"de_DE\" \/>\n<meta property=\"og:type\" content=\"article\" \/>\n<meta property=\"og:title\" content=\"GlareOne LED 120 BiColor D\" \/>\n<meta property=\"og:description\" content=\"GlareOne LED 120 BiColor D\" \/>\n<meta property=\"og:url\" content=\"https:\/\/glareone.eu\/de\/product\/glareone-led-120-bicolor-d\/\" \/>\n<meta property=\"og:site_name\" content=\"GlareOne\" \/>\n<meta property=\"article:publisher\" content=\"https:\/\/www.facebook.com\/GlareOneLighting\" \/>\n<meta property=\"article:modified_time\" content=\"2024-04-24T09:53:20+00:00\" \/>\n<meta property=\"og:image\" content=\"https:\/\/glareone.eu\/wp-content\/uploads\/2024\/04\/SLED120BCD_01.jpg\" \/>\n\t<meta property=\"og:image:width\" content=\"1200\" \/>\n\t<meta property=\"og:image:height\" content=\"1200\" \/>\n\t<meta property=\"og:image:type\" content=\"image\/jpeg\" \/>\n<meta name=\"twitter:card\" content=\"summary_large_image\" \/>\n<meta name=\"twitter:title\" content=\"GlareOne LED 120 BiColor D\" \/>\n<meta name=\"twitter:label1\" content=\"Gesch\u00e4tzte Lesezeit\" \/>\n\t<meta name=\"twitter:data1\" content=\"4\u00a0Minuten\" \/>\n<script type=\"application\/ld+json\" class=\"yoast-schema-graph\">{\"@context\":\"https:\/\/schema.org\",\"@graph\":[{\"@type\":\"WebPage\",\"@id\":\"https:\/\/glareone.eu\/de\/product\/glareone-led-120-bicolor-d\/\",\"url\":\"https:\/\/glareone.eu\/de\/product\/glareone-led-120-bicolor-d\/\",\"name\":\"GlareOne LED 120 BiColor D\",\"isPartOf\":{\"@id\":\"https:\/\/glareone.eu\/de\/en\/#website\"},\"primaryImageOfPage\":{\"@id\":\"https:\/\/glareone.eu\/de\/product\/glareone-led-120-bicolor-d\/#primaryimage\"},\"image\":{\"@id\":\"https:\/\/glareone.eu\/de\/product\/glareone-led-120-bicolor-d\/#primaryimage\"},\"thumbnailUrl\":\"https:\/\/glareone.eu\/wp-content\/uploads\/2024\/04\/SLED120BCD_01.jpg\",\"datePublished\":\"2024-04-18T19:26:33+00:00\",\"dateModified\":\"2024-04-24T09:53:20+00:00\",\"description\":\"GlareOne LED 120 BiColor D\",\"breadcrumb\":{\"@id\":\"https:\/\/glareone.eu\/de\/product\/glareone-led-120-bicolor-d\/#breadcrumb\"},\"inLanguage\":\"de\",\"potentialAction\":[{\"@type\":\"ReadAction\",\"target\":[\"https:\/\/glareone.eu\/de\/product\/glareone-led-120-bicolor-d\/\"]}]},{\"@type\":\"ImageObject\",\"inLanguage\":\"de\",\"@id\":\"https:\/\/glareone.eu\/de\/product\/glareone-led-120-bicolor-d\/#primaryimage\",\"url\":\"https:\/\/glareone.eu\/wp-content\/uploads\/2024\/04\/SLED120BCD_01.jpg\",\"contentUrl\":\"https:\/\/glareone.eu\/wp-content\/uploads\/2024\/04\/SLED120BCD_01.jpg\",\"width\":1200,\"height\":1200},{\"@type\":\"BreadcrumbList\",\"@id\":\"https:\/\/glareone.eu\/de\/product\/glareone-led-120-bicolor-d\/#breadcrumb\",\"itemListElement\":[{\"@type\":\"ListItem\",\"position\":1,\"name\":\"Strona g\u0142\u00f3wna\",\"item\":\"https:\/\/glareone.eu\/de\/\"},{\"@type\":\"ListItem\",\"position\":2,\"name\":\"Alle Produkte\",\"item\":\"https:\/\/glareone.eu\/de\/produkte\/alle-produkte\/\"},{\"@type\":\"ListItem\",\"position\":3,\"name\":\"GlareOne LED 120 BiColor D\"}]},{\"@type\":\"WebSite\",\"@id\":\"https:\/\/glareone.eu\/de\/en\/#website\",\"url\":\"https:\/\/glareone.eu\/de\/en\/\",\"name\":\"GlareOne\",\"description\":\"Wyposa\u017cenie Studia\",\"publisher\":{\"@id\":\"https:\/\/glareone.eu\/de\/en\/#organization\"},\"potentialAction\":[{\"@type\":\"SearchAction\",\"target\":{\"@type\":\"EntryPoint\",\"urlTemplate\":\"https:\/\/glareone.eu\/de\/en\/?s={search_term_string}\"},\"query-input\":{\"@type\":\"PropertyValueSpecification\",\"valueRequired\":true,\"valueName\":\"search_term_string\"}}],\"inLanguage\":\"de\"},{\"@type\":\"Organization\",\"@id\":\"https:\/\/glareone.eu\/de\/en\/#organization\",\"name\":\"GlareOne\",\"url\":\"https:\/\/glareone.eu\/de\/en\/\",\"logo\":{\"@type\":\"ImageObject\",\"inLanguage\":\"de\",\"@id\":\"https:\/\/glareone.eu\/de\/en\/#\/schema\/logo\/image\/\",\"url\":\"http:\/\/glareone.eu\/wp-content\/uploads\/2024\/05\/glareone_logo2020_RGB-01-e1715773127189.png\",\"contentUrl\":\"http:\/\/glareone.eu\/wp-content\/uploads\/2024\/05\/glareone_logo2020_RGB-01-e1715773127189.png\",\"width\":1270,\"height\":321,\"caption\":\"GlareOne\"},\"image\":{\"@id\":\"https:\/\/glareone.eu\/de\/en\/#\/schema\/logo\/image\/\"},\"sameAs\":[\"https:\/\/www.facebook.com\/GlareOneLighting\",\"https:\/\/www.instagram.com\/glareonelighting\/\",\"https:\/\/www.youtube.com\/@GlareOneTV\"]}]}<\/script>\n<!-- \/ Yoast SEO plugin. -->","yoast_head_json":{"title":"GlareOne LED 120 BiColor D","description":"GlareOne LED 120 BiColor D","robots":{"index":"index","follow":"follow","max-snippet":"max-snippet:-1","max-image-preview":"max-image-preview:large","max-video-preview":"max-video-preview:-1"},"canonical":"https:\/\/glareone.eu\/de\/product\/glareone-led-120-bicolor-d\/","og_locale":"de_DE","og_type":"article","og_title":"GlareOne LED 120 BiColor D","og_description":"GlareOne LED 120 BiColor D","og_url":"https:\/\/glareone.eu\/de\/product\/glareone-led-120-bicolor-d\/","og_site_name":"GlareOne","article_publisher":"https:\/\/www.facebook.com\/GlareOneLighting","article_modified_time":"2024-04-24T09:53:20+00:00","og_image":[{"width":1200,"height":1200,"url":"https:\/\/glareone.eu\/wp-content\/uploads\/2024\/04\/SLED120BCD_01.jpg","type":"image\/jpeg"}],"twitter_card":"summary_large_image","twitter_title":"GlareOne LED 120 BiColor D","twitter_misc":{"Gesch\u00e4tzte Lesezeit":"4\u00a0Minuten"},"schema":{"@context":"https:\/\/schema.org","@graph":[{"@type":"WebPage","@id":"https:\/\/glareone.eu\/de\/product\/glareone-led-120-bicolor-d\/","url":"https:\/\/glareone.eu\/de\/product\/glareone-led-120-bicolor-d\/","name":"GlareOne LED 120 BiColor D","isPartOf":{"@id":"https:\/\/glareone.eu\/de\/en\/#website"},"primaryImageOfPage":{"@id":"https:\/\/glareone.eu\/de\/product\/glareone-led-120-bicolor-d\/#primaryimage"},"image":{"@id":"https:\/\/glareone.eu\/de\/product\/glareone-led-120-bicolor-d\/#primaryimage"},"thumbnailUrl":"https:\/\/glareone.eu\/wp-content\/uploads\/2024\/04\/SLED120BCD_01.jpg","datePublished":"2024-04-18T19:26:33+00:00","dateModified":"2024-04-24T09:53:20+00:00","description":"GlareOne LED 120 BiColor D","breadcrumb":{"@id":"https:\/\/glareone.eu\/de\/product\/glareone-led-120-bicolor-d\/#breadcrumb"},"inLanguage":"de","potentialAction":[{"@type":"ReadAction","target":["https:\/\/glareone.eu\/de\/product\/glareone-led-120-bicolor-d\/"]}]},{"@type":"ImageObject","inLanguage":"de","@id":"https:\/\/glareone.eu\/de\/product\/glareone-led-120-bicolor-d\/#primaryimage","url":"https:\/\/glareone.eu\/wp-content\/uploads\/2024\/04\/SLED120BCD_01.jpg","contentUrl":"https:\/\/glareone.eu\/wp-content\/uploads\/2024\/04\/SLED120BCD_01.jpg","width":1200,"height":1200},{"@type":"BreadcrumbList","@id":"https:\/\/glareone.eu\/de\/product\/glareone-led-120-bicolor-d\/#breadcrumb","itemListElement":[{"@type":"ListItem","position":1,"name":"Strona g\u0142\u00f3wna","item":"https:\/\/glareone.eu\/de\/"},{"@type":"ListItem","position":2,"name":"Alle Produkte","item":"https:\/\/glareone.eu\/de\/produkte\/alle-produkte\/"},{"@type":"ListItem","position":3,"name":"GlareOne LED 120 BiColor D"}]},{"@type":"WebSite","@id":"https:\/\/glareone.eu\/de\/en\/#website","url":"https:\/\/glareone.eu\/de\/en\/","name":"GlareOne","description":"Wyposa\u017cenie Studia","publisher":{"@id":"https:\/\/glareone.eu\/de\/en\/#organization"},"potentialAction":[{"@type":"SearchAction","target":{"@type":"EntryPoint","urlTemplate":"https:\/\/glareone.eu\/de\/en\/?s={search_term_string}"},"query-input":{"@type":"PropertyValueSpecification","valueRequired":true,"valueName":"search_term_string"}}],"inLanguage":"de"},{"@type":"Organization","@id":"https:\/\/glareone.eu\/de\/en\/#organization","name":"GlareOne","url":"https:\/\/glareone.eu\/de\/en\/","logo":{"@type":"ImageObject","inLanguage":"de","@id":"https:\/\/glareone.eu\/de\/en\/#\/schema\/logo\/image\/","url":"http:\/\/glareone.eu\/wp-content\/uploads\/2024\/05\/glareone_logo2020_RGB-01-e1715773127189.png","contentUrl":"http:\/\/glareone.eu\/wp-content\/uploads\/2024\/05\/glareone_logo2020_RGB-01-e1715773127189.png","width":1270,"height":321,"caption":"GlareOne"},"image":{"@id":"https:\/\/glareone.eu\/de\/en\/#\/schema\/logo\/image\/"},"sameAs":["https:\/\/www.facebook.com\/GlareOneLighting","https:\/\/www.instagram.com\/glareonelighting\/","https:\/\/www.youtube.com\/@GlareOneTV"]}]}},"_links":{"self":[{"href":"https:\/\/glareone.eu\/de\/wp-json\/wp\/v2\/product\/2802","targetHints":{"allow":["GET"]}}],"collection":[{"href":"https:\/\/glareone.eu\/de\/wp-json\/wp\/v2\/product"}],"about":[{"href":"https:\/\/glareone.eu\/de\/wp-json\/wp\/v2\/types\/product"}],"wp:featuredmedia":[{"embeddable":true,"href":"https:\/\/glareone.eu\/de\/wp-json\/wp\/v2\/media\/1614"}],"wp:attachment":[{"href":"https:\/\/glareone.eu\/de\/wp-json\/wp\/v2\/media?parent=2802"}],"wp:term":[{"taxonomy":"product_brand","embeddable":true,"href":"https:\/\/glareone.eu\/de\/wp-json\/wp\/v2\/product_brand?post=2802"},{"taxonomy":"product_cat","embeddable":true,"href":"https:\/\/glareone.eu\/de\/wp-json\/wp\/v2\/product_cat?post=2802"},{"taxonomy":"product_tag","embeddable":true,"href":"https:\/\/glareone.eu\/de\/wp-json\/wp\/v2\/product_tag?post=2802"}],"curies":[{"name":"wp","href":"https:\/\/api.w.org\/{rel}","templated":true}]}}