{"id":2795,"date":"2024-04-18T19:26:33","date_gmt":"2024-04-18T19:26:33","guid":{"rendered":"http:\/\/glareone.eu\/produkt\/glareone-led-80-bicolor-d-location-kit\/"},"modified":"2024-04-24T09:37:50","modified_gmt":"2024-04-24T09:37:50","slug":"glareone-led-80-bicolor-d-location-kit","status":"publish","type":"product","link":"https:\/\/glareone.eu\/de\/product\/glareone-led-80-bicolor-d-location-kit\/","title":{"rendered":"GlareOne LED 80 BiColor D Location Kit"},"content":{"rendered":"<p>Die 80-Watt-LED-Studioleuchte verf\u00fcgt \u00fcber eine einstellbare Farbtemperatur von 2700 bis 6500 K und die M\u00f6glichkeit, sowohl \u00fcber das Stromnetz als auch \u00fcber NP-F-Akkus mit dem GlareOne LEDAHF-Adapter betrieben zu werden.<\/p>\n<p>Neben der Lampe und dem Netzteil enth\u00e4lt das Location Kit einen Reflektor und einen LEDAHF kabellosen Stromadapter. Und all dies verpackt in einer \u00e4sthetisch ansprechenden Tasche.<\/p>\n<h3>Kabellose Stromversorgung<\/h3>\n<p>Die GlareOne LED 80 BiColor D Lampe verf\u00fcgt \u00fcber zwei Stromoptionen. Sie k\u00f6nnen sie \u00fcber ein Stromnetz mit dem mitgelieferten Netzteil anschlie\u00dfen oder NP-F-Akkus mit einem separaten GlareOne LEDAHF-Adapter verwenden. Bei voller Leistung der LED 80 betr\u00e4gt die Betriebszeit mit einem 7,4V 7800 mAh 57,7 Wh NP-F-Akku ca. 50 Minuten.<\/p>\n<h3>Vielseitigkeit<\/h3>\n<p>Dank ihres Bowens-Montagesystems ist die LED 80 BiColor D Lampe bereit, mit einer Vielzahl von Lichtmodifikatoren zu arbeiten, die auf dem Markt erh\u00e4ltlich sind, sei es von GlareOne oder anderen Marken. Sie k\u00f6nnen diese Lampe mit verschiedenen Arten von Softboxen, Schirmen, Reflektoren und vielen anderen Zubeh\u00f6rteilen verwenden.<\/p>\n<h3>Lichtfarbe<\/h3>\n<p>Der TLCI (Television Lighting Consistency Index) f\u00fcr dieses Modell liegt \u00fcber 98, und der CRI (Color Rendering Index) liegt unabh\u00e4ngig von der aktuellen Farbtemperatur \u00fcber 97. Dies gew\u00e4hrleistet, dass die Lampe perfekt f\u00fcr die Beleuchtung sowohl von Filmsets als auch von Fotoshootings geeignet ist und eine genaue Farbwiedergabe bietet.<\/p>\n<h3>Flexibilit\u00e4t<\/h3>\n<p>Die GlareOne LED 80 BiColor D Lampe ist mit einem COB-LED-Chip ausgestattet, der es erm\u00f6glicht, die Farbtemperatur von 2700 K bis 6500 K einzustellen. Dies bietet eine betr\u00e4chtliche Flexibilit\u00e4t beim Arbeiten mit verschiedenen Lichtquellen, sei es nat\u00fcrliches oder k\u00fcnstliches Licht.<\/p>\n<h3>Stabilit\u00e4t<\/h3>\n<p>Die LED 80 BiColor D Lampe eignet sich hervorragend zur Beleuchtung eines Aufnahmesets bei Aufnahmegeschwindigkeiten von bis zu 400 Bildern pro Sekunde, ohne Flackereffekt.<\/p>\n<h3>Leistung<\/h3>\n<p>Die GlareOne LED 80 BiColor D Lampe zeichnet sich durch ihre betr\u00e4chtliche Leistung und die hohe Helligkeit des erzeugten Lichts aus. Sie ist in der Lage, eine intensive Lichtleistung von mehr als 48.600 Lux zu liefern, was eine flexible Anpassung und Manipulation des Lichts erm\u00f6glicht, um die gew\u00fcnschten Effekte auf dem Set zu erzielen.<\/p>\n<h3>Leiser Betrieb<\/h3>\n<p>Die Lampe ist mit einem K\u00fchlsystem ausgestattet, das aus einem K\u00fchlk\u00f6rper und einem leisen L\u00fcfter besteht, der einen Ger\u00e4uschpegel von weniger als 30 dB erzeugt. Dieses geringe Ger\u00e4uschniveau erleichtert die Tonaufnahme am Set.<\/p>\n<h3>Beleuchtungseffekte<\/h3>\n<p>Die Lampe verf\u00fcgt \u00fcber 9 verschiedene Beleuchtungseffekte, um verschiedene Lichtquellen zu simulieren, wie z.B. eine defekte Leuchtstofflampe, Feuerwerk, Blitzlicht (in drei Varianten), Blitze (in drei Varianten) und einen TV-Effekt.<\/p>\n<h3>Merkmale GlareOne LED 80 BiColor D:<\/h3>\n<ul>\n<li>Kompaktes und robustes Geh\u00e4use.<\/li>\n<li>Variable Farbtemperatur im Bereich von 2700~6500 K.<\/li>\n<li>Kreisf\u00f6rmige COB-LED mit einer Leistung von 80 W.<\/li>\n<li>Hohe Leistung und Helligkeit (&gt;48.000 Lux).<\/li>\n<li>Sehr gute Farbwiedergabe (CRI &gt;97, TLCI &gt;98).<\/li>\n<li>Kann mit NP-F-Akkus mit dem GlareOne LEDAHF-Adapter betrieben werden (im Location Kit erh\u00e4ltlich).<\/li>\n<li>Einstellbare Helligkeit von 0 bis 100% Leistung.<\/li>\n<li>Kein Flackern selbst bei bis zu 400 fps.<\/li>\n<li>Bowens-Typ-Lichtmodifikator-Montage.<\/li>\n<li>Funktioniert mit der GlareOne Studio-App, die eine Steuerung vom Telefon oder Tablet aus erm\u00f6glicht.<\/li>\n<li>9 Beleuchtungsmodi simulieren Blitzlicht, einen TV-Bildschirm oder eine defekte Leuchtstofflampe, unter anderem.<\/li>\n<li>Leises und effizientes aktives K\u00fchlsystem (&lt;30 dB).<\/li>\n<li>Integrierter Schirmhalter.<\/li>\n<li>Ergonomisch gestalteter Griff f\u00fcr einfache Winkelverstellung.<\/li>\n<\/ul>\n<h3>Lieferumfang:<\/h3>\n<ul>\n<li>1x Lampe,<\/li>\n<li>1x Netzteil,<\/li>\n<li>1x Schutzkappe,<\/li>\n<li>1x Bedienungsanleitung,<\/li>\n<li>1x LEDAHF-Adapter,<\/li>\n<li>1x Reflektor,<\/li>\n<li>1x Tasche.<\/li>\n<\/ul>\n","protected":false},"excerpt":{"rendered":"<p>Die 80-Watt-LED-Studioleuchte verf\u00fcgt \u00fcber eine einstellbare Farbtemperatur von 2700 bis 6500 K und die M\u00f6glichkeit, sowohl \u00fcber das Stromnetz als auch \u00fcber NP-F-Akkus mit dem GlareOne LEDAHF-Adapter betrieben zu werden. Neben der Lampe und dem Netzteil enth\u00e4lt das Location Kit einen Reflektor und einen LEDAHF kabellosen Stromadapter. Und all dies verpackt in einer \u00e4sthetisch ansprechenden [&hellip;]<\/p>\n","protected":false},"featured_media":1609,"template":"","meta":[],"product_brand":[],"product_cat":[374],"product_tag":[],"class_list":{"0":"post-2795","1":"product","2":"type-product","3":"status-publish","4":"has-post-thumbnail","6":"product_cat-led-lampen-mit-bowens-montage","8":"first","9":"instock","10":"product-type-simple"},"yoast_head":"<!-- This site is optimized with the Yoast SEO plugin v27.2 - https:\/\/yoast.com\/product\/yoast-seo-wordpress\/ -->\n<title>GlareOne LED 80 BiColor D Location Kit<\/title>\n<meta name=\"description\" content=\"GlareOne LED 80 BiColor D Location Kit\" \/>\n<meta name=\"robots\" content=\"index, follow, max-snippet:-1, max-image-preview:large, max-video-preview:-1\" \/>\n<link rel=\"canonical\" href=\"https:\/\/glareone.eu\/de\/product\/glareone-led-80-bicolor-d-location-kit\/\" \/>\n<meta property=\"og:locale\" content=\"de_DE\" \/>\n<meta property=\"og:type\" content=\"article\" \/>\n<meta property=\"og:title\" content=\"GlareOne LED 80 BiColor D Location Kit\" \/>\n<meta property=\"og:description\" content=\"GlareOne LED 80 BiColor D Location Kit\" \/>\n<meta property=\"og:url\" content=\"https:\/\/glareone.eu\/de\/product\/glareone-led-80-bicolor-d-location-kit\/\" \/>\n<meta property=\"og:site_name\" content=\"GlareOne\" \/>\n<meta property=\"article:publisher\" content=\"https:\/\/www.facebook.com\/GlareOneLighting\" \/>\n<meta property=\"article:modified_time\" content=\"2024-04-24T09:37:50+00:00\" \/>\n<meta property=\"og:image\" content=\"https:\/\/glareone.eu\/wp-content\/uploads\/2024\/04\/SLED80BCD_00.jpg\" \/>\n\t<meta property=\"og:image:width\" content=\"1200\" \/>\n\t<meta property=\"og:image:height\" content=\"1200\" \/>\n\t<meta property=\"og:image:type\" content=\"image\/jpeg\" \/>\n<meta name=\"twitter:card\" content=\"summary_large_image\" \/>\n<meta name=\"twitter:title\" content=\"GlareOne LED 80 BiColor D Location Kit\" \/>\n<meta name=\"twitter:label1\" content=\"Gesch\u00e4tzte Lesezeit\" \/>\n\t<meta name=\"twitter:data1\" content=\"4\u00a0Minuten\" \/>\n<script type=\"application\/ld+json\" class=\"yoast-schema-graph\">{\"@context\":\"https:\/\/schema.org\",\"@graph\":[{\"@type\":\"WebPage\",\"@id\":\"https:\/\/glareone.eu\/de\/product\/glareone-led-80-bicolor-d-location-kit\/\",\"url\":\"https:\/\/glareone.eu\/de\/product\/glareone-led-80-bicolor-d-location-kit\/\",\"name\":\"GlareOne LED 80 BiColor D Location Kit\",\"isPartOf\":{\"@id\":\"https:\/\/glareone.eu\/de\/en\/#website\"},\"primaryImageOfPage\":{\"@id\":\"https:\/\/glareone.eu\/de\/product\/glareone-led-80-bicolor-d-location-kit\/#primaryimage\"},\"image\":{\"@id\":\"https:\/\/glareone.eu\/de\/product\/glareone-led-80-bicolor-d-location-kit\/#primaryimage\"},\"thumbnailUrl\":\"https:\/\/glareone.eu\/wp-content\/uploads\/2024\/04\/SLED80BCD_00.jpg\",\"datePublished\":\"2024-04-18T19:26:33+00:00\",\"dateModified\":\"2024-04-24T09:37:50+00:00\",\"description\":\"GlareOne LED 80 BiColor D Location Kit\",\"breadcrumb\":{\"@id\":\"https:\/\/glareone.eu\/de\/product\/glareone-led-80-bicolor-d-location-kit\/#breadcrumb\"},\"inLanguage\":\"de\",\"potentialAction\":[{\"@type\":\"ReadAction\",\"target\":[\"https:\/\/glareone.eu\/de\/product\/glareone-led-80-bicolor-d-location-kit\/\"]}]},{\"@type\":\"ImageObject\",\"inLanguage\":\"de\",\"@id\":\"https:\/\/glareone.eu\/de\/product\/glareone-led-80-bicolor-d-location-kit\/#primaryimage\",\"url\":\"https:\/\/glareone.eu\/wp-content\/uploads\/2024\/04\/SLED80BCD_00.jpg\",\"contentUrl\":\"https:\/\/glareone.eu\/wp-content\/uploads\/2024\/04\/SLED80BCD_00.jpg\",\"width\":1200,\"height\":1200},{\"@type\":\"BreadcrumbList\",\"@id\":\"https:\/\/glareone.eu\/de\/product\/glareone-led-80-bicolor-d-location-kit\/#breadcrumb\",\"itemListElement\":[{\"@type\":\"ListItem\",\"position\":1,\"name\":\"Strona g\u0142\u00f3wna\",\"item\":\"https:\/\/glareone.eu\/de\/\"},{\"@type\":\"ListItem\",\"position\":2,\"name\":\"Alle Produkte\",\"item\":\"https:\/\/glareone.eu\/de\/produkte\/alle-produkte\/\"},{\"@type\":\"ListItem\",\"position\":3,\"name\":\"GlareOne LED 80 BiColor D Location Kit\"}]},{\"@type\":\"WebSite\",\"@id\":\"https:\/\/glareone.eu\/de\/en\/#website\",\"url\":\"https:\/\/glareone.eu\/de\/en\/\",\"name\":\"GlareOne\",\"description\":\"Wyposa\u017cenie Studia\",\"publisher\":{\"@id\":\"https:\/\/glareone.eu\/de\/en\/#organization\"},\"potentialAction\":[{\"@type\":\"SearchAction\",\"target\":{\"@type\":\"EntryPoint\",\"urlTemplate\":\"https:\/\/glareone.eu\/de\/en\/?s={search_term_string}\"},\"query-input\":{\"@type\":\"PropertyValueSpecification\",\"valueRequired\":true,\"valueName\":\"search_term_string\"}}],\"inLanguage\":\"de\"},{\"@type\":\"Organization\",\"@id\":\"https:\/\/glareone.eu\/de\/en\/#organization\",\"name\":\"GlareOne\",\"url\":\"https:\/\/glareone.eu\/de\/en\/\",\"logo\":{\"@type\":\"ImageObject\",\"inLanguage\":\"de\",\"@id\":\"https:\/\/glareone.eu\/de\/en\/#\/schema\/logo\/image\/\",\"url\":\"http:\/\/glareone.eu\/wp-content\/uploads\/2024\/05\/glareone_logo2020_RGB-01-e1715773127189.png\",\"contentUrl\":\"http:\/\/glareone.eu\/wp-content\/uploads\/2024\/05\/glareone_logo2020_RGB-01-e1715773127189.png\",\"width\":1270,\"height\":321,\"caption\":\"GlareOne\"},\"image\":{\"@id\":\"https:\/\/glareone.eu\/de\/en\/#\/schema\/logo\/image\/\"},\"sameAs\":[\"https:\/\/www.facebook.com\/GlareOneLighting\",\"https:\/\/www.instagram.com\/glareonelighting\/\",\"https:\/\/www.youtube.com\/@GlareOneTV\"]}]}<\/script>\n<!-- \/ Yoast SEO plugin. -->","yoast_head_json":{"title":"GlareOne LED 80 BiColor D Location Kit","description":"GlareOne LED 80 BiColor D Location Kit","robots":{"index":"index","follow":"follow","max-snippet":"max-snippet:-1","max-image-preview":"max-image-preview:large","max-video-preview":"max-video-preview:-1"},"canonical":"https:\/\/glareone.eu\/de\/product\/glareone-led-80-bicolor-d-location-kit\/","og_locale":"de_DE","og_type":"article","og_title":"GlareOne LED 80 BiColor D Location Kit","og_description":"GlareOne LED 80 BiColor D Location Kit","og_url":"https:\/\/glareone.eu\/de\/product\/glareone-led-80-bicolor-d-location-kit\/","og_site_name":"GlareOne","article_publisher":"https:\/\/www.facebook.com\/GlareOneLighting","article_modified_time":"2024-04-24T09:37:50+00:00","og_image":[{"width":1200,"height":1200,"url":"https:\/\/glareone.eu\/wp-content\/uploads\/2024\/04\/SLED80BCD_00.jpg","type":"image\/jpeg"}],"twitter_card":"summary_large_image","twitter_title":"GlareOne LED 80 BiColor D Location Kit","twitter_misc":{"Gesch\u00e4tzte Lesezeit":"4\u00a0Minuten"},"schema":{"@context":"https:\/\/schema.org","@graph":[{"@type":"WebPage","@id":"https:\/\/glareone.eu\/de\/product\/glareone-led-80-bicolor-d-location-kit\/","url":"https:\/\/glareone.eu\/de\/product\/glareone-led-80-bicolor-d-location-kit\/","name":"GlareOne LED 80 BiColor D Location Kit","isPartOf":{"@id":"https:\/\/glareone.eu\/de\/en\/#website"},"primaryImageOfPage":{"@id":"https:\/\/glareone.eu\/de\/product\/glareone-led-80-bicolor-d-location-kit\/#primaryimage"},"image":{"@id":"https:\/\/glareone.eu\/de\/product\/glareone-led-80-bicolor-d-location-kit\/#primaryimage"},"thumbnailUrl":"https:\/\/glareone.eu\/wp-content\/uploads\/2024\/04\/SLED80BCD_00.jpg","datePublished":"2024-04-18T19:26:33+00:00","dateModified":"2024-04-24T09:37:50+00:00","description":"GlareOne LED 80 BiColor D Location Kit","breadcrumb":{"@id":"https:\/\/glareone.eu\/de\/product\/glareone-led-80-bicolor-d-location-kit\/#breadcrumb"},"inLanguage":"de","potentialAction":[{"@type":"ReadAction","target":["https:\/\/glareone.eu\/de\/product\/glareone-led-80-bicolor-d-location-kit\/"]}]},{"@type":"ImageObject","inLanguage":"de","@id":"https:\/\/glareone.eu\/de\/product\/glareone-led-80-bicolor-d-location-kit\/#primaryimage","url":"https:\/\/glareone.eu\/wp-content\/uploads\/2024\/04\/SLED80BCD_00.jpg","contentUrl":"https:\/\/glareone.eu\/wp-content\/uploads\/2024\/04\/SLED80BCD_00.jpg","width":1200,"height":1200},{"@type":"BreadcrumbList","@id":"https:\/\/glareone.eu\/de\/product\/glareone-led-80-bicolor-d-location-kit\/#breadcrumb","itemListElement":[{"@type":"ListItem","position":1,"name":"Strona g\u0142\u00f3wna","item":"https:\/\/glareone.eu\/de\/"},{"@type":"ListItem","position":2,"name":"Alle Produkte","item":"https:\/\/glareone.eu\/de\/produkte\/alle-produkte\/"},{"@type":"ListItem","position":3,"name":"GlareOne LED 80 BiColor D Location Kit"}]},{"@type":"WebSite","@id":"https:\/\/glareone.eu\/de\/en\/#website","url":"https:\/\/glareone.eu\/de\/en\/","name":"GlareOne","description":"Wyposa\u017cenie Studia","publisher":{"@id":"https:\/\/glareone.eu\/de\/en\/#organization"},"potentialAction":[{"@type":"SearchAction","target":{"@type":"EntryPoint","urlTemplate":"https:\/\/glareone.eu\/de\/en\/?s={search_term_string}"},"query-input":{"@type":"PropertyValueSpecification","valueRequired":true,"valueName":"search_term_string"}}],"inLanguage":"de"},{"@type":"Organization","@id":"https:\/\/glareone.eu\/de\/en\/#organization","name":"GlareOne","url":"https:\/\/glareone.eu\/de\/en\/","logo":{"@type":"ImageObject","inLanguage":"de","@id":"https:\/\/glareone.eu\/de\/en\/#\/schema\/logo\/image\/","url":"http:\/\/glareone.eu\/wp-content\/uploads\/2024\/05\/glareone_logo2020_RGB-01-e1715773127189.png","contentUrl":"http:\/\/glareone.eu\/wp-content\/uploads\/2024\/05\/glareone_logo2020_RGB-01-e1715773127189.png","width":1270,"height":321,"caption":"GlareOne"},"image":{"@id":"https:\/\/glareone.eu\/de\/en\/#\/schema\/logo\/image\/"},"sameAs":["https:\/\/www.facebook.com\/GlareOneLighting","https:\/\/www.instagram.com\/glareonelighting\/","https:\/\/www.youtube.com\/@GlareOneTV"]}]}},"_links":{"self":[{"href":"https:\/\/glareone.eu\/de\/wp-json\/wp\/v2\/product\/2795","targetHints":{"allow":["GET"]}}],"collection":[{"href":"https:\/\/glareone.eu\/de\/wp-json\/wp\/v2\/product"}],"about":[{"href":"https:\/\/glareone.eu\/de\/wp-json\/wp\/v2\/types\/product"}],"wp:featuredmedia":[{"embeddable":true,"href":"https:\/\/glareone.eu\/de\/wp-json\/wp\/v2\/media\/1609"}],"wp:attachment":[{"href":"https:\/\/glareone.eu\/de\/wp-json\/wp\/v2\/media?parent=2795"}],"wp:term":[{"taxonomy":"product_brand","embeddable":true,"href":"https:\/\/glareone.eu\/de\/wp-json\/wp\/v2\/product_brand?post=2795"},{"taxonomy":"product_cat","embeddable":true,"href":"https:\/\/glareone.eu\/de\/wp-json\/wp\/v2\/product_cat?post=2795"},{"taxonomy":"product_tag","embeddable":true,"href":"https:\/\/glareone.eu\/de\/wp-json\/wp\/v2\/product_tag?post=2795"}],"curies":[{"name":"wp","href":"https:\/\/api.w.org\/{rel}","templated":true}]}}