{"id":2776,"date":"2024-04-18T19:26:31","date_gmt":"2024-04-18T19:26:31","guid":{"rendered":"http:\/\/glareone.eu\/produkt\/glareone-led-160-bicolor-d\/"},"modified":"2025-10-30T09:11:31","modified_gmt":"2025-10-30T09:11:31","slug":"glareone-led-160-bicolor-d","status":"publish","type":"product","link":"https:\/\/glareone.eu\/de\/product\/glareone-led-160-bicolor-d\/","title":{"rendered":"GlareOne LED 160 BiColor D"},"content":{"rendered":"<p>Eine professionelle 160W Bi-Color LED-Dauerlichtquelle mit zwei Stromversorgungsoptionen: AC oder \u00fcber V-Mount-Batterien mittels eines zus\u00e4tzlichen GlareOne LEDAV-Adapters, gew\u00e4hrleistet Mobilit\u00e4t und Vielseitigkeit im Studio und vor Ort. Dar\u00fcber hinaus zeichnet sich das Licht durch eine sehr hohe Farbwiedergabe (CRI\/TLCI &gt;97), hohe Effizienz und Helligkeit sowie eine integrierte Bowens-Typ Lichtmodifikator-Halterung aus.<\/p>\n<h3>Farbtreue<\/h3>\n<p>Der TLCI (Television Lighting Consistency Index) dieses Modells liegt bei &gt;98, und der CRI betr\u00e4gt &gt;97, unabh\u00e4ngig von der aktuellen Farbtemperatur-Einstellung. Dies macht die Lampe hervorragend f\u00fcr die Ausleuchtung eines Sets w\u00e4hrend Filmaufnahmen und Fotografie und erm\u00f6glicht eine hervorragende Farbwiedergabe.<\/p>\n<h3>Anpassungsf\u00e4hig<\/h3>\n<p>Das Licht ist mit einem COB-LED-Chip ausgestattet, der Licht mit Farbtemperaturen von 2700K bis zu 6500K erzeugen kann. Dies bietet eine gro\u00dfe Flexibilit\u00e4t beim Arbeiten mit dem Umgebungslicht verschiedener Herkunft &#8211; nat\u00fcrlich oder k\u00fcnstlich.<\/p>\n<h3>Flimmerfrei<\/h3>\n<p>Das Licht kann erfolgreich verwendet werden, um Szenen mit einer maximalen Bildrate von bis zu 400 Bildern pro Sekunde ohne Flimmern zu beleuchten.<\/p>\n<h3>Leistung<\/h3>\n<p>GlareOne LED 160 BiColor D zeichnet sich durch hohe Effizienz und hohe Lichtleistung aus. Die Lampe ist in der Lage, eine Lichtleistung von bis zu &gt;55000 Lux zu erzeugen, was die M\u00f6glichkeit bietet, das Licht problemlos zu modifizieren und zu reflektieren, um die gew\u00fcnschten Effekte auf dem Set zu erzielen.<\/p>\n<h3>Ger\u00e4uschloser Betrieb<\/h3>\n<p>Das Licht ist mit einem K\u00fchlsystem ausgestattet, das aus einem K\u00fchlk\u00f6rper und einem L\u00fcfter besteht, der extrem leise arbeitet, da er nicht mehr als 30 dB erreicht. Dieses niedrige Ger\u00e4uschniveau erleichtert Tonaufnahmen am Set. In Situationen, in denen absolute Stille erforderlich ist, kann der L\u00fcfter mit einem Schl\u00fcssel am Bedienfeld ausgeschaltet werden und nur im passiven K\u00fchlmodus (bei reduzierter maximaler Leistung) verwendet werden.<\/p>\n<h3>Beleuchtungseffekte<\/h3>\n<p>Das LED 160 BiColor ist mit 9 Beleuchtungseffekten ausgestattet, die es erm\u00f6glichen, das Licht von einem defekten Leuchtstofflampen, Feuerwerken, Blitzlichtern (in drei Varianten) und einem Fernsehbildschirm zu simulieren.<\/p>\n<h3>Fernbedienung<\/h3>\n<p>Ein im Ger\u00e4t eingebauter Funkempf\u00e4nger ist mit der GlareOne LED RC-Fernbedienung kompatibel. Dar\u00fcber hinaus kann das Licht drahtlos \u00fcber die GlareOne Studio-App gesteuert werden.<\/p>\n<h3>Stromversorgung<\/h3>\n<p>Das GlareOne LED 160 BiColor D kann aus zwei Quellen mit Strom versorgt werden &#8211; aus einem AC-Netz mit einem Netzkabel (im Lieferumfang enthalten) oder mit V-Mount-Batterien \u00fcber den GlareOne LEDAV-Adapter (separat erh\u00e4ltlich). Eine V-Mount (14,8V) Batterie mit einer Kapazit\u00e4t von 220 Wh versorgt die Lampe bei voller Leistung bis zu 100 Minuten lang mit Licht (die Zeit h\u00e4ngt weitgehend von der Qualit\u00e4t der verwendeten Batterie ab).<\/p>\n<h3>Vielseitigkeit<\/h3>\n<p>Dank seines Bowens-Typ Zubeh\u00f6r-Montage kann das Licht mit nahezu jedem auf dem Markt erh\u00e4ltlichen Lichtmodifikator verwendet werden, der von GlareOne oder von einem der vielen anderen Marken hergestellt wird. LED 160 kann mit einer Vielzahl von Softboxen, Snoots, Barndoors, Reflektoren, Fresnellinsen usw. verwendet werden.<\/p>\n<h3>Robustheit<\/h3>\n<p>Elemente, die f\u00fcr eine lange Lebensdauer und hohen Komfort entscheidend sind, wie die Stativhalterung und das Geh\u00e4use, bestehen entweder aus Aluminium oder Stahl. Andere Teile, wie der Griff und die Bedienkn\u00f6pfe, bestehen aus hochwertigem Kunststoff f\u00fcr eine gute Ergonomie und komfortable Bedienung.<\/p>\n<h3>Alles in einem<\/h3>\n<p>Das LED 160 verf\u00fcgt \u00fcber ein kompaktes, einteiliges Design, das es nicht nur einfach zu transportieren, sondern auch einfach zu lagern macht.<\/p>\n<h3>GlareOne LED 160 BiColor D Funktionen:<\/h3>\n<ul>\n<li>Kompaktes und robustes Geh\u00e4use.<\/li>\n<li>Variable Farbtemperatur im Bereich von 2700~6500K.<\/li>\n<li>160W COB-Typ LED.<\/li>\n<li>Hohe Effizienz und Helligkeit (&gt;55000 Lux).<\/li>\n<li>Sehr gute Farbwiedergabe (CRI &gt;97, TLCI &gt;98).<\/li>\n<li>Kann mit V-Mount-Batterien \u00fcber den GlareOne LEDAV-Adapter (separat erh\u00e4ltlich) betrieben werden.<\/li>\n<li>Helligkeitssteuerung von 0 bis 100% Leistung.<\/li>\n<li>Kein Flimmern, auch bis zu 400 fps.<\/li>\n<li>Ausgestattet mit dem Bowens-Mount.<\/li>\n<li>Fernbedienung mit GlareOne LED RC-Fernbedienung (separat erh\u00e4ltlich).<\/li>\n<li>Kompatibel mit der GlareOne Studio-App.<\/li>\n<li>9 Beleuchtungsmodi, die Blitzlicht, TV-Bildschirm, defekte Leuchtstofflampen usw. simulieren.<\/li>\n<li>Leises und effizientes aktives K\u00fchlsystem (&lt;30dB) mit der M\u00f6glichkeit, den L\u00fcfter auszuschalten.<\/li>\n<li>Integrierter Schirmhalter.<\/li>\n<li>Ergonomisch gestalteter Griff f\u00fcr einfache Winkelverstellung..<\/li>\n<\/ul>\n","protected":false},"excerpt":{"rendered":"<p><span style=\"color: #ff0000;\">Archiviertes Produkt.<\/span><\/p>\n","protected":false},"featured_media":1504,"template":"","meta":[],"product_brand":[],"product_cat":[374],"product_tag":[],"class_list":{"0":"post-2776","1":"product","2":"type-product","3":"status-publish","4":"has-post-thumbnail","6":"product_cat-led-lampen-mit-bowens-montage","8":"first","9":"instock","10":"product-type-simple"},"yoast_head":"<!-- This site is optimized with the Yoast SEO plugin v27.2 - https:\/\/yoast.com\/product\/yoast-seo-wordpress\/ -->\n<title>GlareOne LED 160 BiColor D<\/title>\n<meta name=\"description\" content=\"GlareOne LED 160 BiColor D\" \/>\n<meta name=\"robots\" content=\"index, follow, max-snippet:-1, max-image-preview:large, max-video-preview:-1\" \/>\n<link rel=\"canonical\" href=\"https:\/\/glareone.eu\/de\/product\/glareone-led-160-bicolor-d\/\" \/>\n<meta property=\"og:locale\" content=\"de_DE\" \/>\n<meta property=\"og:type\" content=\"article\" \/>\n<meta property=\"og:title\" content=\"GlareOne LED 160 BiColor D\" \/>\n<meta property=\"og:description\" content=\"GlareOne LED 160 BiColor D\" \/>\n<meta property=\"og:url\" content=\"https:\/\/glareone.eu\/de\/product\/glareone-led-160-bicolor-d\/\" \/>\n<meta property=\"og:site_name\" content=\"GlareOne\" \/>\n<meta property=\"article:publisher\" content=\"https:\/\/www.facebook.com\/GlareOneLighting\" \/>\n<meta property=\"article:modified_time\" content=\"2025-10-30T09:11:31+00:00\" \/>\n<meta property=\"og:image\" content=\"https:\/\/glareone.eu\/wp-content\/uploads\/2024\/04\/GlareOne-LED-160-BiColor-002.jpg\" \/>\n\t<meta property=\"og:image:width\" content=\"1200\" \/>\n\t<meta property=\"og:image:height\" content=\"1200\" \/>\n\t<meta property=\"og:image:type\" content=\"image\/jpeg\" \/>\n<meta name=\"twitter:card\" content=\"summary_large_image\" \/>\n<meta name=\"twitter:title\" content=\"GlareOne LED 160 BiColor D\" \/>\n<meta name=\"twitter:label1\" content=\"Gesch\u00e4tzte Lesezeit\" \/>\n\t<meta name=\"twitter:data1\" content=\"3\u00a0Minuten\" \/>\n<script type=\"application\/ld+json\" class=\"yoast-schema-graph\">{\"@context\":\"https:\/\/schema.org\",\"@graph\":[{\"@type\":\"WebPage\",\"@id\":\"https:\/\/glareone.eu\/de\/product\/glareone-led-160-bicolor-d\/\",\"url\":\"https:\/\/glareone.eu\/de\/product\/glareone-led-160-bicolor-d\/\",\"name\":\"GlareOne LED 160 BiColor D\",\"isPartOf\":{\"@id\":\"https:\/\/glareone.eu\/de\/en\/#website\"},\"primaryImageOfPage\":{\"@id\":\"https:\/\/glareone.eu\/de\/product\/glareone-led-160-bicolor-d\/#primaryimage\"},\"image\":{\"@id\":\"https:\/\/glareone.eu\/de\/product\/glareone-led-160-bicolor-d\/#primaryimage\"},\"thumbnailUrl\":\"https:\/\/glareone.eu\/wp-content\/uploads\/2024\/04\/GlareOne-LED-160-BiColor-002.jpg\",\"datePublished\":\"2024-04-18T19:26:31+00:00\",\"dateModified\":\"2025-10-30T09:11:31+00:00\",\"description\":\"GlareOne LED 160 BiColor D\",\"breadcrumb\":{\"@id\":\"https:\/\/glareone.eu\/de\/product\/glareone-led-160-bicolor-d\/#breadcrumb\"},\"inLanguage\":\"de\",\"potentialAction\":[{\"@type\":\"ReadAction\",\"target\":[\"https:\/\/glareone.eu\/de\/product\/glareone-led-160-bicolor-d\/\"]}]},{\"@type\":\"ImageObject\",\"inLanguage\":\"de\",\"@id\":\"https:\/\/glareone.eu\/de\/product\/glareone-led-160-bicolor-d\/#primaryimage\",\"url\":\"https:\/\/glareone.eu\/wp-content\/uploads\/2024\/04\/GlareOne-LED-160-BiColor-002.jpg\",\"contentUrl\":\"https:\/\/glareone.eu\/wp-content\/uploads\/2024\/04\/GlareOne-LED-160-BiColor-002.jpg\",\"width\":1200,\"height\":1200},{\"@type\":\"BreadcrumbList\",\"@id\":\"https:\/\/glareone.eu\/de\/product\/glareone-led-160-bicolor-d\/#breadcrumb\",\"itemListElement\":[{\"@type\":\"ListItem\",\"position\":1,\"name\":\"Strona g\u0142\u00f3wna\",\"item\":\"https:\/\/glareone.eu\/de\/\"},{\"@type\":\"ListItem\",\"position\":2,\"name\":\"Alle Produkte\",\"item\":\"https:\/\/glareone.eu\/de\/produkte\/alle-produkte\/\"},{\"@type\":\"ListItem\",\"position\":3,\"name\":\"GlareOne LED 160 BiColor D\"}]},{\"@type\":\"WebSite\",\"@id\":\"https:\/\/glareone.eu\/de\/en\/#website\",\"url\":\"https:\/\/glareone.eu\/de\/en\/\",\"name\":\"GlareOne\",\"description\":\"Wyposa\u017cenie Studia\",\"publisher\":{\"@id\":\"https:\/\/glareone.eu\/de\/en\/#organization\"},\"potentialAction\":[{\"@type\":\"SearchAction\",\"target\":{\"@type\":\"EntryPoint\",\"urlTemplate\":\"https:\/\/glareone.eu\/de\/en\/?s={search_term_string}\"},\"query-input\":{\"@type\":\"PropertyValueSpecification\",\"valueRequired\":true,\"valueName\":\"search_term_string\"}}],\"inLanguage\":\"de\"},{\"@type\":\"Organization\",\"@id\":\"https:\/\/glareone.eu\/de\/en\/#organization\",\"name\":\"GlareOne\",\"url\":\"https:\/\/glareone.eu\/de\/en\/\",\"logo\":{\"@type\":\"ImageObject\",\"inLanguage\":\"de\",\"@id\":\"https:\/\/glareone.eu\/de\/en\/#\/schema\/logo\/image\/\",\"url\":\"http:\/\/glareone.eu\/wp-content\/uploads\/2024\/05\/glareone_logo2020_RGB-01-e1715773127189.png\",\"contentUrl\":\"http:\/\/glareone.eu\/wp-content\/uploads\/2024\/05\/glareone_logo2020_RGB-01-e1715773127189.png\",\"width\":1270,\"height\":321,\"caption\":\"GlareOne\"},\"image\":{\"@id\":\"https:\/\/glareone.eu\/de\/en\/#\/schema\/logo\/image\/\"},\"sameAs\":[\"https:\/\/www.facebook.com\/GlareOneLighting\",\"https:\/\/www.instagram.com\/glareonelighting\/\",\"https:\/\/www.youtube.com\/@GlareOneTV\"]}]}<\/script>\n<!-- \/ Yoast SEO plugin. -->","yoast_head_json":{"title":"GlareOne LED 160 BiColor D","description":"GlareOne LED 160 BiColor D","robots":{"index":"index","follow":"follow","max-snippet":"max-snippet:-1","max-image-preview":"max-image-preview:large","max-video-preview":"max-video-preview:-1"},"canonical":"https:\/\/glareone.eu\/de\/product\/glareone-led-160-bicolor-d\/","og_locale":"de_DE","og_type":"article","og_title":"GlareOne LED 160 BiColor D","og_description":"GlareOne LED 160 BiColor D","og_url":"https:\/\/glareone.eu\/de\/product\/glareone-led-160-bicolor-d\/","og_site_name":"GlareOne","article_publisher":"https:\/\/www.facebook.com\/GlareOneLighting","article_modified_time":"2025-10-30T09:11:31+00:00","og_image":[{"width":1200,"height":1200,"url":"https:\/\/glareone.eu\/wp-content\/uploads\/2024\/04\/GlareOne-LED-160-BiColor-002.jpg","type":"image\/jpeg"}],"twitter_card":"summary_large_image","twitter_title":"GlareOne LED 160 BiColor D","twitter_misc":{"Gesch\u00e4tzte Lesezeit":"3\u00a0Minuten"},"schema":{"@context":"https:\/\/schema.org","@graph":[{"@type":"WebPage","@id":"https:\/\/glareone.eu\/de\/product\/glareone-led-160-bicolor-d\/","url":"https:\/\/glareone.eu\/de\/product\/glareone-led-160-bicolor-d\/","name":"GlareOne LED 160 BiColor D","isPartOf":{"@id":"https:\/\/glareone.eu\/de\/en\/#website"},"primaryImageOfPage":{"@id":"https:\/\/glareone.eu\/de\/product\/glareone-led-160-bicolor-d\/#primaryimage"},"image":{"@id":"https:\/\/glareone.eu\/de\/product\/glareone-led-160-bicolor-d\/#primaryimage"},"thumbnailUrl":"https:\/\/glareone.eu\/wp-content\/uploads\/2024\/04\/GlareOne-LED-160-BiColor-002.jpg","datePublished":"2024-04-18T19:26:31+00:00","dateModified":"2025-10-30T09:11:31+00:00","description":"GlareOne LED 160 BiColor D","breadcrumb":{"@id":"https:\/\/glareone.eu\/de\/product\/glareone-led-160-bicolor-d\/#breadcrumb"},"inLanguage":"de","potentialAction":[{"@type":"ReadAction","target":["https:\/\/glareone.eu\/de\/product\/glareone-led-160-bicolor-d\/"]}]},{"@type":"ImageObject","inLanguage":"de","@id":"https:\/\/glareone.eu\/de\/product\/glareone-led-160-bicolor-d\/#primaryimage","url":"https:\/\/glareone.eu\/wp-content\/uploads\/2024\/04\/GlareOne-LED-160-BiColor-002.jpg","contentUrl":"https:\/\/glareone.eu\/wp-content\/uploads\/2024\/04\/GlareOne-LED-160-BiColor-002.jpg","width":1200,"height":1200},{"@type":"BreadcrumbList","@id":"https:\/\/glareone.eu\/de\/product\/glareone-led-160-bicolor-d\/#breadcrumb","itemListElement":[{"@type":"ListItem","position":1,"name":"Strona g\u0142\u00f3wna","item":"https:\/\/glareone.eu\/de\/"},{"@type":"ListItem","position":2,"name":"Alle Produkte","item":"https:\/\/glareone.eu\/de\/produkte\/alle-produkte\/"},{"@type":"ListItem","position":3,"name":"GlareOne LED 160 BiColor D"}]},{"@type":"WebSite","@id":"https:\/\/glareone.eu\/de\/en\/#website","url":"https:\/\/glareone.eu\/de\/en\/","name":"GlareOne","description":"Wyposa\u017cenie Studia","publisher":{"@id":"https:\/\/glareone.eu\/de\/en\/#organization"},"potentialAction":[{"@type":"SearchAction","target":{"@type":"EntryPoint","urlTemplate":"https:\/\/glareone.eu\/de\/en\/?s={search_term_string}"},"query-input":{"@type":"PropertyValueSpecification","valueRequired":true,"valueName":"search_term_string"}}],"inLanguage":"de"},{"@type":"Organization","@id":"https:\/\/glareone.eu\/de\/en\/#organization","name":"GlareOne","url":"https:\/\/glareone.eu\/de\/en\/","logo":{"@type":"ImageObject","inLanguage":"de","@id":"https:\/\/glareone.eu\/de\/en\/#\/schema\/logo\/image\/","url":"http:\/\/glareone.eu\/wp-content\/uploads\/2024\/05\/glareone_logo2020_RGB-01-e1715773127189.png","contentUrl":"http:\/\/glareone.eu\/wp-content\/uploads\/2024\/05\/glareone_logo2020_RGB-01-e1715773127189.png","width":1270,"height":321,"caption":"GlareOne"},"image":{"@id":"https:\/\/glareone.eu\/de\/en\/#\/schema\/logo\/image\/"},"sameAs":["https:\/\/www.facebook.com\/GlareOneLighting","https:\/\/www.instagram.com\/glareonelighting\/","https:\/\/www.youtube.com\/@GlareOneTV"]}]}},"_links":{"self":[{"href":"https:\/\/glareone.eu\/de\/wp-json\/wp\/v2\/product\/2776","targetHints":{"allow":["GET"]}}],"collection":[{"href":"https:\/\/glareone.eu\/de\/wp-json\/wp\/v2\/product"}],"about":[{"href":"https:\/\/glareone.eu\/de\/wp-json\/wp\/v2\/types\/product"}],"wp:featuredmedia":[{"embeddable":true,"href":"https:\/\/glareone.eu\/de\/wp-json\/wp\/v2\/media\/1504"}],"wp:attachment":[{"href":"https:\/\/glareone.eu\/de\/wp-json\/wp\/v2\/media?parent=2776"}],"wp:term":[{"taxonomy":"product_brand","embeddable":true,"href":"https:\/\/glareone.eu\/de\/wp-json\/wp\/v2\/product_brand?post=2776"},{"taxonomy":"product_cat","embeddable":true,"href":"https:\/\/glareone.eu\/de\/wp-json\/wp\/v2\/product_cat?post=2776"},{"taxonomy":"product_tag","embeddable":true,"href":"https:\/\/glareone.eu\/de\/wp-json\/wp\/v2\/product_tag?post=2776"}],"curies":[{"name":"wp","href":"https:\/\/api.w.org\/{rel}","templated":true}]}}