{"id":2755,"date":"2024-04-18T19:26:31","date_gmt":"2024-04-18T19:26:31","guid":{"rendered":"http:\/\/glareone.eu\/produkt\/glareone-spotlight-150mm\/"},"modified":"2024-06-17T07:49:43","modified_gmt":"2024-06-17T07:49:43","slug":"glareone-spotlight-150mm","status":"publish","type":"product","link":"https:\/\/glareone.eu\/de\/product\/glareone-spotlight-150mm\/","title":{"rendered":"GlareOne Spotlight 150mm &#8211; Projektionsobjektiv"},"content":{"rendered":"<p>Die GlareOne Spotlight 150 mm ist ein Objektiv, das in Zusammenarbeit mit Piotr Werner entwickelt wurde &#8211; dem langj\u00e4hrigen Markenbotschafter von GlareOne. Piotr Werner kreiert Bilder, die viel Charakter haben und dabei mit Licht spielt. Die GlareOne Spotlight 150 mm erm\u00f6glicht Experimente mit Licht und das Erzielen interessanter Effekte in Fotografien.<\/p>\n<p>Das Objektiv ist kompatibel mit der GlareOne Spotlight Snoot-Basis. Die Konstruktion besteht aus Metall und verf\u00fcgt \u00fcber die M\u00f6glichkeit, den Fokus des projizierten Bildes anzupassen.<\/p>\n<h3>GlareOne-Objektive<\/h3>\n<p>Die Objektive im Angebot von GlareOne sind Apochromat-Objektive mit einer Brennweite von 50, 85 und 150 mm, was sehr scharfe Kanten von Licht und Schatten erm\u00f6glicht. Dies ist \u00e4u\u00dferst wichtig, wenn Sie volle Kontrolle \u00fcber die Beleuchtung am Set haben m\u00f6chten. Dar\u00fcber hinaus ist das Objektiv so konzipiert, dass chromatische Aberrationen minimiert werden, die zu Farbstichen f\u00fchren k\u00f6nnen.<\/p>\n<h3>Kompatibilit\u00e4t<\/h3>\n<div>Optische Snoots werden f\u00fcr die Verwendung mit Dauerlichtlampen empfohlen. Mit LED-Lampen wird ein gleichm\u00e4\u00dfiges Lichtbild projiziert. Spotlight kann auch mit Blitzlampen verwendet werden. Es ist jedoch wichtig zu wissen, dass bei der Verwendung des Spotlights mit Blitzlampen wie Vega oder Antares aufgrund der physikalischen Struktur der Blitzr\u00f6hre der projizierte Lichtkreis im mittleren Teil etwas dunkler sein kann.<\/div>\n<h3>Farben<\/h3>\n<p>Das Objektiv wird mit einem Satz von f\u00fcnf Grundfarbfiltern und einem speziell gestalteten Filterhalter geliefert, mit dem sie vorne am Objektiv befestigt werden k\u00f6nnen. Dadurch wird die Verwendung der Filter mit Schnappverschl\u00fcssen und Effektmasken erleichtert.<\/p>\n<h3>EF-Bajonett<\/h3>\n<p>GlareOne-Objektive verf\u00fcgen \u00fcber ein EF-Bajonett und sind kompatibel mit der GlareOne Spotlight Snoot-Basis.<\/p>\n<h3>Produktmerkmale:<\/h3>\n<ul>\n<li>Objektiv vom Typ 150 mm Apochromat.<\/li>\n<li>Mindesteinstellentfernung von 100 cm.<\/li>\n<li>minimale chromatische Aberration und hohe Sch\u00e4rfe.<\/li>\n<li>wird mit f\u00fcnf Farbfiltern und einer Halterung geliefert.<\/li>\n<li>Geh\u00e4use im Lieferumfang enthalten.<\/li>\n<\/ul>\n","protected":false},"excerpt":{"rendered":"<p>Die GlareOne Spotlight 150 mm ist ein Objektiv, das in Zusammenarbeit mit Piotr Werner entwickelt wurde &#8211; dem langj\u00e4hrigen Markenbotschafter von GlareOne. Piotr Werner kreiert Bilder, die viel Charakter haben und dabei mit Licht spielt. Die GlareOne Spotlight 150 mm erm\u00f6glicht Experimente mit Licht und das Erzielen interessanter Effekte in Fotografien. Das Objektiv ist kompatibel [&hellip;]<\/p>\n","protected":false},"featured_media":2343,"template":"","meta":[],"product_brand":[],"product_cat":[395],"product_tag":[],"class_list":{"0":"post-2755","1":"product","2":"type-product","3":"status-publish","4":"has-post-thumbnail","6":"product_cat-snoot-base-und-projektionslinsen","8":"first","9":"instock","10":"product-type-simple"},"yoast_head":"<!-- This site is optimized with the Yoast SEO plugin v27.2 - https:\/\/yoast.com\/product\/yoast-seo-wordpress\/ -->\n<title>GlareOne Spotlight 150mm - obiektyw projekcyjny<\/title>\n<meta name=\"description\" content=\"GlareOne Spotlight 150mm - obiektyw projekcyjny\" \/>\n<meta name=\"robots\" content=\"index, follow, max-snippet:-1, max-image-preview:large, max-video-preview:-1\" \/>\n<link rel=\"canonical\" href=\"https:\/\/glareone.eu\/de\/product\/glareone-spotlight-150mm\/\" \/>\n<meta property=\"og:locale\" content=\"de_DE\" \/>\n<meta property=\"og:type\" content=\"article\" \/>\n<meta property=\"og:title\" content=\"GlareOne Spotlight 150mm - obiektyw projekcyjny\" \/>\n<meta property=\"og:description\" content=\"GlareOne Spotlight 150mm - obiektyw projekcyjny\" \/>\n<meta property=\"og:url\" content=\"https:\/\/glareone.eu\/de\/product\/glareone-spotlight-150mm\/\" \/>\n<meta property=\"og:site_name\" content=\"GlareOne\" \/>\n<meta property=\"article:publisher\" content=\"https:\/\/www.facebook.com\/GlareOneLighting\" \/>\n<meta property=\"article:modified_time\" content=\"2024-06-17T07:49:43+00:00\" \/>\n<meta property=\"og:image\" content=\"https:\/\/glareone.eu\/wp-content\/uploads\/2024\/04\/SSPOTLIGHT150L_01.jpg\" \/>\n\t<meta property=\"og:image:width\" content=\"1200\" \/>\n\t<meta property=\"og:image:height\" content=\"1200\" \/>\n\t<meta property=\"og:image:type\" content=\"image\/jpeg\" \/>\n<meta name=\"twitter:card\" content=\"summary_large_image\" \/>\n<meta name=\"twitter:title\" content=\"GlareOne Spotlight 150mm - obiektyw projekcyjny\" \/>\n<meta name=\"twitter:label1\" content=\"Gesch\u00e4tzte Lesezeit\" \/>\n\t<meta name=\"twitter:data1\" content=\"1\u00a0Minute\" \/>\n<script type=\"application\/ld+json\" class=\"yoast-schema-graph\">{\"@context\":\"https:\/\/schema.org\",\"@graph\":[{\"@type\":\"WebPage\",\"@id\":\"https:\/\/glareone.eu\/de\/product\/glareone-spotlight-150mm\/\",\"url\":\"https:\/\/glareone.eu\/de\/product\/glareone-spotlight-150mm\/\",\"name\":\"GlareOne Spotlight 150mm - obiektyw projekcyjny\",\"isPartOf\":{\"@id\":\"https:\/\/glareone.eu\/de\/en\/#website\"},\"primaryImageOfPage\":{\"@id\":\"https:\/\/glareone.eu\/de\/product\/glareone-spotlight-150mm\/#primaryimage\"},\"image\":{\"@id\":\"https:\/\/glareone.eu\/de\/product\/glareone-spotlight-150mm\/#primaryimage\"},\"thumbnailUrl\":\"https:\/\/glareone.eu\/wp-content\/uploads\/2024\/04\/SSPOTLIGHT150L_01.jpg\",\"datePublished\":\"2024-04-18T19:26:31+00:00\",\"dateModified\":\"2024-06-17T07:49:43+00:00\",\"description\":\"GlareOne Spotlight 150mm - obiektyw projekcyjny\",\"breadcrumb\":{\"@id\":\"https:\/\/glareone.eu\/de\/product\/glareone-spotlight-150mm\/#breadcrumb\"},\"inLanguage\":\"de\",\"potentialAction\":[{\"@type\":\"ReadAction\",\"target\":[\"https:\/\/glareone.eu\/de\/product\/glareone-spotlight-150mm\/\"]}]},{\"@type\":\"ImageObject\",\"inLanguage\":\"de\",\"@id\":\"https:\/\/glareone.eu\/de\/product\/glareone-spotlight-150mm\/#primaryimage\",\"url\":\"https:\/\/glareone.eu\/wp-content\/uploads\/2024\/04\/SSPOTLIGHT150L_01.jpg\",\"contentUrl\":\"https:\/\/glareone.eu\/wp-content\/uploads\/2024\/04\/SSPOTLIGHT150L_01.jpg\",\"width\":1200,\"height\":1200},{\"@type\":\"BreadcrumbList\",\"@id\":\"https:\/\/glareone.eu\/de\/product\/glareone-spotlight-150mm\/#breadcrumb\",\"itemListElement\":[{\"@type\":\"ListItem\",\"position\":1,\"name\":\"Strona g\u0142\u00f3wna\",\"item\":\"https:\/\/glareone.eu\/de\/\"},{\"@type\":\"ListItem\",\"position\":2,\"name\":\"Alle Produkte\",\"item\":\"https:\/\/glareone.eu\/de\/produkte\/alle-produkte\/\"},{\"@type\":\"ListItem\",\"position\":3,\"name\":\"GlareOne Spotlight 150mm &#8211; Projektionsobjektiv\"}]},{\"@type\":\"WebSite\",\"@id\":\"https:\/\/glareone.eu\/de\/en\/#website\",\"url\":\"https:\/\/glareone.eu\/de\/en\/\",\"name\":\"GlareOne\",\"description\":\"Wyposa\u017cenie Studia\",\"publisher\":{\"@id\":\"https:\/\/glareone.eu\/de\/en\/#organization\"},\"potentialAction\":[{\"@type\":\"SearchAction\",\"target\":{\"@type\":\"EntryPoint\",\"urlTemplate\":\"https:\/\/glareone.eu\/de\/en\/?s={search_term_string}\"},\"query-input\":{\"@type\":\"PropertyValueSpecification\",\"valueRequired\":true,\"valueName\":\"search_term_string\"}}],\"inLanguage\":\"de\"},{\"@type\":\"Organization\",\"@id\":\"https:\/\/glareone.eu\/de\/en\/#organization\",\"name\":\"GlareOne\",\"url\":\"https:\/\/glareone.eu\/de\/en\/\",\"logo\":{\"@type\":\"ImageObject\",\"inLanguage\":\"de\",\"@id\":\"https:\/\/glareone.eu\/de\/en\/#\/schema\/logo\/image\/\",\"url\":\"http:\/\/glareone.eu\/wp-content\/uploads\/2024\/05\/glareone_logo2020_RGB-01-e1715773127189.png\",\"contentUrl\":\"http:\/\/glareone.eu\/wp-content\/uploads\/2024\/05\/glareone_logo2020_RGB-01-e1715773127189.png\",\"width\":1270,\"height\":321,\"caption\":\"GlareOne\"},\"image\":{\"@id\":\"https:\/\/glareone.eu\/de\/en\/#\/schema\/logo\/image\/\"},\"sameAs\":[\"https:\/\/www.facebook.com\/GlareOneLighting\",\"https:\/\/www.instagram.com\/glareonelighting\/\",\"https:\/\/www.youtube.com\/@GlareOneTV\"]}]}<\/script>\n<!-- \/ Yoast SEO plugin. -->","yoast_head_json":{"title":"GlareOne Spotlight 150mm - obiektyw projekcyjny","description":"GlareOne Spotlight 150mm - obiektyw projekcyjny","robots":{"index":"index","follow":"follow","max-snippet":"max-snippet:-1","max-image-preview":"max-image-preview:large","max-video-preview":"max-video-preview:-1"},"canonical":"https:\/\/glareone.eu\/de\/product\/glareone-spotlight-150mm\/","og_locale":"de_DE","og_type":"article","og_title":"GlareOne Spotlight 150mm - obiektyw projekcyjny","og_description":"GlareOne Spotlight 150mm - obiektyw projekcyjny","og_url":"https:\/\/glareone.eu\/de\/product\/glareone-spotlight-150mm\/","og_site_name":"GlareOne","article_publisher":"https:\/\/www.facebook.com\/GlareOneLighting","article_modified_time":"2024-06-17T07:49:43+00:00","og_image":[{"width":1200,"height":1200,"url":"https:\/\/glareone.eu\/wp-content\/uploads\/2024\/04\/SSPOTLIGHT150L_01.jpg","type":"image\/jpeg"}],"twitter_card":"summary_large_image","twitter_title":"GlareOne Spotlight 150mm - obiektyw projekcyjny","twitter_misc":{"Gesch\u00e4tzte Lesezeit":"1\u00a0Minute"},"schema":{"@context":"https:\/\/schema.org","@graph":[{"@type":"WebPage","@id":"https:\/\/glareone.eu\/de\/product\/glareone-spotlight-150mm\/","url":"https:\/\/glareone.eu\/de\/product\/glareone-spotlight-150mm\/","name":"GlareOne Spotlight 150mm - obiektyw projekcyjny","isPartOf":{"@id":"https:\/\/glareone.eu\/de\/en\/#website"},"primaryImageOfPage":{"@id":"https:\/\/glareone.eu\/de\/product\/glareone-spotlight-150mm\/#primaryimage"},"image":{"@id":"https:\/\/glareone.eu\/de\/product\/glareone-spotlight-150mm\/#primaryimage"},"thumbnailUrl":"https:\/\/glareone.eu\/wp-content\/uploads\/2024\/04\/SSPOTLIGHT150L_01.jpg","datePublished":"2024-04-18T19:26:31+00:00","dateModified":"2024-06-17T07:49:43+00:00","description":"GlareOne Spotlight 150mm - obiektyw projekcyjny","breadcrumb":{"@id":"https:\/\/glareone.eu\/de\/product\/glareone-spotlight-150mm\/#breadcrumb"},"inLanguage":"de","potentialAction":[{"@type":"ReadAction","target":["https:\/\/glareone.eu\/de\/product\/glareone-spotlight-150mm\/"]}]},{"@type":"ImageObject","inLanguage":"de","@id":"https:\/\/glareone.eu\/de\/product\/glareone-spotlight-150mm\/#primaryimage","url":"https:\/\/glareone.eu\/wp-content\/uploads\/2024\/04\/SSPOTLIGHT150L_01.jpg","contentUrl":"https:\/\/glareone.eu\/wp-content\/uploads\/2024\/04\/SSPOTLIGHT150L_01.jpg","width":1200,"height":1200},{"@type":"BreadcrumbList","@id":"https:\/\/glareone.eu\/de\/product\/glareone-spotlight-150mm\/#breadcrumb","itemListElement":[{"@type":"ListItem","position":1,"name":"Strona g\u0142\u00f3wna","item":"https:\/\/glareone.eu\/de\/"},{"@type":"ListItem","position":2,"name":"Alle Produkte","item":"https:\/\/glareone.eu\/de\/produkte\/alle-produkte\/"},{"@type":"ListItem","position":3,"name":"GlareOne Spotlight 150mm &#8211; Projektionsobjektiv"}]},{"@type":"WebSite","@id":"https:\/\/glareone.eu\/de\/en\/#website","url":"https:\/\/glareone.eu\/de\/en\/","name":"GlareOne","description":"Wyposa\u017cenie Studia","publisher":{"@id":"https:\/\/glareone.eu\/de\/en\/#organization"},"potentialAction":[{"@type":"SearchAction","target":{"@type":"EntryPoint","urlTemplate":"https:\/\/glareone.eu\/de\/en\/?s={search_term_string}"},"query-input":{"@type":"PropertyValueSpecification","valueRequired":true,"valueName":"search_term_string"}}],"inLanguage":"de"},{"@type":"Organization","@id":"https:\/\/glareone.eu\/de\/en\/#organization","name":"GlareOne","url":"https:\/\/glareone.eu\/de\/en\/","logo":{"@type":"ImageObject","inLanguage":"de","@id":"https:\/\/glareone.eu\/de\/en\/#\/schema\/logo\/image\/","url":"http:\/\/glareone.eu\/wp-content\/uploads\/2024\/05\/glareone_logo2020_RGB-01-e1715773127189.png","contentUrl":"http:\/\/glareone.eu\/wp-content\/uploads\/2024\/05\/glareone_logo2020_RGB-01-e1715773127189.png","width":1270,"height":321,"caption":"GlareOne"},"image":{"@id":"https:\/\/glareone.eu\/de\/en\/#\/schema\/logo\/image\/"},"sameAs":["https:\/\/www.facebook.com\/GlareOneLighting","https:\/\/www.instagram.com\/glareonelighting\/","https:\/\/www.youtube.com\/@GlareOneTV"]}]}},"_links":{"self":[{"href":"https:\/\/glareone.eu\/de\/wp-json\/wp\/v2\/product\/2755","targetHints":{"allow":["GET"]}}],"collection":[{"href":"https:\/\/glareone.eu\/de\/wp-json\/wp\/v2\/product"}],"about":[{"href":"https:\/\/glareone.eu\/de\/wp-json\/wp\/v2\/types\/product"}],"wp:featuredmedia":[{"embeddable":true,"href":"https:\/\/glareone.eu\/de\/wp-json\/wp\/v2\/media\/2343"}],"wp:attachment":[{"href":"https:\/\/glareone.eu\/de\/wp-json\/wp\/v2\/media?parent=2755"}],"wp:term":[{"taxonomy":"product_brand","embeddable":true,"href":"https:\/\/glareone.eu\/de\/wp-json\/wp\/v2\/product_brand?post=2755"},{"taxonomy":"product_cat","embeddable":true,"href":"https:\/\/glareone.eu\/de\/wp-json\/wp\/v2\/product_cat?post=2755"},{"taxonomy":"product_tag","embeddable":true,"href":"https:\/\/glareone.eu\/de\/wp-json\/wp\/v2\/product_tag?post=2755"}],"curies":[{"name":"wp","href":"https:\/\/api.w.org\/{rel}","templated":true}]}}