{"id":2748,"date":"2024-04-18T19:26:31","date_gmt":"2024-04-18T19:26:31","guid":{"rendered":"http:\/\/glareone.eu\/produkt\/glareone-antares-600\/"},"modified":"2024-05-23T10:44:06","modified_gmt":"2024-05-23T10:44:06","slug":"glareone-antares-600","status":"publish","type":"product","link":"https:\/\/glareone.eu\/de\/product\/glareone-antares-600\/","title":{"rendered":"GlareOne Antares 600"},"content":{"rendered":"<p>Professioneller Studio-Blitz der Klasse 600Ws mit LED-Modellierungslampe, 6 Blendenstufen f\u00fcr die Leistungseinstellung, robustem und solidem Geh\u00e4use, Bowens-Montage und integrierter drahtloser Steuerung und Ausl\u00f6sung.<\/p>\n<h3>Hochleistung<\/h3>\n<p>Der Antares 600 ist ein \u00e4u\u00dferst effizienter Studio-Blitz, der ideal f\u00fcr professionelle Anwendungen geeignet ist. Seine hohe Leistung, die solide Ausgangsstabilit\u00e4t und die kurze Ladezeit bedeuten, dass selbst lange und anspruchsvolle Fotoshootings reibungslos ablaufen.<\/p>\n<h3>Vielseitigkeit<\/h3>\n<p>Der Bereich der Blitzenergieeinstellung umfasst 6 Blendenstufen. Sie k\u00f6nnen die Blitzleistung leicht anpassen, um Ihr Motiv mit einer pr\u00e4zise eingestellten Lichtmenge zu beleuchten, und die gro\u00dfe Blenden\u00f6ffnung Ihres Objektivs verwenden, um eine geringe Tiefensch\u00e4rfe zu erhalten. Gleichzeitig k\u00f6nnen Sie auch eine geschlossene Blenden\u00f6ffnung verwenden, wenn eine gro\u00dfe Tiefensch\u00e4rfe entscheidend ist. Die Ausgangsskala hat 60 Schritte in 0,1er Blendenstufen, sodass Sie die Leistung genau nach Ihren W\u00fcnschen anpassen k\u00f6nnen.<\/p>\n<h3>Funksteuerung<\/h3>\n<p>Der Antares 600 ist mit einem Empf\u00e4nger ausgestattet, der direkt mit dem GlareOne-Blitzsender kommuniziert. Es ist keine zus\u00e4tzlichen Dongles oder Kabel erforderlich. Sie k\u00f6nnen die Blitzenergieausgabe ferngesteuert \u00fcber Ihren mit der Kamera verbundenen Sender einstellen. Wenn der Ausl\u00f6ser gedr\u00fcckt wird, l\u00f6st die Kamera automatisch den Blitz aus, sodass Ihre Arbeit reibungslos und effizient verl\u00e4uft.<\/p>\n<h3>LED-Pilotlicht<\/h3>\n<p>Der Blitz ist mit einer LED-Pilotlampe mit einer maximalen Leistung von 25W ausgestattet. Dies ist eine moderne L\u00f6sung, die effizienter, kleiner, langlebiger &#8211; und was am wichtigsten ist &#8211; sicherer ist als die weit verbreiteten Halogenlampen. Das Antares-Pilotlicht kann im proportionalen Modus arbeiten, der mit der von uns eingestellten Blitzenergie zusammenh\u00e4ngt, kann aber auch dauerhaft auf volle Leistung oder ganz ausgeschaltet werden.<\/p>\n<h3>Einfachheit<\/h3>\n<p>Die R\u00fcckseite ist mit einem klaren und hellen LCD-Bildschirm ausgestattet, der die wichtigsten Parameter anzeigt. Die Grundbedienung ist intuitiv und sehr leicht zu erlernen. Die \u00c4nderung der Blitzenergieeinstellungen oder des Betriebsmodus der Pilotlampe erfolgt \u00fcber einen Drehknopf und nur wenige Tasten. All dies bedeutet, dass Sie sehr schnell lernen k\u00f6nnen, wie Sie die Lampe verwenden.<\/p>\n<h3>Lichtformer<\/h3>\n<p>Der Antares 600 ist mit einem Bowens-Typ-Montage ausgestattet, der es Ihnen erm\u00f6glicht, eine \u00e4u\u00dferst breite Palette von Zubeh\u00f6r und Lichtformwerkzeugen zu verwenden. Sie k\u00f6nnen Softboxen unterschiedlicher Gr\u00f6\u00dfen und Formen, Reflektoren, Snoots, Barndoors und viele andere Anh\u00e4nge verwenden. Dar\u00fcber hinaus k\u00f6nnen Sie den Antares 600 dank des integrierten Schirmhalters auch zusammen mit einer beliebigen Schirmgr\u00f6\u00dfe verwenden.<\/p>\n<h3>Robust und gut gestaltet<\/h3>\n<p>Alle Teile des Geh\u00e4uses, die f\u00fcr die Langlebigkeit und Gesamthaltbarkeit des Blitzes entscheidend sind, bestehen aus Metall. Der Verriegelungshebel des Lichtmodifikators ist gro\u00df und einfach zu l\u00f6sen, wenn n\u00f6tig. Der Griff des Blitzes ist ergonomisch gestaltet, um Ihnen ein gutes Gef\u00fchl w\u00e4hrend des Fotoshootings zu geben. Der LCD-Bildschirm ist nicht nur gro\u00df, sondern auch aus jedem Winkel leicht lesbar. Etwas, das n\u00fctzlich sein kann, wenn der Blitz auf einem Ausleger platziert ist oder hoch \u00fcber Ihrem Kopf an einer Deckenhalterung befestigt ist.<\/p>\n<h3>GlareOne Antares 600 Eigenschaften:<\/h3>\n<ul>\n<li>AC-betriebener professioneller Studio-Blitz der Klasse 600Ws.<\/li>\n<li>Robuste und solide, komplett aus Metall gefertigte Standhalterung und Geh\u00e4usedesign.<\/li>\n<li>Quelle f\u00fcr hochwertiges Tageslicht ausgewogenes Licht (5500\u00b1200K) \u00fcber den gesamten Leistungsbereich.<\/li>\n<li>Flexible und pr\u00e4zise Ausgangsanpassung im Bereich von 6 Blendenstufen (60 Schritte in 0,1er Schritten).<\/li>\n<li>Schnelle Ladezeiten von ca. 0,9 Sekunden bei voller Leistung.<\/li>\n<li>Mit 25W LED-Modellierungslampe ausgestattet.<\/li>\n<li>Ausgestattet mit Bowens-Montage f\u00fcr eine Vielzahl von Lichtformungsaccessoires.<\/li>\n<li>Kann drahtlos \u00fcber zus\u00e4tzliche GlareOne-Fernbedienungen gesteuert werden.<\/li>\n<li>Bis zu 32 Funkkan\u00e4le und 16 Gruppen in der drahtlosen Steuerung verf\u00fcgbar.<\/li>\n<li>Kann \u00fcber optischen Slave oder Standard-3,5-mm-Synchronkabel ausgel\u00f6st werden.<\/li>\n<li>Ausgestattet mit aktivem K\u00fchlsystem und automatischem \u00dcberhitzungsschutz.<\/li>\n<li>Eingebauter Neigungskopf mit integriertem Schirmhalter.<\/li>\n<li>Bequemer Griff f\u00fcr einfache Neigungsverstellung und Tragbarkeit.<\/li>\n<\/ul>\n","protected":false},"excerpt":{"rendered":"<p>Professioneller Studio-Blitz der Klasse 600Ws mit LED-Modellierungslampe, 6 Blendenstufen f\u00fcr die Leistungseinstellung, robustem und solidem Geh\u00e4use, Bowens-Montage und integrierter drahtloser Steuerung und Ausl\u00f6sung. Hochleistung Der Antares 600 ist ein \u00e4u\u00dferst effizienter Studio-Blitz, der ideal f\u00fcr professionelle Anwendungen geeignet ist. Seine hohe Leistung, die solide Ausgangsstabilit\u00e4t und die kurze Ladezeit bedeuten, dass selbst lange und anspruchsvolle [&hellip;]<\/p>\n","protected":false},"featured_media":1454,"template":"","meta":[],"product_brand":[],"product_cat":[380],"product_tag":[],"class_list":{"0":"post-2748","1":"product","2":"type-product","3":"status-publish","4":"has-post-thumbnail","6":"product_cat-antares-de","8":"first","9":"instock","10":"product-type-simple"},"yoast_head":"<!-- This site is optimized with the Yoast SEO plugin v27.2 - https:\/\/yoast.com\/product\/yoast-seo-wordpress\/ -->\n<title>GlareOne Antares 600<\/title>\n<meta name=\"description\" content=\"GlareOne Antares 600 ist eine professionelle Studioblitzlampe mit 600 Ws, ausgestattet mit einem LED-Pilotlicht und einer Bowens-Halterung.\" \/>\n<meta name=\"robots\" content=\"index, follow, max-snippet:-1, max-image-preview:large, max-video-preview:-1\" \/>\n<link rel=\"canonical\" href=\"https:\/\/glareone.eu\/de\/product\/glareone-antares-600\/\" \/>\n<meta property=\"og:locale\" content=\"de_DE\" \/>\n<meta property=\"og:type\" content=\"article\" \/>\n<meta property=\"og:title\" content=\"GlareOne Antares 600\" \/>\n<meta property=\"og:description\" content=\"GlareOne Antares 600 ist eine professionelle Studioblitzlampe mit 600 Ws, ausgestattet mit einem LED-Pilotlicht und einer Bowens-Halterung.\" \/>\n<meta property=\"og:url\" content=\"https:\/\/glareone.eu\/de\/product\/glareone-antares-600\/\" \/>\n<meta property=\"og:site_name\" content=\"GlareOne\" \/>\n<meta property=\"article:publisher\" content=\"https:\/\/www.facebook.com\/GlareOneLighting\" \/>\n<meta property=\"article:modified_time\" content=\"2024-05-23T10:44:06+00:00\" \/>\n<meta property=\"og:image\" content=\"https:\/\/glareone.eu\/wp-content\/uploads\/2024\/04\/GlareOne-Antares-600-01.jpg\" \/>\n\t<meta property=\"og:image:width\" content=\"1200\" \/>\n\t<meta property=\"og:image:height\" content=\"1200\" \/>\n\t<meta property=\"og:image:type\" content=\"image\/jpeg\" \/>\n<meta name=\"twitter:card\" content=\"summary_large_image\" \/>\n<meta name=\"twitter:title\" content=\"GlareOne Antares 600\" \/>\n<meta name=\"twitter:label1\" content=\"Gesch\u00e4tzte Lesezeit\" \/>\n\t<meta name=\"twitter:data1\" content=\"3\u00a0Minuten\" \/>\n<script type=\"application\/ld+json\" class=\"yoast-schema-graph\">{\"@context\":\"https:\/\/schema.org\",\"@graph\":[{\"@type\":\"WebPage\",\"@id\":\"https:\/\/glareone.eu\/de\/product\/glareone-antares-600\/\",\"url\":\"https:\/\/glareone.eu\/de\/product\/glareone-antares-600\/\",\"name\":\"GlareOne Antares 600\",\"isPartOf\":{\"@id\":\"https:\/\/glareone.eu\/de\/en\/#website\"},\"primaryImageOfPage\":{\"@id\":\"https:\/\/glareone.eu\/de\/product\/glareone-antares-600\/#primaryimage\"},\"image\":{\"@id\":\"https:\/\/glareone.eu\/de\/product\/glareone-antares-600\/#primaryimage\"},\"thumbnailUrl\":\"https:\/\/glareone.eu\/wp-content\/uploads\/2024\/04\/GlareOne-Antares-600-01.jpg\",\"datePublished\":\"2024-04-18T19:26:31+00:00\",\"dateModified\":\"2024-05-23T10:44:06+00:00\",\"description\":\"GlareOne Antares 600 ist eine professionelle Studioblitzlampe mit 600 Ws, ausgestattet mit einem LED-Pilotlicht und einer Bowens-Halterung.\",\"breadcrumb\":{\"@id\":\"https:\/\/glareone.eu\/de\/product\/glareone-antares-600\/#breadcrumb\"},\"inLanguage\":\"de\",\"potentialAction\":[{\"@type\":\"ReadAction\",\"target\":[\"https:\/\/glareone.eu\/de\/product\/glareone-antares-600\/\"]}]},{\"@type\":\"ImageObject\",\"inLanguage\":\"de\",\"@id\":\"https:\/\/glareone.eu\/de\/product\/glareone-antares-600\/#primaryimage\",\"url\":\"https:\/\/glareone.eu\/wp-content\/uploads\/2024\/04\/GlareOne-Antares-600-01.jpg\",\"contentUrl\":\"https:\/\/glareone.eu\/wp-content\/uploads\/2024\/04\/GlareOne-Antares-600-01.jpg\",\"width\":1200,\"height\":1200},{\"@type\":\"BreadcrumbList\",\"@id\":\"https:\/\/glareone.eu\/de\/product\/glareone-antares-600\/#breadcrumb\",\"itemListElement\":[{\"@type\":\"ListItem\",\"position\":1,\"name\":\"Strona g\u0142\u00f3wna\",\"item\":\"https:\/\/glareone.eu\/de\/\"},{\"@type\":\"ListItem\",\"position\":2,\"name\":\"Alle Produkte\",\"item\":\"https:\/\/glareone.eu\/de\/produkte\/alle-produkte\/\"},{\"@type\":\"ListItem\",\"position\":3,\"name\":\"GlareOne Antares 600\"}]},{\"@type\":\"WebSite\",\"@id\":\"https:\/\/glareone.eu\/de\/en\/#website\",\"url\":\"https:\/\/glareone.eu\/de\/en\/\",\"name\":\"GlareOne\",\"description\":\"Wyposa\u017cenie Studia\",\"publisher\":{\"@id\":\"https:\/\/glareone.eu\/de\/en\/#organization\"},\"potentialAction\":[{\"@type\":\"SearchAction\",\"target\":{\"@type\":\"EntryPoint\",\"urlTemplate\":\"https:\/\/glareone.eu\/de\/en\/?s={search_term_string}\"},\"query-input\":{\"@type\":\"PropertyValueSpecification\",\"valueRequired\":true,\"valueName\":\"search_term_string\"}}],\"inLanguage\":\"de\"},{\"@type\":\"Organization\",\"@id\":\"https:\/\/glareone.eu\/de\/en\/#organization\",\"name\":\"GlareOne\",\"url\":\"https:\/\/glareone.eu\/de\/en\/\",\"logo\":{\"@type\":\"ImageObject\",\"inLanguage\":\"de\",\"@id\":\"https:\/\/glareone.eu\/de\/en\/#\/schema\/logo\/image\/\",\"url\":\"http:\/\/glareone.eu\/wp-content\/uploads\/2024\/05\/glareone_logo2020_RGB-01-e1715773127189.png\",\"contentUrl\":\"http:\/\/glareone.eu\/wp-content\/uploads\/2024\/05\/glareone_logo2020_RGB-01-e1715773127189.png\",\"width\":1270,\"height\":321,\"caption\":\"GlareOne\"},\"image\":{\"@id\":\"https:\/\/glareone.eu\/de\/en\/#\/schema\/logo\/image\/\"},\"sameAs\":[\"https:\/\/www.facebook.com\/GlareOneLighting\",\"https:\/\/www.instagram.com\/glareonelighting\/\",\"https:\/\/www.youtube.com\/@GlareOneTV\"]}]}<\/script>\n<!-- \/ Yoast SEO plugin. -->","yoast_head_json":{"title":"GlareOne Antares 600","description":"GlareOne Antares 600 ist eine professionelle Studioblitzlampe mit 600 Ws, ausgestattet mit einem LED-Pilotlicht und einer Bowens-Halterung.","robots":{"index":"index","follow":"follow","max-snippet":"max-snippet:-1","max-image-preview":"max-image-preview:large","max-video-preview":"max-video-preview:-1"},"canonical":"https:\/\/glareone.eu\/de\/product\/glareone-antares-600\/","og_locale":"de_DE","og_type":"article","og_title":"GlareOne Antares 600","og_description":"GlareOne Antares 600 ist eine professionelle Studioblitzlampe mit 600 Ws, ausgestattet mit einem LED-Pilotlicht und einer Bowens-Halterung.","og_url":"https:\/\/glareone.eu\/de\/product\/glareone-antares-600\/","og_site_name":"GlareOne","article_publisher":"https:\/\/www.facebook.com\/GlareOneLighting","article_modified_time":"2024-05-23T10:44:06+00:00","og_image":[{"width":1200,"height":1200,"url":"https:\/\/glareone.eu\/wp-content\/uploads\/2024\/04\/GlareOne-Antares-600-01.jpg","type":"image\/jpeg"}],"twitter_card":"summary_large_image","twitter_title":"GlareOne Antares 600","twitter_misc":{"Gesch\u00e4tzte Lesezeit":"3\u00a0Minuten"},"schema":{"@context":"https:\/\/schema.org","@graph":[{"@type":"WebPage","@id":"https:\/\/glareone.eu\/de\/product\/glareone-antares-600\/","url":"https:\/\/glareone.eu\/de\/product\/glareone-antares-600\/","name":"GlareOne Antares 600","isPartOf":{"@id":"https:\/\/glareone.eu\/de\/en\/#website"},"primaryImageOfPage":{"@id":"https:\/\/glareone.eu\/de\/product\/glareone-antares-600\/#primaryimage"},"image":{"@id":"https:\/\/glareone.eu\/de\/product\/glareone-antares-600\/#primaryimage"},"thumbnailUrl":"https:\/\/glareone.eu\/wp-content\/uploads\/2024\/04\/GlareOne-Antares-600-01.jpg","datePublished":"2024-04-18T19:26:31+00:00","dateModified":"2024-05-23T10:44:06+00:00","description":"GlareOne Antares 600 ist eine professionelle Studioblitzlampe mit 600 Ws, ausgestattet mit einem LED-Pilotlicht und einer Bowens-Halterung.","breadcrumb":{"@id":"https:\/\/glareone.eu\/de\/product\/glareone-antares-600\/#breadcrumb"},"inLanguage":"de","potentialAction":[{"@type":"ReadAction","target":["https:\/\/glareone.eu\/de\/product\/glareone-antares-600\/"]}]},{"@type":"ImageObject","inLanguage":"de","@id":"https:\/\/glareone.eu\/de\/product\/glareone-antares-600\/#primaryimage","url":"https:\/\/glareone.eu\/wp-content\/uploads\/2024\/04\/GlareOne-Antares-600-01.jpg","contentUrl":"https:\/\/glareone.eu\/wp-content\/uploads\/2024\/04\/GlareOne-Antares-600-01.jpg","width":1200,"height":1200},{"@type":"BreadcrumbList","@id":"https:\/\/glareone.eu\/de\/product\/glareone-antares-600\/#breadcrumb","itemListElement":[{"@type":"ListItem","position":1,"name":"Strona g\u0142\u00f3wna","item":"https:\/\/glareone.eu\/de\/"},{"@type":"ListItem","position":2,"name":"Alle Produkte","item":"https:\/\/glareone.eu\/de\/produkte\/alle-produkte\/"},{"@type":"ListItem","position":3,"name":"GlareOne Antares 600"}]},{"@type":"WebSite","@id":"https:\/\/glareone.eu\/de\/en\/#website","url":"https:\/\/glareone.eu\/de\/en\/","name":"GlareOne","description":"Wyposa\u017cenie Studia","publisher":{"@id":"https:\/\/glareone.eu\/de\/en\/#organization"},"potentialAction":[{"@type":"SearchAction","target":{"@type":"EntryPoint","urlTemplate":"https:\/\/glareone.eu\/de\/en\/?s={search_term_string}"},"query-input":{"@type":"PropertyValueSpecification","valueRequired":true,"valueName":"search_term_string"}}],"inLanguage":"de"},{"@type":"Organization","@id":"https:\/\/glareone.eu\/de\/en\/#organization","name":"GlareOne","url":"https:\/\/glareone.eu\/de\/en\/","logo":{"@type":"ImageObject","inLanguage":"de","@id":"https:\/\/glareone.eu\/de\/en\/#\/schema\/logo\/image\/","url":"http:\/\/glareone.eu\/wp-content\/uploads\/2024\/05\/glareone_logo2020_RGB-01-e1715773127189.png","contentUrl":"http:\/\/glareone.eu\/wp-content\/uploads\/2024\/05\/glareone_logo2020_RGB-01-e1715773127189.png","width":1270,"height":321,"caption":"GlareOne"},"image":{"@id":"https:\/\/glareone.eu\/de\/en\/#\/schema\/logo\/image\/"},"sameAs":["https:\/\/www.facebook.com\/GlareOneLighting","https:\/\/www.instagram.com\/glareonelighting\/","https:\/\/www.youtube.com\/@GlareOneTV"]}]}},"_links":{"self":[{"href":"https:\/\/glareone.eu\/de\/wp-json\/wp\/v2\/product\/2748","targetHints":{"allow":["GET"]}}],"collection":[{"href":"https:\/\/glareone.eu\/de\/wp-json\/wp\/v2\/product"}],"about":[{"href":"https:\/\/glareone.eu\/de\/wp-json\/wp\/v2\/types\/product"}],"wp:featuredmedia":[{"embeddable":true,"href":"https:\/\/glareone.eu\/de\/wp-json\/wp\/v2\/media\/1454"}],"wp:attachment":[{"href":"https:\/\/glareone.eu\/de\/wp-json\/wp\/v2\/media?parent=2748"}],"wp:term":[{"taxonomy":"product_brand","embeddable":true,"href":"https:\/\/glareone.eu\/de\/wp-json\/wp\/v2\/product_brand?post=2748"},{"taxonomy":"product_cat","embeddable":true,"href":"https:\/\/glareone.eu\/de\/wp-json\/wp\/v2\/product_cat?post=2748"},{"taxonomy":"product_tag","embeddable":true,"href":"https:\/\/glareone.eu\/de\/wp-json\/wp\/v2\/product_tag?post=2748"}],"curies":[{"name":"wp","href":"https:\/\/api.w.org\/{rel}","templated":true}]}}