{"id":2717,"date":"2024-04-18T19:26:31","date_gmt":"2024-04-18T19:26:31","guid":{"rendered":"http:\/\/glareone.eu\/produkt\/glareone-softbox-25x100-pro-zestaw-z-gridem\/"},"modified":"2024-04-24T08:07:27","modified_gmt":"2024-04-24T08:07:27","slug":"glareone-softbox-25x100-pro-set-mit-grid","status":"publish","type":"product","link":"https:\/\/glareone.eu\/de\/product\/glareone-softbox-25x100-pro-set-mit-grid\/","title":{"rendered":"GlareOne Softbox 25&#215;100 PRO &#8211; Set mit grid"},"content":{"rendered":"<p>Rechteckiges Softbox ausgestattet mit doppeltem Diffusor, Easy Fold II Schnellspannmechanismus, Gitter und Abdeckung.<\/p>\n<h3>Einfach zu bedienen<\/h3>\n<p>Die Softbox ist auf Basis des Easy Fold II Rahmens aufgebaut, der schnelles und einfaches Auf- und Abbauen erm\u00f6glicht. Sie ist auch mit Klettverschluss ausgestattet, der die Verwendung eines Wabenrasters erm\u00f6glicht, was n\u00fctzlich ist, wenn Sie das Licht auf dem Set kontrollieren m\u00fcssen.<\/p>\n<h3>Praktisch<\/h3>\n<p>Die Softbox ist so geformt, dass sie es Ihnen erm\u00f6glicht, das Set gleichm\u00e4\u00dfig zu beleuchten, w\u00e4hrend sie gleichzeitig auch bei geringem Platzangebot eine einfache Bedienung gew\u00e4hrleistet. Da sie flach ist, ist es sehr einfach, sie an einem Boom-Stativ aufzuh\u00e4ngen oder in engen R\u00e4umen zu verwenden. Die mitgelieferte Tragetasche erleichtert den Transport und die Aufbewahrung der Softbox.<\/p>\n<h3>Ausgekl\u00fcgelt<\/h3>\n<p>Die Abdeckung der Softbox besteht aus sehr leichtem, aber dennoch strapazierf\u00e4higem 300D Ripstop-Nylon. Die Verwendung eines Ripstop-Gewebes macht das Material rei\u00dffester, w\u00e4hrend es ein relativ geringes Gewicht beibeh\u00e4lt. Die Diffusoren bestehen aus demselben Material mit geringerer Dichte (190D). Der reflektierende Bildschirm ist auf das Abdeckmaterial laminiert, was eine lange Lebensdauer und eine Reduzierung der Lichtdurchl\u00e4ssigkeit erm\u00f6glicht. Alle Materialien sind so ausgew\u00e4hlt, dass sie die Farbneutralit\u00e4t erhalten, damit die Softbox die Lichtqualit\u00e4t der Lampe nicht negativ beeinflusst. Der Montagering und der Easy Fold II Mechanismus bestehen aus eloxiertem Aluminium, w\u00e4hrend die Rahmenstangen aus Stahl sind.<\/p>\n<h3>Mit Gitter enthalten<\/h3>\n<p>Die Softbox wird mit einem Wabenraster geliefert, das eine bessere Kontrolle \u00fcber das Licht erm\u00f6glicht. Es erleichtert die Arbeit in Bereichen mit begrenztem Platzangebot oder wenn Sie sehr pr\u00e4zise ausgerichtetes, aber weiches Licht ben\u00f6tigen.<\/p>\n<h3>Produktmerkmale:<\/h3>\n<ul>\n<li>Unverzichtbar f\u00fcr Produkt- und Modeshootings<\/li>\n<li>Sehr einfach und schnell einzurichten<\/li>\n<li>Es hat einen doppelten, abnehmbaren Diffusor<\/li>\n<li>Wird mit einem Wabenraster geliefert<\/li>\n<li>Es ist aus hochwertigen Materialien gefertigt<\/li>\n<li>Wird in einer praktischen Tragetasche geliefert<\/li>\n<\/ul>\n","protected":false},"excerpt":{"rendered":"<p>Rechteckiges Softbox ausgestattet mit doppeltem Diffusor, Easy Fold II Schnellspannmechanismus, Gitter und Abdeckung. Einfach zu bedienen Die Softbox ist auf Basis des Easy Fold II Rahmens aufgebaut, der schnelles und einfaches Auf- und Abbauen erm\u00f6glicht. Sie ist auch mit Klettverschluss ausgestattet, der die Verwendung eines Wabenrasters erm\u00f6glicht, was n\u00fctzlich ist, wenn Sie das Licht auf [&hellip;]<\/p>\n","protected":false},"featured_media":2236,"template":"","meta":[],"product_brand":[],"product_cat":[367],"product_tag":[],"class_list":{"0":"post-2717","1":"product","2":"type-product","3":"status-publish","4":"has-post-thumbnail","6":"product_cat-pro-de","8":"first","9":"instock","10":"product-type-simple"},"yoast_head":"<!-- This site is optimized with the Yoast SEO plugin v27.2 - https:\/\/yoast.com\/product\/yoast-seo-wordpress\/ -->\n<title>GlareOne Softbox 25x100 PRO - zestaw z gridem<\/title>\n<meta name=\"description\" content=\"GlareOne Softbox 25x100 PRO - zestaw z gridem\" \/>\n<meta name=\"robots\" content=\"index, follow, max-snippet:-1, max-image-preview:large, max-video-preview:-1\" \/>\n<link rel=\"canonical\" href=\"https:\/\/glareone.eu\/de\/product\/glareone-softbox-25x100-pro-set-mit-grid\/\" \/>\n<meta property=\"og:locale\" content=\"de_DE\" \/>\n<meta property=\"og:type\" content=\"article\" \/>\n<meta property=\"og:title\" content=\"GlareOne Softbox 25x100 PRO - zestaw z gridem\" \/>\n<meta property=\"og:description\" content=\"GlareOne Softbox 25x100 PRO - zestaw z gridem\" \/>\n<meta property=\"og:url\" content=\"https:\/\/glareone.eu\/de\/product\/glareone-softbox-25x100-pro-set-mit-grid\/\" \/>\n<meta property=\"og:site_name\" content=\"GlareOne\" \/>\n<meta property=\"article:publisher\" content=\"https:\/\/www.facebook.com\/GlareOneLighting\" \/>\n<meta property=\"article:modified_time\" content=\"2024-04-24T08:07:27+00:00\" \/>\n<meta property=\"og:image\" content=\"https:\/\/glareone.eu\/wp-content\/uploads\/2024\/04\/GlareOne-Softbox-25x100-PRO-001.jpg\" \/>\n\t<meta property=\"og:image:width\" content=\"1200\" \/>\n\t<meta property=\"og:image:height\" content=\"1200\" \/>\n\t<meta property=\"og:image:type\" content=\"image\/jpeg\" \/>\n<meta name=\"twitter:card\" content=\"summary_large_image\" \/>\n<meta name=\"twitter:title\" content=\"GlareOne Softbox 25x100 PRO - zestaw z gridem\" \/>\n<meta name=\"twitter:label1\" content=\"Gesch\u00e4tzte Lesezeit\" \/>\n\t<meta name=\"twitter:data1\" content=\"2\u00a0Minuten\" \/>\n<script type=\"application\/ld+json\" class=\"yoast-schema-graph\">{\"@context\":\"https:\/\/schema.org\",\"@graph\":[{\"@type\":\"WebPage\",\"@id\":\"https:\/\/glareone.eu\/de\/product\/glareone-softbox-25x100-pro-set-mit-grid\/\",\"url\":\"https:\/\/glareone.eu\/de\/product\/glareone-softbox-25x100-pro-set-mit-grid\/\",\"name\":\"GlareOne Softbox 25x100 PRO - zestaw z gridem\",\"isPartOf\":{\"@id\":\"https:\/\/glareone.eu\/de\/en\/#website\"},\"primaryImageOfPage\":{\"@id\":\"https:\/\/glareone.eu\/de\/product\/glareone-softbox-25x100-pro-set-mit-grid\/#primaryimage\"},\"image\":{\"@id\":\"https:\/\/glareone.eu\/de\/product\/glareone-softbox-25x100-pro-set-mit-grid\/#primaryimage\"},\"thumbnailUrl\":\"https:\/\/glareone.eu\/wp-content\/uploads\/2024\/04\/GlareOne-Softbox-25x100-PRO-001.jpg\",\"datePublished\":\"2024-04-18T19:26:31+00:00\",\"dateModified\":\"2024-04-24T08:07:27+00:00\",\"description\":\"GlareOne Softbox 25x100 PRO - zestaw z gridem\",\"breadcrumb\":{\"@id\":\"https:\/\/glareone.eu\/de\/product\/glareone-softbox-25x100-pro-set-mit-grid\/#breadcrumb\"},\"inLanguage\":\"de\",\"potentialAction\":[{\"@type\":\"ReadAction\",\"target\":[\"https:\/\/glareone.eu\/de\/product\/glareone-softbox-25x100-pro-set-mit-grid\/\"]}]},{\"@type\":\"ImageObject\",\"inLanguage\":\"de\",\"@id\":\"https:\/\/glareone.eu\/de\/product\/glareone-softbox-25x100-pro-set-mit-grid\/#primaryimage\",\"url\":\"https:\/\/glareone.eu\/wp-content\/uploads\/2024\/04\/GlareOne-Softbox-25x100-PRO-001.jpg\",\"contentUrl\":\"https:\/\/glareone.eu\/wp-content\/uploads\/2024\/04\/GlareOne-Softbox-25x100-PRO-001.jpg\",\"width\":1200,\"height\":1200},{\"@type\":\"BreadcrumbList\",\"@id\":\"https:\/\/glareone.eu\/de\/product\/glareone-softbox-25x100-pro-set-mit-grid\/#breadcrumb\",\"itemListElement\":[{\"@type\":\"ListItem\",\"position\":1,\"name\":\"Strona g\u0142\u00f3wna\",\"item\":\"https:\/\/glareone.eu\/de\/\"},{\"@type\":\"ListItem\",\"position\":2,\"name\":\"Alle Produkte\",\"item\":\"https:\/\/glareone.eu\/de\/produkte\/alle-produkte\/\"},{\"@type\":\"ListItem\",\"position\":3,\"name\":\"GlareOne Softbox 25&#215;100 PRO &#8211; Set mit grid\"}]},{\"@type\":\"WebSite\",\"@id\":\"https:\/\/glareone.eu\/de\/en\/#website\",\"url\":\"https:\/\/glareone.eu\/de\/en\/\",\"name\":\"GlareOne\",\"description\":\"Wyposa\u017cenie Studia\",\"publisher\":{\"@id\":\"https:\/\/glareone.eu\/de\/en\/#organization\"},\"potentialAction\":[{\"@type\":\"SearchAction\",\"target\":{\"@type\":\"EntryPoint\",\"urlTemplate\":\"https:\/\/glareone.eu\/de\/en\/?s={search_term_string}\"},\"query-input\":{\"@type\":\"PropertyValueSpecification\",\"valueRequired\":true,\"valueName\":\"search_term_string\"}}],\"inLanguage\":\"de\"},{\"@type\":\"Organization\",\"@id\":\"https:\/\/glareone.eu\/de\/en\/#organization\",\"name\":\"GlareOne\",\"url\":\"https:\/\/glareone.eu\/de\/en\/\",\"logo\":{\"@type\":\"ImageObject\",\"inLanguage\":\"de\",\"@id\":\"https:\/\/glareone.eu\/de\/en\/#\/schema\/logo\/image\/\",\"url\":\"http:\/\/glareone.eu\/wp-content\/uploads\/2024\/05\/glareone_logo2020_RGB-01-e1715773127189.png\",\"contentUrl\":\"http:\/\/glareone.eu\/wp-content\/uploads\/2024\/05\/glareone_logo2020_RGB-01-e1715773127189.png\",\"width\":1270,\"height\":321,\"caption\":\"GlareOne\"},\"image\":{\"@id\":\"https:\/\/glareone.eu\/de\/en\/#\/schema\/logo\/image\/\"},\"sameAs\":[\"https:\/\/www.facebook.com\/GlareOneLighting\",\"https:\/\/www.instagram.com\/glareonelighting\/\",\"https:\/\/www.youtube.com\/@GlareOneTV\"]}]}<\/script>\n<!-- \/ Yoast SEO plugin. -->","yoast_head_json":{"title":"GlareOne Softbox 25x100 PRO - zestaw z gridem","description":"GlareOne Softbox 25x100 PRO - zestaw z gridem","robots":{"index":"index","follow":"follow","max-snippet":"max-snippet:-1","max-image-preview":"max-image-preview:large","max-video-preview":"max-video-preview:-1"},"canonical":"https:\/\/glareone.eu\/de\/product\/glareone-softbox-25x100-pro-set-mit-grid\/","og_locale":"de_DE","og_type":"article","og_title":"GlareOne Softbox 25x100 PRO - zestaw z gridem","og_description":"GlareOne Softbox 25x100 PRO - zestaw z gridem","og_url":"https:\/\/glareone.eu\/de\/product\/glareone-softbox-25x100-pro-set-mit-grid\/","og_site_name":"GlareOne","article_publisher":"https:\/\/www.facebook.com\/GlareOneLighting","article_modified_time":"2024-04-24T08:07:27+00:00","og_image":[{"width":1200,"height":1200,"url":"https:\/\/glareone.eu\/wp-content\/uploads\/2024\/04\/GlareOne-Softbox-25x100-PRO-001.jpg","type":"image\/jpeg"}],"twitter_card":"summary_large_image","twitter_title":"GlareOne Softbox 25x100 PRO - zestaw z gridem","twitter_misc":{"Gesch\u00e4tzte Lesezeit":"2\u00a0Minuten"},"schema":{"@context":"https:\/\/schema.org","@graph":[{"@type":"WebPage","@id":"https:\/\/glareone.eu\/de\/product\/glareone-softbox-25x100-pro-set-mit-grid\/","url":"https:\/\/glareone.eu\/de\/product\/glareone-softbox-25x100-pro-set-mit-grid\/","name":"GlareOne Softbox 25x100 PRO - zestaw z gridem","isPartOf":{"@id":"https:\/\/glareone.eu\/de\/en\/#website"},"primaryImageOfPage":{"@id":"https:\/\/glareone.eu\/de\/product\/glareone-softbox-25x100-pro-set-mit-grid\/#primaryimage"},"image":{"@id":"https:\/\/glareone.eu\/de\/product\/glareone-softbox-25x100-pro-set-mit-grid\/#primaryimage"},"thumbnailUrl":"https:\/\/glareone.eu\/wp-content\/uploads\/2024\/04\/GlareOne-Softbox-25x100-PRO-001.jpg","datePublished":"2024-04-18T19:26:31+00:00","dateModified":"2024-04-24T08:07:27+00:00","description":"GlareOne Softbox 25x100 PRO - zestaw z gridem","breadcrumb":{"@id":"https:\/\/glareone.eu\/de\/product\/glareone-softbox-25x100-pro-set-mit-grid\/#breadcrumb"},"inLanguage":"de","potentialAction":[{"@type":"ReadAction","target":["https:\/\/glareone.eu\/de\/product\/glareone-softbox-25x100-pro-set-mit-grid\/"]}]},{"@type":"ImageObject","inLanguage":"de","@id":"https:\/\/glareone.eu\/de\/product\/glareone-softbox-25x100-pro-set-mit-grid\/#primaryimage","url":"https:\/\/glareone.eu\/wp-content\/uploads\/2024\/04\/GlareOne-Softbox-25x100-PRO-001.jpg","contentUrl":"https:\/\/glareone.eu\/wp-content\/uploads\/2024\/04\/GlareOne-Softbox-25x100-PRO-001.jpg","width":1200,"height":1200},{"@type":"BreadcrumbList","@id":"https:\/\/glareone.eu\/de\/product\/glareone-softbox-25x100-pro-set-mit-grid\/#breadcrumb","itemListElement":[{"@type":"ListItem","position":1,"name":"Strona g\u0142\u00f3wna","item":"https:\/\/glareone.eu\/de\/"},{"@type":"ListItem","position":2,"name":"Alle Produkte","item":"https:\/\/glareone.eu\/de\/produkte\/alle-produkte\/"},{"@type":"ListItem","position":3,"name":"GlareOne Softbox 25&#215;100 PRO &#8211; Set mit grid"}]},{"@type":"WebSite","@id":"https:\/\/glareone.eu\/de\/en\/#website","url":"https:\/\/glareone.eu\/de\/en\/","name":"GlareOne","description":"Wyposa\u017cenie Studia","publisher":{"@id":"https:\/\/glareone.eu\/de\/en\/#organization"},"potentialAction":[{"@type":"SearchAction","target":{"@type":"EntryPoint","urlTemplate":"https:\/\/glareone.eu\/de\/en\/?s={search_term_string}"},"query-input":{"@type":"PropertyValueSpecification","valueRequired":true,"valueName":"search_term_string"}}],"inLanguage":"de"},{"@type":"Organization","@id":"https:\/\/glareone.eu\/de\/en\/#organization","name":"GlareOne","url":"https:\/\/glareone.eu\/de\/en\/","logo":{"@type":"ImageObject","inLanguage":"de","@id":"https:\/\/glareone.eu\/de\/en\/#\/schema\/logo\/image\/","url":"http:\/\/glareone.eu\/wp-content\/uploads\/2024\/05\/glareone_logo2020_RGB-01-e1715773127189.png","contentUrl":"http:\/\/glareone.eu\/wp-content\/uploads\/2024\/05\/glareone_logo2020_RGB-01-e1715773127189.png","width":1270,"height":321,"caption":"GlareOne"},"image":{"@id":"https:\/\/glareone.eu\/de\/en\/#\/schema\/logo\/image\/"},"sameAs":["https:\/\/www.facebook.com\/GlareOneLighting","https:\/\/www.instagram.com\/glareonelighting\/","https:\/\/www.youtube.com\/@GlareOneTV"]}]}},"_links":{"self":[{"href":"https:\/\/glareone.eu\/de\/wp-json\/wp\/v2\/product\/2717","targetHints":{"allow":["GET"]}}],"collection":[{"href":"https:\/\/glareone.eu\/de\/wp-json\/wp\/v2\/product"}],"about":[{"href":"https:\/\/glareone.eu\/de\/wp-json\/wp\/v2\/types\/product"}],"wp:featuredmedia":[{"embeddable":true,"href":"https:\/\/glareone.eu\/de\/wp-json\/wp\/v2\/media\/2236"}],"wp:attachment":[{"href":"https:\/\/glareone.eu\/de\/wp-json\/wp\/v2\/media?parent=2717"}],"wp:term":[{"taxonomy":"product_brand","embeddable":true,"href":"https:\/\/glareone.eu\/de\/wp-json\/wp\/v2\/product_brand?post=2717"},{"taxonomy":"product_cat","embeddable":true,"href":"https:\/\/glareone.eu\/de\/wp-json\/wp\/v2\/product_cat?post=2717"},{"taxonomy":"product_tag","embeddable":true,"href":"https:\/\/glareone.eu\/de\/wp-json\/wp\/v2\/product_tag?post=2717"}],"curies":[{"name":"wp","href":"https:\/\/api.w.org\/{rel}","templated":true}]}}