{"id":2710,"date":"2024-04-18T19:26:29","date_gmt":"2024-04-18T19:26:29","guid":{"rendered":"http:\/\/glareone.eu\/produkt\/glareone-vega-400-starter-kit\/"},"modified":"2024-08-27T08:40:25","modified_gmt":"2024-08-27T08:40:25","slug":"glareone-vega-400-starter-kit","status":"publish","type":"product","link":"https:\/\/glareone.eu\/de\/product\/glareone-vega-400-starter-kit\/","title":{"rendered":"GlareOne Vega 400 Starter Kit"},"content":{"rendered":"<p><span style=\"font-weight: 400;\">Starterset f\u00fcr die Studiofotografie mit 2 Leuchten, trigger Flash RC, 2 Stativen, GlareOne Standard Reflektor, wei\u00dfem Schirm 100 cm und transparentem Schirm 100 cm.<\/span><\/p>\n<h3>Kit-inhalt:<\/h3>\n<p><span style=\"font-weight: 400;\">Das GlareOne Vega 400 Starter Kit ist ein komplettes Set f\u00fcr den Einstieg in die Welt der Studiofotografie. Es enth\u00e4lt:<\/span><\/p>\n<ul>\n<li style=\"font-weight: 400;\" aria-level=\"1\"><span style=\"font-weight: 400;\">2 kompakte GlareOne Vega 400 Lampen mit jeweils 400Ws.<\/span><\/li>\n<li style=\"font-weight: 400;\" aria-level=\"1\"><span style=\"font-weight: 400;\">GlareOne Flash RC Sender f\u00fcr die Fernsteuerung und Ausl\u00f6sung der Vega Lampen.<\/span><\/li>\n<li style=\"font-weight: 400;\" aria-level=\"1\"><span style=\"font-weight: 400;\">2 GlareOne Black 220 Stative mit einer maximalen H\u00f6he von 220 cm.<\/span><\/li>\n<li style=\"font-weight: 400;\" aria-level=\"1\"><span style=\"font-weight: 400;\">GlareOne Standard-Reflektor.<\/span><\/li>\n<li style=\"font-weight: 400;\" aria-level=\"1\"><span style=\"font-weight: 400;\">Wei\u00dfer Schirm 100 cm.<\/span><\/li>\n<li style=\"font-weight: 400;\" aria-level=\"1\"><span style=\"font-weight: 400;\">Transparenter Schirm 100 cm.<\/span><\/li>\n<li style=\"font-weight: 400;\" aria-level=\"1\"><span style=\"font-weight: 400;\">EU and UK cable.<\/span><\/li>\n<\/ul>\n<h3>Anwendung:<\/h3>\n<p><span style=\"font-weight: 400;\">Das GlareOne Vega 400 Starter Kit erm\u00f6glicht es Ihnen, die Grundlagen der Studiofotografie zu erlernen. Es eignet sich perfekt f\u00fcr den Einsatz im Heimstudio und kann mit zus\u00e4tzlichen Lichtmodellierungsaccessoires wie Kuppeln oder Gittern erweitert werden. Sie k\u00f6nnen es verwenden, um atemberaubende Portr\u00e4ts mit weichem Licht, Stillleben und Produktfotos aufzunehmen. Wenn Sie Ihr Abenteuer mit Studioleuchten beginnen und noch nicht wissen, welche Art von Fotografie Sie betreiben werden, ist das Vega Starter Kit die perfekte Wahl f\u00fcr Sie.<\/span><\/p>\n<h3>Eigenschaften des GlareOne Vega 400:<\/h3>\n<ul>\n<li>Einfach zu bedienende und vielseitige 400Ws Blitzanlage.<\/li>\n<li>Leicht, extrem kompakt und einfach zu transportieren.<\/li>\n<li>Stabile Farbtemperatur (5500\u00b1200K) \u00fcber den gesamten Blitzleistungsanpassungsbereich.<\/li>\n<li>Einstellbare Leistung \u00fcber 6 Blendenstufen (1\/1~1\/32).<\/li>\n<li>Sehr kurze Ladezeit &#8211; nur 0,9 s bei voller Leistung.<\/li>\n<li>Verf\u00fcgt \u00fcber eine 15W LED-Kontrollleuchte (entspricht ca. 150W Halogenlampe).<\/li>\n<li>Ausgestattet mit einem Bowens-typischen Lichtmodifikator-Anschluss.<\/li>\n<li>Integrierter Funkempf\u00e4nger kompatibel mit GlareOne Flash RC Trigger (separat erh\u00e4ltlich).<\/li>\n<li>Kann einer von 16 Lampengruppen mit 32 Kommunikationskan\u00e4len zugewiesen werden.<\/li>\n<li>Ausgestattet mit Fotowiderstand und Standard-3,5-mm-Synchronbuchse.<\/li>\n<li>Leistungsstarkes aktives K\u00fchlsystem und Temperatursicherung.<\/li>\n<li>Regenschirmhalterung in das Stativgewinde integriert.<\/li>\n<li>Ergonomisch gestalteter Griff zur Winkelverstellung.<\/li>\n<li>Wird mit Netzkabel, Schutzh\u00fclle und Bedienungsanleitung geliefert.<\/li>\n<\/ul>\n","protected":false},"excerpt":{"rendered":"<p>Starterset f\u00fcr die Studiofotografie mit 2 Leuchten, trigger Flash RC, 2 Stativen, GlareOne Standard Reflektor, wei\u00dfem Schirm 100 cm und transparentem Schirm 100 cm. Kit-inhalt: Das GlareOne Vega 400 Starter Kit ist ein komplettes Set f\u00fcr den Einstieg in die Welt der Studiofotografie. Es enth\u00e4lt: 2 kompakte GlareOne Vega 400 Lampen mit jeweils 400Ws. GlareOne [&hellip;]<\/p>\n","protected":false},"featured_media":12689,"template":"","meta":[],"product_brand":[],"product_cat":[356],"product_tag":[],"class_list":{"0":"post-2710","1":"product","2":"type-product","3":"status-publish","4":"has-post-thumbnail","6":"product_cat-vega-de","8":"first","9":"instock","10":"product-type-simple"},"yoast_head":"<!-- This site is optimized with the Yoast SEO plugin v27.2 - https:\/\/yoast.com\/product\/yoast-seo-wordpress\/ -->\n<title>GlareOne Vega 400 Starter Kit<\/title>\n<meta name=\"description\" content=\"GlareOne Vega 400 Starter Kit\" \/>\n<meta name=\"robots\" content=\"index, follow, max-snippet:-1, max-image-preview:large, max-video-preview:-1\" \/>\n<link rel=\"canonical\" href=\"https:\/\/glareone.eu\/de\/product\/glareone-vega-400-starter-kit\/\" \/>\n<meta property=\"og:locale\" content=\"de_DE\" \/>\n<meta property=\"og:type\" content=\"article\" \/>\n<meta property=\"og:title\" content=\"GlareOne Vega 400 Starter Kit - zestaw o\u015bwietlenia studyjnego\" \/>\n<meta property=\"og:description\" content=\"GlareOne Vega 400 Starter Kit\" \/>\n<meta property=\"og:url\" content=\"https:\/\/glareone.eu\/de\/product\/glareone-vega-400-starter-kit\/\" \/>\n<meta property=\"og:site_name\" content=\"GlareOne\" \/>\n<meta property=\"article:publisher\" content=\"https:\/\/www.facebook.com\/GlareOneLighting\" \/>\n<meta property=\"article:modified_time\" content=\"2024-08-27T08:40:25+00:00\" \/>\n<meta property=\"og:image\" content=\"https:\/\/glareone.eu\/wp-content\/uploads\/2024\/04\/SVEGA400KITS_01-min.jpg\" \/>\n\t<meta property=\"og:image:width\" content=\"1200\" \/>\n\t<meta property=\"og:image:height\" content=\"1200\" \/>\n\t<meta property=\"og:image:type\" content=\"image\/jpeg\" \/>\n<meta name=\"twitter:card\" content=\"summary_large_image\" \/>\n<meta name=\"twitter:title\" content=\"GlareOne Vega 400 Starter Kit - zestaw o\u015bwietlenia studyjnego\" \/>\n<meta name=\"twitter:label1\" content=\"Gesch\u00e4tzte Lesezeit\" \/>\n\t<meta name=\"twitter:data1\" content=\"2\u00a0Minuten\" \/>\n<script type=\"application\/ld+json\" class=\"yoast-schema-graph\">{\"@context\":\"https:\/\/schema.org\",\"@graph\":[{\"@type\":\"WebPage\",\"@id\":\"https:\/\/glareone.eu\/de\/product\/glareone-vega-400-starter-kit\/\",\"url\":\"https:\/\/glareone.eu\/de\/product\/glareone-vega-400-starter-kit\/\",\"name\":\"GlareOne Vega 400 Starter Kit\",\"isPartOf\":{\"@id\":\"https:\/\/glareone.eu\/de\/en\/#website\"},\"primaryImageOfPage\":{\"@id\":\"https:\/\/glareone.eu\/de\/product\/glareone-vega-400-starter-kit\/#primaryimage\"},\"image\":{\"@id\":\"https:\/\/glareone.eu\/de\/product\/glareone-vega-400-starter-kit\/#primaryimage\"},\"thumbnailUrl\":\"https:\/\/glareone.eu\/wp-content\/uploads\/2024\/04\/SVEGA400KITS_01-min.jpg\",\"datePublished\":\"2024-04-18T19:26:29+00:00\",\"dateModified\":\"2024-08-27T08:40:25+00:00\",\"description\":\"GlareOne Vega 400 Starter Kit\",\"breadcrumb\":{\"@id\":\"https:\/\/glareone.eu\/de\/product\/glareone-vega-400-starter-kit\/#breadcrumb\"},\"inLanguage\":\"de\",\"potentialAction\":[{\"@type\":\"ReadAction\",\"target\":[\"https:\/\/glareone.eu\/de\/product\/glareone-vega-400-starter-kit\/\"]}]},{\"@type\":\"ImageObject\",\"inLanguage\":\"de\",\"@id\":\"https:\/\/glareone.eu\/de\/product\/glareone-vega-400-starter-kit\/#primaryimage\",\"url\":\"https:\/\/glareone.eu\/wp-content\/uploads\/2024\/04\/SVEGA400KITS_01-min.jpg\",\"contentUrl\":\"https:\/\/glareone.eu\/wp-content\/uploads\/2024\/04\/SVEGA400KITS_01-min.jpg\",\"width\":1200,\"height\":1200},{\"@type\":\"BreadcrumbList\",\"@id\":\"https:\/\/glareone.eu\/de\/product\/glareone-vega-400-starter-kit\/#breadcrumb\",\"itemListElement\":[{\"@type\":\"ListItem\",\"position\":1,\"name\":\"Strona g\u0142\u00f3wna\",\"item\":\"https:\/\/glareone.eu\/de\/\"},{\"@type\":\"ListItem\",\"position\":2,\"name\":\"Alle Produkte\",\"item\":\"https:\/\/glareone.eu\/de\/produkte\/alle-produkte\/\"},{\"@type\":\"ListItem\",\"position\":3,\"name\":\"GlareOne Vega 400 Starter Kit\"}]},{\"@type\":\"WebSite\",\"@id\":\"https:\/\/glareone.eu\/de\/en\/#website\",\"url\":\"https:\/\/glareone.eu\/de\/en\/\",\"name\":\"GlareOne\",\"description\":\"Wyposa\u017cenie Studia\",\"publisher\":{\"@id\":\"https:\/\/glareone.eu\/de\/en\/#organization\"},\"potentialAction\":[{\"@type\":\"SearchAction\",\"target\":{\"@type\":\"EntryPoint\",\"urlTemplate\":\"https:\/\/glareone.eu\/de\/en\/?s={search_term_string}\"},\"query-input\":{\"@type\":\"PropertyValueSpecification\",\"valueRequired\":true,\"valueName\":\"search_term_string\"}}],\"inLanguage\":\"de\"},{\"@type\":\"Organization\",\"@id\":\"https:\/\/glareone.eu\/de\/en\/#organization\",\"name\":\"GlareOne\",\"url\":\"https:\/\/glareone.eu\/de\/en\/\",\"logo\":{\"@type\":\"ImageObject\",\"inLanguage\":\"de\",\"@id\":\"https:\/\/glareone.eu\/de\/en\/#\/schema\/logo\/image\/\",\"url\":\"http:\/\/glareone.eu\/wp-content\/uploads\/2024\/05\/glareone_logo2020_RGB-01-e1715773127189.png\",\"contentUrl\":\"http:\/\/glareone.eu\/wp-content\/uploads\/2024\/05\/glareone_logo2020_RGB-01-e1715773127189.png\",\"width\":1270,\"height\":321,\"caption\":\"GlareOne\"},\"image\":{\"@id\":\"https:\/\/glareone.eu\/de\/en\/#\/schema\/logo\/image\/\"},\"sameAs\":[\"https:\/\/www.facebook.com\/GlareOneLighting\",\"https:\/\/www.instagram.com\/glareonelighting\/\",\"https:\/\/www.youtube.com\/@GlareOneTV\"]}]}<\/script>\n<!-- \/ Yoast SEO plugin. -->","yoast_head_json":{"title":"GlareOne Vega 400 Starter Kit","description":"GlareOne Vega 400 Starter Kit","robots":{"index":"index","follow":"follow","max-snippet":"max-snippet:-1","max-image-preview":"max-image-preview:large","max-video-preview":"max-video-preview:-1"},"canonical":"https:\/\/glareone.eu\/de\/product\/glareone-vega-400-starter-kit\/","og_locale":"de_DE","og_type":"article","og_title":"GlareOne Vega 400 Starter Kit - zestaw o\u015bwietlenia studyjnego","og_description":"GlareOne Vega 400 Starter Kit","og_url":"https:\/\/glareone.eu\/de\/product\/glareone-vega-400-starter-kit\/","og_site_name":"GlareOne","article_publisher":"https:\/\/www.facebook.com\/GlareOneLighting","article_modified_time":"2024-08-27T08:40:25+00:00","og_image":[{"width":1200,"height":1200,"url":"https:\/\/glareone.eu\/wp-content\/uploads\/2024\/04\/SVEGA400KITS_01-min.jpg","type":"image\/jpeg"}],"twitter_card":"summary_large_image","twitter_title":"GlareOne Vega 400 Starter Kit - zestaw o\u015bwietlenia studyjnego","twitter_misc":{"Gesch\u00e4tzte Lesezeit":"2\u00a0Minuten"},"schema":{"@context":"https:\/\/schema.org","@graph":[{"@type":"WebPage","@id":"https:\/\/glareone.eu\/de\/product\/glareone-vega-400-starter-kit\/","url":"https:\/\/glareone.eu\/de\/product\/glareone-vega-400-starter-kit\/","name":"GlareOne Vega 400 Starter Kit","isPartOf":{"@id":"https:\/\/glareone.eu\/de\/en\/#website"},"primaryImageOfPage":{"@id":"https:\/\/glareone.eu\/de\/product\/glareone-vega-400-starter-kit\/#primaryimage"},"image":{"@id":"https:\/\/glareone.eu\/de\/product\/glareone-vega-400-starter-kit\/#primaryimage"},"thumbnailUrl":"https:\/\/glareone.eu\/wp-content\/uploads\/2024\/04\/SVEGA400KITS_01-min.jpg","datePublished":"2024-04-18T19:26:29+00:00","dateModified":"2024-08-27T08:40:25+00:00","description":"GlareOne Vega 400 Starter Kit","breadcrumb":{"@id":"https:\/\/glareone.eu\/de\/product\/glareone-vega-400-starter-kit\/#breadcrumb"},"inLanguage":"de","potentialAction":[{"@type":"ReadAction","target":["https:\/\/glareone.eu\/de\/product\/glareone-vega-400-starter-kit\/"]}]},{"@type":"ImageObject","inLanguage":"de","@id":"https:\/\/glareone.eu\/de\/product\/glareone-vega-400-starter-kit\/#primaryimage","url":"https:\/\/glareone.eu\/wp-content\/uploads\/2024\/04\/SVEGA400KITS_01-min.jpg","contentUrl":"https:\/\/glareone.eu\/wp-content\/uploads\/2024\/04\/SVEGA400KITS_01-min.jpg","width":1200,"height":1200},{"@type":"BreadcrumbList","@id":"https:\/\/glareone.eu\/de\/product\/glareone-vega-400-starter-kit\/#breadcrumb","itemListElement":[{"@type":"ListItem","position":1,"name":"Strona g\u0142\u00f3wna","item":"https:\/\/glareone.eu\/de\/"},{"@type":"ListItem","position":2,"name":"Alle Produkte","item":"https:\/\/glareone.eu\/de\/produkte\/alle-produkte\/"},{"@type":"ListItem","position":3,"name":"GlareOne Vega 400 Starter Kit"}]},{"@type":"WebSite","@id":"https:\/\/glareone.eu\/de\/en\/#website","url":"https:\/\/glareone.eu\/de\/en\/","name":"GlareOne","description":"Wyposa\u017cenie Studia","publisher":{"@id":"https:\/\/glareone.eu\/de\/en\/#organization"},"potentialAction":[{"@type":"SearchAction","target":{"@type":"EntryPoint","urlTemplate":"https:\/\/glareone.eu\/de\/en\/?s={search_term_string}"},"query-input":{"@type":"PropertyValueSpecification","valueRequired":true,"valueName":"search_term_string"}}],"inLanguage":"de"},{"@type":"Organization","@id":"https:\/\/glareone.eu\/de\/en\/#organization","name":"GlareOne","url":"https:\/\/glareone.eu\/de\/en\/","logo":{"@type":"ImageObject","inLanguage":"de","@id":"https:\/\/glareone.eu\/de\/en\/#\/schema\/logo\/image\/","url":"http:\/\/glareone.eu\/wp-content\/uploads\/2024\/05\/glareone_logo2020_RGB-01-e1715773127189.png","contentUrl":"http:\/\/glareone.eu\/wp-content\/uploads\/2024\/05\/glareone_logo2020_RGB-01-e1715773127189.png","width":1270,"height":321,"caption":"GlareOne"},"image":{"@id":"https:\/\/glareone.eu\/de\/en\/#\/schema\/logo\/image\/"},"sameAs":["https:\/\/www.facebook.com\/GlareOneLighting","https:\/\/www.instagram.com\/glareonelighting\/","https:\/\/www.youtube.com\/@GlareOneTV"]}]}},"_links":{"self":[{"href":"https:\/\/glareone.eu\/de\/wp-json\/wp\/v2\/product\/2710","targetHints":{"allow":["GET"]}}],"collection":[{"href":"https:\/\/glareone.eu\/de\/wp-json\/wp\/v2\/product"}],"about":[{"href":"https:\/\/glareone.eu\/de\/wp-json\/wp\/v2\/types\/product"}],"wp:featuredmedia":[{"embeddable":true,"href":"https:\/\/glareone.eu\/de\/wp-json\/wp\/v2\/media\/12689"}],"wp:attachment":[{"href":"https:\/\/glareone.eu\/de\/wp-json\/wp\/v2\/media?parent=2710"}],"wp:term":[{"taxonomy":"product_brand","embeddable":true,"href":"https:\/\/glareone.eu\/de\/wp-json\/wp\/v2\/product_brand?post=2710"},{"taxonomy":"product_cat","embeddable":true,"href":"https:\/\/glareone.eu\/de\/wp-json\/wp\/v2\/product_cat?post=2710"},{"taxonomy":"product_tag","embeddable":true,"href":"https:\/\/glareone.eu\/de\/wp-json\/wp\/v2\/product_tag?post=2710"}],"curies":[{"name":"wp","href":"https:\/\/api.w.org\/{rel}","templated":true}]}}