{"id":2610,"date":"2024-04-18T19:26:27","date_gmt":"2024-04-18T19:26:27","guid":{"rendered":"http:\/\/glareone.eu\/produkt\/glareone-softbox-hexa-90-pro\/"},"modified":"2024-04-24T07:09:11","modified_gmt":"2024-04-24T07:09:11","slug":"glareone-softbox-hexa-90-pro","status":"publish","type":"product","link":"https:\/\/glareone.eu\/de\/product\/glareone-softbox-hexa-90-pro\/","title":{"rendered":"GlareOne Softbox Hexa 90 PRO"},"content":{"rendered":"<p>Tiefe hexagonale Softbox mit doppeltem Diffusor, Easy Fold II Schnellspannmechanismus und Tragetasche.<\/p>\n<h3><strong>Lichtdurchl\u00e4ssig<\/strong><\/h3>\n<p>Dank ihres charakteristischen, sehr tiefen Profils hat sie die F\u00e4higkeit, das Licht der Lampe viel genauer zu lenken als ihre flachen Gegenst\u00fccke. Wenn sie ohne Diffusoren verwendet wird, funktioniert sie wie ein gro\u00dfes, gerichtetes Vordach, und nach ihrer Installation liefert sie ein weiches, sehr angenehmes Licht.<\/p>\n<h3><strong>Sechseckig<\/strong><\/h3>\n<p>Ihre Form resultiert nicht aus dem Wahnsinn des Designers, sondern daraus, dass die Softbox, die sich in den Augen einer fotografierten oder gefilmten Person spiegelt, eine sehr nat\u00fcrliche Reflexion liefert. Die Verwendung eines Designs mit 16 W\u00e4nden ergibt eine nahezu kreisf\u00f6rmige Reflexion, und das ist der Grund, warum Sie diese Art von Design verwenden sollten.<\/p>\n<h3><strong>Einfach zu bedienen und praktisch<\/strong><\/h3>\n<p>Die Hexa Softbox ist auf der Basis des Easy Fold II Rahmens aufgebaut, der ein schnelles und einfaches Auf- und Zuklappen erm\u00f6glicht. Sie ist auch mit einem Klettverschluss ausgestattet, der die Verwendung eines Wabengitters erm\u00f6glicht, was n\u00fctzlich ist, wenn Sie das Licht auf dem Set mit gro\u00dfer Pr\u00e4zision kontrollieren m\u00fcssen. Die mitgelieferte Tragetasche erleichtert den Transport und die Aufbewahrung.<\/p>\n<h3><strong>Sophisticated<\/strong><\/h3>\n<p>Der Softbox-Bezug besteht aus sehr leichtem, aber strapazierf\u00e4higem 300D Ripstop-Nylon. Die Verwendung von Ripstop-Gewebe macht das Material rei\u00dffester, w\u00e4hrend es ein relativ geringes Gewicht beh\u00e4lt. Die Diffusoren bestehen aus demselben Material mit geringerer Dichte (190D). Der reflektierende Bildschirm ist mit dem Bezugsmaterial laminiert, was eine lange Lebensdauer gew\u00e4hrleistet und die Licht\u00fcbertragung reduziert. Alle Materialien wurden ausgew\u00e4hlt, um die Farbneutralit\u00e4t zu bewahren, damit die Softbox die Lichtqualit\u00e4t der Lampe nicht beeintr\u00e4chtigt. Der Montagering und der Easy Fold II Mechanismus bestehen aus eloxiertem Aluminium, w\u00e4hrend die Rahmenstangen aus Stahl sind.<\/p>\n<h3><strong>Produktmerkmale:<\/strong><\/h3>\n<ul>\n<li>Ideal f\u00fcr Portr\u00e4tbeleuchtung.<\/li>\n<li>Kann als tiefes Vordach oder Softbox verwendet werden.<\/li>\n<li>Sehr einfach und schnell aufzubauen.<\/li>\n<li>Hat einen doppelten, abnehmbaren Diffusor.<\/li>\n<li>Kann mit einem Wabengitter nachger\u00fcstet werden.<\/li>\n<li>Hat ein tiefes (parabolisches) Profil.<\/li>\n<li>Hergestellt aus hochwertigen Materialien.<\/li>\n<li>Wird in einer praktischen Tragetasche geliefert.<\/li>\n<\/ul>\n","protected":false},"excerpt":{"rendered":"<p>Tiefe hexagonale Softbox mit doppeltem Diffusor, Easy Fold II Schnellspannmechanismus und Tragetasche. Lichtdurchl\u00e4ssig Dank ihres charakteristischen, sehr tiefen Profils hat sie die F\u00e4higkeit, das Licht der Lampe viel genauer zu lenken als ihre flachen Gegenst\u00fccke. Wenn sie ohne Diffusoren verwendet wird, funktioniert sie wie ein gro\u00dfes, gerichtetes Vordach, und nach ihrer Installation liefert sie ein [&hellip;]<\/p>\n","protected":false},"featured_media":2118,"template":"","meta":[],"product_brand":[],"product_cat":[367],"product_tag":[],"class_list":{"0":"post-2610","1":"product","2":"type-product","3":"status-publish","4":"has-post-thumbnail","6":"product_cat-pro-de","8":"first","9":"instock","10":"product-type-simple"},"yoast_head":"<!-- This site is optimized with the Yoast SEO plugin v27.2 - https:\/\/yoast.com\/product\/yoast-seo-wordpress\/ -->\n<title>GlareOne Softbox Hexa 90 PRO<\/title>\n<meta name=\"description\" content=\"GlareOne Softbox Hexa 90 PRO\" \/>\n<meta name=\"robots\" content=\"index, follow, max-snippet:-1, max-image-preview:large, max-video-preview:-1\" \/>\n<link rel=\"canonical\" href=\"https:\/\/glareone.eu\/de\/product\/glareone-softbox-hexa-90-pro\/\" \/>\n<meta property=\"og:locale\" content=\"de_DE\" \/>\n<meta property=\"og:type\" content=\"article\" \/>\n<meta property=\"og:title\" content=\"GlareOne Softbox Hexa 90 PRO\" \/>\n<meta property=\"og:description\" content=\"GlareOne Softbox Hexa 90 PRO\" \/>\n<meta property=\"og:url\" content=\"https:\/\/glareone.eu\/de\/product\/glareone-softbox-hexa-90-pro\/\" \/>\n<meta property=\"og:site_name\" content=\"GlareOne\" \/>\n<meta property=\"article:publisher\" content=\"https:\/\/www.facebook.com\/GlareOneLighting\" \/>\n<meta property=\"article:modified_time\" content=\"2024-04-24T07:09:11+00:00\" \/>\n<meta property=\"og:image\" content=\"https:\/\/glareone.eu\/wp-content\/uploads\/2024\/04\/GlareOne-Softbox-Hexa-90-PRO-01.jpg\" \/>\n\t<meta property=\"og:image:width\" content=\"1200\" \/>\n\t<meta property=\"og:image:height\" content=\"1200\" \/>\n\t<meta property=\"og:image:type\" content=\"image\/jpeg\" \/>\n<meta name=\"twitter:card\" content=\"summary_large_image\" \/>\n<meta name=\"twitter:title\" content=\"GlareOne Softbox Hexa 90 PRO\" \/>\n<meta name=\"twitter:label1\" content=\"Gesch\u00e4tzte Lesezeit\" \/>\n\t<meta name=\"twitter:data1\" content=\"2\u00a0Minuten\" \/>\n<script type=\"application\/ld+json\" class=\"yoast-schema-graph\">{\"@context\":\"https:\/\/schema.org\",\"@graph\":[{\"@type\":\"WebPage\",\"@id\":\"https:\/\/glareone.eu\/de\/product\/glareone-softbox-hexa-90-pro\/\",\"url\":\"https:\/\/glareone.eu\/de\/product\/glareone-softbox-hexa-90-pro\/\",\"name\":\"GlareOne Softbox Hexa 90 PRO\",\"isPartOf\":{\"@id\":\"https:\/\/glareone.eu\/de\/en\/#website\"},\"primaryImageOfPage\":{\"@id\":\"https:\/\/glareone.eu\/de\/product\/glareone-softbox-hexa-90-pro\/#primaryimage\"},\"image\":{\"@id\":\"https:\/\/glareone.eu\/de\/product\/glareone-softbox-hexa-90-pro\/#primaryimage\"},\"thumbnailUrl\":\"https:\/\/glareone.eu\/wp-content\/uploads\/2024\/04\/GlareOne-Softbox-Hexa-90-PRO-01.jpg\",\"datePublished\":\"2024-04-18T19:26:27+00:00\",\"dateModified\":\"2024-04-24T07:09:11+00:00\",\"description\":\"GlareOne Softbox Hexa 90 PRO\",\"breadcrumb\":{\"@id\":\"https:\/\/glareone.eu\/de\/product\/glareone-softbox-hexa-90-pro\/#breadcrumb\"},\"inLanguage\":\"de\",\"potentialAction\":[{\"@type\":\"ReadAction\",\"target\":[\"https:\/\/glareone.eu\/de\/product\/glareone-softbox-hexa-90-pro\/\"]}]},{\"@type\":\"ImageObject\",\"inLanguage\":\"de\",\"@id\":\"https:\/\/glareone.eu\/de\/product\/glareone-softbox-hexa-90-pro\/#primaryimage\",\"url\":\"https:\/\/glareone.eu\/wp-content\/uploads\/2024\/04\/GlareOne-Softbox-Hexa-90-PRO-01.jpg\",\"contentUrl\":\"https:\/\/glareone.eu\/wp-content\/uploads\/2024\/04\/GlareOne-Softbox-Hexa-90-PRO-01.jpg\",\"width\":1200,\"height\":1200},{\"@type\":\"BreadcrumbList\",\"@id\":\"https:\/\/glareone.eu\/de\/product\/glareone-softbox-hexa-90-pro\/#breadcrumb\",\"itemListElement\":[{\"@type\":\"ListItem\",\"position\":1,\"name\":\"Strona g\u0142\u00f3wna\",\"item\":\"https:\/\/glareone.eu\/de\/\"},{\"@type\":\"ListItem\",\"position\":2,\"name\":\"Alle Produkte\",\"item\":\"https:\/\/glareone.eu\/de\/produkte\/alle-produkte\/\"},{\"@type\":\"ListItem\",\"position\":3,\"name\":\"GlareOne Softbox Hexa 90 PRO\"}]},{\"@type\":\"WebSite\",\"@id\":\"https:\/\/glareone.eu\/de\/en\/#website\",\"url\":\"https:\/\/glareone.eu\/de\/en\/\",\"name\":\"GlareOne\",\"description\":\"Wyposa\u017cenie Studia\",\"publisher\":{\"@id\":\"https:\/\/glareone.eu\/de\/en\/#organization\"},\"potentialAction\":[{\"@type\":\"SearchAction\",\"target\":{\"@type\":\"EntryPoint\",\"urlTemplate\":\"https:\/\/glareone.eu\/de\/en\/?s={search_term_string}\"},\"query-input\":{\"@type\":\"PropertyValueSpecification\",\"valueRequired\":true,\"valueName\":\"search_term_string\"}}],\"inLanguage\":\"de\"},{\"@type\":\"Organization\",\"@id\":\"https:\/\/glareone.eu\/de\/en\/#organization\",\"name\":\"GlareOne\",\"url\":\"https:\/\/glareone.eu\/de\/en\/\",\"logo\":{\"@type\":\"ImageObject\",\"inLanguage\":\"de\",\"@id\":\"https:\/\/glareone.eu\/de\/en\/#\/schema\/logo\/image\/\",\"url\":\"http:\/\/glareone.eu\/wp-content\/uploads\/2024\/05\/glareone_logo2020_RGB-01-e1715773127189.png\",\"contentUrl\":\"http:\/\/glareone.eu\/wp-content\/uploads\/2024\/05\/glareone_logo2020_RGB-01-e1715773127189.png\",\"width\":1270,\"height\":321,\"caption\":\"GlareOne\"},\"image\":{\"@id\":\"https:\/\/glareone.eu\/de\/en\/#\/schema\/logo\/image\/\"},\"sameAs\":[\"https:\/\/www.facebook.com\/GlareOneLighting\",\"https:\/\/www.instagram.com\/glareonelighting\/\",\"https:\/\/www.youtube.com\/@GlareOneTV\"]}]}<\/script>\n<!-- \/ Yoast SEO plugin. -->","yoast_head_json":{"title":"GlareOne Softbox Hexa 90 PRO","description":"GlareOne Softbox Hexa 90 PRO","robots":{"index":"index","follow":"follow","max-snippet":"max-snippet:-1","max-image-preview":"max-image-preview:large","max-video-preview":"max-video-preview:-1"},"canonical":"https:\/\/glareone.eu\/de\/product\/glareone-softbox-hexa-90-pro\/","og_locale":"de_DE","og_type":"article","og_title":"GlareOne Softbox Hexa 90 PRO","og_description":"GlareOne Softbox Hexa 90 PRO","og_url":"https:\/\/glareone.eu\/de\/product\/glareone-softbox-hexa-90-pro\/","og_site_name":"GlareOne","article_publisher":"https:\/\/www.facebook.com\/GlareOneLighting","article_modified_time":"2024-04-24T07:09:11+00:00","og_image":[{"width":1200,"height":1200,"url":"https:\/\/glareone.eu\/wp-content\/uploads\/2024\/04\/GlareOne-Softbox-Hexa-90-PRO-01.jpg","type":"image\/jpeg"}],"twitter_card":"summary_large_image","twitter_title":"GlareOne Softbox Hexa 90 PRO","twitter_misc":{"Gesch\u00e4tzte Lesezeit":"2\u00a0Minuten"},"schema":{"@context":"https:\/\/schema.org","@graph":[{"@type":"WebPage","@id":"https:\/\/glareone.eu\/de\/product\/glareone-softbox-hexa-90-pro\/","url":"https:\/\/glareone.eu\/de\/product\/glareone-softbox-hexa-90-pro\/","name":"GlareOne Softbox Hexa 90 PRO","isPartOf":{"@id":"https:\/\/glareone.eu\/de\/en\/#website"},"primaryImageOfPage":{"@id":"https:\/\/glareone.eu\/de\/product\/glareone-softbox-hexa-90-pro\/#primaryimage"},"image":{"@id":"https:\/\/glareone.eu\/de\/product\/glareone-softbox-hexa-90-pro\/#primaryimage"},"thumbnailUrl":"https:\/\/glareone.eu\/wp-content\/uploads\/2024\/04\/GlareOne-Softbox-Hexa-90-PRO-01.jpg","datePublished":"2024-04-18T19:26:27+00:00","dateModified":"2024-04-24T07:09:11+00:00","description":"GlareOne Softbox Hexa 90 PRO","breadcrumb":{"@id":"https:\/\/glareone.eu\/de\/product\/glareone-softbox-hexa-90-pro\/#breadcrumb"},"inLanguage":"de","potentialAction":[{"@type":"ReadAction","target":["https:\/\/glareone.eu\/de\/product\/glareone-softbox-hexa-90-pro\/"]}]},{"@type":"ImageObject","inLanguage":"de","@id":"https:\/\/glareone.eu\/de\/product\/glareone-softbox-hexa-90-pro\/#primaryimage","url":"https:\/\/glareone.eu\/wp-content\/uploads\/2024\/04\/GlareOne-Softbox-Hexa-90-PRO-01.jpg","contentUrl":"https:\/\/glareone.eu\/wp-content\/uploads\/2024\/04\/GlareOne-Softbox-Hexa-90-PRO-01.jpg","width":1200,"height":1200},{"@type":"BreadcrumbList","@id":"https:\/\/glareone.eu\/de\/product\/glareone-softbox-hexa-90-pro\/#breadcrumb","itemListElement":[{"@type":"ListItem","position":1,"name":"Strona g\u0142\u00f3wna","item":"https:\/\/glareone.eu\/de\/"},{"@type":"ListItem","position":2,"name":"Alle Produkte","item":"https:\/\/glareone.eu\/de\/produkte\/alle-produkte\/"},{"@type":"ListItem","position":3,"name":"GlareOne Softbox Hexa 90 PRO"}]},{"@type":"WebSite","@id":"https:\/\/glareone.eu\/de\/en\/#website","url":"https:\/\/glareone.eu\/de\/en\/","name":"GlareOne","description":"Wyposa\u017cenie Studia","publisher":{"@id":"https:\/\/glareone.eu\/de\/en\/#organization"},"potentialAction":[{"@type":"SearchAction","target":{"@type":"EntryPoint","urlTemplate":"https:\/\/glareone.eu\/de\/en\/?s={search_term_string}"},"query-input":{"@type":"PropertyValueSpecification","valueRequired":true,"valueName":"search_term_string"}}],"inLanguage":"de"},{"@type":"Organization","@id":"https:\/\/glareone.eu\/de\/en\/#organization","name":"GlareOne","url":"https:\/\/glareone.eu\/de\/en\/","logo":{"@type":"ImageObject","inLanguage":"de","@id":"https:\/\/glareone.eu\/de\/en\/#\/schema\/logo\/image\/","url":"http:\/\/glareone.eu\/wp-content\/uploads\/2024\/05\/glareone_logo2020_RGB-01-e1715773127189.png","contentUrl":"http:\/\/glareone.eu\/wp-content\/uploads\/2024\/05\/glareone_logo2020_RGB-01-e1715773127189.png","width":1270,"height":321,"caption":"GlareOne"},"image":{"@id":"https:\/\/glareone.eu\/de\/en\/#\/schema\/logo\/image\/"},"sameAs":["https:\/\/www.facebook.com\/GlareOneLighting","https:\/\/www.instagram.com\/glareonelighting\/","https:\/\/www.youtube.com\/@GlareOneTV"]}]}},"_links":{"self":[{"href":"https:\/\/glareone.eu\/de\/wp-json\/wp\/v2\/product\/2610","targetHints":{"allow":["GET"]}}],"collection":[{"href":"https:\/\/glareone.eu\/de\/wp-json\/wp\/v2\/product"}],"about":[{"href":"https:\/\/glareone.eu\/de\/wp-json\/wp\/v2\/types\/product"}],"wp:featuredmedia":[{"embeddable":true,"href":"https:\/\/glareone.eu\/de\/wp-json\/wp\/v2\/media\/2118"}],"wp:attachment":[{"href":"https:\/\/glareone.eu\/de\/wp-json\/wp\/v2\/media?parent=2610"}],"wp:term":[{"taxonomy":"product_brand","embeddable":true,"href":"https:\/\/glareone.eu\/de\/wp-json\/wp\/v2\/product_brand?post=2610"},{"taxonomy":"product_cat","embeddable":true,"href":"https:\/\/glareone.eu\/de\/wp-json\/wp\/v2\/product_cat?post=2610"},{"taxonomy":"product_tag","embeddable":true,"href":"https:\/\/glareone.eu\/de\/wp-json\/wp\/v2\/product_tag?post=2610"}],"curies":[{"name":"wp","href":"https:\/\/api.w.org\/{rel}","templated":true}]}}