{"id":2574,"date":"2024-04-18T19:26:24","date_gmt":"2024-04-18T19:26:24","guid":{"rendered":"http:\/\/glareone.eu\/produkt\/glareone-grid-do-softboxow-60x90-pro\/"},"modified":"2024-04-24T06:52:43","modified_gmt":"2024-04-24T06:52:43","slug":"glareone-softbox-grid-60x90-pro","status":"publish","type":"product","link":"https:\/\/glareone.eu\/de\/product\/glareone-softbox-grid-60x90-pro\/","title":{"rendered":"GlareOne Softbox Grid 60&#215;90 PRO"},"content":{"rendered":"<p>Honigwaben-Gitter f\u00fcr GlareOne 60&#215;90 PRO Softboxen.<\/p>\n<p><b>Kontrolle<\/b><\/p>\n<p><span style=\"font-weight: 400;\">Wenn an einem Softbox angebracht, erm\u00f6glicht das Honeycomb eine bessere Kontrolle dar\u00fcber, wie das Licht \u00fcber Ihr Motiv und den gesamten Satz verteilt wird. Das Honeycomb begrenzt die seitliche Lichtausbreitung, was es einfacher macht, das Licht bewusst zu kontrollieren.<\/span><\/p>\n<p><b>Dichte<\/b><\/p>\n<p><span style=\"font-weight: 400;\">Die Patches f\u00fcr die PRO-Softbox-Serie zeichnen sich durch ihre hohe Dichte aus. Ein einzelnes Gitter misst 4 x 4 cm und hat eine Tiefe von 4 cm.<\/span><\/p>\n<p><b>Produktmerkmale:<\/b><\/p>\n<ul>\n<li><span style=\"font-weight: 400;\">Erm\u00f6glicht es Ihnen, den Winkel der Softboxen zu reduzieren<\/span><\/li>\n<li><span style=\"font-weight: 400;\">Gibt bessere Lichtkontrolle<\/span><\/li>\n<li><span style=\"font-weight: 400;\">Erh\u00f6ht leicht den Lichtkontrast<\/span><\/li>\n<li><span style=\"font-weight: 400;\">Mit Patches k\u00f6nnen Sie Streulicht mit Gegenlicht reduzieren<\/span><\/li>\n<li><span style=\"font-weight: 400;\">Ausgestattet mit Klettverschluss f\u00fcr schnelle Installation und Entfernung<\/span><\/li>\n<li><span style=\"font-weight: 400;\">Hergestellt aus leichtem Nylon, was es leicht und klein macht, wenn es verpackt ist<\/span><\/li>\n<\/ul>\n","protected":false},"excerpt":{"rendered":"<p>Honigwaben-Gitter f\u00fcr GlareOne 60&#215;90 PRO Softboxen. Kontrolle Wenn an einem Softbox angebracht, erm\u00f6glicht das Honeycomb eine bessere Kontrolle dar\u00fcber, wie das Licht \u00fcber Ihr Motiv und den gesamten Satz verteilt wird. Das Honeycomb begrenzt die seitliche Lichtausbreitung, was es einfacher macht, das Licht bewusst zu kontrollieren. Dichte Die Patches f\u00fcr die PRO-Softbox-Serie zeichnen sich durch [&hellip;]<\/p>\n","protected":false},"featured_media":2033,"template":"","meta":[],"product_brand":[],"product_cat":[470],"product_tag":[],"class_list":{"0":"post-2574","1":"product","2":"type-product","3":"status-publish","4":"has-post-thumbnail","6":"product_cat-grids-de","8":"first","9":"instock","10":"product-type-simple"},"yoast_head":"<!-- This site is optimized with the Yoast SEO plugin v27.2 - https:\/\/yoast.com\/product\/yoast-seo-wordpress\/ -->\n<title>GlareOne Grid do softbox\u00f3w 60x90 PRO<\/title>\n<meta name=\"description\" content=\"GlareOne Grid do softbox\u00f3w 60x90 PRO\" \/>\n<meta name=\"robots\" content=\"index, follow, max-snippet:-1, max-image-preview:large, max-video-preview:-1\" \/>\n<link rel=\"canonical\" href=\"https:\/\/glareone.eu\/de\/product\/glareone-softbox-grid-60x90-pro\/\" \/>\n<meta property=\"og:locale\" content=\"de_DE\" \/>\n<meta property=\"og:type\" content=\"article\" \/>\n<meta property=\"og:title\" content=\"GlareOne Grid do softbox\u00f3w 60x90 PRO\" \/>\n<meta property=\"og:description\" content=\"GlareOne Grid do softbox\u00f3w 60x90 PRO\" \/>\n<meta property=\"og:url\" content=\"https:\/\/glareone.eu\/de\/product\/glareone-softbox-grid-60x90-pro\/\" \/>\n<meta property=\"og:site_name\" content=\"GlareOne\" \/>\n<meta property=\"article:publisher\" content=\"https:\/\/www.facebook.com\/GlareOneLighting\" \/>\n<meta property=\"article:modified_time\" content=\"2024-04-24T06:52:43+00:00\" \/>\n<meta property=\"og:image\" content=\"https:\/\/glareone.eu\/wp-content\/uploads\/2024\/04\/GlareOne-Grid-do-softboxow-60x90-PRO-01.jpg\" \/>\n\t<meta property=\"og:image:width\" content=\"1200\" \/>\n\t<meta property=\"og:image:height\" content=\"1200\" \/>\n\t<meta property=\"og:image:type\" content=\"image\/jpeg\" \/>\n<meta name=\"twitter:card\" content=\"summary_large_image\" \/>\n<meta name=\"twitter:title\" content=\"GlareOne Grid do softbox\u00f3w 60x90 PRO\" \/>\n<meta name=\"twitter:label1\" content=\"Gesch\u00e4tzte Lesezeit\" \/>\n\t<meta name=\"twitter:data1\" content=\"1\u00a0Minute\" \/>\n<script type=\"application\/ld+json\" class=\"yoast-schema-graph\">{\"@context\":\"https:\/\/schema.org\",\"@graph\":[{\"@type\":\"WebPage\",\"@id\":\"https:\/\/glareone.eu\/de\/product\/glareone-softbox-grid-60x90-pro\/\",\"url\":\"https:\/\/glareone.eu\/de\/product\/glareone-softbox-grid-60x90-pro\/\",\"name\":\"GlareOne Grid do softbox\u00f3w 60x90 PRO\",\"isPartOf\":{\"@id\":\"https:\/\/glareone.eu\/de\/en\/#website\"},\"primaryImageOfPage\":{\"@id\":\"https:\/\/glareone.eu\/de\/product\/glareone-softbox-grid-60x90-pro\/#primaryimage\"},\"image\":{\"@id\":\"https:\/\/glareone.eu\/de\/product\/glareone-softbox-grid-60x90-pro\/#primaryimage\"},\"thumbnailUrl\":\"https:\/\/glareone.eu\/wp-content\/uploads\/2024\/04\/GlareOne-Grid-do-softboxow-60x90-PRO-01.jpg\",\"datePublished\":\"2024-04-18T19:26:24+00:00\",\"dateModified\":\"2024-04-24T06:52:43+00:00\",\"description\":\"GlareOne Grid do softbox\u00f3w 60x90 PRO\",\"breadcrumb\":{\"@id\":\"https:\/\/glareone.eu\/de\/product\/glareone-softbox-grid-60x90-pro\/#breadcrumb\"},\"inLanguage\":\"de\",\"potentialAction\":[{\"@type\":\"ReadAction\",\"target\":[\"https:\/\/glareone.eu\/de\/product\/glareone-softbox-grid-60x90-pro\/\"]}]},{\"@type\":\"ImageObject\",\"inLanguage\":\"de\",\"@id\":\"https:\/\/glareone.eu\/de\/product\/glareone-softbox-grid-60x90-pro\/#primaryimage\",\"url\":\"https:\/\/glareone.eu\/wp-content\/uploads\/2024\/04\/GlareOne-Grid-do-softboxow-60x90-PRO-01.jpg\",\"contentUrl\":\"https:\/\/glareone.eu\/wp-content\/uploads\/2024\/04\/GlareOne-Grid-do-softboxow-60x90-PRO-01.jpg\",\"width\":1200,\"height\":1200},{\"@type\":\"BreadcrumbList\",\"@id\":\"https:\/\/glareone.eu\/de\/product\/glareone-softbox-grid-60x90-pro\/#breadcrumb\",\"itemListElement\":[{\"@type\":\"ListItem\",\"position\":1,\"name\":\"Strona g\u0142\u00f3wna\",\"item\":\"https:\/\/glareone.eu\/de\/\"},{\"@type\":\"ListItem\",\"position\":2,\"name\":\"Alle Produkte\",\"item\":\"https:\/\/glareone.eu\/de\/produkte\/alle-produkte\/\"},{\"@type\":\"ListItem\",\"position\":3,\"name\":\"GlareOne Softbox Grid 60&#215;90 PRO\"}]},{\"@type\":\"WebSite\",\"@id\":\"https:\/\/glareone.eu\/de\/en\/#website\",\"url\":\"https:\/\/glareone.eu\/de\/en\/\",\"name\":\"GlareOne\",\"description\":\"Wyposa\u017cenie Studia\",\"publisher\":{\"@id\":\"https:\/\/glareone.eu\/de\/en\/#organization\"},\"potentialAction\":[{\"@type\":\"SearchAction\",\"target\":{\"@type\":\"EntryPoint\",\"urlTemplate\":\"https:\/\/glareone.eu\/de\/en\/?s={search_term_string}\"},\"query-input\":{\"@type\":\"PropertyValueSpecification\",\"valueRequired\":true,\"valueName\":\"search_term_string\"}}],\"inLanguage\":\"de\"},{\"@type\":\"Organization\",\"@id\":\"https:\/\/glareone.eu\/de\/en\/#organization\",\"name\":\"GlareOne\",\"url\":\"https:\/\/glareone.eu\/de\/en\/\",\"logo\":{\"@type\":\"ImageObject\",\"inLanguage\":\"de\",\"@id\":\"https:\/\/glareone.eu\/de\/en\/#\/schema\/logo\/image\/\",\"url\":\"http:\/\/glareone.eu\/wp-content\/uploads\/2024\/05\/glareone_logo2020_RGB-01-e1715773127189.png\",\"contentUrl\":\"http:\/\/glareone.eu\/wp-content\/uploads\/2024\/05\/glareone_logo2020_RGB-01-e1715773127189.png\",\"width\":1270,\"height\":321,\"caption\":\"GlareOne\"},\"image\":{\"@id\":\"https:\/\/glareone.eu\/de\/en\/#\/schema\/logo\/image\/\"},\"sameAs\":[\"https:\/\/www.facebook.com\/GlareOneLighting\",\"https:\/\/www.instagram.com\/glareonelighting\/\",\"https:\/\/www.youtube.com\/@GlareOneTV\"]}]}<\/script>\n<!-- \/ Yoast SEO plugin. -->","yoast_head_json":{"title":"GlareOne Grid do softbox\u00f3w 60x90 PRO","description":"GlareOne Grid do softbox\u00f3w 60x90 PRO","robots":{"index":"index","follow":"follow","max-snippet":"max-snippet:-1","max-image-preview":"max-image-preview:large","max-video-preview":"max-video-preview:-1"},"canonical":"https:\/\/glareone.eu\/de\/product\/glareone-softbox-grid-60x90-pro\/","og_locale":"de_DE","og_type":"article","og_title":"GlareOne Grid do softbox\u00f3w 60x90 PRO","og_description":"GlareOne Grid do softbox\u00f3w 60x90 PRO","og_url":"https:\/\/glareone.eu\/de\/product\/glareone-softbox-grid-60x90-pro\/","og_site_name":"GlareOne","article_publisher":"https:\/\/www.facebook.com\/GlareOneLighting","article_modified_time":"2024-04-24T06:52:43+00:00","og_image":[{"width":1200,"height":1200,"url":"https:\/\/glareone.eu\/wp-content\/uploads\/2024\/04\/GlareOne-Grid-do-softboxow-60x90-PRO-01.jpg","type":"image\/jpeg"}],"twitter_card":"summary_large_image","twitter_title":"GlareOne Grid do softbox\u00f3w 60x90 PRO","twitter_misc":{"Gesch\u00e4tzte Lesezeit":"1\u00a0Minute"},"schema":{"@context":"https:\/\/schema.org","@graph":[{"@type":"WebPage","@id":"https:\/\/glareone.eu\/de\/product\/glareone-softbox-grid-60x90-pro\/","url":"https:\/\/glareone.eu\/de\/product\/glareone-softbox-grid-60x90-pro\/","name":"GlareOne Grid do softbox\u00f3w 60x90 PRO","isPartOf":{"@id":"https:\/\/glareone.eu\/de\/en\/#website"},"primaryImageOfPage":{"@id":"https:\/\/glareone.eu\/de\/product\/glareone-softbox-grid-60x90-pro\/#primaryimage"},"image":{"@id":"https:\/\/glareone.eu\/de\/product\/glareone-softbox-grid-60x90-pro\/#primaryimage"},"thumbnailUrl":"https:\/\/glareone.eu\/wp-content\/uploads\/2024\/04\/GlareOne-Grid-do-softboxow-60x90-PRO-01.jpg","datePublished":"2024-04-18T19:26:24+00:00","dateModified":"2024-04-24T06:52:43+00:00","description":"GlareOne Grid do softbox\u00f3w 60x90 PRO","breadcrumb":{"@id":"https:\/\/glareone.eu\/de\/product\/glareone-softbox-grid-60x90-pro\/#breadcrumb"},"inLanguage":"de","potentialAction":[{"@type":"ReadAction","target":["https:\/\/glareone.eu\/de\/product\/glareone-softbox-grid-60x90-pro\/"]}]},{"@type":"ImageObject","inLanguage":"de","@id":"https:\/\/glareone.eu\/de\/product\/glareone-softbox-grid-60x90-pro\/#primaryimage","url":"https:\/\/glareone.eu\/wp-content\/uploads\/2024\/04\/GlareOne-Grid-do-softboxow-60x90-PRO-01.jpg","contentUrl":"https:\/\/glareone.eu\/wp-content\/uploads\/2024\/04\/GlareOne-Grid-do-softboxow-60x90-PRO-01.jpg","width":1200,"height":1200},{"@type":"BreadcrumbList","@id":"https:\/\/glareone.eu\/de\/product\/glareone-softbox-grid-60x90-pro\/#breadcrumb","itemListElement":[{"@type":"ListItem","position":1,"name":"Strona g\u0142\u00f3wna","item":"https:\/\/glareone.eu\/de\/"},{"@type":"ListItem","position":2,"name":"Alle Produkte","item":"https:\/\/glareone.eu\/de\/produkte\/alle-produkte\/"},{"@type":"ListItem","position":3,"name":"GlareOne Softbox Grid 60&#215;90 PRO"}]},{"@type":"WebSite","@id":"https:\/\/glareone.eu\/de\/en\/#website","url":"https:\/\/glareone.eu\/de\/en\/","name":"GlareOne","description":"Wyposa\u017cenie Studia","publisher":{"@id":"https:\/\/glareone.eu\/de\/en\/#organization"},"potentialAction":[{"@type":"SearchAction","target":{"@type":"EntryPoint","urlTemplate":"https:\/\/glareone.eu\/de\/en\/?s={search_term_string}"},"query-input":{"@type":"PropertyValueSpecification","valueRequired":true,"valueName":"search_term_string"}}],"inLanguage":"de"},{"@type":"Organization","@id":"https:\/\/glareone.eu\/de\/en\/#organization","name":"GlareOne","url":"https:\/\/glareone.eu\/de\/en\/","logo":{"@type":"ImageObject","inLanguage":"de","@id":"https:\/\/glareone.eu\/de\/en\/#\/schema\/logo\/image\/","url":"http:\/\/glareone.eu\/wp-content\/uploads\/2024\/05\/glareone_logo2020_RGB-01-e1715773127189.png","contentUrl":"http:\/\/glareone.eu\/wp-content\/uploads\/2024\/05\/glareone_logo2020_RGB-01-e1715773127189.png","width":1270,"height":321,"caption":"GlareOne"},"image":{"@id":"https:\/\/glareone.eu\/de\/en\/#\/schema\/logo\/image\/"},"sameAs":["https:\/\/www.facebook.com\/GlareOneLighting","https:\/\/www.instagram.com\/glareonelighting\/","https:\/\/www.youtube.com\/@GlareOneTV"]}]}},"_links":{"self":[{"href":"https:\/\/glareone.eu\/de\/wp-json\/wp\/v2\/product\/2574","targetHints":{"allow":["GET"]}}],"collection":[{"href":"https:\/\/glareone.eu\/de\/wp-json\/wp\/v2\/product"}],"about":[{"href":"https:\/\/glareone.eu\/de\/wp-json\/wp\/v2\/types\/product"}],"wp:featuredmedia":[{"embeddable":true,"href":"https:\/\/glareone.eu\/de\/wp-json\/wp\/v2\/media\/2033"}],"wp:attachment":[{"href":"https:\/\/glareone.eu\/de\/wp-json\/wp\/v2\/media?parent=2574"}],"wp:term":[{"taxonomy":"product_brand","embeddable":true,"href":"https:\/\/glareone.eu\/de\/wp-json\/wp\/v2\/product_brand?post=2574"},{"taxonomy":"product_cat","embeddable":true,"href":"https:\/\/glareone.eu\/de\/wp-json\/wp\/v2\/product_cat?post=2574"},{"taxonomy":"product_tag","embeddable":true,"href":"https:\/\/glareone.eu\/de\/wp-json\/wp\/v2\/product_tag?post=2574"}],"curies":[{"name":"wp","href":"https:\/\/api.w.org\/{rel}","templated":true}]}}