{"id":2567,"date":"2024-04-18T19:26:24","date_gmt":"2024-04-18T19:26:24","guid":{"rendered":"http:\/\/glareone.eu\/produkt\/glareone-softbox-60x90-pro\/"},"modified":"2024-04-24T06:41:47","modified_gmt":"2024-04-24T06:41:47","slug":"glareone-softbox-60x90-pro","status":"publish","type":"product","link":"https:\/\/glareone.eu\/de\/product\/glareone-softbox-60x90-pro\/","title":{"rendered":"GlareOne Softbox 60&#215;90 PRO"},"content":{"rendered":"<p>Rechteckige Softbox ausgestattet mit doppeltem Diffusor, Easy Fold II Schnellverschlussmechanismus, Gitter und Abdeckung.<\/p>\n<h3><strong>Einfach zu bedienen<\/strong><\/h3>\n<p>Die Softbox ist auf Basis des Easy Fold II Rahmens aufgebaut, was ein schnelles und einfaches Auf- und Zusammenklappen erm\u00f6glicht. Sie ist auch mit Klettverschluss ausgestattet, der die Verwendung eines Wabenrasters erm\u00f6glicht, was n\u00fctzlich ist, wenn Sie das Licht am Set kontrollieren m\u00fcssen.<\/p>\n<h3><strong>Handlich<\/strong><\/h3>\n<p>Die Softbox ist so geformt, dass Sie das Set gleichm\u00e4\u00dfig beleuchten k\u00f6nnen, w\u00e4hrend gleichzeitig ein einfaches Handling auch in einem kleinen Raum gew\u00e4hrleistet ist. Aufgrund ihrer geringen Tiefe ist es sehr einfach, sie an einem Schwenkarmstativ aufzuh\u00e4ngen oder in engen R\u00e4umen zu verwenden. Die mitgelieferte Tragetasche erleichtert den Transport und die Aufbewahrung der Softbox.<\/p>\n<h3><strong>Sophistiziert<\/strong><\/h3>\n<p>Die Abdeckung der Softbox besteht aus sehr leichtem, aber dennoch strapazierf\u00e4higem 300D Ripstop-Nylon. Die Verwendung des Ripstop-Gewebes macht das Material rei\u00dffester, w\u00e4hrend das Gewicht relativ niedrig bleibt. Die Diffusoren bestehen aus dem gleichen Material mit geringerer Dichte (190D). Der reflektierende Bildschirm ist mit dem Abdeckmaterial laminiert, was eine lange Lebensdauer gew\u00e4hrleistet und die Lichtdurchl\u00e4ssigkeit reduziert. Alle Materialien wurden ausgew\u00e4hlt, um die Farbneutralit\u00e4t zu erhalten, damit die Softbox die Lichtqualit\u00e4t der Lampe nicht beeintr\u00e4chtigt. Der Montagering und der Easy Fold II Mechanismus bestehen aus eloxiertem Aluminium, w\u00e4hrend die Rahmenstangen aus Stahl sind.<\/p>\n<h3><strong>Produktmerkmale:<\/strong><\/h3>\n<ul>\n<li>Unverzichtbar f\u00fcr Produkt- und Modeshootings<\/li>\n<li>Sehr einfach und schnell einzurichten<\/li>\n<li>Es hat einen doppelten, abnehmbaren Diffusor<\/li>\n<li>Kommt mit einem Wabenraster (Gitter)<\/li>\n<li>Es ist aus hochwertigen Materialien gefertigt<\/li>\n<li>Wird in einer praktischen Tragetasche geliefert<\/li>\n<\/ul>\n","protected":false},"excerpt":{"rendered":"<p>Rechteckige Softbox ausgestattet mit doppeltem Diffusor, Easy Fold II Schnellverschlussmechanismus, Gitter und Abdeckung. Einfach zu bedienen Die Softbox ist auf Basis des Easy Fold II Rahmens aufgebaut, was ein schnelles und einfaches Auf- und Zusammenklappen erm\u00f6glicht. Sie ist auch mit Klettverschluss ausgestattet, der die Verwendung eines Wabenrasters erm\u00f6glicht, was n\u00fctzlich ist, wenn Sie das Licht [&hellip;]<\/p>\n","protected":false},"featured_media":2004,"template":"","meta":[],"product_brand":[],"product_cat":[367],"product_tag":[],"class_list":{"0":"post-2567","1":"product","2":"type-product","3":"status-publish","4":"has-post-thumbnail","6":"product_cat-pro-de","8":"first","9":"instock","10":"product-type-simple"},"yoast_head":"<!-- This site is optimized with the Yoast SEO plugin v27.2 - https:\/\/yoast.com\/product\/yoast-seo-wordpress\/ -->\n<title>GlareOne Softbox 60x90 PRO<\/title>\n<meta name=\"description\" content=\"GlareOne Softbox 60x90 PRO\" \/>\n<meta name=\"robots\" content=\"index, follow, max-snippet:-1, max-image-preview:large, max-video-preview:-1\" \/>\n<link rel=\"canonical\" href=\"https:\/\/glareone.eu\/de\/product\/glareone-softbox-60x90-pro\/\" \/>\n<meta property=\"og:locale\" content=\"de_DE\" \/>\n<meta property=\"og:type\" content=\"article\" \/>\n<meta property=\"og:title\" content=\"GlareOne Softbox 60x90 PRO\" \/>\n<meta property=\"og:description\" content=\"GlareOne Softbox 60x90 PRO\" \/>\n<meta property=\"og:url\" content=\"https:\/\/glareone.eu\/de\/product\/glareone-softbox-60x90-pro\/\" \/>\n<meta property=\"og:site_name\" content=\"GlareOne\" \/>\n<meta property=\"article:publisher\" content=\"https:\/\/www.facebook.com\/GlareOneLighting\" \/>\n<meta property=\"article:modified_time\" content=\"2024-04-24T06:41:47+00:00\" \/>\n<meta property=\"og:image\" content=\"https:\/\/glareone.eu\/wp-content\/uploads\/2024\/04\/GlareOne-Softbox-60x90-PRO-01.jpg\" \/>\n\t<meta property=\"og:image:width\" content=\"1200\" \/>\n\t<meta property=\"og:image:height\" content=\"1200\" \/>\n\t<meta property=\"og:image:type\" content=\"image\/jpeg\" \/>\n<meta name=\"twitter:card\" content=\"summary_large_image\" \/>\n<meta name=\"twitter:title\" content=\"GlareOne Softbox 60x90 PRO\" \/>\n<meta name=\"twitter:label1\" content=\"Gesch\u00e4tzte Lesezeit\" \/>\n\t<meta name=\"twitter:data1\" content=\"2\u00a0Minuten\" \/>\n<script type=\"application\/ld+json\" class=\"yoast-schema-graph\">{\"@context\":\"https:\/\/schema.org\",\"@graph\":[{\"@type\":\"WebPage\",\"@id\":\"https:\/\/glareone.eu\/de\/product\/glareone-softbox-60x90-pro\/\",\"url\":\"https:\/\/glareone.eu\/de\/product\/glareone-softbox-60x90-pro\/\",\"name\":\"GlareOne Softbox 60x90 PRO\",\"isPartOf\":{\"@id\":\"https:\/\/glareone.eu\/de\/en\/#website\"},\"primaryImageOfPage\":{\"@id\":\"https:\/\/glareone.eu\/de\/product\/glareone-softbox-60x90-pro\/#primaryimage\"},\"image\":{\"@id\":\"https:\/\/glareone.eu\/de\/product\/glareone-softbox-60x90-pro\/#primaryimage\"},\"thumbnailUrl\":\"https:\/\/glareone.eu\/wp-content\/uploads\/2024\/04\/GlareOne-Softbox-60x90-PRO-01.jpg\",\"datePublished\":\"2024-04-18T19:26:24+00:00\",\"dateModified\":\"2024-04-24T06:41:47+00:00\",\"description\":\"GlareOne Softbox 60x90 PRO\",\"breadcrumb\":{\"@id\":\"https:\/\/glareone.eu\/de\/product\/glareone-softbox-60x90-pro\/#breadcrumb\"},\"inLanguage\":\"de\",\"potentialAction\":[{\"@type\":\"ReadAction\",\"target\":[\"https:\/\/glareone.eu\/de\/product\/glareone-softbox-60x90-pro\/\"]}]},{\"@type\":\"ImageObject\",\"inLanguage\":\"de\",\"@id\":\"https:\/\/glareone.eu\/de\/product\/glareone-softbox-60x90-pro\/#primaryimage\",\"url\":\"https:\/\/glareone.eu\/wp-content\/uploads\/2024\/04\/GlareOne-Softbox-60x90-PRO-01.jpg\",\"contentUrl\":\"https:\/\/glareone.eu\/wp-content\/uploads\/2024\/04\/GlareOne-Softbox-60x90-PRO-01.jpg\",\"width\":1200,\"height\":1200},{\"@type\":\"BreadcrumbList\",\"@id\":\"https:\/\/glareone.eu\/de\/product\/glareone-softbox-60x90-pro\/#breadcrumb\",\"itemListElement\":[{\"@type\":\"ListItem\",\"position\":1,\"name\":\"Strona g\u0142\u00f3wna\",\"item\":\"https:\/\/glareone.eu\/de\/\"},{\"@type\":\"ListItem\",\"position\":2,\"name\":\"Alle Produkte\",\"item\":\"https:\/\/glareone.eu\/de\/produkte\/alle-produkte\/\"},{\"@type\":\"ListItem\",\"position\":3,\"name\":\"GlareOne Softbox 60&#215;90 PRO\"}]},{\"@type\":\"WebSite\",\"@id\":\"https:\/\/glareone.eu\/de\/en\/#website\",\"url\":\"https:\/\/glareone.eu\/de\/en\/\",\"name\":\"GlareOne\",\"description\":\"Wyposa\u017cenie Studia\",\"publisher\":{\"@id\":\"https:\/\/glareone.eu\/de\/en\/#organization\"},\"potentialAction\":[{\"@type\":\"SearchAction\",\"target\":{\"@type\":\"EntryPoint\",\"urlTemplate\":\"https:\/\/glareone.eu\/de\/en\/?s={search_term_string}\"},\"query-input\":{\"@type\":\"PropertyValueSpecification\",\"valueRequired\":true,\"valueName\":\"search_term_string\"}}],\"inLanguage\":\"de\"},{\"@type\":\"Organization\",\"@id\":\"https:\/\/glareone.eu\/de\/en\/#organization\",\"name\":\"GlareOne\",\"url\":\"https:\/\/glareone.eu\/de\/en\/\",\"logo\":{\"@type\":\"ImageObject\",\"inLanguage\":\"de\",\"@id\":\"https:\/\/glareone.eu\/de\/en\/#\/schema\/logo\/image\/\",\"url\":\"http:\/\/glareone.eu\/wp-content\/uploads\/2024\/05\/glareone_logo2020_RGB-01-e1715773127189.png\",\"contentUrl\":\"http:\/\/glareone.eu\/wp-content\/uploads\/2024\/05\/glareone_logo2020_RGB-01-e1715773127189.png\",\"width\":1270,\"height\":321,\"caption\":\"GlareOne\"},\"image\":{\"@id\":\"https:\/\/glareone.eu\/de\/en\/#\/schema\/logo\/image\/\"},\"sameAs\":[\"https:\/\/www.facebook.com\/GlareOneLighting\",\"https:\/\/www.instagram.com\/glareonelighting\/\",\"https:\/\/www.youtube.com\/@GlareOneTV\"]}]}<\/script>\n<!-- \/ Yoast SEO plugin. -->","yoast_head_json":{"title":"GlareOne Softbox 60x90 PRO","description":"GlareOne Softbox 60x90 PRO","robots":{"index":"index","follow":"follow","max-snippet":"max-snippet:-1","max-image-preview":"max-image-preview:large","max-video-preview":"max-video-preview:-1"},"canonical":"https:\/\/glareone.eu\/de\/product\/glareone-softbox-60x90-pro\/","og_locale":"de_DE","og_type":"article","og_title":"GlareOne Softbox 60x90 PRO","og_description":"GlareOne Softbox 60x90 PRO","og_url":"https:\/\/glareone.eu\/de\/product\/glareone-softbox-60x90-pro\/","og_site_name":"GlareOne","article_publisher":"https:\/\/www.facebook.com\/GlareOneLighting","article_modified_time":"2024-04-24T06:41:47+00:00","og_image":[{"width":1200,"height":1200,"url":"https:\/\/glareone.eu\/wp-content\/uploads\/2024\/04\/GlareOne-Softbox-60x90-PRO-01.jpg","type":"image\/jpeg"}],"twitter_card":"summary_large_image","twitter_title":"GlareOne Softbox 60x90 PRO","twitter_misc":{"Gesch\u00e4tzte Lesezeit":"2\u00a0Minuten"},"schema":{"@context":"https:\/\/schema.org","@graph":[{"@type":"WebPage","@id":"https:\/\/glareone.eu\/de\/product\/glareone-softbox-60x90-pro\/","url":"https:\/\/glareone.eu\/de\/product\/glareone-softbox-60x90-pro\/","name":"GlareOne Softbox 60x90 PRO","isPartOf":{"@id":"https:\/\/glareone.eu\/de\/en\/#website"},"primaryImageOfPage":{"@id":"https:\/\/glareone.eu\/de\/product\/glareone-softbox-60x90-pro\/#primaryimage"},"image":{"@id":"https:\/\/glareone.eu\/de\/product\/glareone-softbox-60x90-pro\/#primaryimage"},"thumbnailUrl":"https:\/\/glareone.eu\/wp-content\/uploads\/2024\/04\/GlareOne-Softbox-60x90-PRO-01.jpg","datePublished":"2024-04-18T19:26:24+00:00","dateModified":"2024-04-24T06:41:47+00:00","description":"GlareOne Softbox 60x90 PRO","breadcrumb":{"@id":"https:\/\/glareone.eu\/de\/product\/glareone-softbox-60x90-pro\/#breadcrumb"},"inLanguage":"de","potentialAction":[{"@type":"ReadAction","target":["https:\/\/glareone.eu\/de\/product\/glareone-softbox-60x90-pro\/"]}]},{"@type":"ImageObject","inLanguage":"de","@id":"https:\/\/glareone.eu\/de\/product\/glareone-softbox-60x90-pro\/#primaryimage","url":"https:\/\/glareone.eu\/wp-content\/uploads\/2024\/04\/GlareOne-Softbox-60x90-PRO-01.jpg","contentUrl":"https:\/\/glareone.eu\/wp-content\/uploads\/2024\/04\/GlareOne-Softbox-60x90-PRO-01.jpg","width":1200,"height":1200},{"@type":"BreadcrumbList","@id":"https:\/\/glareone.eu\/de\/product\/glareone-softbox-60x90-pro\/#breadcrumb","itemListElement":[{"@type":"ListItem","position":1,"name":"Strona g\u0142\u00f3wna","item":"https:\/\/glareone.eu\/de\/"},{"@type":"ListItem","position":2,"name":"Alle Produkte","item":"https:\/\/glareone.eu\/de\/produkte\/alle-produkte\/"},{"@type":"ListItem","position":3,"name":"GlareOne Softbox 60&#215;90 PRO"}]},{"@type":"WebSite","@id":"https:\/\/glareone.eu\/de\/en\/#website","url":"https:\/\/glareone.eu\/de\/en\/","name":"GlareOne","description":"Wyposa\u017cenie Studia","publisher":{"@id":"https:\/\/glareone.eu\/de\/en\/#organization"},"potentialAction":[{"@type":"SearchAction","target":{"@type":"EntryPoint","urlTemplate":"https:\/\/glareone.eu\/de\/en\/?s={search_term_string}"},"query-input":{"@type":"PropertyValueSpecification","valueRequired":true,"valueName":"search_term_string"}}],"inLanguage":"de"},{"@type":"Organization","@id":"https:\/\/glareone.eu\/de\/en\/#organization","name":"GlareOne","url":"https:\/\/glareone.eu\/de\/en\/","logo":{"@type":"ImageObject","inLanguage":"de","@id":"https:\/\/glareone.eu\/de\/en\/#\/schema\/logo\/image\/","url":"http:\/\/glareone.eu\/wp-content\/uploads\/2024\/05\/glareone_logo2020_RGB-01-e1715773127189.png","contentUrl":"http:\/\/glareone.eu\/wp-content\/uploads\/2024\/05\/glareone_logo2020_RGB-01-e1715773127189.png","width":1270,"height":321,"caption":"GlareOne"},"image":{"@id":"https:\/\/glareone.eu\/de\/en\/#\/schema\/logo\/image\/"},"sameAs":["https:\/\/www.facebook.com\/GlareOneLighting","https:\/\/www.instagram.com\/glareonelighting\/","https:\/\/www.youtube.com\/@GlareOneTV"]}]}},"_links":{"self":[{"href":"https:\/\/glareone.eu\/de\/wp-json\/wp\/v2\/product\/2567","targetHints":{"allow":["GET"]}}],"collection":[{"href":"https:\/\/glareone.eu\/de\/wp-json\/wp\/v2\/product"}],"about":[{"href":"https:\/\/glareone.eu\/de\/wp-json\/wp\/v2\/types\/product"}],"wp:featuredmedia":[{"embeddable":true,"href":"https:\/\/glareone.eu\/de\/wp-json\/wp\/v2\/media\/2004"}],"wp:attachment":[{"href":"https:\/\/glareone.eu\/de\/wp-json\/wp\/v2\/media?parent=2567"}],"wp:term":[{"taxonomy":"product_brand","embeddable":true,"href":"https:\/\/glareone.eu\/de\/wp-json\/wp\/v2\/product_brand?post=2567"},{"taxonomy":"product_cat","embeddable":true,"href":"https:\/\/glareone.eu\/de\/wp-json\/wp\/v2\/product_cat?post=2567"},{"taxonomy":"product_tag","embeddable":true,"href":"https:\/\/glareone.eu\/de\/wp-json\/wp\/v2\/product_tag?post=2567"}],"curies":[{"name":"wp","href":"https:\/\/api.w.org\/{rel}","templated":true}]}}