{"id":2537,"date":"2024-04-18T19:26:20","date_gmt":"2024-04-18T19:26:20","guid":{"rendered":"http:\/\/glareone.eu\/produkt\/glareone-vega-400-studyjna-lampa-blyskowa\/"},"modified":"2024-05-23T10:05:36","modified_gmt":"2024-05-23T10:05:36","slug":"glareone-vega-400-studioblitz","status":"publish","type":"product","link":"https:\/\/glareone.eu\/de\/product\/glareone-vega-400-studioblitz\/","title":{"rendered":"GlareOne Vega 400 &#8211; Studioblitz"},"content":{"rendered":"<p>Kompakter Studioblitz mit 400 Ws Leistung, LED-Modellierlicht, Bowens-Montage f\u00fcr Lichtmodifikatoren und integrierter Funksteuerung.<\/p>\n<h3><strong>Leistungsstark<\/strong><\/h3>\n<p>Die maximale Leistung der Lampe betr\u00e4gt 400Ws (J), was ein Niveau ist, das komfortables Arbeiten in einem sehr breiten Spektrum von Motiven erm\u00f6glicht, die ein Fotograf in einem Fotostudio angehen kann. Der Blitz eignet sich nicht nur f\u00fcr Portr\u00e4ts, sondern kann auch f\u00fcr Stillleben- und Produktfotografie verwendet werden. Dank aktiver K\u00fchlung und modernem Design betr\u00e4gt die Ladezeit bei voller Blitzleistung weniger als 1 Sekunde.<\/p>\n<h3><strong>Vielseitigkeit<\/strong><\/h3>\n<p>Der Energieeinstellbereich des Blitzes umfasst ganze 6 Blendenstufen. Das bedeutet, dass bei Portr\u00e4taufnahmen mit geringer Tiefensch\u00e4rfe auch niedrige Leistungseinstellungen m\u00f6glich sind und bei Bedarf der Blitz so viel Licht erzeugen kann, dass enge Blenden f\u00fcr eine gro\u00dfe Tiefensch\u00e4rfe verwendet werden k\u00f6nnen.<\/p>\n<h3><strong>Fernsteuerung<\/strong><\/h3>\n<p>Die Vega 400 ist mit einem Empf\u00e4nger ausgestattet, der mit dem GlareOne Flash RC-Sender kommuniziert. Dadurch ist es m\u00f6glich, die Blitzenergie ferngesteuert einzustellen, ohne sich dem Blitz n\u00e4hern zu m\u00fcssen, was die Arbeit im Studio sehr einfach und effizient macht.<\/p>\n<h3><strong>LED-Vorschaulicht<\/strong><\/h3>\n<p>Der Blitz ist mit einer Pilotleuchte mit LED-System und einer maximalen Leistung von 15W ausgestattet. Dies ist eine moderne L\u00f6sung, die effizienter, kleiner, langlebiger &#8211; und was sehr wichtig ist &#8211; sicherer ist als die weit verbreiteten Halogenlampen in anderen Lampen. Die Pilotleuchte Vega 400 kann im proportionalen Modus arbeiten, der mit der von uns eingestellten Blitzenergie zusammenh\u00e4ngt, aber sie kann auch dauerhaft mit voller Leistung eingeschaltet oder ausgeschaltet werden.<\/p>\n<h3><strong>Benutzerfreundlichkeit<\/strong><\/h3>\n<p>Die R\u00fcckwand ist mit einem klaren, hinterleuchteten LCD-Bildschirm ausgestattet, der die wichtigsten Betriebsparameter anzeigt, und die Steuerung selbst ist intuitiv und sehr leicht zu beherrschen. Die \u00c4nderung der Blitzenergieeinstellungen oder des Pilotlichtmodus erfolgt \u00fcber einen Knopf und nur zwei Tasten. All dies macht das Erlernen der Blitzbedienung sehr schnell.<\/p>\n<h3><strong>Lichtmodifikatoren<\/strong><\/h3>\n<p>Die Vega 400 ist mit einer Bowens-typischen Halterung ausgestattet, die die Verwendung einer \u00e4u\u00dferst breiten Palette von Zubeh\u00f6r f\u00fcr Lichtmodifikation erm\u00f6glicht. Sie k\u00f6nnen Softboxen unterschiedlicher Gr\u00f6\u00dfe und Formen, Baldachine, Str\u00f6me, Tore und Beauty-Dish-Typ-Anh\u00e4nge verwenden. Dar\u00fcber hinaus kann die Vega 400 dank der integrierten Stativhalterung auch mit Regenschirmen verwendet werden.<\/p>\n<h3><strong>Kompaktheit<\/strong><\/h3>\n<p>Das Geh\u00e4use besteht aus hochwertigem Kunststoff, wodurch die Vega 400 durch ein geringes Eigengewicht gekennzeichnet ist. Dar\u00fcber hinaus erm\u00f6glicht das moderne Design und die Verwendung eines Pilotlichts auf LED-Technologiebasis die Integration der Komponenten in ein Geh\u00e4use kleiner Gr\u00f6\u00dfe. Das geringe Gewicht und die geringe Gr\u00f6\u00dfe machen die Lampe nicht nur bequem zu transportieren, sondern auch einfach zu verstauen.<\/p>\n<h3><strong>Merkmale des GlareOne VEGA 400<\/strong><\/h3>\n<ul>\n<li>Leicht zu bedienen und vielseitige 400Ws Blitzger\u00e4t.<\/li>\n<li>Leicht, \u00e4u\u00dferst kompakt und einfach zu transportieren.<\/li>\n<li>Stabile Farbtemperatur (5500 \u00b1 200K) im gesamten Bereich der Blitzleistungsanpassung.<\/li>\n<li>Leistung einstellbar in 6 Blendenstufen (1\/1~1\/32).<\/li>\n<li>Sehr kurze Ladezeit &#8211; nur 0,9 s bei voller Leistung.<\/li>\n<li>Verf\u00fcgt \u00fcber eine 15W LED-Pilotleuchte (entspricht ca. 150W Halogenlampe).<\/li>\n<li>Ausgestattet mit einer Bowens-typischen Lichtmodifikatorhalterung.<\/li>\n<li>Eingebauter Radioempf\u00e4nger kompatibel mit GlareOne Flash RC Ausl\u00f6ser (separat erh\u00e4ltlich).<\/li>\n<li>Kann einer von 16 Lampengruppen mit 32 Kommunikationskan\u00e4len zugewiesen werden.<\/li>\n<li>Ausgestattet mit Fotowiderstand und Standard-3,5-mm-Synchronbuchse.<\/li>\n<li>Leistungsstarkes aktives K\u00fchlsystem und Temperatursicherung.<\/li>\n<li>Regenschirmhalterung integriert in die Stativhalterung.<\/li>\n<li>Ergonomisch gestalteter Griff zur Neigungsverstellung.<\/li>\n<li>Lieferung mit Netzkabel, Schutzh\u00fclle und Bedienungsanleitung.<\/li>\n<\/ul>\n","protected":false},"excerpt":{"rendered":"<p>Kompakter Studioblitz mit 400 Ws Leistung, LED-Modellierlicht, Bowens-Montage f\u00fcr Lichtmodifikatoren und integrierter Funksteuerung. Leistungsstark Die maximale Leistung der Lampe betr\u00e4gt 400Ws (J), was ein Niveau ist, das komfortables Arbeiten in einem sehr breiten Spektrum von Motiven erm\u00f6glicht, die ein Fotograf in einem Fotostudio angehen kann. Der Blitz eignet sich nicht nur f\u00fcr Portr\u00e4ts, sondern kann [&hellip;]<\/p>\n","protected":false},"featured_media":1891,"template":"","meta":[],"product_brand":[],"product_cat":[356],"product_tag":[],"class_list":{"0":"post-2537","1":"product","2":"type-product","3":"status-publish","4":"has-post-thumbnail","6":"product_cat-vega-de","8":"first","9":"instock","10":"product-type-simple"},"yoast_head":"<!-- This site is optimized with the Yoast SEO plugin v27.2 - https:\/\/yoast.com\/product\/yoast-seo-wordpress\/ -->\n<title>GlareOne Vega 400 - Studioblitz<\/title>\n<meta name=\"description\" content=\"GlareOne Vega 400 \u2013 eine kompakte Studioblitzlampe mit 400 Ws, ausgestattet mit einem LED-Pilotlicht und einer Bowens-Lichtformerhalterung.\" \/>\n<meta name=\"robots\" content=\"index, follow, max-snippet:-1, max-image-preview:large, max-video-preview:-1\" \/>\n<link rel=\"canonical\" href=\"https:\/\/glareone.eu\/de\/product\/glareone-vega-400-studioblitz\/\" \/>\n<meta property=\"og:locale\" content=\"de_DE\" \/>\n<meta property=\"og:type\" content=\"article\" \/>\n<meta property=\"og:title\" content=\"GlareOne Vega 400 - studyjna lampa b\u0142yskowa\" \/>\n<meta property=\"og:description\" content=\"GlareOne Vega 400 \u2013 eine kompakte Studioblitzlampe mit 400 Ws, ausgestattet mit einem LED-Pilotlicht und einer Bowens-Lichtformerhalterung.\" \/>\n<meta property=\"og:url\" content=\"https:\/\/glareone.eu\/de\/product\/glareone-vega-400-studioblitz\/\" \/>\n<meta property=\"og:site_name\" content=\"GlareOne\" \/>\n<meta property=\"article:publisher\" content=\"https:\/\/www.facebook.com\/GlareOneLighting\" \/>\n<meta property=\"article:modified_time\" content=\"2024-05-23T10:05:36+00:00\" \/>\n<meta property=\"og:image\" content=\"https:\/\/glareone.eu\/wp-content\/uploads\/2024\/04\/SVEGA400-GlareOne-Vega-400-1_tn.jpg\" \/>\n\t<meta property=\"og:image:width\" content=\"2000\" \/>\n\t<meta property=\"og:image:height\" content=\"2000\" \/>\n\t<meta property=\"og:image:type\" content=\"image\/jpeg\" \/>\n<meta name=\"twitter:card\" content=\"summary_large_image\" \/>\n<meta name=\"twitter:title\" content=\"GlareOne Vega 400 - studyjna lampa b\u0142yskowa\" \/>\n<meta name=\"twitter:label1\" content=\"Gesch\u00e4tzte Lesezeit\" \/>\n\t<meta name=\"twitter:data1\" content=\"3\u00a0Minuten\" \/>\n<script type=\"application\/ld+json\" class=\"yoast-schema-graph\">{\"@context\":\"https:\/\/schema.org\",\"@graph\":[{\"@type\":\"WebPage\",\"@id\":\"https:\/\/glareone.eu\/de\/product\/glareone-vega-400-studioblitz\/\",\"url\":\"https:\/\/glareone.eu\/de\/product\/glareone-vega-400-studioblitz\/\",\"name\":\"GlareOne Vega 400 - Studioblitz\",\"isPartOf\":{\"@id\":\"https:\/\/glareone.eu\/de\/en\/#website\"},\"primaryImageOfPage\":{\"@id\":\"https:\/\/glareone.eu\/de\/product\/glareone-vega-400-studioblitz\/#primaryimage\"},\"image\":{\"@id\":\"https:\/\/glareone.eu\/de\/product\/glareone-vega-400-studioblitz\/#primaryimage\"},\"thumbnailUrl\":\"https:\/\/glareone.eu\/wp-content\/uploads\/2024\/04\/SVEGA400-GlareOne-Vega-400-1_tn.jpg\",\"datePublished\":\"2024-04-18T19:26:20+00:00\",\"dateModified\":\"2024-05-23T10:05:36+00:00\",\"description\":\"GlareOne Vega 400 \u2013 eine kompakte Studioblitzlampe mit 400 Ws, ausgestattet mit einem LED-Pilotlicht und einer Bowens-Lichtformerhalterung.\",\"breadcrumb\":{\"@id\":\"https:\/\/glareone.eu\/de\/product\/glareone-vega-400-studioblitz\/#breadcrumb\"},\"inLanguage\":\"de\",\"potentialAction\":[{\"@type\":\"ReadAction\",\"target\":[\"https:\/\/glareone.eu\/de\/product\/glareone-vega-400-studioblitz\/\"]}]},{\"@type\":\"ImageObject\",\"inLanguage\":\"de\",\"@id\":\"https:\/\/glareone.eu\/de\/product\/glareone-vega-400-studioblitz\/#primaryimage\",\"url\":\"https:\/\/glareone.eu\/wp-content\/uploads\/2024\/04\/SVEGA400-GlareOne-Vega-400-1_tn.jpg\",\"contentUrl\":\"https:\/\/glareone.eu\/wp-content\/uploads\/2024\/04\/SVEGA400-GlareOne-Vega-400-1_tn.jpg\",\"width\":2000,\"height\":2000},{\"@type\":\"BreadcrumbList\",\"@id\":\"https:\/\/glareone.eu\/de\/product\/glareone-vega-400-studioblitz\/#breadcrumb\",\"itemListElement\":[{\"@type\":\"ListItem\",\"position\":1,\"name\":\"Strona g\u0142\u00f3wna\",\"item\":\"https:\/\/glareone.eu\/de\/\"},{\"@type\":\"ListItem\",\"position\":2,\"name\":\"Alle Produkte\",\"item\":\"https:\/\/glareone.eu\/de\/produkte\/alle-produkte\/\"},{\"@type\":\"ListItem\",\"position\":3,\"name\":\"GlareOne Vega 400 &#8211; Studioblitz\"}]},{\"@type\":\"WebSite\",\"@id\":\"https:\/\/glareone.eu\/de\/en\/#website\",\"url\":\"https:\/\/glareone.eu\/de\/en\/\",\"name\":\"GlareOne\",\"description\":\"Wyposa\u017cenie Studia\",\"publisher\":{\"@id\":\"https:\/\/glareone.eu\/de\/en\/#organization\"},\"potentialAction\":[{\"@type\":\"SearchAction\",\"target\":{\"@type\":\"EntryPoint\",\"urlTemplate\":\"https:\/\/glareone.eu\/de\/en\/?s={search_term_string}\"},\"query-input\":{\"@type\":\"PropertyValueSpecification\",\"valueRequired\":true,\"valueName\":\"search_term_string\"}}],\"inLanguage\":\"de\"},{\"@type\":\"Organization\",\"@id\":\"https:\/\/glareone.eu\/de\/en\/#organization\",\"name\":\"GlareOne\",\"url\":\"https:\/\/glareone.eu\/de\/en\/\",\"logo\":{\"@type\":\"ImageObject\",\"inLanguage\":\"de\",\"@id\":\"https:\/\/glareone.eu\/de\/en\/#\/schema\/logo\/image\/\",\"url\":\"http:\/\/glareone.eu\/wp-content\/uploads\/2024\/05\/glareone_logo2020_RGB-01-e1715773127189.png\",\"contentUrl\":\"http:\/\/glareone.eu\/wp-content\/uploads\/2024\/05\/glareone_logo2020_RGB-01-e1715773127189.png\",\"width\":1270,\"height\":321,\"caption\":\"GlareOne\"},\"image\":{\"@id\":\"https:\/\/glareone.eu\/de\/en\/#\/schema\/logo\/image\/\"},\"sameAs\":[\"https:\/\/www.facebook.com\/GlareOneLighting\",\"https:\/\/www.instagram.com\/glareonelighting\/\",\"https:\/\/www.youtube.com\/@GlareOneTV\"]}]}<\/script>\n<!-- \/ Yoast SEO plugin. -->","yoast_head_json":{"title":"GlareOne Vega 400 - Studioblitz","description":"GlareOne Vega 400 \u2013 eine kompakte Studioblitzlampe mit 400 Ws, ausgestattet mit einem LED-Pilotlicht und einer Bowens-Lichtformerhalterung.","robots":{"index":"index","follow":"follow","max-snippet":"max-snippet:-1","max-image-preview":"max-image-preview:large","max-video-preview":"max-video-preview:-1"},"canonical":"https:\/\/glareone.eu\/de\/product\/glareone-vega-400-studioblitz\/","og_locale":"de_DE","og_type":"article","og_title":"GlareOne Vega 400 - studyjna lampa b\u0142yskowa","og_description":"GlareOne Vega 400 \u2013 eine kompakte Studioblitzlampe mit 400 Ws, ausgestattet mit einem LED-Pilotlicht und einer Bowens-Lichtformerhalterung.","og_url":"https:\/\/glareone.eu\/de\/product\/glareone-vega-400-studioblitz\/","og_site_name":"GlareOne","article_publisher":"https:\/\/www.facebook.com\/GlareOneLighting","article_modified_time":"2024-05-23T10:05:36+00:00","og_image":[{"width":2000,"height":2000,"url":"https:\/\/glareone.eu\/wp-content\/uploads\/2024\/04\/SVEGA400-GlareOne-Vega-400-1_tn.jpg","type":"image\/jpeg"}],"twitter_card":"summary_large_image","twitter_title":"GlareOne Vega 400 - studyjna lampa b\u0142yskowa","twitter_misc":{"Gesch\u00e4tzte Lesezeit":"3\u00a0Minuten"},"schema":{"@context":"https:\/\/schema.org","@graph":[{"@type":"WebPage","@id":"https:\/\/glareone.eu\/de\/product\/glareone-vega-400-studioblitz\/","url":"https:\/\/glareone.eu\/de\/product\/glareone-vega-400-studioblitz\/","name":"GlareOne Vega 400 - Studioblitz","isPartOf":{"@id":"https:\/\/glareone.eu\/de\/en\/#website"},"primaryImageOfPage":{"@id":"https:\/\/glareone.eu\/de\/product\/glareone-vega-400-studioblitz\/#primaryimage"},"image":{"@id":"https:\/\/glareone.eu\/de\/product\/glareone-vega-400-studioblitz\/#primaryimage"},"thumbnailUrl":"https:\/\/glareone.eu\/wp-content\/uploads\/2024\/04\/SVEGA400-GlareOne-Vega-400-1_tn.jpg","datePublished":"2024-04-18T19:26:20+00:00","dateModified":"2024-05-23T10:05:36+00:00","description":"GlareOne Vega 400 \u2013 eine kompakte Studioblitzlampe mit 400 Ws, ausgestattet mit einem LED-Pilotlicht und einer Bowens-Lichtformerhalterung.","breadcrumb":{"@id":"https:\/\/glareone.eu\/de\/product\/glareone-vega-400-studioblitz\/#breadcrumb"},"inLanguage":"de","potentialAction":[{"@type":"ReadAction","target":["https:\/\/glareone.eu\/de\/product\/glareone-vega-400-studioblitz\/"]}]},{"@type":"ImageObject","inLanguage":"de","@id":"https:\/\/glareone.eu\/de\/product\/glareone-vega-400-studioblitz\/#primaryimage","url":"https:\/\/glareone.eu\/wp-content\/uploads\/2024\/04\/SVEGA400-GlareOne-Vega-400-1_tn.jpg","contentUrl":"https:\/\/glareone.eu\/wp-content\/uploads\/2024\/04\/SVEGA400-GlareOne-Vega-400-1_tn.jpg","width":2000,"height":2000},{"@type":"BreadcrumbList","@id":"https:\/\/glareone.eu\/de\/product\/glareone-vega-400-studioblitz\/#breadcrumb","itemListElement":[{"@type":"ListItem","position":1,"name":"Strona g\u0142\u00f3wna","item":"https:\/\/glareone.eu\/de\/"},{"@type":"ListItem","position":2,"name":"Alle Produkte","item":"https:\/\/glareone.eu\/de\/produkte\/alle-produkte\/"},{"@type":"ListItem","position":3,"name":"GlareOne Vega 400 &#8211; Studioblitz"}]},{"@type":"WebSite","@id":"https:\/\/glareone.eu\/de\/en\/#website","url":"https:\/\/glareone.eu\/de\/en\/","name":"GlareOne","description":"Wyposa\u017cenie Studia","publisher":{"@id":"https:\/\/glareone.eu\/de\/en\/#organization"},"potentialAction":[{"@type":"SearchAction","target":{"@type":"EntryPoint","urlTemplate":"https:\/\/glareone.eu\/de\/en\/?s={search_term_string}"},"query-input":{"@type":"PropertyValueSpecification","valueRequired":true,"valueName":"search_term_string"}}],"inLanguage":"de"},{"@type":"Organization","@id":"https:\/\/glareone.eu\/de\/en\/#organization","name":"GlareOne","url":"https:\/\/glareone.eu\/de\/en\/","logo":{"@type":"ImageObject","inLanguage":"de","@id":"https:\/\/glareone.eu\/de\/en\/#\/schema\/logo\/image\/","url":"http:\/\/glareone.eu\/wp-content\/uploads\/2024\/05\/glareone_logo2020_RGB-01-e1715773127189.png","contentUrl":"http:\/\/glareone.eu\/wp-content\/uploads\/2024\/05\/glareone_logo2020_RGB-01-e1715773127189.png","width":1270,"height":321,"caption":"GlareOne"},"image":{"@id":"https:\/\/glareone.eu\/de\/en\/#\/schema\/logo\/image\/"},"sameAs":["https:\/\/www.facebook.com\/GlareOneLighting","https:\/\/www.instagram.com\/glareonelighting\/","https:\/\/www.youtube.com\/@GlareOneTV"]}]}},"_links":{"self":[{"href":"https:\/\/glareone.eu\/de\/wp-json\/wp\/v2\/product\/2537","targetHints":{"allow":["GET"]}}],"collection":[{"href":"https:\/\/glareone.eu\/de\/wp-json\/wp\/v2\/product"}],"about":[{"href":"https:\/\/glareone.eu\/de\/wp-json\/wp\/v2\/types\/product"}],"wp:featuredmedia":[{"embeddable":true,"href":"https:\/\/glareone.eu\/de\/wp-json\/wp\/v2\/media\/1891"}],"wp:attachment":[{"href":"https:\/\/glareone.eu\/de\/wp-json\/wp\/v2\/media?parent=2537"}],"wp:term":[{"taxonomy":"product_brand","embeddable":true,"href":"https:\/\/glareone.eu\/de\/wp-json\/wp\/v2\/product_brand?post=2537"},{"taxonomy":"product_cat","embeddable":true,"href":"https:\/\/glareone.eu\/de\/wp-json\/wp\/v2\/product_cat?post=2537"},{"taxonomy":"product_tag","embeddable":true,"href":"https:\/\/glareone.eu\/de\/wp-json\/wp\/v2\/product_tag?post=2537"}],"curies":[{"name":"wp","href":"https:\/\/api.w.org\/{rel}","templated":true}]}}