{"id":24252,"date":"2026-03-12T11:01:21","date_gmt":"2026-03-12T11:01:21","guid":{"rendered":"https:\/\/glareone.eu\/?post_type=product&#038;p=24252"},"modified":"2026-03-12T11:55:39","modified_gmt":"2026-03-12T11:55:39","slug":"glareone-boom-arm-135-cm","status":"publish","type":"product","link":"https:\/\/glareone.eu\/de\/product\/glareone-boom-arm-135-cm\/","title":{"rendered":"GlareOne Boom Arm 135 cm"},"content":{"rendered":"<p data-start=\"1239\" data-end=\"1458\">Boom-Arm mit einer maximalen L\u00e4nge von 142 cm, vorgesehen f\u00fcr die Montage von Beleuchtung \u00fcber dem fotografierten Objekt. Der mitgelieferte Kurbeldrehhalter erm\u00f6glicht eine Neigungswinkelregulierung im Bereich von 180\u00b0.<\/p>\n<p data-start=\"1460\" data-end=\"1780\">Mit einer Tragf\u00e4higkeit von 1,5 kg erm\u00f6glicht er die Montage von leichten Lampen (z. B. Fotolampen) \u00fcber dem fotografierten Objekt. Der Arm endet mit einem 16-mm-Stift mit einem 1\/4&#8243;-Gewinde. Ebenfalls enthalten ist eine Textiltasche, die nach Bef\u00fcllung (z. B. mit Sand) als Gegengewicht f\u00fcr die aufgeh\u00e4ngte Lampe dient.<\/p>\n<h4 data-start=\"1782\" data-end=\"1814\">Vorteile des GlareOne Boom Arms:<\/h4>\n<ul>\n<li data-start=\"1817\" data-end=\"1851\">Unverzichtbar f\u00fcr die Studioarbeit<\/li>\n<li data-start=\"1854\" data-end=\"1934\">Aus hochwertigem, leichtem und mechanisch widerstandsf\u00e4higem Aluminium gefertigt<\/li>\n<li data-start=\"1937\" data-end=\"2050\">Funktioniert hervorragend in Zusammenarbeit mit schattenfreien Tischen, Beleuchtungseinrichtungen und Blitzlampen<\/li>\n<li data-start=\"2053\" data-end=\"2212\">Das geringe Gewicht und die kompakten Ma\u00dfe im zusammengeklappten Zustand machen den GlareOne Boom Arm zu einem problemlosen Begleiter, selbst bei langen Reisen<\/li>\n<li data-start=\"2215\" data-end=\"2284\">Ausgestattet mit einem standardm\u00e4\u00dfigen 16-mm-Stift mit \u00bc-Zoll-Gewinde<\/li>\n<\/ul>\n<h4 data-start=\"2286\" data-end=\"2306\"><strong data-start=\"2286\" data-end=\"2306\">Spezifikationen:<\/strong><\/h4>\n<ul>\n<li data-start=\"2309\" data-end=\"2333\">Anzahl der Abschnitte: 2<\/li>\n<li data-start=\"2336\" data-end=\"2376\">Durchmesser der Abschnitte: 25 mm, 22 mm<\/li>\n<li data-start=\"2379\" data-end=\"2402\">Maximale Breite: 142 cm<\/li>\n<li data-start=\"2405\" data-end=\"2427\">Minimale Breite: 78 cm<\/li>\n<li data-start=\"2430\" data-end=\"2472\">Gr\u00f6\u00dfe im zusammengeklappten Zustand: 80 cm<\/li>\n<li data-start=\"2475\" data-end=\"2490\">Gewicht: 0,7 kg<\/li>\n<li data-start=\"2493\" data-end=\"2514\">Tragf\u00e4higkeit: 1,5 kg<\/li>\n<li data-start=\"2517\" data-end=\"2567\">Zubeh\u00f6rbefestigung: 16-mm-Stift mit \u00bc-Zoll-Gewinde<\/li>\n<\/ul>\n","protected":false},"excerpt":{"rendered":"<p>Boom-Arm mit einer maximalen L\u00e4nge von 142 cm, vorgesehen f\u00fcr die Montage von Beleuchtung \u00fcber dem fotografierten Objekt. Der mitgelieferte Kurbeldrehhalter erm\u00f6glicht eine Neigungswinkelregulierung im Bereich von 180\u00b0. Mit einer Tragf\u00e4higkeit von 1,5 kg erm\u00f6glicht er die Montage von leichten Lampen (z. B. Fotolampen) \u00fcber dem fotografierten Objekt. Der Arm endet mit einem 16-mm-Stift mit [&hellip;]<\/p>\n","protected":false},"featured_media":24259,"template":"","meta":[],"product_brand":[],"product_cat":[482],"product_tag":[],"class_list":{"0":"post-24252","1":"product","2":"type-product","3":"status-publish","4":"has-post-thumbnail","6":"product_cat-ander-de","8":"first","9":"instock","10":"shipping-taxable","11":"product-type-simple"},"yoast_head":"<!-- This site is optimized with the Yoast SEO plugin v27.2 - https:\/\/yoast.com\/product\/yoast-seo-wordpress\/ -->\n<title>GlareOne Boom Arm 135 cm - GlareOne<\/title>\n<meta name=\"robots\" content=\"index, follow, max-snippet:-1, max-image-preview:large, max-video-preview:-1\" \/>\n<link rel=\"canonical\" href=\"https:\/\/glareone.eu\/de\/product\/glareone-boom-arm-135-cm\/\" \/>\n<meta property=\"og:locale\" content=\"de_DE\" \/>\n<meta property=\"og:type\" content=\"article\" \/>\n<meta property=\"og:title\" content=\"GlareOne Boom Arm 135 cm - GlareOne\" \/>\n<meta property=\"og:description\" content=\"Boom-Arm mit einer maximalen L\u00e4nge von 142 cm, vorgesehen f\u00fcr die Montage von Beleuchtung \u00fcber dem fotografierten Objekt. Der mitgelieferte Kurbeldrehhalter erm\u00f6glicht eine Neigungswinkelregulierung im Bereich von 180\u00b0. Mit einer Tragf\u00e4higkeit von 1,5 kg erm\u00f6glicht er die Montage von leichten Lampen (z. B. Fotolampen) \u00fcber dem fotografierten Objekt. Der Arm endet mit einem 16-mm-Stift mit [&hellip;]\" \/>\n<meta property=\"og:url\" content=\"https:\/\/glareone.eu\/de\/product\/glareone-boom-arm-135-cm\/\" \/>\n<meta property=\"og:site_name\" content=\"GlareOne\" \/>\n<meta property=\"article:publisher\" content=\"https:\/\/www.facebook.com\/GlareOneLighting\" \/>\n<meta property=\"article:modified_time\" content=\"2026-03-12T11:55:39+00:00\" \/>\n<meta property=\"og:image\" content=\"https:\/\/glareone.eu\/wp-content\/uploads\/2026\/03\/SBA135_01.jpg\" \/>\n\t<meta property=\"og:image:width\" content=\"1000\" \/>\n\t<meta property=\"og:image:height\" content=\"1000\" \/>\n\t<meta property=\"og:image:type\" content=\"image\/jpeg\" \/>\n<meta name=\"twitter:card\" content=\"summary_large_image\" \/>\n<script type=\"application\/ld+json\" class=\"yoast-schema-graph\">{\"@context\":\"https:\/\/schema.org\",\"@graph\":[{\"@type\":\"WebPage\",\"@id\":\"https:\/\/glareone.eu\/de\/product\/glareone-boom-arm-135-cm\/\",\"url\":\"https:\/\/glareone.eu\/de\/product\/glareone-boom-arm-135-cm\/\",\"name\":\"GlareOne Boom Arm 135 cm - GlareOne\",\"isPartOf\":{\"@id\":\"https:\/\/glareone.eu\/de\/en\/#website\"},\"primaryImageOfPage\":{\"@id\":\"https:\/\/glareone.eu\/de\/product\/glareone-boom-arm-135-cm\/#primaryimage\"},\"image\":{\"@id\":\"https:\/\/glareone.eu\/de\/product\/glareone-boom-arm-135-cm\/#primaryimage\"},\"thumbnailUrl\":\"https:\/\/glareone.eu\/wp-content\/uploads\/2026\/03\/SBA135_01.jpg\",\"datePublished\":\"2026-03-12T11:01:21+00:00\",\"dateModified\":\"2026-03-12T11:55:39+00:00\",\"breadcrumb\":{\"@id\":\"https:\/\/glareone.eu\/de\/product\/glareone-boom-arm-135-cm\/#breadcrumb\"},\"inLanguage\":\"de\",\"potentialAction\":[{\"@type\":\"ReadAction\",\"target\":[\"https:\/\/glareone.eu\/de\/product\/glareone-boom-arm-135-cm\/\"]}]},{\"@type\":\"ImageObject\",\"inLanguage\":\"de\",\"@id\":\"https:\/\/glareone.eu\/de\/product\/glareone-boom-arm-135-cm\/#primaryimage\",\"url\":\"https:\/\/glareone.eu\/wp-content\/uploads\/2026\/03\/SBA135_01.jpg\",\"contentUrl\":\"https:\/\/glareone.eu\/wp-content\/uploads\/2026\/03\/SBA135_01.jpg\",\"width\":1000,\"height\":1000},{\"@type\":\"BreadcrumbList\",\"@id\":\"https:\/\/glareone.eu\/de\/product\/glareone-boom-arm-135-cm\/#breadcrumb\",\"itemListElement\":[{\"@type\":\"ListItem\",\"position\":1,\"name\":\"Strona g\u0142\u00f3wna\",\"item\":\"https:\/\/glareone.eu\/de\/\"},{\"@type\":\"ListItem\",\"position\":2,\"name\":\"Alle Produkte\",\"item\":\"https:\/\/glareone.eu\/de\/produkte\/alle-produkte\/\"},{\"@type\":\"ListItem\",\"position\":3,\"name\":\"GlareOne Boom Arm 135 cm\"}]},{\"@type\":\"WebSite\",\"@id\":\"https:\/\/glareone.eu\/de\/en\/#website\",\"url\":\"https:\/\/glareone.eu\/de\/en\/\",\"name\":\"GlareOne\",\"description\":\"Wyposa\u017cenie Studia\",\"publisher\":{\"@id\":\"https:\/\/glareone.eu\/de\/en\/#organization\"},\"potentialAction\":[{\"@type\":\"SearchAction\",\"target\":{\"@type\":\"EntryPoint\",\"urlTemplate\":\"https:\/\/glareone.eu\/de\/en\/?s={search_term_string}\"},\"query-input\":{\"@type\":\"PropertyValueSpecification\",\"valueRequired\":true,\"valueName\":\"search_term_string\"}}],\"inLanguage\":\"de\"},{\"@type\":\"Organization\",\"@id\":\"https:\/\/glareone.eu\/de\/en\/#organization\",\"name\":\"GlareOne\",\"url\":\"https:\/\/glareone.eu\/de\/en\/\",\"logo\":{\"@type\":\"ImageObject\",\"inLanguage\":\"de\",\"@id\":\"https:\/\/glareone.eu\/de\/en\/#\/schema\/logo\/image\/\",\"url\":\"http:\/\/glareone.eu\/wp-content\/uploads\/2024\/05\/glareone_logo2020_RGB-01-e1715773127189.png\",\"contentUrl\":\"http:\/\/glareone.eu\/wp-content\/uploads\/2024\/05\/glareone_logo2020_RGB-01-e1715773127189.png\",\"width\":1270,\"height\":321,\"caption\":\"GlareOne\"},\"image\":{\"@id\":\"https:\/\/glareone.eu\/de\/en\/#\/schema\/logo\/image\/\"},\"sameAs\":[\"https:\/\/www.facebook.com\/GlareOneLighting\",\"https:\/\/www.instagram.com\/glareonelighting\/\",\"https:\/\/www.youtube.com\/@GlareOneTV\"]}]}<\/script>\n<!-- \/ Yoast SEO plugin. -->","yoast_head_json":{"title":"GlareOne Boom Arm 135 cm - GlareOne","robots":{"index":"index","follow":"follow","max-snippet":"max-snippet:-1","max-image-preview":"max-image-preview:large","max-video-preview":"max-video-preview:-1"},"canonical":"https:\/\/glareone.eu\/de\/product\/glareone-boom-arm-135-cm\/","og_locale":"de_DE","og_type":"article","og_title":"GlareOne Boom Arm 135 cm - GlareOne","og_description":"Boom-Arm mit einer maximalen L\u00e4nge von 142 cm, vorgesehen f\u00fcr die Montage von Beleuchtung \u00fcber dem fotografierten Objekt. Der mitgelieferte Kurbeldrehhalter erm\u00f6glicht eine Neigungswinkelregulierung im Bereich von 180\u00b0. Mit einer Tragf\u00e4higkeit von 1,5 kg erm\u00f6glicht er die Montage von leichten Lampen (z. B. Fotolampen) \u00fcber dem fotografierten Objekt. Der Arm endet mit einem 16-mm-Stift mit [&hellip;]","og_url":"https:\/\/glareone.eu\/de\/product\/glareone-boom-arm-135-cm\/","og_site_name":"GlareOne","article_publisher":"https:\/\/www.facebook.com\/GlareOneLighting","article_modified_time":"2026-03-12T11:55:39+00:00","og_image":[{"width":1000,"height":1000,"url":"https:\/\/glareone.eu\/wp-content\/uploads\/2026\/03\/SBA135_01.jpg","type":"image\/jpeg"}],"twitter_card":"summary_large_image","schema":{"@context":"https:\/\/schema.org","@graph":[{"@type":"WebPage","@id":"https:\/\/glareone.eu\/de\/product\/glareone-boom-arm-135-cm\/","url":"https:\/\/glareone.eu\/de\/product\/glareone-boom-arm-135-cm\/","name":"GlareOne Boom Arm 135 cm - GlareOne","isPartOf":{"@id":"https:\/\/glareone.eu\/de\/en\/#website"},"primaryImageOfPage":{"@id":"https:\/\/glareone.eu\/de\/product\/glareone-boom-arm-135-cm\/#primaryimage"},"image":{"@id":"https:\/\/glareone.eu\/de\/product\/glareone-boom-arm-135-cm\/#primaryimage"},"thumbnailUrl":"https:\/\/glareone.eu\/wp-content\/uploads\/2026\/03\/SBA135_01.jpg","datePublished":"2026-03-12T11:01:21+00:00","dateModified":"2026-03-12T11:55:39+00:00","breadcrumb":{"@id":"https:\/\/glareone.eu\/de\/product\/glareone-boom-arm-135-cm\/#breadcrumb"},"inLanguage":"de","potentialAction":[{"@type":"ReadAction","target":["https:\/\/glareone.eu\/de\/product\/glareone-boom-arm-135-cm\/"]}]},{"@type":"ImageObject","inLanguage":"de","@id":"https:\/\/glareone.eu\/de\/product\/glareone-boom-arm-135-cm\/#primaryimage","url":"https:\/\/glareone.eu\/wp-content\/uploads\/2026\/03\/SBA135_01.jpg","contentUrl":"https:\/\/glareone.eu\/wp-content\/uploads\/2026\/03\/SBA135_01.jpg","width":1000,"height":1000},{"@type":"BreadcrumbList","@id":"https:\/\/glareone.eu\/de\/product\/glareone-boom-arm-135-cm\/#breadcrumb","itemListElement":[{"@type":"ListItem","position":1,"name":"Strona g\u0142\u00f3wna","item":"https:\/\/glareone.eu\/de\/"},{"@type":"ListItem","position":2,"name":"Alle Produkte","item":"https:\/\/glareone.eu\/de\/produkte\/alle-produkte\/"},{"@type":"ListItem","position":3,"name":"GlareOne Boom Arm 135 cm"}]},{"@type":"WebSite","@id":"https:\/\/glareone.eu\/de\/en\/#website","url":"https:\/\/glareone.eu\/de\/en\/","name":"GlareOne","description":"Wyposa\u017cenie Studia","publisher":{"@id":"https:\/\/glareone.eu\/de\/en\/#organization"},"potentialAction":[{"@type":"SearchAction","target":{"@type":"EntryPoint","urlTemplate":"https:\/\/glareone.eu\/de\/en\/?s={search_term_string}"},"query-input":{"@type":"PropertyValueSpecification","valueRequired":true,"valueName":"search_term_string"}}],"inLanguage":"de"},{"@type":"Organization","@id":"https:\/\/glareone.eu\/de\/en\/#organization","name":"GlareOne","url":"https:\/\/glareone.eu\/de\/en\/","logo":{"@type":"ImageObject","inLanguage":"de","@id":"https:\/\/glareone.eu\/de\/en\/#\/schema\/logo\/image\/","url":"http:\/\/glareone.eu\/wp-content\/uploads\/2024\/05\/glareone_logo2020_RGB-01-e1715773127189.png","contentUrl":"http:\/\/glareone.eu\/wp-content\/uploads\/2024\/05\/glareone_logo2020_RGB-01-e1715773127189.png","width":1270,"height":321,"caption":"GlareOne"},"image":{"@id":"https:\/\/glareone.eu\/de\/en\/#\/schema\/logo\/image\/"},"sameAs":["https:\/\/www.facebook.com\/GlareOneLighting","https:\/\/www.instagram.com\/glareonelighting\/","https:\/\/www.youtube.com\/@GlareOneTV"]}]}},"_links":{"self":[{"href":"https:\/\/glareone.eu\/de\/wp-json\/wp\/v2\/product\/24252","targetHints":{"allow":["GET"]}}],"collection":[{"href":"https:\/\/glareone.eu\/de\/wp-json\/wp\/v2\/product"}],"about":[{"href":"https:\/\/glareone.eu\/de\/wp-json\/wp\/v2\/types\/product"}],"wp:featuredmedia":[{"embeddable":true,"href":"https:\/\/glareone.eu\/de\/wp-json\/wp\/v2\/media\/24259"}],"wp:attachment":[{"href":"https:\/\/glareone.eu\/de\/wp-json\/wp\/v2\/media?parent=24252"}],"wp:term":[{"taxonomy":"product_brand","embeddable":true,"href":"https:\/\/glareone.eu\/de\/wp-json\/wp\/v2\/product_brand?post=24252"},{"taxonomy":"product_cat","embeddable":true,"href":"https:\/\/glareone.eu\/de\/wp-json\/wp\/v2\/product_cat?post=24252"},{"taxonomy":"product_tag","embeddable":true,"href":"https:\/\/glareone.eu\/de\/wp-json\/wp\/v2\/product_tag?post=24252"}],"curies":[{"name":"wp","href":"https:\/\/api.w.org\/{rel}","templated":true}]}}