{"id":23026,"date":"2025-12-11T14:12:00","date_gmt":"2025-12-11T14:12:00","guid":{"rendered":"https:\/\/glareone.eu\/product\/glareone-led-160-bicolor-d-ii\/"},"modified":"2025-12-15T11:34:08","modified_gmt":"2025-12-15T11:34:08","slug":"glareone-led-160-bicolor-d-ii","status":"publish","type":"product","link":"https:\/\/glareone.eu\/de\/product\/glareone-led-160-bicolor-d-ii\/","title":{"rendered":"GlareOne LED 160 BiColor D II"},"content":{"rendered":"<p>GlareOne LED 160 BiColor D II ist eine 160-W-Leuchte mit einem einstellbaren Farbtemperaturbereich von 2700\u20136500 K und der M\u00f6glichkeit, sie entweder \u00fcber das Stromnetz oder \u00fcber V-Mount-Akkus mit dem optionalen GlareOne LEDAV-Adapter zu betreiben. Die Leuchte bietet eine hervorragende Farbgenauigkeit (TLCI &gt; 98), hohe Effizienz und Helligkeit und unterst\u00fctzt die Verwendung verschiedener Lichtmodifikatoren.<\/p>\n<p style=\"margin: 1cm 4cm;\">\n<div class='avia-iframe-wrap'><iframe loading=\"lazy\" title=\"GlareOne LED 160 BiColor D II - prezentacja lampy\" width=\"1500\" height=\"844\" src=\"https:\/\/www.youtube.com\/embed\/GIjyG068_EM?feature=oembed\" frameborder=\"0\" allow=\"accelerometer; autoplay; clipboard-write; encrypted-media; gyroscope; picture-in-picture; web-share\" referrerpolicy=\"strict-origin-when-cross-origin\" allowfullscreen><\/iframe><\/div>\n<\/p>\n<h3>Neue Generation der LED-Linie<\/h3>\n<p>Der GlareOne LED 160 BiColor D II ist die zweite Generation des Modells LED 160 und weist gegen\u00fcber seinem Vorg\u00e4nger zahlreiche Designverbesserungen auf. Dank der Verwendung der neuesten COB-LED-Module haben wir eine noch bessere Lichtqualit\u00e4t und h\u00f6here Effizienz erreicht \u2013 und das bei gleicher Leistungsabgabe. Die Gr\u00f6\u00dfe des Kopfes selbst wurde durch ein modulares Design und den Einsatz neuer, effizienterer K\u00fchlk\u00f6rper und L\u00fcfter um fast die H\u00e4lfte reduziert. Diese Verkleinerung f\u00fchrte auch zu einer deutlichen Gewichtsreduzierung, wodurch das Licht leichter zum Set transportiert und bei Foto- oder Videoaufnahmen bequemer zu handhaben ist.<\/p>\n<h3>Farbe zuerst<\/h3>\n<p>Der TLCI (Television Lighting Consistency Index) dieses Modells liegt bei \u00fcber 98, der CRI bei \u00fcber 97 und der TM-30-Index bei \u00fcber 96 \u2013 unabh\u00e4ngig von der gew\u00e4hlten Farbtemperatur. Dank dieser hervorragenden Werte eignet sich die Leuchte perfekt f\u00fcr Video- und Fotoaufnahmen am Set und gew\u00e4hrleistet eine originalgetreue Farbwiedergabe.<\/p>\n<h3>Flexibilit\u00e4t<\/h3>\n<p>Die GlareOne LED 160 BiColor D II ist mit einem COB-LED-System ausgestattet, das Licht mit einer Farbtemperatur von 2700 K bis 6500 K erzeugt. Dies bietet gro\u00dfe Flexibilit\u00e4t bei der Arbeit mit verschiedenen Umgebungslichtbedingungen, egal ob nat\u00fcrlich oder k\u00fcnstlich.<\/p>\n<h3>Stabilit\u00e4t<\/h3>\n<p>Die LED 160 BiColor D II eignet sich ideal f\u00fcr Hochgeschwindigkeitsaufnahmen und funktioniert selbst bei Bildraten von bis zu 1000 fps einwandfrei, ohne dass es zu Flackereffekten kommt.<\/p>\n<h3>Leistung<\/h3>\n<p>Die GlareOne LED 160 BiColor D II bietet hohe Effizienz und beeindruckende Lichtleistung. Sie erzeugt eine Beleuchtungsst\u00e4rke von \u00fcber 66.200 Lux und erm\u00f6glicht so eine einfache Lichtformung und Reflexion, um die gew\u00fcnschten Effekte am Set zu erzielen.<\/p>\n<h3>Leiser Betrieb<\/h3>\n<p>Die Leuchte verf\u00fcgt \u00fcber ein K\u00fchlsystem, das aus einem K\u00fchlk\u00f6rper und einem leise arbeitenden L\u00fcfter besteht, dessen Ger\u00e4uschpegel 30 dB nicht \u00fcberschreitet. Durch diese geringe Ger\u00e4uschentwicklung lassen sich Tonaufnahmen am Set leichter durchf\u00fchren. Wenn absolute Stille erforderlich ist, kann der L\u00fcfter \u00fcber die Taste am Bedienfeld ausgeschaltet werden, wodurch die Leuchte in den passiven K\u00fchlmodus (mit reduzierter maximaler Leistung) wechselt.<\/p>\n<h3>Lichteffekte<\/h3>\n<p>Die Leuchte verf\u00fcgt \u00fcber neun integrierte Lichteffekte, die verschiedene Lichtquellen simulieren, darunter eine defekte Leuchtstoffr\u00f6hre, Feuerwerk, Blitze (in drei Varianten), Blitzlichter (in drei Varianten) und einen Fernsehbildschirm.<\/p>\n<h3>Bluetooth and GlareOne Studio<\/h3>\n<p>Die Leuchte verf\u00fcgt \u00fcber integriertes Bluetooth und kann drahtlos \u00fcber die GlareOne Studio App gesteuert werden, die sowohl f\u00fcr Android- als auch f\u00fcr iOS-Ger\u00e4te verf\u00fcgbar ist.<\/p>\n<h3>Optionales Netzteil<\/h3>\n<p>Die GlareOne LED 160 BiColor D II bietet zwei Stromversorgungsoptionen: \u00fcber eine Standard-Steckdose mit dem mitgelieferten Netzkabel oder \u00fcber V-Mount-Akkus mit dem GlareOne LEDAV-Adapter (separat erh\u00e4ltlich). Mit einem einzigen 14,8 V, 220 Wh V-Mount-Akku kann die Leuchte bis zu 100 Minuten lang mit voller Leistung betrieben werden, wobei die tats\u00e4chliche Laufzeit je nach Qualit\u00e4t des verwendeten Akkus variieren kann.<\/p>\n<h3>Vielseitigkeit<\/h3>\n<p>Mit einer Bowens-Halterung ist die LED 160 BiColor D II mit fast allen auf dem Markt erh\u00e4ltlichen Lichtmodifikatoren kompatibel \u2013 sowohl mit GlareOne- als auch mit Zubeh\u00f6r von Drittanbietern. Die Lampe kann mit einer Vielzahl von Werkzeugen verwendet werden, darunter Softboxen, Snoots, Barndoors, Reflektoren, Fresnel-Linsen und vieles mehr.<\/p>\n<h3>Wichtigste Merkmale des GlareOne LED 160 BiColor D II:<\/h3>\n<ul>\n<li>Einstellbare Farbtemperatur (2700\u20136500 \u00b175 K)<\/li>\n<li>Stufenlose Helligkeitsregelung<\/li>\n<li>Bowens-Halterung<\/li>\n<li>Kompatibel mit der GlareOne Studio App<\/li>\n<li>9 Lichteffekte<\/li>\n<li>Leises und effizientes aktives K\u00fchlsystem<\/li>\n<li>Schirmhalterung<\/li>\n<li>Batteriebetrieb (\u00fcber LEDAV-Adapter)<\/li>\n<li>Ergonomisch geformter Griff f\u00fcr einfache Neigungsverstellung<\/li>\n<\/ul>\n","protected":false},"excerpt":{"rendered":"<p>GlareOne LED 160 BiColor D II ist eine 160-W-Leuchte mit einem einstellbaren Farbtemperaturbereich von 2700\u20136500 K und der M\u00f6glichkeit, sie entweder \u00fcber das Stromnetz oder \u00fcber V-Mount-Akkus mit dem optionalen GlareOne LEDAV-Adapter zu betreiben. Die Leuchte bietet eine hervorragende Farbgenauigkeit (TLCI &gt; 98), hohe Effizienz und Helligkeit und unterst\u00fctzt die Verwendung verschiedener Lichtmodifikatoren. Neue Generation [&hellip;]<\/p>\n","protected":false},"featured_media":23130,"template":"","meta":[],"product_brand":[],"product_cat":[374],"product_tag":[],"class_list":{"0":"post-23026","1":"product","2":"type-product","3":"status-publish","4":"has-post-thumbnail","6":"product_cat-led-lampen-mit-bowens-montage","8":"first","9":"instock","10":"product-type-simple"},"yoast_head":"<!-- This site is optimized with the Yoast SEO plugin v27.2 - https:\/\/yoast.com\/product\/yoast-seo-wordpress\/ -->\n<title>GlareOne LED 160 BiColor D<\/title>\n<meta name=\"description\" content=\"GlareOne LED 160 BiColor D II\" \/>\n<meta name=\"robots\" content=\"index, follow, max-snippet:-1, max-image-preview:large, max-video-preview:-1\" \/>\n<link rel=\"canonical\" href=\"https:\/\/glareone.eu\/de\/product\/glareone-led-160-bicolor-d-ii\/\" \/>\n<meta property=\"og:locale\" content=\"de_DE\" \/>\n<meta property=\"og:type\" content=\"article\" \/>\n<meta property=\"og:title\" content=\"GlareOne LED 160 BiColor D\" \/>\n<meta property=\"og:description\" content=\"GlareOne LED 160 BiColor D II\" \/>\n<meta property=\"og:url\" content=\"https:\/\/glareone.eu\/de\/product\/glareone-led-160-bicolor-d-ii\/\" \/>\n<meta property=\"og:site_name\" content=\"GlareOne\" \/>\n<meta property=\"article:publisher\" content=\"https:\/\/www.facebook.com\/GlareOneLighting\" \/>\n<meta property=\"article:modified_time\" content=\"2025-12-15T11:34:08+00:00\" \/>\n<meta property=\"og:image\" content=\"https:\/\/glareone.eu\/wp-content\/uploads\/2025\/12\/SLED160BCD2_01-1.jpg\" \/>\n\t<meta property=\"og:image:width\" content=\"1200\" \/>\n\t<meta property=\"og:image:height\" content=\"1200\" \/>\n\t<meta property=\"og:image:type\" content=\"image\/jpeg\" \/>\n<meta name=\"twitter:card\" content=\"summary_large_image\" \/>\n<meta name=\"twitter:title\" content=\"GlareOne LED 160 BiColor D\" \/>\n<script type=\"application\/ld+json\" class=\"yoast-schema-graph\">{\"@context\":\"https:\/\/schema.org\",\"@graph\":[{\"@type\":\"WebPage\",\"@id\":\"https:\/\/glareone.eu\/de\/product\/glareone-led-160-bicolor-d-ii\/\",\"url\":\"https:\/\/glareone.eu\/de\/product\/glareone-led-160-bicolor-d-ii\/\",\"name\":\"GlareOne LED 160 BiColor D\",\"isPartOf\":{\"@id\":\"https:\/\/glareone.eu\/de\/en\/#website\"},\"primaryImageOfPage\":{\"@id\":\"https:\/\/glareone.eu\/de\/product\/glareone-led-160-bicolor-d-ii\/#primaryimage\"},\"image\":{\"@id\":\"https:\/\/glareone.eu\/de\/product\/glareone-led-160-bicolor-d-ii\/#primaryimage\"},\"thumbnailUrl\":\"https:\/\/glareone.eu\/wp-content\/uploads\/2025\/12\/SLED160BCD2_01-1.jpg\",\"datePublished\":\"2025-12-11T14:12:00+00:00\",\"dateModified\":\"2025-12-15T11:34:08+00:00\",\"description\":\"GlareOne LED 160 BiColor D II\",\"breadcrumb\":{\"@id\":\"https:\/\/glareone.eu\/de\/product\/glareone-led-160-bicolor-d-ii\/#breadcrumb\"},\"inLanguage\":\"de\",\"potentialAction\":[{\"@type\":\"ReadAction\",\"target\":[\"https:\/\/glareone.eu\/de\/product\/glareone-led-160-bicolor-d-ii\/\"]}]},{\"@type\":\"ImageObject\",\"inLanguage\":\"de\",\"@id\":\"https:\/\/glareone.eu\/de\/product\/glareone-led-160-bicolor-d-ii\/#primaryimage\",\"url\":\"https:\/\/glareone.eu\/wp-content\/uploads\/2025\/12\/SLED160BCD2_01-1.jpg\",\"contentUrl\":\"https:\/\/glareone.eu\/wp-content\/uploads\/2025\/12\/SLED160BCD2_01-1.jpg\",\"width\":1200,\"height\":1200},{\"@type\":\"BreadcrumbList\",\"@id\":\"https:\/\/glareone.eu\/de\/product\/glareone-led-160-bicolor-d-ii\/#breadcrumb\",\"itemListElement\":[{\"@type\":\"ListItem\",\"position\":1,\"name\":\"Strona g\u0142\u00f3wna\",\"item\":\"https:\/\/glareone.eu\/de\/\"},{\"@type\":\"ListItem\",\"position\":2,\"name\":\"Alle Produkte\",\"item\":\"https:\/\/glareone.eu\/de\/produkte\/alle-produkte\/\"},{\"@type\":\"ListItem\",\"position\":3,\"name\":\"GlareOne LED 160 BiColor D II\"}]},{\"@type\":\"WebSite\",\"@id\":\"https:\/\/glareone.eu\/de\/en\/#website\",\"url\":\"https:\/\/glareone.eu\/de\/en\/\",\"name\":\"GlareOne\",\"description\":\"Wyposa\u017cenie Studia\",\"publisher\":{\"@id\":\"https:\/\/glareone.eu\/de\/en\/#organization\"},\"potentialAction\":[{\"@type\":\"SearchAction\",\"target\":{\"@type\":\"EntryPoint\",\"urlTemplate\":\"https:\/\/glareone.eu\/de\/en\/?s={search_term_string}\"},\"query-input\":{\"@type\":\"PropertyValueSpecification\",\"valueRequired\":true,\"valueName\":\"search_term_string\"}}],\"inLanguage\":\"de\"},{\"@type\":\"Organization\",\"@id\":\"https:\/\/glareone.eu\/de\/en\/#organization\",\"name\":\"GlareOne\",\"url\":\"https:\/\/glareone.eu\/de\/en\/\",\"logo\":{\"@type\":\"ImageObject\",\"inLanguage\":\"de\",\"@id\":\"https:\/\/glareone.eu\/de\/en\/#\/schema\/logo\/image\/\",\"url\":\"http:\/\/glareone.eu\/wp-content\/uploads\/2024\/05\/glareone_logo2020_RGB-01-e1715773127189.png\",\"contentUrl\":\"http:\/\/glareone.eu\/wp-content\/uploads\/2024\/05\/glareone_logo2020_RGB-01-e1715773127189.png\",\"width\":1270,\"height\":321,\"caption\":\"GlareOne\"},\"image\":{\"@id\":\"https:\/\/glareone.eu\/de\/en\/#\/schema\/logo\/image\/\"},\"sameAs\":[\"https:\/\/www.facebook.com\/GlareOneLighting\",\"https:\/\/www.instagram.com\/glareonelighting\/\",\"https:\/\/www.youtube.com\/@GlareOneTV\"]}]}<\/script>\n<!-- \/ Yoast SEO plugin. -->","yoast_head_json":{"title":"GlareOne LED 160 BiColor D","description":"GlareOne LED 160 BiColor D II","robots":{"index":"index","follow":"follow","max-snippet":"max-snippet:-1","max-image-preview":"max-image-preview:large","max-video-preview":"max-video-preview:-1"},"canonical":"https:\/\/glareone.eu\/de\/product\/glareone-led-160-bicolor-d-ii\/","og_locale":"de_DE","og_type":"article","og_title":"GlareOne LED 160 BiColor D","og_description":"GlareOne LED 160 BiColor D II","og_url":"https:\/\/glareone.eu\/de\/product\/glareone-led-160-bicolor-d-ii\/","og_site_name":"GlareOne","article_publisher":"https:\/\/www.facebook.com\/GlareOneLighting","article_modified_time":"2025-12-15T11:34:08+00:00","og_image":[{"width":1200,"height":1200,"url":"https:\/\/glareone.eu\/wp-content\/uploads\/2025\/12\/SLED160BCD2_01-1.jpg","type":"image\/jpeg"}],"twitter_card":"summary_large_image","twitter_title":"GlareOne LED 160 BiColor D","schema":{"@context":"https:\/\/schema.org","@graph":[{"@type":"WebPage","@id":"https:\/\/glareone.eu\/de\/product\/glareone-led-160-bicolor-d-ii\/","url":"https:\/\/glareone.eu\/de\/product\/glareone-led-160-bicolor-d-ii\/","name":"GlareOne LED 160 BiColor D","isPartOf":{"@id":"https:\/\/glareone.eu\/de\/en\/#website"},"primaryImageOfPage":{"@id":"https:\/\/glareone.eu\/de\/product\/glareone-led-160-bicolor-d-ii\/#primaryimage"},"image":{"@id":"https:\/\/glareone.eu\/de\/product\/glareone-led-160-bicolor-d-ii\/#primaryimage"},"thumbnailUrl":"https:\/\/glareone.eu\/wp-content\/uploads\/2025\/12\/SLED160BCD2_01-1.jpg","datePublished":"2025-12-11T14:12:00+00:00","dateModified":"2025-12-15T11:34:08+00:00","description":"GlareOne LED 160 BiColor D II","breadcrumb":{"@id":"https:\/\/glareone.eu\/de\/product\/glareone-led-160-bicolor-d-ii\/#breadcrumb"},"inLanguage":"de","potentialAction":[{"@type":"ReadAction","target":["https:\/\/glareone.eu\/de\/product\/glareone-led-160-bicolor-d-ii\/"]}]},{"@type":"ImageObject","inLanguage":"de","@id":"https:\/\/glareone.eu\/de\/product\/glareone-led-160-bicolor-d-ii\/#primaryimage","url":"https:\/\/glareone.eu\/wp-content\/uploads\/2025\/12\/SLED160BCD2_01-1.jpg","contentUrl":"https:\/\/glareone.eu\/wp-content\/uploads\/2025\/12\/SLED160BCD2_01-1.jpg","width":1200,"height":1200},{"@type":"BreadcrumbList","@id":"https:\/\/glareone.eu\/de\/product\/glareone-led-160-bicolor-d-ii\/#breadcrumb","itemListElement":[{"@type":"ListItem","position":1,"name":"Strona g\u0142\u00f3wna","item":"https:\/\/glareone.eu\/de\/"},{"@type":"ListItem","position":2,"name":"Alle Produkte","item":"https:\/\/glareone.eu\/de\/produkte\/alle-produkte\/"},{"@type":"ListItem","position":3,"name":"GlareOne LED 160 BiColor D II"}]},{"@type":"WebSite","@id":"https:\/\/glareone.eu\/de\/en\/#website","url":"https:\/\/glareone.eu\/de\/en\/","name":"GlareOne","description":"Wyposa\u017cenie Studia","publisher":{"@id":"https:\/\/glareone.eu\/de\/en\/#organization"},"potentialAction":[{"@type":"SearchAction","target":{"@type":"EntryPoint","urlTemplate":"https:\/\/glareone.eu\/de\/en\/?s={search_term_string}"},"query-input":{"@type":"PropertyValueSpecification","valueRequired":true,"valueName":"search_term_string"}}],"inLanguage":"de"},{"@type":"Organization","@id":"https:\/\/glareone.eu\/de\/en\/#organization","name":"GlareOne","url":"https:\/\/glareone.eu\/de\/en\/","logo":{"@type":"ImageObject","inLanguage":"de","@id":"https:\/\/glareone.eu\/de\/en\/#\/schema\/logo\/image\/","url":"http:\/\/glareone.eu\/wp-content\/uploads\/2024\/05\/glareone_logo2020_RGB-01-e1715773127189.png","contentUrl":"http:\/\/glareone.eu\/wp-content\/uploads\/2024\/05\/glareone_logo2020_RGB-01-e1715773127189.png","width":1270,"height":321,"caption":"GlareOne"},"image":{"@id":"https:\/\/glareone.eu\/de\/en\/#\/schema\/logo\/image\/"},"sameAs":["https:\/\/www.facebook.com\/GlareOneLighting","https:\/\/www.instagram.com\/glareonelighting\/","https:\/\/www.youtube.com\/@GlareOneTV"]}]}},"_links":{"self":[{"href":"https:\/\/glareone.eu\/de\/wp-json\/wp\/v2\/product\/23026","targetHints":{"allow":["GET"]}}],"collection":[{"href":"https:\/\/glareone.eu\/de\/wp-json\/wp\/v2\/product"}],"about":[{"href":"https:\/\/glareone.eu\/de\/wp-json\/wp\/v2\/types\/product"}],"wp:featuredmedia":[{"embeddable":true,"href":"https:\/\/glareone.eu\/de\/wp-json\/wp\/v2\/media\/23130"}],"wp:attachment":[{"href":"https:\/\/glareone.eu\/de\/wp-json\/wp\/v2\/media?parent=23026"}],"wp:term":[{"taxonomy":"product_brand","embeddable":true,"href":"https:\/\/glareone.eu\/de\/wp-json\/wp\/v2\/product_brand?post=23026"},{"taxonomy":"product_cat","embeddable":true,"href":"https:\/\/glareone.eu\/de\/wp-json\/wp\/v2\/product_cat?post=23026"},{"taxonomy":"product_tag","embeddable":true,"href":"https:\/\/glareone.eu\/de\/wp-json\/wp\/v2\/product_tag?post=23026"}],"curies":[{"name":"wp","href":"https:\/\/api.w.org\/{rel}","templated":true}]}}