{"id":22824,"date":"2025-12-11T13:00:37","date_gmt":"2025-12-11T13:00:37","guid":{"rendered":"https:\/\/glareone.eu\/?post_type=product&#038;p=22824"},"modified":"2025-12-11T13:17:01","modified_gmt":"2025-12-11T13:17:01","slug":"glareone-antares-600-basic-kit","status":"publish","type":"product","link":"https:\/\/glareone.eu\/de\/product\/glareone-antares-600-basic-kit\/","title":{"rendered":"GlareOne Antares 600 Basic Kit"},"content":{"rendered":"<p>Set f\u00fcr Studiofotografie mit 2 Lampen, 2 Stativen, rechteckiger Softbox 60&#215;90 cm, achteckiger Softbox 95 cm und Funkausl\u00f6ser.<\/p>\n<h3>Anwendung:<\/h3>\n<p>Das GlareOne Antares 600 Basic Kit erm\u00f6glicht es Ihnen nicht nur, den Umgang mit Blitzlicht zu erlernen, sondern auch ph\u00e4nomenale Fotografien aufzunehmen. Dank des Kits gewinnen Sie enorme Freiheit bei der Erweiterung Ihres Arsenals an Lichtmodifikatoren mit neuen Optionen wie Streiflichtern, Kuppeln, gro\u00dfen Regenschirmen usw.<\/p>\n<p>Die Antares 600 Blitze, die den Kern des Sets bilden, sind professionelle 600Ws Studioblitze mit LED-Einstelllicht, Bowens-kompatibler Lichtformeraufnahme und Funksteuerung. Es handelt sich um \u00e4u\u00dferst leistungsf\u00e4hige Blitze, die sich ideal f\u00fcr Produkt-, Portr\u00e4t- und andere Fotoshootings eignen. Ihre hohe Leistung, die ausgezeichnete Blitzkonstanz und die kurze Wiederaufladezeit gew\u00e4hrleisten, dass auch lange und anspruchsvolle Aufnahmen reibungslos verlaufen.<\/p>\n<p>Die im Kit Softboxen sondern verf\u00fcgen auch \u00fcber einen doppelten Diffusor, um das Licht zu mildern, sowie die M\u00f6glichkeit, Honeycombs (Gitter) anzuschlie\u00dfen, die eine ausgezeichnete Kontrolle \u00fcber das Licht am Set erm\u00f6glichen (Gitter sind separat erh\u00e4ltlich). Der GlareOne Flash RC-Funksender erm\u00f6glicht es Ihnen nicht nur, den Blitz fernzuz\u00fcnden, sondern auch seine Leistung anzupassen. Was wichtig ist &#8211; es handelt sich um einen universellen Sender, der mit jeder Kamera funktioniert, die \u00fcber einen Blitzschuh des ISO-Typs verf\u00fcgt.<\/p>\n<p>Wenn Sie bereits wissen, dass Sie sich mit der Portr\u00e4tfotografie besch\u00e4ftigen m\u00f6chten, ist das Antares Basic Kit genau das Richtige f\u00fcr Sie. Die Antares 600 Blitze bieten Ihnen eine sehr hohe Lichtqualit\u00e4t, und eine oktogonale Softbox sorgt f\u00fcr weiches Licht und nat\u00fcrliche Glanzlichter in den Augen der fotografierten Person. Die 60&#215;90 Softbox kann f\u00fcr die Hintergrundbeleuchtung oder als gute Quelle f\u00fcr Aufhelllicht verwendet werden.<\/p>\n<h3>Eigenschaften des GlareOne Antares 600:<\/h3>\n<ul>\n<li>AC-betriebener professioneller Studio-Blitz der Klasse 600Ws<\/li>\n<li>Robuste und solide, komplett aus Metall gefertigte Standhalterung und Geh\u00e4usedesign<\/li>\n<li>Quelle f\u00fcr hochwertiges Tageslicht ausgewogenes Licht (5500\u00b1200K) \u00fcber den gesamten Leistungsbereich<\/li>\n<li>Flexible und pr\u00e4zise Ausgangsanpassung im Bereich von 6 Blendenstufen (60 Schritte in 0,1er Schritten)<\/li>\n<li>Schnelle Ladezeiten von ca. 0,9 Sekunden bei voller Leistung<\/li>\n<li>Mit 25W LED-Modellierungslampe ausgestattet<\/li>\n<li>Ausgestattet mit Bowens-Montage f\u00fcr eine Vielzahl von Lichtformungsaccessoires<\/li>\n<li>Kann drahtlos \u00fcber zus\u00e4tzliche GlareOne-Fernbedienungen gesteuert werden<\/li>\n<li>Bis zu 32 Funkkan\u00e4le und 16 Gruppen in der drahtlosen Steuerung verf\u00fcgbar<\/li>\n<li>Kann \u00fcber optischen Slave oder Standard-3,5-mm-Synchronkabel ausgel\u00f6st werden<\/li>\n<li>Ausgestattet mit aktivem K\u00fchlsystem und automatischem \u00dcberhitzungsschutz<\/li>\n<li>Eingebauter Neigungskopf mit integriertem Schirmhalter<\/li>\n<li>Bequemer Griff f\u00fcr einfache Neigungsverstellung und Tragbarkeit<\/li>\n<\/ul>\n<h3>Kit-inhalt:<\/h3>\n<p>Das GlareOne Antares 600 Basic Kit ist ein komplettes Set, das Ihnen den Einstieg in die Welt der Studiofotografie erleichtert. Es enth\u00e4lt:<\/p>\n<ul>\n<li>2 kompakte GlareOne Antares 600 Lampen mit jeweils 600 Ws. (Stromkabel im Lieferumfang enthalten, Reflektor bei Antares 600 im KIT nicht enthalten)<\/li>\n<li>GlareOne Flash RC Sender f\u00fcr die Fernsteuerung und Ausl\u00f6sung der Antares Lampen.<\/li>\n<li>2 GlareOne Black 280 Stative mit einer maximalen H\u00f6he von 280 cm.<\/li>\n<li>GlareOne Standard-Reflektor.<\/li>\n<li>GlareOne Softbox 60&#215;90 cm.<\/li>\n<li>GlareOne Softbox Octa 95 cm.<\/li>\n<li>EU and UK cable<\/li>\n<\/ul>\n","protected":false},"excerpt":{"rendered":"<p>Set f\u00fcr Studiofotografie mit 2 Lampen, 2 Stativen, rechteckiger Softbox 60&#215;90 cm, achteckiger Softbox 95 cm und Funkausl\u00f6ser. Anwendung: Das GlareOne Antares 600 Basic Kit erm\u00f6glicht es Ihnen nicht nur, den Umgang mit Blitzlicht zu erlernen, sondern auch ph\u00e4nomenale Fotografien aufzunehmen. Dank des Kits gewinnen Sie enorme Freiheit bei der Erweiterung Ihres Arsenals an Lichtmodifikatoren [&hellip;]<\/p>\n","protected":false},"featured_media":22831,"template":"","meta":[],"product_brand":[],"product_cat":[380],"product_tag":[],"class_list":{"0":"post-22824","1":"product","2":"type-product","3":"status-publish","4":"has-post-thumbnail","6":"product_cat-antares-de","8":"first","9":"instock","10":"product-type-simple"},"yoast_head":"<!-- This site is optimized with the Yoast SEO plugin v27.2 - https:\/\/yoast.com\/product\/yoast-seo-wordpress\/ -->\n<title>GlareOne Antares 600 Basic Kit<\/title>\n<meta name=\"robots\" content=\"index, follow, max-snippet:-1, max-image-preview:large, max-video-preview:-1\" \/>\n<link rel=\"canonical\" href=\"https:\/\/glareone.eu\/de\/product\/glareone-antares-600-basic-kit\/\" \/>\n<meta property=\"og:locale\" content=\"de_DE\" \/>\n<meta property=\"og:type\" content=\"article\" \/>\n<meta property=\"og:title\" content=\"GlareOne Antares 600\" \/>\n<meta property=\"og:description\" content=\"Set f\u00fcr Studiofotografie mit 2 Lampen, 2 Stativen, rechteckiger Softbox 60&#215;90 cm, achteckiger Softbox 95 cm und Funkausl\u00f6ser. Anwendung: Das GlareOne Antares 600 Basic Kit erm\u00f6glicht es Ihnen nicht nur, den Umgang mit Blitzlicht zu erlernen, sondern auch ph\u00e4nomenale Fotografien aufzunehmen. Dank des Kits gewinnen Sie enorme Freiheit bei der Erweiterung Ihres Arsenals an Lichtmodifikatoren [&hellip;]\" \/>\n<meta property=\"og:url\" content=\"https:\/\/glareone.eu\/de\/product\/glareone-antares-600-basic-kit\/\" \/>\n<meta property=\"og:site_name\" content=\"GlareOne\" \/>\n<meta property=\"article:publisher\" content=\"https:\/\/www.facebook.com\/GlareOneLighting\" \/>\n<meta property=\"article:modified_time\" content=\"2025-12-11T13:17:01+00:00\" \/>\n<meta property=\"og:image\" content=\"https:\/\/glareone.eu\/wp-content\/uploads\/2025\/12\/SANTARES600KITB_01.jpg\" \/>\n\t<meta property=\"og:image:width\" content=\"1200\" \/>\n\t<meta property=\"og:image:height\" content=\"1200\" \/>\n\t<meta property=\"og:image:type\" content=\"image\/jpeg\" \/>\n<meta name=\"twitter:card\" content=\"summary_large_image\" \/>\n<meta name=\"twitter:title\" content=\"GlareOne Antares 600\" \/>\n<meta name=\"twitter:label1\" content=\"Gesch\u00e4tzte Lesezeit\" \/>\n\t<meta name=\"twitter:data1\" content=\"2\u00a0Minuten\" \/>\n<script type=\"application\/ld+json\" class=\"yoast-schema-graph\">{\"@context\":\"https:\/\/schema.org\",\"@graph\":[{\"@type\":\"WebPage\",\"@id\":\"https:\/\/glareone.eu\/de\/product\/glareone-antares-600-basic-kit\/\",\"url\":\"https:\/\/glareone.eu\/de\/product\/glareone-antares-600-basic-kit\/\",\"name\":\"GlareOne Antares 600 Basic Kit\",\"isPartOf\":{\"@id\":\"https:\/\/glareone.eu\/de\/en\/#website\"},\"primaryImageOfPage\":{\"@id\":\"https:\/\/glareone.eu\/de\/product\/glareone-antares-600-basic-kit\/#primaryimage\"},\"image\":{\"@id\":\"https:\/\/glareone.eu\/de\/product\/glareone-antares-600-basic-kit\/#primaryimage\"},\"thumbnailUrl\":\"https:\/\/glareone.eu\/wp-content\/uploads\/2025\/12\/SANTARES600KITB_01.jpg\",\"datePublished\":\"2025-12-11T13:00:37+00:00\",\"dateModified\":\"2025-12-11T13:17:01+00:00\",\"breadcrumb\":{\"@id\":\"https:\/\/glareone.eu\/de\/product\/glareone-antares-600-basic-kit\/#breadcrumb\"},\"inLanguage\":\"de\",\"potentialAction\":[{\"@type\":\"ReadAction\",\"target\":[\"https:\/\/glareone.eu\/de\/product\/glareone-antares-600-basic-kit\/\"]}]},{\"@type\":\"ImageObject\",\"inLanguage\":\"de\",\"@id\":\"https:\/\/glareone.eu\/de\/product\/glareone-antares-600-basic-kit\/#primaryimage\",\"url\":\"https:\/\/glareone.eu\/wp-content\/uploads\/2025\/12\/SANTARES600KITB_01.jpg\",\"contentUrl\":\"https:\/\/glareone.eu\/wp-content\/uploads\/2025\/12\/SANTARES600KITB_01.jpg\",\"width\":1200,\"height\":1200},{\"@type\":\"BreadcrumbList\",\"@id\":\"https:\/\/glareone.eu\/de\/product\/glareone-antares-600-basic-kit\/#breadcrumb\",\"itemListElement\":[{\"@type\":\"ListItem\",\"position\":1,\"name\":\"Strona g\u0142\u00f3wna\",\"item\":\"https:\/\/glareone.eu\/de\/\"},{\"@type\":\"ListItem\",\"position\":2,\"name\":\"Alle Produkte\",\"item\":\"https:\/\/glareone.eu\/de\/produkte\/alle-produkte\/\"},{\"@type\":\"ListItem\",\"position\":3,\"name\":\"GlareOne Antares 600 Basic Kit\"}]},{\"@type\":\"WebSite\",\"@id\":\"https:\/\/glareone.eu\/de\/en\/#website\",\"url\":\"https:\/\/glareone.eu\/de\/en\/\",\"name\":\"GlareOne\",\"description\":\"Wyposa\u017cenie Studia\",\"publisher\":{\"@id\":\"https:\/\/glareone.eu\/de\/en\/#organization\"},\"potentialAction\":[{\"@type\":\"SearchAction\",\"target\":{\"@type\":\"EntryPoint\",\"urlTemplate\":\"https:\/\/glareone.eu\/de\/en\/?s={search_term_string}\"},\"query-input\":{\"@type\":\"PropertyValueSpecification\",\"valueRequired\":true,\"valueName\":\"search_term_string\"}}],\"inLanguage\":\"de\"},{\"@type\":\"Organization\",\"@id\":\"https:\/\/glareone.eu\/de\/en\/#organization\",\"name\":\"GlareOne\",\"url\":\"https:\/\/glareone.eu\/de\/en\/\",\"logo\":{\"@type\":\"ImageObject\",\"inLanguage\":\"de\",\"@id\":\"https:\/\/glareone.eu\/de\/en\/#\/schema\/logo\/image\/\",\"url\":\"http:\/\/glareone.eu\/wp-content\/uploads\/2024\/05\/glareone_logo2020_RGB-01-e1715773127189.png\",\"contentUrl\":\"http:\/\/glareone.eu\/wp-content\/uploads\/2024\/05\/glareone_logo2020_RGB-01-e1715773127189.png\",\"width\":1270,\"height\":321,\"caption\":\"GlareOne\"},\"image\":{\"@id\":\"https:\/\/glareone.eu\/de\/en\/#\/schema\/logo\/image\/\"},\"sameAs\":[\"https:\/\/www.facebook.com\/GlareOneLighting\",\"https:\/\/www.instagram.com\/glareonelighting\/\",\"https:\/\/www.youtube.com\/@GlareOneTV\"]}]}<\/script>\n<!-- \/ Yoast SEO plugin. -->","yoast_head_json":{"title":"GlareOne Antares 600 Basic Kit","robots":{"index":"index","follow":"follow","max-snippet":"max-snippet:-1","max-image-preview":"max-image-preview:large","max-video-preview":"max-video-preview:-1"},"canonical":"https:\/\/glareone.eu\/de\/product\/glareone-antares-600-basic-kit\/","og_locale":"de_DE","og_type":"article","og_title":"GlareOne Antares 600","og_description":"Set f\u00fcr Studiofotografie mit 2 Lampen, 2 Stativen, rechteckiger Softbox 60&#215;90 cm, achteckiger Softbox 95 cm und Funkausl\u00f6ser. Anwendung: Das GlareOne Antares 600 Basic Kit erm\u00f6glicht es Ihnen nicht nur, den Umgang mit Blitzlicht zu erlernen, sondern auch ph\u00e4nomenale Fotografien aufzunehmen. Dank des Kits gewinnen Sie enorme Freiheit bei der Erweiterung Ihres Arsenals an Lichtmodifikatoren [&hellip;]","og_url":"https:\/\/glareone.eu\/de\/product\/glareone-antares-600-basic-kit\/","og_site_name":"GlareOne","article_publisher":"https:\/\/www.facebook.com\/GlareOneLighting","article_modified_time":"2025-12-11T13:17:01+00:00","og_image":[{"width":1200,"height":1200,"url":"https:\/\/glareone.eu\/wp-content\/uploads\/2025\/12\/SANTARES600KITB_01.jpg","type":"image\/jpeg"}],"twitter_card":"summary_large_image","twitter_title":"GlareOne Antares 600","twitter_misc":{"Gesch\u00e4tzte Lesezeit":"2\u00a0Minuten"},"schema":{"@context":"https:\/\/schema.org","@graph":[{"@type":"WebPage","@id":"https:\/\/glareone.eu\/de\/product\/glareone-antares-600-basic-kit\/","url":"https:\/\/glareone.eu\/de\/product\/glareone-antares-600-basic-kit\/","name":"GlareOne Antares 600 Basic Kit","isPartOf":{"@id":"https:\/\/glareone.eu\/de\/en\/#website"},"primaryImageOfPage":{"@id":"https:\/\/glareone.eu\/de\/product\/glareone-antares-600-basic-kit\/#primaryimage"},"image":{"@id":"https:\/\/glareone.eu\/de\/product\/glareone-antares-600-basic-kit\/#primaryimage"},"thumbnailUrl":"https:\/\/glareone.eu\/wp-content\/uploads\/2025\/12\/SANTARES600KITB_01.jpg","datePublished":"2025-12-11T13:00:37+00:00","dateModified":"2025-12-11T13:17:01+00:00","breadcrumb":{"@id":"https:\/\/glareone.eu\/de\/product\/glareone-antares-600-basic-kit\/#breadcrumb"},"inLanguage":"de","potentialAction":[{"@type":"ReadAction","target":["https:\/\/glareone.eu\/de\/product\/glareone-antares-600-basic-kit\/"]}]},{"@type":"ImageObject","inLanguage":"de","@id":"https:\/\/glareone.eu\/de\/product\/glareone-antares-600-basic-kit\/#primaryimage","url":"https:\/\/glareone.eu\/wp-content\/uploads\/2025\/12\/SANTARES600KITB_01.jpg","contentUrl":"https:\/\/glareone.eu\/wp-content\/uploads\/2025\/12\/SANTARES600KITB_01.jpg","width":1200,"height":1200},{"@type":"BreadcrumbList","@id":"https:\/\/glareone.eu\/de\/product\/glareone-antares-600-basic-kit\/#breadcrumb","itemListElement":[{"@type":"ListItem","position":1,"name":"Strona g\u0142\u00f3wna","item":"https:\/\/glareone.eu\/de\/"},{"@type":"ListItem","position":2,"name":"Alle Produkte","item":"https:\/\/glareone.eu\/de\/produkte\/alle-produkte\/"},{"@type":"ListItem","position":3,"name":"GlareOne Antares 600 Basic Kit"}]},{"@type":"WebSite","@id":"https:\/\/glareone.eu\/de\/en\/#website","url":"https:\/\/glareone.eu\/de\/en\/","name":"GlareOne","description":"Wyposa\u017cenie Studia","publisher":{"@id":"https:\/\/glareone.eu\/de\/en\/#organization"},"potentialAction":[{"@type":"SearchAction","target":{"@type":"EntryPoint","urlTemplate":"https:\/\/glareone.eu\/de\/en\/?s={search_term_string}"},"query-input":{"@type":"PropertyValueSpecification","valueRequired":true,"valueName":"search_term_string"}}],"inLanguage":"de"},{"@type":"Organization","@id":"https:\/\/glareone.eu\/de\/en\/#organization","name":"GlareOne","url":"https:\/\/glareone.eu\/de\/en\/","logo":{"@type":"ImageObject","inLanguage":"de","@id":"https:\/\/glareone.eu\/de\/en\/#\/schema\/logo\/image\/","url":"http:\/\/glareone.eu\/wp-content\/uploads\/2024\/05\/glareone_logo2020_RGB-01-e1715773127189.png","contentUrl":"http:\/\/glareone.eu\/wp-content\/uploads\/2024\/05\/glareone_logo2020_RGB-01-e1715773127189.png","width":1270,"height":321,"caption":"GlareOne"},"image":{"@id":"https:\/\/glareone.eu\/de\/en\/#\/schema\/logo\/image\/"},"sameAs":["https:\/\/www.facebook.com\/GlareOneLighting","https:\/\/www.instagram.com\/glareonelighting\/","https:\/\/www.youtube.com\/@GlareOneTV"]}]}},"_links":{"self":[{"href":"https:\/\/glareone.eu\/de\/wp-json\/wp\/v2\/product\/22824","targetHints":{"allow":["GET"]}}],"collection":[{"href":"https:\/\/glareone.eu\/de\/wp-json\/wp\/v2\/product"}],"about":[{"href":"https:\/\/glareone.eu\/de\/wp-json\/wp\/v2\/types\/product"}],"wp:featuredmedia":[{"embeddable":true,"href":"https:\/\/glareone.eu\/de\/wp-json\/wp\/v2\/media\/22831"}],"wp:attachment":[{"href":"https:\/\/glareone.eu\/de\/wp-json\/wp\/v2\/media?parent=22824"}],"wp:term":[{"taxonomy":"product_brand","embeddable":true,"href":"https:\/\/glareone.eu\/de\/wp-json\/wp\/v2\/product_brand?post=22824"},{"taxonomy":"product_cat","embeddable":true,"href":"https:\/\/glareone.eu\/de\/wp-json\/wp\/v2\/product_cat?post=22824"},{"taxonomy":"product_tag","embeddable":true,"href":"https:\/\/glareone.eu\/de\/wp-json\/wp\/v2\/product_tag?post=22824"}],"curies":[{"name":"wp","href":"https:\/\/api.w.org\/{rel}","templated":true}]}}