{"id":22517,"date":"2025-11-17T13:03:17","date_gmt":"2025-11-17T13:03:17","guid":{"rendered":"https:\/\/glareone.eu\/?post_type=product&#038;p=22517"},"modified":"2026-01-21T11:43:00","modified_gmt":"2026-01-21T11:43:00","slug":"glareone-talos-s","status":"publish","type":"product","link":"https:\/\/glareone.eu\/de\/product\/glareone-talos-s\/","title":{"rendered":"GlareOne Talos S"},"content":{"rendered":"<p>GlareOne Talos S ist der kleinste Ausl\u00f6ser der GlareOne-Produktreihe und verf\u00fcgt \u00fcber ein farbiges OLED-Touchscreen-Display. Er unterst\u00fctzt High-Speed-Sync (HSS) bis zu 1\/8000 Sekunde und TTL-Betrieb.<\/p>\n<p style=\"margin: 1cm 4cm;\">\n<div class='avia-iframe-wrap'><iframe loading=\"lazy\" title=\"GlareOne Talos i Talos S - prezentacja nadajnika\" width=\"1500\" height=\"844\" src=\"https:\/\/www.youtube.com\/embed\/amlK6yGE4VM?feature=oembed\" frameborder=\"0\" allow=\"accelerometer; autoplay; clipboard-write; encrypted-media; gyroscope; picture-in-picture; web-share\" referrerpolicy=\"strict-origin-when-cross-origin\" allowfullscreen><\/iframe><\/div>\n<\/p>\n<h4>Miniaturgr\u00f6\u00dfe und OLED-Touchscreen<\/h4>\n<p>Der Talos S-Sender zeichnet sich durch ein kompaktes Design und ein fast nicht sp\u00fcrbares Gewicht aus, was eine komfortable Nutzung und einen einfachen Transport gew\u00e4hrleistet.<br \/>\nAusgestattet mit einem klaren OLED-Touchscreen bietet er schnellen Zugriff auf Einstellungen und Informationen und sorgt so f\u00fcr Komfort in jeder Arbeitsumgebung. Das Display ist mit einer Antireflexbeschichtung versehen, au\u00dfergew\u00f6hnlich hell und erreicht bis zu 2500 Nits. Die Farbschnittstelle ist lebendig und kann im Ger\u00e4temen\u00fc angepasst werden. All dies macht die Bedienung des Senders angenehm und intuitiv.<\/p>\n<h4>Reichweite und Kommunikation<\/h4>\n<p>Der Sender arbeitet mit einer Frequenz von 2,4 GHz und erm\u00f6glicht eine stabile Kommunikation mit Blitzger\u00e4ten in einer Reichweite von bis zu 80 Metern. Er unterst\u00fctzt 6 Gruppen und 32 Kommunikationskan\u00e4le und erm\u00f6glicht so eine pr\u00e4zise und zuverl\u00e4ssige Steuerung mehrerer Lichtquellen.<\/p>\n<h4>Kompatibilit\u00e4t und Stromversorgung<\/h4>\n<p>GlareOne Talos S ist kompatibel mit Sony (Multi Interface Shoe). Das Ger\u00e4t wird \u00fcber einen integrierten Akku mit Strom versorgt und \u00fcber USB-C aufgeladen, was eine lange Betriebszeit und bequemes schnelles Aufladen gew\u00e4hrleistet.<\/p>\n<h4>TTL und HSS<\/h4>\n<p>Der GlareOne Talos S-Sender unterst\u00fctzt erweiterte Funktionen wie High-Speed-Sync (HSS) bis zu 1\/8000 Sekunde und TTL-Betrieb, wodurch eine pr\u00e4zise und automatische Anpassung der Blitzleistung an die Beleuchtungssituation erm\u00f6glicht wird.<\/p>\n<h4>Merkmale des GlareOne Talos S-Senders:<\/h4>\n<p>\u2022 1,43-Zoll-OLED-Touchscreen<br \/>\n\u2022 Praktischer Drehregler zur Leistungssteuerung<br \/>\n\u2022 Reichweite bis zu 80 m<br \/>\n\u2022 2,4 GHz Frequenz<br \/>\n\u2022 Automatische Kopplung mit Blitzger\u00e4ten<br \/>\n\u2022 16 Gruppen und 32 Kommunikationskan\u00e4le<br \/>\n\u2022 Funktioniert mit den Lampen Vega, Antares, Apus, Botis<br \/>\n\u2022 Integrierter Akku f\u00fcr bis zu 8 Stunden Dauerbetrieb oder 30.000 Aufnahmen<br \/>\n\u2022 Aufladen \u00fcber USB-C<br \/>\n\u2022 Kompatibel mit Sony (Multi-Interface-Blitzschuh)<br \/>\n\u2022 Vollst\u00e4ndiger Kamerakommunikationsmodus oder vollst\u00e4ndig manuelle Steuerung<br \/>\n\u2022 Unterst\u00fctzt den automatischen TTL-Modus, HSS bis zu 1\/8000 s und den MULTI-Modus<br \/>\n\u2022 Unterst\u00fctzt die FREEZE-Funktion<br \/>\n\u2022 Anpassbare Farbe der Benutzeroberfl\u00e4che<\/p>\n<h4>Im Lieferumfang enthalten:<\/h4>\n<p>1x Sender<br \/>\n1x Bedienungsanleitung<\/p>\n","protected":false},"excerpt":{"rendered":"<p>GlareOne Talos S ist der kleinste Ausl\u00f6ser der GlareOne-Produktreihe und verf\u00fcgt \u00fcber ein farbiges OLED-Touchscreen-Display. Er unterst\u00fctzt High-Speed-Sync (HSS) bis zu 1\/8000 Sekunde und TTL-Betrieb. Miniaturgr\u00f6\u00dfe und OLED-Touchscreen Der Talos S-Sender zeichnet sich durch ein kompaktes Design und ein fast nicht sp\u00fcrbares Gewicht aus, was eine komfortable Nutzung und einen einfachen Transport gew\u00e4hrleistet. Ausgestattet mit [&hellip;]<\/p>\n","protected":false},"featured_media":22526,"template":"","meta":[],"product_brand":[],"product_cat":[525],"product_tag":[],"class_list":{"0":"post-22517","1":"product","2":"type-product","3":"status-publish","4":"has-post-thumbnail","6":"product_cat-batterieblitze","8":"first","9":"instock","10":"product-type-simple"},"yoast_head":"<!-- This site is optimized with the Yoast SEO plugin v27.2 - https:\/\/yoast.com\/product\/yoast-seo-wordpress\/ -->\n<title>GlareOne Talos S<\/title>\n<meta name=\"description\" content=\"GlareOne Talos S\" \/>\n<meta name=\"robots\" content=\"index, follow, max-snippet:-1, max-image-preview:large, max-video-preview:-1\" \/>\n<link rel=\"canonical\" href=\"https:\/\/glareone.eu\/de\/product\/glareone-talos-s\/\" \/>\n<meta property=\"og:locale\" content=\"de_DE\" \/>\n<meta property=\"og:type\" content=\"article\" \/>\n<meta property=\"og:title\" content=\"GlareOne Botis 400\" \/>\n<meta property=\"og:description\" content=\"GlareOne Talos S\" \/>\n<meta property=\"og:url\" content=\"https:\/\/glareone.eu\/de\/product\/glareone-talos-s\/\" \/>\n<meta property=\"og:site_name\" content=\"GlareOne\" \/>\n<meta property=\"article:publisher\" content=\"https:\/\/www.facebook.com\/GlareOneLighting\" \/>\n<meta property=\"article:modified_time\" content=\"2026-01-21T11:43:00+00:00\" \/>\n<meta property=\"og:image\" content=\"https:\/\/glareone.eu\/wp-content\/uploads\/2025\/11\/SOTALOSS_01.jpg\" \/>\n\t<meta property=\"og:image:width\" content=\"1200\" \/>\n\t<meta property=\"og:image:height\" content=\"1200\" \/>\n\t<meta property=\"og:image:type\" content=\"image\/jpeg\" \/>\n<meta name=\"twitter:card\" content=\"summary_large_image\" \/>\n<meta name=\"twitter:title\" content=\"GlareOne Botis 400\" \/>\n<meta name=\"twitter:label1\" content=\"Gesch\u00e4tzte Lesezeit\" \/>\n\t<meta name=\"twitter:data1\" content=\"2\u00a0Minuten\" \/>\n<script type=\"application\/ld+json\" class=\"yoast-schema-graph\">{\"@context\":\"https:\/\/schema.org\",\"@graph\":[{\"@type\":\"WebPage\",\"@id\":\"https:\/\/glareone.eu\/de\/product\/glareone-talos-s\/\",\"url\":\"https:\/\/glareone.eu\/de\/product\/glareone-talos-s\/\",\"name\":\"GlareOne Talos S\",\"isPartOf\":{\"@id\":\"https:\/\/glareone.eu\/de\/en\/#website\"},\"primaryImageOfPage\":{\"@id\":\"https:\/\/glareone.eu\/de\/product\/glareone-talos-s\/#primaryimage\"},\"image\":{\"@id\":\"https:\/\/glareone.eu\/de\/product\/glareone-talos-s\/#primaryimage\"},\"thumbnailUrl\":\"https:\/\/glareone.eu\/wp-content\/uploads\/2025\/11\/SOTALOSS_01.jpg\",\"datePublished\":\"2025-11-17T13:03:17+00:00\",\"dateModified\":\"2026-01-21T11:43:00+00:00\",\"description\":\"GlareOne Talos S\",\"breadcrumb\":{\"@id\":\"https:\/\/glareone.eu\/de\/product\/glareone-talos-s\/#breadcrumb\"},\"inLanguage\":\"de\",\"potentialAction\":[{\"@type\":\"ReadAction\",\"target\":[\"https:\/\/glareone.eu\/de\/product\/glareone-talos-s\/\"]}]},{\"@type\":\"ImageObject\",\"inLanguage\":\"de\",\"@id\":\"https:\/\/glareone.eu\/de\/product\/glareone-talos-s\/#primaryimage\",\"url\":\"https:\/\/glareone.eu\/wp-content\/uploads\/2025\/11\/SOTALOSS_01.jpg\",\"contentUrl\":\"https:\/\/glareone.eu\/wp-content\/uploads\/2025\/11\/SOTALOSS_01.jpg\",\"width\":1200,\"height\":1200},{\"@type\":\"BreadcrumbList\",\"@id\":\"https:\/\/glareone.eu\/de\/product\/glareone-talos-s\/#breadcrumb\",\"itemListElement\":[{\"@type\":\"ListItem\",\"position\":1,\"name\":\"Strona g\u0142\u00f3wna\",\"item\":\"https:\/\/glareone.eu\/de\/\"},{\"@type\":\"ListItem\",\"position\":2,\"name\":\"Alle Produkte\",\"item\":\"https:\/\/glareone.eu\/de\/produkte\/alle-produkte\/\"},{\"@type\":\"ListItem\",\"position\":3,\"name\":\"GlareOne Talos S\"}]},{\"@type\":\"WebSite\",\"@id\":\"https:\/\/glareone.eu\/de\/en\/#website\",\"url\":\"https:\/\/glareone.eu\/de\/en\/\",\"name\":\"GlareOne\",\"description\":\"Wyposa\u017cenie Studia\",\"publisher\":{\"@id\":\"https:\/\/glareone.eu\/de\/en\/#organization\"},\"potentialAction\":[{\"@type\":\"SearchAction\",\"target\":{\"@type\":\"EntryPoint\",\"urlTemplate\":\"https:\/\/glareone.eu\/de\/en\/?s={search_term_string}\"},\"query-input\":{\"@type\":\"PropertyValueSpecification\",\"valueRequired\":true,\"valueName\":\"search_term_string\"}}],\"inLanguage\":\"de\"},{\"@type\":\"Organization\",\"@id\":\"https:\/\/glareone.eu\/de\/en\/#organization\",\"name\":\"GlareOne\",\"url\":\"https:\/\/glareone.eu\/de\/en\/\",\"logo\":{\"@type\":\"ImageObject\",\"inLanguage\":\"de\",\"@id\":\"https:\/\/glareone.eu\/de\/en\/#\/schema\/logo\/image\/\",\"url\":\"http:\/\/glareone.eu\/wp-content\/uploads\/2024\/05\/glareone_logo2020_RGB-01-e1715773127189.png\",\"contentUrl\":\"http:\/\/glareone.eu\/wp-content\/uploads\/2024\/05\/glareone_logo2020_RGB-01-e1715773127189.png\",\"width\":1270,\"height\":321,\"caption\":\"GlareOne\"},\"image\":{\"@id\":\"https:\/\/glareone.eu\/de\/en\/#\/schema\/logo\/image\/\"},\"sameAs\":[\"https:\/\/www.facebook.com\/GlareOneLighting\",\"https:\/\/www.instagram.com\/glareonelighting\/\",\"https:\/\/www.youtube.com\/@GlareOneTV\"]}]}<\/script>\n<!-- \/ Yoast SEO plugin. -->","yoast_head_json":{"title":"GlareOne Talos S","description":"GlareOne Talos S","robots":{"index":"index","follow":"follow","max-snippet":"max-snippet:-1","max-image-preview":"max-image-preview:large","max-video-preview":"max-video-preview:-1"},"canonical":"https:\/\/glareone.eu\/de\/product\/glareone-talos-s\/","og_locale":"de_DE","og_type":"article","og_title":"GlareOne Botis 400","og_description":"GlareOne Talos S","og_url":"https:\/\/glareone.eu\/de\/product\/glareone-talos-s\/","og_site_name":"GlareOne","article_publisher":"https:\/\/www.facebook.com\/GlareOneLighting","article_modified_time":"2026-01-21T11:43:00+00:00","og_image":[{"width":1200,"height":1200,"url":"https:\/\/glareone.eu\/wp-content\/uploads\/2025\/11\/SOTALOSS_01.jpg","type":"image\/jpeg"}],"twitter_card":"summary_large_image","twitter_title":"GlareOne Botis 400","twitter_misc":{"Gesch\u00e4tzte Lesezeit":"2\u00a0Minuten"},"schema":{"@context":"https:\/\/schema.org","@graph":[{"@type":"WebPage","@id":"https:\/\/glareone.eu\/de\/product\/glareone-talos-s\/","url":"https:\/\/glareone.eu\/de\/product\/glareone-talos-s\/","name":"GlareOne Talos S","isPartOf":{"@id":"https:\/\/glareone.eu\/de\/en\/#website"},"primaryImageOfPage":{"@id":"https:\/\/glareone.eu\/de\/product\/glareone-talos-s\/#primaryimage"},"image":{"@id":"https:\/\/glareone.eu\/de\/product\/glareone-talos-s\/#primaryimage"},"thumbnailUrl":"https:\/\/glareone.eu\/wp-content\/uploads\/2025\/11\/SOTALOSS_01.jpg","datePublished":"2025-11-17T13:03:17+00:00","dateModified":"2026-01-21T11:43:00+00:00","description":"GlareOne Talos S","breadcrumb":{"@id":"https:\/\/glareone.eu\/de\/product\/glareone-talos-s\/#breadcrumb"},"inLanguage":"de","potentialAction":[{"@type":"ReadAction","target":["https:\/\/glareone.eu\/de\/product\/glareone-talos-s\/"]}]},{"@type":"ImageObject","inLanguage":"de","@id":"https:\/\/glareone.eu\/de\/product\/glareone-talos-s\/#primaryimage","url":"https:\/\/glareone.eu\/wp-content\/uploads\/2025\/11\/SOTALOSS_01.jpg","contentUrl":"https:\/\/glareone.eu\/wp-content\/uploads\/2025\/11\/SOTALOSS_01.jpg","width":1200,"height":1200},{"@type":"BreadcrumbList","@id":"https:\/\/glareone.eu\/de\/product\/glareone-talos-s\/#breadcrumb","itemListElement":[{"@type":"ListItem","position":1,"name":"Strona g\u0142\u00f3wna","item":"https:\/\/glareone.eu\/de\/"},{"@type":"ListItem","position":2,"name":"Alle Produkte","item":"https:\/\/glareone.eu\/de\/produkte\/alle-produkte\/"},{"@type":"ListItem","position":3,"name":"GlareOne Talos S"}]},{"@type":"WebSite","@id":"https:\/\/glareone.eu\/de\/en\/#website","url":"https:\/\/glareone.eu\/de\/en\/","name":"GlareOne","description":"Wyposa\u017cenie Studia","publisher":{"@id":"https:\/\/glareone.eu\/de\/en\/#organization"},"potentialAction":[{"@type":"SearchAction","target":{"@type":"EntryPoint","urlTemplate":"https:\/\/glareone.eu\/de\/en\/?s={search_term_string}"},"query-input":{"@type":"PropertyValueSpecification","valueRequired":true,"valueName":"search_term_string"}}],"inLanguage":"de"},{"@type":"Organization","@id":"https:\/\/glareone.eu\/de\/en\/#organization","name":"GlareOne","url":"https:\/\/glareone.eu\/de\/en\/","logo":{"@type":"ImageObject","inLanguage":"de","@id":"https:\/\/glareone.eu\/de\/en\/#\/schema\/logo\/image\/","url":"http:\/\/glareone.eu\/wp-content\/uploads\/2024\/05\/glareone_logo2020_RGB-01-e1715773127189.png","contentUrl":"http:\/\/glareone.eu\/wp-content\/uploads\/2024\/05\/glareone_logo2020_RGB-01-e1715773127189.png","width":1270,"height":321,"caption":"GlareOne"},"image":{"@id":"https:\/\/glareone.eu\/de\/en\/#\/schema\/logo\/image\/"},"sameAs":["https:\/\/www.facebook.com\/GlareOneLighting","https:\/\/www.instagram.com\/glareonelighting\/","https:\/\/www.youtube.com\/@GlareOneTV"]}]}},"_links":{"self":[{"href":"https:\/\/glareone.eu\/de\/wp-json\/wp\/v2\/product\/22517","targetHints":{"allow":["GET"]}}],"collection":[{"href":"https:\/\/glareone.eu\/de\/wp-json\/wp\/v2\/product"}],"about":[{"href":"https:\/\/glareone.eu\/de\/wp-json\/wp\/v2\/types\/product"}],"wp:featuredmedia":[{"embeddable":true,"href":"https:\/\/glareone.eu\/de\/wp-json\/wp\/v2\/media\/22526"}],"wp:attachment":[{"href":"https:\/\/glareone.eu\/de\/wp-json\/wp\/v2\/media?parent=22517"}],"wp:term":[{"taxonomy":"product_brand","embeddable":true,"href":"https:\/\/glareone.eu\/de\/wp-json\/wp\/v2\/product_brand?post=22517"},{"taxonomy":"product_cat","embeddable":true,"href":"https:\/\/glareone.eu\/de\/wp-json\/wp\/v2\/product_cat?post=22517"},{"taxonomy":"product_tag","embeddable":true,"href":"https:\/\/glareone.eu\/de\/wp-json\/wp\/v2\/product_tag?post=22517"}],"curies":[{"name":"wp","href":"https:\/\/api.w.org\/{rel}","templated":true}]}}