{"id":22422,"date":"2025-11-17T12:22:34","date_gmt":"2025-11-17T12:22:34","guid":{"rendered":"https:\/\/glareone.eu\/?post_type=product&#038;p=22422"},"modified":"2025-12-15T08:32:21","modified_gmt":"2025-12-15T08:32:21","slug":"glareone-botis-600","status":"publish","type":"product","link":"https:\/\/glareone.eu\/de\/product\/glareone-botis-600\/","title":{"rendered":"GlareOne Botis 600"},"content":{"rendered":"<p><span style=\"font-weight: 400;\">Der GlareOne Botis 600 ist ein 600 Ws-Blitzger\u00e4t, das professionellen Anwendern leistungsstarkes Licht bietet und \u00fcber ein 40 W BiColor LED-Einstelllicht verf\u00fcgt. Dank seines effizienten Li-Ionen-Akkus liefert das Ger\u00e4t bis zu 380 Blitze bei voller Leistung mit einer einzigen Ladung. Integrierte TTL- und HSS-Funktionen sorgen f\u00fcr pr\u00e4zise Belichtung in jeder Situation.<\/span><\/p>\n<p style=\"margin: 1cm 4cm;\">\n<div class='avia-iframe-wrap'><iframe loading=\"lazy\" title=\"GlareOne Botis 400 i 600 - prezentacja lamp\" width=\"1500\" height=\"844\" src=\"https:\/\/www.youtube.com\/embed\/6ciD6qxtX40?feature=oembed\" frameborder=\"0\" allow=\"accelerometer; autoplay; clipboard-write; encrypted-media; gyroscope; picture-in-picture; web-share\" referrerpolicy=\"strict-origin-when-cross-origin\" allowfullscreen><\/iframe><\/div>\n<\/p>\n<h4>Leistung, Effizienz und Technologie<\/h4>\n<p><span style=\"font-weight: 400;\">Der GlareOne Botis 600 ist ein Blitzger\u00e4t mit einer maximalen Leistung von 600 Ws \u2013 aber es ist nicht nur die Zahl auf dem Geh\u00e4use, die seine Leistung definiert. Was wirklich z\u00e4hlt, ist die fortschrittliche Technologie, die in das Ger\u00e4t integriert ist, und das Design der Blitzr\u00f6hre, wodurch es bessere Ergebnisse liefert als viele konkurrierende Modelle mit 500 oder sogar 600 Ws. <\/span><\/p>\n<p><span style=\"font-weight: 400;\">Die leistungsstarke Lichtquelle eignet sich sowohl f\u00fcr anspruchsvolle Studioaufnahmen als auch f\u00fcr Au\u00dfenaufnahmen, insbesondere bei Verwendung von Reflektoren, wo die Lichteffizienz im Vergleich zu Leuchten anderer Hersteller um bis zu 1,5 EV*<\/span><span style=\"font-weight: 400;\"> h\u00f6her ist. Dank seines effizienten K\u00fchlsystems kann das Licht ausgiebig bei dynamischen Aufnahmen eingesetzt werden und erm\u00f6glicht eine kontinuierliche Ausl\u00f6sung von bis zu 150 Blitzen mit voller Leistung ohne Unterbrechung. Die Ladezeit bei maximaler Leistung betr\u00e4gt nur 0,9 Sekunden, was einen schnellen Arbeitsablauf erm\u00f6glicht, ohne dass eine einzige Aufnahme verpasst wird.<\/span><\/p>\n<h4>Lichtqualit\u00e4t<\/h4>\n<p><span style=\"font-weight: 400;\">Die Leuchte ist mit einer gro\u00dfen, hervorstehenden offenen Blitzr\u00f6hre ausgestattet, die f\u00fcr eine gleichm\u00e4\u00dfige Lichtverteilung sorgt. Dadurch l\u00e4sst sich die Botis 600 perfekt mit verschiedenen Lichtmodifikatoren wie Softboxen, Schirmen, Reflektoren, Snoots und Beauty Dishes kombinieren. Die Farbtemperatur und das Lichtspektrum entsprechen dem nat\u00fcrlichen Tageslicht und gew\u00e4hrleisten eine hervorragende Farbgenauigkeit und Detailwiedergabe in Fotos. Die Leuchte bietet au\u00dferdem eine hohe Stabilit\u00e4t und Konsistenz der Blitze. Die Blitzr\u00f6hre des Botis 600 ist durch eine Glaskuppel gesch\u00fctzt, die sie vor Besch\u00e4digungen sch\u00fctzt.<\/span><\/p>\n<h4>Kurze Blitzdauer<\/h4>\n<p><span style=\"font-weight: 400;\">Der Botis 600 verf\u00fcgt \u00fcber einen Freeze-Modus, der Blitzdauern von 1\/1000 s bis 1\/27000 s (t0,5) erm\u00f6glicht. Diese Funktion ist f\u00fcr die Aufnahme von Bewegungen mit Blitzlicht unerl\u00e4sslich. Das Display zeigt die genaue Blitzdauer entsprechend der gew\u00e4hlten Leistungsstufe an. Die Verwendung der richtigen Blitzdauer sorgt f\u00fcr scharfe Bilder, wenn es darauf ankommt, den perfekten Moment einzufangen.<\/span><\/p>\n<h4>Zubeh\u00f6r<\/h4>\n<p><span style=\"font-weight: 400;\">Der Botis 600 wird als Set mit Reflektor, Gitter und Farbfiltern geliefert, die eine pr\u00e4zise Lichtsteuerung oder kreative Farbeffekte erm\u00f6glichen. Eine praktische Tragetasche f\u00fcr den sicheren und einfachen Transport ist ebenfalls im Lieferumfang enthalten. Der Botis 600 verf\u00fcgt \u00fcber eine Bowens-Halterung, die mit einer Vielzahl von Modifikatoren und Zubeh\u00f6rteilen von GlareOne sowie vielen anderen Herstellern kompatibel ist.<\/span><\/p>\n<h4>Fernbedienung und Ausl\u00f6serkompatibilit\u00e4t<\/h4>\n<p><span style=\"font-weight: 400;\">Der GlareOne Botis 600 verf\u00fcgt \u00fcber einen SLAVE-Modus, sodass er von anderen Master-Ger\u00e4ten innerhalb des GlareOne-Blitzsystems ferngesteuert ausgel\u00f6st werden kann. Dies bietet v\u00f6llige Freiheit bei der Gestaltung der Beleuchtung am Set. Der Botis 600 ist vollst\u00e4ndig kompatibel mit allen GlareOne-Ausl\u00f6sern, sodass er sich leicht mit anderen Leuchten derselben Marke integrieren l\u00e4sst und eine bequeme und flexible Bedienung gew\u00e4hrleistet ist.<\/span><\/p>\n<h4>Erweiterte Kanal- und Gruppeneinstellungen<\/h4>\n<p><span style=\"font-weight: 400;\">Der GlareOne Botis 600 unterst\u00fctzt den Betrieb in 16 Gruppen und 32 Kan\u00e4len und bietet eine Vielzahl von Konfigurations- und Steuerungsoptionen f\u00fcr mehrere Leuchten unter verschiedenen Aufnahmebedingungen. Dies erm\u00f6glicht eine pr\u00e4zise Einstellung der Beleuchtungsparameter.<\/span><\/p>\n<h4>HSS und TTL<\/h4>\n<p><span style=\"font-weight: 400;\">Das Blitzger\u00e4t unterst\u00fctzt High-Speed Sync (HSS) und erm\u00f6glicht so die Synchronisation mit extrem kurzen Verschlusszeiten \u2013 besonders n\u00fctzlich f\u00fcr Au\u00dfenaufnahmen und Portr\u00e4tfotografie mit geringer Sch\u00e4rfentiefe. Die automatische TTL-Belichtungsmessung sorgt f\u00fcr eine perfekte Belichtung ohne manuelle Einstellungen, was die Arbeit erheblich erleichtert und wertvolle Zeit spart.<\/span><\/p>\n<h4>Batterie<\/h4>\n<p><span style=\"font-weight: 400;\">Dank seines Lithium-Ionen-Akkus kann der GlareOne Botis 600 mit einer einzigen Ladung bis zu 380 Blitze ausl\u00f6sen und gew\u00e4hrleistet so auch bei intensiven Fotosessions eine lang anhaltende und zuverl\u00e4ssige Leistung.<\/span><\/p>\n<h4>Blitzleistungsanpassung<\/h4>\n<p><span style=\"font-weight: 400;\">Das Licht bietet eine Blitzleistungsanpassung \u00fcber 9 Blendenstufen, wodurch eine pr\u00e4zise Steuerung der Lichtleistung m\u00f6glich ist.<\/span><\/p>\n<h4>Merkmale des GlareOne Botis 600 und Unterschiede zum Botis 400:<\/h4>\n<p>&nbsp;<\/p>\n<table dir=\"ltr\" border=\"1\" cellspacing=\"0\" cellpadding=\"0\" data-sheets-root=\"1\" data-sheets-baot=\"1\">\n<colgroup>\n<col width=\"100\" \/>\n<col width=\"100\" \/><\/colgroup>\n<tbody>\n<tr>\n<td><strong>Botis 400<\/strong><\/td>\n<td><strong>Botis 600<\/strong><\/td>\n<\/tr>\n<tr>\n<td>\u2022 kompaktes <strong>400 Ws<\/strong> Blitzlicht,<\/td>\n<td>\n<div>\n<div>\u2022 kompaktes <strong>600 Ws<\/strong> Blitzlicht,<\/div>\n<\/div>\n<\/td>\n<\/tr>\n<tr>\n<td>\u2022 automatischer TTL- und HSS-Modus bis zu 1\/8000 s,<\/td>\n<td>\n<div>\n<div>\u2022 automatischer TTL- und HSS-Modus bis zu 1\/8000 s,<\/div>\n<\/div>\n<\/td>\n<\/tr>\n<tr>\n<td>\u2022 <strong>500 Blitze<\/strong> mit voller Leistung mit einer einzigen Akkuladung,<\/td>\n<td>\n<div>\n<div>\u2022 <strong>380 Blitze<\/strong> bei voller Leistung mit einer einzigen Akkuladung,<\/div>\n<\/div>\n<\/td>\n<\/tr>\n<tr>\n<td>\u2022 Recyclingzeit 0,01 \u2013 0,9 s,<\/td>\n<td>\n<div>\n<div>\u2022 Recyclingzeit 0,01 \u2013 0,9 s,<\/div>\n<\/div>\n<\/td>\n<\/tr>\n<tr>\n<td>\u2022 <strong>180<\/strong> aufeinanderfolgende Blitze mit voller Leistung im Serienbildmodus,<\/td>\n<td>\n<div>\n<div>\u2022 <strong>150<\/strong> aufeinanderfolgende Blitze mit voller Leistung im Serienbildmodus,<\/div>\n<\/div>\n<\/td>\n<\/tr>\n<tr>\n<td>\u2022 Leistungsbereich 2,0\u201310,0,<\/td>\n<td>\n<div>\n<div>\u2022 Leistungsbereich 2,0\u201310,0,<\/div>\n<\/div>\n<\/td>\n<\/tr>\n<tr>\n<td>\u2022 stabile Farbtemperatur 5500 K \u00b1 75 K,<\/td>\n<td>\n<div>\n<div>\u2022 stabile Farbtemperatur 5500 K \u00b1 75 K,<\/div>\n<\/div>\n<\/td>\n<\/tr>\n<tr>\n<td>\u2022 Blitzdauer t0,5 =<strong> 1\/530 \u2013 1\/20200<\/strong>,<\/td>\n<td>\n<div>\n<div>\u2022 Blitzdauer t0,5 = <strong>1\/1000 \u2013 1\/27000<\/strong>,<\/div>\n<\/div>\n<\/td>\n<\/tr>\n<tr>\n<td>\u2022 drei Blitzmodi: NORMAL, MULTI und FREEZE,<\/td>\n<td>\n<div>\n<div>\u2022 drei Blitzmodi: NORMAL, MULTI und FREEZE,<\/div>\n<\/div>\n<\/td>\n<\/tr>\n<tr>\n<td>\u2022 EasyCap-Objektmaskierungsfunktion,<\/td>\n<td>\n<div>\n<div>\u2022 EasyCap-Objektmaskierungsfunktion,<\/div>\n<\/div>\n<\/td>\n<\/tr>\n<tr>\n<td>\u2022 kompatibel mit dem GlareOne-Funksystem,<\/td>\n<td>\n<div>\n<div>\u2022 kompatibel mit dem GlareOne-Funksystem,<\/div>\n<\/div>\n<\/td>\n<\/tr>\n<tr>\n<td>\u2022 16 Gruppen und 32 Kan\u00e4le,<\/td>\n<td>\n<div>\n<div>\u2022 16 Gruppen und 32 Kan\u00e4le,<\/div>\n<\/div>\n<\/td>\n<\/tr>\n<tr>\n<td>\u2022 Visuelle Gruppenanzeige am Lampengeh\u00e4use,<\/td>\n<td>\n<div>\n<div>\u2022 Visuelle Gruppenanzeige am Lampengeh\u00e4use,<\/div>\n<\/div>\n<\/td>\n<\/tr>\n<tr>\n<td>\u2022 <strong>30 W<\/strong> Zweifarbige LED (2700 K \u2013 6500 K \u00b1 200 K),<\/td>\n<td>\n<div>\n<div>\u2022 <strong>40 W<\/strong> Zweifarbige LED (2700 K \u2013 6500 K \u00b1 200 K),<\/div>\n<\/div>\n<\/td>\n<\/tr>\n<tr>\n<td>\u2022 Bowens-Halterung,<\/td>\n<td>\n<div>\n<div>\u2022 Bowens-Halterung,<\/div>\n<\/div>\n<\/td>\n<\/tr>\n<tr>\n<td>\u2022 Touchscreen-Display.<\/td>\n<td>\n<div>\n<div>\u2022 Touchscreen-Display.<\/div>\n<\/div>\n<\/td>\n<\/tr>\n<\/tbody>\n<\/table>\n<h4>Im Lieferumfang enthalten:<\/h4>\n<ul>\n<li>1x GlareOne Botis 600<\/li>\n<li>1x B400600BP-Batterie<\/li>\n<li>1x Ladeger\u00e4t B400600CH<\/li>\n<li>1x EU-Netzkabel<\/li>\n<li>1x UK-Netzkabel<\/li>\n<li>1x Reflektor<\/li>\n<li>1x Satz Farbfilter<\/li>\n<li>1x Bedienungsanleitung<\/li>\n<li>1x Tragetasche<\/li>\n<\/ul>\n<p>*<span style=\"font-weight: 400;\">\u00a0Basierend auf internen Tests, bei denen die folgenden Modelle verglichen wurden: Godox AD600 PRO TTL, Profoto B10, Elinchrom ELC 500, Quadralite Atlas 600 PRO TTL und Botis 400. Stand: 1. Oktober 2025. Messparameter: Sekonic L858D (1\/125, ISO 100), 18 cm Reflektor, Entfernung 1 m<\/span><span style=\"font-weight: 400;\">.\u00a0<\/span><\/p>\n","protected":false},"excerpt":{"rendered":"<p>Der GlareOne Botis 600 ist ein 600 Ws-Blitzger\u00e4t, das professionellen Anwendern leistungsstarkes Licht bietet und \u00fcber ein 40 W BiColor LED-Einstelllicht verf\u00fcgt. Dank seines effizienten Li-Ionen-Akkus liefert das Ger\u00e4t bis zu 380 Blitze bei voller Leistung mit einer einzigen Ladung. Integrierte TTL- und HSS-Funktionen sorgen f\u00fcr pr\u00e4zise Belichtung in jeder Situation. Leistung, Effizienz und Technologie [&hellip;]<\/p>\n","protected":false},"featured_media":22429,"template":"","meta":[],"product_brand":[],"product_cat":[525],"product_tag":[],"class_list":{"0":"post-22422","1":"product","2":"type-product","3":"status-publish","4":"has-post-thumbnail","6":"product_cat-batterieblitze","8":"first","9":"instock","10":"product-type-simple"},"yoast_head":"<!-- This site is optimized with the Yoast SEO plugin v27.2 - https:\/\/yoast.com\/product\/yoast-seo-wordpress\/ -->\n<title>GlareOne Botis 600<\/title>\n<meta name=\"description\" content=\"GlareOne Botis 600\" \/>\n<meta name=\"robots\" content=\"index, follow, max-snippet:-1, max-image-preview:large, max-video-preview:-1\" \/>\n<link rel=\"canonical\" href=\"https:\/\/glareone.eu\/de\/product\/glareone-botis-600\/\" \/>\n<meta property=\"og:locale\" content=\"de_DE\" \/>\n<meta property=\"og:type\" content=\"article\" \/>\n<meta property=\"og:title\" content=\"GlareOne Botis 400\" \/>\n<meta property=\"og:description\" content=\"GlareOne Botis 600\" \/>\n<meta property=\"og:url\" content=\"https:\/\/glareone.eu\/de\/product\/glareone-botis-600\/\" \/>\n<meta property=\"og:site_name\" content=\"GlareOne\" \/>\n<meta property=\"article:publisher\" content=\"https:\/\/www.facebook.com\/GlareOneLighting\" \/>\n<meta property=\"article:modified_time\" content=\"2025-12-15T08:32:21+00:00\" \/>\n<meta property=\"og:image\" content=\"https:\/\/glareone.eu\/wp-content\/uploads\/2025\/11\/SBOTIS600_01.jpg\" \/>\n\t<meta property=\"og:image:width\" content=\"1200\" \/>\n\t<meta property=\"og:image:height\" content=\"1200\" \/>\n\t<meta property=\"og:image:type\" content=\"image\/jpeg\" \/>\n<meta name=\"twitter:card\" content=\"summary_large_image\" \/>\n<meta name=\"twitter:title\" content=\"GlareOne Botis 400\" \/>\n<script type=\"application\/ld+json\" class=\"yoast-schema-graph\">{\"@context\":\"https:\/\/schema.org\",\"@graph\":[{\"@type\":\"WebPage\",\"@id\":\"https:\/\/glareone.eu\/de\/product\/glareone-botis-600\/\",\"url\":\"https:\/\/glareone.eu\/de\/product\/glareone-botis-600\/\",\"name\":\"GlareOne Botis 600\",\"isPartOf\":{\"@id\":\"https:\/\/glareone.eu\/de\/en\/#website\"},\"primaryImageOfPage\":{\"@id\":\"https:\/\/glareone.eu\/de\/product\/glareone-botis-600\/#primaryimage\"},\"image\":{\"@id\":\"https:\/\/glareone.eu\/de\/product\/glareone-botis-600\/#primaryimage\"},\"thumbnailUrl\":\"https:\/\/glareone.eu\/wp-content\/uploads\/2025\/11\/SBOTIS600_01.jpg\",\"datePublished\":\"2025-11-17T12:22:34+00:00\",\"dateModified\":\"2025-12-15T08:32:21+00:00\",\"description\":\"GlareOne Botis 600\",\"breadcrumb\":{\"@id\":\"https:\/\/glareone.eu\/de\/product\/glareone-botis-600\/#breadcrumb\"},\"inLanguage\":\"de\",\"potentialAction\":[{\"@type\":\"ReadAction\",\"target\":[\"https:\/\/glareone.eu\/de\/product\/glareone-botis-600\/\"]}]},{\"@type\":\"ImageObject\",\"inLanguage\":\"de\",\"@id\":\"https:\/\/glareone.eu\/de\/product\/glareone-botis-600\/#primaryimage\",\"url\":\"https:\/\/glareone.eu\/wp-content\/uploads\/2025\/11\/SBOTIS600_01.jpg\",\"contentUrl\":\"https:\/\/glareone.eu\/wp-content\/uploads\/2025\/11\/SBOTIS600_01.jpg\",\"width\":1200,\"height\":1200},{\"@type\":\"BreadcrumbList\",\"@id\":\"https:\/\/glareone.eu\/de\/product\/glareone-botis-600\/#breadcrumb\",\"itemListElement\":[{\"@type\":\"ListItem\",\"position\":1,\"name\":\"Strona g\u0142\u00f3wna\",\"item\":\"https:\/\/glareone.eu\/de\/\"},{\"@type\":\"ListItem\",\"position\":2,\"name\":\"Alle Produkte\",\"item\":\"https:\/\/glareone.eu\/de\/produkte\/alle-produkte\/\"},{\"@type\":\"ListItem\",\"position\":3,\"name\":\"GlareOne Botis 600\"}]},{\"@type\":\"WebSite\",\"@id\":\"https:\/\/glareone.eu\/de\/en\/#website\",\"url\":\"https:\/\/glareone.eu\/de\/en\/\",\"name\":\"GlareOne\",\"description\":\"Wyposa\u017cenie Studia\",\"publisher\":{\"@id\":\"https:\/\/glareone.eu\/de\/en\/#organization\"},\"potentialAction\":[{\"@type\":\"SearchAction\",\"target\":{\"@type\":\"EntryPoint\",\"urlTemplate\":\"https:\/\/glareone.eu\/de\/en\/?s={search_term_string}\"},\"query-input\":{\"@type\":\"PropertyValueSpecification\",\"valueRequired\":true,\"valueName\":\"search_term_string\"}}],\"inLanguage\":\"de\"},{\"@type\":\"Organization\",\"@id\":\"https:\/\/glareone.eu\/de\/en\/#organization\",\"name\":\"GlareOne\",\"url\":\"https:\/\/glareone.eu\/de\/en\/\",\"logo\":{\"@type\":\"ImageObject\",\"inLanguage\":\"de\",\"@id\":\"https:\/\/glareone.eu\/de\/en\/#\/schema\/logo\/image\/\",\"url\":\"http:\/\/glareone.eu\/wp-content\/uploads\/2024\/05\/glareone_logo2020_RGB-01-e1715773127189.png\",\"contentUrl\":\"http:\/\/glareone.eu\/wp-content\/uploads\/2024\/05\/glareone_logo2020_RGB-01-e1715773127189.png\",\"width\":1270,\"height\":321,\"caption\":\"GlareOne\"},\"image\":{\"@id\":\"https:\/\/glareone.eu\/de\/en\/#\/schema\/logo\/image\/\"},\"sameAs\":[\"https:\/\/www.facebook.com\/GlareOneLighting\",\"https:\/\/www.instagram.com\/glareonelighting\/\",\"https:\/\/www.youtube.com\/@GlareOneTV\"]}]}<\/script>\n<!-- \/ Yoast SEO plugin. -->","yoast_head_json":{"title":"GlareOne Botis 600","description":"GlareOne Botis 600","robots":{"index":"index","follow":"follow","max-snippet":"max-snippet:-1","max-image-preview":"max-image-preview:large","max-video-preview":"max-video-preview:-1"},"canonical":"https:\/\/glareone.eu\/de\/product\/glareone-botis-600\/","og_locale":"de_DE","og_type":"article","og_title":"GlareOne Botis 400","og_description":"GlareOne Botis 600","og_url":"https:\/\/glareone.eu\/de\/product\/glareone-botis-600\/","og_site_name":"GlareOne","article_publisher":"https:\/\/www.facebook.com\/GlareOneLighting","article_modified_time":"2025-12-15T08:32:21+00:00","og_image":[{"width":1200,"height":1200,"url":"https:\/\/glareone.eu\/wp-content\/uploads\/2025\/11\/SBOTIS600_01.jpg","type":"image\/jpeg"}],"twitter_card":"summary_large_image","twitter_title":"GlareOne Botis 400","schema":{"@context":"https:\/\/schema.org","@graph":[{"@type":"WebPage","@id":"https:\/\/glareone.eu\/de\/product\/glareone-botis-600\/","url":"https:\/\/glareone.eu\/de\/product\/glareone-botis-600\/","name":"GlareOne Botis 600","isPartOf":{"@id":"https:\/\/glareone.eu\/de\/en\/#website"},"primaryImageOfPage":{"@id":"https:\/\/glareone.eu\/de\/product\/glareone-botis-600\/#primaryimage"},"image":{"@id":"https:\/\/glareone.eu\/de\/product\/glareone-botis-600\/#primaryimage"},"thumbnailUrl":"https:\/\/glareone.eu\/wp-content\/uploads\/2025\/11\/SBOTIS600_01.jpg","datePublished":"2025-11-17T12:22:34+00:00","dateModified":"2025-12-15T08:32:21+00:00","description":"GlareOne Botis 600","breadcrumb":{"@id":"https:\/\/glareone.eu\/de\/product\/glareone-botis-600\/#breadcrumb"},"inLanguage":"de","potentialAction":[{"@type":"ReadAction","target":["https:\/\/glareone.eu\/de\/product\/glareone-botis-600\/"]}]},{"@type":"ImageObject","inLanguage":"de","@id":"https:\/\/glareone.eu\/de\/product\/glareone-botis-600\/#primaryimage","url":"https:\/\/glareone.eu\/wp-content\/uploads\/2025\/11\/SBOTIS600_01.jpg","contentUrl":"https:\/\/glareone.eu\/wp-content\/uploads\/2025\/11\/SBOTIS600_01.jpg","width":1200,"height":1200},{"@type":"BreadcrumbList","@id":"https:\/\/glareone.eu\/de\/product\/glareone-botis-600\/#breadcrumb","itemListElement":[{"@type":"ListItem","position":1,"name":"Strona g\u0142\u00f3wna","item":"https:\/\/glareone.eu\/de\/"},{"@type":"ListItem","position":2,"name":"Alle Produkte","item":"https:\/\/glareone.eu\/de\/produkte\/alle-produkte\/"},{"@type":"ListItem","position":3,"name":"GlareOne Botis 600"}]},{"@type":"WebSite","@id":"https:\/\/glareone.eu\/de\/en\/#website","url":"https:\/\/glareone.eu\/de\/en\/","name":"GlareOne","description":"Wyposa\u017cenie Studia","publisher":{"@id":"https:\/\/glareone.eu\/de\/en\/#organization"},"potentialAction":[{"@type":"SearchAction","target":{"@type":"EntryPoint","urlTemplate":"https:\/\/glareone.eu\/de\/en\/?s={search_term_string}"},"query-input":{"@type":"PropertyValueSpecification","valueRequired":true,"valueName":"search_term_string"}}],"inLanguage":"de"},{"@type":"Organization","@id":"https:\/\/glareone.eu\/de\/en\/#organization","name":"GlareOne","url":"https:\/\/glareone.eu\/de\/en\/","logo":{"@type":"ImageObject","inLanguage":"de","@id":"https:\/\/glareone.eu\/de\/en\/#\/schema\/logo\/image\/","url":"http:\/\/glareone.eu\/wp-content\/uploads\/2024\/05\/glareone_logo2020_RGB-01-e1715773127189.png","contentUrl":"http:\/\/glareone.eu\/wp-content\/uploads\/2024\/05\/glareone_logo2020_RGB-01-e1715773127189.png","width":1270,"height":321,"caption":"GlareOne"},"image":{"@id":"https:\/\/glareone.eu\/de\/en\/#\/schema\/logo\/image\/"},"sameAs":["https:\/\/www.facebook.com\/GlareOneLighting","https:\/\/www.instagram.com\/glareonelighting\/","https:\/\/www.youtube.com\/@GlareOneTV"]}]}},"_links":{"self":[{"href":"https:\/\/glareone.eu\/de\/wp-json\/wp\/v2\/product\/22422","targetHints":{"allow":["GET"]}}],"collection":[{"href":"https:\/\/glareone.eu\/de\/wp-json\/wp\/v2\/product"}],"about":[{"href":"https:\/\/glareone.eu\/de\/wp-json\/wp\/v2\/types\/product"}],"wp:featuredmedia":[{"embeddable":true,"href":"https:\/\/glareone.eu\/de\/wp-json\/wp\/v2\/media\/22429"}],"wp:attachment":[{"href":"https:\/\/glareone.eu\/de\/wp-json\/wp\/v2\/media?parent=22422"}],"wp:term":[{"taxonomy":"product_brand","embeddable":true,"href":"https:\/\/glareone.eu\/de\/wp-json\/wp\/v2\/product_brand?post=22422"},{"taxonomy":"product_cat","embeddable":true,"href":"https:\/\/glareone.eu\/de\/wp-json\/wp\/v2\/product_cat?post=22422"},{"taxonomy":"product_tag","embeddable":true,"href":"https:\/\/glareone.eu\/de\/wp-json\/wp\/v2\/product_tag?post=22422"}],"curies":[{"name":"wp","href":"https:\/\/api.w.org\/{rel}","templated":true}]}}