{"id":16592,"date":"2025-04-15T10:54:10","date_gmt":"2025-04-15T10:54:10","guid":{"rendered":"https:\/\/glareone.eu\/product\/glareone-a48ch-ladowarka-akumulatora-apus-48\/"},"modified":"2025-04-15T10:55:34","modified_gmt":"2025-04-15T10:55:34","slug":"glareone-a48ch-apus-48-battery-charging-base","status":"publish","type":"product","link":"https:\/\/glareone.eu\/de\/product\/glareone-a48ch-apus-48-battery-charging-base\/","title":{"rendered":"GlareOne A48CH &#8211; Apus 48 battery charging base"},"content":{"rendered":"<p><span style=\"font-weight: 400;\">GlareOne A48CH ist ein Ladeadapter f\u00fcr den A48BP-Akku (f\u00fcr die GlareOne Apus 48-Leuchte).<\/span><\/p>\n<p><span style=\"font-weight: 400;\">Der A48CH-Ladeadapter dient zum Laden von GlareOne A48BP-Akkus, die f\u00fcr das GlareOne Apus 48 Speedlite bestimmt sind. Der Anschluss des Ladeger\u00e4ts an den USB-Anschluss erfolgt \u00fcber ein Kabel, das im Basisset der Lampe enthalten ist. Original GlareOne-Zubeh\u00f6r und Ersatzteile garantieren volle Kompatibilit\u00e4t und hohe Leistung. Dank der Verwendung hochwertigster Materialien ist das Laden sowohl f\u00fcr das Ladeger\u00e4t als auch f\u00fcr den Akku sicher. Die stabile Konstruktion gew\u00e4hrleistet einen sicheren Stand des Ger\u00e4ts w\u00e4hrend des Betriebs, was den Bedienkomfort erh\u00f6ht.<\/span><\/p>\n<h3><b>A48CH-Funktionen:<\/b><\/h3>\n<ul>\n<li style=\"font-weight: 400;\" aria-level=\"1\"><span style=\"font-weight: 400;\">kompatibel mit dem A48BP-Akku f\u00fcr die GlareOne Apus 48-Leuchte,<\/span><\/li>\n<li style=\"font-weight: 400;\" aria-level=\"1\"><span style=\"font-weight: 400;\">USB-C-Buchse,<\/span><\/li>\n<li style=\"font-weight: 400;\" aria-level=\"1\"><span style=\"font-weight: 400;\">ergonomisches Design.<\/span><\/li>\n<\/ul>\n","protected":false},"excerpt":{"rendered":"<p>GlareOne A48CH ist ein Ladeadapter f\u00fcr den A48BP-Akku (f\u00fcr die GlareOne Apus 48-Leuchte). Der A48CH-Ladeadapter dient zum Laden von GlareOne A48BP-Akkus, die f\u00fcr das GlareOne Apus 48 Speedlite bestimmt sind. Der Anschluss des Ladeger\u00e4ts an den USB-Anschluss erfolgt \u00fcber ein Kabel, das im Basisset der Lampe enthalten ist. Original GlareOne-Zubeh\u00f6r und Ersatzteile garantieren volle Kompatibilit\u00e4t [&hellip;]<\/p>\n","protected":false},"featured_media":16580,"template":"","meta":[],"product_brand":[],"product_cat":[525],"product_tag":[],"class_list":{"0":"post-16592","1":"product","2":"type-product","3":"status-publish","4":"has-post-thumbnail","6":"product_cat-batterieblitze","8":"first","9":"instock","10":"shipping-taxable","11":"product-type-simple"},"yoast_head":"<!-- This site is optimized with the Yoast SEO plugin v27.2 - https:\/\/yoast.com\/product\/yoast-seo-wordpress\/ -->\n<title>GlareOne A48CH - Apus 48 battery charging base - GlareOne<\/title>\n<meta name=\"robots\" content=\"index, follow, max-snippet:-1, max-image-preview:large, max-video-preview:-1\" \/>\n<link rel=\"canonical\" href=\"https:\/\/glareone.eu\/de\/product\/glareone-a48ch-apus-48-battery-charging-base\/\" \/>\n<meta property=\"og:locale\" content=\"de_DE\" \/>\n<meta property=\"og:type\" content=\"article\" \/>\n<meta property=\"og:title\" content=\"GlareOne A48CH - Apus 48 battery charging base - GlareOne\" \/>\n<meta property=\"og:description\" content=\"GlareOne A48CH ist ein Ladeadapter f\u00fcr den A48BP-Akku (f\u00fcr die GlareOne Apus 48-Leuchte). Der A48CH-Ladeadapter dient zum Laden von GlareOne A48BP-Akkus, die f\u00fcr das GlareOne Apus 48 Speedlite bestimmt sind. Der Anschluss des Ladeger\u00e4ts an den USB-Anschluss erfolgt \u00fcber ein Kabel, das im Basisset der Lampe enthalten ist. Original GlareOne-Zubeh\u00f6r und Ersatzteile garantieren volle Kompatibilit\u00e4t [&hellip;]\" \/>\n<meta property=\"og:url\" content=\"https:\/\/glareone.eu\/de\/product\/glareone-a48ch-apus-48-battery-charging-base\/\" \/>\n<meta property=\"og:site_name\" content=\"GlareOne\" \/>\n<meta property=\"article:publisher\" content=\"https:\/\/www.facebook.com\/GlareOneLighting\" \/>\n<meta property=\"article:modified_time\" content=\"2025-04-15T10:55:34+00:00\" \/>\n<meta property=\"og:image\" content=\"https:\/\/glareone.eu\/wp-content\/uploads\/2025\/04\/SA48CH_01.jpg\" \/>\n\t<meta property=\"og:image:width\" content=\"1200\" \/>\n\t<meta property=\"og:image:height\" content=\"1200\" \/>\n\t<meta property=\"og:image:type\" content=\"image\/jpeg\" \/>\n<meta name=\"twitter:card\" content=\"summary_large_image\" \/>\n<meta name=\"twitter:label1\" content=\"Gesch\u00e4tzte Lesezeit\" \/>\n\t<meta name=\"twitter:data1\" content=\"1\u00a0Minute\" \/>\n<script type=\"application\/ld+json\" class=\"yoast-schema-graph\">{\"@context\":\"https:\/\/schema.org\",\"@graph\":[{\"@type\":\"WebPage\",\"@id\":\"https:\/\/glareone.eu\/de\/product\/glareone-a48ch-apus-48-battery-charging-base\/\",\"url\":\"https:\/\/glareone.eu\/de\/product\/glareone-a48ch-apus-48-battery-charging-base\/\",\"name\":\"GlareOne A48CH - Apus 48 battery charging base - GlareOne\",\"isPartOf\":{\"@id\":\"https:\/\/glareone.eu\/de\/en\/#website\"},\"primaryImageOfPage\":{\"@id\":\"https:\/\/glareone.eu\/de\/product\/glareone-a48ch-apus-48-battery-charging-base\/#primaryimage\"},\"image\":{\"@id\":\"https:\/\/glareone.eu\/de\/product\/glareone-a48ch-apus-48-battery-charging-base\/#primaryimage\"},\"thumbnailUrl\":\"https:\/\/glareone.eu\/wp-content\/uploads\/2025\/04\/SA48CH_01.jpg\",\"datePublished\":\"2025-04-15T10:54:10+00:00\",\"dateModified\":\"2025-04-15T10:55:34+00:00\",\"breadcrumb\":{\"@id\":\"https:\/\/glareone.eu\/de\/product\/glareone-a48ch-apus-48-battery-charging-base\/#breadcrumb\"},\"inLanguage\":\"de\",\"potentialAction\":[{\"@type\":\"ReadAction\",\"target\":[\"https:\/\/glareone.eu\/de\/product\/glareone-a48ch-apus-48-battery-charging-base\/\"]}]},{\"@type\":\"ImageObject\",\"inLanguage\":\"de\",\"@id\":\"https:\/\/glareone.eu\/de\/product\/glareone-a48ch-apus-48-battery-charging-base\/#primaryimage\",\"url\":\"https:\/\/glareone.eu\/wp-content\/uploads\/2025\/04\/SA48CH_01.jpg\",\"contentUrl\":\"https:\/\/glareone.eu\/wp-content\/uploads\/2025\/04\/SA48CH_01.jpg\",\"width\":1200,\"height\":1200},{\"@type\":\"BreadcrumbList\",\"@id\":\"https:\/\/glareone.eu\/de\/product\/glareone-a48ch-apus-48-battery-charging-base\/#breadcrumb\",\"itemListElement\":[{\"@type\":\"ListItem\",\"position\":1,\"name\":\"Strona g\u0142\u00f3wna\",\"item\":\"https:\/\/glareone.eu\/de\/\"},{\"@type\":\"ListItem\",\"position\":2,\"name\":\"Alle Produkte\",\"item\":\"https:\/\/glareone.eu\/de\/produkte\/alle-produkte\/\"},{\"@type\":\"ListItem\",\"position\":3,\"name\":\"GlareOne A48CH &#8211; Apus 48 battery charging base\"}]},{\"@type\":\"WebSite\",\"@id\":\"https:\/\/glareone.eu\/de\/en\/#website\",\"url\":\"https:\/\/glareone.eu\/de\/en\/\",\"name\":\"GlareOne\",\"description\":\"Wyposa\u017cenie Studia\",\"publisher\":{\"@id\":\"https:\/\/glareone.eu\/de\/en\/#organization\"},\"potentialAction\":[{\"@type\":\"SearchAction\",\"target\":{\"@type\":\"EntryPoint\",\"urlTemplate\":\"https:\/\/glareone.eu\/de\/en\/?s={search_term_string}\"},\"query-input\":{\"@type\":\"PropertyValueSpecification\",\"valueRequired\":true,\"valueName\":\"search_term_string\"}}],\"inLanguage\":\"de\"},{\"@type\":\"Organization\",\"@id\":\"https:\/\/glareone.eu\/de\/en\/#organization\",\"name\":\"GlareOne\",\"url\":\"https:\/\/glareone.eu\/de\/en\/\",\"logo\":{\"@type\":\"ImageObject\",\"inLanguage\":\"de\",\"@id\":\"https:\/\/glareone.eu\/de\/en\/#\/schema\/logo\/image\/\",\"url\":\"http:\/\/glareone.eu\/wp-content\/uploads\/2024\/05\/glareone_logo2020_RGB-01-e1715773127189.png\",\"contentUrl\":\"http:\/\/glareone.eu\/wp-content\/uploads\/2024\/05\/glareone_logo2020_RGB-01-e1715773127189.png\",\"width\":1270,\"height\":321,\"caption\":\"GlareOne\"},\"image\":{\"@id\":\"https:\/\/glareone.eu\/de\/en\/#\/schema\/logo\/image\/\"},\"sameAs\":[\"https:\/\/www.facebook.com\/GlareOneLighting\",\"https:\/\/www.instagram.com\/glareonelighting\/\",\"https:\/\/www.youtube.com\/@GlareOneTV\"]}]}<\/script>\n<!-- \/ Yoast SEO plugin. -->","yoast_head_json":{"title":"GlareOne A48CH - Apus 48 battery charging base - GlareOne","robots":{"index":"index","follow":"follow","max-snippet":"max-snippet:-1","max-image-preview":"max-image-preview:large","max-video-preview":"max-video-preview:-1"},"canonical":"https:\/\/glareone.eu\/de\/product\/glareone-a48ch-apus-48-battery-charging-base\/","og_locale":"de_DE","og_type":"article","og_title":"GlareOne A48CH - Apus 48 battery charging base - GlareOne","og_description":"GlareOne A48CH ist ein Ladeadapter f\u00fcr den A48BP-Akku (f\u00fcr die GlareOne Apus 48-Leuchte). Der A48CH-Ladeadapter dient zum Laden von GlareOne A48BP-Akkus, die f\u00fcr das GlareOne Apus 48 Speedlite bestimmt sind. Der Anschluss des Ladeger\u00e4ts an den USB-Anschluss erfolgt \u00fcber ein Kabel, das im Basisset der Lampe enthalten ist. Original GlareOne-Zubeh\u00f6r und Ersatzteile garantieren volle Kompatibilit\u00e4t [&hellip;]","og_url":"https:\/\/glareone.eu\/de\/product\/glareone-a48ch-apus-48-battery-charging-base\/","og_site_name":"GlareOne","article_publisher":"https:\/\/www.facebook.com\/GlareOneLighting","article_modified_time":"2025-04-15T10:55:34+00:00","og_image":[{"width":1200,"height":1200,"url":"https:\/\/glareone.eu\/wp-content\/uploads\/2025\/04\/SA48CH_01.jpg","type":"image\/jpeg"}],"twitter_card":"summary_large_image","twitter_misc":{"Gesch\u00e4tzte Lesezeit":"1\u00a0Minute"},"schema":{"@context":"https:\/\/schema.org","@graph":[{"@type":"WebPage","@id":"https:\/\/glareone.eu\/de\/product\/glareone-a48ch-apus-48-battery-charging-base\/","url":"https:\/\/glareone.eu\/de\/product\/glareone-a48ch-apus-48-battery-charging-base\/","name":"GlareOne A48CH - Apus 48 battery charging base - GlareOne","isPartOf":{"@id":"https:\/\/glareone.eu\/de\/en\/#website"},"primaryImageOfPage":{"@id":"https:\/\/glareone.eu\/de\/product\/glareone-a48ch-apus-48-battery-charging-base\/#primaryimage"},"image":{"@id":"https:\/\/glareone.eu\/de\/product\/glareone-a48ch-apus-48-battery-charging-base\/#primaryimage"},"thumbnailUrl":"https:\/\/glareone.eu\/wp-content\/uploads\/2025\/04\/SA48CH_01.jpg","datePublished":"2025-04-15T10:54:10+00:00","dateModified":"2025-04-15T10:55:34+00:00","breadcrumb":{"@id":"https:\/\/glareone.eu\/de\/product\/glareone-a48ch-apus-48-battery-charging-base\/#breadcrumb"},"inLanguage":"de","potentialAction":[{"@type":"ReadAction","target":["https:\/\/glareone.eu\/de\/product\/glareone-a48ch-apus-48-battery-charging-base\/"]}]},{"@type":"ImageObject","inLanguage":"de","@id":"https:\/\/glareone.eu\/de\/product\/glareone-a48ch-apus-48-battery-charging-base\/#primaryimage","url":"https:\/\/glareone.eu\/wp-content\/uploads\/2025\/04\/SA48CH_01.jpg","contentUrl":"https:\/\/glareone.eu\/wp-content\/uploads\/2025\/04\/SA48CH_01.jpg","width":1200,"height":1200},{"@type":"BreadcrumbList","@id":"https:\/\/glareone.eu\/de\/product\/glareone-a48ch-apus-48-battery-charging-base\/#breadcrumb","itemListElement":[{"@type":"ListItem","position":1,"name":"Strona g\u0142\u00f3wna","item":"https:\/\/glareone.eu\/de\/"},{"@type":"ListItem","position":2,"name":"Alle Produkte","item":"https:\/\/glareone.eu\/de\/produkte\/alle-produkte\/"},{"@type":"ListItem","position":3,"name":"GlareOne A48CH &#8211; Apus 48 battery charging base"}]},{"@type":"WebSite","@id":"https:\/\/glareone.eu\/de\/en\/#website","url":"https:\/\/glareone.eu\/de\/en\/","name":"GlareOne","description":"Wyposa\u017cenie Studia","publisher":{"@id":"https:\/\/glareone.eu\/de\/en\/#organization"},"potentialAction":[{"@type":"SearchAction","target":{"@type":"EntryPoint","urlTemplate":"https:\/\/glareone.eu\/de\/en\/?s={search_term_string}"},"query-input":{"@type":"PropertyValueSpecification","valueRequired":true,"valueName":"search_term_string"}}],"inLanguage":"de"},{"@type":"Organization","@id":"https:\/\/glareone.eu\/de\/en\/#organization","name":"GlareOne","url":"https:\/\/glareone.eu\/de\/en\/","logo":{"@type":"ImageObject","inLanguage":"de","@id":"https:\/\/glareone.eu\/de\/en\/#\/schema\/logo\/image\/","url":"http:\/\/glareone.eu\/wp-content\/uploads\/2024\/05\/glareone_logo2020_RGB-01-e1715773127189.png","contentUrl":"http:\/\/glareone.eu\/wp-content\/uploads\/2024\/05\/glareone_logo2020_RGB-01-e1715773127189.png","width":1270,"height":321,"caption":"GlareOne"},"image":{"@id":"https:\/\/glareone.eu\/de\/en\/#\/schema\/logo\/image\/"},"sameAs":["https:\/\/www.facebook.com\/GlareOneLighting","https:\/\/www.instagram.com\/glareonelighting\/","https:\/\/www.youtube.com\/@GlareOneTV"]}]}},"_links":{"self":[{"href":"https:\/\/glareone.eu\/de\/wp-json\/wp\/v2\/product\/16592","targetHints":{"allow":["GET"]}}],"collection":[{"href":"https:\/\/glareone.eu\/de\/wp-json\/wp\/v2\/product"}],"about":[{"href":"https:\/\/glareone.eu\/de\/wp-json\/wp\/v2\/types\/product"}],"wp:featuredmedia":[{"embeddable":true,"href":"https:\/\/glareone.eu\/de\/wp-json\/wp\/v2\/media\/16580"}],"wp:attachment":[{"href":"https:\/\/glareone.eu\/de\/wp-json\/wp\/v2\/media?parent=16592"}],"wp:term":[{"taxonomy":"product_brand","embeddable":true,"href":"https:\/\/glareone.eu\/de\/wp-json\/wp\/v2\/product_brand?post=16592"},{"taxonomy":"product_cat","embeddable":true,"href":"https:\/\/glareone.eu\/de\/wp-json\/wp\/v2\/product_cat?post=16592"},{"taxonomy":"product_tag","embeddable":true,"href":"https:\/\/glareone.eu\/de\/wp-json\/wp\/v2\/product_tag?post=16592"}],"curies":[{"name":"wp","href":"https:\/\/api.w.org\/{rel}","templated":true}]}}