{"id":16317,"date":"2025-04-15T08:51:42","date_gmt":"2025-04-15T08:51:42","guid":{"rendered":"https:\/\/glareone.eu\/product\/glareone-softbox-octa-50-cm-softbox-do-lamp-reporterskich\/"},"modified":"2025-04-15T08:54:36","modified_gmt":"2025-04-15T08:54:36","slug":"glareone-softbox-octa-50-cm-fuer-speedlite","status":"publish","type":"product","link":"https:\/\/glareone.eu\/de\/product\/glareone-softbox-octa-50-cm-fuer-speedlite\/","title":{"rendered":"GlareOne Softbox Octa 50 cm f\u00fcr Speedlite"},"content":{"rendered":"<p><span style=\"font-weight: 400;\">50 cm gro\u00dfe achteckige Softbox, ausgestattet mit einem Diffusor, einem Easy Fold II-Schnellaufklappmechanismus und einer Abdeckung. Entwickelt f\u00fcr kleine Studioleuchten und Speedlites.<\/span><\/p>\n<h3><b>Kompatibilit\u00e4t mit kleinen Leuchten<\/b><\/h3>\n<p><span style=\"font-weight: 400;\">Der verstellbare Halter erm\u00f6glicht dank seines runden Geh\u00e4uses die Montage sowohl kleinerer Leuchten wie GlareOne Apus 48, Apus 80 oder Botis 80 als auch leistungsst\u00e4rkerer Leuchten wie Botis 200. Der reflektierende Bildschirm ist direkt auf das Abdeckmaterial laminiert, was eine lange Lebensdauer gew\u00e4hrleistet und die Lichtdurchl\u00e4ssigkeit minimiert. Der Befestigungsring und der Easy Fold II-Mechanismus bestehen aus Spezialkunststoff, die Rahmenstangen aus Stahl, was Stabilit\u00e4t und lange Lebensdauer garantiert.<\/span><\/p>\n<h3><b>Einfach zu bedienen<\/b><\/h3>\n<p><span style=\"font-weight: 400;\">Die Softbox basiert auf dem Easy Fold II-Rahmen, der ein schnelles Auf- und Zusammenklappen erm\u00f6glicht. Dar\u00fcber hinaus verf\u00fcgt es \u00fcber einen Klettverschluss, mit dem Sie ein Wabengitter anbringen k\u00f6nnen, mit dem Sie das Licht pr\u00e4zise lenken k\u00f6nnen.<\/span><\/p>\n<h3><b>Handheld<\/b><\/h3>\n<p><span style=\"font-weight: 400;\">Die Softbox wurde so konzipiert, dass sie das Filmset gleichm\u00e4\u00dfig ausleuchtet und gleichzeitig eine komfortable Bedienung auch auf engstem Raum gew\u00e4hrleistet. Sein flaches Design erm\u00f6glicht eine einfache Montage auf einem Galgenstativ und den einfachen Einsatz in kleinen R\u00e4umen. Die mitgelieferte H\u00fclle erleichtert den Transport und die Aufbewahrung der Softbox. Dies ist ein ideales Werkzeug f\u00fcr Menschen, die an verschiedenen Standorten arbeiten.<\/span><\/p>\n<h3><b>Produktmerkmale:<\/b><\/h3>\n<ul>\n<li style=\"font-weight: 400;\" aria-level=\"1\"><span style=\"font-weight: 400;\">Universalklemme 40 &#8211; 80 mm, geeignet f\u00fcr kleine Lampen,<\/span><\/li>\n<li style=\"font-weight: 400;\" aria-level=\"1\"><span style=\"font-weight: 400;\">ein Griff mit integrierter 5\/8&#8243;-St\u00e4nderbuchse im Lieferumfang enthalten,<\/span><\/li>\n<li style=\"font-weight: 400;\" aria-level=\"1\"><span style=\"font-weight: 400;\">perfekt f\u00fcr die Ausleuchtung von Portr\u00e4ts,<\/span><\/li>\n<li style=\"font-weight: 400;\" aria-level=\"1\"><span style=\"font-weight: 400;\">es ist sehr einfach und schnell zu installieren,<\/span><\/li>\n<li style=\"font-weight: 400;\" aria-level=\"1\"><span style=\"font-weight: 400;\">hat einen abnehmbaren Diffusor,<\/span><\/li>\n<li style=\"font-weight: 400;\" aria-level=\"1\"><span style=\"font-weight: 400;\">es kann mit einer im Set enthaltenen Wabe (Gitter) ausgestattet werden,<\/span><\/li>\n<li style=\"font-weight: 400;\" aria-level=\"1\"><span style=\"font-weight: 400;\">hat ein flaches (kugelf\u00f6rmiges) Profil,<\/span><\/li>\n<li style=\"font-weight: 400;\" aria-level=\"1\"><span style=\"font-weight: 400;\">ist aus hochwertigen Materialien gefertigt,<\/span><\/li>\n<li style=\"font-weight: 400;\" aria-level=\"1\"><span style=\"font-weight: 400;\">Lieferung in praktischer Tragetasche.<\/span><\/li>\n<\/ul>\n","protected":false},"excerpt":{"rendered":"<p>50 cm gro\u00dfe achteckige Softbox, ausgestattet mit einem Diffusor, einem Easy Fold II-Schnellaufklappmechanismus und einer Abdeckung. Entwickelt f\u00fcr kleine Studioleuchten und Speedlites. Kompatibilit\u00e4t mit kleinen Leuchten Der verstellbare Halter erm\u00f6glicht dank seines runden Geh\u00e4uses die Montage sowohl kleinerer Leuchten wie GlareOne Apus 48, Apus 80 oder Botis 80 als auch leistungsst\u00e4rkerer Leuchten wie Botis 200. [&hellip;]<\/p>\n","protected":false},"featured_media":16297,"template":"","meta":[],"product_brand":[],"product_cat":[525],"product_tag":[],"class_list":{"0":"post-16317","1":"product","2":"type-product","3":"status-publish","4":"has-post-thumbnail","6":"product_cat-batterieblitze","8":"first","9":"instock","10":"shipping-taxable","11":"product-type-simple"},"yoast_head":"<!-- This site is optimized with the Yoast SEO plugin v27.2 - https:\/\/yoast.com\/product\/yoast-seo-wordpress\/ -->\n<title>GlareOne Softbox Octa 50 cm f\u00fcr Speedlite - GlareOne<\/title>\n<meta name=\"robots\" content=\"index, follow, max-snippet:-1, max-image-preview:large, max-video-preview:-1\" \/>\n<link rel=\"canonical\" href=\"https:\/\/glareone.eu\/de\/product\/glareone-softbox-octa-50-cm-fuer-speedlite\/\" \/>\n<meta property=\"og:locale\" content=\"de_DE\" \/>\n<meta property=\"og:type\" content=\"article\" \/>\n<meta property=\"og:title\" content=\"GlareOne Softbox Octa 50 cm f\u00fcr Speedlite - GlareOne\" \/>\n<meta property=\"og:description\" content=\"50 cm gro\u00dfe achteckige Softbox, ausgestattet mit einem Diffusor, einem Easy Fold II-Schnellaufklappmechanismus und einer Abdeckung. Entwickelt f\u00fcr kleine Studioleuchten und Speedlites. Kompatibilit\u00e4t mit kleinen Leuchten Der verstellbare Halter erm\u00f6glicht dank seines runden Geh\u00e4uses die Montage sowohl kleinerer Leuchten wie GlareOne Apus 48, Apus 80 oder Botis 80 als auch leistungsst\u00e4rkerer Leuchten wie Botis 200. [&hellip;]\" \/>\n<meta property=\"og:url\" content=\"https:\/\/glareone.eu\/de\/product\/glareone-softbox-octa-50-cm-fuer-speedlite\/\" \/>\n<meta property=\"og:site_name\" content=\"GlareOne\" \/>\n<meta property=\"article:publisher\" content=\"https:\/\/www.facebook.com\/GlareOneLighting\" \/>\n<meta property=\"article:modified_time\" content=\"2025-04-15T08:54:36+00:00\" \/>\n<meta property=\"og:image\" content=\"https:\/\/glareone.eu\/wp-content\/uploads\/2025\/04\/SOFT50SPEED_01.jpg\" \/>\n\t<meta property=\"og:image:width\" content=\"1200\" \/>\n\t<meta property=\"og:image:height\" content=\"1200\" \/>\n\t<meta property=\"og:image:type\" content=\"image\/jpeg\" \/>\n<meta name=\"twitter:card\" content=\"summary_large_image\" \/>\n<meta name=\"twitter:label1\" content=\"Gesch\u00e4tzte Lesezeit\" \/>\n\t<meta name=\"twitter:data1\" content=\"2\u00a0Minuten\" \/>\n<script type=\"application\/ld+json\" class=\"yoast-schema-graph\">{\"@context\":\"https:\/\/schema.org\",\"@graph\":[{\"@type\":\"WebPage\",\"@id\":\"https:\/\/glareone.eu\/de\/product\/glareone-softbox-octa-50-cm-fuer-speedlite\/\",\"url\":\"https:\/\/glareone.eu\/de\/product\/glareone-softbox-octa-50-cm-fuer-speedlite\/\",\"name\":\"GlareOne Softbox Octa 50 cm f\u00fcr Speedlite - GlareOne\",\"isPartOf\":{\"@id\":\"https:\/\/glareone.eu\/de\/en\/#website\"},\"primaryImageOfPage\":{\"@id\":\"https:\/\/glareone.eu\/de\/product\/glareone-softbox-octa-50-cm-fuer-speedlite\/#primaryimage\"},\"image\":{\"@id\":\"https:\/\/glareone.eu\/de\/product\/glareone-softbox-octa-50-cm-fuer-speedlite\/#primaryimage\"},\"thumbnailUrl\":\"https:\/\/glareone.eu\/wp-content\/uploads\/2025\/04\/SOFT50SPEED_01.jpg\",\"datePublished\":\"2025-04-15T08:51:42+00:00\",\"dateModified\":\"2025-04-15T08:54:36+00:00\",\"breadcrumb\":{\"@id\":\"https:\/\/glareone.eu\/de\/product\/glareone-softbox-octa-50-cm-fuer-speedlite\/#breadcrumb\"},\"inLanguage\":\"de\",\"potentialAction\":[{\"@type\":\"ReadAction\",\"target\":[\"https:\/\/glareone.eu\/de\/product\/glareone-softbox-octa-50-cm-fuer-speedlite\/\"]}]},{\"@type\":\"ImageObject\",\"inLanguage\":\"de\",\"@id\":\"https:\/\/glareone.eu\/de\/product\/glareone-softbox-octa-50-cm-fuer-speedlite\/#primaryimage\",\"url\":\"https:\/\/glareone.eu\/wp-content\/uploads\/2025\/04\/SOFT50SPEED_01.jpg\",\"contentUrl\":\"https:\/\/glareone.eu\/wp-content\/uploads\/2025\/04\/SOFT50SPEED_01.jpg\",\"width\":1200,\"height\":1200},{\"@type\":\"BreadcrumbList\",\"@id\":\"https:\/\/glareone.eu\/de\/product\/glareone-softbox-octa-50-cm-fuer-speedlite\/#breadcrumb\",\"itemListElement\":[{\"@type\":\"ListItem\",\"position\":1,\"name\":\"Strona g\u0142\u00f3wna\",\"item\":\"https:\/\/glareone.eu\/de\/\"},{\"@type\":\"ListItem\",\"position\":2,\"name\":\"Alle Produkte\",\"item\":\"https:\/\/glareone.eu\/de\/produkte\/alle-produkte\/\"},{\"@type\":\"ListItem\",\"position\":3,\"name\":\"GlareOne Softbox Octa 50 cm f\u00fcr Speedlite\"}]},{\"@type\":\"WebSite\",\"@id\":\"https:\/\/glareone.eu\/de\/en\/#website\",\"url\":\"https:\/\/glareone.eu\/de\/en\/\",\"name\":\"GlareOne\",\"description\":\"Wyposa\u017cenie Studia\",\"publisher\":{\"@id\":\"https:\/\/glareone.eu\/de\/en\/#organization\"},\"potentialAction\":[{\"@type\":\"SearchAction\",\"target\":{\"@type\":\"EntryPoint\",\"urlTemplate\":\"https:\/\/glareone.eu\/de\/en\/?s={search_term_string}\"},\"query-input\":{\"@type\":\"PropertyValueSpecification\",\"valueRequired\":true,\"valueName\":\"search_term_string\"}}],\"inLanguage\":\"de\"},{\"@type\":\"Organization\",\"@id\":\"https:\/\/glareone.eu\/de\/en\/#organization\",\"name\":\"GlareOne\",\"url\":\"https:\/\/glareone.eu\/de\/en\/\",\"logo\":{\"@type\":\"ImageObject\",\"inLanguage\":\"de\",\"@id\":\"https:\/\/glareone.eu\/de\/en\/#\/schema\/logo\/image\/\",\"url\":\"http:\/\/glareone.eu\/wp-content\/uploads\/2024\/05\/glareone_logo2020_RGB-01-e1715773127189.png\",\"contentUrl\":\"http:\/\/glareone.eu\/wp-content\/uploads\/2024\/05\/glareone_logo2020_RGB-01-e1715773127189.png\",\"width\":1270,\"height\":321,\"caption\":\"GlareOne\"},\"image\":{\"@id\":\"https:\/\/glareone.eu\/de\/en\/#\/schema\/logo\/image\/\"},\"sameAs\":[\"https:\/\/www.facebook.com\/GlareOneLighting\",\"https:\/\/www.instagram.com\/glareonelighting\/\",\"https:\/\/www.youtube.com\/@GlareOneTV\"]}]}<\/script>\n<!-- \/ Yoast SEO plugin. -->","yoast_head_json":{"title":"GlareOne Softbox Octa 50 cm f\u00fcr Speedlite - GlareOne","robots":{"index":"index","follow":"follow","max-snippet":"max-snippet:-1","max-image-preview":"max-image-preview:large","max-video-preview":"max-video-preview:-1"},"canonical":"https:\/\/glareone.eu\/de\/product\/glareone-softbox-octa-50-cm-fuer-speedlite\/","og_locale":"de_DE","og_type":"article","og_title":"GlareOne Softbox Octa 50 cm f\u00fcr Speedlite - GlareOne","og_description":"50 cm gro\u00dfe achteckige Softbox, ausgestattet mit einem Diffusor, einem Easy Fold II-Schnellaufklappmechanismus und einer Abdeckung. Entwickelt f\u00fcr kleine Studioleuchten und Speedlites. Kompatibilit\u00e4t mit kleinen Leuchten Der verstellbare Halter erm\u00f6glicht dank seines runden Geh\u00e4uses die Montage sowohl kleinerer Leuchten wie GlareOne Apus 48, Apus 80 oder Botis 80 als auch leistungsst\u00e4rkerer Leuchten wie Botis 200. [&hellip;]","og_url":"https:\/\/glareone.eu\/de\/product\/glareone-softbox-octa-50-cm-fuer-speedlite\/","og_site_name":"GlareOne","article_publisher":"https:\/\/www.facebook.com\/GlareOneLighting","article_modified_time":"2025-04-15T08:54:36+00:00","og_image":[{"width":1200,"height":1200,"url":"https:\/\/glareone.eu\/wp-content\/uploads\/2025\/04\/SOFT50SPEED_01.jpg","type":"image\/jpeg"}],"twitter_card":"summary_large_image","twitter_misc":{"Gesch\u00e4tzte Lesezeit":"2\u00a0Minuten"},"schema":{"@context":"https:\/\/schema.org","@graph":[{"@type":"WebPage","@id":"https:\/\/glareone.eu\/de\/product\/glareone-softbox-octa-50-cm-fuer-speedlite\/","url":"https:\/\/glareone.eu\/de\/product\/glareone-softbox-octa-50-cm-fuer-speedlite\/","name":"GlareOne Softbox Octa 50 cm f\u00fcr Speedlite - GlareOne","isPartOf":{"@id":"https:\/\/glareone.eu\/de\/en\/#website"},"primaryImageOfPage":{"@id":"https:\/\/glareone.eu\/de\/product\/glareone-softbox-octa-50-cm-fuer-speedlite\/#primaryimage"},"image":{"@id":"https:\/\/glareone.eu\/de\/product\/glareone-softbox-octa-50-cm-fuer-speedlite\/#primaryimage"},"thumbnailUrl":"https:\/\/glareone.eu\/wp-content\/uploads\/2025\/04\/SOFT50SPEED_01.jpg","datePublished":"2025-04-15T08:51:42+00:00","dateModified":"2025-04-15T08:54:36+00:00","breadcrumb":{"@id":"https:\/\/glareone.eu\/de\/product\/glareone-softbox-octa-50-cm-fuer-speedlite\/#breadcrumb"},"inLanguage":"de","potentialAction":[{"@type":"ReadAction","target":["https:\/\/glareone.eu\/de\/product\/glareone-softbox-octa-50-cm-fuer-speedlite\/"]}]},{"@type":"ImageObject","inLanguage":"de","@id":"https:\/\/glareone.eu\/de\/product\/glareone-softbox-octa-50-cm-fuer-speedlite\/#primaryimage","url":"https:\/\/glareone.eu\/wp-content\/uploads\/2025\/04\/SOFT50SPEED_01.jpg","contentUrl":"https:\/\/glareone.eu\/wp-content\/uploads\/2025\/04\/SOFT50SPEED_01.jpg","width":1200,"height":1200},{"@type":"BreadcrumbList","@id":"https:\/\/glareone.eu\/de\/product\/glareone-softbox-octa-50-cm-fuer-speedlite\/#breadcrumb","itemListElement":[{"@type":"ListItem","position":1,"name":"Strona g\u0142\u00f3wna","item":"https:\/\/glareone.eu\/de\/"},{"@type":"ListItem","position":2,"name":"Alle Produkte","item":"https:\/\/glareone.eu\/de\/produkte\/alle-produkte\/"},{"@type":"ListItem","position":3,"name":"GlareOne Softbox Octa 50 cm f\u00fcr Speedlite"}]},{"@type":"WebSite","@id":"https:\/\/glareone.eu\/de\/en\/#website","url":"https:\/\/glareone.eu\/de\/en\/","name":"GlareOne","description":"Wyposa\u017cenie Studia","publisher":{"@id":"https:\/\/glareone.eu\/de\/en\/#organization"},"potentialAction":[{"@type":"SearchAction","target":{"@type":"EntryPoint","urlTemplate":"https:\/\/glareone.eu\/de\/en\/?s={search_term_string}"},"query-input":{"@type":"PropertyValueSpecification","valueRequired":true,"valueName":"search_term_string"}}],"inLanguage":"de"},{"@type":"Organization","@id":"https:\/\/glareone.eu\/de\/en\/#organization","name":"GlareOne","url":"https:\/\/glareone.eu\/de\/en\/","logo":{"@type":"ImageObject","inLanguage":"de","@id":"https:\/\/glareone.eu\/de\/en\/#\/schema\/logo\/image\/","url":"http:\/\/glareone.eu\/wp-content\/uploads\/2024\/05\/glareone_logo2020_RGB-01-e1715773127189.png","contentUrl":"http:\/\/glareone.eu\/wp-content\/uploads\/2024\/05\/glareone_logo2020_RGB-01-e1715773127189.png","width":1270,"height":321,"caption":"GlareOne"},"image":{"@id":"https:\/\/glareone.eu\/de\/en\/#\/schema\/logo\/image\/"},"sameAs":["https:\/\/www.facebook.com\/GlareOneLighting","https:\/\/www.instagram.com\/glareonelighting\/","https:\/\/www.youtube.com\/@GlareOneTV"]}]}},"_links":{"self":[{"href":"https:\/\/glareone.eu\/de\/wp-json\/wp\/v2\/product\/16317","targetHints":{"allow":["GET"]}}],"collection":[{"href":"https:\/\/glareone.eu\/de\/wp-json\/wp\/v2\/product"}],"about":[{"href":"https:\/\/glareone.eu\/de\/wp-json\/wp\/v2\/types\/product"}],"wp:featuredmedia":[{"embeddable":true,"href":"https:\/\/glareone.eu\/de\/wp-json\/wp\/v2\/media\/16297"}],"wp:attachment":[{"href":"https:\/\/glareone.eu\/de\/wp-json\/wp\/v2\/media?parent=16317"}],"wp:term":[{"taxonomy":"product_brand","embeddable":true,"href":"https:\/\/glareone.eu\/de\/wp-json\/wp\/v2\/product_brand?post=16317"},{"taxonomy":"product_cat","embeddable":true,"href":"https:\/\/glareone.eu\/de\/wp-json\/wp\/v2\/product_cat?post=16317"},{"taxonomy":"product_tag","embeddable":true,"href":"https:\/\/glareone.eu\/de\/wp-json\/wp\/v2\/product_tag?post=16317"}],"curies":[{"name":"wp","href":"https:\/\/api.w.org\/{rel}","templated":true}]}}