{"id":16289,"date":"2025-04-15T08:40:38","date_gmt":"2025-04-15T08:40:38","guid":{"rendered":"https:\/\/glareone.eu\/product\/glareone-stol-bezcieniowy-70x140-cm-szybki-montaz\/"},"modified":"2025-04-15T08:42:01","modified_gmt":"2025-04-15T08:42:01","slug":"glareone-light-table-70x140-cm-quick-mount","status":"publish","type":"product","link":"https:\/\/glareone.eu\/de\/product\/glareone-light-table-70x140-cm-quick-mount\/","title":{"rendered":"GlareOne Light Table 70&#215;140 cm, Quick Mount"},"content":{"rendered":"<p><span style=\"font-weight: 400;\">Der Leuchttisch GlareOne mit Schnellmontagefunktion streut das Licht effektiv und bringt so selbst kleinste Details des fotografierten Objekts zur Geltung. Es ist unverzichtbar f\u00fcr Produkt-, Technik- oder Werbefotografie.<\/span><\/p>\n<h3><b>Produktmerkmale:<\/b><\/h3>\n<ul>\n<li style=\"font-weight: 400;\" aria-level=\"1\"><span style=\"font-weight: 400;\">schnelle Montagekonstruktion, die das Zusammen- und Aufklappen des Tisches erleichtert<\/span><\/li>\n<li style=\"font-weight: 400;\" aria-level=\"1\"><span style=\"font-weight: 400;\">Streuen Sie das Licht effektiv und belichten Sie selbst die kleinsten Details des fotografierten Objekts<\/span><\/li>\n<li style=\"font-weight: 400;\" aria-level=\"1\"><span style=\"font-weight: 400;\">unersetzlich in der Produkt-, Technik- und Werbefotografie<\/span><\/li>\n<li style=\"font-weight: 400;\" aria-level=\"1\"><span style=\"font-weight: 400;\">Empfohlen sowohl f\u00fcr Profis als auch f\u00fcr Anf\u00e4nger<\/span><\/li>\n<li style=\"font-weight: 400;\" aria-level=\"1\"><span style=\"font-weight: 400;\">Dank der M\u00f6glichkeit, Licht von der Seite oder von unten zu nutzen, entstehen keine unerw\u00fcnschten Schatten und unsch\u00f6nen Reflexionen<\/span><\/li>\n<li style=\"font-weight: 400;\" aria-level=\"1\"><span style=\"font-weight: 400;\">leichte, langlebige, leicht faltbare Aluminiumkonstruktion<\/span><\/li>\n<li style=\"font-weight: 400;\" aria-level=\"1\"><span style=\"font-weight: 400;\">abnehmbare Arbeitsfl\u00e4che aus kratzfestem, perfekt reflektierendem, halbtransparentem wei\u00dfem Acryl<\/span><\/li>\n<li style=\"font-weight: 400;\" aria-level=\"1\"><span style=\"font-weight: 400;\">Komplett mit Abdeckung zum Schutz des schattenfreien Tisches beim Transport<\/span><\/li>\n<\/ul>\n<h3><b>Spezifikation:<\/b><\/h3>\n<ul>\n<li style=\"font-weight: 400;\" aria-level=\"1\"><span style=\"font-weight: 400;\">Tischh\u00f6he &#8211; Grundarbeitsebene &#8211; 50 cm<\/span><\/li>\n<li style=\"font-weight: 400;\" aria-level=\"1\"><span style=\"font-weight: 400;\">Gr\u00f6\u00dfe der Diffusionsebene \u2013 70 cm breit, 140 cm lang<\/span><\/li>\n<li style=\"font-weight: 400;\" aria-level=\"1\"><span style=\"font-weight: 400;\">Tragetasche<\/span><\/li>\n<\/ul>\n","protected":false},"excerpt":{"rendered":"<p>Der Leuchttisch GlareOne mit Schnellmontagefunktion streut das Licht effektiv und bringt so selbst kleinste Details des fotografierten Objekts zur Geltung. Es ist unverzichtbar f\u00fcr Produkt-, Technik- oder Werbefotografie. Produktmerkmale: schnelle Montagekonstruktion, die das Zusammen- und Aufklappen des Tisches erleichtert Streuen Sie das Licht effektiv und belichten Sie selbst die kleinsten Details des fotografierten Objekts unersetzlich [&hellip;]<\/p>\n","protected":false},"featured_media":16273,"template":"","meta":[],"product_brand":[],"product_cat":[448],"product_tag":[],"class_list":{"0":"post-16289","1":"product","2":"type-product","3":"status-publish","4":"has-post-thumbnail","6":"product_cat-schattenlose-fotografie","8":"first","9":"instock","10":"shipping-taxable","11":"product-type-simple"},"yoast_head":"<!-- This site is optimized with the Yoast SEO plugin v27.2 - https:\/\/yoast.com\/product\/yoast-seo-wordpress\/ -->\n<title>GlareOne Light Table 70x140 cm, Quick Mount - GlareOne<\/title>\n<meta name=\"robots\" content=\"index, follow, max-snippet:-1, max-image-preview:large, max-video-preview:-1\" \/>\n<link rel=\"canonical\" href=\"https:\/\/glareone.eu\/de\/product\/glareone-light-table-70x140-cm-quick-mount\/\" \/>\n<meta property=\"og:locale\" content=\"de_DE\" \/>\n<meta property=\"og:type\" content=\"article\" \/>\n<meta property=\"og:title\" content=\"GlareOne Light Table 70x140 cm, Quick Mount - GlareOne\" \/>\n<meta property=\"og:description\" content=\"Der Leuchttisch GlareOne mit Schnellmontagefunktion streut das Licht effektiv und bringt so selbst kleinste Details des fotografierten Objekts zur Geltung. Es ist unverzichtbar f\u00fcr Produkt-, Technik- oder Werbefotografie. Produktmerkmale: schnelle Montagekonstruktion, die das Zusammen- und Aufklappen des Tisches erleichtert Streuen Sie das Licht effektiv und belichten Sie selbst die kleinsten Details des fotografierten Objekts unersetzlich [&hellip;]\" \/>\n<meta property=\"og:url\" content=\"https:\/\/glareone.eu\/de\/product\/glareone-light-table-70x140-cm-quick-mount\/\" \/>\n<meta property=\"og:site_name\" content=\"GlareOne\" \/>\n<meta property=\"article:publisher\" content=\"https:\/\/www.facebook.com\/GlareOneLighting\" \/>\n<meta property=\"article:modified_time\" content=\"2025-04-15T08:42:01+00:00\" \/>\n<meta property=\"og:image\" content=\"https:\/\/glareone.eu\/wp-content\/uploads\/2025\/04\/SST70X140EF_01.jpg\" \/>\n\t<meta property=\"og:image:width\" content=\"1200\" \/>\n\t<meta property=\"og:image:height\" content=\"1200\" \/>\n\t<meta property=\"og:image:type\" content=\"image\/jpeg\" \/>\n<meta name=\"twitter:card\" content=\"summary_large_image\" \/>\n<meta name=\"twitter:label1\" content=\"Gesch\u00e4tzte Lesezeit\" \/>\n\t<meta name=\"twitter:data1\" content=\"1\u00a0Minute\" \/>\n<script type=\"application\/ld+json\" class=\"yoast-schema-graph\">{\"@context\":\"https:\/\/schema.org\",\"@graph\":[{\"@type\":\"WebPage\",\"@id\":\"https:\/\/glareone.eu\/de\/product\/glareone-light-table-70x140-cm-quick-mount\/\",\"url\":\"https:\/\/glareone.eu\/de\/product\/glareone-light-table-70x140-cm-quick-mount\/\",\"name\":\"GlareOne Light Table 70x140 cm, Quick Mount - GlareOne\",\"isPartOf\":{\"@id\":\"https:\/\/glareone.eu\/de\/en\/#website\"},\"primaryImageOfPage\":{\"@id\":\"https:\/\/glareone.eu\/de\/product\/glareone-light-table-70x140-cm-quick-mount\/#primaryimage\"},\"image\":{\"@id\":\"https:\/\/glareone.eu\/de\/product\/glareone-light-table-70x140-cm-quick-mount\/#primaryimage\"},\"thumbnailUrl\":\"https:\/\/glareone.eu\/wp-content\/uploads\/2025\/04\/SST70X140EF_01.jpg\",\"datePublished\":\"2025-04-15T08:40:38+00:00\",\"dateModified\":\"2025-04-15T08:42:01+00:00\",\"breadcrumb\":{\"@id\":\"https:\/\/glareone.eu\/de\/product\/glareone-light-table-70x140-cm-quick-mount\/#breadcrumb\"},\"inLanguage\":\"de\",\"potentialAction\":[{\"@type\":\"ReadAction\",\"target\":[\"https:\/\/glareone.eu\/de\/product\/glareone-light-table-70x140-cm-quick-mount\/\"]}]},{\"@type\":\"ImageObject\",\"inLanguage\":\"de\",\"@id\":\"https:\/\/glareone.eu\/de\/product\/glareone-light-table-70x140-cm-quick-mount\/#primaryimage\",\"url\":\"https:\/\/glareone.eu\/wp-content\/uploads\/2025\/04\/SST70X140EF_01.jpg\",\"contentUrl\":\"https:\/\/glareone.eu\/wp-content\/uploads\/2025\/04\/SST70X140EF_01.jpg\",\"width\":1200,\"height\":1200},{\"@type\":\"BreadcrumbList\",\"@id\":\"https:\/\/glareone.eu\/de\/product\/glareone-light-table-70x140-cm-quick-mount\/#breadcrumb\",\"itemListElement\":[{\"@type\":\"ListItem\",\"position\":1,\"name\":\"Strona g\u0142\u00f3wna\",\"item\":\"https:\/\/glareone.eu\/de\/\"},{\"@type\":\"ListItem\",\"position\":2,\"name\":\"Alle Produkte\",\"item\":\"https:\/\/glareone.eu\/de\/produkte\/alle-produkte\/\"},{\"@type\":\"ListItem\",\"position\":3,\"name\":\"GlareOne Light Table 70&#215;140 cm, Quick Mount\"}]},{\"@type\":\"WebSite\",\"@id\":\"https:\/\/glareone.eu\/de\/en\/#website\",\"url\":\"https:\/\/glareone.eu\/de\/en\/\",\"name\":\"GlareOne\",\"description\":\"Wyposa\u017cenie Studia\",\"publisher\":{\"@id\":\"https:\/\/glareone.eu\/de\/en\/#organization\"},\"potentialAction\":[{\"@type\":\"SearchAction\",\"target\":{\"@type\":\"EntryPoint\",\"urlTemplate\":\"https:\/\/glareone.eu\/de\/en\/?s={search_term_string}\"},\"query-input\":{\"@type\":\"PropertyValueSpecification\",\"valueRequired\":true,\"valueName\":\"search_term_string\"}}],\"inLanguage\":\"de\"},{\"@type\":\"Organization\",\"@id\":\"https:\/\/glareone.eu\/de\/en\/#organization\",\"name\":\"GlareOne\",\"url\":\"https:\/\/glareone.eu\/de\/en\/\",\"logo\":{\"@type\":\"ImageObject\",\"inLanguage\":\"de\",\"@id\":\"https:\/\/glareone.eu\/de\/en\/#\/schema\/logo\/image\/\",\"url\":\"http:\/\/glareone.eu\/wp-content\/uploads\/2024\/05\/glareone_logo2020_RGB-01-e1715773127189.png\",\"contentUrl\":\"http:\/\/glareone.eu\/wp-content\/uploads\/2024\/05\/glareone_logo2020_RGB-01-e1715773127189.png\",\"width\":1270,\"height\":321,\"caption\":\"GlareOne\"},\"image\":{\"@id\":\"https:\/\/glareone.eu\/de\/en\/#\/schema\/logo\/image\/\"},\"sameAs\":[\"https:\/\/www.facebook.com\/GlareOneLighting\",\"https:\/\/www.instagram.com\/glareonelighting\/\",\"https:\/\/www.youtube.com\/@GlareOneTV\"]}]}<\/script>\n<!-- \/ Yoast SEO plugin. -->","yoast_head_json":{"title":"GlareOne Light Table 70x140 cm, Quick Mount - GlareOne","robots":{"index":"index","follow":"follow","max-snippet":"max-snippet:-1","max-image-preview":"max-image-preview:large","max-video-preview":"max-video-preview:-1"},"canonical":"https:\/\/glareone.eu\/de\/product\/glareone-light-table-70x140-cm-quick-mount\/","og_locale":"de_DE","og_type":"article","og_title":"GlareOne Light Table 70x140 cm, Quick Mount - GlareOne","og_description":"Der Leuchttisch GlareOne mit Schnellmontagefunktion streut das Licht effektiv und bringt so selbst kleinste Details des fotografierten Objekts zur Geltung. Es ist unverzichtbar f\u00fcr Produkt-, Technik- oder Werbefotografie. Produktmerkmale: schnelle Montagekonstruktion, die das Zusammen- und Aufklappen des Tisches erleichtert Streuen Sie das Licht effektiv und belichten Sie selbst die kleinsten Details des fotografierten Objekts unersetzlich [&hellip;]","og_url":"https:\/\/glareone.eu\/de\/product\/glareone-light-table-70x140-cm-quick-mount\/","og_site_name":"GlareOne","article_publisher":"https:\/\/www.facebook.com\/GlareOneLighting","article_modified_time":"2025-04-15T08:42:01+00:00","og_image":[{"width":1200,"height":1200,"url":"https:\/\/glareone.eu\/wp-content\/uploads\/2025\/04\/SST70X140EF_01.jpg","type":"image\/jpeg"}],"twitter_card":"summary_large_image","twitter_misc":{"Gesch\u00e4tzte Lesezeit":"1\u00a0Minute"},"schema":{"@context":"https:\/\/schema.org","@graph":[{"@type":"WebPage","@id":"https:\/\/glareone.eu\/de\/product\/glareone-light-table-70x140-cm-quick-mount\/","url":"https:\/\/glareone.eu\/de\/product\/glareone-light-table-70x140-cm-quick-mount\/","name":"GlareOne Light Table 70x140 cm, Quick Mount - GlareOne","isPartOf":{"@id":"https:\/\/glareone.eu\/de\/en\/#website"},"primaryImageOfPage":{"@id":"https:\/\/glareone.eu\/de\/product\/glareone-light-table-70x140-cm-quick-mount\/#primaryimage"},"image":{"@id":"https:\/\/glareone.eu\/de\/product\/glareone-light-table-70x140-cm-quick-mount\/#primaryimage"},"thumbnailUrl":"https:\/\/glareone.eu\/wp-content\/uploads\/2025\/04\/SST70X140EF_01.jpg","datePublished":"2025-04-15T08:40:38+00:00","dateModified":"2025-04-15T08:42:01+00:00","breadcrumb":{"@id":"https:\/\/glareone.eu\/de\/product\/glareone-light-table-70x140-cm-quick-mount\/#breadcrumb"},"inLanguage":"de","potentialAction":[{"@type":"ReadAction","target":["https:\/\/glareone.eu\/de\/product\/glareone-light-table-70x140-cm-quick-mount\/"]}]},{"@type":"ImageObject","inLanguage":"de","@id":"https:\/\/glareone.eu\/de\/product\/glareone-light-table-70x140-cm-quick-mount\/#primaryimage","url":"https:\/\/glareone.eu\/wp-content\/uploads\/2025\/04\/SST70X140EF_01.jpg","contentUrl":"https:\/\/glareone.eu\/wp-content\/uploads\/2025\/04\/SST70X140EF_01.jpg","width":1200,"height":1200},{"@type":"BreadcrumbList","@id":"https:\/\/glareone.eu\/de\/product\/glareone-light-table-70x140-cm-quick-mount\/#breadcrumb","itemListElement":[{"@type":"ListItem","position":1,"name":"Strona g\u0142\u00f3wna","item":"https:\/\/glareone.eu\/de\/"},{"@type":"ListItem","position":2,"name":"Alle Produkte","item":"https:\/\/glareone.eu\/de\/produkte\/alle-produkte\/"},{"@type":"ListItem","position":3,"name":"GlareOne Light Table 70&#215;140 cm, Quick Mount"}]},{"@type":"WebSite","@id":"https:\/\/glareone.eu\/de\/en\/#website","url":"https:\/\/glareone.eu\/de\/en\/","name":"GlareOne","description":"Wyposa\u017cenie Studia","publisher":{"@id":"https:\/\/glareone.eu\/de\/en\/#organization"},"potentialAction":[{"@type":"SearchAction","target":{"@type":"EntryPoint","urlTemplate":"https:\/\/glareone.eu\/de\/en\/?s={search_term_string}"},"query-input":{"@type":"PropertyValueSpecification","valueRequired":true,"valueName":"search_term_string"}}],"inLanguage":"de"},{"@type":"Organization","@id":"https:\/\/glareone.eu\/de\/en\/#organization","name":"GlareOne","url":"https:\/\/glareone.eu\/de\/en\/","logo":{"@type":"ImageObject","inLanguage":"de","@id":"https:\/\/glareone.eu\/de\/en\/#\/schema\/logo\/image\/","url":"http:\/\/glareone.eu\/wp-content\/uploads\/2024\/05\/glareone_logo2020_RGB-01-e1715773127189.png","contentUrl":"http:\/\/glareone.eu\/wp-content\/uploads\/2024\/05\/glareone_logo2020_RGB-01-e1715773127189.png","width":1270,"height":321,"caption":"GlareOne"},"image":{"@id":"https:\/\/glareone.eu\/de\/en\/#\/schema\/logo\/image\/"},"sameAs":["https:\/\/www.facebook.com\/GlareOneLighting","https:\/\/www.instagram.com\/glareonelighting\/","https:\/\/www.youtube.com\/@GlareOneTV"]}]}},"_links":{"self":[{"href":"https:\/\/glareone.eu\/de\/wp-json\/wp\/v2\/product\/16289","targetHints":{"allow":["GET"]}}],"collection":[{"href":"https:\/\/glareone.eu\/de\/wp-json\/wp\/v2\/product"}],"about":[{"href":"https:\/\/glareone.eu\/de\/wp-json\/wp\/v2\/types\/product"}],"wp:featuredmedia":[{"embeddable":true,"href":"https:\/\/glareone.eu\/de\/wp-json\/wp\/v2\/media\/16273"}],"wp:attachment":[{"href":"https:\/\/glareone.eu\/de\/wp-json\/wp\/v2\/media?parent=16289"}],"wp:term":[{"taxonomy":"product_brand","embeddable":true,"href":"https:\/\/glareone.eu\/de\/wp-json\/wp\/v2\/product_brand?post=16289"},{"taxonomy":"product_cat","embeddable":true,"href":"https:\/\/glareone.eu\/de\/wp-json\/wp\/v2\/product_cat?post=16289"},{"taxonomy":"product_tag","embeddable":true,"href":"https:\/\/glareone.eu\/de\/wp-json\/wp\/v2\/product_tag?post=16289"}],"curies":[{"name":"wp","href":"https:\/\/api.w.org\/{rel}","templated":true}]}}