{"id":16224,"date":"2025-04-15T08:24:49","date_gmt":"2025-04-15T08:24:49","guid":{"rendered":"https:\/\/glareone.eu\/product\/glareone-statyw-boom-z-ruchomym-trzpieniem\/"},"modified":"2025-04-15T08:27:15","modified_gmt":"2025-04-15T08:27:15","slug":"glareone-boom-stand-with-coaxial-geared-control","status":"publish","type":"product","link":"https:\/\/glareone.eu\/de\/product\/glareone-boom-stand-with-coaxial-geared-control\/","title":{"rendered":"GlareOne Boom Stand with Coaxial Geared Control"},"content":{"rendered":"<p><span style=\"font-weight: 400;\">Schwerer, zweiteiliger Galgenst\u00e4nder mit einer maximalen H\u00f6he von 440 cm und beweglichem Zapfen.<\/span><\/p>\n<h3><b>Beweglicher Zapfen<\/b><\/h3>\n<p><span style=\"font-weight: 400;\">Der St\u00e4nder ist mit einem beweglichen Zapfen ausgestattet. Dank des Knopfes am Ende des Boom-Arms k\u00f6nnen wir das Licht am anderen Ende des Arms bequem bedienen: neigen, ausrichten oder nach oben richten.\u00a0<\/span><\/p>\n<h3><b>Vielseitigkeit<\/b><\/h3>\n<p><span style=\"font-weight: 400;\">Der Boom-St\u00e4nder kann als St\u00e4nder im Fotostudio und auf Filmsets verwendet werden. Durch die maximale Belastbarkeit von bis zu 8 kg kann problemlos eine Leuchte mit einer sechseckigen Softbox mit einem Durchmesser von bis zu 120 cm verbunden werden. Der Zapfen am Arm ist abnehmbar, umkehrbar und verf\u00fcgt \u00fcber zwei Befestigungspunkte (1\/4 und 3\/8 Zoll), sodass der St\u00e4nder auch f\u00fcr ein \u00fcber dem Set platziertes Mikrofon verwendet werden kann.<\/span><\/p>\n<h3><b>Haltbarkeit<\/b><\/h3>\n<p><span style=\"font-weight: 400;\">Der St\u00e4nder besteht fast vollst\u00e4ndig aus Metallelementen, was seine Haltbarkeit extrem hoch macht. Die einzigen nichtmetallischen Teile sind die Griffe der Schrauben, die die Position der Abschnitte fixieren, und die F\u00fc\u00dfe der Beine selbst. Alle anderen Fragmente, die f\u00fcr die Festigkeit der Struktur von entscheidender Bedeutung sind, bestehen aus Aluminium.\u00a0<\/span><\/p>\n<h3><b>Details<\/b><\/h3>\n<p><span style=\"font-weight: 400;\">Die Kn\u00f6pfe sind ergonomisch geformt und gro\u00df genug, um einen festen Halt zu bieten und ein Einklemmen der Finger beim Verstellen der H\u00f6he zu verhindern. Der Mittels\u00e4ulen-Bremsmechanismus besteht zu 100 % aus Metall und ist mit einem sehr gro\u00dfen, positionsverstellbaren Griff ausgestattet. Die Beine sind lang und sorgen dadurch f\u00fcr einen breiten Stand und damit f\u00fcr gro\u00dfe Stabilit\u00e4t.<\/span><\/p>\n<h3><b>Produktmerkmale:<\/b><\/h3>\n<ul>\n<li style=\"font-weight: 400;\" aria-level=\"1\"><span style=\"font-weight: 400;\">schwer und langlebig, aus Aluminium,<\/span><\/li>\n<li style=\"font-weight: 400;\" aria-level=\"1\"><span style=\"font-weight: 400;\">erreicht eine maximale H\u00f6he von \u00fcber 4 Metern,<\/span><\/li>\n<li style=\"font-weight: 400;\" aria-level=\"1\"><span style=\"font-weight: 400;\">hat einen gro\u00dfen Beinabstand, der f\u00fcr gro\u00dfe Stabilit\u00e4t sorgt,<\/span><\/li>\n<li style=\"font-weight: 400;\" aria-level=\"1\"><span style=\"font-weight: 400;\">Profilklemmen und der Auslegermechanismus bestehen aus Metall,<\/span><\/li>\n<li style=\"font-weight: 400;\" aria-level=\"1\"><span style=\"font-weight: 400;\">der Montagezapfen ist umkehrbar und abnehmbar,<\/span><\/li>\n<li style=\"font-weight: 400;\" aria-level=\"1\"><span style=\"font-weight: 400;\">Klemmkn\u00f6pfe sind gro\u00df und ergonomisch geformt,<\/span><\/li>\n<li style=\"font-weight: 400;\" aria-level=\"1\"><span style=\"font-weight: 400;\">der Auslegerarm ist sehr lang (reicht bis zu 240 cm),<\/span><\/li>\n<li style=\"font-weight: 400;\" aria-level=\"1\"><span style=\"font-weight: 400;\">hebt bis zu 8 kg,<\/span><\/li>\n<li style=\"font-weight: 400;\" aria-level=\"1\"><span style=\"font-weight: 400;\">Lieferung mit Gegengewicht.<\/span><\/li>\n<\/ul>\n","protected":false},"excerpt":{"rendered":"<p>Schwerer, zweiteiliger Galgenst\u00e4nder mit einer maximalen H\u00f6he von 440 cm und beweglichem Zapfen. Beweglicher Zapfen Der St\u00e4nder ist mit einem beweglichen Zapfen ausgestattet. Dank des Knopfes am Ende des Boom-Arms k\u00f6nnen wir das Licht am anderen Ende des Arms bequem bedienen: neigen, ausrichten oder nach oben richten.\u00a0 Vielseitigkeit Der Boom-St\u00e4nder kann als St\u00e4nder im Fotostudio [&hellip;]<\/p>\n","protected":false},"featured_media":16192,"template":"","meta":[],"product_brand":[],"product_cat":[474],"product_tag":[],"class_list":{"0":"post-16224","1":"product","2":"type-product","3":"status-publish","4":"has-post-thumbnail","6":"product_cat-klassische-stative","8":"first","9":"instock","10":"shipping-taxable","11":"product-type-simple"},"yoast_head":"<!-- This site is optimized with the Yoast SEO plugin v27.2 - https:\/\/yoast.com\/product\/yoast-seo-wordpress\/ -->\n<title>GlareOne Boom Stand with Coaxial Geared Control - GlareOne<\/title>\n<meta name=\"robots\" content=\"index, follow, max-snippet:-1, max-image-preview:large, max-video-preview:-1\" \/>\n<link rel=\"canonical\" href=\"https:\/\/glareone.eu\/de\/product\/glareone-boom-stand-with-coaxial-geared-control\/\" \/>\n<meta property=\"og:locale\" content=\"de_DE\" \/>\n<meta property=\"og:type\" content=\"article\" \/>\n<meta property=\"og:title\" content=\"GlareOne Boom Stand with Coaxial Geared Control - GlareOne\" \/>\n<meta property=\"og:description\" content=\"Schwerer, zweiteiliger Galgenst\u00e4nder mit einer maximalen H\u00f6he von 440 cm und beweglichem Zapfen. Beweglicher Zapfen Der St\u00e4nder ist mit einem beweglichen Zapfen ausgestattet. Dank des Knopfes am Ende des Boom-Arms k\u00f6nnen wir das Licht am anderen Ende des Arms bequem bedienen: neigen, ausrichten oder nach oben richten.\u00a0 Vielseitigkeit Der Boom-St\u00e4nder kann als St\u00e4nder im Fotostudio [&hellip;]\" \/>\n<meta property=\"og:url\" content=\"https:\/\/glareone.eu\/de\/product\/glareone-boom-stand-with-coaxial-geared-control\/\" \/>\n<meta property=\"og:site_name\" content=\"GlareOne\" \/>\n<meta property=\"article:publisher\" content=\"https:\/\/www.facebook.com\/GlareOneLighting\" \/>\n<meta property=\"article:modified_time\" content=\"2025-04-15T08:27:15+00:00\" \/>\n<meta property=\"og:image\" content=\"https:\/\/glareone.eu\/wp-content\/uploads\/2025\/04\/SLSB265H_01.jpg\" \/>\n\t<meta property=\"og:image:width\" content=\"1200\" \/>\n\t<meta property=\"og:image:height\" content=\"1200\" \/>\n\t<meta property=\"og:image:type\" content=\"image\/jpeg\" \/>\n<meta name=\"twitter:card\" content=\"summary_large_image\" \/>\n<meta name=\"twitter:label1\" content=\"Gesch\u00e4tzte Lesezeit\" \/>\n\t<meta name=\"twitter:data1\" content=\"2\u00a0Minuten\" \/>\n<script type=\"application\/ld+json\" class=\"yoast-schema-graph\">{\"@context\":\"https:\/\/schema.org\",\"@graph\":[{\"@type\":\"WebPage\",\"@id\":\"https:\/\/glareone.eu\/de\/product\/glareone-boom-stand-with-coaxial-geared-control\/\",\"url\":\"https:\/\/glareone.eu\/de\/product\/glareone-boom-stand-with-coaxial-geared-control\/\",\"name\":\"GlareOne Boom Stand with Coaxial Geared Control - GlareOne\",\"isPartOf\":{\"@id\":\"https:\/\/glareone.eu\/de\/en\/#website\"},\"primaryImageOfPage\":{\"@id\":\"https:\/\/glareone.eu\/de\/product\/glareone-boom-stand-with-coaxial-geared-control\/#primaryimage\"},\"image\":{\"@id\":\"https:\/\/glareone.eu\/de\/product\/glareone-boom-stand-with-coaxial-geared-control\/#primaryimage\"},\"thumbnailUrl\":\"https:\/\/glareone.eu\/wp-content\/uploads\/2025\/04\/SLSB265H_01.jpg\",\"datePublished\":\"2025-04-15T08:24:49+00:00\",\"dateModified\":\"2025-04-15T08:27:15+00:00\",\"breadcrumb\":{\"@id\":\"https:\/\/glareone.eu\/de\/product\/glareone-boom-stand-with-coaxial-geared-control\/#breadcrumb\"},\"inLanguage\":\"de\",\"potentialAction\":[{\"@type\":\"ReadAction\",\"target\":[\"https:\/\/glareone.eu\/de\/product\/glareone-boom-stand-with-coaxial-geared-control\/\"]}]},{\"@type\":\"ImageObject\",\"inLanguage\":\"de\",\"@id\":\"https:\/\/glareone.eu\/de\/product\/glareone-boom-stand-with-coaxial-geared-control\/#primaryimage\",\"url\":\"https:\/\/glareone.eu\/wp-content\/uploads\/2025\/04\/SLSB265H_01.jpg\",\"contentUrl\":\"https:\/\/glareone.eu\/wp-content\/uploads\/2025\/04\/SLSB265H_01.jpg\",\"width\":1200,\"height\":1200},{\"@type\":\"BreadcrumbList\",\"@id\":\"https:\/\/glareone.eu\/de\/product\/glareone-boom-stand-with-coaxial-geared-control\/#breadcrumb\",\"itemListElement\":[{\"@type\":\"ListItem\",\"position\":1,\"name\":\"Strona g\u0142\u00f3wna\",\"item\":\"https:\/\/glareone.eu\/de\/\"},{\"@type\":\"ListItem\",\"position\":2,\"name\":\"Alle Produkte\",\"item\":\"https:\/\/glareone.eu\/de\/produkte\/alle-produkte\/\"},{\"@type\":\"ListItem\",\"position\":3,\"name\":\"GlareOne Boom Stand with Coaxial Geared Control\"}]},{\"@type\":\"WebSite\",\"@id\":\"https:\/\/glareone.eu\/de\/en\/#website\",\"url\":\"https:\/\/glareone.eu\/de\/en\/\",\"name\":\"GlareOne\",\"description\":\"Wyposa\u017cenie Studia\",\"publisher\":{\"@id\":\"https:\/\/glareone.eu\/de\/en\/#organization\"},\"potentialAction\":[{\"@type\":\"SearchAction\",\"target\":{\"@type\":\"EntryPoint\",\"urlTemplate\":\"https:\/\/glareone.eu\/de\/en\/?s={search_term_string}\"},\"query-input\":{\"@type\":\"PropertyValueSpecification\",\"valueRequired\":true,\"valueName\":\"search_term_string\"}}],\"inLanguage\":\"de\"},{\"@type\":\"Organization\",\"@id\":\"https:\/\/glareone.eu\/de\/en\/#organization\",\"name\":\"GlareOne\",\"url\":\"https:\/\/glareone.eu\/de\/en\/\",\"logo\":{\"@type\":\"ImageObject\",\"inLanguage\":\"de\",\"@id\":\"https:\/\/glareone.eu\/de\/en\/#\/schema\/logo\/image\/\",\"url\":\"http:\/\/glareone.eu\/wp-content\/uploads\/2024\/05\/glareone_logo2020_RGB-01-e1715773127189.png\",\"contentUrl\":\"http:\/\/glareone.eu\/wp-content\/uploads\/2024\/05\/glareone_logo2020_RGB-01-e1715773127189.png\",\"width\":1270,\"height\":321,\"caption\":\"GlareOne\"},\"image\":{\"@id\":\"https:\/\/glareone.eu\/de\/en\/#\/schema\/logo\/image\/\"},\"sameAs\":[\"https:\/\/www.facebook.com\/GlareOneLighting\",\"https:\/\/www.instagram.com\/glareonelighting\/\",\"https:\/\/www.youtube.com\/@GlareOneTV\"]}]}<\/script>\n<!-- \/ Yoast SEO plugin. -->","yoast_head_json":{"title":"GlareOne Boom Stand with Coaxial Geared Control - GlareOne","robots":{"index":"index","follow":"follow","max-snippet":"max-snippet:-1","max-image-preview":"max-image-preview:large","max-video-preview":"max-video-preview:-1"},"canonical":"https:\/\/glareone.eu\/de\/product\/glareone-boom-stand-with-coaxial-geared-control\/","og_locale":"de_DE","og_type":"article","og_title":"GlareOne Boom Stand with Coaxial Geared Control - GlareOne","og_description":"Schwerer, zweiteiliger Galgenst\u00e4nder mit einer maximalen H\u00f6he von 440 cm und beweglichem Zapfen. Beweglicher Zapfen Der St\u00e4nder ist mit einem beweglichen Zapfen ausgestattet. Dank des Knopfes am Ende des Boom-Arms k\u00f6nnen wir das Licht am anderen Ende des Arms bequem bedienen: neigen, ausrichten oder nach oben richten.\u00a0 Vielseitigkeit Der Boom-St\u00e4nder kann als St\u00e4nder im Fotostudio [&hellip;]","og_url":"https:\/\/glareone.eu\/de\/product\/glareone-boom-stand-with-coaxial-geared-control\/","og_site_name":"GlareOne","article_publisher":"https:\/\/www.facebook.com\/GlareOneLighting","article_modified_time":"2025-04-15T08:27:15+00:00","og_image":[{"width":1200,"height":1200,"url":"https:\/\/glareone.eu\/wp-content\/uploads\/2025\/04\/SLSB265H_01.jpg","type":"image\/jpeg"}],"twitter_card":"summary_large_image","twitter_misc":{"Gesch\u00e4tzte Lesezeit":"2\u00a0Minuten"},"schema":{"@context":"https:\/\/schema.org","@graph":[{"@type":"WebPage","@id":"https:\/\/glareone.eu\/de\/product\/glareone-boom-stand-with-coaxial-geared-control\/","url":"https:\/\/glareone.eu\/de\/product\/glareone-boom-stand-with-coaxial-geared-control\/","name":"GlareOne Boom Stand with Coaxial Geared Control - GlareOne","isPartOf":{"@id":"https:\/\/glareone.eu\/de\/en\/#website"},"primaryImageOfPage":{"@id":"https:\/\/glareone.eu\/de\/product\/glareone-boom-stand-with-coaxial-geared-control\/#primaryimage"},"image":{"@id":"https:\/\/glareone.eu\/de\/product\/glareone-boom-stand-with-coaxial-geared-control\/#primaryimage"},"thumbnailUrl":"https:\/\/glareone.eu\/wp-content\/uploads\/2025\/04\/SLSB265H_01.jpg","datePublished":"2025-04-15T08:24:49+00:00","dateModified":"2025-04-15T08:27:15+00:00","breadcrumb":{"@id":"https:\/\/glareone.eu\/de\/product\/glareone-boom-stand-with-coaxial-geared-control\/#breadcrumb"},"inLanguage":"de","potentialAction":[{"@type":"ReadAction","target":["https:\/\/glareone.eu\/de\/product\/glareone-boom-stand-with-coaxial-geared-control\/"]}]},{"@type":"ImageObject","inLanguage":"de","@id":"https:\/\/glareone.eu\/de\/product\/glareone-boom-stand-with-coaxial-geared-control\/#primaryimage","url":"https:\/\/glareone.eu\/wp-content\/uploads\/2025\/04\/SLSB265H_01.jpg","contentUrl":"https:\/\/glareone.eu\/wp-content\/uploads\/2025\/04\/SLSB265H_01.jpg","width":1200,"height":1200},{"@type":"BreadcrumbList","@id":"https:\/\/glareone.eu\/de\/product\/glareone-boom-stand-with-coaxial-geared-control\/#breadcrumb","itemListElement":[{"@type":"ListItem","position":1,"name":"Strona g\u0142\u00f3wna","item":"https:\/\/glareone.eu\/de\/"},{"@type":"ListItem","position":2,"name":"Alle Produkte","item":"https:\/\/glareone.eu\/de\/produkte\/alle-produkte\/"},{"@type":"ListItem","position":3,"name":"GlareOne Boom Stand with Coaxial Geared Control"}]},{"@type":"WebSite","@id":"https:\/\/glareone.eu\/de\/en\/#website","url":"https:\/\/glareone.eu\/de\/en\/","name":"GlareOne","description":"Wyposa\u017cenie Studia","publisher":{"@id":"https:\/\/glareone.eu\/de\/en\/#organization"},"potentialAction":[{"@type":"SearchAction","target":{"@type":"EntryPoint","urlTemplate":"https:\/\/glareone.eu\/de\/en\/?s={search_term_string}"},"query-input":{"@type":"PropertyValueSpecification","valueRequired":true,"valueName":"search_term_string"}}],"inLanguage":"de"},{"@type":"Organization","@id":"https:\/\/glareone.eu\/de\/en\/#organization","name":"GlareOne","url":"https:\/\/glareone.eu\/de\/en\/","logo":{"@type":"ImageObject","inLanguage":"de","@id":"https:\/\/glareone.eu\/de\/en\/#\/schema\/logo\/image\/","url":"http:\/\/glareone.eu\/wp-content\/uploads\/2024\/05\/glareone_logo2020_RGB-01-e1715773127189.png","contentUrl":"http:\/\/glareone.eu\/wp-content\/uploads\/2024\/05\/glareone_logo2020_RGB-01-e1715773127189.png","width":1270,"height":321,"caption":"GlareOne"},"image":{"@id":"https:\/\/glareone.eu\/de\/en\/#\/schema\/logo\/image\/"},"sameAs":["https:\/\/www.facebook.com\/GlareOneLighting","https:\/\/www.instagram.com\/glareonelighting\/","https:\/\/www.youtube.com\/@GlareOneTV"]}]}},"_links":{"self":[{"href":"https:\/\/glareone.eu\/de\/wp-json\/wp\/v2\/product\/16224","targetHints":{"allow":["GET"]}}],"collection":[{"href":"https:\/\/glareone.eu\/de\/wp-json\/wp\/v2\/product"}],"about":[{"href":"https:\/\/glareone.eu\/de\/wp-json\/wp\/v2\/types\/product"}],"wp:featuredmedia":[{"embeddable":true,"href":"https:\/\/glareone.eu\/de\/wp-json\/wp\/v2\/media\/16192"}],"wp:attachment":[{"href":"https:\/\/glareone.eu\/de\/wp-json\/wp\/v2\/media?parent=16224"}],"wp:term":[{"taxonomy":"product_brand","embeddable":true,"href":"https:\/\/glareone.eu\/de\/wp-json\/wp\/v2\/product_brand?post=16224"},{"taxonomy":"product_cat","embeddable":true,"href":"https:\/\/glareone.eu\/de\/wp-json\/wp\/v2\/product_cat?post=16224"},{"taxonomy":"product_tag","embeddable":true,"href":"https:\/\/glareone.eu\/de\/wp-json\/wp\/v2\/product_tag?post=16224"}],"curies":[{"name":"wp","href":"https:\/\/api.w.org\/{rel}","templated":true}]}}