{"id":16051,"date":"2025-04-15T06:44:36","date_gmt":"2025-04-15T06:44:36","guid":{"rendered":"https:\/\/glareone.eu\/product\/glareone-boom-arm-120-240cm-ramie-boomu\/"},"modified":"2025-04-15T06:49:28","modified_gmt":"2025-04-15T06:49:28","slug":"boom-arm-120-240cm-with-baby-pin-socket-3-8-16mm","status":"publish","type":"product","link":"https:\/\/glareone.eu\/de\/product\/boom-arm-120-240cm-with-baby-pin-socket-3-8-16mm\/","title":{"rendered":"Boom Arm 120-240cm with Baby Pin socket (3\/8&#8242;; 16mm)"},"content":{"rendered":"<p><span style=\"font-weight: 400;\">Universeller 120\u2013240 cm gro\u00dfer Ausleger.<\/span><\/p>\n<p><span style=\"font-weight: 400;\">Der Boom-Arm ist ein Zubeh\u00f6rteil, das in jedem Foto- und Filmstudio vorhanden sein sollte, wenn jemand nicht \u00fcber einen typischen Boom-St\u00e4nder verf\u00fcgt. Damit k\u00f6nnen Sie die Lampe sicher \u00fcber dem Fotoset platzieren, um eine Beleuchtung von oben zu erhalten. Der Kran ist auch n\u00fctzlich, wenn die Lampe \u00fcber der Kamera oder dem Camcorder aufgeh\u00e4ngt werden muss, was bei Verwendung eines normalen Stativs ohne Arm schwierig oder sogar unm\u00f6glich sein kann.<\/span><\/p>\n<h3><b>Eigenschaften des GlareOne Auslegerarms 120\u2013240 cm:<\/b><\/h3>\n<ul>\n<li style=\"font-weight: 400;\" aria-level=\"1\"><span style=\"font-weight: 400;\">Robuste Ganzmetallkonstruktion<\/span><\/li>\n<li style=\"font-weight: 400;\" aria-level=\"1\"><span style=\"font-weight: 400;\">Ideal f\u00fcr den Einsatz von Beleuchtungsger\u00e4ten wie Lampen, Reflektoren usw. \u00fcber Kopf<\/span><\/li>\n<li style=\"font-weight: 400;\" aria-level=\"1\"><span style=\"font-weight: 400;\">Verstellbare Arml\u00e4nge: 120 bis 240 cm<\/span><\/li>\n<li style=\"font-weight: 400;\" aria-level=\"1\"><span style=\"font-weight: 400;\">\u00a0Passend f\u00fcr 3\/8\u2033 (16 mm) Stift und 29,5 mm Junior-Stecknuss<\/span><\/li>\n<li style=\"font-weight: 400;\" aria-level=\"1\"><span style=\"font-weight: 400;\">Belastbarkeit bis 8 kg,<\/span><\/li>\n<li style=\"font-weight: 400;\" aria-level=\"1\"><span style=\"font-weight: 400;\">Gewichtstasche im Lieferumfang enthalten.<\/span><\/li>\n<\/ul>\n<p><b>Hinweis<\/b><span style=\"font-weight: 400;\">: Der St\u00e4nder ist nicht im Lieferumfang enthalten.<\/span><\/p>\n","protected":false},"excerpt":{"rendered":"<p>Universeller 120\u2013240 cm gro\u00dfer Ausleger. Der Boom-Arm ist ein Zubeh\u00f6rteil, das in jedem Foto- und Filmstudio vorhanden sein sollte, wenn jemand nicht \u00fcber einen typischen Boom-St\u00e4nder verf\u00fcgt. Damit k\u00f6nnen Sie die Lampe sicher \u00fcber dem Fotoset platzieren, um eine Beleuchtung von oben zu erhalten. Der Kran ist auch n\u00fctzlich, wenn die Lampe \u00fcber der Kamera [&hellip;]<\/p>\n","protected":false},"featured_media":16019,"template":"","meta":[],"product_brand":[],"product_cat":[482],"product_tag":[],"class_list":{"0":"post-16051","1":"product","2":"type-product","3":"status-publish","4":"has-post-thumbnail","6":"product_cat-ander-de","8":"first","9":"instock","10":"shipping-taxable","11":"product-type-simple"},"yoast_head":"<!-- This site is optimized with the Yoast SEO plugin v27.2 - https:\/\/yoast.com\/product\/yoast-seo-wordpress\/ -->\n<title>Boom Arm 120-240cm with Baby Pin socket (3\/8&#039;; 16mm) - GlareOne<\/title>\n<meta name=\"robots\" content=\"index, follow, max-snippet:-1, max-image-preview:large, max-video-preview:-1\" \/>\n<link rel=\"canonical\" href=\"https:\/\/glareone.eu\/de\/product\/boom-arm-120-240cm-with-baby-pin-socket-3-8-16mm\/\" \/>\n<meta property=\"og:locale\" content=\"de_DE\" \/>\n<meta property=\"og:type\" content=\"article\" \/>\n<meta property=\"og:title\" content=\"Boom Arm 120-240cm with Baby Pin socket (3\/8&#039;; 16mm) - GlareOne\" \/>\n<meta property=\"og:description\" content=\"Universeller 120\u2013240 cm gro\u00dfer Ausleger. Der Boom-Arm ist ein Zubeh\u00f6rteil, das in jedem Foto- und Filmstudio vorhanden sein sollte, wenn jemand nicht \u00fcber einen typischen Boom-St\u00e4nder verf\u00fcgt. Damit k\u00f6nnen Sie die Lampe sicher \u00fcber dem Fotoset platzieren, um eine Beleuchtung von oben zu erhalten. Der Kran ist auch n\u00fctzlich, wenn die Lampe \u00fcber der Kamera [&hellip;]\" \/>\n<meta property=\"og:url\" content=\"https:\/\/glareone.eu\/de\/product\/boom-arm-120-240cm-with-baby-pin-socket-3-8-16mm\/\" \/>\n<meta property=\"og:site_name\" content=\"GlareOne\" \/>\n<meta property=\"article:publisher\" content=\"https:\/\/www.facebook.com\/GlareOneLighting\" \/>\n<meta property=\"article:modified_time\" content=\"2025-04-15T06:49:28+00:00\" \/>\n<meta property=\"og:image\" content=\"https:\/\/glareone.eu\/wp-content\/uploads\/2025\/04\/SLSBA240_01.jpg\" \/>\n\t<meta property=\"og:image:width\" content=\"1199\" \/>\n\t<meta property=\"og:image:height\" content=\"1200\" \/>\n\t<meta property=\"og:image:type\" content=\"image\/jpeg\" \/>\n<meta name=\"twitter:card\" content=\"summary_large_image\" \/>\n<meta name=\"twitter:label1\" content=\"Gesch\u00e4tzte Lesezeit\" \/>\n\t<meta name=\"twitter:data1\" content=\"1\u00a0Minute\" \/>\n<script type=\"application\/ld+json\" class=\"yoast-schema-graph\">{\"@context\":\"https:\/\/schema.org\",\"@graph\":[{\"@type\":\"WebPage\",\"@id\":\"https:\/\/glareone.eu\/de\/product\/boom-arm-120-240cm-with-baby-pin-socket-3-8-16mm\/\",\"url\":\"https:\/\/glareone.eu\/de\/product\/boom-arm-120-240cm-with-baby-pin-socket-3-8-16mm\/\",\"name\":\"Boom Arm 120-240cm with Baby Pin socket (3\/8'; 16mm) - GlareOne\",\"isPartOf\":{\"@id\":\"https:\/\/glareone.eu\/de\/en\/#website\"},\"primaryImageOfPage\":{\"@id\":\"https:\/\/glareone.eu\/de\/product\/boom-arm-120-240cm-with-baby-pin-socket-3-8-16mm\/#primaryimage\"},\"image\":{\"@id\":\"https:\/\/glareone.eu\/de\/product\/boom-arm-120-240cm-with-baby-pin-socket-3-8-16mm\/#primaryimage\"},\"thumbnailUrl\":\"https:\/\/glareone.eu\/wp-content\/uploads\/2025\/04\/SLSBA240_01.jpg\",\"datePublished\":\"2025-04-15T06:44:36+00:00\",\"dateModified\":\"2025-04-15T06:49:28+00:00\",\"breadcrumb\":{\"@id\":\"https:\/\/glareone.eu\/de\/product\/boom-arm-120-240cm-with-baby-pin-socket-3-8-16mm\/#breadcrumb\"},\"inLanguage\":\"de\",\"potentialAction\":[{\"@type\":\"ReadAction\",\"target\":[\"https:\/\/glareone.eu\/de\/product\/boom-arm-120-240cm-with-baby-pin-socket-3-8-16mm\/\"]}]},{\"@type\":\"ImageObject\",\"inLanguage\":\"de\",\"@id\":\"https:\/\/glareone.eu\/de\/product\/boom-arm-120-240cm-with-baby-pin-socket-3-8-16mm\/#primaryimage\",\"url\":\"https:\/\/glareone.eu\/wp-content\/uploads\/2025\/04\/SLSBA240_01.jpg\",\"contentUrl\":\"https:\/\/glareone.eu\/wp-content\/uploads\/2025\/04\/SLSBA240_01.jpg\",\"width\":1199,\"height\":1200},{\"@type\":\"BreadcrumbList\",\"@id\":\"https:\/\/glareone.eu\/de\/product\/boom-arm-120-240cm-with-baby-pin-socket-3-8-16mm\/#breadcrumb\",\"itemListElement\":[{\"@type\":\"ListItem\",\"position\":1,\"name\":\"Strona g\u0142\u00f3wna\",\"item\":\"https:\/\/glareone.eu\/de\/\"},{\"@type\":\"ListItem\",\"position\":2,\"name\":\"Alle Produkte\",\"item\":\"https:\/\/glareone.eu\/de\/produkte\/alle-produkte\/\"},{\"@type\":\"ListItem\",\"position\":3,\"name\":\"Boom Arm 120-240cm with Baby Pin socket (3\/8&#8242;; 16mm)\"}]},{\"@type\":\"WebSite\",\"@id\":\"https:\/\/glareone.eu\/de\/en\/#website\",\"url\":\"https:\/\/glareone.eu\/de\/en\/\",\"name\":\"GlareOne\",\"description\":\"Wyposa\u017cenie Studia\",\"publisher\":{\"@id\":\"https:\/\/glareone.eu\/de\/en\/#organization\"},\"potentialAction\":[{\"@type\":\"SearchAction\",\"target\":{\"@type\":\"EntryPoint\",\"urlTemplate\":\"https:\/\/glareone.eu\/de\/en\/?s={search_term_string}\"},\"query-input\":{\"@type\":\"PropertyValueSpecification\",\"valueRequired\":true,\"valueName\":\"search_term_string\"}}],\"inLanguage\":\"de\"},{\"@type\":\"Organization\",\"@id\":\"https:\/\/glareone.eu\/de\/en\/#organization\",\"name\":\"GlareOne\",\"url\":\"https:\/\/glareone.eu\/de\/en\/\",\"logo\":{\"@type\":\"ImageObject\",\"inLanguage\":\"de\",\"@id\":\"https:\/\/glareone.eu\/de\/en\/#\/schema\/logo\/image\/\",\"url\":\"http:\/\/glareone.eu\/wp-content\/uploads\/2024\/05\/glareone_logo2020_RGB-01-e1715773127189.png\",\"contentUrl\":\"http:\/\/glareone.eu\/wp-content\/uploads\/2024\/05\/glareone_logo2020_RGB-01-e1715773127189.png\",\"width\":1270,\"height\":321,\"caption\":\"GlareOne\"},\"image\":{\"@id\":\"https:\/\/glareone.eu\/de\/en\/#\/schema\/logo\/image\/\"},\"sameAs\":[\"https:\/\/www.facebook.com\/GlareOneLighting\",\"https:\/\/www.instagram.com\/glareonelighting\/\",\"https:\/\/www.youtube.com\/@GlareOneTV\"]}]}<\/script>\n<!-- \/ Yoast SEO plugin. -->","yoast_head_json":{"title":"Boom Arm 120-240cm with Baby Pin socket (3\/8'; 16mm) - GlareOne","robots":{"index":"index","follow":"follow","max-snippet":"max-snippet:-1","max-image-preview":"max-image-preview:large","max-video-preview":"max-video-preview:-1"},"canonical":"https:\/\/glareone.eu\/de\/product\/boom-arm-120-240cm-with-baby-pin-socket-3-8-16mm\/","og_locale":"de_DE","og_type":"article","og_title":"Boom Arm 120-240cm with Baby Pin socket (3\/8'; 16mm) - GlareOne","og_description":"Universeller 120\u2013240 cm gro\u00dfer Ausleger. Der Boom-Arm ist ein Zubeh\u00f6rteil, das in jedem Foto- und Filmstudio vorhanden sein sollte, wenn jemand nicht \u00fcber einen typischen Boom-St\u00e4nder verf\u00fcgt. Damit k\u00f6nnen Sie die Lampe sicher \u00fcber dem Fotoset platzieren, um eine Beleuchtung von oben zu erhalten. Der Kran ist auch n\u00fctzlich, wenn die Lampe \u00fcber der Kamera [&hellip;]","og_url":"https:\/\/glareone.eu\/de\/product\/boom-arm-120-240cm-with-baby-pin-socket-3-8-16mm\/","og_site_name":"GlareOne","article_publisher":"https:\/\/www.facebook.com\/GlareOneLighting","article_modified_time":"2025-04-15T06:49:28+00:00","og_image":[{"width":1199,"height":1200,"url":"https:\/\/glareone.eu\/wp-content\/uploads\/2025\/04\/SLSBA240_01.jpg","type":"image\/jpeg"}],"twitter_card":"summary_large_image","twitter_misc":{"Gesch\u00e4tzte Lesezeit":"1\u00a0Minute"},"schema":{"@context":"https:\/\/schema.org","@graph":[{"@type":"WebPage","@id":"https:\/\/glareone.eu\/de\/product\/boom-arm-120-240cm-with-baby-pin-socket-3-8-16mm\/","url":"https:\/\/glareone.eu\/de\/product\/boom-arm-120-240cm-with-baby-pin-socket-3-8-16mm\/","name":"Boom Arm 120-240cm with Baby Pin socket (3\/8'; 16mm) - GlareOne","isPartOf":{"@id":"https:\/\/glareone.eu\/de\/en\/#website"},"primaryImageOfPage":{"@id":"https:\/\/glareone.eu\/de\/product\/boom-arm-120-240cm-with-baby-pin-socket-3-8-16mm\/#primaryimage"},"image":{"@id":"https:\/\/glareone.eu\/de\/product\/boom-arm-120-240cm-with-baby-pin-socket-3-8-16mm\/#primaryimage"},"thumbnailUrl":"https:\/\/glareone.eu\/wp-content\/uploads\/2025\/04\/SLSBA240_01.jpg","datePublished":"2025-04-15T06:44:36+00:00","dateModified":"2025-04-15T06:49:28+00:00","breadcrumb":{"@id":"https:\/\/glareone.eu\/de\/product\/boom-arm-120-240cm-with-baby-pin-socket-3-8-16mm\/#breadcrumb"},"inLanguage":"de","potentialAction":[{"@type":"ReadAction","target":["https:\/\/glareone.eu\/de\/product\/boom-arm-120-240cm-with-baby-pin-socket-3-8-16mm\/"]}]},{"@type":"ImageObject","inLanguage":"de","@id":"https:\/\/glareone.eu\/de\/product\/boom-arm-120-240cm-with-baby-pin-socket-3-8-16mm\/#primaryimage","url":"https:\/\/glareone.eu\/wp-content\/uploads\/2025\/04\/SLSBA240_01.jpg","contentUrl":"https:\/\/glareone.eu\/wp-content\/uploads\/2025\/04\/SLSBA240_01.jpg","width":1199,"height":1200},{"@type":"BreadcrumbList","@id":"https:\/\/glareone.eu\/de\/product\/boom-arm-120-240cm-with-baby-pin-socket-3-8-16mm\/#breadcrumb","itemListElement":[{"@type":"ListItem","position":1,"name":"Strona g\u0142\u00f3wna","item":"https:\/\/glareone.eu\/de\/"},{"@type":"ListItem","position":2,"name":"Alle Produkte","item":"https:\/\/glareone.eu\/de\/produkte\/alle-produkte\/"},{"@type":"ListItem","position":3,"name":"Boom Arm 120-240cm with Baby Pin socket (3\/8&#8242;; 16mm)"}]},{"@type":"WebSite","@id":"https:\/\/glareone.eu\/de\/en\/#website","url":"https:\/\/glareone.eu\/de\/en\/","name":"GlareOne","description":"Wyposa\u017cenie Studia","publisher":{"@id":"https:\/\/glareone.eu\/de\/en\/#organization"},"potentialAction":[{"@type":"SearchAction","target":{"@type":"EntryPoint","urlTemplate":"https:\/\/glareone.eu\/de\/en\/?s={search_term_string}"},"query-input":{"@type":"PropertyValueSpecification","valueRequired":true,"valueName":"search_term_string"}}],"inLanguage":"de"},{"@type":"Organization","@id":"https:\/\/glareone.eu\/de\/en\/#organization","name":"GlareOne","url":"https:\/\/glareone.eu\/de\/en\/","logo":{"@type":"ImageObject","inLanguage":"de","@id":"https:\/\/glareone.eu\/de\/en\/#\/schema\/logo\/image\/","url":"http:\/\/glareone.eu\/wp-content\/uploads\/2024\/05\/glareone_logo2020_RGB-01-e1715773127189.png","contentUrl":"http:\/\/glareone.eu\/wp-content\/uploads\/2024\/05\/glareone_logo2020_RGB-01-e1715773127189.png","width":1270,"height":321,"caption":"GlareOne"},"image":{"@id":"https:\/\/glareone.eu\/de\/en\/#\/schema\/logo\/image\/"},"sameAs":["https:\/\/www.facebook.com\/GlareOneLighting","https:\/\/www.instagram.com\/glareonelighting\/","https:\/\/www.youtube.com\/@GlareOneTV"]}]}},"_links":{"self":[{"href":"https:\/\/glareone.eu\/de\/wp-json\/wp\/v2\/product\/16051","targetHints":{"allow":["GET"]}}],"collection":[{"href":"https:\/\/glareone.eu\/de\/wp-json\/wp\/v2\/product"}],"about":[{"href":"https:\/\/glareone.eu\/de\/wp-json\/wp\/v2\/types\/product"}],"wp:featuredmedia":[{"embeddable":true,"href":"https:\/\/glareone.eu\/de\/wp-json\/wp\/v2\/media\/16019"}],"wp:attachment":[{"href":"https:\/\/glareone.eu\/de\/wp-json\/wp\/v2\/media?parent=16051"}],"wp:term":[{"taxonomy":"product_brand","embeddable":true,"href":"https:\/\/glareone.eu\/de\/wp-json\/wp\/v2\/product_brand?post=16051"},{"taxonomy":"product_cat","embeddable":true,"href":"https:\/\/glareone.eu\/de\/wp-json\/wp\/v2\/product_cat?post=16051"},{"taxonomy":"product_tag","embeddable":true,"href":"https:\/\/glareone.eu\/de\/wp-json\/wp\/v2\/product_tag?post=16051"}],"curies":[{"name":"wp","href":"https:\/\/api.w.org\/{rel}","templated":true}]}}