{"id":15970,"date":"2025-04-14T13:39:50","date_gmt":"2025-04-14T13:39:50","guid":{"rendered":"https:\/\/glareone.eu\/product\/glareone-hak-do-wieszania-rolek-na-tlo-kartonowe-pojedynczy\/"},"modified":"2025-04-14T13:41:37","modified_gmt":"2025-04-14T13:41:37","slug":"glareone-single-side-hook-set-for-background-rollers-with-baby-pin-socket-5-8-16mm","status":"publish","type":"product","link":"https:\/\/glareone.eu\/de\/product\/glareone-single-side-hook-set-for-background-rollers-with-baby-pin-socket-5-8-16mm\/","title":{"rendered":"GlareOne Single-side Hook Set for Background Rollers with Baby Pin socket (5\/8&#8242;; 16mm)"},"content":{"rendered":"<p><span style=\"font-weight: 400;\">Halterungen f\u00fcr einen Hintergrund, montiert auf einer 5\/8-Zoll-Studiostativspindel.<\/span><span style=\"font-weight: 400;\"><br \/>\n<\/span><span style=\"font-weight: 400;\">Entwickelt f\u00fcr Hintergr\u00fcnde, die auf Karton- oder Aluminiumh\u00fcllen mit einem Durchmesser von 4,5 cm bis 6,5 cm gewickelt sind.<\/span><\/p>\n<h3><b>Eigenschaften des einseitigen Hakensatzes f\u00fcr Hintergrundroller mit Baby Pin-Buchse:<\/b><\/h3>\n<ul>\n<li style=\"font-weight: 400;\" aria-level=\"1\"><span style=\"font-weight: 400;\">kann mit jeder Hintergrundbreite verwendet werden \u2013 die Platzierung auf St\u00e4ndern schr\u00e4nkt die Hintergrundbreite nicht ein,<\/span><\/li>\n<li style=\"font-weight: 400;\" aria-level=\"1\"><span style=\"font-weight: 400;\">schnelle und einfache Montage auf einem St\u00e4nder\u00a0\u00a0<\/span><\/li>\n<li style=\"font-weight: 400;\" aria-level=\"1\"><span style=\"font-weight: 400;\">Passt mit einer Standardmontage auf einem 5\/8-Zoll-St\u00e4nderstift.<\/span><\/li>\n<\/ul>\n<p><b>Hinweis<\/b><span style=\"font-weight: 400;\">: Das Set enth\u00e4lt nur Haken. Um den Hintergrund zu montieren, ben\u00f6tigen Sie ein GlareOne-Hintergrundunterst\u00fctzungssystem.<\/span><\/p>\n","protected":false},"excerpt":{"rendered":"<p>Halterungen f\u00fcr einen Hintergrund, montiert auf einer 5\/8-Zoll-Studiostativspindel. Entwickelt f\u00fcr Hintergr\u00fcnde, die auf Karton- oder Aluminiumh\u00fcllen mit einem Durchmesser von 4,5 cm bis 6,5 cm gewickelt sind. Eigenschaften des einseitigen Hakensatzes f\u00fcr Hintergrundroller mit Baby Pin-Buchse: kann mit jeder Hintergrundbreite verwendet werden \u2013 die Platzierung auf St\u00e4ndern schr\u00e4nkt die Hintergrundbreite nicht ein, schnelle und einfache [&hellip;]<\/p>\n","protected":false},"featured_media":15962,"template":"","meta":[],"product_brand":[],"product_cat":[445],"product_tag":[],"class_list":{"0":"post-15970","1":"product","2":"type-product","3":"status-publish","4":"has-post-thumbnail","6":"product_cat-zubehor-de","8":"first","9":"instock","10":"shipping-taxable","11":"product-type-simple"},"yoast_head":"<!-- This site is optimized with the Yoast SEO plugin v27.2 - https:\/\/yoast.com\/product\/yoast-seo-wordpress\/ -->\n<title>GlareOne Single-side Hook Set for Background Rollers with Baby Pin socket (5\/8&#039;; 16mm) - GlareOne<\/title>\n<meta name=\"robots\" content=\"index, follow, max-snippet:-1, max-image-preview:large, max-video-preview:-1\" \/>\n<link rel=\"canonical\" href=\"https:\/\/glareone.eu\/de\/product\/glareone-single-side-hook-set-for-background-rollers-with-baby-pin-socket-5-8-16mm\/\" \/>\n<meta property=\"og:locale\" content=\"de_DE\" \/>\n<meta property=\"og:type\" content=\"article\" \/>\n<meta property=\"og:title\" content=\"GlareOne Single-side Hook Set for Background Rollers with Baby Pin socket (5\/8&#039;; 16mm) - GlareOne\" \/>\n<meta property=\"og:description\" content=\"Halterungen f\u00fcr einen Hintergrund, montiert auf einer 5\/8-Zoll-Studiostativspindel. Entwickelt f\u00fcr Hintergr\u00fcnde, die auf Karton- oder Aluminiumh\u00fcllen mit einem Durchmesser von 4,5 cm bis 6,5 cm gewickelt sind. Eigenschaften des einseitigen Hakensatzes f\u00fcr Hintergrundroller mit Baby Pin-Buchse: kann mit jeder Hintergrundbreite verwendet werden \u2013 die Platzierung auf St\u00e4ndern schr\u00e4nkt die Hintergrundbreite nicht ein, schnelle und einfache [&hellip;]\" \/>\n<meta property=\"og:url\" content=\"https:\/\/glareone.eu\/de\/product\/glareone-single-side-hook-set-for-background-rollers-with-baby-pin-socket-5-8-16mm\/\" \/>\n<meta property=\"og:site_name\" content=\"GlareOne\" \/>\n<meta property=\"article:publisher\" content=\"https:\/\/www.facebook.com\/GlareOneLighting\" \/>\n<meta property=\"article:modified_time\" content=\"2025-04-14T13:41:37+00:00\" \/>\n<meta property=\"og:image\" content=\"https:\/\/glareone.eu\/wp-content\/uploads\/2025\/04\/SSHBRBP_01.jpg\" \/>\n\t<meta property=\"og:image:width\" content=\"1200\" \/>\n\t<meta property=\"og:image:height\" content=\"1200\" \/>\n\t<meta property=\"og:image:type\" content=\"image\/jpeg\" \/>\n<meta name=\"twitter:card\" content=\"summary_large_image\" \/>\n<meta name=\"twitter:label1\" content=\"Gesch\u00e4tzte Lesezeit\" \/>\n\t<meta name=\"twitter:data1\" content=\"1\u00a0Minute\" \/>\n<script type=\"application\/ld+json\" class=\"yoast-schema-graph\">{\"@context\":\"https:\/\/schema.org\",\"@graph\":[{\"@type\":\"WebPage\",\"@id\":\"https:\/\/glareone.eu\/de\/product\/glareone-single-side-hook-set-for-background-rollers-with-baby-pin-socket-5-8-16mm\/\",\"url\":\"https:\/\/glareone.eu\/de\/product\/glareone-single-side-hook-set-for-background-rollers-with-baby-pin-socket-5-8-16mm\/\",\"name\":\"GlareOne Single-side Hook Set for Background Rollers with Baby Pin socket (5\/8'; 16mm) - GlareOne\",\"isPartOf\":{\"@id\":\"https:\/\/glareone.eu\/de\/en\/#website\"},\"primaryImageOfPage\":{\"@id\":\"https:\/\/glareone.eu\/de\/product\/glareone-single-side-hook-set-for-background-rollers-with-baby-pin-socket-5-8-16mm\/#primaryimage\"},\"image\":{\"@id\":\"https:\/\/glareone.eu\/de\/product\/glareone-single-side-hook-set-for-background-rollers-with-baby-pin-socket-5-8-16mm\/#primaryimage\"},\"thumbnailUrl\":\"https:\/\/glareone.eu\/wp-content\/uploads\/2025\/04\/SSHBRBP_01.jpg\",\"datePublished\":\"2025-04-14T13:39:50+00:00\",\"dateModified\":\"2025-04-14T13:41:37+00:00\",\"breadcrumb\":{\"@id\":\"https:\/\/glareone.eu\/de\/product\/glareone-single-side-hook-set-for-background-rollers-with-baby-pin-socket-5-8-16mm\/#breadcrumb\"},\"inLanguage\":\"de\",\"potentialAction\":[{\"@type\":\"ReadAction\",\"target\":[\"https:\/\/glareone.eu\/de\/product\/glareone-single-side-hook-set-for-background-rollers-with-baby-pin-socket-5-8-16mm\/\"]}]},{\"@type\":\"ImageObject\",\"inLanguage\":\"de\",\"@id\":\"https:\/\/glareone.eu\/de\/product\/glareone-single-side-hook-set-for-background-rollers-with-baby-pin-socket-5-8-16mm\/#primaryimage\",\"url\":\"https:\/\/glareone.eu\/wp-content\/uploads\/2025\/04\/SSHBRBP_01.jpg\",\"contentUrl\":\"https:\/\/glareone.eu\/wp-content\/uploads\/2025\/04\/SSHBRBP_01.jpg\",\"width\":1200,\"height\":1200},{\"@type\":\"BreadcrumbList\",\"@id\":\"https:\/\/glareone.eu\/de\/product\/glareone-single-side-hook-set-for-background-rollers-with-baby-pin-socket-5-8-16mm\/#breadcrumb\",\"itemListElement\":[{\"@type\":\"ListItem\",\"position\":1,\"name\":\"Strona g\u0142\u00f3wna\",\"item\":\"https:\/\/glareone.eu\/de\/\"},{\"@type\":\"ListItem\",\"position\":2,\"name\":\"Alle Produkte\",\"item\":\"https:\/\/glareone.eu\/de\/produkte\/alle-produkte\/\"},{\"@type\":\"ListItem\",\"position\":3,\"name\":\"GlareOne Single-side Hook Set for Background Rollers with Baby Pin socket (5\/8&#8242;; 16mm)\"}]},{\"@type\":\"WebSite\",\"@id\":\"https:\/\/glareone.eu\/de\/en\/#website\",\"url\":\"https:\/\/glareone.eu\/de\/en\/\",\"name\":\"GlareOne\",\"description\":\"Wyposa\u017cenie Studia\",\"publisher\":{\"@id\":\"https:\/\/glareone.eu\/de\/en\/#organization\"},\"potentialAction\":[{\"@type\":\"SearchAction\",\"target\":{\"@type\":\"EntryPoint\",\"urlTemplate\":\"https:\/\/glareone.eu\/de\/en\/?s={search_term_string}\"},\"query-input\":{\"@type\":\"PropertyValueSpecification\",\"valueRequired\":true,\"valueName\":\"search_term_string\"}}],\"inLanguage\":\"de\"},{\"@type\":\"Organization\",\"@id\":\"https:\/\/glareone.eu\/de\/en\/#organization\",\"name\":\"GlareOne\",\"url\":\"https:\/\/glareone.eu\/de\/en\/\",\"logo\":{\"@type\":\"ImageObject\",\"inLanguage\":\"de\",\"@id\":\"https:\/\/glareone.eu\/de\/en\/#\/schema\/logo\/image\/\",\"url\":\"http:\/\/glareone.eu\/wp-content\/uploads\/2024\/05\/glareone_logo2020_RGB-01-e1715773127189.png\",\"contentUrl\":\"http:\/\/glareone.eu\/wp-content\/uploads\/2024\/05\/glareone_logo2020_RGB-01-e1715773127189.png\",\"width\":1270,\"height\":321,\"caption\":\"GlareOne\"},\"image\":{\"@id\":\"https:\/\/glareone.eu\/de\/en\/#\/schema\/logo\/image\/\"},\"sameAs\":[\"https:\/\/www.facebook.com\/GlareOneLighting\",\"https:\/\/www.instagram.com\/glareonelighting\/\",\"https:\/\/www.youtube.com\/@GlareOneTV\"]}]}<\/script>\n<!-- \/ Yoast SEO plugin. -->","yoast_head_json":{"title":"GlareOne Single-side Hook Set for Background Rollers with Baby Pin socket (5\/8'; 16mm) - GlareOne","robots":{"index":"index","follow":"follow","max-snippet":"max-snippet:-1","max-image-preview":"max-image-preview:large","max-video-preview":"max-video-preview:-1"},"canonical":"https:\/\/glareone.eu\/de\/product\/glareone-single-side-hook-set-for-background-rollers-with-baby-pin-socket-5-8-16mm\/","og_locale":"de_DE","og_type":"article","og_title":"GlareOne Single-side Hook Set for Background Rollers with Baby Pin socket (5\/8'; 16mm) - GlareOne","og_description":"Halterungen f\u00fcr einen Hintergrund, montiert auf einer 5\/8-Zoll-Studiostativspindel. Entwickelt f\u00fcr Hintergr\u00fcnde, die auf Karton- oder Aluminiumh\u00fcllen mit einem Durchmesser von 4,5 cm bis 6,5 cm gewickelt sind. Eigenschaften des einseitigen Hakensatzes f\u00fcr Hintergrundroller mit Baby Pin-Buchse: kann mit jeder Hintergrundbreite verwendet werden \u2013 die Platzierung auf St\u00e4ndern schr\u00e4nkt die Hintergrundbreite nicht ein, schnelle und einfache [&hellip;]","og_url":"https:\/\/glareone.eu\/de\/product\/glareone-single-side-hook-set-for-background-rollers-with-baby-pin-socket-5-8-16mm\/","og_site_name":"GlareOne","article_publisher":"https:\/\/www.facebook.com\/GlareOneLighting","article_modified_time":"2025-04-14T13:41:37+00:00","og_image":[{"width":1200,"height":1200,"url":"https:\/\/glareone.eu\/wp-content\/uploads\/2025\/04\/SSHBRBP_01.jpg","type":"image\/jpeg"}],"twitter_card":"summary_large_image","twitter_misc":{"Gesch\u00e4tzte Lesezeit":"1\u00a0Minute"},"schema":{"@context":"https:\/\/schema.org","@graph":[{"@type":"WebPage","@id":"https:\/\/glareone.eu\/de\/product\/glareone-single-side-hook-set-for-background-rollers-with-baby-pin-socket-5-8-16mm\/","url":"https:\/\/glareone.eu\/de\/product\/glareone-single-side-hook-set-for-background-rollers-with-baby-pin-socket-5-8-16mm\/","name":"GlareOne Single-side Hook Set for Background Rollers with Baby Pin socket (5\/8'; 16mm) - GlareOne","isPartOf":{"@id":"https:\/\/glareone.eu\/de\/en\/#website"},"primaryImageOfPage":{"@id":"https:\/\/glareone.eu\/de\/product\/glareone-single-side-hook-set-for-background-rollers-with-baby-pin-socket-5-8-16mm\/#primaryimage"},"image":{"@id":"https:\/\/glareone.eu\/de\/product\/glareone-single-side-hook-set-for-background-rollers-with-baby-pin-socket-5-8-16mm\/#primaryimage"},"thumbnailUrl":"https:\/\/glareone.eu\/wp-content\/uploads\/2025\/04\/SSHBRBP_01.jpg","datePublished":"2025-04-14T13:39:50+00:00","dateModified":"2025-04-14T13:41:37+00:00","breadcrumb":{"@id":"https:\/\/glareone.eu\/de\/product\/glareone-single-side-hook-set-for-background-rollers-with-baby-pin-socket-5-8-16mm\/#breadcrumb"},"inLanguage":"de","potentialAction":[{"@type":"ReadAction","target":["https:\/\/glareone.eu\/de\/product\/glareone-single-side-hook-set-for-background-rollers-with-baby-pin-socket-5-8-16mm\/"]}]},{"@type":"ImageObject","inLanguage":"de","@id":"https:\/\/glareone.eu\/de\/product\/glareone-single-side-hook-set-for-background-rollers-with-baby-pin-socket-5-8-16mm\/#primaryimage","url":"https:\/\/glareone.eu\/wp-content\/uploads\/2025\/04\/SSHBRBP_01.jpg","contentUrl":"https:\/\/glareone.eu\/wp-content\/uploads\/2025\/04\/SSHBRBP_01.jpg","width":1200,"height":1200},{"@type":"BreadcrumbList","@id":"https:\/\/glareone.eu\/de\/product\/glareone-single-side-hook-set-for-background-rollers-with-baby-pin-socket-5-8-16mm\/#breadcrumb","itemListElement":[{"@type":"ListItem","position":1,"name":"Strona g\u0142\u00f3wna","item":"https:\/\/glareone.eu\/de\/"},{"@type":"ListItem","position":2,"name":"Alle Produkte","item":"https:\/\/glareone.eu\/de\/produkte\/alle-produkte\/"},{"@type":"ListItem","position":3,"name":"GlareOne Single-side Hook Set for Background Rollers with Baby Pin socket (5\/8&#8242;; 16mm)"}]},{"@type":"WebSite","@id":"https:\/\/glareone.eu\/de\/en\/#website","url":"https:\/\/glareone.eu\/de\/en\/","name":"GlareOne","description":"Wyposa\u017cenie Studia","publisher":{"@id":"https:\/\/glareone.eu\/de\/en\/#organization"},"potentialAction":[{"@type":"SearchAction","target":{"@type":"EntryPoint","urlTemplate":"https:\/\/glareone.eu\/de\/en\/?s={search_term_string}"},"query-input":{"@type":"PropertyValueSpecification","valueRequired":true,"valueName":"search_term_string"}}],"inLanguage":"de"},{"@type":"Organization","@id":"https:\/\/glareone.eu\/de\/en\/#organization","name":"GlareOne","url":"https:\/\/glareone.eu\/de\/en\/","logo":{"@type":"ImageObject","inLanguage":"de","@id":"https:\/\/glareone.eu\/de\/en\/#\/schema\/logo\/image\/","url":"http:\/\/glareone.eu\/wp-content\/uploads\/2024\/05\/glareone_logo2020_RGB-01-e1715773127189.png","contentUrl":"http:\/\/glareone.eu\/wp-content\/uploads\/2024\/05\/glareone_logo2020_RGB-01-e1715773127189.png","width":1270,"height":321,"caption":"GlareOne"},"image":{"@id":"https:\/\/glareone.eu\/de\/en\/#\/schema\/logo\/image\/"},"sameAs":["https:\/\/www.facebook.com\/GlareOneLighting","https:\/\/www.instagram.com\/glareonelighting\/","https:\/\/www.youtube.com\/@GlareOneTV"]}]}},"_links":{"self":[{"href":"https:\/\/glareone.eu\/de\/wp-json\/wp\/v2\/product\/15970","targetHints":{"allow":["GET"]}}],"collection":[{"href":"https:\/\/glareone.eu\/de\/wp-json\/wp\/v2\/product"}],"about":[{"href":"https:\/\/glareone.eu\/de\/wp-json\/wp\/v2\/types\/product"}],"wp:featuredmedia":[{"embeddable":true,"href":"https:\/\/glareone.eu\/de\/wp-json\/wp\/v2\/media\/15962"}],"wp:attachment":[{"href":"https:\/\/glareone.eu\/de\/wp-json\/wp\/v2\/media?parent=15970"}],"wp:term":[{"taxonomy":"product_brand","embeddable":true,"href":"https:\/\/glareone.eu\/de\/wp-json\/wp\/v2\/product_brand?post=15970"},{"taxonomy":"product_cat","embeddable":true,"href":"https:\/\/glareone.eu\/de\/wp-json\/wp\/v2\/product_cat?post=15970"},{"taxonomy":"product_tag","embeddable":true,"href":"https:\/\/glareone.eu\/de\/wp-json\/wp\/v2\/product_tag?post=15970"}],"curies":[{"name":"wp","href":"https:\/\/api.w.org\/{rel}","templated":true}]}}