{"id":15906,"date":"2025-04-14T13:23:48","date_gmt":"2025-04-14T13:23:48","guid":{"rendered":"https:\/\/glareone.eu\/product\/glareone-obiektyw-20-do-spotlight-pro\/"},"modified":"2025-04-14T13:26:19","modified_gmt":"2025-04-14T13:26:19","slug":"glareone-spotlight-pro-20-lens","status":"publish","type":"product","link":"https:\/\/glareone.eu\/de\/product\/glareone-spotlight-pro-20-lens\/","title":{"rendered":"GlareOne Spotlight PRO 20\u00b0 lens"},"content":{"rendered":"<p><span style=\"font-weight: 400;\">20\u00b0-Objektiv f\u00fcr den GlareOne Spotlight PRO\u00a0<\/span><\/p>\n<p><span style=\"font-weight: 400;\">Das Spotlight PRO-Objektiv bietet hohe Helligkeit und Lichtdurchl\u00e4ssigkeit. Es b\u00fcndelt das von der Lampe abgegebene Licht und erh\u00f6ht seine Intensit\u00e4t um fast das Zehnfache, was einen \u00e4u\u00dferst kraftvollen Strahl mit scharf definierten Kanten erm\u00f6glicht. Bei Verwendung mit Shuttern und Gobos bietet es umfassende Kontrolle dar\u00fcber, wie und wo das Licht einf\u00e4llt.<\/span><\/p>\n<p><span style=\"font-weight: 400;\">Das Spotlight PRO-Objektiv ist optimiert, um chromatische Aberration zu minimieren und m\u00f6gliche Farbverzerrungen zu vermeiden. Der minimale Fokussierabstand betr\u00e4gt 120 cm und eignet sich daher perfekt f\u00fcr Portr\u00e4t- und Modefotografie sowie Produktfotografie. Das vordere Geh\u00e4use des Objektivs verf\u00fcgt \u00fcber eine Backenklemme, die die Befestigung des mitgelieferten Farbfilterhalters erm\u00f6glicht.<\/span><\/p>\n<h3><b>Produktmerkmale:<\/b><\/h3>\n<ul>\n<li style=\"font-weight: 400;\" aria-level=\"1\"><span style=\"font-weight: 400;\">Hochwertiges Objektiv mit hoher Blende f\/1,8.<\/span><\/li>\n<li style=\"font-weight: 400;\" aria-level=\"1\"><span style=\"font-weight: 400;\">Minimaler Fokussierabstand von nur 120 cm.<\/span><\/li>\n<\/ul>\n","protected":false},"excerpt":{"rendered":"<p>20\u00b0-Objektiv f\u00fcr den GlareOne Spotlight PRO\u00a0 Das Spotlight PRO-Objektiv bietet hohe Helligkeit und Lichtdurchl\u00e4ssigkeit. Es b\u00fcndelt das von der Lampe abgegebene Licht und erh\u00f6ht seine Intensit\u00e4t um fast das Zehnfache, was einen \u00e4u\u00dferst kraftvollen Strahl mit scharf definierten Kanten erm\u00f6glicht. Bei Verwendung mit Shuttern und Gobos bietet es umfassende Kontrolle dar\u00fcber, wie und wo das [&hellip;]<\/p>\n","protected":false},"featured_media":15886,"template":"","meta":[],"product_brand":[],"product_cat":[394],"product_tag":[],"class_list":{"0":"post-15906","1":"product","2":"type-product","3":"status-publish","4":"has-post-thumbnail","6":"product_cat-spotlight-pro-de","8":"first","9":"instock","10":"shipping-taxable","11":"product-type-simple"},"yoast_head":"<!-- This site is optimized with the Yoast SEO plugin v27.2 - https:\/\/yoast.com\/product\/yoast-seo-wordpress\/ -->\n<title>GlareOne Spotlight PRO 20\u00b0 lens - GlareOne<\/title>\n<meta name=\"robots\" content=\"index, follow, max-snippet:-1, max-image-preview:large, max-video-preview:-1\" \/>\n<link rel=\"canonical\" href=\"https:\/\/glareone.eu\/de\/product\/glareone-spotlight-pro-20-lens\/\" \/>\n<meta property=\"og:locale\" content=\"de_DE\" \/>\n<meta property=\"og:type\" content=\"article\" \/>\n<meta property=\"og:title\" content=\"GlareOne Spotlight PRO 20\u00b0 lens - GlareOne\" \/>\n<meta property=\"og:description\" content=\"20\u00b0-Objektiv f\u00fcr den GlareOne Spotlight PRO\u00a0 Das Spotlight PRO-Objektiv bietet hohe Helligkeit und Lichtdurchl\u00e4ssigkeit. Es b\u00fcndelt das von der Lampe abgegebene Licht und erh\u00f6ht seine Intensit\u00e4t um fast das Zehnfache, was einen \u00e4u\u00dferst kraftvollen Strahl mit scharf definierten Kanten erm\u00f6glicht. Bei Verwendung mit Shuttern und Gobos bietet es umfassende Kontrolle dar\u00fcber, wie und wo das [&hellip;]\" \/>\n<meta property=\"og:url\" content=\"https:\/\/glareone.eu\/de\/product\/glareone-spotlight-pro-20-lens\/\" \/>\n<meta property=\"og:site_name\" content=\"GlareOne\" \/>\n<meta property=\"article:publisher\" content=\"https:\/\/www.facebook.com\/GlareOneLighting\" \/>\n<meta property=\"article:modified_time\" content=\"2025-04-14T13:26:19+00:00\" \/>\n<meta property=\"og:image\" content=\"https:\/\/glareone.eu\/wp-content\/uploads\/2025\/04\/SSPOTLIGHTPRO20L_04.jpg\" \/>\n\t<meta property=\"og:image:width\" content=\"1200\" \/>\n\t<meta property=\"og:image:height\" content=\"1200\" \/>\n\t<meta property=\"og:image:type\" content=\"image\/jpeg\" \/>\n<meta name=\"twitter:card\" content=\"summary_large_image\" \/>\n<meta name=\"twitter:label1\" content=\"Gesch\u00e4tzte Lesezeit\" \/>\n\t<meta name=\"twitter:data1\" content=\"1\u00a0Minute\" \/>\n<script type=\"application\/ld+json\" class=\"yoast-schema-graph\">{\"@context\":\"https:\/\/schema.org\",\"@graph\":[{\"@type\":\"WebPage\",\"@id\":\"https:\/\/glareone.eu\/de\/product\/glareone-spotlight-pro-20-lens\/\",\"url\":\"https:\/\/glareone.eu\/de\/product\/glareone-spotlight-pro-20-lens\/\",\"name\":\"GlareOne Spotlight PRO 20\u00b0 lens - GlareOne\",\"isPartOf\":{\"@id\":\"https:\/\/glareone.eu\/de\/en\/#website\"},\"primaryImageOfPage\":{\"@id\":\"https:\/\/glareone.eu\/de\/product\/glareone-spotlight-pro-20-lens\/#primaryimage\"},\"image\":{\"@id\":\"https:\/\/glareone.eu\/de\/product\/glareone-spotlight-pro-20-lens\/#primaryimage\"},\"thumbnailUrl\":\"https:\/\/glareone.eu\/wp-content\/uploads\/2025\/04\/SSPOTLIGHTPRO20L_04.jpg\",\"datePublished\":\"2025-04-14T13:23:48+00:00\",\"dateModified\":\"2025-04-14T13:26:19+00:00\",\"breadcrumb\":{\"@id\":\"https:\/\/glareone.eu\/de\/product\/glareone-spotlight-pro-20-lens\/#breadcrumb\"},\"inLanguage\":\"de\",\"potentialAction\":[{\"@type\":\"ReadAction\",\"target\":[\"https:\/\/glareone.eu\/de\/product\/glareone-spotlight-pro-20-lens\/\"]}]},{\"@type\":\"ImageObject\",\"inLanguage\":\"de\",\"@id\":\"https:\/\/glareone.eu\/de\/product\/glareone-spotlight-pro-20-lens\/#primaryimage\",\"url\":\"https:\/\/glareone.eu\/wp-content\/uploads\/2025\/04\/SSPOTLIGHTPRO20L_04.jpg\",\"contentUrl\":\"https:\/\/glareone.eu\/wp-content\/uploads\/2025\/04\/SSPOTLIGHTPRO20L_04.jpg\",\"width\":1200,\"height\":1200},{\"@type\":\"BreadcrumbList\",\"@id\":\"https:\/\/glareone.eu\/de\/product\/glareone-spotlight-pro-20-lens\/#breadcrumb\",\"itemListElement\":[{\"@type\":\"ListItem\",\"position\":1,\"name\":\"Strona g\u0142\u00f3wna\",\"item\":\"https:\/\/glareone.eu\/de\/\"},{\"@type\":\"ListItem\",\"position\":2,\"name\":\"Alle Produkte\",\"item\":\"https:\/\/glareone.eu\/de\/produkte\/alle-produkte\/\"},{\"@type\":\"ListItem\",\"position\":3,\"name\":\"GlareOne Spotlight PRO 20\u00b0 lens\"}]},{\"@type\":\"WebSite\",\"@id\":\"https:\/\/glareone.eu\/de\/en\/#website\",\"url\":\"https:\/\/glareone.eu\/de\/en\/\",\"name\":\"GlareOne\",\"description\":\"Wyposa\u017cenie Studia\",\"publisher\":{\"@id\":\"https:\/\/glareone.eu\/de\/en\/#organization\"},\"potentialAction\":[{\"@type\":\"SearchAction\",\"target\":{\"@type\":\"EntryPoint\",\"urlTemplate\":\"https:\/\/glareone.eu\/de\/en\/?s={search_term_string}\"},\"query-input\":{\"@type\":\"PropertyValueSpecification\",\"valueRequired\":true,\"valueName\":\"search_term_string\"}}],\"inLanguage\":\"de\"},{\"@type\":\"Organization\",\"@id\":\"https:\/\/glareone.eu\/de\/en\/#organization\",\"name\":\"GlareOne\",\"url\":\"https:\/\/glareone.eu\/de\/en\/\",\"logo\":{\"@type\":\"ImageObject\",\"inLanguage\":\"de\",\"@id\":\"https:\/\/glareone.eu\/de\/en\/#\/schema\/logo\/image\/\",\"url\":\"http:\/\/glareone.eu\/wp-content\/uploads\/2024\/05\/glareone_logo2020_RGB-01-e1715773127189.png\",\"contentUrl\":\"http:\/\/glareone.eu\/wp-content\/uploads\/2024\/05\/glareone_logo2020_RGB-01-e1715773127189.png\",\"width\":1270,\"height\":321,\"caption\":\"GlareOne\"},\"image\":{\"@id\":\"https:\/\/glareone.eu\/de\/en\/#\/schema\/logo\/image\/\"},\"sameAs\":[\"https:\/\/www.facebook.com\/GlareOneLighting\",\"https:\/\/www.instagram.com\/glareonelighting\/\",\"https:\/\/www.youtube.com\/@GlareOneTV\"]}]}<\/script>\n<!-- \/ Yoast SEO plugin. -->","yoast_head_json":{"title":"GlareOne Spotlight PRO 20\u00b0 lens - GlareOne","robots":{"index":"index","follow":"follow","max-snippet":"max-snippet:-1","max-image-preview":"max-image-preview:large","max-video-preview":"max-video-preview:-1"},"canonical":"https:\/\/glareone.eu\/de\/product\/glareone-spotlight-pro-20-lens\/","og_locale":"de_DE","og_type":"article","og_title":"GlareOne Spotlight PRO 20\u00b0 lens - GlareOne","og_description":"20\u00b0-Objektiv f\u00fcr den GlareOne Spotlight PRO\u00a0 Das Spotlight PRO-Objektiv bietet hohe Helligkeit und Lichtdurchl\u00e4ssigkeit. Es b\u00fcndelt das von der Lampe abgegebene Licht und erh\u00f6ht seine Intensit\u00e4t um fast das Zehnfache, was einen \u00e4u\u00dferst kraftvollen Strahl mit scharf definierten Kanten erm\u00f6glicht. Bei Verwendung mit Shuttern und Gobos bietet es umfassende Kontrolle dar\u00fcber, wie und wo das [&hellip;]","og_url":"https:\/\/glareone.eu\/de\/product\/glareone-spotlight-pro-20-lens\/","og_site_name":"GlareOne","article_publisher":"https:\/\/www.facebook.com\/GlareOneLighting","article_modified_time":"2025-04-14T13:26:19+00:00","og_image":[{"width":1200,"height":1200,"url":"https:\/\/glareone.eu\/wp-content\/uploads\/2025\/04\/SSPOTLIGHTPRO20L_04.jpg","type":"image\/jpeg"}],"twitter_card":"summary_large_image","twitter_misc":{"Gesch\u00e4tzte Lesezeit":"1\u00a0Minute"},"schema":{"@context":"https:\/\/schema.org","@graph":[{"@type":"WebPage","@id":"https:\/\/glareone.eu\/de\/product\/glareone-spotlight-pro-20-lens\/","url":"https:\/\/glareone.eu\/de\/product\/glareone-spotlight-pro-20-lens\/","name":"GlareOne Spotlight PRO 20\u00b0 lens - GlareOne","isPartOf":{"@id":"https:\/\/glareone.eu\/de\/en\/#website"},"primaryImageOfPage":{"@id":"https:\/\/glareone.eu\/de\/product\/glareone-spotlight-pro-20-lens\/#primaryimage"},"image":{"@id":"https:\/\/glareone.eu\/de\/product\/glareone-spotlight-pro-20-lens\/#primaryimage"},"thumbnailUrl":"https:\/\/glareone.eu\/wp-content\/uploads\/2025\/04\/SSPOTLIGHTPRO20L_04.jpg","datePublished":"2025-04-14T13:23:48+00:00","dateModified":"2025-04-14T13:26:19+00:00","breadcrumb":{"@id":"https:\/\/glareone.eu\/de\/product\/glareone-spotlight-pro-20-lens\/#breadcrumb"},"inLanguage":"de","potentialAction":[{"@type":"ReadAction","target":["https:\/\/glareone.eu\/de\/product\/glareone-spotlight-pro-20-lens\/"]}]},{"@type":"ImageObject","inLanguage":"de","@id":"https:\/\/glareone.eu\/de\/product\/glareone-spotlight-pro-20-lens\/#primaryimage","url":"https:\/\/glareone.eu\/wp-content\/uploads\/2025\/04\/SSPOTLIGHTPRO20L_04.jpg","contentUrl":"https:\/\/glareone.eu\/wp-content\/uploads\/2025\/04\/SSPOTLIGHTPRO20L_04.jpg","width":1200,"height":1200},{"@type":"BreadcrumbList","@id":"https:\/\/glareone.eu\/de\/product\/glareone-spotlight-pro-20-lens\/#breadcrumb","itemListElement":[{"@type":"ListItem","position":1,"name":"Strona g\u0142\u00f3wna","item":"https:\/\/glareone.eu\/de\/"},{"@type":"ListItem","position":2,"name":"Alle Produkte","item":"https:\/\/glareone.eu\/de\/produkte\/alle-produkte\/"},{"@type":"ListItem","position":3,"name":"GlareOne Spotlight PRO 20\u00b0 lens"}]},{"@type":"WebSite","@id":"https:\/\/glareone.eu\/de\/en\/#website","url":"https:\/\/glareone.eu\/de\/en\/","name":"GlareOne","description":"Wyposa\u017cenie Studia","publisher":{"@id":"https:\/\/glareone.eu\/de\/en\/#organization"},"potentialAction":[{"@type":"SearchAction","target":{"@type":"EntryPoint","urlTemplate":"https:\/\/glareone.eu\/de\/en\/?s={search_term_string}"},"query-input":{"@type":"PropertyValueSpecification","valueRequired":true,"valueName":"search_term_string"}}],"inLanguage":"de"},{"@type":"Organization","@id":"https:\/\/glareone.eu\/de\/en\/#organization","name":"GlareOne","url":"https:\/\/glareone.eu\/de\/en\/","logo":{"@type":"ImageObject","inLanguage":"de","@id":"https:\/\/glareone.eu\/de\/en\/#\/schema\/logo\/image\/","url":"http:\/\/glareone.eu\/wp-content\/uploads\/2024\/05\/glareone_logo2020_RGB-01-e1715773127189.png","contentUrl":"http:\/\/glareone.eu\/wp-content\/uploads\/2024\/05\/glareone_logo2020_RGB-01-e1715773127189.png","width":1270,"height":321,"caption":"GlareOne"},"image":{"@id":"https:\/\/glareone.eu\/de\/en\/#\/schema\/logo\/image\/"},"sameAs":["https:\/\/www.facebook.com\/GlareOneLighting","https:\/\/www.instagram.com\/glareonelighting\/","https:\/\/www.youtube.com\/@GlareOneTV"]}]}},"_links":{"self":[{"href":"https:\/\/glareone.eu\/de\/wp-json\/wp\/v2\/product\/15906","targetHints":{"allow":["GET"]}}],"collection":[{"href":"https:\/\/glareone.eu\/de\/wp-json\/wp\/v2\/product"}],"about":[{"href":"https:\/\/glareone.eu\/de\/wp-json\/wp\/v2\/types\/product"}],"wp:featuredmedia":[{"embeddable":true,"href":"https:\/\/glareone.eu\/de\/wp-json\/wp\/v2\/media\/15886"}],"wp:attachment":[{"href":"https:\/\/glareone.eu\/de\/wp-json\/wp\/v2\/media?parent=15906"}],"wp:term":[{"taxonomy":"product_brand","embeddable":true,"href":"https:\/\/glareone.eu\/de\/wp-json\/wp\/v2\/product_brand?post=15906"},{"taxonomy":"product_cat","embeddable":true,"href":"https:\/\/glareone.eu\/de\/wp-json\/wp\/v2\/product_cat?post=15906"},{"taxonomy":"product_tag","embeddable":true,"href":"https:\/\/glareone.eu\/de\/wp-json\/wp\/v2\/product_tag?post=15906"}],"curies":[{"name":"wp","href":"https:\/\/api.w.org\/{rel}","templated":true}]}}