{"id":15836,"date":"2025-04-14T12:38:49","date_gmt":"2025-04-14T12:38:49","guid":{"rendered":"https:\/\/glareone.eu\/product\/glareone-bagnet-elinchrom-do-softboxow-pro-129-mm\/"},"modified":"2025-04-14T12:41:05","modified_gmt":"2025-04-14T12:41:05","slug":"glareone-softbox-pro-elinchrom-bayonet-129-mm","status":"publish","type":"product","link":"https:\/\/glareone.eu\/de\/product\/glareone-softbox-pro-elinchrom-bayonet-129-mm\/","title":{"rendered":"GlareOne SOFTBOX PRO &#8211; Elinchrom bayonet 129 mm"},"content":{"rendered":"<p><span style=\"font-weight: 400;\">Montagebajonett mit einem Durchmesser von 129 mm, das die Verwendung der Softbox PRO mit Elinchrom-Blitzger\u00e4ten erm\u00f6glicht.<\/span><\/p>\n<p><span style=\"font-weight: 400;\">Das Bajonett kann mit anderen Lichtmodifikatoren verwendet werden, solange der Durchmesser des Montagebajonettsockels 129 mm betr\u00e4gt.<\/span><\/p>\n<h3><b>Produktmerkmale:<\/b><\/h3>\n<ul>\n<li style=\"font-weight: 400;\" aria-level=\"1\"><span style=\"font-weight: 400;\">Erm\u00f6glicht die Verwendung der Softbox PRO mit Elinchrom-Leuchten.<\/span><\/li>\n<li style=\"font-weight: 400;\" aria-level=\"1\"><span style=\"font-weight: 400;\">Der Montagedurchmesser betr\u00e4gt 129 mm<\/span><\/li>\n<li style=\"font-weight: 400;\" aria-level=\"1\"><span style=\"font-weight: 400;\">Sie ist aus Aluminium gefertigt<\/span><\/li>\n<\/ul>\n","protected":false},"excerpt":{"rendered":"<p>Montagebajonett mit einem Durchmesser von 129 mm, das die Verwendung der Softbox PRO mit Elinchrom-Blitzger\u00e4ten erm\u00f6glicht. Das Bajonett kann mit anderen Lichtmodifikatoren verwendet werden, solange der Durchmesser des Montagebajonettsockels 129 mm betr\u00e4gt. Produktmerkmale: Erm\u00f6glicht die Verwendung der Softbox PRO mit Elinchrom-Leuchten. Der Montagedurchmesser betr\u00e4gt 129 mm Sie ist aus Aluminium gefertigt<\/p>\n","protected":false},"featured_media":15828,"template":"","meta":[],"product_brand":[],"product_cat":[445],"product_tag":[],"class_list":{"0":"post-15836","1":"product","2":"type-product","3":"status-publish","4":"has-post-thumbnail","6":"product_cat-zubehor-de","8":"first","9":"instock","10":"shipping-taxable","11":"product-type-simple"},"yoast_head":"<!-- This site is optimized with the Yoast SEO plugin v27.2 - https:\/\/yoast.com\/product\/yoast-seo-wordpress\/ -->\n<title>GlareOne SOFTBOX PRO - Elinchrom bayonet 129 mm - GlareOne<\/title>\n<meta name=\"robots\" content=\"index, follow, max-snippet:-1, max-image-preview:large, max-video-preview:-1\" \/>\n<link rel=\"canonical\" href=\"https:\/\/glareone.eu\/de\/product\/glareone-softbox-pro-elinchrom-bayonet-129-mm\/\" \/>\n<meta property=\"og:locale\" content=\"de_DE\" \/>\n<meta property=\"og:type\" content=\"article\" \/>\n<meta property=\"og:title\" content=\"GlareOne SOFTBOX PRO - Elinchrom bayonet 129 mm - GlareOne\" \/>\n<meta property=\"og:description\" content=\"Montagebajonett mit einem Durchmesser von 129 mm, das die Verwendung der Softbox PRO mit Elinchrom-Blitzger\u00e4ten erm\u00f6glicht. Das Bajonett kann mit anderen Lichtmodifikatoren verwendet werden, solange der Durchmesser des Montagebajonettsockels 129 mm betr\u00e4gt. Produktmerkmale: Erm\u00f6glicht die Verwendung der Softbox PRO mit Elinchrom-Leuchten. Der Montagedurchmesser betr\u00e4gt 129 mm Sie ist aus Aluminium gefertigt\" \/>\n<meta property=\"og:url\" content=\"https:\/\/glareone.eu\/de\/product\/glareone-softbox-pro-elinchrom-bayonet-129-mm\/\" \/>\n<meta property=\"og:site_name\" content=\"GlareOne\" \/>\n<meta property=\"article:publisher\" content=\"https:\/\/www.facebook.com\/GlareOneLighting\" \/>\n<meta property=\"article:modified_time\" content=\"2025-04-14T12:41:05+00:00\" \/>\n<meta property=\"og:image\" content=\"https:\/\/glareone.eu\/wp-content\/uploads\/2025\/04\/SHGPROEL_01.jpg\" \/>\n\t<meta property=\"og:image:width\" content=\"1200\" \/>\n\t<meta property=\"og:image:height\" content=\"1200\" \/>\n\t<meta property=\"og:image:type\" content=\"image\/jpeg\" \/>\n<meta name=\"twitter:card\" content=\"summary_large_image\" \/>\n<meta name=\"twitter:label1\" content=\"Gesch\u00e4tzte Lesezeit\" \/>\n\t<meta name=\"twitter:data1\" content=\"1\u00a0Minute\" \/>\n<script type=\"application\/ld+json\" class=\"yoast-schema-graph\">{\"@context\":\"https:\/\/schema.org\",\"@graph\":[{\"@type\":\"WebPage\",\"@id\":\"https:\/\/glareone.eu\/de\/product\/glareone-softbox-pro-elinchrom-bayonet-129-mm\/\",\"url\":\"https:\/\/glareone.eu\/de\/product\/glareone-softbox-pro-elinchrom-bayonet-129-mm\/\",\"name\":\"GlareOne SOFTBOX PRO - Elinchrom bayonet 129 mm - GlareOne\",\"isPartOf\":{\"@id\":\"https:\/\/glareone.eu\/de\/en\/#website\"},\"primaryImageOfPage\":{\"@id\":\"https:\/\/glareone.eu\/de\/product\/glareone-softbox-pro-elinchrom-bayonet-129-mm\/#primaryimage\"},\"image\":{\"@id\":\"https:\/\/glareone.eu\/de\/product\/glareone-softbox-pro-elinchrom-bayonet-129-mm\/#primaryimage\"},\"thumbnailUrl\":\"https:\/\/glareone.eu\/wp-content\/uploads\/2025\/04\/SHGPROEL_01.jpg\",\"datePublished\":\"2025-04-14T12:38:49+00:00\",\"dateModified\":\"2025-04-14T12:41:05+00:00\",\"breadcrumb\":{\"@id\":\"https:\/\/glareone.eu\/de\/product\/glareone-softbox-pro-elinchrom-bayonet-129-mm\/#breadcrumb\"},\"inLanguage\":\"de\",\"potentialAction\":[{\"@type\":\"ReadAction\",\"target\":[\"https:\/\/glareone.eu\/de\/product\/glareone-softbox-pro-elinchrom-bayonet-129-mm\/\"]}]},{\"@type\":\"ImageObject\",\"inLanguage\":\"de\",\"@id\":\"https:\/\/glareone.eu\/de\/product\/glareone-softbox-pro-elinchrom-bayonet-129-mm\/#primaryimage\",\"url\":\"https:\/\/glareone.eu\/wp-content\/uploads\/2025\/04\/SHGPROEL_01.jpg\",\"contentUrl\":\"https:\/\/glareone.eu\/wp-content\/uploads\/2025\/04\/SHGPROEL_01.jpg\",\"width\":1200,\"height\":1200},{\"@type\":\"BreadcrumbList\",\"@id\":\"https:\/\/glareone.eu\/de\/product\/glareone-softbox-pro-elinchrom-bayonet-129-mm\/#breadcrumb\",\"itemListElement\":[{\"@type\":\"ListItem\",\"position\":1,\"name\":\"Strona g\u0142\u00f3wna\",\"item\":\"https:\/\/glareone.eu\/de\/\"},{\"@type\":\"ListItem\",\"position\":2,\"name\":\"Alle Produkte\",\"item\":\"https:\/\/glareone.eu\/de\/produkte\/alle-produkte\/\"},{\"@type\":\"ListItem\",\"position\":3,\"name\":\"GlareOne SOFTBOX PRO &#8211; Elinchrom bayonet 129 mm\"}]},{\"@type\":\"WebSite\",\"@id\":\"https:\/\/glareone.eu\/de\/en\/#website\",\"url\":\"https:\/\/glareone.eu\/de\/en\/\",\"name\":\"GlareOne\",\"description\":\"Wyposa\u017cenie Studia\",\"publisher\":{\"@id\":\"https:\/\/glareone.eu\/de\/en\/#organization\"},\"potentialAction\":[{\"@type\":\"SearchAction\",\"target\":{\"@type\":\"EntryPoint\",\"urlTemplate\":\"https:\/\/glareone.eu\/de\/en\/?s={search_term_string}\"},\"query-input\":{\"@type\":\"PropertyValueSpecification\",\"valueRequired\":true,\"valueName\":\"search_term_string\"}}],\"inLanguage\":\"de\"},{\"@type\":\"Organization\",\"@id\":\"https:\/\/glareone.eu\/de\/en\/#organization\",\"name\":\"GlareOne\",\"url\":\"https:\/\/glareone.eu\/de\/en\/\",\"logo\":{\"@type\":\"ImageObject\",\"inLanguage\":\"de\",\"@id\":\"https:\/\/glareone.eu\/de\/en\/#\/schema\/logo\/image\/\",\"url\":\"http:\/\/glareone.eu\/wp-content\/uploads\/2024\/05\/glareone_logo2020_RGB-01-e1715773127189.png\",\"contentUrl\":\"http:\/\/glareone.eu\/wp-content\/uploads\/2024\/05\/glareone_logo2020_RGB-01-e1715773127189.png\",\"width\":1270,\"height\":321,\"caption\":\"GlareOne\"},\"image\":{\"@id\":\"https:\/\/glareone.eu\/de\/en\/#\/schema\/logo\/image\/\"},\"sameAs\":[\"https:\/\/www.facebook.com\/GlareOneLighting\",\"https:\/\/www.instagram.com\/glareonelighting\/\",\"https:\/\/www.youtube.com\/@GlareOneTV\"]}]}<\/script>\n<!-- \/ Yoast SEO plugin. -->","yoast_head_json":{"title":"GlareOne SOFTBOX PRO - Elinchrom bayonet 129 mm - GlareOne","robots":{"index":"index","follow":"follow","max-snippet":"max-snippet:-1","max-image-preview":"max-image-preview:large","max-video-preview":"max-video-preview:-1"},"canonical":"https:\/\/glareone.eu\/de\/product\/glareone-softbox-pro-elinchrom-bayonet-129-mm\/","og_locale":"de_DE","og_type":"article","og_title":"GlareOne SOFTBOX PRO - Elinchrom bayonet 129 mm - GlareOne","og_description":"Montagebajonett mit einem Durchmesser von 129 mm, das die Verwendung der Softbox PRO mit Elinchrom-Blitzger\u00e4ten erm\u00f6glicht. Das Bajonett kann mit anderen Lichtmodifikatoren verwendet werden, solange der Durchmesser des Montagebajonettsockels 129 mm betr\u00e4gt. Produktmerkmale: Erm\u00f6glicht die Verwendung der Softbox PRO mit Elinchrom-Leuchten. Der Montagedurchmesser betr\u00e4gt 129 mm Sie ist aus Aluminium gefertigt","og_url":"https:\/\/glareone.eu\/de\/product\/glareone-softbox-pro-elinchrom-bayonet-129-mm\/","og_site_name":"GlareOne","article_publisher":"https:\/\/www.facebook.com\/GlareOneLighting","article_modified_time":"2025-04-14T12:41:05+00:00","og_image":[{"width":1200,"height":1200,"url":"https:\/\/glareone.eu\/wp-content\/uploads\/2025\/04\/SHGPROEL_01.jpg","type":"image\/jpeg"}],"twitter_card":"summary_large_image","twitter_misc":{"Gesch\u00e4tzte Lesezeit":"1\u00a0Minute"},"schema":{"@context":"https:\/\/schema.org","@graph":[{"@type":"WebPage","@id":"https:\/\/glareone.eu\/de\/product\/glareone-softbox-pro-elinchrom-bayonet-129-mm\/","url":"https:\/\/glareone.eu\/de\/product\/glareone-softbox-pro-elinchrom-bayonet-129-mm\/","name":"GlareOne SOFTBOX PRO - Elinchrom bayonet 129 mm - GlareOne","isPartOf":{"@id":"https:\/\/glareone.eu\/de\/en\/#website"},"primaryImageOfPage":{"@id":"https:\/\/glareone.eu\/de\/product\/glareone-softbox-pro-elinchrom-bayonet-129-mm\/#primaryimage"},"image":{"@id":"https:\/\/glareone.eu\/de\/product\/glareone-softbox-pro-elinchrom-bayonet-129-mm\/#primaryimage"},"thumbnailUrl":"https:\/\/glareone.eu\/wp-content\/uploads\/2025\/04\/SHGPROEL_01.jpg","datePublished":"2025-04-14T12:38:49+00:00","dateModified":"2025-04-14T12:41:05+00:00","breadcrumb":{"@id":"https:\/\/glareone.eu\/de\/product\/glareone-softbox-pro-elinchrom-bayonet-129-mm\/#breadcrumb"},"inLanguage":"de","potentialAction":[{"@type":"ReadAction","target":["https:\/\/glareone.eu\/de\/product\/glareone-softbox-pro-elinchrom-bayonet-129-mm\/"]}]},{"@type":"ImageObject","inLanguage":"de","@id":"https:\/\/glareone.eu\/de\/product\/glareone-softbox-pro-elinchrom-bayonet-129-mm\/#primaryimage","url":"https:\/\/glareone.eu\/wp-content\/uploads\/2025\/04\/SHGPROEL_01.jpg","contentUrl":"https:\/\/glareone.eu\/wp-content\/uploads\/2025\/04\/SHGPROEL_01.jpg","width":1200,"height":1200},{"@type":"BreadcrumbList","@id":"https:\/\/glareone.eu\/de\/product\/glareone-softbox-pro-elinchrom-bayonet-129-mm\/#breadcrumb","itemListElement":[{"@type":"ListItem","position":1,"name":"Strona g\u0142\u00f3wna","item":"https:\/\/glareone.eu\/de\/"},{"@type":"ListItem","position":2,"name":"Alle Produkte","item":"https:\/\/glareone.eu\/de\/produkte\/alle-produkte\/"},{"@type":"ListItem","position":3,"name":"GlareOne SOFTBOX PRO &#8211; Elinchrom bayonet 129 mm"}]},{"@type":"WebSite","@id":"https:\/\/glareone.eu\/de\/en\/#website","url":"https:\/\/glareone.eu\/de\/en\/","name":"GlareOne","description":"Wyposa\u017cenie Studia","publisher":{"@id":"https:\/\/glareone.eu\/de\/en\/#organization"},"potentialAction":[{"@type":"SearchAction","target":{"@type":"EntryPoint","urlTemplate":"https:\/\/glareone.eu\/de\/en\/?s={search_term_string}"},"query-input":{"@type":"PropertyValueSpecification","valueRequired":true,"valueName":"search_term_string"}}],"inLanguage":"de"},{"@type":"Organization","@id":"https:\/\/glareone.eu\/de\/en\/#organization","name":"GlareOne","url":"https:\/\/glareone.eu\/de\/en\/","logo":{"@type":"ImageObject","inLanguage":"de","@id":"https:\/\/glareone.eu\/de\/en\/#\/schema\/logo\/image\/","url":"http:\/\/glareone.eu\/wp-content\/uploads\/2024\/05\/glareone_logo2020_RGB-01-e1715773127189.png","contentUrl":"http:\/\/glareone.eu\/wp-content\/uploads\/2024\/05\/glareone_logo2020_RGB-01-e1715773127189.png","width":1270,"height":321,"caption":"GlareOne"},"image":{"@id":"https:\/\/glareone.eu\/de\/en\/#\/schema\/logo\/image\/"},"sameAs":["https:\/\/www.facebook.com\/GlareOneLighting","https:\/\/www.instagram.com\/glareonelighting\/","https:\/\/www.youtube.com\/@GlareOneTV"]}]}},"_links":{"self":[{"href":"https:\/\/glareone.eu\/de\/wp-json\/wp\/v2\/product\/15836","targetHints":{"allow":["GET"]}}],"collection":[{"href":"https:\/\/glareone.eu\/de\/wp-json\/wp\/v2\/product"}],"about":[{"href":"https:\/\/glareone.eu\/de\/wp-json\/wp\/v2\/types\/product"}],"wp:featuredmedia":[{"embeddable":true,"href":"https:\/\/glareone.eu\/de\/wp-json\/wp\/v2\/media\/15828"}],"wp:attachment":[{"href":"https:\/\/glareone.eu\/de\/wp-json\/wp\/v2\/media?parent=15836"}],"wp:term":[{"taxonomy":"product_brand","embeddable":true,"href":"https:\/\/glareone.eu\/de\/wp-json\/wp\/v2\/product_brand?post=15836"},{"taxonomy":"product_cat","embeddable":true,"href":"https:\/\/glareone.eu\/de\/wp-json\/wp\/v2\/product_cat?post=15836"},{"taxonomy":"product_tag","embeddable":true,"href":"https:\/\/glareone.eu\/de\/wp-json\/wp\/v2\/product_tag?post=15836"}],"curies":[{"name":"wp","href":"https:\/\/api.w.org\/{rel}","templated":true}]}}