{"id":15759,"date":"2025-04-14T12:12:22","date_gmt":"2025-04-14T12:12:22","guid":{"rendered":"https:\/\/glareone.eu\/?post_type=product&#038;p=15759"},"modified":"2025-04-14T12:19:23","modified_gmt":"2025-04-14T12:19:23","slug":"glareone-led-booster-vario-30-60-reflector","status":"publish","type":"product","link":"https:\/\/glareone.eu\/de\/product\/glareone-led-booster-vario-30-60-reflector\/","title":{"rendered":"GlareOne LED Booster Vario 30\/60\u00b0 Reflector"},"content":{"rendered":"<p><span style=\"font-weight: 400;\">Variabler LED-Lichtstrahlreflektor 30\u00b0\/60\u00b0, konzipiert f\u00fcr LED-Leuchten<\/span><\/p>\n<p><span style=\"font-weight: 400;\">Der Reflektor ist ein grundlegender Lichtmodifikator, der unbedingt vorhanden sein muss. Es erm\u00f6glicht Ihnen, das Licht der Leuchte in eine bestimmte Richtung zu lenken und so eine Szene direkt zu beleuchten, es von einem Reflektor zu reflektieren oder es durch einen Weichmacher zu streuen.<\/span><\/p>\n<p><span style=\"font-weight: 400;\">Mit dem LED Booster Vario 30\/60\u00b0 Reflektor k\u00f6nnen Sie den Abstrahlwinkel anpassen. Sie k\u00f6nnen einen Lichtstrahl von 60\u00b0 erreichen (\u00e4hnlich wie beim LED-Booster-Reflektor) oder ihn auf 30\u00b0 verengen.<\/span><\/p>\n<p><span style=\"font-weight: 400;\">Er hat einen Durchmesser von 18 cm und eine Tiefe von 15 cm in der 60\u00b0-Stellung und einen Durchmesser von 24 cm und eine Tiefe von 30 cm in der 30\u00b0-Stellung.<\/span><\/p>\n<p><span style=\"font-weight: 400;\">Dieser Reflektor erm\u00f6glicht eine hochfokussierte Lichtsteuerung und konzentriert den zentralen Lichtstrahl. Der Abstrahlwinkel von 60\u00b0 ist ideal f\u00fcr mittlere und kurze Distanzen, w\u00e4hrend der Abstrahlwinkel von 30\u00b0 f\u00fcr eine noch pr\u00e4zisere Ausleuchtung der Szene sorgt.<\/span><\/p>\n<h3><b>Produktmerkmale:<\/b><\/h3>\n<ul>\n<li style=\"font-weight: 400;\" aria-level=\"1\"><span style=\"font-weight: 400;\">Konzipiert f\u00fcr LED-Leuchten, aber auch kompatibel mit Blitzger\u00e4ten.<\/span><\/li>\n<li style=\"font-weight: 400;\" aria-level=\"1\"><span style=\"font-weight: 400;\">Erzeugt scharfes und kontrastreiches Licht.<\/span><\/li>\n<li style=\"font-weight: 400;\" aria-level=\"1\"><span style=\"font-weight: 400;\">Einstellbarer Abstrahlwinkel: 30\u00b0 oder 60\u00b0.<\/span><\/li>\n<li style=\"font-weight: 400;\" aria-level=\"1\"><span style=\"font-weight: 400;\">Erm\u00f6glicht eine hochpr\u00e4zise Lichtlenkung auf ein ausgew\u00e4hltes Motiv.<\/span><\/li>\n<li style=\"font-weight: 400;\" aria-level=\"1\"><span style=\"font-weight: 400;\">In der 30\u00b0-Einstellung kann es mit einem optionalen Wabengitter (GlareOne PRO Reflector Grid Kit) verwendet werden.<\/span><\/li>\n<li style=\"font-weight: 400;\" aria-level=\"1\"><span style=\"font-weight: 400;\">In der 30\u00b0-Einstellung ist es mit Scheunentoren kompatibel (GlareOne PRO Barndoor Kit).<\/span><\/li>\n<li style=\"font-weight: 400;\" aria-level=\"1\"><span style=\"font-weight: 400;\">Vollst\u00e4ndig aus Aluminium gefertigte Konstruktion.<\/span><\/li>\n<li style=\"font-weight: 400;\" aria-level=\"1\"><span style=\"font-weight: 400;\">Bowens-Halterung f\u00fcr Kompatibilit\u00e4t mit verschiedenen Zubeh\u00f6rteilen.<\/span><\/li>\n<\/ul>\n","protected":false},"excerpt":{"rendered":"<p>Variabler LED-Lichtstrahlreflektor 30\u00b0\/60\u00b0, konzipiert f\u00fcr LED-Leuchten Der Reflektor ist ein grundlegender Lichtmodifikator, der unbedingt vorhanden sein muss. Es erm\u00f6glicht Ihnen, das Licht der Leuchte in eine bestimmte Richtung zu lenken und so eine Szene direkt zu beleuchten, es von einem Reflektor zu reflektieren oder es durch einen Weichmacher zu streuen. Mit dem LED Booster Vario [&hellip;]<\/p>\n","protected":false},"featured_media":15763,"template":"","meta":[],"product_brand":[],"product_cat":[489],"product_tag":[],"class_list":{"0":"post-15759","1":"product","2":"type-product","3":"status-publish","4":"has-post-thumbnail","6":"product_cat-reflectors-de","8":"first","9":"instock","10":"product-type-simple"},"yoast_head":"<!-- This site is optimized with the Yoast SEO plugin v27.2 - https:\/\/yoast.com\/product\/yoast-seo-wordpress\/ -->\n<title>GlareOne LED Booster Vario 30\/60\u00b0 Reflector<\/title>\n<meta name=\"robots\" content=\"index, follow, max-snippet:-1, max-image-preview:large, max-video-preview:-1\" \/>\n<link rel=\"canonical\" href=\"https:\/\/glareone.eu\/de\/product\/glareone-led-booster-vario-30-60-reflector\/\" \/>\n<meta property=\"og:locale\" content=\"de_DE\" \/>\n<meta property=\"og:type\" content=\"article\" \/>\n<meta property=\"og:title\" content=\"GlareOne PRO Reflector\" \/>\n<meta property=\"og:description\" content=\"Variabler LED-Lichtstrahlreflektor 30\u00b0\/60\u00b0, konzipiert f\u00fcr LED-Leuchten Der Reflektor ist ein grundlegender Lichtmodifikator, der unbedingt vorhanden sein muss. Es erm\u00f6glicht Ihnen, das Licht der Leuchte in eine bestimmte Richtung zu lenken und so eine Szene direkt zu beleuchten, es von einem Reflektor zu reflektieren oder es durch einen Weichmacher zu streuen. Mit dem LED Booster Vario [&hellip;]\" \/>\n<meta property=\"og:url\" content=\"https:\/\/glareone.eu\/de\/product\/glareone-led-booster-vario-30-60-reflector\/\" \/>\n<meta property=\"og:site_name\" content=\"GlareOne\" \/>\n<meta property=\"article:publisher\" content=\"https:\/\/www.facebook.com\/GlareOneLighting\" \/>\n<meta property=\"article:modified_time\" content=\"2025-04-14T12:19:23+00:00\" \/>\n<meta property=\"og:image\" content=\"https:\/\/glareone.eu\/wp-content\/uploads\/2025\/04\/SREFLEDBV_01.jpg\" \/>\n\t<meta property=\"og:image:width\" content=\"1200\" \/>\n\t<meta property=\"og:image:height\" content=\"1200\" \/>\n\t<meta property=\"og:image:type\" content=\"image\/jpeg\" \/>\n<meta name=\"twitter:card\" content=\"summary_large_image\" \/>\n<meta name=\"twitter:title\" content=\"GlareOne PRO Reflector\" \/>\n<meta name=\"twitter:label1\" content=\"Gesch\u00e4tzte Lesezeit\" \/>\n\t<meta name=\"twitter:data1\" content=\"1\u00a0Minute\" \/>\n<script type=\"application\/ld+json\" class=\"yoast-schema-graph\">{\"@context\":\"https:\/\/schema.org\",\"@graph\":[{\"@type\":\"WebPage\",\"@id\":\"https:\/\/glareone.eu\/de\/product\/glareone-led-booster-vario-30-60-reflector\/\",\"url\":\"https:\/\/glareone.eu\/de\/product\/glareone-led-booster-vario-30-60-reflector\/\",\"name\":\"GlareOne LED Booster Vario 30\/60\u00b0 Reflector\",\"isPartOf\":{\"@id\":\"https:\/\/glareone.eu\/de\/en\/#website\"},\"primaryImageOfPage\":{\"@id\":\"https:\/\/glareone.eu\/de\/product\/glareone-led-booster-vario-30-60-reflector\/#primaryimage\"},\"image\":{\"@id\":\"https:\/\/glareone.eu\/de\/product\/glareone-led-booster-vario-30-60-reflector\/#primaryimage\"},\"thumbnailUrl\":\"https:\/\/glareone.eu\/wp-content\/uploads\/2025\/04\/SREFLEDBV_01.jpg\",\"datePublished\":\"2025-04-14T12:12:22+00:00\",\"dateModified\":\"2025-04-14T12:19:23+00:00\",\"breadcrumb\":{\"@id\":\"https:\/\/glareone.eu\/de\/product\/glareone-led-booster-vario-30-60-reflector\/#breadcrumb\"},\"inLanguage\":\"de\",\"potentialAction\":[{\"@type\":\"ReadAction\",\"target\":[\"https:\/\/glareone.eu\/de\/product\/glareone-led-booster-vario-30-60-reflector\/\"]}]},{\"@type\":\"ImageObject\",\"inLanguage\":\"de\",\"@id\":\"https:\/\/glareone.eu\/de\/product\/glareone-led-booster-vario-30-60-reflector\/#primaryimage\",\"url\":\"https:\/\/glareone.eu\/wp-content\/uploads\/2025\/04\/SREFLEDBV_01.jpg\",\"contentUrl\":\"https:\/\/glareone.eu\/wp-content\/uploads\/2025\/04\/SREFLEDBV_01.jpg\",\"width\":1200,\"height\":1200},{\"@type\":\"BreadcrumbList\",\"@id\":\"https:\/\/glareone.eu\/de\/product\/glareone-led-booster-vario-30-60-reflector\/#breadcrumb\",\"itemListElement\":[{\"@type\":\"ListItem\",\"position\":1,\"name\":\"Strona g\u0142\u00f3wna\",\"item\":\"https:\/\/glareone.eu\/de\/\"},{\"@type\":\"ListItem\",\"position\":2,\"name\":\"Alle Produkte\",\"item\":\"https:\/\/glareone.eu\/de\/produkte\/alle-produkte\/\"},{\"@type\":\"ListItem\",\"position\":3,\"name\":\"GlareOne LED Booster Vario 30\/60\u00b0 Reflector\"}]},{\"@type\":\"WebSite\",\"@id\":\"https:\/\/glareone.eu\/de\/en\/#website\",\"url\":\"https:\/\/glareone.eu\/de\/en\/\",\"name\":\"GlareOne\",\"description\":\"Wyposa\u017cenie Studia\",\"publisher\":{\"@id\":\"https:\/\/glareone.eu\/de\/en\/#organization\"},\"potentialAction\":[{\"@type\":\"SearchAction\",\"target\":{\"@type\":\"EntryPoint\",\"urlTemplate\":\"https:\/\/glareone.eu\/de\/en\/?s={search_term_string}\"},\"query-input\":{\"@type\":\"PropertyValueSpecification\",\"valueRequired\":true,\"valueName\":\"search_term_string\"}}],\"inLanguage\":\"de\"},{\"@type\":\"Organization\",\"@id\":\"https:\/\/glareone.eu\/de\/en\/#organization\",\"name\":\"GlareOne\",\"url\":\"https:\/\/glareone.eu\/de\/en\/\",\"logo\":{\"@type\":\"ImageObject\",\"inLanguage\":\"de\",\"@id\":\"https:\/\/glareone.eu\/de\/en\/#\/schema\/logo\/image\/\",\"url\":\"http:\/\/glareone.eu\/wp-content\/uploads\/2024\/05\/glareone_logo2020_RGB-01-e1715773127189.png\",\"contentUrl\":\"http:\/\/glareone.eu\/wp-content\/uploads\/2024\/05\/glareone_logo2020_RGB-01-e1715773127189.png\",\"width\":1270,\"height\":321,\"caption\":\"GlareOne\"},\"image\":{\"@id\":\"https:\/\/glareone.eu\/de\/en\/#\/schema\/logo\/image\/\"},\"sameAs\":[\"https:\/\/www.facebook.com\/GlareOneLighting\",\"https:\/\/www.instagram.com\/glareonelighting\/\",\"https:\/\/www.youtube.com\/@GlareOneTV\"]}]}<\/script>\n<!-- \/ Yoast SEO plugin. -->","yoast_head_json":{"title":"GlareOne LED Booster Vario 30\/60\u00b0 Reflector","robots":{"index":"index","follow":"follow","max-snippet":"max-snippet:-1","max-image-preview":"max-image-preview:large","max-video-preview":"max-video-preview:-1"},"canonical":"https:\/\/glareone.eu\/de\/product\/glareone-led-booster-vario-30-60-reflector\/","og_locale":"de_DE","og_type":"article","og_title":"GlareOne PRO Reflector","og_description":"Variabler LED-Lichtstrahlreflektor 30\u00b0\/60\u00b0, konzipiert f\u00fcr LED-Leuchten Der Reflektor ist ein grundlegender Lichtmodifikator, der unbedingt vorhanden sein muss. Es erm\u00f6glicht Ihnen, das Licht der Leuchte in eine bestimmte Richtung zu lenken und so eine Szene direkt zu beleuchten, es von einem Reflektor zu reflektieren oder es durch einen Weichmacher zu streuen. Mit dem LED Booster Vario [&hellip;]","og_url":"https:\/\/glareone.eu\/de\/product\/glareone-led-booster-vario-30-60-reflector\/","og_site_name":"GlareOne","article_publisher":"https:\/\/www.facebook.com\/GlareOneLighting","article_modified_time":"2025-04-14T12:19:23+00:00","og_image":[{"width":1200,"height":1200,"url":"https:\/\/glareone.eu\/wp-content\/uploads\/2025\/04\/SREFLEDBV_01.jpg","type":"image\/jpeg"}],"twitter_card":"summary_large_image","twitter_title":"GlareOne PRO Reflector","twitter_misc":{"Gesch\u00e4tzte Lesezeit":"1\u00a0Minute"},"schema":{"@context":"https:\/\/schema.org","@graph":[{"@type":"WebPage","@id":"https:\/\/glareone.eu\/de\/product\/glareone-led-booster-vario-30-60-reflector\/","url":"https:\/\/glareone.eu\/de\/product\/glareone-led-booster-vario-30-60-reflector\/","name":"GlareOne LED Booster Vario 30\/60\u00b0 Reflector","isPartOf":{"@id":"https:\/\/glareone.eu\/de\/en\/#website"},"primaryImageOfPage":{"@id":"https:\/\/glareone.eu\/de\/product\/glareone-led-booster-vario-30-60-reflector\/#primaryimage"},"image":{"@id":"https:\/\/glareone.eu\/de\/product\/glareone-led-booster-vario-30-60-reflector\/#primaryimage"},"thumbnailUrl":"https:\/\/glareone.eu\/wp-content\/uploads\/2025\/04\/SREFLEDBV_01.jpg","datePublished":"2025-04-14T12:12:22+00:00","dateModified":"2025-04-14T12:19:23+00:00","breadcrumb":{"@id":"https:\/\/glareone.eu\/de\/product\/glareone-led-booster-vario-30-60-reflector\/#breadcrumb"},"inLanguage":"de","potentialAction":[{"@type":"ReadAction","target":["https:\/\/glareone.eu\/de\/product\/glareone-led-booster-vario-30-60-reflector\/"]}]},{"@type":"ImageObject","inLanguage":"de","@id":"https:\/\/glareone.eu\/de\/product\/glareone-led-booster-vario-30-60-reflector\/#primaryimage","url":"https:\/\/glareone.eu\/wp-content\/uploads\/2025\/04\/SREFLEDBV_01.jpg","contentUrl":"https:\/\/glareone.eu\/wp-content\/uploads\/2025\/04\/SREFLEDBV_01.jpg","width":1200,"height":1200},{"@type":"BreadcrumbList","@id":"https:\/\/glareone.eu\/de\/product\/glareone-led-booster-vario-30-60-reflector\/#breadcrumb","itemListElement":[{"@type":"ListItem","position":1,"name":"Strona g\u0142\u00f3wna","item":"https:\/\/glareone.eu\/de\/"},{"@type":"ListItem","position":2,"name":"Alle Produkte","item":"https:\/\/glareone.eu\/de\/produkte\/alle-produkte\/"},{"@type":"ListItem","position":3,"name":"GlareOne LED Booster Vario 30\/60\u00b0 Reflector"}]},{"@type":"WebSite","@id":"https:\/\/glareone.eu\/de\/en\/#website","url":"https:\/\/glareone.eu\/de\/en\/","name":"GlareOne","description":"Wyposa\u017cenie Studia","publisher":{"@id":"https:\/\/glareone.eu\/de\/en\/#organization"},"potentialAction":[{"@type":"SearchAction","target":{"@type":"EntryPoint","urlTemplate":"https:\/\/glareone.eu\/de\/en\/?s={search_term_string}"},"query-input":{"@type":"PropertyValueSpecification","valueRequired":true,"valueName":"search_term_string"}}],"inLanguage":"de"},{"@type":"Organization","@id":"https:\/\/glareone.eu\/de\/en\/#organization","name":"GlareOne","url":"https:\/\/glareone.eu\/de\/en\/","logo":{"@type":"ImageObject","inLanguage":"de","@id":"https:\/\/glareone.eu\/de\/en\/#\/schema\/logo\/image\/","url":"http:\/\/glareone.eu\/wp-content\/uploads\/2024\/05\/glareone_logo2020_RGB-01-e1715773127189.png","contentUrl":"http:\/\/glareone.eu\/wp-content\/uploads\/2024\/05\/glareone_logo2020_RGB-01-e1715773127189.png","width":1270,"height":321,"caption":"GlareOne"},"image":{"@id":"https:\/\/glareone.eu\/de\/en\/#\/schema\/logo\/image\/"},"sameAs":["https:\/\/www.facebook.com\/GlareOneLighting","https:\/\/www.instagram.com\/glareonelighting\/","https:\/\/www.youtube.com\/@GlareOneTV"]}]}},"_links":{"self":[{"href":"https:\/\/glareone.eu\/de\/wp-json\/wp\/v2\/product\/15759","targetHints":{"allow":["GET"]}}],"collection":[{"href":"https:\/\/glareone.eu\/de\/wp-json\/wp\/v2\/product"}],"about":[{"href":"https:\/\/glareone.eu\/de\/wp-json\/wp\/v2\/types\/product"}],"wp:featuredmedia":[{"embeddable":true,"href":"https:\/\/glareone.eu\/de\/wp-json\/wp\/v2\/media\/15763"}],"wp:attachment":[{"href":"https:\/\/glareone.eu\/de\/wp-json\/wp\/v2\/media?parent=15759"}],"wp:term":[{"taxonomy":"product_brand","embeddable":true,"href":"https:\/\/glareone.eu\/de\/wp-json\/wp\/v2\/product_brand?post=15759"},{"taxonomy":"product_cat","embeddable":true,"href":"https:\/\/glareone.eu\/de\/wp-json\/wp\/v2\/product_cat?post=15759"},{"taxonomy":"product_tag","embeddable":true,"href":"https:\/\/glareone.eu\/de\/wp-json\/wp\/v2\/product_tag?post=15759"}],"curies":[{"name":"wp","href":"https:\/\/api.w.org\/{rel}","templated":true}]}}