{"id":15084,"date":"2025-02-05T08:23:52","date_gmt":"2025-02-05T08:23:52","guid":{"rendered":"https:\/\/glareone.eu\/?post_type=product&#038;p=15084"},"modified":"2025-02-05T08:32:45","modified_gmt":"2025-02-05T08:32:45","slug":"glareone-softbox-octa-120-pro","status":"publish","type":"product","link":"https:\/\/glareone.eu\/de\/product\/glareone-softbox-octa-120-pro\/","title":{"rendered":"GlareOne Softbox Octa 120 PRO"},"content":{"rendered":"<p>Flache achteckige Softbox mit doppeltem Diffusor, Easy Fold II Schnellspannmechanismus und Tragetasche.<\/p>\n<h3>Einfach zu bedienen<\/h3>\n<p>Die Softbox basiert auf dem Rahmen des Easy Fold II, was ein schnelles und einfaches Auf- und Zuklappen erm\u00f6glicht. Dar\u00fcber hinaus ist sie mit Klettverschluss ausgestattet, um einen Wabenraster zu verwenden, was n\u00fctzlich ist, wenn Sie das Licht im Set mit gro\u00dfer Pr\u00e4zision kontrollieren m\u00fcssen.<\/p>\n<h3>Handlich<\/h3>\n<p>Die Form der Softbox ist so gestaltet, dass Sie das Set gleichm\u00e4\u00dfig ausleuchten k\u00f6nnen, w\u00e4hrend gleichzeitig ein einfaches Handling auch in einem kleinen Raum gew\u00e4hrleistet ist. Aufgrund ihrer flachen Form ist es sehr einfach, sie an einem Auslegerstativ aufzuh\u00e4ngen oder in engen R\u00e4umen zu verwenden. Die mitgelieferte Tragetasche erleichtert den Transport und die Aufbewahrung der Softbox.<\/p>\n<h3>Hochwertig<\/h3>\n<p>Der Bezug der Softbox besteht aus sehr leichtem, aber dennoch strapazierf\u00e4higem 300D-Ripstop-Nylon. Die Verwendung des Ripstop-Gewebes macht das Material rei\u00dffester, w\u00e4hrend das Gewicht relativ niedrig bleibt. Die Diffusoren bestehen aus demselben Material mit geringerer Dichte (190D). Der reflektierende Bildschirm ist auf das Bezugsmaterial laminiert, was eine lange Lebensdauer gew\u00e4hrleistet und die Lichttransmission reduziert. Alle Materialien wurden ausgew\u00e4hlt, um die Farbneutralit\u00e4t zu erhalten, damit die Softbox die Lichtqualit\u00e4t der Lampe nicht negativ beeinflusst. Der Befestigungsring und der Easy Fold II Mechanismus bestehen aus eloxiertem Aluminium, w\u00e4hrend die Rahmenstangen aus Stahl sind.<\/p>\n<h3>Produktmerkmale:<\/h3>\n<ul>\n<li>Ideal f\u00fcr Portr\u00e4tbeleuchtung<\/li>\n<li>Schnell und einfach einzurichten<\/li>\n<li>Hat einen doppelten abnehmbaren Diffusor<\/li>\n<li>Kann mit einem Wabenraster nachger\u00fcstet werden<\/li>\n<li>Hat ein flaches (sph\u00e4risches) Profil<\/li>\n<li>Besteht aus hochwertigen Materialien<\/li>\n<li>Wird in einer praktischen Tragetasche geliefert<\/li>\n<\/ul>\n","protected":false},"excerpt":{"rendered":"<p>Flache achteckige Softbox mit doppeltem Diffusor, Easy Fold II Schnellspannmechanismus und Tragetasche. Einfach zu bedienen Die Softbox basiert auf dem Rahmen des Easy Fold II, was ein schnelles und einfaches Auf- und Zuklappen erm\u00f6glicht. Dar\u00fcber hinaus ist sie mit Klettverschluss ausgestattet, um einen Wabenraster zu verwenden, was n\u00fctzlich ist, wenn Sie das Licht im Set [&hellip;]<\/p>\n","protected":false},"featured_media":15088,"template":"","meta":[],"product_brand":[],"product_cat":[367],"product_tag":[],"class_list":{"0":"post-15084","1":"product","2":"type-product","3":"status-publish","4":"has-post-thumbnail","6":"product_cat-pro-de","8":"first","9":"instock","10":"product-type-simple"},"yoast_head":"<!-- This site is optimized with the Yoast SEO plugin v27.2 - https:\/\/yoast.com\/product\/yoast-seo-wordpress\/ -->\n<title>GlareOne Softbox Octa 120 PRO<\/title>\n<meta name=\"description\" content=\"GlareOne Softbox Octa 120 PRO\" \/>\n<meta name=\"robots\" content=\"index, follow, max-snippet:-1, max-image-preview:large, max-video-preview:-1\" \/>\n<link rel=\"canonical\" href=\"https:\/\/glareone.eu\/de\/product\/glareone-softbox-octa-120-pro\/\" \/>\n<meta property=\"og:locale\" content=\"de_DE\" \/>\n<meta property=\"og:type\" content=\"article\" \/>\n<meta property=\"og:title\" content=\"GlareOne Softbox Hexa 120 PRO\" \/>\n<meta property=\"og:description\" content=\"GlareOne Softbox Octa 120 PRO\" \/>\n<meta property=\"og:url\" content=\"https:\/\/glareone.eu\/de\/product\/glareone-softbox-octa-120-pro\/\" \/>\n<meta property=\"og:site_name\" content=\"GlareOne\" \/>\n<meta property=\"article:publisher\" content=\"https:\/\/www.facebook.com\/GlareOneLighting\" \/>\n<meta property=\"article:modified_time\" content=\"2025-02-05T08:32:45+00:00\" \/>\n<meta property=\"og:image\" content=\"https:\/\/glareone.eu\/wp-content\/uploads\/2025\/02\/SOFTPRO120_01.jpg\" \/>\n\t<meta property=\"og:image:width\" content=\"1200\" \/>\n\t<meta property=\"og:image:height\" content=\"1200\" \/>\n\t<meta property=\"og:image:type\" content=\"image\/jpeg\" \/>\n<meta name=\"twitter:card\" content=\"summary_large_image\" \/>\n<meta name=\"twitter:title\" content=\"GlareOne Softbox Hexa 120 PRO\" \/>\n<meta name=\"twitter:label1\" content=\"Gesch\u00e4tzte Lesezeit\" \/>\n\t<meta name=\"twitter:data1\" content=\"2\u00a0Minuten\" \/>\n<script type=\"application\/ld+json\" class=\"yoast-schema-graph\">{\"@context\":\"https:\/\/schema.org\",\"@graph\":[{\"@type\":\"WebPage\",\"@id\":\"https:\/\/glareone.eu\/de\/product\/glareone-softbox-octa-120-pro\/\",\"url\":\"https:\/\/glareone.eu\/de\/product\/glareone-softbox-octa-120-pro\/\",\"name\":\"GlareOne Softbox Octa 120 PRO\",\"isPartOf\":{\"@id\":\"https:\/\/glareone.eu\/de\/en\/#website\"},\"primaryImageOfPage\":{\"@id\":\"https:\/\/glareone.eu\/de\/product\/glareone-softbox-octa-120-pro\/#primaryimage\"},\"image\":{\"@id\":\"https:\/\/glareone.eu\/de\/product\/glareone-softbox-octa-120-pro\/#primaryimage\"},\"thumbnailUrl\":\"https:\/\/glareone.eu\/wp-content\/uploads\/2025\/02\/SOFTPRO120_01.jpg\",\"datePublished\":\"2025-02-05T08:23:52+00:00\",\"dateModified\":\"2025-02-05T08:32:45+00:00\",\"description\":\"GlareOne Softbox Octa 120 PRO\",\"breadcrumb\":{\"@id\":\"https:\/\/glareone.eu\/de\/product\/glareone-softbox-octa-120-pro\/#breadcrumb\"},\"inLanguage\":\"de\",\"potentialAction\":[{\"@type\":\"ReadAction\",\"target\":[\"https:\/\/glareone.eu\/de\/product\/glareone-softbox-octa-120-pro\/\"]}]},{\"@type\":\"ImageObject\",\"inLanguage\":\"de\",\"@id\":\"https:\/\/glareone.eu\/de\/product\/glareone-softbox-octa-120-pro\/#primaryimage\",\"url\":\"https:\/\/glareone.eu\/wp-content\/uploads\/2025\/02\/SOFTPRO120_01.jpg\",\"contentUrl\":\"https:\/\/glareone.eu\/wp-content\/uploads\/2025\/02\/SOFTPRO120_01.jpg\",\"width\":1200,\"height\":1200},{\"@type\":\"BreadcrumbList\",\"@id\":\"https:\/\/glareone.eu\/de\/product\/glareone-softbox-octa-120-pro\/#breadcrumb\",\"itemListElement\":[{\"@type\":\"ListItem\",\"position\":1,\"name\":\"Strona g\u0142\u00f3wna\",\"item\":\"https:\/\/glareone.eu\/de\/\"},{\"@type\":\"ListItem\",\"position\":2,\"name\":\"Alle Produkte\",\"item\":\"https:\/\/glareone.eu\/de\/produkte\/alle-produkte\/\"},{\"@type\":\"ListItem\",\"position\":3,\"name\":\"GlareOne Softbox Octa 120 PRO\"}]},{\"@type\":\"WebSite\",\"@id\":\"https:\/\/glareone.eu\/de\/en\/#website\",\"url\":\"https:\/\/glareone.eu\/de\/en\/\",\"name\":\"GlareOne\",\"description\":\"Wyposa\u017cenie Studia\",\"publisher\":{\"@id\":\"https:\/\/glareone.eu\/de\/en\/#organization\"},\"potentialAction\":[{\"@type\":\"SearchAction\",\"target\":{\"@type\":\"EntryPoint\",\"urlTemplate\":\"https:\/\/glareone.eu\/de\/en\/?s={search_term_string}\"},\"query-input\":{\"@type\":\"PropertyValueSpecification\",\"valueRequired\":true,\"valueName\":\"search_term_string\"}}],\"inLanguage\":\"de\"},{\"@type\":\"Organization\",\"@id\":\"https:\/\/glareone.eu\/de\/en\/#organization\",\"name\":\"GlareOne\",\"url\":\"https:\/\/glareone.eu\/de\/en\/\",\"logo\":{\"@type\":\"ImageObject\",\"inLanguage\":\"de\",\"@id\":\"https:\/\/glareone.eu\/de\/en\/#\/schema\/logo\/image\/\",\"url\":\"http:\/\/glareone.eu\/wp-content\/uploads\/2024\/05\/glareone_logo2020_RGB-01-e1715773127189.png\",\"contentUrl\":\"http:\/\/glareone.eu\/wp-content\/uploads\/2024\/05\/glareone_logo2020_RGB-01-e1715773127189.png\",\"width\":1270,\"height\":321,\"caption\":\"GlareOne\"},\"image\":{\"@id\":\"https:\/\/glareone.eu\/de\/en\/#\/schema\/logo\/image\/\"},\"sameAs\":[\"https:\/\/www.facebook.com\/GlareOneLighting\",\"https:\/\/www.instagram.com\/glareonelighting\/\",\"https:\/\/www.youtube.com\/@GlareOneTV\"]}]}<\/script>\n<!-- \/ Yoast SEO plugin. -->","yoast_head_json":{"title":"GlareOne Softbox Octa 120 PRO","description":"GlareOne Softbox Octa 120 PRO","robots":{"index":"index","follow":"follow","max-snippet":"max-snippet:-1","max-image-preview":"max-image-preview:large","max-video-preview":"max-video-preview:-1"},"canonical":"https:\/\/glareone.eu\/de\/product\/glareone-softbox-octa-120-pro\/","og_locale":"de_DE","og_type":"article","og_title":"GlareOne Softbox Hexa 120 PRO","og_description":"GlareOne Softbox Octa 120 PRO","og_url":"https:\/\/glareone.eu\/de\/product\/glareone-softbox-octa-120-pro\/","og_site_name":"GlareOne","article_publisher":"https:\/\/www.facebook.com\/GlareOneLighting","article_modified_time":"2025-02-05T08:32:45+00:00","og_image":[{"width":1200,"height":1200,"url":"https:\/\/glareone.eu\/wp-content\/uploads\/2025\/02\/SOFTPRO120_01.jpg","type":"image\/jpeg"}],"twitter_card":"summary_large_image","twitter_title":"GlareOne Softbox Hexa 120 PRO","twitter_misc":{"Gesch\u00e4tzte Lesezeit":"2\u00a0Minuten"},"schema":{"@context":"https:\/\/schema.org","@graph":[{"@type":"WebPage","@id":"https:\/\/glareone.eu\/de\/product\/glareone-softbox-octa-120-pro\/","url":"https:\/\/glareone.eu\/de\/product\/glareone-softbox-octa-120-pro\/","name":"GlareOne Softbox Octa 120 PRO","isPartOf":{"@id":"https:\/\/glareone.eu\/de\/en\/#website"},"primaryImageOfPage":{"@id":"https:\/\/glareone.eu\/de\/product\/glareone-softbox-octa-120-pro\/#primaryimage"},"image":{"@id":"https:\/\/glareone.eu\/de\/product\/glareone-softbox-octa-120-pro\/#primaryimage"},"thumbnailUrl":"https:\/\/glareone.eu\/wp-content\/uploads\/2025\/02\/SOFTPRO120_01.jpg","datePublished":"2025-02-05T08:23:52+00:00","dateModified":"2025-02-05T08:32:45+00:00","description":"GlareOne Softbox Octa 120 PRO","breadcrumb":{"@id":"https:\/\/glareone.eu\/de\/product\/glareone-softbox-octa-120-pro\/#breadcrumb"},"inLanguage":"de","potentialAction":[{"@type":"ReadAction","target":["https:\/\/glareone.eu\/de\/product\/glareone-softbox-octa-120-pro\/"]}]},{"@type":"ImageObject","inLanguage":"de","@id":"https:\/\/glareone.eu\/de\/product\/glareone-softbox-octa-120-pro\/#primaryimage","url":"https:\/\/glareone.eu\/wp-content\/uploads\/2025\/02\/SOFTPRO120_01.jpg","contentUrl":"https:\/\/glareone.eu\/wp-content\/uploads\/2025\/02\/SOFTPRO120_01.jpg","width":1200,"height":1200},{"@type":"BreadcrumbList","@id":"https:\/\/glareone.eu\/de\/product\/glareone-softbox-octa-120-pro\/#breadcrumb","itemListElement":[{"@type":"ListItem","position":1,"name":"Strona g\u0142\u00f3wna","item":"https:\/\/glareone.eu\/de\/"},{"@type":"ListItem","position":2,"name":"Alle Produkte","item":"https:\/\/glareone.eu\/de\/produkte\/alle-produkte\/"},{"@type":"ListItem","position":3,"name":"GlareOne Softbox Octa 120 PRO"}]},{"@type":"WebSite","@id":"https:\/\/glareone.eu\/de\/en\/#website","url":"https:\/\/glareone.eu\/de\/en\/","name":"GlareOne","description":"Wyposa\u017cenie Studia","publisher":{"@id":"https:\/\/glareone.eu\/de\/en\/#organization"},"potentialAction":[{"@type":"SearchAction","target":{"@type":"EntryPoint","urlTemplate":"https:\/\/glareone.eu\/de\/en\/?s={search_term_string}"},"query-input":{"@type":"PropertyValueSpecification","valueRequired":true,"valueName":"search_term_string"}}],"inLanguage":"de"},{"@type":"Organization","@id":"https:\/\/glareone.eu\/de\/en\/#organization","name":"GlareOne","url":"https:\/\/glareone.eu\/de\/en\/","logo":{"@type":"ImageObject","inLanguage":"de","@id":"https:\/\/glareone.eu\/de\/en\/#\/schema\/logo\/image\/","url":"http:\/\/glareone.eu\/wp-content\/uploads\/2024\/05\/glareone_logo2020_RGB-01-e1715773127189.png","contentUrl":"http:\/\/glareone.eu\/wp-content\/uploads\/2024\/05\/glareone_logo2020_RGB-01-e1715773127189.png","width":1270,"height":321,"caption":"GlareOne"},"image":{"@id":"https:\/\/glareone.eu\/de\/en\/#\/schema\/logo\/image\/"},"sameAs":["https:\/\/www.facebook.com\/GlareOneLighting","https:\/\/www.instagram.com\/glareonelighting\/","https:\/\/www.youtube.com\/@GlareOneTV"]}]}},"_links":{"self":[{"href":"https:\/\/glareone.eu\/de\/wp-json\/wp\/v2\/product\/15084","targetHints":{"allow":["GET"]}}],"collection":[{"href":"https:\/\/glareone.eu\/de\/wp-json\/wp\/v2\/product"}],"about":[{"href":"https:\/\/glareone.eu\/de\/wp-json\/wp\/v2\/types\/product"}],"wp:featuredmedia":[{"embeddable":true,"href":"https:\/\/glareone.eu\/de\/wp-json\/wp\/v2\/media\/15088"}],"wp:attachment":[{"href":"https:\/\/glareone.eu\/de\/wp-json\/wp\/v2\/media?parent=15084"}],"wp:term":[{"taxonomy":"product_brand","embeddable":true,"href":"https:\/\/glareone.eu\/de\/wp-json\/wp\/v2\/product_brand?post=15084"},{"taxonomy":"product_cat","embeddable":true,"href":"https:\/\/glareone.eu\/de\/wp-json\/wp\/v2\/product_cat?post=15084"},{"taxonomy":"product_tag","embeddable":true,"href":"https:\/\/glareone.eu\/de\/wp-json\/wp\/v2\/product_tag?post=15084"}],"curies":[{"name":"wp","href":"https:\/\/api.w.org\/{rel}","templated":true}]}}