{"id":14220,"date":"2024-04-18T19:26:40","date_gmt":"2024-04-18T19:26:40","guid":{"rendered":"https:\/\/glareone.eu\/?post_type=product&#038;p=14220"},"modified":"2026-01-21T11:43:06","modified_gmt":"2026-01-21T11:43:06","slug":"glareone-polaris","status":"publish","type":"product","link":"https:\/\/glareone.eu\/de\/product\/glareone-polaris\/","title":{"rendered":"GlareOne Polaris"},"content":{"rendered":"<p>Der GlareOne Polaris ist ein kabelloser Controller und Ausl\u00f6ser f\u00fcr GlareOne-Blitze, ausgestattet mit einem gro\u00dfen Farbdisplay und speziellen Tasten zur Steuerung einzelner Lichtgruppen. Dies sorgt f\u00fcr eine bequeme und schnelle Verwaltung der Beleuchtung. Er unterst\u00fctzt High-Speed-Synchronisation (HSS) bis zu 1\/8000 Sekunden und bietet TTL-Funktionalit\u00e4t.<\/p>\n<p style=\"margin: 1cm 4cm;\">\n<div class='avia-iframe-wrap'><iframe loading=\"lazy\" title=\"GlareOne Polaris i Polaris S - prezentacja nadajnika\" width=\"1500\" height=\"844\" src=\"https:\/\/www.youtube.com\/embed\/CpHgo3qFi68?feature=oembed\" frameborder=\"0\" allow=\"accelerometer; autoplay; clipboard-write; encrypted-media; gyroscope; picture-in-picture; web-share\" referrerpolicy=\"strict-origin-when-cross-origin\" allowfullscreen><\/iframe><\/div>\n<\/p>\n<h3>Reichweite und Kommunikation<\/h3>\n<p>Der Sender arbeitet auf einer Funkfrequenz von 2,4 GHz und erm\u00f6glicht eine stabile Kommunikation mit Blitzen in einem Radius von 100 Metern. Er unterst\u00fctzt 6 Gruppen und 32 Kommunikationskan\u00e4le und gew\u00e4hrleistet eine pr\u00e4zise und zuverl\u00e4ssige Steuerung mehrerer Lichtquellen.<\/p>\n<h3>Kompatibilit\u00e4t und Stromversorgung<\/h3>\n<p>Der GlareOne Polaris ist kompatibel mit Canon-, Nikon-, Fujifilm-, Lumix- und OM SYSTEM-Kameras. Das Ger\u00e4t wird von einem wiederaufladbaren Akku betrieben und \u00fcber ein USB-C-Kabel aufgeladen, was eine lange Betriebsdauer und schnelles Aufladen erm\u00f6glicht.<\/p>\n<h3>HSS und TTL<\/h3>\n<p>Der Polaris unterst\u00fctzt High-Speed-Synchronisation (HSS) bis zu 1\/8000 Sekunden sowie TTL, wodurch pr\u00e4zise und automatische Anpassungen der Blitzleistung an die Lichtverh\u00e4ltnisse erm\u00f6glicht werden.<\/p>\n<h3>Bluetooth-Konnektivit\u00e4t und GlareOne-App<\/h3>\n<p>Dank der integrierten Bluetooth-Konnektivit\u00e4t kann der GlareOne Polaris \u00fcber die GlareOne-App ferngesteuert werden, was Komfort und Flexibilit\u00e4t weiter erh\u00f6ht.<\/p>\n<h3>Eigenschaften des GlareOne Polaris:<\/h3>\n<ul>\n<li>Transmitter-Funktionalit\u00e4t<\/li>\n<li>Gro\u00dfes Farbdisplay<\/li>\n<li>Spezielle physische Schnellzugriffstasten f\u00fcr 4 Lichtgruppen<\/li>\n<li>Reichweite bis zu 100 Meter<\/li>\n<li>6 Gruppen \/ 32 Kommunikationskan\u00e4le<\/li>\n<li>Funktioniert mit den Lampen Vega, Antares, Apus, Botis<\/li>\n<li>Betrieb mit einem wiederaufladbaren Akku<\/li>\n<li>Ausgestattet mit einem USB-C-Ladeanschluss<\/li>\n<li>Kompatibel mit Sony- oder Canon \/ Nikon \/ Fujifilm \/ Lumix \/ OM SYSTEM-Kameras<\/li>\n<li>High-Speed-Synchronisation (HSS) bis zu 1\/8000 Sekunden<\/li>\n<li>TTL-Unterst\u00fctzung<\/li>\n<li>Bluetooth-Konnektivit\u00e4t<\/li>\n<li>Integration in die GlareOne-App<\/li>\n<\/ul>\n<h3>Lieferumfang:<\/h3>\n<p>1x Sender<br \/>\n1x Bedienungsanleitung<\/p>\n","protected":false},"excerpt":{"rendered":"<p>Der GlareOne Polaris ist ein kabelloser Controller und Ausl\u00f6ser f\u00fcr GlareOne-Blitze, ausgestattet mit einem gro\u00dfen Farbdisplay und speziellen Tasten zur Steuerung einzelner Lichtgruppen. Dies sorgt f\u00fcr eine bequeme und schnelle Verwaltung der Beleuchtung. Er unterst\u00fctzt High-Speed-Synchronisation (HSS) bis zu 1\/8000 Sekunden und bietet TTL-Funktionalit\u00e4t. Reichweite und Kommunikation Der Sender arbeitet auf einer Funkfrequenz von 2,4 [&hellip;]<\/p>\n","protected":false},"featured_media":14193,"template":"","meta":[],"product_brand":[],"product_cat":[525],"product_tag":[],"class_list":{"0":"post-14220","1":"product","2":"type-product","3":"status-publish","4":"has-post-thumbnail","6":"product_cat-batterieblitze","8":"first","9":"instock","10":"product-type-simple"},"yoast_head":"<!-- This site is optimized with the Yoast SEO plugin v27.2 - https:\/\/yoast.com\/product\/yoast-seo-wordpress\/ -->\n<title>GlareOne Polaris<\/title>\n<meta name=\"description\" content=\"GlareOne Polaris\" \/>\n<meta name=\"robots\" content=\"index, follow, max-snippet:-1, max-image-preview:large, max-video-preview:-1\" \/>\n<link rel=\"canonical\" href=\"https:\/\/glareone.eu\/de\/product\/glareone-polaris\/\" \/>\n<meta property=\"og:locale\" content=\"de_DE\" \/>\n<meta property=\"og:type\" content=\"article\" \/>\n<meta property=\"og:title\" content=\"GlareOne Polaris \u2013 wyzwalacz radiowy\" \/>\n<meta property=\"og:description\" content=\"GlareOne Polaris\" \/>\n<meta property=\"og:url\" content=\"https:\/\/glareone.eu\/de\/product\/glareone-polaris\/\" \/>\n<meta property=\"og:site_name\" content=\"GlareOne\" \/>\n<meta property=\"article:publisher\" content=\"https:\/\/www.facebook.com\/GlareOneLighting\" \/>\n<meta property=\"article:modified_time\" content=\"2026-01-21T11:43:06+00:00\" \/>\n<meta property=\"og:image\" content=\"https:\/\/glareone.eu\/wp-content\/uploads\/2024\/04\/SOPOLARIS_01.jpg\" \/>\n\t<meta property=\"og:image:width\" content=\"1200\" \/>\n\t<meta property=\"og:image:height\" content=\"1200\" \/>\n\t<meta property=\"og:image:type\" content=\"image\/jpeg\" \/>\n<meta name=\"twitter:card\" content=\"summary_large_image\" \/>\n<meta name=\"twitter:title\" content=\"GlareOne Polaris \u2013 wyzwalacz radiowy\" \/>\n<meta name=\"twitter:label1\" content=\"Gesch\u00e4tzte Lesezeit\" \/>\n\t<meta name=\"twitter:data1\" content=\"2\u00a0Minuten\" \/>\n<script type=\"application\/ld+json\" class=\"yoast-schema-graph\">{\"@context\":\"https:\/\/schema.org\",\"@graph\":[{\"@type\":\"WebPage\",\"@id\":\"https:\/\/glareone.eu\/de\/product\/glareone-polaris\/\",\"url\":\"https:\/\/glareone.eu\/de\/product\/glareone-polaris\/\",\"name\":\"GlareOne Polaris\",\"isPartOf\":{\"@id\":\"https:\/\/glareone.eu\/de\/en\/#website\"},\"primaryImageOfPage\":{\"@id\":\"https:\/\/glareone.eu\/de\/product\/glareone-polaris\/#primaryimage\"},\"image\":{\"@id\":\"https:\/\/glareone.eu\/de\/product\/glareone-polaris\/#primaryimage\"},\"thumbnailUrl\":\"https:\/\/glareone.eu\/wp-content\/uploads\/2024\/04\/SOPOLARIS_01.jpg\",\"datePublished\":\"2024-04-18T19:26:40+00:00\",\"dateModified\":\"2026-01-21T11:43:06+00:00\",\"description\":\"GlareOne Polaris\",\"breadcrumb\":{\"@id\":\"https:\/\/glareone.eu\/de\/product\/glareone-polaris\/#breadcrumb\"},\"inLanguage\":\"de\",\"potentialAction\":[{\"@type\":\"ReadAction\",\"target\":[\"https:\/\/glareone.eu\/de\/product\/glareone-polaris\/\"]}]},{\"@type\":\"ImageObject\",\"inLanguage\":\"de\",\"@id\":\"https:\/\/glareone.eu\/de\/product\/glareone-polaris\/#primaryimage\",\"url\":\"https:\/\/glareone.eu\/wp-content\/uploads\/2024\/04\/SOPOLARIS_01.jpg\",\"contentUrl\":\"https:\/\/glareone.eu\/wp-content\/uploads\/2024\/04\/SOPOLARIS_01.jpg\",\"width\":1200,\"height\":1200},{\"@type\":\"BreadcrumbList\",\"@id\":\"https:\/\/glareone.eu\/de\/product\/glareone-polaris\/#breadcrumb\",\"itemListElement\":[{\"@type\":\"ListItem\",\"position\":1,\"name\":\"Strona g\u0142\u00f3wna\",\"item\":\"https:\/\/glareone.eu\/de\/\"},{\"@type\":\"ListItem\",\"position\":2,\"name\":\"Alle Produkte\",\"item\":\"https:\/\/glareone.eu\/de\/produkte\/alle-produkte\/\"},{\"@type\":\"ListItem\",\"position\":3,\"name\":\"GlareOne Polaris\"}]},{\"@type\":\"WebSite\",\"@id\":\"https:\/\/glareone.eu\/de\/en\/#website\",\"url\":\"https:\/\/glareone.eu\/de\/en\/\",\"name\":\"GlareOne\",\"description\":\"Wyposa\u017cenie Studia\",\"publisher\":{\"@id\":\"https:\/\/glareone.eu\/de\/en\/#organization\"},\"potentialAction\":[{\"@type\":\"SearchAction\",\"target\":{\"@type\":\"EntryPoint\",\"urlTemplate\":\"https:\/\/glareone.eu\/de\/en\/?s={search_term_string}\"},\"query-input\":{\"@type\":\"PropertyValueSpecification\",\"valueRequired\":true,\"valueName\":\"search_term_string\"}}],\"inLanguage\":\"de\"},{\"@type\":\"Organization\",\"@id\":\"https:\/\/glareone.eu\/de\/en\/#organization\",\"name\":\"GlareOne\",\"url\":\"https:\/\/glareone.eu\/de\/en\/\",\"logo\":{\"@type\":\"ImageObject\",\"inLanguage\":\"de\",\"@id\":\"https:\/\/glareone.eu\/de\/en\/#\/schema\/logo\/image\/\",\"url\":\"http:\/\/glareone.eu\/wp-content\/uploads\/2024\/05\/glareone_logo2020_RGB-01-e1715773127189.png\",\"contentUrl\":\"http:\/\/glareone.eu\/wp-content\/uploads\/2024\/05\/glareone_logo2020_RGB-01-e1715773127189.png\",\"width\":1270,\"height\":321,\"caption\":\"GlareOne\"},\"image\":{\"@id\":\"https:\/\/glareone.eu\/de\/en\/#\/schema\/logo\/image\/\"},\"sameAs\":[\"https:\/\/www.facebook.com\/GlareOneLighting\",\"https:\/\/www.instagram.com\/glareonelighting\/\",\"https:\/\/www.youtube.com\/@GlareOneTV\"]}]}<\/script>\n<!-- \/ Yoast SEO plugin. -->","yoast_head_json":{"title":"GlareOne Polaris","description":"GlareOne Polaris","robots":{"index":"index","follow":"follow","max-snippet":"max-snippet:-1","max-image-preview":"max-image-preview:large","max-video-preview":"max-video-preview:-1"},"canonical":"https:\/\/glareone.eu\/de\/product\/glareone-polaris\/","og_locale":"de_DE","og_type":"article","og_title":"GlareOne Polaris \u2013 wyzwalacz radiowy","og_description":"GlareOne Polaris","og_url":"https:\/\/glareone.eu\/de\/product\/glareone-polaris\/","og_site_name":"GlareOne","article_publisher":"https:\/\/www.facebook.com\/GlareOneLighting","article_modified_time":"2026-01-21T11:43:06+00:00","og_image":[{"width":1200,"height":1200,"url":"https:\/\/glareone.eu\/wp-content\/uploads\/2024\/04\/SOPOLARIS_01.jpg","type":"image\/jpeg"}],"twitter_card":"summary_large_image","twitter_title":"GlareOne Polaris \u2013 wyzwalacz radiowy","twitter_misc":{"Gesch\u00e4tzte Lesezeit":"2\u00a0Minuten"},"schema":{"@context":"https:\/\/schema.org","@graph":[{"@type":"WebPage","@id":"https:\/\/glareone.eu\/de\/product\/glareone-polaris\/","url":"https:\/\/glareone.eu\/de\/product\/glareone-polaris\/","name":"GlareOne Polaris","isPartOf":{"@id":"https:\/\/glareone.eu\/de\/en\/#website"},"primaryImageOfPage":{"@id":"https:\/\/glareone.eu\/de\/product\/glareone-polaris\/#primaryimage"},"image":{"@id":"https:\/\/glareone.eu\/de\/product\/glareone-polaris\/#primaryimage"},"thumbnailUrl":"https:\/\/glareone.eu\/wp-content\/uploads\/2024\/04\/SOPOLARIS_01.jpg","datePublished":"2024-04-18T19:26:40+00:00","dateModified":"2026-01-21T11:43:06+00:00","description":"GlareOne Polaris","breadcrumb":{"@id":"https:\/\/glareone.eu\/de\/product\/glareone-polaris\/#breadcrumb"},"inLanguage":"de","potentialAction":[{"@type":"ReadAction","target":["https:\/\/glareone.eu\/de\/product\/glareone-polaris\/"]}]},{"@type":"ImageObject","inLanguage":"de","@id":"https:\/\/glareone.eu\/de\/product\/glareone-polaris\/#primaryimage","url":"https:\/\/glareone.eu\/wp-content\/uploads\/2024\/04\/SOPOLARIS_01.jpg","contentUrl":"https:\/\/glareone.eu\/wp-content\/uploads\/2024\/04\/SOPOLARIS_01.jpg","width":1200,"height":1200},{"@type":"BreadcrumbList","@id":"https:\/\/glareone.eu\/de\/product\/glareone-polaris\/#breadcrumb","itemListElement":[{"@type":"ListItem","position":1,"name":"Strona g\u0142\u00f3wna","item":"https:\/\/glareone.eu\/de\/"},{"@type":"ListItem","position":2,"name":"Alle Produkte","item":"https:\/\/glareone.eu\/de\/produkte\/alle-produkte\/"},{"@type":"ListItem","position":3,"name":"GlareOne Polaris"}]},{"@type":"WebSite","@id":"https:\/\/glareone.eu\/de\/en\/#website","url":"https:\/\/glareone.eu\/de\/en\/","name":"GlareOne","description":"Wyposa\u017cenie Studia","publisher":{"@id":"https:\/\/glareone.eu\/de\/en\/#organization"},"potentialAction":[{"@type":"SearchAction","target":{"@type":"EntryPoint","urlTemplate":"https:\/\/glareone.eu\/de\/en\/?s={search_term_string}"},"query-input":{"@type":"PropertyValueSpecification","valueRequired":true,"valueName":"search_term_string"}}],"inLanguage":"de"},{"@type":"Organization","@id":"https:\/\/glareone.eu\/de\/en\/#organization","name":"GlareOne","url":"https:\/\/glareone.eu\/de\/en\/","logo":{"@type":"ImageObject","inLanguage":"de","@id":"https:\/\/glareone.eu\/de\/en\/#\/schema\/logo\/image\/","url":"http:\/\/glareone.eu\/wp-content\/uploads\/2024\/05\/glareone_logo2020_RGB-01-e1715773127189.png","contentUrl":"http:\/\/glareone.eu\/wp-content\/uploads\/2024\/05\/glareone_logo2020_RGB-01-e1715773127189.png","width":1270,"height":321,"caption":"GlareOne"},"image":{"@id":"https:\/\/glareone.eu\/de\/en\/#\/schema\/logo\/image\/"},"sameAs":["https:\/\/www.facebook.com\/GlareOneLighting","https:\/\/www.instagram.com\/glareonelighting\/","https:\/\/www.youtube.com\/@GlareOneTV"]}]}},"_links":{"self":[{"href":"https:\/\/glareone.eu\/de\/wp-json\/wp\/v2\/product\/14220","targetHints":{"allow":["GET"]}}],"collection":[{"href":"https:\/\/glareone.eu\/de\/wp-json\/wp\/v2\/product"}],"about":[{"href":"https:\/\/glareone.eu\/de\/wp-json\/wp\/v2\/types\/product"}],"wp:featuredmedia":[{"embeddable":true,"href":"https:\/\/glareone.eu\/de\/wp-json\/wp\/v2\/media\/14193"}],"wp:attachment":[{"href":"https:\/\/glareone.eu\/de\/wp-json\/wp\/v2\/media?parent=14220"}],"wp:term":[{"taxonomy":"product_brand","embeddable":true,"href":"https:\/\/glareone.eu\/de\/wp-json\/wp\/v2\/product_brand?post=14220"},{"taxonomy":"product_cat","embeddable":true,"href":"https:\/\/glareone.eu\/de\/wp-json\/wp\/v2\/product_cat?post=14220"},{"taxonomy":"product_tag","embeddable":true,"href":"https:\/\/glareone.eu\/de\/wp-json\/wp\/v2\/product_tag?post=14220"}],"curies":[{"name":"wp","href":"https:\/\/api.w.org\/{rel}","templated":true}]}}